{"id":190097,"date":"2022-06-22T10:07:19","date_gmt":"2022-06-22T08:07:19","guid":{"rendered":"https:\/\/www.homewizard.com\/postes-vacants\/"},"modified":"2023-06-14T16:08:51","modified_gmt":"2023-06-14T14:08:51","slug":"jobs","status":"publish","type":"page","link":"https:\/\/www.homewizard.com\/fr-be\/jobs\/","title":{"rendered":"Poste vacants"},"content":{"rendered":"\n<div class=\"contained_page wp-block-group eplus-wrapper\"><div class=\"wp-block-group__inner-container is-layout-flow wp-block-group-is-layout-flow\"><h2 class=\"eplus-wrapper wp-block-heading eplus-styles-uid-4236b7\">Travailler chez HomeWizard<\/h2>\n\n\n<p class=\" eplus-wrapper\">Vous aimez la technologie, la durabilit\u00e9 et aimez travailler en \u00e9quipe ? Nous recherchons des ing\u00e9nieurs cloud, des ing\u00e9nieurs en mat\u00e9riel int\u00e9gr\u00e9, des sp\u00e9cialistes du marketing, des community managers, des employ\u00e9s de support, des dipl\u00f4m\u00e9s et des stagiaires enthousiastes pour renforcer notre \u00e9quipe Energy ! Nous nous r\u00e9jouissons de vous accueillir dans notre entreprise en pleine croissance \u00e0 Noordwijk (r\u00e9gion de Leiden). Sympa non ? Nous serons ravie de recevoir un e-mail avec votre CV et vos motivations \u00e0 jobs@homewizard.com .<\/p>\n<\/div><\/div>\n","protected":false},"excerpt":{"rendered":"<p>Travailler chez HomeWizard Vous aimez la technologie, la durabilit\u00e9 et aimez travailler en \u00e9quipe ? Nous recherchons des ing\u00e9nieurs cloud, des ing\u00e9nieurs en mat\u00e9riel int\u00e9gr\u00e9, des sp\u00e9cialistes du marketing, des community managers, des employ\u00e9s de support, des dipl\u00f4m\u00e9s et des stagiaires enthousiastes pour renforcer notre \u00e9quipe Energy ! Nous nous r\u00e9jouissons de vous accueillir dans&hellip;<\/p>\n","protected":false},"author":1,"featured_media":0,"parent":0,"menu_order":0,"comment_status":"closed","ping_status":"closed","template":"","meta":{"_acf_changed":false,"editor_plus_copied_stylings":"{}","footnotes":""},"class_list":["post-190097","page","type-page","status-publish","hentry"],"acf":[],"yoast_head":"<!-- This site is optimized with the Yoast SEO plugin v27.0 - https:\/\/yoast.com\/product\/yoast-seo-wordpress\/ -->\n<title>Vous souhaitez nous rejoindre? Emplois - HomeWizard<\/title>\n<meta name=\"description\" content=\"Fan de HomeWizard ? Venez travailler avec nous! D\u00e9couvrez nos offres d&#039;emploi sur cette page. A bient\u00f4t ?\" \/>\n<meta name=\"robots\" content=\"index, follow, max-snippet:-1, max-image-preview:large, max-video-preview:-1\" \/>\n<link rel=\"canonical\" href=\"https:\/\/www.homewizard.com\/fr-be\/jobs\/\" \/>\n<meta property=\"og:locale\" content=\"fr_FR\" \/>\n<meta property=\"og:type\" content=\"article\" \/>\n<meta property=\"og:title\" content=\"Vous souhaitez nous rejoindre? Emplois - HomeWizard\" \/>\n<meta property=\"og:description\" content=\"Fan de HomeWizard ? Venez travailler avec nous! D\u00e9couvrez nos offres d&#039;emploi sur cette page. A bient\u00f4t ?\" \/>\n<meta property=\"og:url\" content=\"https:\/\/www.homewizard.com\/fr-be\/jobs\/\" \/>\n<meta property=\"og:site_name\" content=\"HomeWizard\" \/>\n<meta property=\"article:publisher\" content=\"https:\/\/www.facebook.com\/HomeWizardBV\/\" \/>\n<meta property=\"article:modified_time\" content=\"2023-06-14T14:08:51+00:00\" \/>\n<meta name=\"twitter:card\" content=\"summary_large_image\" \/>\n<meta name=\"twitter:site\" content=\"@HomeWizard_NL\" \/>\n<meta name=\"twitter:label1\" content=\"Dur\u00e9e de lecture est.\" \/>\n\t<meta name=\"twitter:data1\" content=\"1 minute\" \/>\n<script type=\"application\/ld+json\" class=\"yoast-schema-graph\">{\"@context\":\"https:\/\/schema.org\",\"@graph\":[{\"@type\":\"WebPage\",\"@id\":\"https:\/\/www.homewizard.com\/fr-be\/jobs\/\",\"url\":\"https:\/\/www.homewizard.com\/fr-be\/jobs\/\",\"name\":\"Vous souhaitez nous rejoindre? Emplois - HomeWizard\",\"isPartOf\":{\"@id\":\"https:\/\/www.homewizard.com\/fr-be\/#website\"},\"datePublished\":\"2022-06-22T08:07:19+00:00\",\"dateModified\":\"2023-06-14T14:08:51+00:00\",\"description\":\"Fan de HomeWizard ? Venez travailler avec nous! D\u00e9couvrez nos offres d'emploi sur cette page. A bient\u00f4t ?\",\"breadcrumb\":{\"@id\":\"https:\/\/www.homewizard.com\/fr-be\/jobs\/#breadcrumb\"},\"inLanguage\":\"fr-BE\",\"potentialAction\":[{\"@type\":\"ReadAction\",\"target\":[\"https:\/\/www.homewizard.com\/fr-be\/jobs\/\"]}]},{\"@type\":\"BreadcrumbList\",\"@id\":\"https:\/\/www.homewizard.com\/fr-be\/jobs\/#breadcrumb\",\"itemListElement\":[{\"@type\":\"ListItem\",\"position\":1,\"name\":\"Home\",\"item\":\"https:\/\/www.homewizard.com\/fr-be\/\"},{\"@type\":\"ListItem\",\"position\":2,\"name\":\"Poste vacants\"}]},{\"@type\":\"WebSite\",\"@id\":\"https:\/\/www.homewizard.com\/fr-be\/#website\",\"url\":\"https:\/\/www.homewizard.com\/fr-be\/\",\"name\":\"HomeWizard\",\"description\":\"HomeWizard Energy\",\"publisher\":{\"@id\":\"https:\/\/www.homewizard.com\/fr-be\/#organization\"},\"potentialAction\":[{\"@type\":\"SearchAction\",\"target\":{\"@type\":\"EntryPoint\",\"urlTemplate\":\"https:\/\/www.homewizard.com\/fr-be\/?s={search_term_string}\"},\"query-input\":{\"@type\":\"PropertyValueSpecification\",\"valueRequired\":true,\"valueName\":\"search_term_string\"}}],\"inLanguage\":\"fr-BE\"},{\"@type\":\"Organization\",\"@id\":\"https:\/\/www.homewizard.com\/fr-be\/#organization\",\"name\":\"HomeWizard\",\"url\":\"https:\/\/www.homewizard.com\/fr-be\/\",\"logo\":{\"@type\":\"ImageObject\",\"inLanguage\":\"fr-BE\",\"@id\":\"https:\/\/www.homewizard.com\/fr-be\/#\/schema\/logo\/image\/\",\"url\":\"https:\/\/www.homewizard.com\/wp-content\/uploads\/2023\/06\/HomeWizard-icon-on-black.png\",\"contentUrl\":\"https:\/\/www.homewizard.com\/wp-content\/uploads\/2023\/06\/HomeWizard-icon-on-black.png\",\"width\":500,\"height\":500,\"caption\":\"HomeWizard\"},\"image\":{\"@id\":\"https:\/\/www.homewizard.com\/fr-be\/#\/schema\/logo\/image\/\"},\"sameAs\":[\"https:\/\/www.facebook.com\/HomeWizardBV\/\",\"https:\/\/x.com\/HomeWizard_NL\",\"https:\/\/www.youtube.com\/HomeWizardBV\",\"https:\/\/www.instagram.com\/homewizardenergy\/\"]}]}<\/script>\n<!-- \/ Yoast SEO plugin. -->","yoast_head_json":{"title":"Vous souhaitez nous rejoindre? Emplois - HomeWizard","description":"Fan de HomeWizard ? Venez travailler avec nous! D\u00e9couvrez nos offres d'emploi sur cette page. A bient\u00f4t ?","robots":{"index":"index","follow":"follow","max-snippet":"max-snippet:-1","max-image-preview":"max-image-preview:large","max-video-preview":"max-video-preview:-1"},"canonical":"https:\/\/www.homewizard.com\/fr-be\/jobs\/","og_locale":"fr_FR","og_type":"article","og_title":"Vous souhaitez nous rejoindre? Emplois - HomeWizard","og_description":"Fan de HomeWizard ? Venez travailler avec nous! D\u00e9couvrez nos offres d'emploi sur cette page. A bient\u00f4t ?","og_url":"https:\/\/www.homewizard.com\/fr-be\/jobs\/","og_site_name":"HomeWizard","article_publisher":"https:\/\/www.facebook.com\/HomeWizardBV\/","article_modified_time":"2023-06-14T14:08:51+00:00","twitter_card":"summary_large_image","twitter_site":"@HomeWizard_NL","twitter_misc":{"Dur\u00e9e de lecture est.":"1 minute"},"schema":{"@context":"https:\/\/schema.org","@graph":[{"@type":"WebPage","@id":"https:\/\/www.homewizard.com\/fr-be\/jobs\/","url":"https:\/\/www.homewizard.com\/fr-be\/jobs\/","name":"Vous souhaitez nous rejoindre? Emplois - HomeWizard","isPartOf":{"@id":"https:\/\/www.homewizard.com\/fr-be\/#website"},"datePublished":"2022-06-22T08:07:19+00:00","dateModified":"2023-06-14T14:08:51+00:00","description":"Fan de HomeWizard ? Venez travailler avec nous! D\u00e9couvrez nos offres d'emploi sur cette page. A bient\u00f4t ?","breadcrumb":{"@id":"https:\/\/www.homewizard.com\/fr-be\/jobs\/#breadcrumb"},"inLanguage":"fr-BE","potentialAction":[{"@type":"ReadAction","target":["https:\/\/www.homewizard.com\/fr-be\/jobs\/"]}]},{"@type":"BreadcrumbList","@id":"https:\/\/www.homewizard.com\/fr-be\/jobs\/#breadcrumb","itemListElement":[{"@type":"ListItem","position":1,"name":"Home","item":"https:\/\/www.homewizard.com\/fr-be\/"},{"@type":"ListItem","position":2,"name":"Poste vacants"}]},{"@type":"WebSite","@id":"https:\/\/www.homewizard.com\/fr-be\/#website","url":"https:\/\/www.homewizard.com\/fr-be\/","name":"HomeWizard","description":"HomeWizard Energy","publisher":{"@id":"https:\/\/www.homewizard.com\/fr-be\/#organization"},"potentialAction":[{"@type":"SearchAction","target":{"@type":"EntryPoint","urlTemplate":"https:\/\/www.homewizard.com\/fr-be\/?s={search_term_string}"},"query-input":{"@type":"PropertyValueSpecification","valueRequired":true,"valueName":"search_term_string"}}],"inLanguage":"fr-BE"},{"@type":"Organization","@id":"https:\/\/www.homewizard.com\/fr-be\/#organization","name":"HomeWizard","url":"https:\/\/www.homewizard.com\/fr-be\/","logo":{"@type":"ImageObject","inLanguage":"fr-BE","@id":"https:\/\/www.homewizard.com\/fr-be\/#\/schema\/logo\/image\/","url":"https:\/\/www.homewizard.com\/wp-content\/uploads\/2023\/06\/HomeWizard-icon-on-black.png","contentUrl":"https:\/\/www.homewizard.com\/wp-content\/uploads\/2023\/06\/HomeWizard-icon-on-black.png","width":500,"height":500,"caption":"HomeWizard"},"image":{"@id":"https:\/\/www.homewizard.com\/fr-be\/#\/schema\/logo\/image\/"},"sameAs":["https:\/\/www.facebook.com\/HomeWizardBV\/","https:\/\/x.com\/HomeWizard_NL","https:\/\/www.youtube.com\/HomeWizardBV","https:\/\/www.instagram.com\/homewizardenergy\/"]}]}},"_links":{"self":[{"href":"https:\/\/www.homewizard.com\/fr-be\/wp-json\/wp\/v2\/pages\/190097","targetHints":{"allow":["GET"]}}],"collection":[{"href":"https:\/\/www.homewizard.com\/fr-be\/wp-json\/wp\/v2\/pages"}],"about":[{"href":"https:\/\/www.homewizard.com\/fr-be\/wp-json\/wp\/v2\/types\/page"}],"author":[{"embeddable":true,"href":"https:\/\/www.homewizard.com\/fr-be\/wp-json\/wp\/v2\/users\/1"}],"replies":[{"embeddable":true,"href":"https:\/\/www.homewizard.com\/fr-be\/wp-json\/wp\/v2\/comments?post=190097"}],"version-history":[{"count":3,"href":"https:\/\/www.homewizard.com\/fr-be\/wp-json\/wp\/v2\/pages\/190097\/revisions"}],"predecessor-version":[{"id":277231,"href":"https:\/\/www.homewizard.com\/fr-be\/wp-json\/wp\/v2\/pages\/190097\/revisions\/277231"}],"wp:attachment":[{"href":"https:\/\/www.homewizard.com\/fr-be\/wp-json\/wp\/v2\/media?parent=190097"}],"curies":[{"name":"wp","href":"https:\/\/api.w.org\/{rel}","templated":true}]}}