{"id":1840832,"date":"2025-11-24T14:58:35","date_gmt":"2025-11-24T13:58:35","guid":{"rendered":"https:\/\/www.homewizard.com\/?page_id=1840832"},"modified":"2025-12-04T16:34:24","modified_gmt":"2025-12-04T15:34:24","slug":"green-friday","status":"publish","type":"page","link":"https:\/\/www.homewizard.com\/fr-be\/green-friday\/","title":{"rendered":"Green Friday"},"content":{"rendered":"<div class=\"contained_page wp-block-group eplus-wrapper eplus-styles-uid-ec1651\"><div class=\"wp-block-group__inner-container is-layout-constrained wp-block-group-is-layout-constrained\">\n<style>\n.green-friday-gradient {\n  font-family: 'Poppins', sans-serif;\n  font-weight: 600;\n  font-size: 56px;\n  line-height: 1.1;\n  margin: 0;\n\n  background: linear-gradient(135deg, #20F29B 0%, #02DACE 100%);\n  -webkit-background-clip: text;\n  -webkit-text-fill-color: transparent;\n  background-clip: text;\n  color: transparent;\n}\n<\/style>\n\n<h1 class=\"green-friday-gradient\">Green Friday.<\/h1>\n\n\n<div class=\"flex-column wp-block-columns eplus-wrapper is-layout-flex wp-container-core-columns-is-layout-9d6595d7 wp-block-columns-is-layout-flex eplus-styles-uid-ab2edf\">\n<div class=\"wp-block-column is-vertically-aligned-top eplus-wrapper is-layout-flow wp-block-column-is-layout-flow\" style=\"flex-basis:66.66%\">\n<p class=\" eplus-wrapper\">L\u2019action est termin\u00e9e, mais utiliser intelligemment son \u00e9nergie, c\u2019est possible toute l\u2019ann\u00e9e. D\u00e9couvrez nos produits faciles d\u2019utilisation et abordables, et tirez le meilleur parti de votre \u00e9nergie.<\/p>\n\n\n\n<h3 class=\" wp-block-heading eplus-wrapper\"><strong>\u00c9conomiser intelligemment et durablement.<\/strong><\/h3>\n\n\n\n<p class=\" eplus-wrapper\">Chez HomeWizard, il ne s\u2019agit pas de r\u00e9ductions, mais de choix durables qui font vraiment la diff\u00e9rence. Nous voulons rendre la gestion intelligente de l\u2019\u00e9nergie simple et abordable pour tous. C\u2019est pourquoi nous choisissons Green Friday plut\u00f4t que Black Friday. Faites d\u00e9filer la page pour d\u00e9couvrir comment \u00e9conomiser de mani\u00e8re plus durable\u00a0!<\/p>\n<\/div>\n\n\n<div class=\"wp-block-column is-vertically-aligned-center eplus-wrapper is-layout-flow wp-block-column-is-layout-flow eplus-styles-uid-9462ad\" style=\"flex-basis:33.33%\"><div class=\"wp-block-image \">\n<figure class=\"aligncenter size-full is-resized eplus-wrapper\"><img loading=\"lazy\" decoding=\"async\" width=\"800\" height=\"548\" src=\"https:\/\/cdn.homewizard.com\/wp-content\/uploads\/2025\/11\/Green-Friday-icon.webp\" alt=\"\" class=\"wp-image-1839417\" style=\"width:283px;height:auto\" srcset=\"https:\/\/www.homewizard.com\/wp-content\/uploads\/2025\/11\/Green-Friday-icon.webp 800w, https:\/\/www.homewizard.com\/wp-content\/uploads\/2025\/11\/Green-Friday-icon-300x206.webp 300w, https:\/\/www.homewizard.com\/wp-content\/uploads\/2025\/11\/Green-Friday-icon-768x526.webp 768w\" sizes=\"auto, (max-width: 800px) 100vw, 800px\" \/><\/figure>\n<\/div><\/div><\/div>\n\n<div class=\"flex-column-reverse wp-block-columns eplus-wrapper is-layout-flex wp-container-core-columns-is-layout-9d6595d7 wp-block-columns-is-layout-flex eplus-styles-uid-9f0f8e\"><div class=\"wp-block-column is-vertically-aligned-center eplus-wrapper is-layout-flow wp-block-column-is-layout-flow eplus-styles-uid-9462ad\" style=\"flex-basis:50%\"><div class=\"wp-block-image \">\n<figure class=\"aligncenter size-full eplus-wrapper\"><img loading=\"lazy\" decoding=\"async\" width=\"800\" height=\"548\" src=\"https:\/\/cdn.homewizard.com\/wp-content\/uploads\/2025\/11\/Green-Friday-Plug-In-Battery-1.webp\" alt=\"\" class=\"wp-image-1838151\" style=\"object-fit:cover\" srcset=\"https:\/\/www.homewizard.com\/wp-content\/uploads\/2025\/11\/Green-Friday-Plug-In-Battery-1.webp 800w, https:\/\/www.homewizard.com\/wp-content\/uploads\/2025\/11\/Green-Friday-Plug-In-Battery-1-300x206.webp 300w, https:\/\/www.homewizard.com\/wp-content\/uploads\/2025\/11\/Green-Friday-Plug-In-Battery-1-768x526.webp 768w\" sizes=\"auto, (max-width: 800px) 100vw, 800px\" \/><\/figure>\n<\/div><\/div>\n\n\n<div class=\"wp-block-column is-vertically-aligned-center eplus-wrapper is-layout-flow wp-block-column-is-layout-flow\" style=\"flex-basis:50%\">\n<h2 class=\" wp-block-heading eplus-wrapper\"><strong><strong><strong>\u00c9conomisez 200 \u20ac par Plug-In Battery<\/strong><\/strong><\/strong>.<\/h2>\n\n\n\n<p class=\" eplus-wrapper\">Avec la Plug-In Battery, vous stockez votre propre \u00e9nergie solaire pour une utilisation ult\u00e9rieure. Vous d\u00e9pendez ainsi moins du r\u00e9seau, surtout lorsque l\u2019\u00e9lectricit\u00e9 provient de sources fossiles. C\u2019est meilleur pour l\u2019environnement et pour votre facture d\u2019\u00e9nergie.<\/p>\n\n\n\n<p class=\" eplus-wrapper\">Pour rendre cela possible pour encore plus de m\u00e9nages, nous baissons le prix. Vous pouvez maintenant obtenir notre batterie domestique avec prise pour <strong>1\u202f195 \u20ac<\/strong>. Et l\u2019installation ? Facile \u00e0 faire soi-m\u00eame, sans tracas.<\/p>\n\n\n<div class=\"wp-block-buttons eplus-wrapper is-layout-flex wp-block-buttons-is-layout-flex eplus-styles-uid-2da7fd\"><div class=\"button_outline is-style-fill wp-block-button eplus-wrapper eplus-styles-uid-90540c\"><a class=\"wp-block-button__link wp-element-button\" href=\"https:\/\/www.homewizard.com\/fr-be\/plug-in-battery\/\" style=\"border-radius:10px\">\u00c9conomisez 200 \u20ac par batterie<\/a><\/div><\/div><\/div>\n<\/div>\n\n<div class=\"flex-column wp-block-columns eplus-wrapper is-layout-flex wp-container-core-columns-is-layout-9d6595d7 wp-block-columns-is-layout-flex eplus-styles-uid-85906b\">\n<div class=\"wp-block-column is-vertically-aligned-top eplus-wrapper is-layout-flow wp-block-column-is-layout-flow\" style=\"flex-basis:50%\">\n<h2 class=\" wp-block-heading eplus-wrapper\"><strong><strong>Livraison gratuite<\/strong><\/strong>.<\/h2>\n\n\n\n<p class=\" eplus-wrapper\">Profitez de la livraison gratuite dans notre boutique en ligne jusqu\u2019au lundi 1er d\u00e9cembre. D\u00e9tectez les consommateurs cach\u00e9s avec une <a href=\"https:\/\/www.homewizard.com\/fr-be\/energy-socket\/\">Energy Socket<\/a> ou gardez un \u0153il sur votre consommation avec un <a href=\"https:\/\/www.homewizard.com\/fr-be\/energy-display\/\">Energy Display<\/a>.<\/p>\n\n\n<div class=\"wp-block-buttons eplus-wrapper is-layout-flex wp-block-buttons-is-layout-flex eplus-styles-uid-2da7fd\"><div class=\"button_outline is-style-fill wp-block-button eplus-wrapper eplus-styles-uid-259f57\"><a class=\"wp-block-button__link wp-element-button\" href=\"https:\/\/www.homewizard.com\/fr-be\/boutique\/\" style=\"border-radius:10px\">Acheter avec livraison gratuite<\/a><\/div><\/div><\/div>\n\n\n<div class=\"wp-block-column is-vertically-aligned-center eplus-wrapper is-layout-flow wp-block-column-is-layout-flow eplus-styles-uid-9462ad\" style=\"flex-basis:50%\"><div class=\"wp-block-image \">\n<figure class=\"aligncenter size-full eplus-wrapper\"><img loading=\"lazy\" decoding=\"async\" width=\"800\" height=\"548\" src=\"https:\/\/cdn.homewizard.com\/wp-content\/uploads\/2025\/11\/Green-Friday-product-family-1.webp\" alt=\"\" class=\"wp-image-1838163\" srcset=\"https:\/\/www.homewizard.com\/wp-content\/uploads\/2025\/11\/Green-Friday-product-family-1.webp 800w, https:\/\/www.homewizard.com\/wp-content\/uploads\/2025\/11\/Green-Friday-product-family-1-300x206.webp 300w, https:\/\/www.homewizard.com\/wp-content\/uploads\/2025\/11\/Green-Friday-product-family-1-768x526.webp 768w\" sizes=\"auto, (max-width: 800px) 100vw, 800px\" \/><\/figure>\n<\/div><\/div><\/div>\n\n<div class=\"flex-column-reverse wp-block-columns eplus-wrapper is-layout-flex wp-container-core-columns-is-layout-9d6595d7 wp-block-columns-is-layout-flex eplus-styles-uid-11b01e\"><div class=\"wp-block-column is-vertically-aligned-center eplus-wrapper is-layout-flow wp-block-column-is-layout-flow eplus-styles-uid-9462ad\" style=\"flex-basis:50%\"><div class=\"wp-block-image \">\n<figure class=\"aligncenter size-full eplus-wrapper\"><img loading=\"lazy\" decoding=\"async\" width=\"800\" height=\"548\" src=\"https:\/\/cdn.homewizard.com\/wp-content\/uploads\/2025\/11\/Green-Friday-Trees-in-Borneo-1.webp\" alt=\"\" class=\"wp-image-1838174\" srcset=\"https:\/\/www.homewizard.com\/wp-content\/uploads\/2025\/11\/Green-Friday-Trees-in-Borneo-1.webp 800w, https:\/\/www.homewizard.com\/wp-content\/uploads\/2025\/11\/Green-Friday-Trees-in-Borneo-1-300x206.webp 300w, https:\/\/www.homewizard.com\/wp-content\/uploads\/2025\/11\/Green-Friday-Trees-in-Borneo-1-768x526.webp 768w\" sizes=\"auto, (max-width: 800px) 100vw, 800px\" \/><\/figure>\n<\/div><\/div>\n\n\n<div class=\"wp-block-column eplus-wrapper is-layout-flow wp-block-column-is-layout-flow\" style=\"flex-basis:50%\">\n<h2 class=\" wp-block-heading eplus-wrapper\"><strong>Chaque achat laisse une empreinte verte<\/strong>.<\/h2>\n\n\n\n<p class=\" eplus-wrapper\">Pour chaque achat effectu\u00e9 pendant Green Friday, nous investissons via <em>Trees for All<\/em> dans la restauration des for\u00eats tropicales et des habitats \u00e0 Born\u00e9o. Vous rendez ainsi votre maison et le monde un peu plus verts.<\/p>\n\n\n<div class=\"wp-block-buttons eplus-wrapper is-layout-flex wp-block-buttons-is-layout-flex eplus-styles-uid-2da7fd\"><div class=\"button_outline is-style-fill wp-block-button eplus-wrapper eplus-styles-uid-f37d88\"><a class=\"wp-block-button__link wp-element-button\" href=\"https:\/\/www.homewizard.com\/fr-be\/boutique\/\" style=\"border-radius:10px\">D\u00e9couvrez tous nos produits<\/a><\/div><\/div><\/div>\n<\/div>\n\n<div class=\"wp-block-group eplus-wrapper eplus-styles-uid-5dfa20\"><div class=\"wp-block-group__inner-container is-layout-flow wp-block-group-is-layout-flow\">\n<h2 class=\" wp-block-heading eplus-wrapper\">Questions fr\u00e9quentes.<\/h2>\n\n\n\n<h3 class=\" wp-block-heading eplus-wrapper\"><strong><strong><strong>Combien de temps dure la promotion Green Friday ?<\/strong><\/strong><\/strong><\/h3>\n\n\n\n<p class=\" eplus-wrapper\">Green Friday chez HomeWizard <strong>dure jusqu\u2019au lundi 1er d\u00e9cembre 2025 <\/strong>(Cyber Monday). \u00c0 partir du mardi 2 d\u00e9cembre, la livraison gratuite s\u2019applique uniquement aux commandes sup\u00e9rieures \u00e0 75 \u20ac.<\/p>\n\n\n\n<h3 class=\" wp-block-heading eplus-wrapper\"><strong><strong><strong>Quel est le d\u00e9lai de livraison ?<\/strong><\/strong><\/strong><\/h3>\n\n\n\n<p class=\" eplus-wrapper\">Le traitement de votre commande commence imm\u00e9diatement. Dans la plupart des cas, elle est exp\u00e9di\u00e9e le jour m\u00eame. En raison du volume \u00e9lev\u00e9 pendant Black Friday, la livraison peut prendre un peu plus de temps. Vous recevrez un lien de suivi d\u00e8s que votre colis sera en route.<\/p>\n\n\n\n<h3 class=\" wp-block-heading eplus-wrapper\"><strong><strong><strong><strong>J\u2019ai d\u00e9j\u00e0 achet\u00e9 une Plug-In Battery, ai-je aussi droit \u00e0 une r\u00e9duction\u00a0?<\/strong><\/strong><\/strong><\/strong><\/h3>\n\n\n\n<p class=\" eplus-wrapper\">Oui. Si vous avez d\u00e9j\u00e0 achet\u00e9 une Plug-In Battery, vous b\u00e9n\u00e9ficiez d\u2019une r\u00e9duction suppl\u00e9mentaire de 100 \u20ac. V\u00e9rifiez votre bo\u00eete mail : d\u2019ici le jeudi 27 novembre, vous recevrez un lien unique pour profiter de cette offre. Vous payez donc temporairement 1\u202f095 \u20ac.<\/p>\n\n\n\n<h3 class=\" wp-block-heading eplus-wrapper\"><strong><strong><strong>Cette r\u00e9duction suppl\u00e9mentaire de 100 \u20ac s\u2019applique-t-elle \u00e0 plusieurs batteries ?<\/strong><\/strong><\/strong><\/h3>\n\n\n\n<p class=\" eplus-wrapper\">Non, la r\u00e9duction est unique et limit\u00e9e \u00e0 une adresse e-mail.<\/p>\n\n\n\n<p class=\" eplus-wrapper\"><strong><strong><strong><strong>Pourquoi pouvez-vous maintenant proposer la Plug-In Battery \u00e0 un prix inf\u00e9rieur ?<\/strong><\/strong><\/strong><\/strong><\/p>\n\n\n\n<p class=\" eplus-wrapper\">Nous voulons rendre le stockage de l\u2019\u00e9nergie solaire accessible \u00e0 davantage de foyers. Depuis l\u2019annonce du 25 juin 2024, nous avons am\u00e9lior\u00e9 la production et les achats de mat\u00e9riaux. Gr\u00e2ce \u00e0 ces progr\u00e8s, la Plug-In Battery est plus efficace \u00e0 fabriquer. Nous r\u00e9percutons ces \u00e9conomies directement sur vous.<\/p>\n\n\n\n<h3 class=\" wp-block-heading eplus-wrapper\"><strong><strong><strong><strong>En quoi consiste la collaboration avec Trees for All ?<\/strong><\/strong><\/strong><\/strong><\/h3>\n\n\n\n<p class=\" eplus-wrapper\">Pour chaque achat effectu\u00e9 pendant Green Friday, nous faisons un don \u00e0 <a href=\"https:\/\/treesforall.nl\/\">Trees for All<\/a> pour soutenir des projets de reforestation \u00e0 Born\u00e9o. Vous contribuez ainsi directement \u00e0 un monde plus vert. Apr\u00e8s la promotion, nous ferons un don \u00e9quivalent \u00e0 500 arbres.bomen.<\/p>\n\n\n\n<h3 class=\" wp-block-heading eplus-wrapper\"><strong><strong><strong><strong>Pourquoi ne pas simplement faire le Black Friday ?<\/strong><\/strong><\/strong><\/strong><\/h3>\n\n\n\n<p class=\" eplus-wrapper\">Chez HomeWizard, il ne s\u2019agit pas d\u2019acheter plus, mais d\u2019utiliser votre \u00e9nergie plus intelligemment. C\u2019est pourquoi nous choisissons Green Friday : un moment pour rendre les choix durables plus accessibles. Moins de gaspillage, plus de ma\u00eetrise de votre \u00e9nergie. Green Friday correspond parfaitement \u00e0 notre mission : utiliser l\u2019\u00e9nergie plus intelligemment ensemble et d\u00e9pendre moins des sources fossiles.<\/p>\n<\/div><\/div><\/div><\/div>","protected":false},"excerpt":{"rendered":"<p>Green Friday. L\u2019action est termin\u00e9e, mais utiliser intelligemment son \u00e9nergie, c\u2019est possible toute l\u2019ann\u00e9e. D\u00e9couvrez nos produits faciles d\u2019utilisation et abordables, et tirez le meilleur parti de votre \u00e9nergie. \u00c9conomiser intelligemment et durablement. Chez HomeWizard, il ne s\u2019agit pas de r\u00e9ductions, mais de choix durables qui font vraiment la diff\u00e9rence. Nous voulons rendre la gestion&hellip;<\/p>\n","protected":false},"author":702268,"featured_media":0,"parent":0,"menu_order":0,"comment_status":"closed","ping_status":"closed","template":"","meta":{"_acf_changed":false,"editor_plus_copied_stylings":"{}","footnotes":""},"class_list":["post-1840832","page","type-page","status-publish","hentry"],"acf":[],"yoast_head":"<!-- This site is optimized with the Yoast SEO plugin v27.0 - https:\/\/yoast.com\/product\/yoast-seo-wordpress\/ -->\n<title>Black Friday 2025 chez HomeWizard<\/title>\n<meta name=\"description\" content=\"Optez pour un Green Friday chez HomeWizard : profitez de \u20ac200 de r\u00e9duction sur la Plug-In Battery et de la livraison gratuite sur tous les produits.\" \/>\n<meta name=\"robots\" content=\"index, follow, max-snippet:-1, max-image-preview:large, max-video-preview:-1\" \/>\n<link rel=\"canonical\" href=\"https:\/\/www.homewizard.com\/fr-be\/green-friday\/\" \/>\n<meta property=\"og:locale\" content=\"fr_FR\" \/>\n<meta property=\"og:type\" content=\"article\" \/>\n<meta property=\"og:title\" content=\"Black Friday 2025 chez HomeWizard\" \/>\n<meta property=\"og:description\" content=\"Optez pour un Green Friday chez HomeWizard : profitez de \u20ac200 de r\u00e9duction sur la Plug-In Battery et de la livraison gratuite sur tous les produits.\" \/>\n<meta property=\"og:url\" content=\"https:\/\/www.homewizard.com\/fr-be\/green-friday\/\" \/>\n<meta property=\"og:site_name\" content=\"HomeWizard\" \/>\n<meta property=\"article:publisher\" content=\"https:\/\/www.facebook.com\/HomeWizardBV\/\" \/>\n<meta property=\"article:modified_time\" content=\"2025-12-04T15:34:24+00:00\" \/>\n<meta property=\"og:image\" content=\"https:\/\/www.homewizard.com\/wp-content\/uploads\/2025\/11\/Green-Friday-icon.webp\" \/>\n\t<meta property=\"og:image:width\" content=\"800\" \/>\n\t<meta property=\"og:image:height\" content=\"548\" \/>\n\t<meta property=\"og:image:type\" content=\"image\/webp\" \/>\n<meta name=\"twitter:card\" content=\"summary_large_image\" \/>\n<meta name=\"twitter:site\" content=\"@HomeWizard_NL\" \/>\n<meta name=\"twitter:label1\" content=\"Dur\u00e9e de lecture est.\" \/>\n\t<meta name=\"twitter:data1\" content=\"4 minutes\" \/>\n<script type=\"application\/ld+json\" class=\"yoast-schema-graph\">{\"@context\":\"https:\/\/schema.org\",\"@graph\":[{\"@type\":\"WebPage\",\"@id\":\"https:\/\/www.homewizard.com\/fr-be\/green-friday\/\",\"url\":\"https:\/\/www.homewizard.com\/fr-be\/green-friday\/\",\"name\":\"Black Friday 2025 chez HomeWizard\",\"isPartOf\":{\"@id\":\"https:\/\/www.homewizard.com\/fr-be\/#website\"},\"primaryImageOfPage\":{\"@id\":\"https:\/\/www.homewizard.com\/fr-be\/green-friday\/#primaryimage\"},\"image\":{\"@id\":\"https:\/\/www.homewizard.com\/fr-be\/green-friday\/#primaryimage\"},\"thumbnailUrl\":\"https:\/\/cdn.homewizard.com\/wp-content\/uploads\/2025\/11\/Green-Friday-icon.webp\",\"datePublished\":\"2025-11-24T13:58:35+00:00\",\"dateModified\":\"2025-12-04T15:34:24+00:00\",\"description\":\"Optez pour un Green Friday chez HomeWizard : profitez de \u20ac200 de r\u00e9duction sur la Plug-In Battery et de la livraison gratuite sur tous les produits.\",\"breadcrumb\":{\"@id\":\"https:\/\/www.homewizard.com\/fr-be\/green-friday\/#breadcrumb\"},\"inLanguage\":\"fr-BE\",\"potentialAction\":[{\"@type\":\"ReadAction\",\"target\":[\"https:\/\/www.homewizard.com\/fr-be\/green-friday\/\"]}]},{\"@type\":\"ImageObject\",\"inLanguage\":\"fr-BE\",\"@id\":\"https:\/\/www.homewizard.com\/fr-be\/green-friday\/#primaryimage\",\"url\":\"https:\/\/cdn.homewizard.com\/wp-content\/uploads\/2025\/11\/Green-Friday-icon.webp\",\"contentUrl\":\"https:\/\/cdn.homewizard.com\/wp-content\/uploads\/2025\/11\/Green-Friday-icon.webp\"},{\"@type\":\"BreadcrumbList\",\"@id\":\"https:\/\/www.homewizard.com\/fr-be\/green-friday\/#breadcrumb\",\"itemListElement\":[{\"@type\":\"ListItem\",\"position\":1,\"name\":\"Home\",\"item\":\"https:\/\/www.homewizard.com\/fr-be\/\"},{\"@type\":\"ListItem\",\"position\":2,\"name\":\"Green Friday\"}]},{\"@type\":\"WebSite\",\"@id\":\"https:\/\/www.homewizard.com\/fr-be\/#website\",\"url\":\"https:\/\/www.homewizard.com\/fr-be\/\",\"name\":\"HomeWizard\",\"description\":\"HomeWizard Energy\",\"publisher\":{\"@id\":\"https:\/\/www.homewizard.com\/fr-be\/#organization\"},\"potentialAction\":[{\"@type\":\"SearchAction\",\"target\":{\"@type\":\"EntryPoint\",\"urlTemplate\":\"https:\/\/www.homewizard.com\/fr-be\/?s={search_term_string}\"},\"query-input\":{\"@type\":\"PropertyValueSpecification\",\"valueRequired\":true,\"valueName\":\"search_term_string\"}}],\"inLanguage\":\"fr-BE\"},{\"@type\":\"Organization\",\"@id\":\"https:\/\/www.homewizard.com\/fr-be\/#organization\",\"name\":\"HomeWizard\",\"url\":\"https:\/\/www.homewizard.com\/fr-be\/\",\"logo\":{\"@type\":\"ImageObject\",\"inLanguage\":\"fr-BE\",\"@id\":\"https:\/\/www.homewizard.com\/fr-be\/#\/schema\/logo\/image\/\",\"url\":\"https:\/\/www.homewizard.com\/wp-content\/uploads\/2023\/06\/HomeWizard-icon-on-black.png\",\"contentUrl\":\"https:\/\/www.homewizard.com\/wp-content\/uploads\/2023\/06\/HomeWizard-icon-on-black.png\",\"width\":500,\"height\":500,\"caption\":\"HomeWizard\"},\"image\":{\"@id\":\"https:\/\/www.homewizard.com\/fr-be\/#\/schema\/logo\/image\/\"},\"sameAs\":[\"https:\/\/www.facebook.com\/HomeWizardBV\/\",\"https:\/\/x.com\/HomeWizard_NL\",\"https:\/\/www.youtube.com\/HomeWizardBV\",\"https:\/\/www.instagram.com\/homewizardenergy\/\"]}]}<\/script>\n<!-- \/ Yoast SEO plugin. -->","yoast_head_json":{"title":"Black Friday 2025 chez HomeWizard","description":"Optez pour un Green Friday chez HomeWizard : profitez de \u20ac200 de r\u00e9duction sur la Plug-In Battery et de la livraison gratuite sur tous les produits.","robots":{"index":"index","follow":"follow","max-snippet":"max-snippet:-1","max-image-preview":"max-image-preview:large","max-video-preview":"max-video-preview:-1"},"canonical":"https:\/\/www.homewizard.com\/fr-be\/green-friday\/","og_locale":"fr_FR","og_type":"article","og_title":"Black Friday 2025 chez HomeWizard","og_description":"Optez pour un Green Friday chez HomeWizard : profitez de \u20ac200 de r\u00e9duction sur la Plug-In Battery et de la livraison gratuite sur tous les produits.","og_url":"https:\/\/www.homewizard.com\/fr-be\/green-friday\/","og_site_name":"HomeWizard","article_publisher":"https:\/\/www.facebook.com\/HomeWizardBV\/","article_modified_time":"2025-12-04T15:34:24+00:00","og_image":[{"width":800,"height":548,"url":"https:\/\/www.homewizard.com\/wp-content\/uploads\/2025\/11\/Green-Friday-icon.webp","type":"image\/webp"}],"twitter_card":"summary_large_image","twitter_site":"@HomeWizard_NL","twitter_misc":{"Dur\u00e9e de lecture est.":"4 minutes"},"schema":{"@context":"https:\/\/schema.org","@graph":[{"@type":"WebPage","@id":"https:\/\/www.homewizard.com\/fr-be\/green-friday\/","url":"https:\/\/www.homewizard.com\/fr-be\/green-friday\/","name":"Black Friday 2025 chez HomeWizard","isPartOf":{"@id":"https:\/\/www.homewizard.com\/fr-be\/#website"},"primaryImageOfPage":{"@id":"https:\/\/www.homewizard.com\/fr-be\/green-friday\/#primaryimage"},"image":{"@id":"https:\/\/www.homewizard.com\/fr-be\/green-friday\/#primaryimage"},"thumbnailUrl":"https:\/\/cdn.homewizard.com\/wp-content\/uploads\/2025\/11\/Green-Friday-icon.webp","datePublished":"2025-11-24T13:58:35+00:00","dateModified":"2025-12-04T15:34:24+00:00","description":"Optez pour un Green Friday chez HomeWizard : profitez de \u20ac200 de r\u00e9duction sur la Plug-In Battery et de la livraison gratuite sur tous les produits.","breadcrumb":{"@id":"https:\/\/www.homewizard.com\/fr-be\/green-friday\/#breadcrumb"},"inLanguage":"fr-BE","potentialAction":[{"@type":"ReadAction","target":["https:\/\/www.homewizard.com\/fr-be\/green-friday\/"]}]},{"@type":"ImageObject","inLanguage":"fr-BE","@id":"https:\/\/www.homewizard.com\/fr-be\/green-friday\/#primaryimage","url":"https:\/\/cdn.homewizard.com\/wp-content\/uploads\/2025\/11\/Green-Friday-icon.webp","contentUrl":"https:\/\/cdn.homewizard.com\/wp-content\/uploads\/2025\/11\/Green-Friday-icon.webp"},{"@type":"BreadcrumbList","@id":"https:\/\/www.homewizard.com\/fr-be\/green-friday\/#breadcrumb","itemListElement":[{"@type":"ListItem","position":1,"name":"Home","item":"https:\/\/www.homewizard.com\/fr-be\/"},{"@type":"ListItem","position":2,"name":"Green Friday"}]},{"@type":"WebSite","@id":"https:\/\/www.homewizard.com\/fr-be\/#website","url":"https:\/\/www.homewizard.com\/fr-be\/","name":"HomeWizard","description":"HomeWizard Energy","publisher":{"@id":"https:\/\/www.homewizard.com\/fr-be\/#organization"},"potentialAction":[{"@type":"SearchAction","target":{"@type":"EntryPoint","urlTemplate":"https:\/\/www.homewizard.com\/fr-be\/?s={search_term_string}"},"query-input":{"@type":"PropertyValueSpecification","valueRequired":true,"valueName":"search_term_string"}}],"inLanguage":"fr-BE"},{"@type":"Organization","@id":"https:\/\/www.homewizard.com\/fr-be\/#organization","name":"HomeWizard","url":"https:\/\/www.homewizard.com\/fr-be\/","logo":{"@type":"ImageObject","inLanguage":"fr-BE","@id":"https:\/\/www.homewizard.com\/fr-be\/#\/schema\/logo\/image\/","url":"https:\/\/www.homewizard.com\/wp-content\/uploads\/2023\/06\/HomeWizard-icon-on-black.png","contentUrl":"https:\/\/www.homewizard.com\/wp-content\/uploads\/2023\/06\/HomeWizard-icon-on-black.png","width":500,"height":500,"caption":"HomeWizard"},"image":{"@id":"https:\/\/www.homewizard.com\/fr-be\/#\/schema\/logo\/image\/"},"sameAs":["https:\/\/www.facebook.com\/HomeWizardBV\/","https:\/\/x.com\/HomeWizard_NL","https:\/\/www.youtube.com\/HomeWizardBV","https:\/\/www.instagram.com\/homewizardenergy\/"]}]}},"_links":{"self":[{"href":"https:\/\/www.homewizard.com\/fr-be\/wp-json\/wp\/v2\/pages\/1840832","targetHints":{"allow":["GET"]}}],"collection":[{"href":"https:\/\/www.homewizard.com\/fr-be\/wp-json\/wp\/v2\/pages"}],"about":[{"href":"https:\/\/www.homewizard.com\/fr-be\/wp-json\/wp\/v2\/types\/page"}],"author":[{"embeddable":true,"href":"https:\/\/www.homewizard.com\/fr-be\/wp-json\/wp\/v2\/users\/702268"}],"replies":[{"embeddable":true,"href":"https:\/\/www.homewizard.com\/fr-be\/wp-json\/wp\/v2\/comments?post=1840832"}],"version-history":[{"count":10,"href":"https:\/\/www.homewizard.com\/fr-be\/wp-json\/wp\/v2\/pages\/1840832\/revisions"}],"predecessor-version":[{"id":1907113,"href":"https:\/\/www.homewizard.com\/fr-be\/wp-json\/wp\/v2\/pages\/1840832\/revisions\/1907113"}],"wp:attachment":[{"href":"https:\/\/www.homewizard.com\/fr-be\/wp-json\/wp\/v2\/media?parent=1840832"}],"curies":[{"name":"wp","href":"https:\/\/api.w.org\/{rel}","templated":true}]}}