{"id":489217,"date":"2023-03-21T11:12:08","date_gmt":"2023-03-21T10:12:08","guid":{"rendered":"https:\/\/www.homewizard.com\/shop\/energy-plus\/"},"modified":"2026-03-25T10:31:35","modified_gmt":"2026-03-25T09:31:35","slug":"energy-plus","status":"publish","type":"product","link":"https:\/\/www.homewizard.com\/fi\/kauppa\/energy-plus\/","title":{"rendered":"Energy+ -tilaus"},"content":{"rendered":"\n<h2 class=\" wp-block-heading eplus-wrapper\">Energy+ -vuositilaus<\/h2>\n\n\n\n<p class=\" eplus-wrapper\">Energy+ on HomeWizardin tarjoama tilaus, joka avaa HomeWizard-sovelluksen lis\u00e4ominaisuudet:<\/p>\n\n\n<ul class=\" wp-block-list eplus-wrapper eplus-styles-uid-e7b976\">\n<li class=\" eplus-wrapper\">Tutustu valmiustilassa olevien laitteiden kulutukseen<\/li>\n\n\n\n<li class=\" eplus-wrapper\">Tallennustilaa useita vuosia varten<\/li>\n\n\n\n<li class=\" eplus-wrapper\">Saat huomautuksia, kun poikkeavaa energiankulutusta havaitaan<\/li>\n\n\n\n<li class=\" eplus-wrapper\">Invertterin yhdist\u00e4minen: voit tarkastella aurinkoenergian tuotannon kaaviota<\/li>\n\n\n\n<li class=\" eplus-wrapper\"><p class=\"text-node\" data-pm-slice='1 1 [\"bullet_list\",{},\"list_item\",{}]'>Omavaraisuuskaavio: katso, paljonko tuotettua aurinkoenergiaa kulutat suoraan<\/p><\/li>\n\n\n\n<li class=\" eplus-wrapper\">Kolmivaiheiset tiedot (vaihekohtainen k\u00e4ytt\u00f6)<\/li>\n\n\n\n<li class=\" eplus-wrapper\">\u00c4lykytkenn\u00e4t <a href=\"https:\/\/www.homewizard.com\/fi\/energy-socket\/\">Energy Sockets<\/a> -\u00e4lypistorasioilla<\/li>\n\n\n\n<li class=\" eplus-wrapper\">Vie tiedot Exceliin (CSV)<\/li>\n<\/ul>\n\n\n<p class=\" eplus-wrapper\"><a href=\"https:\/\/www.homewizard.com\/fi\/energy-plus\/\">Lis\u00e4tietoja Energy+ -tilauksesta<\/a><\/p>\n\n\n\n<p class=\" eplus-wrapper\">Tilaus maksaa vain 11,95 \u20ac vuodessa, jos tilaat verkkosivuston kautta. Voit peruuttaa tilauksen koska tahansa. Tilaus laskutetaan vuosittain automaattisesti. Maksa helposti haluamallasi maksuvaihtoehdolla: iDEAL, Bancontact tai luottokortti (vaihtoehdot Visa, Mastercard ja American Express).<\/p>\n\n\n\n<figure class=\" wp-block-image size-large is-resized eplus-wrapper\"><img loading=\"lazy\" decoding=\"async\" width=\"1024\" height=\"145\" src=\"https:\/\/www.homewizard.com\/wp-content\/uploads\/2023\/04\/Payment-options-Energy-HomeWizard-subscription-1024x145.png\" alt=\"\" class=\"wp-image-298953\" style=\"width:557px;height:79px\" srcset=\"https:\/\/www.homewizard.com\/wp-content\/uploads\/2023\/04\/Payment-options-Energy-HomeWizard-subscription-1024x145.png 1024w, https:\/\/www.homewizard.com\/wp-content\/uploads\/2023\/04\/Payment-options-Energy-HomeWizard-subscription-800x113.png 800w, https:\/\/www.homewizard.com\/wp-content\/uploads\/2023\/04\/Payment-options-Energy-HomeWizard-subscription-300x42.png 300w, https:\/\/www.homewizard.com\/wp-content\/uploads\/2023\/04\/Payment-options-Energy-HomeWizard-subscription-768x109.png 768w\" sizes=\"auto, (max-width: 1024px) 100vw, 1024px\" \/><\/figure>\n\n\n\n<p class=\" eplus-wrapper\"><\/p>\n\n\n\n<div class=\" wp-block-media-text has-media-on-the-right is-stacked-on-mobile eplus-wrapper\" style=\"grid-template-columns:auto 34%\"><div class=\"wp-block-media-text__content\">\n<h2 class=\" wp-block-heading eplus-wrapper\">Yhdist\u00e4 aurinkopaneelisi<\/h2>\n\n\n\n<p class=\" eplus-wrapper\">Voit nyt helposti lis\u00e4t\u00e4 kaavion aurinkoenergiantuotannostasi HomeWizard-sovellukseen asentamatta lis\u00e4laitteita! T\u00e4m\u00e4n avulla saat t\u00e4ydellisen k\u00e4sityksen energiavirrastasi ja kaikki on j\u00e4rjestetty yhdess\u00e4 sovelluksessa. Yhteys tukee SolarEdge, Growatt, GoodWe, SMA, Enphase, Huawei ja Solax -inverttereit\u00e4. Yhdist\u00e4m\u00e4ll\u00e4 aurinkopaneelisi, saat k\u00e4ytt\u00f6\u00f6si kolme uutta kaaviota:<\/p>\n\n\n<ul class=\" wp-block-list eplus-wrapper eplus-styles-uid-ea78da\">\n<li class=\" eplus-wrapper\">Aurinkoenergian tuotanto<\/li>\n\n\n\n<li class=\" eplus-wrapper\">Energian kokonaiskulutus<\/li>\n\n\n\n<li class=\" eplus-wrapper\"><p class=\"text-node\" data-pm-slice='1 1 [\"bullet_list\",{},\"list_item\",{}]'>Omavarainen<\/p><\/li>\n<\/ul><\/div><figure class=\"wp-block-media-text__media\"><img loading=\"lazy\" decoding=\"async\" width=\"799\" height=\"800\" src=\"https:\/\/www.homewizard.com\/wp-content\/uploads\/2023\/04\/production_gross-power-consumption.webp\" alt=\"\" class=\"wp-image-300894 size-full\" srcset=\"https:\/\/www.homewizard.com\/wp-content\/uploads\/2023\/04\/production_gross-power-consumption.webp 799w, https:\/\/www.homewizard.com\/wp-content\/uploads\/2023\/04\/production_gross-power-consumption-500x500.webp 500w, https:\/\/www.homewizard.com\/wp-content\/uploads\/2023\/04\/production_gross-power-consumption-124x124.webp 124w, https:\/\/www.homewizard.com\/wp-content\/uploads\/2023\/04\/production_gross-power-consumption-300x300.webp 300w, https:\/\/www.homewizard.com\/wp-content\/uploads\/2023\/04\/production_gross-power-consumption-150x150.webp 150w, https:\/\/www.homewizard.com\/wp-content\/uploads\/2023\/04\/production_gross-power-consumption-768x769.webp 768w, https:\/\/www.homewizard.com\/wp-content\/uploads\/2023\/04\/production_gross-power-consumption-600x601.webp 600w\" sizes=\"auto, (max-width: 799px) 100vw, 799px\" \/><\/figure><\/div>\n\n\n\n<h2 class=\" wp-block-heading eplus-wrapper\">Energy+ -tilauksen peruutus<\/h2>\n\n\n\n<p class=\" eplus-wrapper\">Voit peruuttaa Energy+-tilauksen koska tahansa. Kun peruutat tilauksen, voit k\u00e4ytt\u00e4\u00e4 Energy+ -ominaisuuksia peruutusp\u00e4iv\u00e4m\u00e4\u00e4r\u00e4\u00e4n saakka. Sen j\u00e4lkeen k\u00e4yt\u00f6ss\u00e4si ovat automaattisesti maksuttomat perusominaisuudet. Energy+-ominaisuudet katoavat, ja yli 12 kuukautta vanhat kaaviotiedot poistetaan.<\/p>\n\n\n\n<p class=\" eplus-wrapper\">If you bought Energy+ via the&nbsp;<strong>website<\/strong>&nbsp;you can cancel at&nbsp;<strong><a href=\"https:\/\/www.homewizard.com\/my-account\/homes\/\">Account &gt; Homes<\/a><\/strong>.<\/p>\n\n\n\n<p class=\" eplus-wrapper\">If you bought Energy+ via the&nbsp;<strong>app<\/strong>&nbsp;you can cancel in the<strong>&nbsp;<a href=\"https:\/\/support.apple.com\/en-gb\/guide\/iphone\/iph3dfd91de\/ios\" target=\"_blank\" rel=\"noreferrer noopener\">Apple Subscription settings<\/a><\/strong>&nbsp;or&nbsp;<strong><a href=\"https:\/\/support.google.com\/googleplay\/answer\/7018481\" target=\"_blank\" rel=\"noreferrer noopener\">Google subscription settings<\/a><\/strong>&nbsp;on your phone.<\/p>\n\n\n\n<div style=\"height:32px\" aria-hidden=\"true\" class=\" wp-block-spacer eplus-wrapper\"><\/div>\n","protected":false},"excerpt":{"rendered":"<p>Vuositilaus, joka tarjoaa entist\u00e4 enemm\u00e4n tietoja ja ominaisuuksia maksuttoman HomeWizard-sovelluksen toimintojen lis\u00e4ksi. Katso <a href=\"https:\/\/www.homewizard.com\/fi\/energy-plus\/\">kaikki Energy+ -ominaisuudet<\/a>.<\/p>\n","protected":false},"featured_media":455501,"template":"","meta":{"_acf_changed":false,"editor_plus_copied_stylings":"{}"},"product_brand":[],"product_cat":[218,219],"product_tag":[],"class_list":{"0":"post-489217","1":"product","2":"type-product","3":"status-publish","4":"has-post-thumbnail","6":"product_cat-kaikki","7":"product_cat-tuotteet","9":"first","10":"instock","11":"virtual","12":"sold-individually","13":"taxable","14":"purchasable","15":"product-type-subscription"},"acf":[],"yoast_head":"<!-- This site is optimized with the Yoast SEO plugin v27.0 - https:\/\/yoast.com\/product\/yoast-seo-wordpress\/ -->\n<title>Energy+ -tilaus (12 kuukautta) - HomeWizard<\/title>\n<meta name=\"description\" content=\"Vuositilauksella hintaan 11,95 \u20ac voit perehty\u00e4 energiankulutukseen entist\u00e4kin tarkemmin. \u2713 K\u00e4ytt\u00f6 valmiustilassa. \u2713 Poikkeavan energiankulutuksen ilmoitukset. \u2713 \u00c4lykytkenn\u00e4t.\" \/>\n<meta name=\"robots\" content=\"index, follow, max-snippet:-1, max-image-preview:large, max-video-preview:-1\" \/>\n<link rel=\"canonical\" href=\"https:\/\/www.homewizard.com\/fi\/kauppa\/energy-plus\/\" \/>\n<meta property=\"og:locale\" content=\"fi_FI\" \/>\n<meta property=\"og:type\" content=\"article\" \/>\n<meta property=\"og:title\" content=\"Energy+ -tilaus (12 kuukautta) - HomeWizard\" \/>\n<meta property=\"og:description\" content=\"Vuositilauksella hintaan 11,95 \u20ac voit perehty\u00e4 energiankulutukseen entist\u00e4kin tarkemmin. \u2713 K\u00e4ytt\u00f6 valmiustilassa. \u2713 Poikkeavan energiankulutuksen ilmoitukset. \u2713 \u00c4lykytkenn\u00e4t.\" \/>\n<meta property=\"og:url\" content=\"https:\/\/www.homewizard.com\/fi\/kauppa\/energy-plus\/\" \/>\n<meta property=\"og:site_name\" content=\"HomeWizard\" \/>\n<meta property=\"article:publisher\" content=\"https:\/\/www.facebook.com\/HomeWizardBV\/\" \/>\n<meta property=\"article:modified_time\" content=\"2026-03-25T09:31:35+00:00\" \/>\n<meta property=\"og:image\" content=\"https:\/\/www.homewizard.com\/wp-content\/uploads\/2023\/03\/HomeWizard-Energy-logo-png-2023.png\" \/>\n\t<meta property=\"og:image:width\" content=\"600\" \/>\n\t<meta property=\"og:image:height\" content=\"600\" \/>\n\t<meta property=\"og:image:type\" content=\"image\/png\" \/>\n<meta name=\"twitter:card\" content=\"summary_large_image\" \/>\n<meta name=\"twitter:site\" content=\"@HomeWizard_NL\" \/>\n<meta name=\"twitter:label1\" content=\"Arvioitu lukuaika\" \/>\n\t<meta name=\"twitter:data1\" content=\"2 minuuttia\" \/>\n<script type=\"application\/ld+json\" class=\"yoast-schema-graph\">{\"@context\":\"https:\/\/schema.org\",\"@graph\":[{\"@type\":\"WebPage\",\"@id\":\"https:\/\/www.homewizard.com\/fi\/kauppa\/energy-plus\/\",\"url\":\"https:\/\/www.homewizard.com\/fi\/kauppa\/energy-plus\/\",\"name\":\"Energy+ -tilaus (12 kuukautta) - HomeWizard\",\"isPartOf\":{\"@id\":\"https:\/\/www.homewizard.com\/fi\/#website\"},\"primaryImageOfPage\":{\"@id\":\"https:\/\/www.homewizard.com\/fi\/kauppa\/energy-plus\/#primaryimage\"},\"image\":{\"@id\":\"https:\/\/www.homewizard.com\/fi\/kauppa\/energy-plus\/#primaryimage\"},\"thumbnailUrl\":\"https:\/\/www.homewizard.com\/wp-content\/uploads\/2023\/03\/HomeWizard-Energy-logo-png-2023.png\",\"datePublished\":\"2023-03-21T10:12:08+00:00\",\"dateModified\":\"2026-03-25T09:31:35+00:00\",\"description\":\"Vuositilauksella hintaan 11,95 \u20ac voit perehty\u00e4 energiankulutukseen entist\u00e4kin tarkemmin. \u2713 K\u00e4ytt\u00f6 valmiustilassa. \u2713 Poikkeavan energiankulutuksen ilmoitukset. \u2713 \u00c4lykytkenn\u00e4t.\",\"breadcrumb\":{\"@id\":\"https:\/\/www.homewizard.com\/fi\/kauppa\/energy-plus\/#breadcrumb\"},\"inLanguage\":\"fi\",\"potentialAction\":[{\"@type\":\"ReadAction\",\"target\":[\"https:\/\/www.homewizard.com\/fi\/kauppa\/energy-plus\/\"]}]},{\"@type\":\"ImageObject\",\"inLanguage\":\"fi\",\"@id\":\"https:\/\/www.homewizard.com\/fi\/kauppa\/energy-plus\/#primaryimage\",\"url\":\"https:\/\/www.homewizard.com\/wp-content\/uploads\/2023\/03\/HomeWizard-Energy-logo-png-2023.png\",\"contentUrl\":\"https:\/\/www.homewizard.com\/wp-content\/uploads\/2023\/03\/HomeWizard-Energy-logo-png-2023.png\",\"width\":600,\"height\":600},{\"@type\":\"BreadcrumbList\",\"@id\":\"https:\/\/www.homewizard.com\/fi\/kauppa\/energy-plus\/#breadcrumb\",\"itemListElement\":[{\"@type\":\"ListItem\",\"position\":1,\"name\":\"Home\",\"item\":\"https:\/\/www.homewizard.com\/fi\/\"},{\"@type\":\"ListItem\",\"position\":2,\"name\":\"Kauppa\",\"item\":\"https:\/\/www.homewizard.com\/fi\/kauppa\/\"},{\"@type\":\"ListItem\",\"position\":3,\"name\":\"Energy+ -tilaus\"}]},{\"@type\":\"WebSite\",\"@id\":\"https:\/\/www.homewizard.com\/fi\/#website\",\"url\":\"https:\/\/www.homewizard.com\/fi\/\",\"name\":\"HomeWizard\",\"description\":\"HomeWizard Energy\",\"publisher\":{\"@id\":\"https:\/\/www.homewizard.com\/fi\/#organization\"},\"potentialAction\":[{\"@type\":\"SearchAction\",\"target\":{\"@type\":\"EntryPoint\",\"urlTemplate\":\"https:\/\/www.homewizard.com\/fi\/?s={search_term_string}\"},\"query-input\":{\"@type\":\"PropertyValueSpecification\",\"valueRequired\":true,\"valueName\":\"search_term_string\"}}],\"inLanguage\":\"fi\"},{\"@type\":\"Organization\",\"@id\":\"https:\/\/www.homewizard.com\/fi\/#organization\",\"name\":\"HomeWizard\",\"url\":\"https:\/\/www.homewizard.com\/fi\/\",\"logo\":{\"@type\":\"ImageObject\",\"inLanguage\":\"fi\",\"@id\":\"https:\/\/www.homewizard.com\/fi\/#\/schema\/logo\/image\/\",\"url\":\"https:\/\/www.homewizard.com\/wp-content\/uploads\/2023\/06\/HomeWizard-icon-on-black.png\",\"contentUrl\":\"https:\/\/www.homewizard.com\/wp-content\/uploads\/2023\/06\/HomeWizard-icon-on-black.png\",\"width\":500,\"height\":500,\"caption\":\"HomeWizard\"},\"image\":{\"@id\":\"https:\/\/www.homewizard.com\/fi\/#\/schema\/logo\/image\/\"},\"sameAs\":[\"https:\/\/www.facebook.com\/HomeWizardBV\/\",\"https:\/\/x.com\/HomeWizard_NL\",\"https:\/\/www.youtube.com\/HomeWizardBV\",\"https:\/\/www.instagram.com\/homewizardenergy\/\"]}]}<\/script>\n<!-- \/ Yoast SEO plugin. -->","yoast_head_json":{"title":"Energy+ -tilaus (12 kuukautta) - HomeWizard","description":"Vuositilauksella hintaan 11,95 \u20ac voit perehty\u00e4 energiankulutukseen entist\u00e4kin tarkemmin. \u2713 K\u00e4ytt\u00f6 valmiustilassa. \u2713 Poikkeavan energiankulutuksen ilmoitukset. \u2713 \u00c4lykytkenn\u00e4t.","robots":{"index":"index","follow":"follow","max-snippet":"max-snippet:-1","max-image-preview":"max-image-preview:large","max-video-preview":"max-video-preview:-1"},"canonical":"https:\/\/www.homewizard.com\/fi\/kauppa\/energy-plus\/","og_locale":"fi_FI","og_type":"article","og_title":"Energy+ -tilaus (12 kuukautta) - HomeWizard","og_description":"Vuositilauksella hintaan 11,95 \u20ac voit perehty\u00e4 energiankulutukseen entist\u00e4kin tarkemmin. \u2713 K\u00e4ytt\u00f6 valmiustilassa. \u2713 Poikkeavan energiankulutuksen ilmoitukset. \u2713 \u00c4lykytkenn\u00e4t.","og_url":"https:\/\/www.homewizard.com\/fi\/kauppa\/energy-plus\/","og_site_name":"HomeWizard","article_publisher":"https:\/\/www.facebook.com\/HomeWizardBV\/","article_modified_time":"2026-03-25T09:31:35+00:00","og_image":[{"width":600,"height":600,"url":"https:\/\/www.homewizard.com\/wp-content\/uploads\/2023\/03\/HomeWizard-Energy-logo-png-2023.png","type":"image\/png"}],"twitter_card":"summary_large_image","twitter_site":"@HomeWizard_NL","twitter_misc":{"Arvioitu lukuaika":"2 minuuttia"},"schema":{"@context":"https:\/\/schema.org","@graph":[{"@type":"WebPage","@id":"https:\/\/www.homewizard.com\/fi\/kauppa\/energy-plus\/","url":"https:\/\/www.homewizard.com\/fi\/kauppa\/energy-plus\/","name":"Energy+ -tilaus (12 kuukautta) - HomeWizard","isPartOf":{"@id":"https:\/\/www.homewizard.com\/fi\/#website"},"primaryImageOfPage":{"@id":"https:\/\/www.homewizard.com\/fi\/kauppa\/energy-plus\/#primaryimage"},"image":{"@id":"https:\/\/www.homewizard.com\/fi\/kauppa\/energy-plus\/#primaryimage"},"thumbnailUrl":"https:\/\/www.homewizard.com\/wp-content\/uploads\/2023\/03\/HomeWizard-Energy-logo-png-2023.png","datePublished":"2023-03-21T10:12:08+00:00","dateModified":"2026-03-25T09:31:35+00:00","description":"Vuositilauksella hintaan 11,95 \u20ac voit perehty\u00e4 energiankulutukseen entist\u00e4kin tarkemmin. \u2713 K\u00e4ytt\u00f6 valmiustilassa. \u2713 Poikkeavan energiankulutuksen ilmoitukset. \u2713 \u00c4lykytkenn\u00e4t.","breadcrumb":{"@id":"https:\/\/www.homewizard.com\/fi\/kauppa\/energy-plus\/#breadcrumb"},"inLanguage":"fi","potentialAction":[{"@type":"ReadAction","target":["https:\/\/www.homewizard.com\/fi\/kauppa\/energy-plus\/"]}]},{"@type":"ImageObject","inLanguage":"fi","@id":"https:\/\/www.homewizard.com\/fi\/kauppa\/energy-plus\/#primaryimage","url":"https:\/\/www.homewizard.com\/wp-content\/uploads\/2023\/03\/HomeWizard-Energy-logo-png-2023.png","contentUrl":"https:\/\/www.homewizard.com\/wp-content\/uploads\/2023\/03\/HomeWizard-Energy-logo-png-2023.png","width":600,"height":600},{"@type":"BreadcrumbList","@id":"https:\/\/www.homewizard.com\/fi\/kauppa\/energy-plus\/#breadcrumb","itemListElement":[{"@type":"ListItem","position":1,"name":"Home","item":"https:\/\/www.homewizard.com\/fi\/"},{"@type":"ListItem","position":2,"name":"Kauppa","item":"https:\/\/www.homewizard.com\/fi\/kauppa\/"},{"@type":"ListItem","position":3,"name":"Energy+ -tilaus"}]},{"@type":"WebSite","@id":"https:\/\/www.homewizard.com\/fi\/#website","url":"https:\/\/www.homewizard.com\/fi\/","name":"HomeWizard","description":"HomeWizard Energy","publisher":{"@id":"https:\/\/www.homewizard.com\/fi\/#organization"},"potentialAction":[{"@type":"SearchAction","target":{"@type":"EntryPoint","urlTemplate":"https:\/\/www.homewizard.com\/fi\/?s={search_term_string}"},"query-input":{"@type":"PropertyValueSpecification","valueRequired":true,"valueName":"search_term_string"}}],"inLanguage":"fi"},{"@type":"Organization","@id":"https:\/\/www.homewizard.com\/fi\/#organization","name":"HomeWizard","url":"https:\/\/www.homewizard.com\/fi\/","logo":{"@type":"ImageObject","inLanguage":"fi","@id":"https:\/\/www.homewizard.com\/fi\/#\/schema\/logo\/image\/","url":"https:\/\/www.homewizard.com\/wp-content\/uploads\/2023\/06\/HomeWizard-icon-on-black.png","contentUrl":"https:\/\/www.homewizard.com\/wp-content\/uploads\/2023\/06\/HomeWizard-icon-on-black.png","width":500,"height":500,"caption":"HomeWizard"},"image":{"@id":"https:\/\/www.homewizard.com\/fi\/#\/schema\/logo\/image\/"},"sameAs":["https:\/\/www.facebook.com\/HomeWizardBV\/","https:\/\/x.com\/HomeWizard_NL","https:\/\/www.youtube.com\/HomeWizardBV","https:\/\/www.instagram.com\/homewizardenergy\/"]}]}},"_links":{"self":[{"href":"https:\/\/www.homewizard.com\/fi\/wp-json\/wp\/v2\/product\/489217","targetHints":{"allow":["GET"]}}],"collection":[{"href":"https:\/\/www.homewizard.com\/fi\/wp-json\/wp\/v2\/product"}],"about":[{"href":"https:\/\/www.homewizard.com\/fi\/wp-json\/wp\/v2\/types\/product"}],"wp:featuredmedia":[{"embeddable":true,"href":"https:\/\/www.homewizard.com\/fi\/wp-json\/wp\/v2\/media\/455501"}],"wp:attachment":[{"href":"https:\/\/www.homewizard.com\/fi\/wp-json\/wp\/v2\/media?parent=489217"}],"wp:term":[{"taxonomy":"product_brand","embeddable":true,"href":"https:\/\/www.homewizard.com\/fi\/wp-json\/wp\/v2\/product_brand?post=489217"},{"taxonomy":"product_cat","embeddable":true,"href":"https:\/\/www.homewizard.com\/fi\/wp-json\/wp\/v2\/product_cat?post=489217"},{"taxonomy":"product_tag","embeddable":true,"href":"https:\/\/www.homewizard.com\/fi\/wp-json\/wp\/v2\/product_tag?post=489217"}],"curies":[{"name":"wp","href":"https:\/\/api.w.org\/{rel}","templated":true}]}}