{"id":489214,"date":"2021-12-06T17:16:49","date_gmt":"2021-12-06T16:16:49","guid":{"rendered":"https:\/\/www.homewizard.com\/shop\/wi-fi-kwh-meter-1-phase\/"},"modified":"2026-03-13T15:13:47","modified_gmt":"2026-03-13T14:13:47","slug":"wi-fi-kwh-meter-1-phase","status":"publish","type":"product","link":"https:\/\/www.homewizard.com\/fi\/kauppa\/wi-fi-kwh-meter-1-phase\/","title":{"rendered":"Wi-Fi kWh meter 1-phase MID"},"content":{"rendered":"\n<p class=\" eplus-wrapper\">Moderneille s\u00e4hk\u00f6keskuksille! HomeWizard valmisti maailman ensimm\u00e4isen MID-hyv\u00e4ksytyn Wi-Fi kWh Meter -mittarin yhteisty\u00f6ss\u00e4 Eastronin kanssa. Perehdy aurinkopaneeliesi, l\u00e4mp\u00f6pumppusi, s\u00e4hk\u00f6autosi ja monen muun kohteen tietoihin.<\/p>\n\n<p class=\" eplus-wrapper\"><\/p>\n\n<h2 class=\" wp-block-heading eplus-wrapper\">Useita k\u00e4ytt\u00f6kohteita<\/h2>\n<ul class=\"eplus-wrapper wp-block-list eplus-styles-uid-302f43\">\n<li class=\" eplus-wrapper\"><strong>Aurinkopaneelit<\/strong>: katso tarkalleen, paljonko aurinkopaneelisi tuottavat energiaa.<\/li>\n\n\n\n<li class=\" eplus-wrapper\"><strong>Koti<\/strong>: mittaa, paljonko energiaa kuluu, ja katso aurinkoenergian ylij\u00e4\u00e4m\u00e4 asettamalla kWh Meter p\u00e4\u00e4liit\u00e4nt\u00e4\u00e4n.<\/li>\n\n\n\n<li class=\" eplus-wrapper\"><strong>S\u00e4hk\u00f6auto<\/strong>: seuraa s\u00e4hk\u00f6auton latauksen kustannuksia. Onko sinulla vuokrasopimus? kWh Meter soveltuu laskutukseen. (MID-sertifioitu)<\/li>\n\n\n\n<li class=\" eplus-wrapper\"><strong>L\u00e4mp\u00f6pumppu<\/strong>: mittaa kodin l\u00e4mmitykseen k\u00e4ytetty\u00e4 energiaa.<\/li>\n\n\n\n<li class=\" eplus-wrapper\"><strong>Asentajalle<\/strong>: asennusten suorituskyvyn ja toiminnan tietojen tarkasteluun et\u00e4n\u00e4.<\/li>\n<\/ul><div class=\"wp-block-image is-resized\">\n<figure class=\"aligncenter size-large eplus-wrapper\"><img loading=\"lazy\" decoding=\"async\" width=\"1024\" height=\"1024\" src=\"https:\/\/cdn.homewizard.com\/wp-content\/uploads\/2024\/04\/kWh_Meter_3-phase_HW_app_EN-1024x1024.png\" alt=\"\" class=\"wp-image-621149\" srcset=\"https:\/\/www.homewizard.com\/wp-content\/uploads\/2024\/04\/kWh_Meter_3-phase_HW_app_EN-1024x1024.png 1024w, https:\/\/www.homewizard.com\/wp-content\/uploads\/2024\/04\/kWh_Meter_3-phase_HW_app_EN-300x300.png 300w, https:\/\/www.homewizard.com\/wp-content\/uploads\/2024\/04\/kWh_Meter_3-phase_HW_app_EN-150x150.png 150w, https:\/\/www.homewizard.com\/wp-content\/uploads\/2024\/04\/kWh_Meter_3-phase_HW_app_EN-768x768.png 768w, https:\/\/www.homewizard.com\/wp-content\/uploads\/2024\/04\/kWh_Meter_3-phase_HW_app_EN-500x500.png 500w, https:\/\/www.homewizard.com\/wp-content\/uploads\/2024\/04\/kWh_Meter_3-phase_HW_app_EN-800x800.png 800w, https:\/\/www.homewizard.com\/wp-content\/uploads\/2024\/04\/kWh_Meter_3-phase_HW_app_EN-124x124.png 124w\" sizes=\"auto, (max-width: 1024px) 100vw, 1024px\" \/><\/figure>\n<\/div>\n<h2 class=\" wp-block-heading eplus-wrapper\">Joustava asennus wifin avulla<\/h2>\n\n<p class=\" eplus-wrapper\">kWh Meter -mittarissa on sis\u00e4\u00e4nrakennettu wifi, ja se voidaan asentaa s\u00e4hk\u00f6keskukseen mitattavalle ryhm\u00e4lle. Eik\u00f6 tilaa ole? Voit asettaa sen my\u00f6s ullakolla olevan konvertterin viereen, latausasemaan tai kytkinrasiaan.<\/p>\n\n<h2 class=\" wp-block-heading eplus-wrapper\">Pakkauksen sis\u00e4lt\u00f6<\/h2>\n<ul class=\"eplus-wrapper wp-block-list eplus-styles-uid-969f1e\">\n<li class=\" eplus-wrapper\">kWh Meter<\/li>\n\n\n\n<li class=\" eplus-wrapper\">Pikaopas<br><\/li>\n<\/ul>\n<p class=\" eplus-wrapper\"><a href=\"https:\/\/www.homewizard.com\/fi\/kwh-meter\/\">Lis\u00e4tietoja kWh Meter -mittarista<\/a><\/p>\n\n<p class=\" eplus-wrapper\"><\/p>\n","protected":false},"excerpt":{"rendered":"<p>Mittaa aurinkopaneeleita, autojen latausasemia ja paljon muuta.<\/p>\n","protected":false},"featured_media":621187,"template":"","meta":{"_acf_changed":false,"editor_plus_copied_stylings":"{}"},"product_brand":[],"product_cat":[218,219],"product_tag":[],"class_list":{"0":"post-489214","1":"product","2":"type-product","3":"status-publish","4":"has-post-thumbnail","6":"product_cat-kaikki","7":"product_cat-tuotteet","9":"first","10":"instock","11":"taxable","12":"shipping-taxable","13":"purchasable","14":"product-type-simple"},"acf":[],"yoast_head":"<!-- This site is optimized with the Yoast SEO plugin v27.0 - https:\/\/yoast.com\/product\/yoast-seo-wordpress\/ -->\n<title>Wi-Fi kWh meter 1-phase MID - HomeWizard<\/title>\n<meta name=\"description\" content=\"Mittaa kaikkien laitteiden energiankulutusta HomeWizard Wi-Fi kWh Meter -mittarilla. Tarkastele reaaliaikaista kulutusta tai kauniita historiakaavioita Energy-sovelluksella.\" \/>\n<meta name=\"robots\" content=\"index, follow, max-snippet:-1, max-image-preview:large, max-video-preview:-1\" \/>\n<link rel=\"canonical\" href=\"https:\/\/www.homewizard.com\/fi\/kauppa\/wi-fi-kwh-meter-1-phase\/\" \/>\n<meta property=\"og:locale\" content=\"fi_FI\" \/>\n<meta property=\"og:type\" content=\"article\" \/>\n<meta property=\"og:title\" content=\"Wi-Fi kWh meter 1-phase MID - HomeWizard\" \/>\n<meta property=\"og:description\" content=\"Mittaa kaikkien laitteiden energiankulutusta HomeWizard Wi-Fi kWh Meter -mittarilla. Tarkastele reaaliaikaista kulutusta tai kauniita historiakaavioita Energy-sovelluksella.\" \/>\n<meta property=\"og:url\" content=\"https:\/\/www.homewizard.com\/fi\/kauppa\/wi-fi-kwh-meter-1-phase\/\" \/>\n<meta property=\"og:site_name\" content=\"HomeWizard\" \/>\n<meta property=\"article:publisher\" content=\"https:\/\/www.facebook.com\/HomeWizardBV\/\" \/>\n<meta property=\"article:modified_time\" content=\"2026-03-13T14:13:47+00:00\" \/>\n<meta property=\"og:image\" content=\"https:\/\/www.homewizard.com\/wp-content\/uploads\/2021\/12\/kWh-Meter-1-phase-HW-shop.png\" \/>\n\t<meta property=\"og:image:width\" content=\"800\" \/>\n\t<meta property=\"og:image:height\" content=\"800\" \/>\n\t<meta property=\"og:image:type\" content=\"image\/png\" \/>\n<meta name=\"twitter:card\" content=\"summary_large_image\" \/>\n<meta name=\"twitter:site\" content=\"@HomeWizard_NL\" \/>\n<meta name=\"twitter:label1\" content=\"Arvioitu lukuaika\" \/>\n\t<meta name=\"twitter:data1\" content=\"1 minuutti\" \/>\n<script type=\"application\/ld+json\" class=\"yoast-schema-graph\">{\"@context\":\"https:\/\/schema.org\",\"@graph\":[{\"@type\":\"WebPage\",\"@id\":\"https:\/\/www.homewizard.com\/fi\/kauppa\/wi-fi-kwh-meter-1-phase\/\",\"url\":\"https:\/\/www.homewizard.com\/fi\/kauppa\/wi-fi-kwh-meter-1-phase\/\",\"name\":\"Wi-Fi kWh meter 1-phase MID - HomeWizard\",\"isPartOf\":{\"@id\":\"https:\/\/www.homewizard.com\/fi\/#website\"},\"primaryImageOfPage\":{\"@id\":\"https:\/\/www.homewizard.com\/fi\/kauppa\/wi-fi-kwh-meter-1-phase\/#primaryimage\"},\"image\":{\"@id\":\"https:\/\/www.homewizard.com\/fi\/kauppa\/wi-fi-kwh-meter-1-phase\/#primaryimage\"},\"thumbnailUrl\":\"https:\/\/www.homewizard.com\/wp-content\/uploads\/2021\/12\/kWh-Meter-1-phase-HW-shop.png\",\"datePublished\":\"2021-12-06T16:16:49+00:00\",\"dateModified\":\"2026-03-13T14:13:47+00:00\",\"description\":\"Mittaa kaikkien laitteiden energiankulutusta HomeWizard Wi-Fi kWh Meter -mittarilla. Tarkastele reaaliaikaista kulutusta tai kauniita historiakaavioita Energy-sovelluksella.\",\"breadcrumb\":{\"@id\":\"https:\/\/www.homewizard.com\/fi\/kauppa\/wi-fi-kwh-meter-1-phase\/#breadcrumb\"},\"inLanguage\":\"fi\",\"potentialAction\":[{\"@type\":\"ReadAction\",\"target\":[\"https:\/\/www.homewizard.com\/fi\/kauppa\/wi-fi-kwh-meter-1-phase\/\"]}]},{\"@type\":\"ImageObject\",\"inLanguage\":\"fi\",\"@id\":\"https:\/\/www.homewizard.com\/fi\/kauppa\/wi-fi-kwh-meter-1-phase\/#primaryimage\",\"url\":\"https:\/\/www.homewizard.com\/wp-content\/uploads\/2021\/12\/kWh-Meter-1-phase-HW-shop.png\",\"contentUrl\":\"https:\/\/www.homewizard.com\/wp-content\/uploads\/2021\/12\/kWh-Meter-1-phase-HW-shop.png\",\"width\":800,\"height\":800},{\"@type\":\"BreadcrumbList\",\"@id\":\"https:\/\/www.homewizard.com\/fi\/kauppa\/wi-fi-kwh-meter-1-phase\/#breadcrumb\",\"itemListElement\":[{\"@type\":\"ListItem\",\"position\":1,\"name\":\"Home\",\"item\":\"https:\/\/www.homewizard.com\/fi\/\"},{\"@type\":\"ListItem\",\"position\":2,\"name\":\"Kauppa\",\"item\":\"https:\/\/www.homewizard.com\/fi\/kauppa\/\"},{\"@type\":\"ListItem\",\"position\":3,\"name\":\"Wi-Fi kWh meter 1-phase MID\"}]},{\"@type\":\"WebSite\",\"@id\":\"https:\/\/www.homewizard.com\/fi\/#website\",\"url\":\"https:\/\/www.homewizard.com\/fi\/\",\"name\":\"HomeWizard\",\"description\":\"HomeWizard Energy\",\"publisher\":{\"@id\":\"https:\/\/www.homewizard.com\/fi\/#organization\"},\"potentialAction\":[{\"@type\":\"SearchAction\",\"target\":{\"@type\":\"EntryPoint\",\"urlTemplate\":\"https:\/\/www.homewizard.com\/fi\/?s={search_term_string}\"},\"query-input\":{\"@type\":\"PropertyValueSpecification\",\"valueRequired\":true,\"valueName\":\"search_term_string\"}}],\"inLanguage\":\"fi\"},{\"@type\":\"Organization\",\"@id\":\"https:\/\/www.homewizard.com\/fi\/#organization\",\"name\":\"HomeWizard\",\"url\":\"https:\/\/www.homewizard.com\/fi\/\",\"logo\":{\"@type\":\"ImageObject\",\"inLanguage\":\"fi\",\"@id\":\"https:\/\/www.homewizard.com\/fi\/#\/schema\/logo\/image\/\",\"url\":\"https:\/\/www.homewizard.com\/wp-content\/uploads\/2023\/06\/HomeWizard-icon-on-black.png\",\"contentUrl\":\"https:\/\/www.homewizard.com\/wp-content\/uploads\/2023\/06\/HomeWizard-icon-on-black.png\",\"width\":500,\"height\":500,\"caption\":\"HomeWizard\"},\"image\":{\"@id\":\"https:\/\/www.homewizard.com\/fi\/#\/schema\/logo\/image\/\"},\"sameAs\":[\"https:\/\/www.facebook.com\/HomeWizardBV\/\",\"https:\/\/x.com\/HomeWizard_NL\",\"https:\/\/www.youtube.com\/HomeWizardBV\",\"https:\/\/www.instagram.com\/homewizardenergy\/\"]}]}<\/script>\n<!-- \/ Yoast SEO plugin. -->","yoast_head_json":{"title":"Wi-Fi kWh meter 1-phase MID - HomeWizard","description":"Mittaa kaikkien laitteiden energiankulutusta HomeWizard Wi-Fi kWh Meter -mittarilla. Tarkastele reaaliaikaista kulutusta tai kauniita historiakaavioita Energy-sovelluksella.","robots":{"index":"index","follow":"follow","max-snippet":"max-snippet:-1","max-image-preview":"max-image-preview:large","max-video-preview":"max-video-preview:-1"},"canonical":"https:\/\/www.homewizard.com\/fi\/kauppa\/wi-fi-kwh-meter-1-phase\/","og_locale":"fi_FI","og_type":"article","og_title":"Wi-Fi kWh meter 1-phase MID - HomeWizard","og_description":"Mittaa kaikkien laitteiden energiankulutusta HomeWizard Wi-Fi kWh Meter -mittarilla. Tarkastele reaaliaikaista kulutusta tai kauniita historiakaavioita Energy-sovelluksella.","og_url":"https:\/\/www.homewizard.com\/fi\/kauppa\/wi-fi-kwh-meter-1-phase\/","og_site_name":"HomeWizard","article_publisher":"https:\/\/www.facebook.com\/HomeWizardBV\/","article_modified_time":"2026-03-13T14:13:47+00:00","og_image":[{"width":800,"height":800,"url":"https:\/\/www.homewizard.com\/wp-content\/uploads\/2021\/12\/kWh-Meter-1-phase-HW-shop.png","type":"image\/png"}],"twitter_card":"summary_large_image","twitter_site":"@HomeWizard_NL","twitter_misc":{"Arvioitu lukuaika":"1 minuutti"},"schema":{"@context":"https:\/\/schema.org","@graph":[{"@type":"WebPage","@id":"https:\/\/www.homewizard.com\/fi\/kauppa\/wi-fi-kwh-meter-1-phase\/","url":"https:\/\/www.homewizard.com\/fi\/kauppa\/wi-fi-kwh-meter-1-phase\/","name":"Wi-Fi kWh meter 1-phase MID - HomeWizard","isPartOf":{"@id":"https:\/\/www.homewizard.com\/fi\/#website"},"primaryImageOfPage":{"@id":"https:\/\/www.homewizard.com\/fi\/kauppa\/wi-fi-kwh-meter-1-phase\/#primaryimage"},"image":{"@id":"https:\/\/www.homewizard.com\/fi\/kauppa\/wi-fi-kwh-meter-1-phase\/#primaryimage"},"thumbnailUrl":"https:\/\/www.homewizard.com\/wp-content\/uploads\/2021\/12\/kWh-Meter-1-phase-HW-shop.png","datePublished":"2021-12-06T16:16:49+00:00","dateModified":"2026-03-13T14:13:47+00:00","description":"Mittaa kaikkien laitteiden energiankulutusta HomeWizard Wi-Fi kWh Meter -mittarilla. Tarkastele reaaliaikaista kulutusta tai kauniita historiakaavioita Energy-sovelluksella.","breadcrumb":{"@id":"https:\/\/www.homewizard.com\/fi\/kauppa\/wi-fi-kwh-meter-1-phase\/#breadcrumb"},"inLanguage":"fi","potentialAction":[{"@type":"ReadAction","target":["https:\/\/www.homewizard.com\/fi\/kauppa\/wi-fi-kwh-meter-1-phase\/"]}]},{"@type":"ImageObject","inLanguage":"fi","@id":"https:\/\/www.homewizard.com\/fi\/kauppa\/wi-fi-kwh-meter-1-phase\/#primaryimage","url":"https:\/\/www.homewizard.com\/wp-content\/uploads\/2021\/12\/kWh-Meter-1-phase-HW-shop.png","contentUrl":"https:\/\/www.homewizard.com\/wp-content\/uploads\/2021\/12\/kWh-Meter-1-phase-HW-shop.png","width":800,"height":800},{"@type":"BreadcrumbList","@id":"https:\/\/www.homewizard.com\/fi\/kauppa\/wi-fi-kwh-meter-1-phase\/#breadcrumb","itemListElement":[{"@type":"ListItem","position":1,"name":"Home","item":"https:\/\/www.homewizard.com\/fi\/"},{"@type":"ListItem","position":2,"name":"Kauppa","item":"https:\/\/www.homewizard.com\/fi\/kauppa\/"},{"@type":"ListItem","position":3,"name":"Wi-Fi kWh meter 1-phase MID"}]},{"@type":"WebSite","@id":"https:\/\/www.homewizard.com\/fi\/#website","url":"https:\/\/www.homewizard.com\/fi\/","name":"HomeWizard","description":"HomeWizard Energy","publisher":{"@id":"https:\/\/www.homewizard.com\/fi\/#organization"},"potentialAction":[{"@type":"SearchAction","target":{"@type":"EntryPoint","urlTemplate":"https:\/\/www.homewizard.com\/fi\/?s={search_term_string}"},"query-input":{"@type":"PropertyValueSpecification","valueRequired":true,"valueName":"search_term_string"}}],"inLanguage":"fi"},{"@type":"Organization","@id":"https:\/\/www.homewizard.com\/fi\/#organization","name":"HomeWizard","url":"https:\/\/www.homewizard.com\/fi\/","logo":{"@type":"ImageObject","inLanguage":"fi","@id":"https:\/\/www.homewizard.com\/fi\/#\/schema\/logo\/image\/","url":"https:\/\/www.homewizard.com\/wp-content\/uploads\/2023\/06\/HomeWizard-icon-on-black.png","contentUrl":"https:\/\/www.homewizard.com\/wp-content\/uploads\/2023\/06\/HomeWizard-icon-on-black.png","width":500,"height":500,"caption":"HomeWizard"},"image":{"@id":"https:\/\/www.homewizard.com\/fi\/#\/schema\/logo\/image\/"},"sameAs":["https:\/\/www.facebook.com\/HomeWizardBV\/","https:\/\/x.com\/HomeWizard_NL","https:\/\/www.youtube.com\/HomeWizardBV","https:\/\/www.instagram.com\/homewizardenergy\/"]}]}},"_links":{"self":[{"href":"https:\/\/www.homewizard.com\/fi\/wp-json\/wp\/v2\/product\/489214","targetHints":{"allow":["GET"]}}],"collection":[{"href":"https:\/\/www.homewizard.com\/fi\/wp-json\/wp\/v2\/product"}],"about":[{"href":"https:\/\/www.homewizard.com\/fi\/wp-json\/wp\/v2\/types\/product"}],"wp:featuredmedia":[{"embeddable":true,"href":"https:\/\/www.homewizard.com\/fi\/wp-json\/wp\/v2\/media\/621187"}],"wp:attachment":[{"href":"https:\/\/www.homewizard.com\/fi\/wp-json\/wp\/v2\/media?parent=489214"}],"wp:term":[{"taxonomy":"product_brand","embeddable":true,"href":"https:\/\/www.homewizard.com\/fi\/wp-json\/wp\/v2\/product_brand?post=489214"},{"taxonomy":"product_cat","embeddable":true,"href":"https:\/\/www.homewizard.com\/fi\/wp-json\/wp\/v2\/product_cat?post=489214"},{"taxonomy":"product_tag","embeddable":true,"href":"https:\/\/www.homewizard.com\/fi\/wp-json\/wp\/v2\/product_tag?post=489214"}],"curies":[{"name":"wp","href":"https:\/\/api.w.org\/{rel}","templated":true}]}}