{"id":489205,"date":"2022-06-03T11:02:27","date_gmt":"2022-06-03T09:02:27","guid":{"rendered":"https:\/\/www.homewizard.com\/shop\/wi-fi-watermeter\/"},"modified":"2026-04-25T18:20:00","modified_gmt":"2026-04-25T16:20:00","slug":"wi-fi-watermeter","status":"publish","type":"product","link":"https:\/\/www.homewizard.com\/fi\/kauppa\/wi-fi-watermeter\/","title":{"rendered":"Wi-Fi Watermeter"},"content":{"rendered":"\n<p class=\" eplus-wrapper\">Pienenn\u00e4 vesilaskua Watermeter-\u00e4lyvesimittarilla! HomeWizard Watermeter tarjoaa tietoa vedenkulutuksestasi. Sen avulla voit tiet\u00e4\u00e4 tarkalleen, paljonko vett\u00e4 k\u00e4yt\u00e4t kylpyammeen t\u00e4ytt\u00e4miseen, k\u00e4sien pesuun tai suihkuihin.<\/p>\n\n\n\n<p class=\" eplus-wrapper\">Voit liitt\u00e4\u00e4 mittarin itse: ammattiapua ei tarvita. Voit alkaa k\u00e4ytt\u00e4\u00e4 mittaria ja s\u00e4\u00e4st\u00e4\u00e4 vesilaskuissa vain muutamassa minuutissa.<\/p>\n\n\n\n<div class=\" wp-block-media-text has-media-on-the-right is-stacked-on-mobile eplus-wrapper\" style=\"grid-template-columns:auto 33%\"><div class=\"wp-block-media-text__content\">\n<h2 class=\" wp-block-heading eplus-wrapper\">Flexible application<\/h2>\n\n\n\n<p class=\" eplus-wrapper\">Voit yhdist\u00e4\u00e4 HomeWizardin Watermeter-\u00e4lyvesimittarin wifiin ja vesimittariisi. T\u00e4m\u00e4n j\u00e4lkeen Watermeter-\u00e4lyvesimittari lukee analogista vesimittariasi. Watermeter-\u00e4lyvesimittarin tekniset tiedot ovat seuraavat.<\/p>\n\n\n\n<p class=\" eplus-wrapper\"><strong>Lukee analogista vesimittaria.<\/strong><\/p>\n\n\n\n<p class=\" eplus-wrapper\">Mukana tulevan kiinnityssarjan avulla voit asentaa vesimittarin 2 minuutissa useimpiin olemassa oleviin Zennerin, Sensuksen, Itronin, Actaris-, Hidroconta-, Schlumberger-, Elster-, Honeywell-, Maddalena MVM-, DH Metering- ja Diehl Metering -analogisiin vesimittareihin. Napsauta vesimittari vain kiinnikkeeseen, yhdist\u00e4 Wi-Fi-yhteys ja olet valmis. Tarkista helpdesk-artikkelimme: <a href=\"https:\/\/helpdesk.homewizard.com\/articles\/6287701\">Toimiiko Watermeter-vesimittari analogisen vesimittarini kanssa, ja miten asennan sen?<\/a> ett\u00e4 se on yhteensopiva ja miten Watermeter asennetaan.<\/p>\n<\/div><figure class=\"wp-block-media-text__media\"><img loading=\"lazy\" decoding=\"async\" width=\"700\" height=\"746\" src=\"https:\/\/www.homewizard.com\/wp-content\/uploads\/2023\/02\/homewizard-watermeter-mounting.png\" alt=\"\" class=\"wp-image-261356 size-full\" srcset=\"https:\/\/www.homewizard.com\/wp-content\/uploads\/2023\/02\/homewizard-watermeter-mounting.png 700w, https:\/\/www.homewizard.com\/wp-content\/uploads\/2023\/02\/homewizard-watermeter-mounting-282x300.png 282w, https:\/\/www.homewizard.com\/wp-content\/uploads\/2023\/02\/homewizard-watermeter-mounting-600x639.png 600w\" sizes=\"auto, (max-width: 700px) 100vw, 700px\" \/><\/figure><\/div>\n\n\n\n<p class=\" eplus-wrapper\"><strong>Toimii kaapelilla tai paristolla<\/strong><\/p>\n\n\n\n<p class=\" eplus-wrapper\">Watermeter-\u00e4lyvesimittarin virransy\u00f6tt\u00f6\u00f6n voidaan k\u00e4ytt\u00e4\u00e4 kaapelia. Laite voi mitata jopa 200 litraa minuutissa \u2013 enemm\u00e4n kuin tarpeeksi kaikissa tavallisissa kotitalouksissa! Mittari l\u00e4hett\u00e4\u00e4 tiedot reaaliajassa maksuttomaan sovellukseemme. N\u00e4in voit perehty\u00e4 vedenkulutukseesi ja s\u00e4\u00e4st\u00e4\u00e4 vett\u00e4 tietojen avulla.<\/p>\n\n\n\n<p class=\" eplus-wrapper\">Eik\u00f6 sinulla ole pistorasiaa vesimittarin l\u00e4hell\u00e4? Ei h\u00e4t\u00e4\u00e4! WiFi Watermeter toimii my\u00f6s pattereilla, jotka voit tilata yhdess\u00e4 mittarin kanssa. Mittari kest\u00e4\u00e4 yhdell\u00e4 paristosarjalla jopa vuoden ja voi mitata enint\u00e4\u00e4n 30 litraa minuutissa. T\u00e4ss\u00e4 tapauksessa tiedot l\u00e4hetet\u00e4\u00e4n sovellukseen nelj\u00e4 kertaa p\u00e4iv\u00e4ss\u00e4.<\/p>\n\n\n\n<div style=\"height:15px\" aria-hidden=\"true\" class=\" wp-block-spacer eplus-wrapper\"><\/div>\n\n\n\n<p class=\" eplus-wrapper\"><strong>Mittaa vedenkulutustasi helposti ja tarkasti<\/strong><\/p>\n\n\n\n<p class=\" eplus-wrapper\">Kuten aiemmin on kuvattu, Watermeter voi mitata enint\u00e4\u00e4n 30 litraa minuutissa paristok\u00e4yt\u00f6ss\u00e4 ja 200 litraa minuutissa kaapelik\u00e4yt\u00f6ss\u00e4. <a href=\"https:\/\/www.energysavingtrust.org.uk\/sites\/default\/files\/reports\/AtHomewithWater%287%29.pdf\">Energy Saving Trust -organisaation vuoden 2013 raportin<\/a> mukaan keskivertotalouksissa k\u00e4ytet\u00e4\u00e4n noin 349 litraa vett\u00e4 vuorokaudessa. Raportissa mainitaan, ett\u00e4 suihku kuluttaa keskim\u00e4\u00e4rin kahdeksan litraa vett\u00e4 minuutissa. T\u00e4m\u00e4 tarkoittaa, ett\u00e4 Watermeter voi mitata enemm\u00e4n kuin tarpeeksi!<\/p>\n\n\n\n<h2 class=\" wp-block-heading eplus-wrapper\"><strong>Tietoja v\u00e4litt\u00f6m\u00e4sti maksuttomalla sovelluksella<\/strong><\/h2>\n\n\n\n<p class=\" eplus-wrapper\">Watermeter tekee vedenkulutuksen seuraamisesta helppoa! Lis\u00e4\u00e4 Watermeter <a href=\"https:\/\/helpdesk.homewizard.com\/en\/collections\/3319573-using-homewizard-energy\">HomeWizard -sovellukseen<\/a>, niin saat v\u00e4litt\u00f6m\u00e4sti tietoja vedenkulutuksestasi. T\u00e4m\u00e4n avulla voit tarvittaessa s\u00e4\u00e4t\u00e4\u00e4 kulutusta ajoissa. HomeWizard-sovellus on saatavilla <a href=\"https:\/\/play.google.com\/store\/apps\/details?id=nl.homewizard.android.energy&amp;pcampaignid=pcampaignidMKT-Other-global-all-co-prtnr-py-PartBadge-Mar2515-1\">Android<\/a>&#8211; ja <a href=\"https:\/\/apps.apple.com\/us\/app\/homewizard-energy\/id1492427207?ign-itscg=30200&amp;ign-itsct=apps_box_badge\">iOS<\/a>-laitteille.<\/p>\n\n\n<div class=\"wp-block-image is-resized\">\n<figure class=\"aligncenter size-full eplus-wrapper\"><img loading=\"lazy\" decoding=\"async\" width=\"1236\" height=\"2560\" src=\"https:\/\/www.homewizard.com\/wp-content\/uploads\/2025\/12\/Iphone-staand-front-all-ebike-gescrolld-water-boven-EN-1-scaled.png\" alt=\"\" class=\"wp-image-1930287\" style=\"width:250px\" srcset=\"https:\/\/www.homewizard.com\/wp-content\/uploads\/2025\/12\/Iphone-staand-front-all-ebike-gescrolld-water-boven-EN-1-scaled.png 1236w, https:\/\/www.homewizard.com\/wp-content\/uploads\/2025\/12\/Iphone-staand-front-all-ebike-gescrolld-water-boven-EN-1-145x300.png 145w, https:\/\/www.homewizard.com\/wp-content\/uploads\/2025\/12\/Iphone-staand-front-all-ebike-gescrolld-water-boven-EN-1-494x1024.png 494w, https:\/\/www.homewizard.com\/wp-content\/uploads\/2025\/12\/Iphone-staand-front-all-ebike-gescrolld-water-boven-EN-1-768x1591.png 768w, https:\/\/www.homewizard.com\/wp-content\/uploads\/2025\/12\/Iphone-staand-front-all-ebike-gescrolld-water-boven-EN-1-741x1536.png 741w, https:\/\/www.homewizard.com\/wp-content\/uploads\/2025\/12\/Iphone-staand-front-all-ebike-gescrolld-water-boven-EN-1-989x2048.png 989w, https:\/\/www.homewizard.com\/wp-content\/uploads\/2025\/12\/Iphone-staand-front-all-ebike-gescrolld-water-boven-EN-1-800x1657.png 800w\" sizes=\"auto, (max-width: 1236px) 100vw, 1236px\" \/><\/figure>\n<\/div>\n\n\n<p class=\" eplus-wrapper\"><\/p>\n\n\n\n<h2 class=\" wp-block-heading eplus-wrapper\"><strong>Mit\u00e4 pakkaus sis\u00e4lt\u00e4\u00e4?<\/strong><\/h2>\n\n\n\n<p class=\" eplus-wrapper\">Pakkaus sis\u00e4lt\u00e4\u00e4 kaiken, mit\u00e4 tarvitset Watermeter-\u00e4lyvesimittarin k\u00e4yt\u00f6n aloitukseen. Pakkaus sis\u00e4lt\u00e4\u00e4 seuraavat:<\/p>\n\n\n<ul class=\" wp-block-list eplus-wrapper eplus-styles-uid-29b9a1\">\n<li class=\" eplus-wrapper\">Watermeter-\u00e4lyvesimittari<\/li>\n\n\n\n<li class=\" eplus-wrapper\">Watermeter-\u00e4lyvesimittarin sovitin.<\/li>\n\n\n\n<li class=\" eplus-wrapper\">5 V:n USB-virtal\u00e4hde<\/li>\n\n\n\n<li class=\" eplus-wrapper\">Kolmen metrin USB-C-kaapeli<\/li>\n\n\n\n<li class=\" eplus-wrapper\">Pikaopas<\/li>\n<\/ul>","protected":false},"excerpt":{"rendered":"<p>Reaaliaikaista tietoa vedenkulutuksesta<\/p>\n","protected":false},"featured_media":455174,"template":"","meta":{"_acf_changed":false,"editor_plus_copied_stylings":"{}"},"product_brand":[],"product_cat":[218,219],"product_tag":[],"class_list":{"0":"post-489205","1":"product","2":"type-product","3":"status-publish","4":"has-post-thumbnail","6":"product_cat-kaikki","7":"product_cat-tuotteet","9":"first","10":"instock","11":"taxable","12":"shipping-taxable","13":"purchasable","14":"product-type-simple"},"acf":[],"yoast_head":"<!-- This site is optimized with the Yoast SEO plugin v27.0 - https:\/\/yoast.com\/product\/yoast-seo-wordpress\/ -->\n<title>Tilaa Wi-Fi Watermeter -\u00e4lyvesimittari! - HomeWizard<\/title>\n<meta name=\"description\" content=\"Tilaa HomeWizardin \u00e4lyvesimittari ja perehdy vedenkulutukseesi! \u2713 Nopea toimitus \u2713 Kahden vuoden takuu \u2713 Ilmainen toimitus 75 eurosta alkaen\" \/>\n<meta name=\"robots\" content=\"index, follow, max-snippet:-1, max-image-preview:large, max-video-preview:-1\" \/>\n<link rel=\"canonical\" href=\"https:\/\/www.homewizard.com\/fi\/kauppa\/wi-fi-watermeter\/\" \/>\n<meta property=\"og:locale\" content=\"fi_FI\" \/>\n<meta property=\"og:type\" content=\"article\" \/>\n<meta property=\"og:title\" content=\"Tilaa Wi-Fi Watermeter -\u00e4lyvesimittari! - HomeWizard\" \/>\n<meta property=\"og:description\" content=\"Tilaa HomeWizardin \u00e4lyvesimittari ja perehdy vedenkulutukseesi! \u2713 Nopea toimitus \u2713 Kahden vuoden takuu \u2713 Ilmainen toimitus 75 eurosta alkaen\" \/>\n<meta property=\"og:url\" content=\"https:\/\/www.homewizard.com\/fi\/kauppa\/wi-fi-watermeter\/\" \/>\n<meta property=\"og:site_name\" content=\"HomeWizard\" \/>\n<meta property=\"article:publisher\" content=\"https:\/\/www.facebook.com\/HomeWizardBV\/\" \/>\n<meta property=\"article:modified_time\" content=\"2026-04-25T16:20:00+00:00\" \/>\n<meta property=\"og:image\" content=\"https:\/\/www.homewizard.com\/wp-content\/uploads\/2022\/06\/Watermeter_side.png\" \/>\n\t<meta property=\"og:image:width\" content=\"1900\" \/>\n\t<meta property=\"og:image:height\" content=\"1900\" \/>\n\t<meta property=\"og:image:type\" content=\"image\/png\" \/>\n<meta name=\"twitter:card\" content=\"summary_large_image\" \/>\n<meta name=\"twitter:site\" content=\"@HomeWizard_NL\" \/>\n<meta name=\"twitter:label1\" content=\"Arvioitu lukuaika\" \/>\n\t<meta name=\"twitter:data1\" content=\"2 minuuttia\" \/>\n<script type=\"application\/ld+json\" class=\"yoast-schema-graph\">{\"@context\":\"https:\/\/schema.org\",\"@graph\":[{\"@type\":\"WebPage\",\"@id\":\"https:\/\/www.homewizard.com\/fi\/kauppa\/wi-fi-watermeter\/\",\"url\":\"https:\/\/www.homewizard.com\/fi\/kauppa\/wi-fi-watermeter\/\",\"name\":\"Tilaa Wi-Fi Watermeter -\u00e4lyvesimittari! - HomeWizard\",\"isPartOf\":{\"@id\":\"https:\/\/www.homewizard.com\/fi\/#website\"},\"primaryImageOfPage\":{\"@id\":\"https:\/\/www.homewizard.com\/fi\/kauppa\/wi-fi-watermeter\/#primaryimage\"},\"image\":{\"@id\":\"https:\/\/www.homewizard.com\/fi\/kauppa\/wi-fi-watermeter\/#primaryimage\"},\"thumbnailUrl\":\"https:\/\/www.homewizard.com\/wp-content\/uploads\/2022\/06\/Watermeter_side.png\",\"datePublished\":\"2022-06-03T09:02:27+00:00\",\"dateModified\":\"2026-04-25T16:20:00+00:00\",\"description\":\"Tilaa HomeWizardin \u00e4lyvesimittari ja perehdy vedenkulutukseesi! \u2713 Nopea toimitus \u2713 Kahden vuoden takuu \u2713 Ilmainen toimitus 75 eurosta alkaen\",\"breadcrumb\":{\"@id\":\"https:\/\/www.homewizard.com\/fi\/kauppa\/wi-fi-watermeter\/#breadcrumb\"},\"inLanguage\":\"fi\",\"potentialAction\":[{\"@type\":\"ReadAction\",\"target\":[\"https:\/\/www.homewizard.com\/fi\/kauppa\/wi-fi-watermeter\/\"]}]},{\"@type\":\"ImageObject\",\"inLanguage\":\"fi\",\"@id\":\"https:\/\/www.homewizard.com\/fi\/kauppa\/wi-fi-watermeter\/#primaryimage\",\"url\":\"https:\/\/www.homewizard.com\/wp-content\/uploads\/2022\/06\/Watermeter_side.png\",\"contentUrl\":\"https:\/\/www.homewizard.com\/wp-content\/uploads\/2022\/06\/Watermeter_side.png\",\"width\":1900,\"height\":1900},{\"@type\":\"BreadcrumbList\",\"@id\":\"https:\/\/www.homewizard.com\/fi\/kauppa\/wi-fi-watermeter\/#breadcrumb\",\"itemListElement\":[{\"@type\":\"ListItem\",\"position\":1,\"name\":\"Home\",\"item\":\"https:\/\/www.homewizard.com\/fi\/\"},{\"@type\":\"ListItem\",\"position\":2,\"name\":\"Kauppa\",\"item\":\"https:\/\/www.homewizard.com\/fi\/kauppa\/\"},{\"@type\":\"ListItem\",\"position\":3,\"name\":\"Wi-Fi Watermeter\"}]},{\"@type\":\"WebSite\",\"@id\":\"https:\/\/www.homewizard.com\/fi\/#website\",\"url\":\"https:\/\/www.homewizard.com\/fi\/\",\"name\":\"HomeWizard\",\"description\":\"HomeWizard Energy\",\"publisher\":{\"@id\":\"https:\/\/www.homewizard.com\/fi\/#organization\"},\"potentialAction\":[{\"@type\":\"SearchAction\",\"target\":{\"@type\":\"EntryPoint\",\"urlTemplate\":\"https:\/\/www.homewizard.com\/fi\/?s={search_term_string}\"},\"query-input\":{\"@type\":\"PropertyValueSpecification\",\"valueRequired\":true,\"valueName\":\"search_term_string\"}}],\"inLanguage\":\"fi\"},{\"@type\":\"Organization\",\"@id\":\"https:\/\/www.homewizard.com\/fi\/#organization\",\"name\":\"HomeWizard\",\"url\":\"https:\/\/www.homewizard.com\/fi\/\",\"logo\":{\"@type\":\"ImageObject\",\"inLanguage\":\"fi\",\"@id\":\"https:\/\/www.homewizard.com\/fi\/#\/schema\/logo\/image\/\",\"url\":\"https:\/\/www.homewizard.com\/wp-content\/uploads\/2023\/06\/HomeWizard-icon-on-black.png\",\"contentUrl\":\"https:\/\/www.homewizard.com\/wp-content\/uploads\/2023\/06\/HomeWizard-icon-on-black.png\",\"width\":500,\"height\":500,\"caption\":\"HomeWizard\"},\"image\":{\"@id\":\"https:\/\/www.homewizard.com\/fi\/#\/schema\/logo\/image\/\"},\"sameAs\":[\"https:\/\/www.facebook.com\/HomeWizardBV\/\",\"https:\/\/x.com\/HomeWizard_NL\",\"https:\/\/www.youtube.com\/HomeWizardBV\",\"https:\/\/www.instagram.com\/homewizardenergy\/\"]}]}<\/script>\n<!-- \/ Yoast SEO plugin. -->","yoast_head_json":{"title":"Tilaa Wi-Fi Watermeter -\u00e4lyvesimittari! - HomeWizard","description":"Tilaa HomeWizardin \u00e4lyvesimittari ja perehdy vedenkulutukseesi! \u2713 Nopea toimitus \u2713 Kahden vuoden takuu \u2713 Ilmainen toimitus 75 eurosta alkaen","robots":{"index":"index","follow":"follow","max-snippet":"max-snippet:-1","max-image-preview":"max-image-preview:large","max-video-preview":"max-video-preview:-1"},"canonical":"https:\/\/www.homewizard.com\/fi\/kauppa\/wi-fi-watermeter\/","og_locale":"fi_FI","og_type":"article","og_title":"Tilaa Wi-Fi Watermeter -\u00e4lyvesimittari! - HomeWizard","og_description":"Tilaa HomeWizardin \u00e4lyvesimittari ja perehdy vedenkulutukseesi! \u2713 Nopea toimitus \u2713 Kahden vuoden takuu \u2713 Ilmainen toimitus 75 eurosta alkaen","og_url":"https:\/\/www.homewizard.com\/fi\/kauppa\/wi-fi-watermeter\/","og_site_name":"HomeWizard","article_publisher":"https:\/\/www.facebook.com\/HomeWizardBV\/","article_modified_time":"2026-04-25T16:20:00+00:00","og_image":[{"width":1900,"height":1900,"url":"https:\/\/www.homewizard.com\/wp-content\/uploads\/2022\/06\/Watermeter_side.png","type":"image\/png"}],"twitter_card":"summary_large_image","twitter_site":"@HomeWizard_NL","twitter_misc":{"Arvioitu lukuaika":"2 minuuttia"},"schema":{"@context":"https:\/\/schema.org","@graph":[{"@type":"WebPage","@id":"https:\/\/www.homewizard.com\/fi\/kauppa\/wi-fi-watermeter\/","url":"https:\/\/www.homewizard.com\/fi\/kauppa\/wi-fi-watermeter\/","name":"Tilaa Wi-Fi Watermeter -\u00e4lyvesimittari! - HomeWizard","isPartOf":{"@id":"https:\/\/www.homewizard.com\/fi\/#website"},"primaryImageOfPage":{"@id":"https:\/\/www.homewizard.com\/fi\/kauppa\/wi-fi-watermeter\/#primaryimage"},"image":{"@id":"https:\/\/www.homewizard.com\/fi\/kauppa\/wi-fi-watermeter\/#primaryimage"},"thumbnailUrl":"https:\/\/www.homewizard.com\/wp-content\/uploads\/2022\/06\/Watermeter_side.png","datePublished":"2022-06-03T09:02:27+00:00","dateModified":"2026-04-25T16:20:00+00:00","description":"Tilaa HomeWizardin \u00e4lyvesimittari ja perehdy vedenkulutukseesi! \u2713 Nopea toimitus \u2713 Kahden vuoden takuu \u2713 Ilmainen toimitus 75 eurosta alkaen","breadcrumb":{"@id":"https:\/\/www.homewizard.com\/fi\/kauppa\/wi-fi-watermeter\/#breadcrumb"},"inLanguage":"fi","potentialAction":[{"@type":"ReadAction","target":["https:\/\/www.homewizard.com\/fi\/kauppa\/wi-fi-watermeter\/"]}]},{"@type":"ImageObject","inLanguage":"fi","@id":"https:\/\/www.homewizard.com\/fi\/kauppa\/wi-fi-watermeter\/#primaryimage","url":"https:\/\/www.homewizard.com\/wp-content\/uploads\/2022\/06\/Watermeter_side.png","contentUrl":"https:\/\/www.homewizard.com\/wp-content\/uploads\/2022\/06\/Watermeter_side.png","width":1900,"height":1900},{"@type":"BreadcrumbList","@id":"https:\/\/www.homewizard.com\/fi\/kauppa\/wi-fi-watermeter\/#breadcrumb","itemListElement":[{"@type":"ListItem","position":1,"name":"Home","item":"https:\/\/www.homewizard.com\/fi\/"},{"@type":"ListItem","position":2,"name":"Kauppa","item":"https:\/\/www.homewizard.com\/fi\/kauppa\/"},{"@type":"ListItem","position":3,"name":"Wi-Fi Watermeter"}]},{"@type":"WebSite","@id":"https:\/\/www.homewizard.com\/fi\/#website","url":"https:\/\/www.homewizard.com\/fi\/","name":"HomeWizard","description":"HomeWizard Energy","publisher":{"@id":"https:\/\/www.homewizard.com\/fi\/#organization"},"potentialAction":[{"@type":"SearchAction","target":{"@type":"EntryPoint","urlTemplate":"https:\/\/www.homewizard.com\/fi\/?s={search_term_string}"},"query-input":{"@type":"PropertyValueSpecification","valueRequired":true,"valueName":"search_term_string"}}],"inLanguage":"fi"},{"@type":"Organization","@id":"https:\/\/www.homewizard.com\/fi\/#organization","name":"HomeWizard","url":"https:\/\/www.homewizard.com\/fi\/","logo":{"@type":"ImageObject","inLanguage":"fi","@id":"https:\/\/www.homewizard.com\/fi\/#\/schema\/logo\/image\/","url":"https:\/\/www.homewizard.com\/wp-content\/uploads\/2023\/06\/HomeWizard-icon-on-black.png","contentUrl":"https:\/\/www.homewizard.com\/wp-content\/uploads\/2023\/06\/HomeWizard-icon-on-black.png","width":500,"height":500,"caption":"HomeWizard"},"image":{"@id":"https:\/\/www.homewizard.com\/fi\/#\/schema\/logo\/image\/"},"sameAs":["https:\/\/www.facebook.com\/HomeWizardBV\/","https:\/\/x.com\/HomeWizard_NL","https:\/\/www.youtube.com\/HomeWizardBV","https:\/\/www.instagram.com\/homewizardenergy\/"]}]}},"_links":{"self":[{"href":"https:\/\/www.homewizard.com\/fi\/wp-json\/wp\/v2\/product\/489205","targetHints":{"allow":["GET"]}}],"collection":[{"href":"https:\/\/www.homewizard.com\/fi\/wp-json\/wp\/v2\/product"}],"about":[{"href":"https:\/\/www.homewizard.com\/fi\/wp-json\/wp\/v2\/types\/product"}],"wp:featuredmedia":[{"embeddable":true,"href":"https:\/\/www.homewizard.com\/fi\/wp-json\/wp\/v2\/media\/455174"}],"wp:attachment":[{"href":"https:\/\/www.homewizard.com\/fi\/wp-json\/wp\/v2\/media?parent=489205"}],"wp:term":[{"taxonomy":"product_brand","embeddable":true,"href":"https:\/\/www.homewizard.com\/fi\/wp-json\/wp\/v2\/product_brand?post=489205"},{"taxonomy":"product_cat","embeddable":true,"href":"https:\/\/www.homewizard.com\/fi\/wp-json\/wp\/v2\/product_cat?post=489205"},{"taxonomy":"product_tag","embeddable":true,"href":"https:\/\/www.homewizard.com\/fi\/wp-json\/wp\/v2\/product_tag?post=489205"}],"curies":[{"name":"wp","href":"https:\/\/api.w.org\/{rel}","templated":true}]}}