{"id":489204,"date":"2023-03-13T14:45:21","date_gmt":"2023-03-13T13:45:21","guid":{"rendered":"https:\/\/www.homewizard.com\/shop\/battery-set-watermeter\/"},"modified":"2026-04-25T18:20:00","modified_gmt":"2026-04-25T16:20:00","slug":"battery-set-watermeter","status":"publish","type":"product","link":"https:\/\/www.homewizard.com\/fi\/kauppa\/battery-set-watermeter\/","title":{"rendered":"Watermeter-\u00e4lyvesimittarin paristosarja"},"content":{"rendered":"\n<p class=\" eplus-wrapper\">Kahden CR123A-pariston sarja Watermeter-\u00e4lyvesimittarin virransy\u00f6tt\u00f6\u00f6n ilman USB-kaapelia.<\/p>\n","protected":false},"excerpt":{"rendered":"<p>Eik\u00f6 pistorasiaa ole vesimittarin l\u00e4hell\u00e4? Tarvitset n\u00e4it\u00e4.<\/p>\n","protected":false},"featured_media":455178,"template":"","meta":{"_acf_changed":false,"editor_plus_copied_stylings":"{}"},"product_brand":[],"product_cat":[218,221],"product_tag":[],"class_list":{"0":"post-489204","1":"product","2":"type-product","3":"status-publish","4":"has-post-thumbnail","6":"product_cat-kaikki","7":"product_cat-lisavarusteet","9":"first","10":"instock","11":"taxable","12":"shipping-taxable","13":"purchasable","14":"product-type-simple"},"acf":[],"yoast_head":"<!-- This site is optimized with the Yoast SEO plugin v27.0 - https:\/\/yoast.com\/product\/yoast-seo-wordpress\/ -->\n<title>Watermeter-\u00e4lyvesimittarin paristosarja - HomeWizard<\/title>\n<meta name=\"robots\" content=\"index, follow, max-snippet:-1, max-image-preview:large, max-video-preview:-1\" \/>\n<link rel=\"canonical\" href=\"https:\/\/www.homewizard.com\/fi\/kauppa\/battery-set-watermeter\/\" \/>\n<meta property=\"og:locale\" content=\"fi_FI\" \/>\n<meta property=\"og:type\" content=\"article\" \/>\n<meta property=\"og:title\" content=\"Watermeter-\u00e4lyvesimittarin paristosarja - HomeWizard\" \/>\n<meta property=\"og:description\" content=\"Eik\u00f6 pistorasiaa ole vesimittarin l\u00e4hell\u00e4? Tarvitset n\u00e4it\u00e4.\" \/>\n<meta property=\"og:url\" content=\"https:\/\/www.homewizard.com\/fi\/kauppa\/battery-set-watermeter\/\" \/>\n<meta property=\"og:site_name\" content=\"HomeWizard\" \/>\n<meta property=\"article:publisher\" content=\"https:\/\/www.facebook.com\/HomeWizardBV\/\" \/>\n<meta property=\"article:modified_time\" content=\"2026-04-25T16:20:00+00:00\" \/>\n<meta property=\"og:image\" content=\"https:\/\/www.homewizard.com\/wp-content\/uploads\/2022\/06\/watermeter_battery_v2.png\" \/>\n\t<meta property=\"og:image:width\" content=\"1000\" \/>\n\t<meta property=\"og:image:height\" content=\"1000\" \/>\n\t<meta property=\"og:image:type\" content=\"image\/png\" \/>\n<meta name=\"twitter:card\" content=\"summary_large_image\" \/>\n<meta name=\"twitter:site\" content=\"@HomeWizard_NL\" \/>\n<script type=\"application\/ld+json\" class=\"yoast-schema-graph\">{\"@context\":\"https:\/\/schema.org\",\"@graph\":[{\"@type\":\"WebPage\",\"@id\":\"https:\/\/www.homewizard.com\/fi\/kauppa\/battery-set-watermeter\/\",\"url\":\"https:\/\/www.homewizard.com\/fi\/kauppa\/battery-set-watermeter\/\",\"name\":\"Watermeter-\u00e4lyvesimittarin paristosarja - HomeWizard\",\"isPartOf\":{\"@id\":\"https:\/\/www.homewizard.com\/fi\/#website\"},\"primaryImageOfPage\":{\"@id\":\"https:\/\/www.homewizard.com\/fi\/kauppa\/battery-set-watermeter\/#primaryimage\"},\"image\":{\"@id\":\"https:\/\/www.homewizard.com\/fi\/kauppa\/battery-set-watermeter\/#primaryimage\"},\"thumbnailUrl\":\"https:\/\/www.homewizard.com\/wp-content\/uploads\/2022\/06\/watermeter_battery_v2.png\",\"datePublished\":\"2023-03-13T13:45:21+00:00\",\"dateModified\":\"2026-04-25T16:20:00+00:00\",\"breadcrumb\":{\"@id\":\"https:\/\/www.homewizard.com\/fi\/kauppa\/battery-set-watermeter\/#breadcrumb\"},\"inLanguage\":\"fi\",\"potentialAction\":[{\"@type\":\"ReadAction\",\"target\":[\"https:\/\/www.homewizard.com\/fi\/kauppa\/battery-set-watermeter\/\"]}]},{\"@type\":\"ImageObject\",\"inLanguage\":\"fi\",\"@id\":\"https:\/\/www.homewizard.com\/fi\/kauppa\/battery-set-watermeter\/#primaryimage\",\"url\":\"https:\/\/www.homewizard.com\/wp-content\/uploads\/2022\/06\/watermeter_battery_v2.png\",\"contentUrl\":\"https:\/\/www.homewizard.com\/wp-content\/uploads\/2022\/06\/watermeter_battery_v2.png\",\"width\":1000,\"height\":1000},{\"@type\":\"BreadcrumbList\",\"@id\":\"https:\/\/www.homewizard.com\/fi\/kauppa\/battery-set-watermeter\/#breadcrumb\",\"itemListElement\":[{\"@type\":\"ListItem\",\"position\":1,\"name\":\"Home\",\"item\":\"https:\/\/www.homewizard.com\/fi\/\"},{\"@type\":\"ListItem\",\"position\":2,\"name\":\"Kauppa\",\"item\":\"https:\/\/www.homewizard.com\/fi\/kauppa\/\"},{\"@type\":\"ListItem\",\"position\":3,\"name\":\"Watermeter-\u00e4lyvesimittarin paristosarja\"}]},{\"@type\":\"WebSite\",\"@id\":\"https:\/\/www.homewizard.com\/fi\/#website\",\"url\":\"https:\/\/www.homewizard.com\/fi\/\",\"name\":\"HomeWizard\",\"description\":\"HomeWizard Energy\",\"publisher\":{\"@id\":\"https:\/\/www.homewizard.com\/fi\/#organization\"},\"potentialAction\":[{\"@type\":\"SearchAction\",\"target\":{\"@type\":\"EntryPoint\",\"urlTemplate\":\"https:\/\/www.homewizard.com\/fi\/?s={search_term_string}\"},\"query-input\":{\"@type\":\"PropertyValueSpecification\",\"valueRequired\":true,\"valueName\":\"search_term_string\"}}],\"inLanguage\":\"fi\"},{\"@type\":\"Organization\",\"@id\":\"https:\/\/www.homewizard.com\/fi\/#organization\",\"name\":\"HomeWizard\",\"url\":\"https:\/\/www.homewizard.com\/fi\/\",\"logo\":{\"@type\":\"ImageObject\",\"inLanguage\":\"fi\",\"@id\":\"https:\/\/www.homewizard.com\/fi\/#\/schema\/logo\/image\/\",\"url\":\"https:\/\/www.homewizard.com\/wp-content\/uploads\/2023\/06\/HomeWizard-icon-on-black.png\",\"contentUrl\":\"https:\/\/www.homewizard.com\/wp-content\/uploads\/2023\/06\/HomeWizard-icon-on-black.png\",\"width\":500,\"height\":500,\"caption\":\"HomeWizard\"},\"image\":{\"@id\":\"https:\/\/www.homewizard.com\/fi\/#\/schema\/logo\/image\/\"},\"sameAs\":[\"https:\/\/www.facebook.com\/HomeWizardBV\/\",\"https:\/\/x.com\/HomeWizard_NL\",\"https:\/\/www.youtube.com\/HomeWizardBV\",\"https:\/\/www.instagram.com\/homewizardenergy\/\"]}]}<\/script>\n<!-- \/ Yoast SEO plugin. -->","yoast_head_json":{"title":"Watermeter-\u00e4lyvesimittarin paristosarja - HomeWizard","robots":{"index":"index","follow":"follow","max-snippet":"max-snippet:-1","max-image-preview":"max-image-preview:large","max-video-preview":"max-video-preview:-1"},"canonical":"https:\/\/www.homewizard.com\/fi\/kauppa\/battery-set-watermeter\/","og_locale":"fi_FI","og_type":"article","og_title":"Watermeter-\u00e4lyvesimittarin paristosarja - HomeWizard","og_description":"Eik\u00f6 pistorasiaa ole vesimittarin l\u00e4hell\u00e4? Tarvitset n\u00e4it\u00e4.","og_url":"https:\/\/www.homewizard.com\/fi\/kauppa\/battery-set-watermeter\/","og_site_name":"HomeWizard","article_publisher":"https:\/\/www.facebook.com\/HomeWizardBV\/","article_modified_time":"2026-04-25T16:20:00+00:00","og_image":[{"width":1000,"height":1000,"url":"https:\/\/www.homewizard.com\/wp-content\/uploads\/2022\/06\/watermeter_battery_v2.png","type":"image\/png"}],"twitter_card":"summary_large_image","twitter_site":"@HomeWizard_NL","schema":{"@context":"https:\/\/schema.org","@graph":[{"@type":"WebPage","@id":"https:\/\/www.homewizard.com\/fi\/kauppa\/battery-set-watermeter\/","url":"https:\/\/www.homewizard.com\/fi\/kauppa\/battery-set-watermeter\/","name":"Watermeter-\u00e4lyvesimittarin paristosarja - HomeWizard","isPartOf":{"@id":"https:\/\/www.homewizard.com\/fi\/#website"},"primaryImageOfPage":{"@id":"https:\/\/www.homewizard.com\/fi\/kauppa\/battery-set-watermeter\/#primaryimage"},"image":{"@id":"https:\/\/www.homewizard.com\/fi\/kauppa\/battery-set-watermeter\/#primaryimage"},"thumbnailUrl":"https:\/\/www.homewizard.com\/wp-content\/uploads\/2022\/06\/watermeter_battery_v2.png","datePublished":"2023-03-13T13:45:21+00:00","dateModified":"2026-04-25T16:20:00+00:00","breadcrumb":{"@id":"https:\/\/www.homewizard.com\/fi\/kauppa\/battery-set-watermeter\/#breadcrumb"},"inLanguage":"fi","potentialAction":[{"@type":"ReadAction","target":["https:\/\/www.homewizard.com\/fi\/kauppa\/battery-set-watermeter\/"]}]},{"@type":"ImageObject","inLanguage":"fi","@id":"https:\/\/www.homewizard.com\/fi\/kauppa\/battery-set-watermeter\/#primaryimage","url":"https:\/\/www.homewizard.com\/wp-content\/uploads\/2022\/06\/watermeter_battery_v2.png","contentUrl":"https:\/\/www.homewizard.com\/wp-content\/uploads\/2022\/06\/watermeter_battery_v2.png","width":1000,"height":1000},{"@type":"BreadcrumbList","@id":"https:\/\/www.homewizard.com\/fi\/kauppa\/battery-set-watermeter\/#breadcrumb","itemListElement":[{"@type":"ListItem","position":1,"name":"Home","item":"https:\/\/www.homewizard.com\/fi\/"},{"@type":"ListItem","position":2,"name":"Kauppa","item":"https:\/\/www.homewizard.com\/fi\/kauppa\/"},{"@type":"ListItem","position":3,"name":"Watermeter-\u00e4lyvesimittarin paristosarja"}]},{"@type":"WebSite","@id":"https:\/\/www.homewizard.com\/fi\/#website","url":"https:\/\/www.homewizard.com\/fi\/","name":"HomeWizard","description":"HomeWizard Energy","publisher":{"@id":"https:\/\/www.homewizard.com\/fi\/#organization"},"potentialAction":[{"@type":"SearchAction","target":{"@type":"EntryPoint","urlTemplate":"https:\/\/www.homewizard.com\/fi\/?s={search_term_string}"},"query-input":{"@type":"PropertyValueSpecification","valueRequired":true,"valueName":"search_term_string"}}],"inLanguage":"fi"},{"@type":"Organization","@id":"https:\/\/www.homewizard.com\/fi\/#organization","name":"HomeWizard","url":"https:\/\/www.homewizard.com\/fi\/","logo":{"@type":"ImageObject","inLanguage":"fi","@id":"https:\/\/www.homewizard.com\/fi\/#\/schema\/logo\/image\/","url":"https:\/\/www.homewizard.com\/wp-content\/uploads\/2023\/06\/HomeWizard-icon-on-black.png","contentUrl":"https:\/\/www.homewizard.com\/wp-content\/uploads\/2023\/06\/HomeWizard-icon-on-black.png","width":500,"height":500,"caption":"HomeWizard"},"image":{"@id":"https:\/\/www.homewizard.com\/fi\/#\/schema\/logo\/image\/"},"sameAs":["https:\/\/www.facebook.com\/HomeWizardBV\/","https:\/\/x.com\/HomeWizard_NL","https:\/\/www.youtube.com\/HomeWizardBV","https:\/\/www.instagram.com\/homewizardenergy\/"]}]}},"_links":{"self":[{"href":"https:\/\/www.homewizard.com\/fi\/wp-json\/wp\/v2\/product\/489204","targetHints":{"allow":["GET"]}}],"collection":[{"href":"https:\/\/www.homewizard.com\/fi\/wp-json\/wp\/v2\/product"}],"about":[{"href":"https:\/\/www.homewizard.com\/fi\/wp-json\/wp\/v2\/types\/product"}],"wp:featuredmedia":[{"embeddable":true,"href":"https:\/\/www.homewizard.com\/fi\/wp-json\/wp\/v2\/media\/455178"}],"wp:attachment":[{"href":"https:\/\/www.homewizard.com\/fi\/wp-json\/wp\/v2\/media?parent=489204"}],"wp:term":[{"taxonomy":"product_brand","embeddable":true,"href":"https:\/\/www.homewizard.com\/fi\/wp-json\/wp\/v2\/product_brand?post=489204"},{"taxonomy":"product_cat","embeddable":true,"href":"https:\/\/www.homewizard.com\/fi\/wp-json\/wp\/v2\/product_cat?post=489204"},{"taxonomy":"product_tag","embeddable":true,"href":"https:\/\/www.homewizard.com\/fi\/wp-json\/wp\/v2\/product_tag?post=489204"}],"curies":[{"name":"wp","href":"https:\/\/api.w.org\/{rel}","templated":true}]}}