{"id":489195,"date":"2021-12-07T15:32:03","date_gmt":"2021-12-07T14:32:03","guid":{"rendered":"https:\/\/www.homewizard.com\/shop\/active-p1-splitter\/"},"modified":"2026-05-03T11:53:55","modified_gmt":"2026-05-03T09:53:55","slug":"active-p1-splitter","status":"publish","type":"product","link":"https:\/\/www.homewizard.com\/fi\/kauppa\/active-p1-splitter\/","title":{"rendered":"P1 Splitter"},"content":{"rendered":"\n<p class=\" eplus-wrapper\">Active P1 Splitter -jakajan avulla voit muuttaa yhden P1-portin kolmeksi P1-portiksi. Voit esimerkiksi k\u00e4ytt\u00e4\u00e4 HomeWizard P1 Meter -mittaria yhdess\u00e4 latausaseman tai muiden P1-laitteiden kanssa.<\/p>\n\n<h2 class=\" wp-block-heading eplus-wrapper\">Toimii kaikkien \u00e4lymittarien ja P1-laitteiden kanssa.<\/h2>\n\n<p class=\" eplus-wrapper\">HomeWizard P1 Splitter luo kolme erillist\u00e4 P1-tietosignaalia. T\u00e4m\u00e4n ansiosta P1 Meter toimii luotettavasti kaikkien autojen latausasemien tai muiden P1-laitteiden kanssa tavallisiin jakajiin verrattuna.<\/p>\n\n<h2 class=\" wp-block-heading eplus-wrapper\">Sis\u00e4\u00e4nrakennetut signaalinvahvistimet.<\/h2>\n\n<p class=\" eplus-wrapper\">Jakaja voi vahvistaa tulevia signaaleja jopa 500 prosentilla luotettavan yhteyden luomiseksi. Vahvistimet my\u00f6s mahdollistavat kaukana olevien P1-laitteiden yhdist\u00e4misen.<\/p>\n\n<div class=\" wp-block-media-text has-media-on-the-right is-stacked-on-mobile eplus-wrapper\" style=\"grid-template-columns:auto 40%\"><div class=\"wp-block-media-text__content\">\n<h2 class=\" wp-block-heading eplus-wrapper\">Joustava virransy\u00f6tt\u00f6.<\/h2>\n\n\n\n<p class=\" eplus-wrapper\">P1 Splitter -jakajan virransy\u00f6tt\u00f6 voidaan toteuttaa eri tavoin.<\/p>\n\n\n<ul class=\" wp-block-list eplus-wrapper eplus-styles-uid-fba222\">\n<li class=\" eplus-wrapper\"><strong>\u00c4lymittari: <\/strong>\u00c4lymittarin P1-kaapelilla (v\u00e4hint\u00e4\u00e4n SMR 5). Ulkoista virtaa ei tarvita.<\/li>\n\n\n\n<li class=\" eplus-wrapper\"><strong>USB-C<\/strong>: ulkoinen virtasovitin (5 V 1 A).<\/li>\n\n\n\n<li class=\" eplus-wrapper\"><strong>P1 Meter<\/strong>: yksi porteista HomeWizard P1 Meter -mittarin kautta USB-liit\u00e4nn\u00e4ll\u00e4.<\/li>\n<\/ul><\/div><figure class=\"wp-block-media-text__media\"><img loading=\"lazy\" decoding=\"async\" width=\"1024\" height=\"1024\" src=\"https:\/\/www.homewizard.com\/wp-content\/uploads\/2021\/12\/P1_splitter_angle-1024x1024.png\" alt=\"HomeWizard P1 splitter\" class=\"wp-image-4654 size-full\" srcset=\"https:\/\/www.homewizard.com\/wp-content\/uploads\/2021\/12\/P1_splitter_angle-1024x1024.png 1024w, https:\/\/www.homewizard.com\/wp-content\/uploads\/2021\/12\/P1_splitter_angle-500x500.png 500w, https:\/\/www.homewizard.com\/wp-content\/uploads\/2021\/12\/P1_splitter_angle-124x124.png 124w, https:\/\/www.homewizard.com\/wp-content\/uploads\/2021\/12\/P1_splitter_angle-800x800.png 800w, https:\/\/www.homewizard.com\/wp-content\/uploads\/2021\/12\/P1_splitter_angle-300x300.png 300w, https:\/\/www.homewizard.com\/wp-content\/uploads\/2021\/12\/P1_splitter_angle-150x150.png 150w, https:\/\/www.homewizard.com\/wp-content\/uploads\/2021\/12\/P1_splitter_angle-768x768.png 768w, https:\/\/www.homewizard.com\/wp-content\/uploads\/2021\/12\/P1_splitter_angle-400x400.png 400w, https:\/\/www.homewizard.com\/wp-content\/uploads\/2021\/12\/P1_splitter_angle-600x600.png 600w\" sizes=\"auto, (max-width: 1024px) 100vw, 1024px\" \/><\/figure><\/div>\n\n<h2 class=\" wp-block-heading eplus-wrapper\">N\u00e4e v\u00e4litt\u00f6m\u00e4sti, toimiiko kaikki.<\/h2>\n\n<p class=\" eplus-wrapper\">Voit helposti tarkistaa, toimivatko P1-portit tai P1-laitteet. PWR LED osoittaa jakajan toiminnan (oranssi) ja jakajan vahvistimien k\u00e4yt\u00f6n (vihre\u00e4). Voit n\u00e4hd\u00e4, milloin liitetyt laitteet pyyt\u00e4v\u00e4t tietoja ja millainen P1-portin tietojen tarkistustiheys on (P1 sis\u00e4\u00e4n). N\u00e4in voit n\u00e4hd\u00e4 jakajalla suoraan, toimivatko liitetyt laitteet ja kaapelit oikein.<\/p>\n\n<h2 class=\" wp-block-heading eplus-wrapper\">Pakkauksen sis\u00e4lt\u00f6<\/h2>\n<ul class=\" wp-block-list eplus-wrapper eplus-styles-uid-f95907\">\n<li class=\" eplus-wrapper\">P1 Splitter<\/li>\n\n\n\n<li class=\" eplus-wrapper\">RJ12-kaapeli<\/li>\n<\/ul>","protected":false},"excerpt":{"rendered":"<p>Liit\u00e4 useita laitteita P1-porttiin.<\/p>\n","protected":false},"featured_media":455164,"template":"","meta":{"_acf_changed":false,"editor_plus_copied_stylings":"{}"},"product_brand":[],"product_cat":[218,219],"product_tag":[],"class_list":{"0":"post-489195","1":"product","2":"type-product","3":"status-publish","4":"has-post-thumbnail","6":"product_cat-kaikki","7":"product_cat-tuotteet","9":"first","10":"onbackorder","11":"taxable","12":"shipping-taxable","13":"purchasable","14":"product-type-simple"},"acf":[],"yoast_head":"<!-- This site is optimized with the Yoast SEO plugin v27.0 - https:\/\/yoast.com\/product\/yoast-seo-wordpress\/ -->\n<title>Tilaa Active P1 Splitter t\u00e4\u00e4lt\u00e4 \u2013 HomeWizard<\/title>\n<meta name=\"description\" content=\"Laajenna \u00e4lymittarisi P1-porttia Active P1 Splitter -jakajalla. Liit\u00e4 jopa kolme P1-laitetta samaan aikaan.\" \/>\n<meta name=\"robots\" content=\"index, follow, max-snippet:-1, max-image-preview:large, max-video-preview:-1\" \/>\n<link rel=\"canonical\" href=\"https:\/\/www.homewizard.com\/fi\/kauppa\/active-p1-splitter\/\" \/>\n<meta property=\"og:locale\" content=\"fi_FI\" \/>\n<meta property=\"og:type\" content=\"article\" \/>\n<meta property=\"og:title\" content=\"Tilaa Active P1 Splitter t\u00e4\u00e4lt\u00e4 \u2013 HomeWizard\" \/>\n<meta property=\"og:description\" content=\"Laajenna \u00e4lymittarisi P1-porttia Active P1 Splitter -jakajalla. Liit\u00e4 jopa kolme P1-laitetta samaan aikaan.\" \/>\n<meta property=\"og:url\" content=\"https:\/\/www.homewizard.com\/fi\/kauppa\/active-p1-splitter\/\" \/>\n<meta property=\"og:site_name\" content=\"HomeWizard\" \/>\n<meta property=\"article:publisher\" content=\"https:\/\/www.facebook.com\/HomeWizardBV\/\" \/>\n<meta property=\"article:modified_time\" content=\"2026-05-03T09:53:55+00:00\" \/>\n<meta property=\"og:image\" content=\"https:\/\/www.homewizard.com\/wp-content\/uploads\/2021\/12\/Artboard.png\" \/>\n\t<meta property=\"og:image:width\" content=\"2400\" \/>\n\t<meta property=\"og:image:height\" content=\"2400\" \/>\n\t<meta property=\"og:image:type\" content=\"image\/png\" \/>\n<meta name=\"twitter:card\" content=\"summary_large_image\" \/>\n<meta name=\"twitter:site\" content=\"@HomeWizard_NL\" \/>\n<meta name=\"twitter:label1\" content=\"Arvioitu lukuaika\" \/>\n\t<meta name=\"twitter:data1\" content=\"1 minuutti\" \/>\n<script type=\"application\/ld+json\" class=\"yoast-schema-graph\">{\"@context\":\"https:\/\/schema.org\",\"@graph\":[{\"@type\":\"WebPage\",\"@id\":\"https:\/\/www.homewizard.com\/fi\/kauppa\/active-p1-splitter\/\",\"url\":\"https:\/\/www.homewizard.com\/fi\/kauppa\/active-p1-splitter\/\",\"name\":\"Tilaa Active P1 Splitter t\u00e4\u00e4lt\u00e4 \u2013 HomeWizard\",\"isPartOf\":{\"@id\":\"https:\/\/www.homewizard.com\/fi\/#website\"},\"primaryImageOfPage\":{\"@id\":\"https:\/\/www.homewizard.com\/fi\/kauppa\/active-p1-splitter\/#primaryimage\"},\"image\":{\"@id\":\"https:\/\/www.homewizard.com\/fi\/kauppa\/active-p1-splitter\/#primaryimage\"},\"thumbnailUrl\":\"https:\/\/www.homewizard.com\/wp-content\/uploads\/2021\/12\/Artboard.png\",\"datePublished\":\"2021-12-07T14:32:03+00:00\",\"dateModified\":\"2026-05-03T09:53:55+00:00\",\"description\":\"Laajenna \u00e4lymittarisi P1-porttia Active P1 Splitter -jakajalla. Liit\u00e4 jopa kolme P1-laitetta samaan aikaan.\",\"breadcrumb\":{\"@id\":\"https:\/\/www.homewizard.com\/fi\/kauppa\/active-p1-splitter\/#breadcrumb\"},\"inLanguage\":\"fi\",\"potentialAction\":[{\"@type\":\"ReadAction\",\"target\":[\"https:\/\/www.homewizard.com\/fi\/kauppa\/active-p1-splitter\/\"]}]},{\"@type\":\"ImageObject\",\"inLanguage\":\"fi\",\"@id\":\"https:\/\/www.homewizard.com\/fi\/kauppa\/active-p1-splitter\/#primaryimage\",\"url\":\"https:\/\/www.homewizard.com\/wp-content\/uploads\/2021\/12\/Artboard.png\",\"contentUrl\":\"https:\/\/www.homewizard.com\/wp-content\/uploads\/2021\/12\/Artboard.png\",\"width\":2400,\"height\":2400},{\"@type\":\"BreadcrumbList\",\"@id\":\"https:\/\/www.homewizard.com\/fi\/kauppa\/active-p1-splitter\/#breadcrumb\",\"itemListElement\":[{\"@type\":\"ListItem\",\"position\":1,\"name\":\"Home\",\"item\":\"https:\/\/www.homewizard.com\/fi\/\"},{\"@type\":\"ListItem\",\"position\":2,\"name\":\"Kauppa\",\"item\":\"https:\/\/www.homewizard.com\/fi\/kauppa\/\"},{\"@type\":\"ListItem\",\"position\":3,\"name\":\"P1 Splitter\"}]},{\"@type\":\"WebSite\",\"@id\":\"https:\/\/www.homewizard.com\/fi\/#website\",\"url\":\"https:\/\/www.homewizard.com\/fi\/\",\"name\":\"HomeWizard\",\"description\":\"HomeWizard Energy\",\"publisher\":{\"@id\":\"https:\/\/www.homewizard.com\/fi\/#organization\"},\"potentialAction\":[{\"@type\":\"SearchAction\",\"target\":{\"@type\":\"EntryPoint\",\"urlTemplate\":\"https:\/\/www.homewizard.com\/fi\/?s={search_term_string}\"},\"query-input\":{\"@type\":\"PropertyValueSpecification\",\"valueRequired\":true,\"valueName\":\"search_term_string\"}}],\"inLanguage\":\"fi\"},{\"@type\":\"Organization\",\"@id\":\"https:\/\/www.homewizard.com\/fi\/#organization\",\"name\":\"HomeWizard\",\"url\":\"https:\/\/www.homewizard.com\/fi\/\",\"logo\":{\"@type\":\"ImageObject\",\"inLanguage\":\"fi\",\"@id\":\"https:\/\/www.homewizard.com\/fi\/#\/schema\/logo\/image\/\",\"url\":\"https:\/\/www.homewizard.com\/wp-content\/uploads\/2023\/06\/HomeWizard-icon-on-black.png\",\"contentUrl\":\"https:\/\/www.homewizard.com\/wp-content\/uploads\/2023\/06\/HomeWizard-icon-on-black.png\",\"width\":500,\"height\":500,\"caption\":\"HomeWizard\"},\"image\":{\"@id\":\"https:\/\/www.homewizard.com\/fi\/#\/schema\/logo\/image\/\"},\"sameAs\":[\"https:\/\/www.facebook.com\/HomeWizardBV\/\",\"https:\/\/x.com\/HomeWizard_NL\",\"https:\/\/www.youtube.com\/HomeWizardBV\",\"https:\/\/www.instagram.com\/homewizardenergy\/\"]}]}<\/script>\n<!-- \/ Yoast SEO plugin. -->","yoast_head_json":{"title":"Tilaa Active P1 Splitter t\u00e4\u00e4lt\u00e4 \u2013 HomeWizard","description":"Laajenna \u00e4lymittarisi P1-porttia Active P1 Splitter -jakajalla. Liit\u00e4 jopa kolme P1-laitetta samaan aikaan.","robots":{"index":"index","follow":"follow","max-snippet":"max-snippet:-1","max-image-preview":"max-image-preview:large","max-video-preview":"max-video-preview:-1"},"canonical":"https:\/\/www.homewizard.com\/fi\/kauppa\/active-p1-splitter\/","og_locale":"fi_FI","og_type":"article","og_title":"Tilaa Active P1 Splitter t\u00e4\u00e4lt\u00e4 \u2013 HomeWizard","og_description":"Laajenna \u00e4lymittarisi P1-porttia Active P1 Splitter -jakajalla. Liit\u00e4 jopa kolme P1-laitetta samaan aikaan.","og_url":"https:\/\/www.homewizard.com\/fi\/kauppa\/active-p1-splitter\/","og_site_name":"HomeWizard","article_publisher":"https:\/\/www.facebook.com\/HomeWizardBV\/","article_modified_time":"2026-05-03T09:53:55+00:00","og_image":[{"width":2400,"height":2400,"url":"https:\/\/www.homewizard.com\/wp-content\/uploads\/2021\/12\/Artboard.png","type":"image\/png"}],"twitter_card":"summary_large_image","twitter_site":"@HomeWizard_NL","twitter_misc":{"Arvioitu lukuaika":"1 minuutti"},"schema":{"@context":"https:\/\/schema.org","@graph":[{"@type":"WebPage","@id":"https:\/\/www.homewizard.com\/fi\/kauppa\/active-p1-splitter\/","url":"https:\/\/www.homewizard.com\/fi\/kauppa\/active-p1-splitter\/","name":"Tilaa Active P1 Splitter t\u00e4\u00e4lt\u00e4 \u2013 HomeWizard","isPartOf":{"@id":"https:\/\/www.homewizard.com\/fi\/#website"},"primaryImageOfPage":{"@id":"https:\/\/www.homewizard.com\/fi\/kauppa\/active-p1-splitter\/#primaryimage"},"image":{"@id":"https:\/\/www.homewizard.com\/fi\/kauppa\/active-p1-splitter\/#primaryimage"},"thumbnailUrl":"https:\/\/www.homewizard.com\/wp-content\/uploads\/2021\/12\/Artboard.png","datePublished":"2021-12-07T14:32:03+00:00","dateModified":"2026-05-03T09:53:55+00:00","description":"Laajenna \u00e4lymittarisi P1-porttia Active P1 Splitter -jakajalla. Liit\u00e4 jopa kolme P1-laitetta samaan aikaan.","breadcrumb":{"@id":"https:\/\/www.homewizard.com\/fi\/kauppa\/active-p1-splitter\/#breadcrumb"},"inLanguage":"fi","potentialAction":[{"@type":"ReadAction","target":["https:\/\/www.homewizard.com\/fi\/kauppa\/active-p1-splitter\/"]}]},{"@type":"ImageObject","inLanguage":"fi","@id":"https:\/\/www.homewizard.com\/fi\/kauppa\/active-p1-splitter\/#primaryimage","url":"https:\/\/www.homewizard.com\/wp-content\/uploads\/2021\/12\/Artboard.png","contentUrl":"https:\/\/www.homewizard.com\/wp-content\/uploads\/2021\/12\/Artboard.png","width":2400,"height":2400},{"@type":"BreadcrumbList","@id":"https:\/\/www.homewizard.com\/fi\/kauppa\/active-p1-splitter\/#breadcrumb","itemListElement":[{"@type":"ListItem","position":1,"name":"Home","item":"https:\/\/www.homewizard.com\/fi\/"},{"@type":"ListItem","position":2,"name":"Kauppa","item":"https:\/\/www.homewizard.com\/fi\/kauppa\/"},{"@type":"ListItem","position":3,"name":"P1 Splitter"}]},{"@type":"WebSite","@id":"https:\/\/www.homewizard.com\/fi\/#website","url":"https:\/\/www.homewizard.com\/fi\/","name":"HomeWizard","description":"HomeWizard Energy","publisher":{"@id":"https:\/\/www.homewizard.com\/fi\/#organization"},"potentialAction":[{"@type":"SearchAction","target":{"@type":"EntryPoint","urlTemplate":"https:\/\/www.homewizard.com\/fi\/?s={search_term_string}"},"query-input":{"@type":"PropertyValueSpecification","valueRequired":true,"valueName":"search_term_string"}}],"inLanguage":"fi"},{"@type":"Organization","@id":"https:\/\/www.homewizard.com\/fi\/#organization","name":"HomeWizard","url":"https:\/\/www.homewizard.com\/fi\/","logo":{"@type":"ImageObject","inLanguage":"fi","@id":"https:\/\/www.homewizard.com\/fi\/#\/schema\/logo\/image\/","url":"https:\/\/www.homewizard.com\/wp-content\/uploads\/2023\/06\/HomeWizard-icon-on-black.png","contentUrl":"https:\/\/www.homewizard.com\/wp-content\/uploads\/2023\/06\/HomeWizard-icon-on-black.png","width":500,"height":500,"caption":"HomeWizard"},"image":{"@id":"https:\/\/www.homewizard.com\/fi\/#\/schema\/logo\/image\/"},"sameAs":["https:\/\/www.facebook.com\/HomeWizardBV\/","https:\/\/x.com\/HomeWizard_NL","https:\/\/www.youtube.com\/HomeWizardBV","https:\/\/www.instagram.com\/homewizardenergy\/"]}]}},"_links":{"self":[{"href":"https:\/\/www.homewizard.com\/fi\/wp-json\/wp\/v2\/product\/489195","targetHints":{"allow":["GET"]}}],"collection":[{"href":"https:\/\/www.homewizard.com\/fi\/wp-json\/wp\/v2\/product"}],"about":[{"href":"https:\/\/www.homewizard.com\/fi\/wp-json\/wp\/v2\/types\/product"}],"wp:featuredmedia":[{"embeddable":true,"href":"https:\/\/www.homewizard.com\/fi\/wp-json\/wp\/v2\/media\/455164"}],"wp:attachment":[{"href":"https:\/\/www.homewizard.com\/fi\/wp-json\/wp\/v2\/media?parent=489195"}],"wp:term":[{"taxonomy":"product_brand","embeddable":true,"href":"https:\/\/www.homewizard.com\/fi\/wp-json\/wp\/v2\/product_brand?post=489195"},{"taxonomy":"product_cat","embeddable":true,"href":"https:\/\/www.homewizard.com\/fi\/wp-json\/wp\/v2\/product_cat?post=489195"},{"taxonomy":"product_tag","embeddable":true,"href":"https:\/\/www.homewizard.com\/fi\/wp-json\/wp\/v2\/product_tag?post=489195"}],"curies":[{"name":"wp","href":"https:\/\/api.w.org\/{rel}","templated":true}]}}