{"id":489189,"date":"2021-12-07T13:03:26","date_gmt":"2021-12-07T12:03:26","guid":{"rendered":"https:\/\/www.homewizard.com\/shop\/wi-fi-energy-socket\/"},"modified":"2026-05-01T18:02:05","modified_gmt":"2026-05-01T16:02:05","slug":"wi-fi-energy-socket","status":"publish","type":"product","link":"https:\/\/www.homewizard.com\/fi\/kauppa\/wi-fi-energy-socket\/","title":{"rendered":"Wi-Fi Energy Socket"},"content":{"rendered":"\n<p class=\" eplus-wrapper\">Energy Socket auttaa ymm\u00e4rt\u00e4m\u00e4\u00e4n laitteiden energiankulutusta. Aseta se sein\u00e4pistorasiaan, liit\u00e4 laitteesi ja aloita mittaus.<\/p>\n\n<h2 class=\" wp-block-heading eplus-wrapper\">Onko laitteita valmiustilassa? Sammuta ne<\/h2>\n\n<p class=\" eplus-wrapper\">Energy Socket sammuttaa laitteet, kun et tarvitset niit\u00e4, kuten TV:n ja sen ohjeislaitteet tai l\u00e4mminvesivaraajan y\u00f6ll\u00e4. Hallitse ajastimilla, mitk\u00e4 laitteet kytket\u00e4\u00e4n p\u00e4\u00e4lle tai pois p\u00e4\u00e4lt\u00e4. Voit s\u00e4\u00e4st\u00e4\u00e4 yli 3 \u20ac vuodessa jokaisella watilla, jolla v\u00e4henn\u00e4t valmiustilassa olevien laitteiden kulutusta!<\/p>\n\n<figure class=\"round_corners wp-block-image size-large eplus-wrapper\"><img loading=\"lazy\" decoding=\"async\" width=\"1024\" height=\"640\" src=\"https:\/\/www.homewizard.com\/wp-content\/uploads\/2024\/03\/HomeWizard_Socket_Header_ON-1024x640.jpg\" alt=\"\" class=\"wp-image-590516\" srcset=\"https:\/\/www.homewizard.com\/wp-content\/uploads\/2024\/03\/HomeWizard_Socket_Header_ON-1024x640.jpg 1024w, https:\/\/www.homewizard.com\/wp-content\/uploads\/2024\/03\/HomeWizard_Socket_Header_ON-scaled-800x500.jpg 800w, https:\/\/www.homewizard.com\/wp-content\/uploads\/2024\/03\/HomeWizard_Socket_Header_ON-300x188.jpg 300w, https:\/\/www.homewizard.com\/wp-content\/uploads\/2024\/03\/HomeWizard_Socket_Header_ON-768x480.jpg 768w\" sizes=\"auto, (max-width: 1024px) 100vw, 1024px\" \/><\/figure>\n\n<h2 class=\" wp-block-heading eplus-wrapper\">Optimoitu eri tilanteisiin<\/h2>\n<ul class=\" wp-block-list eplus-wrapper eplus-styles-uid-e62d66\">\n<li class=\" eplus-wrapper\"><strong>Kattava k\u00e4ytt\u00f6alue<\/strong>: soveltuu pienille ja suurille kodinkoneille v\u00e4lill\u00e4 1 \u2013 3 680 W.<\/li>\n\n\n\n<li class=\" eplus-wrapper\"><strong>Tarkka<\/strong>: tarkat mittaukset yksil\u00f6llisell\u00e4 kalibroinnilla (\u00b199,5%).<\/li>\n\n\n\n<li class=\" eplus-wrapper\"><strong>Energiatehokas<\/strong>: optimoitu alle 1 watin kulutukseen.<\/li>\n\n\n\n<li class=\" eplus-wrapper\"><strong>Maksimikuormitus<\/strong>: Max. 3680W (16A), Jatkuva kuormitus: 2760W (12A).<\/li>\n\n\n\n<li class=\" eplus-wrapper\"><strong>Ylikuumenemissuoja<\/strong>: Energy Socket kytkeytyy automaattisesti pois p\u00e4\u00e4lt\u00e4, kun laitteen pistotulppa tai pistorasian kosketus tuottaa vaarallisen paljon l\u00e4mp\u00f6\u00e4, mik\u00e4 viittaa huonoon kosketukseen tai jatkuvaan maksimikuormitukseen.<\/li>\n<\/ul>\n<h2 class=\" wp-block-heading eplus-wrapper\">Pakkauksen sis\u00e4lt\u00f6<\/h2>\n<ul class=\" wp-block-list eplus-wrapper eplus-styles-uid-43ba98\">\n<li class=\" eplus-wrapper\">Energy Socket<\/li>\n\n\n\n<li class=\" eplus-wrapper\">Pikaopas<\/li>\n<\/ul>\n<div style=\"height:32px\" aria-hidden=\"true\" class=\" wp-block-spacer eplus-wrapper\"><\/div>\n\n<p class=\" eplus-wrapper\"><a href=\"https:\/\/www.homewizard.com\/fi\/energy-socket\/\">Lis\u00e4tietoja Energy Socket -\u00e4lypistorasiasta<\/a><\/p>\n","protected":false},"excerpt":{"rendered":"<p>Mittaa ja kytke eri laitteita p\u00e4\u00e4lle tai pois p\u00e4\u00e4lt\u00e4.<\/p>\n","protected":false},"featured_media":1012269,"template":"","meta":{"_acf_changed":false,"editor_plus_copied_stylings":"{}"},"product_brand":[],"product_cat":[218,219],"product_tag":[],"class_list":{"0":"post-489189","1":"product","2":"type-product","3":"status-publish","4":"has-post-thumbnail","6":"product_cat-kaikki","7":"product_cat-tuotteet","9":"first","10":"instock","11":"taxable","12":"shipping-taxable","13":"purchasable","14":"product-type-simple"},"acf":[],"yoast_head":"<!-- This site is optimized with the Yoast SEO plugin v27.0 - https:\/\/yoast.com\/product\/yoast-seo-wordpress\/ -->\n<title>Tilaa Wi-Fi Energy Socket t\u00e4\u00e4lt\u00e4 \u2013 HomeWizard<\/title>\n<meta name=\"description\" content=\"Perehdy eri kodinkoneiden kulutukseen kaavioiden avulla k\u00e4ytt\u00e4m\u00e4ll\u00e4 HomeWizard Energy Socket -\u00e4lypistorasiaa. Tilaa Energy Socket t\u00e4\u00e4lt\u00e4!\" \/>\n<meta name=\"robots\" content=\"index, follow, max-snippet:-1, max-image-preview:large, max-video-preview:-1\" \/>\n<link rel=\"canonical\" href=\"https:\/\/www.homewizard.com\/fi\/kauppa\/wi-fi-energy-socket\/\" \/>\n<meta property=\"og:locale\" content=\"fi_FI\" \/>\n<meta property=\"og:type\" content=\"article\" \/>\n<meta property=\"og:title\" content=\"Tilaa Wi-Fi Energy Socket t\u00e4\u00e4lt\u00e4 \u2013 HomeWizard\" \/>\n<meta property=\"og:description\" content=\"Perehdy eri kodinkoneiden kulutukseen kaavioiden avulla k\u00e4ytt\u00e4m\u00e4ll\u00e4 HomeWizard Energy Socket -\u00e4lypistorasiaa. Tilaa Energy Socket t\u00e4\u00e4lt\u00e4!\" \/>\n<meta property=\"og:url\" content=\"https:\/\/www.homewizard.com\/fi\/kauppa\/wi-fi-energy-socket\/\" \/>\n<meta property=\"og:site_name\" content=\"HomeWizard\" \/>\n<meta property=\"article:publisher\" content=\"https:\/\/www.facebook.com\/HomeWizardBV\/\" \/>\n<meta property=\"article:modified_time\" content=\"2026-05-01T16:02:05+00:00\" \/>\n<meta property=\"og:image\" content=\"https:\/\/www.homewizard.com\/wp-content\/uploads\/2021\/12\/Energy-Socket-switched-on.png\" \/>\n\t<meta property=\"og:image:width\" content=\"1000\" \/>\n\t<meta property=\"og:image:height\" content=\"1000\" \/>\n\t<meta property=\"og:image:type\" content=\"image\/png\" \/>\n<meta name=\"twitter:card\" content=\"summary_large_image\" \/>\n<meta name=\"twitter:site\" content=\"@HomeWizard_NL\" \/>\n<meta name=\"twitter:label1\" content=\"Arvioitu lukuaika\" \/>\n\t<meta name=\"twitter:data1\" content=\"2 minuuttia\" \/>\n<script type=\"application\/ld+json\" class=\"yoast-schema-graph\">{\"@context\":\"https:\/\/schema.org\",\"@graph\":[{\"@type\":\"WebPage\",\"@id\":\"https:\/\/www.homewizard.com\/fi\/kauppa\/wi-fi-energy-socket\/\",\"url\":\"https:\/\/www.homewizard.com\/fi\/kauppa\/wi-fi-energy-socket\/\",\"name\":\"Tilaa Wi-Fi Energy Socket t\u00e4\u00e4lt\u00e4 \u2013 HomeWizard\",\"isPartOf\":{\"@id\":\"https:\/\/www.homewizard.com\/fi\/#website\"},\"primaryImageOfPage\":{\"@id\":\"https:\/\/www.homewizard.com\/fi\/kauppa\/wi-fi-energy-socket\/#primaryimage\"},\"image\":{\"@id\":\"https:\/\/www.homewizard.com\/fi\/kauppa\/wi-fi-energy-socket\/#primaryimage\"},\"thumbnailUrl\":\"https:\/\/www.homewizard.com\/wp-content\/uploads\/2021\/12\/Energy-Socket-switched-on.png\",\"datePublished\":\"2021-12-07T12:03:26+00:00\",\"dateModified\":\"2026-05-01T16:02:05+00:00\",\"description\":\"Perehdy eri kodinkoneiden kulutukseen kaavioiden avulla k\u00e4ytt\u00e4m\u00e4ll\u00e4 HomeWizard Energy Socket -\u00e4lypistorasiaa. Tilaa Energy Socket t\u00e4\u00e4lt\u00e4!\",\"breadcrumb\":{\"@id\":\"https:\/\/www.homewizard.com\/fi\/kauppa\/wi-fi-energy-socket\/#breadcrumb\"},\"inLanguage\":\"fi\",\"potentialAction\":[{\"@type\":\"ReadAction\",\"target\":[\"https:\/\/www.homewizard.com\/fi\/kauppa\/wi-fi-energy-socket\/\"]}]},{\"@type\":\"ImageObject\",\"inLanguage\":\"fi\",\"@id\":\"https:\/\/www.homewizard.com\/fi\/kauppa\/wi-fi-energy-socket\/#primaryimage\",\"url\":\"https:\/\/www.homewizard.com\/wp-content\/uploads\/2021\/12\/Energy-Socket-switched-on.png\",\"contentUrl\":\"https:\/\/www.homewizard.com\/wp-content\/uploads\/2021\/12\/Energy-Socket-switched-on.png\",\"width\":1000,\"height\":1000},{\"@type\":\"BreadcrumbList\",\"@id\":\"https:\/\/www.homewizard.com\/fi\/kauppa\/wi-fi-energy-socket\/#breadcrumb\",\"itemListElement\":[{\"@type\":\"ListItem\",\"position\":1,\"name\":\"Home\",\"item\":\"https:\/\/www.homewizard.com\/fi\/\"},{\"@type\":\"ListItem\",\"position\":2,\"name\":\"Kauppa\",\"item\":\"https:\/\/www.homewizard.com\/fi\/kauppa\/\"},{\"@type\":\"ListItem\",\"position\":3,\"name\":\"Wi-Fi Energy Socket\"}]},{\"@type\":\"WebSite\",\"@id\":\"https:\/\/www.homewizard.com\/fi\/#website\",\"url\":\"https:\/\/www.homewizard.com\/fi\/\",\"name\":\"HomeWizard\",\"description\":\"HomeWizard Energy\",\"publisher\":{\"@id\":\"https:\/\/www.homewizard.com\/fi\/#organization\"},\"potentialAction\":[{\"@type\":\"SearchAction\",\"target\":{\"@type\":\"EntryPoint\",\"urlTemplate\":\"https:\/\/www.homewizard.com\/fi\/?s={search_term_string}\"},\"query-input\":{\"@type\":\"PropertyValueSpecification\",\"valueRequired\":true,\"valueName\":\"search_term_string\"}}],\"inLanguage\":\"fi\"},{\"@type\":\"Organization\",\"@id\":\"https:\/\/www.homewizard.com\/fi\/#organization\",\"name\":\"HomeWizard\",\"url\":\"https:\/\/www.homewizard.com\/fi\/\",\"logo\":{\"@type\":\"ImageObject\",\"inLanguage\":\"fi\",\"@id\":\"https:\/\/www.homewizard.com\/fi\/#\/schema\/logo\/image\/\",\"url\":\"https:\/\/www.homewizard.com\/wp-content\/uploads\/2023\/06\/HomeWizard-icon-on-black.png\",\"contentUrl\":\"https:\/\/www.homewizard.com\/wp-content\/uploads\/2023\/06\/HomeWizard-icon-on-black.png\",\"width\":500,\"height\":500,\"caption\":\"HomeWizard\"},\"image\":{\"@id\":\"https:\/\/www.homewizard.com\/fi\/#\/schema\/logo\/image\/\"},\"sameAs\":[\"https:\/\/www.facebook.com\/HomeWizardBV\/\",\"https:\/\/x.com\/HomeWizard_NL\",\"https:\/\/www.youtube.com\/HomeWizardBV\",\"https:\/\/www.instagram.com\/homewizardenergy\/\"]}]}<\/script>\n<!-- \/ Yoast SEO plugin. -->","yoast_head_json":{"title":"Tilaa Wi-Fi Energy Socket t\u00e4\u00e4lt\u00e4 \u2013 HomeWizard","description":"Perehdy eri kodinkoneiden kulutukseen kaavioiden avulla k\u00e4ytt\u00e4m\u00e4ll\u00e4 HomeWizard Energy Socket -\u00e4lypistorasiaa. Tilaa Energy Socket t\u00e4\u00e4lt\u00e4!","robots":{"index":"index","follow":"follow","max-snippet":"max-snippet:-1","max-image-preview":"max-image-preview:large","max-video-preview":"max-video-preview:-1"},"canonical":"https:\/\/www.homewizard.com\/fi\/kauppa\/wi-fi-energy-socket\/","og_locale":"fi_FI","og_type":"article","og_title":"Tilaa Wi-Fi Energy Socket t\u00e4\u00e4lt\u00e4 \u2013 HomeWizard","og_description":"Perehdy eri kodinkoneiden kulutukseen kaavioiden avulla k\u00e4ytt\u00e4m\u00e4ll\u00e4 HomeWizard Energy Socket -\u00e4lypistorasiaa. Tilaa Energy Socket t\u00e4\u00e4lt\u00e4!","og_url":"https:\/\/www.homewizard.com\/fi\/kauppa\/wi-fi-energy-socket\/","og_site_name":"HomeWizard","article_publisher":"https:\/\/www.facebook.com\/HomeWizardBV\/","article_modified_time":"2026-05-01T16:02:05+00:00","og_image":[{"width":1000,"height":1000,"url":"https:\/\/www.homewizard.com\/wp-content\/uploads\/2021\/12\/Energy-Socket-switched-on.png","type":"image\/png"}],"twitter_card":"summary_large_image","twitter_site":"@HomeWizard_NL","twitter_misc":{"Arvioitu lukuaika":"2 minuuttia"},"schema":{"@context":"https:\/\/schema.org","@graph":[{"@type":"WebPage","@id":"https:\/\/www.homewizard.com\/fi\/kauppa\/wi-fi-energy-socket\/","url":"https:\/\/www.homewizard.com\/fi\/kauppa\/wi-fi-energy-socket\/","name":"Tilaa Wi-Fi Energy Socket t\u00e4\u00e4lt\u00e4 \u2013 HomeWizard","isPartOf":{"@id":"https:\/\/www.homewizard.com\/fi\/#website"},"primaryImageOfPage":{"@id":"https:\/\/www.homewizard.com\/fi\/kauppa\/wi-fi-energy-socket\/#primaryimage"},"image":{"@id":"https:\/\/www.homewizard.com\/fi\/kauppa\/wi-fi-energy-socket\/#primaryimage"},"thumbnailUrl":"https:\/\/www.homewizard.com\/wp-content\/uploads\/2021\/12\/Energy-Socket-switched-on.png","datePublished":"2021-12-07T12:03:26+00:00","dateModified":"2026-05-01T16:02:05+00:00","description":"Perehdy eri kodinkoneiden kulutukseen kaavioiden avulla k\u00e4ytt\u00e4m\u00e4ll\u00e4 HomeWizard Energy Socket -\u00e4lypistorasiaa. Tilaa Energy Socket t\u00e4\u00e4lt\u00e4!","breadcrumb":{"@id":"https:\/\/www.homewizard.com\/fi\/kauppa\/wi-fi-energy-socket\/#breadcrumb"},"inLanguage":"fi","potentialAction":[{"@type":"ReadAction","target":["https:\/\/www.homewizard.com\/fi\/kauppa\/wi-fi-energy-socket\/"]}]},{"@type":"ImageObject","inLanguage":"fi","@id":"https:\/\/www.homewizard.com\/fi\/kauppa\/wi-fi-energy-socket\/#primaryimage","url":"https:\/\/www.homewizard.com\/wp-content\/uploads\/2021\/12\/Energy-Socket-switched-on.png","contentUrl":"https:\/\/www.homewizard.com\/wp-content\/uploads\/2021\/12\/Energy-Socket-switched-on.png","width":1000,"height":1000},{"@type":"BreadcrumbList","@id":"https:\/\/www.homewizard.com\/fi\/kauppa\/wi-fi-energy-socket\/#breadcrumb","itemListElement":[{"@type":"ListItem","position":1,"name":"Home","item":"https:\/\/www.homewizard.com\/fi\/"},{"@type":"ListItem","position":2,"name":"Kauppa","item":"https:\/\/www.homewizard.com\/fi\/kauppa\/"},{"@type":"ListItem","position":3,"name":"Wi-Fi Energy Socket"}]},{"@type":"WebSite","@id":"https:\/\/www.homewizard.com\/fi\/#website","url":"https:\/\/www.homewizard.com\/fi\/","name":"HomeWizard","description":"HomeWizard Energy","publisher":{"@id":"https:\/\/www.homewizard.com\/fi\/#organization"},"potentialAction":[{"@type":"SearchAction","target":{"@type":"EntryPoint","urlTemplate":"https:\/\/www.homewizard.com\/fi\/?s={search_term_string}"},"query-input":{"@type":"PropertyValueSpecification","valueRequired":true,"valueName":"search_term_string"}}],"inLanguage":"fi"},{"@type":"Organization","@id":"https:\/\/www.homewizard.com\/fi\/#organization","name":"HomeWizard","url":"https:\/\/www.homewizard.com\/fi\/","logo":{"@type":"ImageObject","inLanguage":"fi","@id":"https:\/\/www.homewizard.com\/fi\/#\/schema\/logo\/image\/","url":"https:\/\/www.homewizard.com\/wp-content\/uploads\/2023\/06\/HomeWizard-icon-on-black.png","contentUrl":"https:\/\/www.homewizard.com\/wp-content\/uploads\/2023\/06\/HomeWizard-icon-on-black.png","width":500,"height":500,"caption":"HomeWizard"},"image":{"@id":"https:\/\/www.homewizard.com\/fi\/#\/schema\/logo\/image\/"},"sameAs":["https:\/\/www.facebook.com\/HomeWizardBV\/","https:\/\/x.com\/HomeWizard_NL","https:\/\/www.youtube.com\/HomeWizardBV","https:\/\/www.instagram.com\/homewizardenergy\/"]}]}},"_links":{"self":[{"href":"https:\/\/www.homewizard.com\/fi\/wp-json\/wp\/v2\/product\/489189","targetHints":{"allow":["GET"]}}],"collection":[{"href":"https:\/\/www.homewizard.com\/fi\/wp-json\/wp\/v2\/product"}],"about":[{"href":"https:\/\/www.homewizard.com\/fi\/wp-json\/wp\/v2\/types\/product"}],"wp:featuredmedia":[{"embeddable":true,"href":"https:\/\/www.homewizard.com\/fi\/wp-json\/wp\/v2\/media\/1012269"}],"wp:attachment":[{"href":"https:\/\/www.homewizard.com\/fi\/wp-json\/wp\/v2\/media?parent=489189"}],"wp:term":[{"taxonomy":"product_brand","embeddable":true,"href":"https:\/\/www.homewizard.com\/fi\/wp-json\/wp\/v2\/product_brand?post=489189"},{"taxonomy":"product_cat","embeddable":true,"href":"https:\/\/www.homewizard.com\/fi\/wp-json\/wp\/v2\/product_cat?post=489189"},{"taxonomy":"product_tag","embeddable":true,"href":"https:\/\/www.homewizard.com\/fi\/wp-json\/wp\/v2\/product_tag?post=489189"}],"curies":[{"name":"wp","href":"https:\/\/api.w.org\/{rel}","templated":true}]}}