{"id":489076,"date":"2023-08-21T10:27:37","date_gmt":"2023-08-21T08:27:37","guid":{"rendered":"https:\/\/www.homewizard.com\/shop\/energy-display\/"},"modified":"2026-05-03T16:52:47","modified_gmt":"2026-05-03T14:52:47","slug":"energy-display","status":"publish","type":"product","link":"https:\/\/www.homewizard.com\/fi\/kauppa\/energy-display\/","title":{"rendered":"Energy Display"},"content":{"rendered":"\n<h2 class=\" wp-block-heading eplus-wrapper\">Tiedot n\u00e4kyvill\u00e4.<\/h2>\n\n\n\n<p class=\" eplus-wrapper\">Energy Display -n\u00e4yt\u00f6n avulla virrankulutus, aurinkoenergian tuotanto ja energiakustannukset ovat aina n\u00e4kyvill\u00e4, joten voit tarkkailla kodin energiankulutusta. Aseta Energy Display olohuoneeseen, keitti\u00f6\u00f6n tai muuhun paikkaan, jossa n\u00e4et sen usein, kuten eteiseen. Jotta virtaa ei kuluteta turhaan, n\u00e4ytt\u00f6 sammutetaan, jos Display ei havaitse liikett\u00e4 hetkeen.<\/p>\n\n\n\n<h2 class=\" wp-block-heading eplus-wrapper\">Saavuta energiankulutuksen tavoitteesi.<\/h2>\n\n\n\n<p class=\" eplus-wrapper\">Voit m\u00e4\u00e4ritt\u00e4\u00e4 Energy Display -n\u00e4yt\u00f6n haluamallasi tavalla <a href=\"https:\/\/helpdesk.homewizard.com\/collections\/3319573\">HomeWizard-sovelluksessa<\/a>. M\u00e4\u00e4rit\u00e4 kulutustavoite yhdelle kolmesta ympyr\u00e4st\u00e4. Mit\u00e4 t\u00e4ydempi ympyr\u00e4 on, sit\u00e4 l\u00e4hemp\u00e4n\u00e4 olet tavoitteen ylityst\u00e4. N\u00e4yt\u00f6n oikealla puolella voidaan n\u00e4ytt\u00e4\u00e4 kaasuun, veteen, s\u00e4hk\u00f6\u00f6n, kokonaiskustannuksiin ja\/tai l\u00e4mp\u00f6tilaan liittyv\u00e4t tiedot. Voit valita kulutus- tai kustannustietoja ja tarkastella niit\u00e4 reaaliajassa tai p\u00e4iv\u00e4kohtaisesti.<\/p>\n\n\n\n<p class=\" eplus-wrapper\">Et tarvitse <a href=\"https:\/\/www.homewizard.com\/fi\/energy-plus\/\">Energy+-tilausta<\/a> n\u00e4yt\u00f6n k\u00e4ytt\u00f6\u00f6n, mutta Energy+-tilaus tarjoaa lis\u00e4ominaisuuksia, kuten energian kokonaiskulutuksen ja aurinkoenergian kulutuksen n\u00e4yt\u00f6n.<\/p>\n\n\n\n<div class=\" wp-block-media-text has-media-on-the-right is-stacked-on-mobile eplus-wrapper\" style=\"grid-template-columns:auto 49%\"><div class=\"wp-block-media-text__content\">\n<h2 class=\" wp-block-heading eplus-wrapper\">S\u00e4\u00e4st\u00e4 yli 172 \u20ac vuodessa.<\/h2>\n\n\n\n<p class=\" eplus-wrapper\">Kotisi energian\u00e4yt\u00f6n avulla s\u00e4\u00e4st\u00e4t keskim\u00e4\u00e4rin 6,9% kaasusta ja 2,2% s\u00e4hk\u00f6st\u00e4. Keskim\u00e4\u00e4r\u00e4inen kotitalous s\u00e4\u00e4st\u00e4\u00e4 yli 172 \u20ac vuodessa energiakustannuksissa.* T\u00e4m\u00e4 tarkoittaa, ett\u00e4 olet ansainnut Energian\u00e4yt\u00f6n hinnan takaisin hetkess\u00e4. Energian s\u00e4\u00e4st\u00e4minen ei ole koskaan ollut n\u00e4in helppoa.<\/p>\n\n\n<p class=\" eplus-wrapper eplus-styles-uid-e7c803\">* Perustuen keskim\u00e4\u00e4r\u00e4iseen kotitalouteen ja energian hintoihin Alankomaissa: 1 500 m\u00b3 kaasua (\u20ac 1,45) ja 2 500 kWh (\u20ac 0,40).<\/p><\/div><figure class=\"wp-block-media-text__media\"><img decoding=\"async\" src=\"https:\/\/www.homewizard.com\/wp-content\/uploads\/2023\/11\/electricity-finland.png\" alt=\"\" class=\"wp-image-408990 size-full\"\/><\/figure><\/div>\n\n\n\n<h2 class=\" wp-block-heading eplus-wrapper\">Pakkauksen sis\u00e4lt\u00f6<\/h2>\n\n\n<ul class=\" wp-block-list eplus-wrapper eplus-styles-uid-f8832f\">\n<li class=\" eplus-wrapper\">HomeWizard Energy Display<\/li>\n\n\n\n<li class=\" eplus-wrapper\">Virtasovitin<\/li>\n\n\n\n<li class=\" eplus-wrapper\">1,5 metrin USB-C-kaapeli<\/li>\n\n\n\n<li class=\" eplus-wrapper\">Pikaopas<\/li>\n<\/ul>\n\n\n<h2 class=\" wp-block-heading eplus-wrapper\">Vaatimukset<\/h2>\n\n\n\n<p class=\" eplus-wrapper\">An iOS 13, Android 8 or newer operating system<br>A secure Wi-Fi network with an internet connection<\/p>\n","protected":false},"excerpt":{"rendered":"<p><span style=\"font-weight: 400;\">HomeWizard Energy Display -n\u00e4yt\u00f6n avulla voit perehty\u00e4 virrankulutukseesi, aurinkoenergian tuotantoosi ja energiakustannuksiisi. M\u00e4\u00e4rit\u00e4 oma koontin\u00e4ytt\u00f6si ja p\u00e4\u00e4t\u00e4, mit\u00e4 haluat tarkastella. <\/span><\/p>\n","protected":false},"featured_media":1012133,"template":"","meta":{"_acf_changed":false,"editor_plus_copied_stylings":"{}"},"product_brand":[],"product_cat":[218,219],"product_tag":[],"class_list":{"0":"post-489076","1":"product","2":"type-product","3":"status-publish","4":"has-post-thumbnail","6":"product_cat-kaikki","7":"product_cat-tuotteet","9":"first","10":"instock","11":"taxable","12":"shipping-taxable","13":"purchasable","14":"product-type-simple"},"acf":[],"yoast_head":"<!-- This site is optimized with the Yoast SEO plugin v27.0 - https:\/\/yoast.com\/product\/yoast-seo-wordpress\/ -->\n<title>Tilaa Energy Display t\u00e4\u00e4lt\u00e4 \u2013 HomeWizard<\/title>\n<meta name=\"description\" content=\"Hallitse energiankulutustasi HomeWizardin Energy Display -n\u00e4yt\u00f6n avulla. Luo oma koontin\u00e4ytt\u00f6si, saavuta tavoitteesi ja s\u00e4\u00e4st\u00e4 energiakustannuksissa.\" \/>\n<meta name=\"robots\" content=\"index, follow, max-snippet:-1, max-image-preview:large, max-video-preview:-1\" \/>\n<link rel=\"canonical\" href=\"https:\/\/www.homewizard.com\/fi\/kauppa\/energy-display\/\" \/>\n<meta property=\"og:locale\" content=\"fi_FI\" \/>\n<meta property=\"og:type\" content=\"article\" \/>\n<meta property=\"og:title\" content=\"Tilaa Energy Display t\u00e4\u00e4lt\u00e4 \u2013 HomeWizard\" \/>\n<meta property=\"og:description\" content=\"Hallitse energiankulutustasi HomeWizardin Energy Display -n\u00e4yt\u00f6n avulla. Luo oma koontin\u00e4ytt\u00f6si, saavuta tavoitteesi ja s\u00e4\u00e4st\u00e4 energiakustannuksissa.\" \/>\n<meta property=\"og:url\" content=\"https:\/\/www.homewizard.com\/fi\/kauppa\/energy-display\/\" \/>\n<meta property=\"og:site_name\" content=\"HomeWizard\" \/>\n<meta property=\"article:publisher\" content=\"https:\/\/www.facebook.com\/HomeWizardBV\/\" \/>\n<meta property=\"article:modified_time\" content=\"2026-05-03T14:52:47+00:00\" \/>\n<meta property=\"og:image\" content=\"https:\/\/www.homewizard.com\/wp-content\/uploads\/2023\/08\/Energy-Display-front-view.png\" \/>\n\t<meta property=\"og:image:width\" content=\"1900\" \/>\n\t<meta property=\"og:image:height\" content=\"1900\" \/>\n\t<meta property=\"og:image:type\" content=\"image\/png\" \/>\n<meta name=\"twitter:card\" content=\"summary_large_image\" \/>\n<meta name=\"twitter:site\" content=\"@HomeWizard_NL\" \/>\n<meta name=\"twitter:label1\" content=\"Arvioitu lukuaika\" \/>\n\t<meta name=\"twitter:data1\" content=\"2 minuuttia\" \/>\n<script type=\"application\/ld+json\" class=\"yoast-schema-graph\">{\"@context\":\"https:\/\/schema.org\",\"@graph\":[{\"@type\":\"WebPage\",\"@id\":\"https:\/\/www.homewizard.com\/fi\/kauppa\/energy-display\/\",\"url\":\"https:\/\/www.homewizard.com\/fi\/kauppa\/energy-display\/\",\"name\":\"Tilaa Energy Display t\u00e4\u00e4lt\u00e4 \u2013 HomeWizard\",\"isPartOf\":{\"@id\":\"https:\/\/www.homewizard.com\/fi\/#website\"},\"primaryImageOfPage\":{\"@id\":\"https:\/\/www.homewizard.com\/fi\/kauppa\/energy-display\/#primaryimage\"},\"image\":{\"@id\":\"https:\/\/www.homewizard.com\/fi\/kauppa\/energy-display\/#primaryimage\"},\"thumbnailUrl\":\"https:\/\/www.homewizard.com\/wp-content\/uploads\/2023\/08\/Energy-Display-front-view.png\",\"datePublished\":\"2023-08-21T08:27:37+00:00\",\"dateModified\":\"2026-05-03T14:52:47+00:00\",\"description\":\"Hallitse energiankulutustasi HomeWizardin Energy Display -n\u00e4yt\u00f6n avulla. Luo oma koontin\u00e4ytt\u00f6si, saavuta tavoitteesi ja s\u00e4\u00e4st\u00e4 energiakustannuksissa.\",\"breadcrumb\":{\"@id\":\"https:\/\/www.homewizard.com\/fi\/kauppa\/energy-display\/#breadcrumb\"},\"inLanguage\":\"fi\",\"potentialAction\":[{\"@type\":\"ReadAction\",\"target\":[\"https:\/\/www.homewizard.com\/fi\/kauppa\/energy-display\/\"]}]},{\"@type\":\"ImageObject\",\"inLanguage\":\"fi\",\"@id\":\"https:\/\/www.homewizard.com\/fi\/kauppa\/energy-display\/#primaryimage\",\"url\":\"https:\/\/www.homewizard.com\/wp-content\/uploads\/2023\/08\/Energy-Display-front-view.png\",\"contentUrl\":\"https:\/\/www.homewizard.com\/wp-content\/uploads\/2023\/08\/Energy-Display-front-view.png\",\"width\":1900,\"height\":1900,\"caption\":\"Front view of the Energy Display\"},{\"@type\":\"BreadcrumbList\",\"@id\":\"https:\/\/www.homewizard.com\/fi\/kauppa\/energy-display\/#breadcrumb\",\"itemListElement\":[{\"@type\":\"ListItem\",\"position\":1,\"name\":\"Home\",\"item\":\"https:\/\/www.homewizard.com\/fi\/\"},{\"@type\":\"ListItem\",\"position\":2,\"name\":\"Kauppa\",\"item\":\"https:\/\/www.homewizard.com\/fi\/kauppa\/\"},{\"@type\":\"ListItem\",\"position\":3,\"name\":\"Energy Display\"}]},{\"@type\":\"WebSite\",\"@id\":\"https:\/\/www.homewizard.com\/fi\/#website\",\"url\":\"https:\/\/www.homewizard.com\/fi\/\",\"name\":\"HomeWizard\",\"description\":\"HomeWizard Energy\",\"publisher\":{\"@id\":\"https:\/\/www.homewizard.com\/fi\/#organization\"},\"potentialAction\":[{\"@type\":\"SearchAction\",\"target\":{\"@type\":\"EntryPoint\",\"urlTemplate\":\"https:\/\/www.homewizard.com\/fi\/?s={search_term_string}\"},\"query-input\":{\"@type\":\"PropertyValueSpecification\",\"valueRequired\":true,\"valueName\":\"search_term_string\"}}],\"inLanguage\":\"fi\"},{\"@type\":\"Organization\",\"@id\":\"https:\/\/www.homewizard.com\/fi\/#organization\",\"name\":\"HomeWizard\",\"url\":\"https:\/\/www.homewizard.com\/fi\/\",\"logo\":{\"@type\":\"ImageObject\",\"inLanguage\":\"fi\",\"@id\":\"https:\/\/www.homewizard.com\/fi\/#\/schema\/logo\/image\/\",\"url\":\"https:\/\/www.homewizard.com\/wp-content\/uploads\/2023\/06\/HomeWizard-icon-on-black.png\",\"contentUrl\":\"https:\/\/www.homewizard.com\/wp-content\/uploads\/2023\/06\/HomeWizard-icon-on-black.png\",\"width\":500,\"height\":500,\"caption\":\"HomeWizard\"},\"image\":{\"@id\":\"https:\/\/www.homewizard.com\/fi\/#\/schema\/logo\/image\/\"},\"sameAs\":[\"https:\/\/www.facebook.com\/HomeWizardBV\/\",\"https:\/\/x.com\/HomeWizard_NL\",\"https:\/\/www.youtube.com\/HomeWizardBV\",\"https:\/\/www.instagram.com\/homewizardenergy\/\"]}]}<\/script>\n<!-- \/ Yoast SEO plugin. -->","yoast_head_json":{"title":"Tilaa Energy Display t\u00e4\u00e4lt\u00e4 \u2013 HomeWizard","description":"Hallitse energiankulutustasi HomeWizardin Energy Display -n\u00e4yt\u00f6n avulla. Luo oma koontin\u00e4ytt\u00f6si, saavuta tavoitteesi ja s\u00e4\u00e4st\u00e4 energiakustannuksissa.","robots":{"index":"index","follow":"follow","max-snippet":"max-snippet:-1","max-image-preview":"max-image-preview:large","max-video-preview":"max-video-preview:-1"},"canonical":"https:\/\/www.homewizard.com\/fi\/kauppa\/energy-display\/","og_locale":"fi_FI","og_type":"article","og_title":"Tilaa Energy Display t\u00e4\u00e4lt\u00e4 \u2013 HomeWizard","og_description":"Hallitse energiankulutustasi HomeWizardin Energy Display -n\u00e4yt\u00f6n avulla. Luo oma koontin\u00e4ytt\u00f6si, saavuta tavoitteesi ja s\u00e4\u00e4st\u00e4 energiakustannuksissa.","og_url":"https:\/\/www.homewizard.com\/fi\/kauppa\/energy-display\/","og_site_name":"HomeWizard","article_publisher":"https:\/\/www.facebook.com\/HomeWizardBV\/","article_modified_time":"2026-05-03T14:52:47+00:00","og_image":[{"width":1900,"height":1900,"url":"https:\/\/www.homewizard.com\/wp-content\/uploads\/2023\/08\/Energy-Display-front-view.png","type":"image\/png"}],"twitter_card":"summary_large_image","twitter_site":"@HomeWizard_NL","twitter_misc":{"Arvioitu lukuaika":"2 minuuttia"},"schema":{"@context":"https:\/\/schema.org","@graph":[{"@type":"WebPage","@id":"https:\/\/www.homewizard.com\/fi\/kauppa\/energy-display\/","url":"https:\/\/www.homewizard.com\/fi\/kauppa\/energy-display\/","name":"Tilaa Energy Display t\u00e4\u00e4lt\u00e4 \u2013 HomeWizard","isPartOf":{"@id":"https:\/\/www.homewizard.com\/fi\/#website"},"primaryImageOfPage":{"@id":"https:\/\/www.homewizard.com\/fi\/kauppa\/energy-display\/#primaryimage"},"image":{"@id":"https:\/\/www.homewizard.com\/fi\/kauppa\/energy-display\/#primaryimage"},"thumbnailUrl":"https:\/\/www.homewizard.com\/wp-content\/uploads\/2023\/08\/Energy-Display-front-view.png","datePublished":"2023-08-21T08:27:37+00:00","dateModified":"2026-05-03T14:52:47+00:00","description":"Hallitse energiankulutustasi HomeWizardin Energy Display -n\u00e4yt\u00f6n avulla. Luo oma koontin\u00e4ytt\u00f6si, saavuta tavoitteesi ja s\u00e4\u00e4st\u00e4 energiakustannuksissa.","breadcrumb":{"@id":"https:\/\/www.homewizard.com\/fi\/kauppa\/energy-display\/#breadcrumb"},"inLanguage":"fi","potentialAction":[{"@type":"ReadAction","target":["https:\/\/www.homewizard.com\/fi\/kauppa\/energy-display\/"]}]},{"@type":"ImageObject","inLanguage":"fi","@id":"https:\/\/www.homewizard.com\/fi\/kauppa\/energy-display\/#primaryimage","url":"https:\/\/www.homewizard.com\/wp-content\/uploads\/2023\/08\/Energy-Display-front-view.png","contentUrl":"https:\/\/www.homewizard.com\/wp-content\/uploads\/2023\/08\/Energy-Display-front-view.png","width":1900,"height":1900,"caption":"Front view of the Energy Display"},{"@type":"BreadcrumbList","@id":"https:\/\/www.homewizard.com\/fi\/kauppa\/energy-display\/#breadcrumb","itemListElement":[{"@type":"ListItem","position":1,"name":"Home","item":"https:\/\/www.homewizard.com\/fi\/"},{"@type":"ListItem","position":2,"name":"Kauppa","item":"https:\/\/www.homewizard.com\/fi\/kauppa\/"},{"@type":"ListItem","position":3,"name":"Energy Display"}]},{"@type":"WebSite","@id":"https:\/\/www.homewizard.com\/fi\/#website","url":"https:\/\/www.homewizard.com\/fi\/","name":"HomeWizard","description":"HomeWizard Energy","publisher":{"@id":"https:\/\/www.homewizard.com\/fi\/#organization"},"potentialAction":[{"@type":"SearchAction","target":{"@type":"EntryPoint","urlTemplate":"https:\/\/www.homewizard.com\/fi\/?s={search_term_string}"},"query-input":{"@type":"PropertyValueSpecification","valueRequired":true,"valueName":"search_term_string"}}],"inLanguage":"fi"},{"@type":"Organization","@id":"https:\/\/www.homewizard.com\/fi\/#organization","name":"HomeWizard","url":"https:\/\/www.homewizard.com\/fi\/","logo":{"@type":"ImageObject","inLanguage":"fi","@id":"https:\/\/www.homewizard.com\/fi\/#\/schema\/logo\/image\/","url":"https:\/\/www.homewizard.com\/wp-content\/uploads\/2023\/06\/HomeWizard-icon-on-black.png","contentUrl":"https:\/\/www.homewizard.com\/wp-content\/uploads\/2023\/06\/HomeWizard-icon-on-black.png","width":500,"height":500,"caption":"HomeWizard"},"image":{"@id":"https:\/\/www.homewizard.com\/fi\/#\/schema\/logo\/image\/"},"sameAs":["https:\/\/www.facebook.com\/HomeWizardBV\/","https:\/\/x.com\/HomeWizard_NL","https:\/\/www.youtube.com\/HomeWizardBV","https:\/\/www.instagram.com\/homewizardenergy\/"]}]}},"_links":{"self":[{"href":"https:\/\/www.homewizard.com\/fi\/wp-json\/wp\/v2\/product\/489076","targetHints":{"allow":["GET"]}}],"collection":[{"href":"https:\/\/www.homewizard.com\/fi\/wp-json\/wp\/v2\/product"}],"about":[{"href":"https:\/\/www.homewizard.com\/fi\/wp-json\/wp\/v2\/types\/product"}],"wp:featuredmedia":[{"embeddable":true,"href":"https:\/\/www.homewizard.com\/fi\/wp-json\/wp\/v2\/media\/1012133"}],"wp:attachment":[{"href":"https:\/\/www.homewizard.com\/fi\/wp-json\/wp\/v2\/media?parent=489076"}],"wp:term":[{"taxonomy":"product_brand","embeddable":true,"href":"https:\/\/www.homewizard.com\/fi\/wp-json\/wp\/v2\/product_brand?post=489076"},{"taxonomy":"product_cat","embeddable":true,"href":"https:\/\/www.homewizard.com\/fi\/wp-json\/wp\/v2\/product_cat?post=489076"},{"taxonomy":"product_tag","embeddable":true,"href":"https:\/\/www.homewizard.com\/fi\/wp-json\/wp\/v2\/product_tag?post=489076"}],"curies":[{"name":"wp","href":"https:\/\/api.w.org\/{rel}","templated":true}]}}