{"id":1273499,"date":"2024-06-13T13:59:13","date_gmt":"2024-06-13T11:59:13","guid":{"rendered":"https:\/\/www.homewizard.com\/shop\/wi-fi-p1-meter-2\/"},"modified":"2026-05-03T17:32:21","modified_gmt":"2026-05-03T15:32:21","slug":"wi-fi-p1-meter","status":"publish","type":"product","link":"https:\/\/www.homewizard.com\/fi\/kauppa\/wi-fi-p1-meter\/","title":{"rendered":"Wi-Fi P1 meter"},"content":{"rendered":"\n<p class=\" eplus-wrapper\"><em>Attention! On smart meters with SMR version 5.0 or higher the P1 Meter works directly from the P1 port. For smart meters with a lower SMR version a <a href=\"https:\/\/www.homewizard.com\/fi\/kauppa\/usb-c-adapter-set-2\/\">USB-C power supply<\/a> is required.<\/em><\/p>\n\n\n\n<h2 class=\" wp-block-heading eplus-wrapper\">Tietoja s\u00e4hk\u00f6nkulutuksesta<\/h2>\n\n\n\n<p class=\" eplus-wrapper\">Tied\u00e4tk\u00f6, kuinka paljon s\u00e4hk\u00f6\u00e4 kulutat, kun laitat ruokaa tai katsot televisiota? Paljonko valmiustilassa olevat laitteet k\u00e4ytt\u00e4v\u00e4t energiaa y\u00f6ll\u00e4? HomeWizard P1 Meter tarjoaa yksityiskohtaisia tietoja s\u00e4hk\u00f6nunkulutuksestasi sek\u00e4 aurinkoenergian ylij\u00e4\u00e4m\u00e4st\u00e4.<\/p>\n\n\n\n<p class=\" eplus-wrapper\"><\/p>\n\n\n\n<h2 class=\" wp-block-heading eplus-wrapper\">Toimii \u00e4lymittarin kanssa<\/h2>\n\n\n\n<p class=\" eplus-wrapper\">Voit napsauttaa P1 Meter -mittarin kiinni \u00e4lymittarin P1-porttiin, niin saat tietoja kotisi s\u00e4hk\u00f6nnkulutuksesta. P1 Meter on yhteensopiva useimpien Euroopassa k\u00e4ytett\u00e4vien modernien mittarien kanssa, etk\u00e4 edes tarvitse virtasovitinta modernien \u00e4lymittarien kanssa! Kytke laite vain kiinni ja yhdist\u00e4 Wi-Fiin, niin olet valmis. Katso <a href=\"https:\/\/helpdesk.homewizard.com\/fi\/articles\/5935311-onko-alymittarini-yhteensopiva\">Onko \u00e4lymittarini yhteensopiva?<\/a> ja varmista yhteensopivuus.<\/p>\n\n\n<div class=\"wp-block-image round_corners\">\n<figure class=\"aligncenter size-large eplus-wrapper\"><img loading=\"lazy\" decoding=\"async\" width=\"1024\" height=\"536\" src=\"https:\/\/www.homewizard.com\/wp-content\/uploads\/2023\/07\/P1-plugged-in@1x-1024x536.webp\" alt=\"\" class=\"wp-image-389610\" srcset=\"https:\/\/www.homewizard.com\/wp-content\/uploads\/2023\/07\/P1-plugged-in@1x-1024x536.webp 1024w, https:\/\/www.homewizard.com\/wp-content\/uploads\/2023\/07\/P1-plugged-in@1x-800x419.webp 800w, https:\/\/www.homewizard.com\/wp-content\/uploads\/2023\/07\/P1-plugged-in@1x-300x157.webp 300w, https:\/\/www.homewizard.com\/wp-content\/uploads\/2023\/07\/P1-plugged-in@1x-768x402.webp 768w\" sizes=\"auto, (max-width: 1024px) 100vw, 1024px\" \/><\/figure>\n<\/div>\n\n\n<h2 class=\" wp-block-heading eplus-wrapper\">Toimii kaasumittarin kanssa<\/h2>\n\n\n\n<p class=\" eplus-wrapper\">P1 Meter n\u00e4ytt\u00e4\u00e4 my\u00f6s kodin kaasunkulutuksen \u00e4lymittarin kautta. N\u00e4in voit tiet\u00e4\u00e4 tarkalleen, paljonko esimerkiksi suihku kuluttaa kaasua.<\/p>\n\n\n\n<h2 class=\" wp-block-heading eplus-wrapper\">Tarkastele reaaliajassa tai katso historiatiedot<\/h2>\n\n\n\n<p class=\" eplus-wrapper\"><a href=\"https:\/\/apps.apple.com\/app\/homewizard-energy\/id1492427207\">HomeWizard -sovelluksella<\/a> tied\u00e4t tarkalleen, mit\u00e4 sill\u00e4 hetkell\u00e4 tapahtuu, tai voit tarkastella historiatietoja. HomeWizard -sovellus on saatavilla <a href=\"https:\/\/play.google.com\/store\/apps\/details?id=nl.homewizard.android.energy&amp;pcampaignid=pcampaignidMKT-Other-global-all-co-prtnr-py-PartBadge-Mar2515-1\">Android<\/a>&#8211; ja <a href=\"https:\/\/apps.apple.com\/app\/homewizard-energy\/id1492427207\">iOS<\/a>-laitteille.<\/p>\n\n\n<div class=\"wp-block-image is-resized\">\n<figure class=\"aligncenter size-full eplus-wrapper\"><img loading=\"lazy\" decoding=\"async\" width=\"800\" height=\"800\" src=\"https:\/\/www.homewizard.com\/wp-content\/uploads\/2024\/06\/p1meterwithapp.png\" alt=\"\" class=\"wp-image-1930641\" style=\"width:550px\" srcset=\"https:\/\/www.homewizard.com\/wp-content\/uploads\/2024\/06\/p1meterwithapp.png 800w, https:\/\/www.homewizard.com\/wp-content\/uploads\/2024\/06\/p1meterwithapp-300x300.png 300w, https:\/\/www.homewizard.com\/wp-content\/uploads\/2024\/06\/p1meterwithapp-150x150.png 150w, https:\/\/www.homewizard.com\/wp-content\/uploads\/2024\/06\/p1meterwithapp-768x768.png 768w, https:\/\/www.homewizard.com\/wp-content\/uploads\/2024\/06\/p1meterwithapp-500x500.png 500w, https:\/\/www.homewizard.com\/wp-content\/uploads\/2024\/06\/p1meterwithapp-124x124.png 124w\" sizes=\"auto, (max-width: 800px) 100vw, 800px\" \/><\/figure>\n<\/div>\n\n\n<h2 class=\" wp-block-heading eplus-wrapper\">Pakkauksen sis\u00e4lt\u00f6<\/h2>\n\n\n<ul class=\" wp-block-list eplus-wrapper eplus-styles-uid-207ccd\">\n<li class=\" eplus-wrapper\">P1 Meter<\/li>\n\n\n\n<li class=\" eplus-wrapper\">Pikaopas<\/li>\n<\/ul>\n\n\n<div style=\"height:32px\" aria-hidden=\"true\" class=\" wp-block-spacer eplus-wrapper\"><\/div>\n\n\n\n<p class=\" eplus-wrapper\"><a href=\"https:\/\/www.homewizard.com\/fi\/p1-meter\/\">Lis\u00e4tietoja P1 Meter -mittarista<\/a><\/p>\n","protected":false},"excerpt":{"rendered":"<p>Saat yksityiskohtaista tietoa s\u00e4hk\u00f6nkulutuksestasi ja aurinkoenergian ylij\u00e4\u00e4m\u00e4st\u00e4.<\/p>\n","protected":false},"featured_media":474142,"template":"","meta":{"_acf_changed":false,"editor_plus_copied_stylings":"{}"},"product_brand":[],"product_cat":[218,219],"product_tag":[],"class_list":{"0":"post-1273499","1":"product","2":"type-product","3":"status-publish","4":"has-post-thumbnail","6":"product_cat-kaikki","7":"product_cat-tuotteet","9":"first","10":"instock","11":"taxable","12":"shipping-taxable","13":"purchasable","14":"product-type-simple"},"acf":[],"yoast_head":"<!-- This site is optimized with the Yoast SEO plugin v27.0 - https:\/\/yoast.com\/product\/yoast-seo-wordpress\/ -->\n<title>Wi-Fi P1 meter - HomeWizard<\/title>\n<meta name=\"description\" content=\"HomeWizard Wi-Fi P1 -mittarin avulla saat el\u00e4v\u00e4\u00e4 tietoa energiankulutuksestasi. Tarkastele yksityiskohtaisia ja historiallisia kuvaajia suorana l\u00e4hetyksen\u00e4 Energy-sovelluksessa.\" \/>\n<meta name=\"robots\" content=\"index, follow, max-snippet:-1, max-image-preview:large, max-video-preview:-1\" \/>\n<link rel=\"canonical\" href=\"https:\/\/www.homewizard.com\/fi\/kauppa\/wi-fi-p1-meter\/\" \/>\n<meta property=\"og:locale\" content=\"fi_FI\" \/>\n<meta property=\"og:type\" content=\"article\" \/>\n<meta property=\"og:title\" content=\"Wi-Fi P1 meter - HomeWizard\" \/>\n<meta property=\"og:description\" content=\"HomeWizard Wi-Fi P1 -mittarin avulla saat el\u00e4v\u00e4\u00e4 tietoa energiankulutuksestasi. Tarkastele yksityiskohtaisia ja historiallisia kuvaajia suorana l\u00e4hetyksen\u00e4 Energy-sovelluksessa.\" \/>\n<meta property=\"og:url\" content=\"https:\/\/www.homewizard.com\/fi\/kauppa\/wi-fi-p1-meter\/\" \/>\n<meta property=\"og:site_name\" content=\"HomeWizard\" \/>\n<meta property=\"article:publisher\" content=\"https:\/\/www.facebook.com\/HomeWizardBV\/\" \/>\n<meta property=\"article:modified_time\" content=\"2026-05-03T15:32:21+00:00\" \/>\n<meta property=\"og:image\" content=\"https:\/\/www.homewizard.com\/wp-content\/uploads\/2021\/11\/P1_meter_front.png\" \/>\n\t<meta property=\"og:image:width\" content=\"800\" \/>\n\t<meta property=\"og:image:height\" content=\"800\" \/>\n\t<meta property=\"og:image:type\" content=\"image\/png\" \/>\n<meta name=\"twitter:card\" content=\"summary_large_image\" \/>\n<meta name=\"twitter:site\" content=\"@HomeWizard_NL\" \/>\n<meta name=\"twitter:label1\" content=\"Arvioitu lukuaika\" \/>\n\t<meta name=\"twitter:data1\" content=\"2 minuuttia\" \/>\n<script type=\"application\/ld+json\" class=\"yoast-schema-graph\">{\"@context\":\"https:\/\/schema.org\",\"@graph\":[{\"@type\":\"WebPage\",\"@id\":\"https:\/\/www.homewizard.com\/fi\/kauppa\/wi-fi-p1-meter\/\",\"url\":\"https:\/\/www.homewizard.com\/fi\/kauppa\/wi-fi-p1-meter\/\",\"name\":\"Wi-Fi P1 meter - HomeWizard\",\"isPartOf\":{\"@id\":\"https:\/\/www.homewizard.com\/fi\/#website\"},\"primaryImageOfPage\":{\"@id\":\"https:\/\/www.homewizard.com\/fi\/kauppa\/wi-fi-p1-meter\/#primaryimage\"},\"image\":{\"@id\":\"https:\/\/www.homewizard.com\/fi\/kauppa\/wi-fi-p1-meter\/#primaryimage\"},\"thumbnailUrl\":\"https:\/\/www.homewizard.com\/wp-content\/uploads\/2021\/11\/P1_meter_front.png\",\"datePublished\":\"2024-06-13T11:59:13+00:00\",\"dateModified\":\"2026-05-03T15:32:21+00:00\",\"description\":\"HomeWizard Wi-Fi P1 -mittarin avulla saat el\u00e4v\u00e4\u00e4 tietoa energiankulutuksestasi. Tarkastele yksityiskohtaisia ja historiallisia kuvaajia suorana l\u00e4hetyksen\u00e4 Energy-sovelluksessa.\",\"breadcrumb\":{\"@id\":\"https:\/\/www.homewizard.com\/fi\/kauppa\/wi-fi-p1-meter\/#breadcrumb\"},\"inLanguage\":\"fi\",\"potentialAction\":[{\"@type\":\"ReadAction\",\"target\":[\"https:\/\/www.homewizard.com\/fi\/kauppa\/wi-fi-p1-meter\/\"]}]},{\"@type\":\"ImageObject\",\"inLanguage\":\"fi\",\"@id\":\"https:\/\/www.homewizard.com\/fi\/kauppa\/wi-fi-p1-meter\/#primaryimage\",\"url\":\"https:\/\/www.homewizard.com\/wp-content\/uploads\/2021\/11\/P1_meter_front.png\",\"contentUrl\":\"https:\/\/www.homewizard.com\/wp-content\/uploads\/2021\/11\/P1_meter_front.png\",\"width\":800,\"height\":800,\"caption\":\"Voorkant van HomeWizard P1 meter\"},{\"@type\":\"BreadcrumbList\",\"@id\":\"https:\/\/www.homewizard.com\/fi\/kauppa\/wi-fi-p1-meter\/#breadcrumb\",\"itemListElement\":[{\"@type\":\"ListItem\",\"position\":1,\"name\":\"Home\",\"item\":\"https:\/\/www.homewizard.com\/fi\/\"},{\"@type\":\"ListItem\",\"position\":2,\"name\":\"Kauppa\",\"item\":\"https:\/\/www.homewizard.com\/fi\/kauppa\/\"},{\"@type\":\"ListItem\",\"position\":3,\"name\":\"Wi-Fi P1 meter\"}]},{\"@type\":\"WebSite\",\"@id\":\"https:\/\/www.homewizard.com\/fi\/#website\",\"url\":\"https:\/\/www.homewizard.com\/fi\/\",\"name\":\"HomeWizard\",\"description\":\"HomeWizard Energy\",\"publisher\":{\"@id\":\"https:\/\/www.homewizard.com\/fi\/#organization\"},\"potentialAction\":[{\"@type\":\"SearchAction\",\"target\":{\"@type\":\"EntryPoint\",\"urlTemplate\":\"https:\/\/www.homewizard.com\/fi\/?s={search_term_string}\"},\"query-input\":{\"@type\":\"PropertyValueSpecification\",\"valueRequired\":true,\"valueName\":\"search_term_string\"}}],\"inLanguage\":\"fi\"},{\"@type\":\"Organization\",\"@id\":\"https:\/\/www.homewizard.com\/fi\/#organization\",\"name\":\"HomeWizard\",\"url\":\"https:\/\/www.homewizard.com\/fi\/\",\"logo\":{\"@type\":\"ImageObject\",\"inLanguage\":\"fi\",\"@id\":\"https:\/\/www.homewizard.com\/fi\/#\/schema\/logo\/image\/\",\"url\":\"https:\/\/www.homewizard.com\/wp-content\/uploads\/2023\/06\/HomeWizard-icon-on-black.png\",\"contentUrl\":\"https:\/\/www.homewizard.com\/wp-content\/uploads\/2023\/06\/HomeWizard-icon-on-black.png\",\"width\":500,\"height\":500,\"caption\":\"HomeWizard\"},\"image\":{\"@id\":\"https:\/\/www.homewizard.com\/fi\/#\/schema\/logo\/image\/\"},\"sameAs\":[\"https:\/\/www.facebook.com\/HomeWizardBV\/\",\"https:\/\/x.com\/HomeWizard_NL\",\"https:\/\/www.youtube.com\/HomeWizardBV\",\"https:\/\/www.instagram.com\/homewizardenergy\/\"]}]}<\/script>\n<!-- \/ Yoast SEO plugin. -->","yoast_head_json":{"title":"Wi-Fi P1 meter - HomeWizard","description":"HomeWizard Wi-Fi P1 -mittarin avulla saat el\u00e4v\u00e4\u00e4 tietoa energiankulutuksestasi. Tarkastele yksityiskohtaisia ja historiallisia kuvaajia suorana l\u00e4hetyksen\u00e4 Energy-sovelluksessa.","robots":{"index":"index","follow":"follow","max-snippet":"max-snippet:-1","max-image-preview":"max-image-preview:large","max-video-preview":"max-video-preview:-1"},"canonical":"https:\/\/www.homewizard.com\/fi\/kauppa\/wi-fi-p1-meter\/","og_locale":"fi_FI","og_type":"article","og_title":"Wi-Fi P1 meter - HomeWizard","og_description":"HomeWizard Wi-Fi P1 -mittarin avulla saat el\u00e4v\u00e4\u00e4 tietoa energiankulutuksestasi. Tarkastele yksityiskohtaisia ja historiallisia kuvaajia suorana l\u00e4hetyksen\u00e4 Energy-sovelluksessa.","og_url":"https:\/\/www.homewizard.com\/fi\/kauppa\/wi-fi-p1-meter\/","og_site_name":"HomeWizard","article_publisher":"https:\/\/www.facebook.com\/HomeWizardBV\/","article_modified_time":"2026-05-03T15:32:21+00:00","og_image":[{"width":800,"height":800,"url":"https:\/\/www.homewizard.com\/wp-content\/uploads\/2021\/11\/P1_meter_front.png","type":"image\/png"}],"twitter_card":"summary_large_image","twitter_site":"@HomeWizard_NL","twitter_misc":{"Arvioitu lukuaika":"2 minuuttia"},"schema":{"@context":"https:\/\/schema.org","@graph":[{"@type":"WebPage","@id":"https:\/\/www.homewizard.com\/fi\/kauppa\/wi-fi-p1-meter\/","url":"https:\/\/www.homewizard.com\/fi\/kauppa\/wi-fi-p1-meter\/","name":"Wi-Fi P1 meter - HomeWizard","isPartOf":{"@id":"https:\/\/www.homewizard.com\/fi\/#website"},"primaryImageOfPage":{"@id":"https:\/\/www.homewizard.com\/fi\/kauppa\/wi-fi-p1-meter\/#primaryimage"},"image":{"@id":"https:\/\/www.homewizard.com\/fi\/kauppa\/wi-fi-p1-meter\/#primaryimage"},"thumbnailUrl":"https:\/\/www.homewizard.com\/wp-content\/uploads\/2021\/11\/P1_meter_front.png","datePublished":"2024-06-13T11:59:13+00:00","dateModified":"2026-05-03T15:32:21+00:00","description":"HomeWizard Wi-Fi P1 -mittarin avulla saat el\u00e4v\u00e4\u00e4 tietoa energiankulutuksestasi. Tarkastele yksityiskohtaisia ja historiallisia kuvaajia suorana l\u00e4hetyksen\u00e4 Energy-sovelluksessa.","breadcrumb":{"@id":"https:\/\/www.homewizard.com\/fi\/kauppa\/wi-fi-p1-meter\/#breadcrumb"},"inLanguage":"fi","potentialAction":[{"@type":"ReadAction","target":["https:\/\/www.homewizard.com\/fi\/kauppa\/wi-fi-p1-meter\/"]}]},{"@type":"ImageObject","inLanguage":"fi","@id":"https:\/\/www.homewizard.com\/fi\/kauppa\/wi-fi-p1-meter\/#primaryimage","url":"https:\/\/www.homewizard.com\/wp-content\/uploads\/2021\/11\/P1_meter_front.png","contentUrl":"https:\/\/www.homewizard.com\/wp-content\/uploads\/2021\/11\/P1_meter_front.png","width":800,"height":800,"caption":"Voorkant van HomeWizard P1 meter"},{"@type":"BreadcrumbList","@id":"https:\/\/www.homewizard.com\/fi\/kauppa\/wi-fi-p1-meter\/#breadcrumb","itemListElement":[{"@type":"ListItem","position":1,"name":"Home","item":"https:\/\/www.homewizard.com\/fi\/"},{"@type":"ListItem","position":2,"name":"Kauppa","item":"https:\/\/www.homewizard.com\/fi\/kauppa\/"},{"@type":"ListItem","position":3,"name":"Wi-Fi P1 meter"}]},{"@type":"WebSite","@id":"https:\/\/www.homewizard.com\/fi\/#website","url":"https:\/\/www.homewizard.com\/fi\/","name":"HomeWizard","description":"HomeWizard Energy","publisher":{"@id":"https:\/\/www.homewizard.com\/fi\/#organization"},"potentialAction":[{"@type":"SearchAction","target":{"@type":"EntryPoint","urlTemplate":"https:\/\/www.homewizard.com\/fi\/?s={search_term_string}"},"query-input":{"@type":"PropertyValueSpecification","valueRequired":true,"valueName":"search_term_string"}}],"inLanguage":"fi"},{"@type":"Organization","@id":"https:\/\/www.homewizard.com\/fi\/#organization","name":"HomeWizard","url":"https:\/\/www.homewizard.com\/fi\/","logo":{"@type":"ImageObject","inLanguage":"fi","@id":"https:\/\/www.homewizard.com\/fi\/#\/schema\/logo\/image\/","url":"https:\/\/www.homewizard.com\/wp-content\/uploads\/2023\/06\/HomeWizard-icon-on-black.png","contentUrl":"https:\/\/www.homewizard.com\/wp-content\/uploads\/2023\/06\/HomeWizard-icon-on-black.png","width":500,"height":500,"caption":"HomeWizard"},"image":{"@id":"https:\/\/www.homewizard.com\/fi\/#\/schema\/logo\/image\/"},"sameAs":["https:\/\/www.facebook.com\/HomeWizardBV\/","https:\/\/x.com\/HomeWizard_NL","https:\/\/www.youtube.com\/HomeWizardBV","https:\/\/www.instagram.com\/homewizardenergy\/"]}]}},"_links":{"self":[{"href":"https:\/\/www.homewizard.com\/fi\/wp-json\/wp\/v2\/product\/1273499","targetHints":{"allow":["GET"]}}],"collection":[{"href":"https:\/\/www.homewizard.com\/fi\/wp-json\/wp\/v2\/product"}],"about":[{"href":"https:\/\/www.homewizard.com\/fi\/wp-json\/wp\/v2\/types\/product"}],"wp:featuredmedia":[{"embeddable":true,"href":"https:\/\/www.homewizard.com\/fi\/wp-json\/wp\/v2\/media\/474142"}],"wp:attachment":[{"href":"https:\/\/www.homewizard.com\/fi\/wp-json\/wp\/v2\/media?parent=1273499"}],"wp:term":[{"taxonomy":"product_brand","embeddable":true,"href":"https:\/\/www.homewizard.com\/fi\/wp-json\/wp\/v2\/product_brand?post=1273499"},{"taxonomy":"product_cat","embeddable":true,"href":"https:\/\/www.homewizard.com\/fi\/wp-json\/wp\/v2\/product_cat?post=1273499"},{"taxonomy":"product_tag","embeddable":true,"href":"https:\/\/www.homewizard.com\/fi\/wp-json\/wp\/v2\/product_tag?post=1273499"}],"curies":[{"name":"wp","href":"https:\/\/api.w.org\/{rel}","templated":true}]}}