{"id":1101957,"date":"2024-07-30T13:37:25","date_gmt":"2024-07-30T11:37:25","guid":{"rendered":"https:\/\/www.homewizard.com\/shop\/usb-c-adapter-set-2\/"},"modified":"2026-04-23T08:19:55","modified_gmt":"2026-04-23T06:19:55","slug":"usb-c-adapter-set-2","status":"publish","type":"product","link":"https:\/\/www.homewizard.com\/fi\/kauppa\/usb-c-adapter-set-2\/","title":{"rendered":"USB-C-sovitinsarja"},"content":{"rendered":"\n<p class=\" eplus-wrapper\">Vanhemmat \u00e4lymittarit (vanhempi kuin SMR5) edellytt\u00e4v\u00e4t USB-C-sovitinta, jotta P1 Meter toimii. Sit\u00e4 voidaan my\u00f6s k\u00e4ytt\u00e4\u00e4 Active P1 Splitter -jakajan virransy\u00f6tt\u00f6\u00f6n vanhemmilla \u00e4lymittareilla ilman jakajaan liitetty\u00e4 HomeWizard P1 Meter -mittaria. T\u00e4m\u00e4 on valinnainen lis\u00e4varuste, eik\u00e4 sit\u00e4 toimiteta P1 Meter -mittarin ja P1 splitter -jakajan pakkausten mukana.<\/p>\n","protected":false},"excerpt":{"rendered":"<p>Virtaa P1 Meter -mittarille vanhemmilla \u00e4lymittareilla (SMR4 ja vanhemmat)<\/p>\n","protected":false},"featured_media":653863,"template":"","meta":{"_acf_changed":false,"editor_plus_copied_stylings":"{}"},"product_brand":[],"product_cat":[218,221],"product_tag":[],"class_list":{"0":"post-1101957","1":"product","2":"type-product","3":"status-publish","4":"has-post-thumbnail","6":"product_cat-kaikki","7":"product_cat-lisavarusteet","9":"first","10":"instock","11":"taxable","12":"shipping-taxable","13":"purchasable","14":"product-type-simple"},"acf":[],"yoast_head":"<!-- This site is optimized with the Yoast SEO plugin v27.0 - https:\/\/yoast.com\/product\/yoast-seo-wordpress\/ -->\n<title>Tarvitsetko sovitinsarjan Wi-Fi P1 Meter -mittarille? Tilaa USB-sovitinsarja HomeWizardilta t\u00e4\u00e4lt\u00e4!<\/title>\n<meta name=\"description\" content=\"Voit tilata P1 Meter -mittarin USB-C-sovittimen t\u00e4\u00e4lt\u00e4 \u2013 HomeWizard\" \/>\n<meta name=\"robots\" content=\"index, follow, max-snippet:-1, max-image-preview:large, max-video-preview:-1\" \/>\n<link rel=\"canonical\" href=\"https:\/\/www.homewizard.com\/fi\/kauppa\/usb-c-adapter-set-2\/\" \/>\n<meta property=\"og:locale\" content=\"fi_FI\" \/>\n<meta property=\"og:type\" content=\"article\" \/>\n<meta property=\"og:title\" content=\"Tarvitsetko sovitinsarjan Wi-Fi P1 Meter -mittarille? Tilaa USB-sovitinsarja HomeWizardilta t\u00e4\u00e4lt\u00e4!\" \/>\n<meta property=\"og:description\" content=\"Voit tilata P1 Meter -mittarin USB-C-sovittimen t\u00e4\u00e4lt\u00e4 \u2013 HomeWizard\" \/>\n<meta property=\"og:url\" content=\"https:\/\/www.homewizard.com\/fi\/kauppa\/usb-c-adapter-set-2\/\" \/>\n<meta property=\"og:site_name\" content=\"HomeWizard\" \/>\n<meta property=\"article:publisher\" content=\"https:\/\/www.facebook.com\/HomeWizardBV\/\" \/>\n<meta property=\"article:modified_time\" content=\"2026-04-23T06:19:55+00:00\" \/>\n<meta property=\"og:image\" content=\"https:\/\/www.homewizard.com\/wp-content\/uploads\/2022\/08\/USB-C-Adapter-HomeWizard.png\" \/>\n\t<meta property=\"og:image:width\" content=\"800\" \/>\n\t<meta property=\"og:image:height\" content=\"800\" \/>\n\t<meta property=\"og:image:type\" content=\"image\/png\" \/>\n<meta name=\"twitter:card\" content=\"summary_large_image\" \/>\n<meta name=\"twitter:site\" content=\"@HomeWizard_NL\" \/>\n<script type=\"application\/ld+json\" class=\"yoast-schema-graph\">{\"@context\":\"https:\/\/schema.org\",\"@graph\":[{\"@type\":\"WebPage\",\"@id\":\"https:\/\/www.homewizard.com\/fi\/kauppa\/usb-c-adapter-set-2\/\",\"url\":\"https:\/\/www.homewizard.com\/fi\/kauppa\/usb-c-adapter-set-2\/\",\"name\":\"Tarvitsetko sovitinsarjan Wi-Fi P1 Meter -mittarille? Tilaa USB-sovitinsarja HomeWizardilta t\u00e4\u00e4lt\u00e4!\",\"isPartOf\":{\"@id\":\"https:\/\/www.homewizard.com\/fi\/#website\"},\"primaryImageOfPage\":{\"@id\":\"https:\/\/www.homewizard.com\/fi\/kauppa\/usb-c-adapter-set-2\/#primaryimage\"},\"image\":{\"@id\":\"https:\/\/www.homewizard.com\/fi\/kauppa\/usb-c-adapter-set-2\/#primaryimage\"},\"thumbnailUrl\":\"https:\/\/www.homewizard.com\/wp-content\/uploads\/2022\/08\/USB-C-Adapter-HomeWizard.png\",\"datePublished\":\"2024-07-30T11:37:25+00:00\",\"dateModified\":\"2026-04-23T06:19:55+00:00\",\"description\":\"Voit tilata P1 Meter -mittarin USB-C-sovittimen t\u00e4\u00e4lt\u00e4 \u2013 HomeWizard\",\"breadcrumb\":{\"@id\":\"https:\/\/www.homewizard.com\/fi\/kauppa\/usb-c-adapter-set-2\/#breadcrumb\"},\"inLanguage\":\"fi\",\"potentialAction\":[{\"@type\":\"ReadAction\",\"target\":[\"https:\/\/www.homewizard.com\/fi\/kauppa\/usb-c-adapter-set-2\/\"]}]},{\"@type\":\"ImageObject\",\"inLanguage\":\"fi\",\"@id\":\"https:\/\/www.homewizard.com\/fi\/kauppa\/usb-c-adapter-set-2\/#primaryimage\",\"url\":\"https:\/\/www.homewizard.com\/wp-content\/uploads\/2022\/08\/USB-C-Adapter-HomeWizard.png\",\"contentUrl\":\"https:\/\/www.homewizard.com\/wp-content\/uploads\/2022\/08\/USB-C-Adapter-HomeWizard.png\",\"width\":800,\"height\":800},{\"@type\":\"BreadcrumbList\",\"@id\":\"https:\/\/www.homewizard.com\/fi\/kauppa\/usb-c-adapter-set-2\/#breadcrumb\",\"itemListElement\":[{\"@type\":\"ListItem\",\"position\":1,\"name\":\"Home\",\"item\":\"https:\/\/www.homewizard.com\/fi\/\"},{\"@type\":\"ListItem\",\"position\":2,\"name\":\"Kauppa\",\"item\":\"https:\/\/www.homewizard.com\/fi\/kauppa\/\"},{\"@type\":\"ListItem\",\"position\":3,\"name\":\"USB-C-sovitinsarja\"}]},{\"@type\":\"WebSite\",\"@id\":\"https:\/\/www.homewizard.com\/fi\/#website\",\"url\":\"https:\/\/www.homewizard.com\/fi\/\",\"name\":\"HomeWizard\",\"description\":\"HomeWizard Energy\",\"publisher\":{\"@id\":\"https:\/\/www.homewizard.com\/fi\/#organization\"},\"potentialAction\":[{\"@type\":\"SearchAction\",\"target\":{\"@type\":\"EntryPoint\",\"urlTemplate\":\"https:\/\/www.homewizard.com\/fi\/?s={search_term_string}\"},\"query-input\":{\"@type\":\"PropertyValueSpecification\",\"valueRequired\":true,\"valueName\":\"search_term_string\"}}],\"inLanguage\":\"fi\"},{\"@type\":\"Organization\",\"@id\":\"https:\/\/www.homewizard.com\/fi\/#organization\",\"name\":\"HomeWizard\",\"url\":\"https:\/\/www.homewizard.com\/fi\/\",\"logo\":{\"@type\":\"ImageObject\",\"inLanguage\":\"fi\",\"@id\":\"https:\/\/www.homewizard.com\/fi\/#\/schema\/logo\/image\/\",\"url\":\"https:\/\/www.homewizard.com\/wp-content\/uploads\/2023\/06\/HomeWizard-icon-on-black.png\",\"contentUrl\":\"https:\/\/www.homewizard.com\/wp-content\/uploads\/2023\/06\/HomeWizard-icon-on-black.png\",\"width\":500,\"height\":500,\"caption\":\"HomeWizard\"},\"image\":{\"@id\":\"https:\/\/www.homewizard.com\/fi\/#\/schema\/logo\/image\/\"},\"sameAs\":[\"https:\/\/www.facebook.com\/HomeWizardBV\/\",\"https:\/\/x.com\/HomeWizard_NL\",\"https:\/\/www.youtube.com\/HomeWizardBV\",\"https:\/\/www.instagram.com\/homewizardenergy\/\"]}]}<\/script>\n<!-- \/ Yoast SEO plugin. -->","yoast_head_json":{"title":"Tarvitsetko sovitinsarjan Wi-Fi P1 Meter -mittarille? Tilaa USB-sovitinsarja HomeWizardilta t\u00e4\u00e4lt\u00e4!","description":"Voit tilata P1 Meter -mittarin USB-C-sovittimen t\u00e4\u00e4lt\u00e4 \u2013 HomeWizard","robots":{"index":"index","follow":"follow","max-snippet":"max-snippet:-1","max-image-preview":"max-image-preview:large","max-video-preview":"max-video-preview:-1"},"canonical":"https:\/\/www.homewizard.com\/fi\/kauppa\/usb-c-adapter-set-2\/","og_locale":"fi_FI","og_type":"article","og_title":"Tarvitsetko sovitinsarjan Wi-Fi P1 Meter -mittarille? Tilaa USB-sovitinsarja HomeWizardilta t\u00e4\u00e4lt\u00e4!","og_description":"Voit tilata P1 Meter -mittarin USB-C-sovittimen t\u00e4\u00e4lt\u00e4 \u2013 HomeWizard","og_url":"https:\/\/www.homewizard.com\/fi\/kauppa\/usb-c-adapter-set-2\/","og_site_name":"HomeWizard","article_publisher":"https:\/\/www.facebook.com\/HomeWizardBV\/","article_modified_time":"2026-04-23T06:19:55+00:00","og_image":[{"width":800,"height":800,"url":"https:\/\/www.homewizard.com\/wp-content\/uploads\/2022\/08\/USB-C-Adapter-HomeWizard.png","type":"image\/png"}],"twitter_card":"summary_large_image","twitter_site":"@HomeWizard_NL","schema":{"@context":"https:\/\/schema.org","@graph":[{"@type":"WebPage","@id":"https:\/\/www.homewizard.com\/fi\/kauppa\/usb-c-adapter-set-2\/","url":"https:\/\/www.homewizard.com\/fi\/kauppa\/usb-c-adapter-set-2\/","name":"Tarvitsetko sovitinsarjan Wi-Fi P1 Meter -mittarille? Tilaa USB-sovitinsarja HomeWizardilta t\u00e4\u00e4lt\u00e4!","isPartOf":{"@id":"https:\/\/www.homewizard.com\/fi\/#website"},"primaryImageOfPage":{"@id":"https:\/\/www.homewizard.com\/fi\/kauppa\/usb-c-adapter-set-2\/#primaryimage"},"image":{"@id":"https:\/\/www.homewizard.com\/fi\/kauppa\/usb-c-adapter-set-2\/#primaryimage"},"thumbnailUrl":"https:\/\/www.homewizard.com\/wp-content\/uploads\/2022\/08\/USB-C-Adapter-HomeWizard.png","datePublished":"2024-07-30T11:37:25+00:00","dateModified":"2026-04-23T06:19:55+00:00","description":"Voit tilata P1 Meter -mittarin USB-C-sovittimen t\u00e4\u00e4lt\u00e4 \u2013 HomeWizard","breadcrumb":{"@id":"https:\/\/www.homewizard.com\/fi\/kauppa\/usb-c-adapter-set-2\/#breadcrumb"},"inLanguage":"fi","potentialAction":[{"@type":"ReadAction","target":["https:\/\/www.homewizard.com\/fi\/kauppa\/usb-c-adapter-set-2\/"]}]},{"@type":"ImageObject","inLanguage":"fi","@id":"https:\/\/www.homewizard.com\/fi\/kauppa\/usb-c-adapter-set-2\/#primaryimage","url":"https:\/\/www.homewizard.com\/wp-content\/uploads\/2022\/08\/USB-C-Adapter-HomeWizard.png","contentUrl":"https:\/\/www.homewizard.com\/wp-content\/uploads\/2022\/08\/USB-C-Adapter-HomeWizard.png","width":800,"height":800},{"@type":"BreadcrumbList","@id":"https:\/\/www.homewizard.com\/fi\/kauppa\/usb-c-adapter-set-2\/#breadcrumb","itemListElement":[{"@type":"ListItem","position":1,"name":"Home","item":"https:\/\/www.homewizard.com\/fi\/"},{"@type":"ListItem","position":2,"name":"Kauppa","item":"https:\/\/www.homewizard.com\/fi\/kauppa\/"},{"@type":"ListItem","position":3,"name":"USB-C-sovitinsarja"}]},{"@type":"WebSite","@id":"https:\/\/www.homewizard.com\/fi\/#website","url":"https:\/\/www.homewizard.com\/fi\/","name":"HomeWizard","description":"HomeWizard Energy","publisher":{"@id":"https:\/\/www.homewizard.com\/fi\/#organization"},"potentialAction":[{"@type":"SearchAction","target":{"@type":"EntryPoint","urlTemplate":"https:\/\/www.homewizard.com\/fi\/?s={search_term_string}"},"query-input":{"@type":"PropertyValueSpecification","valueRequired":true,"valueName":"search_term_string"}}],"inLanguage":"fi"},{"@type":"Organization","@id":"https:\/\/www.homewizard.com\/fi\/#organization","name":"HomeWizard","url":"https:\/\/www.homewizard.com\/fi\/","logo":{"@type":"ImageObject","inLanguage":"fi","@id":"https:\/\/www.homewizard.com\/fi\/#\/schema\/logo\/image\/","url":"https:\/\/www.homewizard.com\/wp-content\/uploads\/2023\/06\/HomeWizard-icon-on-black.png","contentUrl":"https:\/\/www.homewizard.com\/wp-content\/uploads\/2023\/06\/HomeWizard-icon-on-black.png","width":500,"height":500,"caption":"HomeWizard"},"image":{"@id":"https:\/\/www.homewizard.com\/fi\/#\/schema\/logo\/image\/"},"sameAs":["https:\/\/www.facebook.com\/HomeWizardBV\/","https:\/\/x.com\/HomeWizard_NL","https:\/\/www.youtube.com\/HomeWizardBV","https:\/\/www.instagram.com\/homewizardenergy\/"]}]}},"_links":{"self":[{"href":"https:\/\/www.homewizard.com\/fi\/wp-json\/wp\/v2\/product\/1101957","targetHints":{"allow":["GET"]}}],"collection":[{"href":"https:\/\/www.homewizard.com\/fi\/wp-json\/wp\/v2\/product"}],"about":[{"href":"https:\/\/www.homewizard.com\/fi\/wp-json\/wp\/v2\/types\/product"}],"wp:featuredmedia":[{"embeddable":true,"href":"https:\/\/www.homewizard.com\/fi\/wp-json\/wp\/v2\/media\/653863"}],"wp:attachment":[{"href":"https:\/\/www.homewizard.com\/fi\/wp-json\/wp\/v2\/media?parent=1101957"}],"wp:term":[{"taxonomy":"product_brand","embeddable":true,"href":"https:\/\/www.homewizard.com\/fi\/wp-json\/wp\/v2\/product_brand?post=1101957"},{"taxonomy":"product_cat","embeddable":true,"href":"https:\/\/www.homewizard.com\/fi\/wp-json\/wp\/v2\/product_cat?post=1101957"},{"taxonomy":"product_tag","embeddable":true,"href":"https:\/\/www.homewizard.com\/fi\/wp-json\/wp\/v2\/product_tag?post=1101957"}],"curies":[{"name":"wp","href":"https:\/\/api.w.org\/{rel}","templated":true}]}}