{"id":498431,"date":"2023-11-23T10:33:44","date_gmt":"2023-11-23T09:33:44","guid":{"rendered":"https:\/\/www.homewizard.com\/kielenvalitsin\/"},"modified":"2024-01-25T09:45:39","modified_gmt":"2024-01-25T08:45:39","slug":"kielenvalitsin","status":"publish","type":"page","link":"https:\/\/www.homewizard.com\/fi\/kielenvalitsin\/","title":{"rendered":"Valitse kieli"},"content":{"rendered":"<div class=\"contained_block wp-block-group eplus-wrapper eplus-styles-uid-55c990\"><div class=\"wp-block-group__inner-container is-layout-flow wp-block-group-is-layout-flow\">\n<h2 class=\" wp-block-heading has-text-align-center eplus-wrapper\">Valitse maa ja kieli<\/h2>\n\n\n\n<p class=\" has-text-align-center eplus-wrapper\">Tuotetiedot voivat vaihdella maasta tai alueesta riippuen. Valitse maasi parhaan kokemuksen saamiseksi.<\/p>\n\n\n<div class=\"wp-block-columns eplus-wrapper is-layout-flex wp-container-core-columns-is-layout-9d6595d7 wp-block-columns-is-layout-flex eplus-styles-uid-716a5d\">\n<div class=\"wp-block-column eplus-wrapper is-layout-flow wp-block-column-is-layout-flow\">    <div class=\"wp-block-bplugins-custom-html\" id=\"bPluginsCustomHtml-1\">\r\n    <a href=\"https:\/\/www.homewizard.com\/nl\/\">    <\/a><\/div>\r\n    \n\n\n<div class=\" wp-block-media-text eplus-wrapper\" style=\"grid-template-columns:15% auto\"><figure class=\"wp-block-media-text__media\"><img decoding=\"async\" src=\"https:\/\/www.homewizard.com\/wp-content\/uploads\/2023\/03\/Flag_NL_circle.svg\" alt=\"\" class=\"wp-image-282837 size-thumbnail\"><\/figure><div class=\"wp-block-media-text__content\">\n<h4 class=\" wp-block-heading eplus-wrapper\">Nederland<\/h4>\n\n\n\n<p class=\" eplus-wrapper\">Nederlands<\/p>\n<\/div><\/div>\n\n\n    <div class=\"wp-block-bplugins-custom-html\" id=\"bPluginsCustomHtml-2\">\r\n        <\/div>\r\n    <\/div>\n\n\n\n<div class=\"wp-block-column eplus-wrapper is-layout-flow wp-block-column-is-layout-flow\">    <div class=\"wp-block-bplugins-custom-html\" id=\"bPluginsCustomHtml-3\">\r\n    <a href=\"https:\/\/www.homewizard.com\/\">    <\/a><\/div>\r\n    \n\n\n<div class=\" wp-block-media-text eplus-wrapper\" style=\"grid-template-columns:15% auto\"><figure class=\"wp-block-media-text__media\"><img decoding=\"async\" src=\"https:\/\/www.homewizard.com\/wp-content\/uploads\/\/Flag_EU_circle-1.svg\" alt=\"\" class=\"wp-image-382310 size-thumbnail\"><\/figure><div class=\"wp-block-media-text__content\">\n<h4 class=\" wp-block-heading eplus-wrapper\">Kansainv\u00e4linen<\/h4>\n\n\n\n<p class=\" eplus-wrapper\">English<\/p>\n<\/div><\/div>\n\n\n    <div class=\"wp-block-bplugins-custom-html\" id=\"bPluginsCustomHtml-4\">\r\n        <\/div>\r\n    <\/div>\n\n\n\n<div class=\"wp-block-column eplus-wrapper is-layout-flow wp-block-column-is-layout-flow\">    <div class=\"wp-block-bplugins-custom-html\" id=\"bPluginsCustomHtml-5\">\r\n    <a href=\"https:\/\/www.homewizard.com\/nl-be\/\">    <\/a><\/div>\r\n    \n\n\n<div class=\" wp-block-media-text eplus-wrapper\" style=\"grid-template-columns:15% auto\"><figure class=\"wp-block-media-text__media\"><img decoding=\"async\" src=\"https:\/\/www.homewizard.com\/wp-content\/uploads\/2023\/03\/Flag_BE_Circle.svg\" alt=\"\" class=\"wp-image-282829 size-thumbnail\"><\/figure><div class=\"wp-block-media-text__content\">\n<h4 class=\" wp-block-heading eplus-wrapper\">Belgi\u00eb<\/h4>\n\n\n\n<p class=\" eplus-wrapper\">Nederlands<\/p>\n<\/div><\/div>\n\n\n    <div class=\"wp-block-bplugins-custom-html\" id=\"bPluginsCustomHtml-6\">\r\n        <\/div>\r\n    <\/div>\n\n\n\n<div class=\"wp-block-column eplus-wrapper is-layout-flow wp-block-column-is-layout-flow\">    <div class=\"wp-block-bplugins-custom-html\" id=\"bPluginsCustomHtml-7\">\r\n    <a href=\"https:\/\/www.homewizard.com\/fr-be\/\">    <\/a><\/div>\r\n    \n\n\n<div class=\" wp-block-media-text eplus-wrapper\" style=\"grid-template-columns:15% auto\"><figure class=\"wp-block-media-text__media\"><img decoding=\"async\" src=\"https:\/\/www.homewizard.com\/wp-content\/uploads\/2023\/03\/Flag_BE_Circle.svg\" alt=\"\" class=\"wp-image-282829 size-thumbnail\"><\/figure><div class=\"wp-block-media-text__content\">\n<h4 class=\" wp-block-heading eplus-wrapper\">Belgique<\/h4>\n\n\n\n<p class=\" eplus-wrapper\">Fran\u00e7ais<\/p>\n<\/div><\/div>\n\n\n    <div class=\"wp-block-bplugins-custom-html\" id=\"bPluginsCustomHtml-8\">\r\n        <\/div>\r\n    <\/div>\n<\/div>\n\n<div class=\"wp-block-columns eplus-wrapper is-layout-flex wp-container-core-columns-is-layout-9d6595d7 wp-block-columns-is-layout-flex eplus-styles-uid-588515\">\n<div class=\"wp-block-column eplus-wrapper is-layout-flow wp-block-column-is-layout-flow\">    <div class=\"wp-block-bplugins-custom-html\" id=\"bPluginsCustomHtml-9\">\r\n    <a href=\"https:\/\/www.homewizard.com\/fr-lu\/\">    <\/a><\/div>\r\n    \n\n\n<div class=\" wp-block-media-text eplus-wrapper\" style=\"grid-template-columns:15% auto\"><figure class=\"wp-block-media-text__media\"><img loading=\"lazy\" decoding=\"async\" width=\"150\" height=\"150\" src=\"https:\/\/www.homewizard.com\/wp-content\/uploads\/\/Flag_LU_circle.svg\" alt=\"\" class=\"wp-image-297171 size-thumbnail\"><\/figure><div class=\"wp-block-media-text__content\">\n<h4 class=\" wp-block-heading eplus-wrapper\">Luxembourg<\/h4>\n\n\n\n<p class=\" eplus-wrapper\">Fran\u00e7ais<\/p>\n<\/div><\/div>\n\n\n    <div class=\"wp-block-bplugins-custom-html\" id=\"bPluginsCustomHtml-10\">\r\n        <\/div>\r\n    <\/div>\n\n\n\n<div class=\"wp-block-column eplus-wrapper is-layout-flow wp-block-column-is-layout-flow\">    <div class=\"wp-block-bplugins-custom-html\" id=\"bPluginsCustomHtml-11\">\r\n    <a href=\"https:\/\/www.homewizard.com\/sv\/\">    <\/a><\/div>\r\n    \n\n\n<div class=\" wp-block-media-text eplus-wrapper\" style=\"grid-template-columns:15% auto\"><figure class=\"wp-block-media-text__media\"><img loading=\"lazy\" decoding=\"async\" width=\"150\" height=\"150\" src=\"https:\/\/www.homewizard.com\/wp-content\/uploads\/\/Flag_SV_circle.svg\" alt=\"\" class=\"wp-image-339408 size-thumbnail\"><\/figure><div class=\"wp-block-media-text__content\">\n<h4 class=\" wp-block-heading eplus-wrapper\">Sverige<\/h4>\n\n\n\n<p class=\" eplus-wrapper\">Svenska<\/p>\n<\/div><\/div>\n\n\n    <div class=\"wp-block-bplugins-custom-html\" id=\"bPluginsCustomHtml-12\">\r\n        <\/div>\r\n    <\/div>\n\n\n\n<div class=\"wp-block-column eplus-wrapper is-layout-flow wp-block-column-is-layout-flow\">    <div class=\"wp-block-bplugins-custom-html\" id=\"bPluginsCustomHtml-13\">\r\n    <a href=\"https:\/\/www.homewizard.com\/hu\/\">    <\/a><\/div>\r\n    \n\n\n<div class=\" wp-block-media-text eplus-wrapper\" style=\"grid-template-columns:15% auto\"><figure class=\"wp-block-media-text__media\"><img decoding=\"async\" src=\"https:\/\/www.homewizard.com\/wp-content\/uploads\/\/Flag_HU_circle.svg\" alt=\"\" class=\"wp-image-363907 size-thumbnail\"><\/figure><div class=\"wp-block-media-text__content\">\n<h4 class=\" wp-block-heading eplus-wrapper\">Magyarorsz\u00e1g<\/h4>\n\n\n\n<p class=\" eplus-wrapper\">Magyar<\/p>\n<\/div><\/div>\n\n\n    <div class=\"wp-block-bplugins-custom-html\" id=\"bPluginsCustomHtml-14\">\r\n        <\/div>\r\n    <\/div>\n\n\n\n<div class=\"wp-block-column eplus-wrapper is-layout-flow wp-block-column-is-layout-flow\">    <div class=\"wp-block-bplugins-custom-html\" id=\"bPluginsCustomHtml-15\">\r\n    <a href=\"https:\/\/www.homewizard.com\/fi\/\">    <\/a><\/div>\r\n    \n\n\n<div class=\" wp-block-media-text eplus-wrapper\" style=\"grid-template-columns:15% auto\"><figure class=\"wp-block-media-text__media\"><img loading=\"lazy\" decoding=\"async\" width=\"150\" height=\"150\" src=\"https:\/\/www.homewizard.com\/wp-content\/uploads\/\/Flag_FI_circle.svg\" alt=\"\" class=\"wp-image-358142 size-thumbnail\"><\/figure><div class=\"wp-block-media-text__content\">\n<h4 class=\" wp-block-heading eplus-wrapper\">Suomi<\/h4>\n\n\n\n<p class=\" eplus-wrapper\">Ev\u00e4t<\/p>\n<\/div><\/div>\n\n\n    <div class=\"wp-block-bplugins-custom-html\" id=\"bPluginsCustomHtml-16\">\r\n        <\/div>\r\n    <\/div>\n<\/div>\n\n<div class=\"wp-block-columns eplus-wrapper is-layout-flex wp-container-core-columns-is-layout-9d6595d7 wp-block-columns-is-layout-flex eplus-styles-uid-48489e\">\n<div class=\"wp-block-column eplus-wrapper is-layout-flow wp-block-column-is-layout-flow\">    <div class=\"wp-block-bplugins-custom-html\" id=\"bPluginsCustomHtml-17\">\r\n    <a href=\"https:\/\/www.homewizard.com\/no\/\">    <\/a><\/div>\r\n    \n\n\n<div class=\" wp-block-media-text eplus-wrapper\" style=\"grid-template-columns:15% auto\"><figure class=\"wp-block-media-text__media\"><img decoding=\"async\" src=\"https:\/\/www.homewizard.com\/wp-content\/uploads\/2024\/01\/Flag_of_Norway.svg\" alt=\"\" class=\"wp-image-551467 size-thumbnail\"><\/figure><div class=\"wp-block-media-text__content\">\n<h4 class=\" wp-block-heading eplus-wrapper\">Norge<\/h4>\n\n\n\n<p class=\" eplus-wrapper\">Norsk<\/p>\n<\/div><\/div>\n\n\n    <div class=\"wp-block-bplugins-custom-html\" id=\"bPluginsCustomHtml-18\">\r\n        <\/div>\r\n    <\/div>\n\n\n\n<div class=\"wp-block-column eplus-wrapper is-layout-flow wp-block-column-is-layout-flow\">    <div class=\"wp-block-bplugins-custom-html\" id=\"bPluginsCustomHtml-19\">\r\n    <a href=\"https:\/\/www.homewizard.com\/da\/\">    <\/a><\/div>\r\n    \n\n\n<div class=\" wp-block-media-text eplus-wrapper\" style=\"grid-template-columns:15% auto\"><figure class=\"wp-block-media-text__media\"><img loading=\"lazy\" decoding=\"async\" width=\"695\" height=\"695\" src=\"https:\/\/www.homewizard.com\/wp-content\/uploads\/2024\/01\/Flag_of_Denmark.png\" alt=\"\" class=\"wp-image-558369 size-thumbnail\" srcset=\"https:\/\/www.homewizard.com\/wp-content\/uploads\/2024\/01\/Flag_of_Denmark.png 695w, https:\/\/www.homewizard.com\/wp-content\/uploads\/2024\/01\/Flag_of_Denmark-500x500.png 500w, https:\/\/www.homewizard.com\/wp-content\/uploads\/2024\/01\/Flag_of_Denmark-124x124.png 124w, https:\/\/www.homewizard.com\/wp-content\/uploads\/2024\/01\/Flag_of_Denmark-300x300.png 300w, https:\/\/www.homewizard.com\/wp-content\/uploads\/2024\/01\/Flag_of_Denmark-150x150.png 150w, https:\/\/www.homewizard.com\/wp-content\/uploads\/2024\/01\/Flag_of_Denmark-600x600.png 600w\" sizes=\"auto, (max-width: 695px) 100vw, 695px\" \/><\/figure><div class=\"wp-block-media-text__content\">\n<h4 class=\" wp-block-heading eplus-wrapper\">Danmark<\/h4>\n\n\n\n<p class=\" eplus-wrapper\">Dansk<\/p>\n<\/div><\/div>\n\n\n    <div class=\"wp-block-bplugins-custom-html\" id=\"bPluginsCustomHtml-20\">\r\n        <\/div>\r\n    <\/div>\n\n\n\n<div class=\"wp-block-column eplus-wrapper is-layout-flow wp-block-column-is-layout-flow\"><\/div>\n\n\n\n<div class=\"wp-block-column eplus-wrapper is-layout-flow wp-block-column-is-layout-flow\"><\/div>\n<\/div><\/div><\/div>","protected":false},"excerpt":{"rendered":"<p>Valitse maa ja kieli Tuotetiedot voivat vaihdella maasta tai alueesta riippuen. Valitse maasi parhaan kokemuksen saamiseksi. Nederland Nederlands Kansainv\u00e4linen English Belgi\u00eb Nederlands Belgique Fran\u00e7ais Luxembourg Fran\u00e7ais Sverige Svenska Magyarorsz\u00e1g Magyar Suomi Ev\u00e4t Norge Norsk Danmark Dansk<\/p>\n","protected":false},"author":1,"featured_media":0,"parent":0,"menu_order":0,"comment_status":"closed","ping_status":"closed","template":"","meta":{"_acf_changed":false,"editor_plus_copied_stylings":"{}","footnotes":""},"class_list":["post-498431","page","type-page","status-publish","hentry"],"acf":[],"yoast_head":"<!-- This site is optimized with the Yoast SEO plugin v27.0 - https:\/\/yoast.com\/product\/yoast-seo-wordpress\/ -->\n<title>Valitse kieli - HomeWizard<\/title>\n<meta name=\"robots\" content=\"noindex, nofollow\" \/>\n<meta property=\"og:locale\" content=\"fi_FI\" \/>\n<meta property=\"og:type\" content=\"article\" \/>\n<meta property=\"og:title\" content=\"Valitse kieli - HomeWizard\" \/>\n<meta property=\"og:description\" content=\"Valitse maa ja kieli Tuotetiedot voivat vaihdella maasta tai alueesta riippuen. Valitse maasi parhaan kokemuksen saamiseksi. Nederland Nederlands Kansainv\u00e4linen English Belgi\u00eb Nederlands Belgique Fran\u00e7ais Luxembourg Fran\u00e7ais Sverige Svenska Magyarorsz\u00e1g Magyar Suomi Ev\u00e4t Norge Norsk Danmark Dansk\" \/>\n<meta property=\"og:url\" content=\"https:\/\/www.homewizard.com\/fi\/kielenvalitsin\/\" \/>\n<meta property=\"og:site_name\" content=\"HomeWizard\" \/>\n<meta property=\"article:publisher\" content=\"https:\/\/www.facebook.com\/HomeWizardBV\/\" \/>\n<meta property=\"article:modified_time\" content=\"2024-01-25T08:45:39+00:00\" \/>\n<meta property=\"og:image\" content=\"https:\/\/www.homewizard.com\/wp-content\/uploads\/2023\/03\/Flag_NL_circle.svg\" \/>\n<meta name=\"twitter:card\" content=\"summary_large_image\" \/>\n<meta name=\"twitter:site\" content=\"@HomeWizard_NL\" \/>\n<meta name=\"twitter:label1\" content=\"Arvioitu lukuaika\" \/>\n\t<meta name=\"twitter:data1\" content=\"2 minuuttia\" \/>\n<script type=\"application\/ld+json\" class=\"yoast-schema-graph\">{\"@context\":\"https:\/\/schema.org\",\"@graph\":[{\"@type\":\"WebPage\",\"@id\":\"https:\/\/www.homewizard.com\/fi\/kielenvalitsin\/\",\"url\":\"https:\/\/www.homewizard.com\/fi\/kielenvalitsin\/\",\"name\":\"Valitse kieli - HomeWizard\",\"isPartOf\":{\"@id\":\"https:\/\/www.homewizard.com\/fi\/#website\"},\"primaryImageOfPage\":{\"@id\":\"https:\/\/www.homewizard.com\/fi\/kielenvalitsin\/#primaryimage\"},\"image\":{\"@id\":\"https:\/\/www.homewizard.com\/fi\/kielenvalitsin\/#primaryimage\"},\"thumbnailUrl\":\"https:\/\/www.homewizard.com\/wp-content\/uploads\/2023\/03\/Flag_NL_circle.svg\",\"datePublished\":\"2023-11-23T09:33:44+00:00\",\"dateModified\":\"2024-01-25T08:45:39+00:00\",\"breadcrumb\":{\"@id\":\"https:\/\/www.homewizard.com\/fi\/kielenvalitsin\/#breadcrumb\"},\"inLanguage\":\"fi\",\"potentialAction\":[{\"@type\":\"ReadAction\",\"target\":[\"https:\/\/www.homewizard.com\/fi\/kielenvalitsin\/\"]}]},{\"@type\":\"ImageObject\",\"inLanguage\":\"fi\",\"@id\":\"https:\/\/www.homewizard.com\/fi\/kielenvalitsin\/#primaryimage\",\"url\":\"https:\/\/www.homewizard.com\/wp-content\/uploads\/2023\/03\/Flag_NL_circle.svg\",\"contentUrl\":\"https:\/\/www.homewizard.com\/wp-content\/uploads\/2023\/03\/Flag_NL_circle.svg\"},{\"@type\":\"BreadcrumbList\",\"@id\":\"https:\/\/www.homewizard.com\/fi\/kielenvalitsin\/#breadcrumb\",\"itemListElement\":[{\"@type\":\"ListItem\",\"position\":1,\"name\":\"Home\",\"item\":\"https:\/\/www.homewizard.com\/fi\/\"},{\"@type\":\"ListItem\",\"position\":2,\"name\":\"Valitse kieli\"}]},{\"@type\":\"WebSite\",\"@id\":\"https:\/\/www.homewizard.com\/fi\/#website\",\"url\":\"https:\/\/www.homewizard.com\/fi\/\",\"name\":\"HomeWizard\",\"description\":\"HomeWizard Energy\",\"publisher\":{\"@id\":\"https:\/\/www.homewizard.com\/fi\/#organization\"},\"potentialAction\":[{\"@type\":\"SearchAction\",\"target\":{\"@type\":\"EntryPoint\",\"urlTemplate\":\"https:\/\/www.homewizard.com\/fi\/?s={search_term_string}\"},\"query-input\":{\"@type\":\"PropertyValueSpecification\",\"valueRequired\":true,\"valueName\":\"search_term_string\"}}],\"inLanguage\":\"fi\"},{\"@type\":\"Organization\",\"@id\":\"https:\/\/www.homewizard.com\/fi\/#organization\",\"name\":\"HomeWizard\",\"url\":\"https:\/\/www.homewizard.com\/fi\/\",\"logo\":{\"@type\":\"ImageObject\",\"inLanguage\":\"fi\",\"@id\":\"https:\/\/www.homewizard.com\/fi\/#\/schema\/logo\/image\/\",\"url\":\"https:\/\/www.homewizard.com\/wp-content\/uploads\/2023\/06\/HomeWizard-icon-on-black.png\",\"contentUrl\":\"https:\/\/www.homewizard.com\/wp-content\/uploads\/2023\/06\/HomeWizard-icon-on-black.png\",\"width\":500,\"height\":500,\"caption\":\"HomeWizard\"},\"image\":{\"@id\":\"https:\/\/www.homewizard.com\/fi\/#\/schema\/logo\/image\/\"},\"sameAs\":[\"https:\/\/www.facebook.com\/HomeWizardBV\/\",\"https:\/\/x.com\/HomeWizard_NL\",\"https:\/\/www.youtube.com\/HomeWizardBV\",\"https:\/\/www.instagram.com\/homewizardenergy\/\"]}]}<\/script>\n<!-- \/ Yoast SEO plugin. -->","yoast_head_json":{"title":"Valitse kieli - HomeWizard","robots":{"index":"noindex","follow":"nofollow"},"og_locale":"fi_FI","og_type":"article","og_title":"Valitse kieli - HomeWizard","og_description":"Valitse maa ja kieli Tuotetiedot voivat vaihdella maasta tai alueesta riippuen. Valitse maasi parhaan kokemuksen saamiseksi. Nederland Nederlands Kansainv\u00e4linen English Belgi\u00eb Nederlands Belgique Fran\u00e7ais Luxembourg Fran\u00e7ais Sverige Svenska Magyarorsz\u00e1g Magyar Suomi Ev\u00e4t Norge Norsk Danmark Dansk","og_url":"https:\/\/www.homewizard.com\/fi\/kielenvalitsin\/","og_site_name":"HomeWizard","article_publisher":"https:\/\/www.facebook.com\/HomeWizardBV\/","article_modified_time":"2024-01-25T08:45:39+00:00","og_image":[{"url":"https:\/\/www.homewizard.com\/wp-content\/uploads\/2023\/03\/Flag_NL_circle.svg","type":"","width":"","height":""}],"twitter_card":"summary_large_image","twitter_site":"@HomeWizard_NL","twitter_misc":{"Arvioitu lukuaika":"2 minuuttia"},"schema":{"@context":"https:\/\/schema.org","@graph":[{"@type":"WebPage","@id":"https:\/\/www.homewizard.com\/fi\/kielenvalitsin\/","url":"https:\/\/www.homewizard.com\/fi\/kielenvalitsin\/","name":"Valitse kieli - HomeWizard","isPartOf":{"@id":"https:\/\/www.homewizard.com\/fi\/#website"},"primaryImageOfPage":{"@id":"https:\/\/www.homewizard.com\/fi\/kielenvalitsin\/#primaryimage"},"image":{"@id":"https:\/\/www.homewizard.com\/fi\/kielenvalitsin\/#primaryimage"},"thumbnailUrl":"https:\/\/www.homewizard.com\/wp-content\/uploads\/2023\/03\/Flag_NL_circle.svg","datePublished":"2023-11-23T09:33:44+00:00","dateModified":"2024-01-25T08:45:39+00:00","breadcrumb":{"@id":"https:\/\/www.homewizard.com\/fi\/kielenvalitsin\/#breadcrumb"},"inLanguage":"fi","potentialAction":[{"@type":"ReadAction","target":["https:\/\/www.homewizard.com\/fi\/kielenvalitsin\/"]}]},{"@type":"ImageObject","inLanguage":"fi","@id":"https:\/\/www.homewizard.com\/fi\/kielenvalitsin\/#primaryimage","url":"https:\/\/www.homewizard.com\/wp-content\/uploads\/2023\/03\/Flag_NL_circle.svg","contentUrl":"https:\/\/www.homewizard.com\/wp-content\/uploads\/2023\/03\/Flag_NL_circle.svg"},{"@type":"BreadcrumbList","@id":"https:\/\/www.homewizard.com\/fi\/kielenvalitsin\/#breadcrumb","itemListElement":[{"@type":"ListItem","position":1,"name":"Home","item":"https:\/\/www.homewizard.com\/fi\/"},{"@type":"ListItem","position":2,"name":"Valitse kieli"}]},{"@type":"WebSite","@id":"https:\/\/www.homewizard.com\/fi\/#website","url":"https:\/\/www.homewizard.com\/fi\/","name":"HomeWizard","description":"HomeWizard Energy","publisher":{"@id":"https:\/\/www.homewizard.com\/fi\/#organization"},"potentialAction":[{"@type":"SearchAction","target":{"@type":"EntryPoint","urlTemplate":"https:\/\/www.homewizard.com\/fi\/?s={search_term_string}"},"query-input":{"@type":"PropertyValueSpecification","valueRequired":true,"valueName":"search_term_string"}}],"inLanguage":"fi"},{"@type":"Organization","@id":"https:\/\/www.homewizard.com\/fi\/#organization","name":"HomeWizard","url":"https:\/\/www.homewizard.com\/fi\/","logo":{"@type":"ImageObject","inLanguage":"fi","@id":"https:\/\/www.homewizard.com\/fi\/#\/schema\/logo\/image\/","url":"https:\/\/www.homewizard.com\/wp-content\/uploads\/2023\/06\/HomeWizard-icon-on-black.png","contentUrl":"https:\/\/www.homewizard.com\/wp-content\/uploads\/2023\/06\/HomeWizard-icon-on-black.png","width":500,"height":500,"caption":"HomeWizard"},"image":{"@id":"https:\/\/www.homewizard.com\/fi\/#\/schema\/logo\/image\/"},"sameAs":["https:\/\/www.facebook.com\/HomeWizardBV\/","https:\/\/x.com\/HomeWizard_NL","https:\/\/www.youtube.com\/HomeWizardBV","https:\/\/www.instagram.com\/homewizardenergy\/"]}]}},"_links":{"self":[{"href":"https:\/\/www.homewizard.com\/fi\/wp-json\/wp\/v2\/pages\/498431","targetHints":{"allow":["GET"]}}],"collection":[{"href":"https:\/\/www.homewizard.com\/fi\/wp-json\/wp\/v2\/pages"}],"about":[{"href":"https:\/\/www.homewizard.com\/fi\/wp-json\/wp\/v2\/types\/page"}],"author":[{"embeddable":true,"href":"https:\/\/www.homewizard.com\/fi\/wp-json\/wp\/v2\/users\/1"}],"replies":[{"embeddable":true,"href":"https:\/\/www.homewizard.com\/fi\/wp-json\/wp\/v2\/comments?post=498431"}],"version-history":[{"count":23,"href":"https:\/\/www.homewizard.com\/fi\/wp-json\/wp\/v2\/pages\/498431\/revisions"}],"predecessor-version":[{"id":580185,"href":"https:\/\/www.homewizard.com\/fi\/wp-json\/wp\/v2\/pages\/498431\/revisions\/580185"}],"wp:attachment":[{"href":"https:\/\/www.homewizard.com\/fi\/wp-json\/wp\/v2\/media?parent=498431"}],"curies":[{"name":"wp","href":"https:\/\/api.w.org\/{rel}","templated":true}]}}