{"id":498318,"date":"2023-11-23T09:40:54","date_gmt":"2023-11-23T08:40:54","guid":{"rendered":"https:\/\/www.homewizard.com\/kestavyys\/"},"modified":"2023-11-23T10:50:05","modified_gmt":"2023-11-23T09:50:05","slug":"kestavyys","status":"publish","type":"page","link":"https:\/\/www.homewizard.com\/fi\/kestavyys\/","title":{"rendered":"Kest\u00e4vyys"},"content":{"rendered":"<div class=\"contained_page wp-block-group eplus-wrapper eplus-styles-uid-107fe9\"><div class=\"wp-block-group__inner-container is-layout-constrained wp-block-group-is-layout-constrained\"><div class=\"column_reverse wp-block-columns eplus-wrapper is-layout-flex wp-container-core-columns-is-layout-9d6595d7 wp-block-columns-is-layout-flex eplus-styles-uid-3ea3c8\">\n<div class=\"wp-block-column eplus-wrapper is-layout-flow wp-block-column-is-layout-flow\" style=\"flex-basis:33.33%\"><div class=\"wp-block-image \">\n<figure class=\"aligncenter size-full eplus-wrapper\"><img loading=\"lazy\" decoding=\"async\" width=\"425\" height=\"425\" src=\"https:\/\/www.homewizard.com\/wp-content\/uploads\/2023\/10\/conscious-world-dgreen.png\" alt=\"\" class=\"wp-image-466467\" srcset=\"https:\/\/www.homewizard.com\/wp-content\/uploads\/2023\/10\/conscious-world-dgreen.png 425w, https:\/\/www.homewizard.com\/wp-content\/uploads\/2023\/10\/conscious-world-dgreen-124x124.png 124w, https:\/\/www.homewizard.com\/wp-content\/uploads\/2023\/10\/conscious-world-dgreen-300x300.png 300w, https:\/\/www.homewizard.com\/wp-content\/uploads\/2023\/10\/conscious-world-dgreen-150x150.png 150w, https:\/\/www.homewizard.com\/wp-content\/uploads\/2023\/10\/conscious-world-dgreen-400x400.png 400w\" sizes=\"auto, (max-width: 425px) 100vw, 425px\" \/><\/figure>\n<\/div><\/div>\n\n\n\n<div class=\"wp-block-column is-vertically-aligned-center eplus-wrapper is-layout-flow wp-block-column-is-layout-flow\" style=\"flex-basis:66.66%\">\n<h1 class=\" wp-block-heading eplus-wrapper\"><strong>Tietoinen maailma<\/strong><\/h1>\n\n\n\n<p class=\" eplus-wrapper\">HomeWizard-tuotteiden avulla k\u00e4ytt\u00e4j\u00e4t tulevat tietoisiksi energiankulutuksestaan ja siihen liittyvist\u00e4 kustannuksista. Toimintatapoja muuttamalla s\u00e4\u00e4st\u00e4t energiakustannuksissa, ja lis\u00e4ksi voimme yhdess\u00e4 ty\u00f6skennell\u00e4 kest\u00e4v\u00e4mm\u00e4n maailman puolesta.<\/p>\n\n\n\n<p class=\" eplus-wrapper\">Kuten tied\u00e4mme, energial\u00e4hteet eiv\u00e4t ole loputtomia, ja huomaamme yh\u00e4 suuremmassa m\u00e4\u00e4rin niiden k\u00e4yt\u00f6n vaikutukset. Me HomeWizardilla ymm\u00e4rr\u00e4mme, ett\u00e4 emme voi jatkaa edelleen ajattelematta vaikutuksia maailmaamme. Vaikka emme olekaan t\u00e4ydellisi\u00e4, pid\u00e4mme t\u00e4rke\u00e4n\u00e4 sit\u00e4, ett\u00e4 k\u00e4yt\u00e4mme energial\u00e4hteit\u00e4 s\u00e4\u00e4steli\u00e4\u00e4sti. T\u00e4m\u00e4 on mahdollista k\u00e4ytt\u00e4m\u00e4ll\u00e4 tuotteitamme. N\u00e4in luomme yhdess\u00e4 parempaa maailmaa. Jokainen kotitalous osaltaan.<\/p>\n<\/div>\n<\/div>\n\n<div class=\"flex-column-reverse wp-block-columns eplus-wrapper is-layout-flex wp-container-core-columns-is-layout-9d6595d7 wp-block-columns-is-layout-flex eplus-styles-uid-6729f9\">\n<div class=\"wp-block-column is-vertically-aligned-center eplus-wrapper is-layout-flow wp-block-column-is-layout-flow\" style=\"flex-basis:66.66%\">\n<h2 class=\" wp-block-heading eplus-wrapper\"><strong>Tuotteidemme kulutus<\/strong><\/h2>\n\n\n\n<p class=\" eplus-wrapper\">Koska tuotteemme auttavat sinua s\u00e4\u00e4st\u00e4m\u00e4\u00e4n energiaa, pid\u00e4mme t\u00e4rke\u00e4n\u00e4, etteiv\u00e4t ne itse kuluta tarpeettomasti energiaa. Siksi tuotteemme kulutus on vain yksi watti. Jopa energiamittarimme k\u00e4ytt\u00e4\u00e4 vain yhden watin valmiustilassa ja k\u00e4ynnistyy vain, kun liiketunnistin havaitsee liikett\u00e4.<\/p>\n<\/div>\n\n\n\n<div class=\"wp-block-column eplus-wrapper is-layout-flow wp-block-column-is-layout-flow\" style=\"flex-basis:33.33%\"><div class=\"wp-block-image \">\n<figure class=\"aligncenter size-medium eplus-wrapper\"><img loading=\"lazy\" decoding=\"async\" width=\"300\" height=\"300\" src=\"https:\/\/www.homewizard.com\/wp-content\/uploads\/2023\/10\/consumption-products-blue-300x300.png\" alt=\"\" class=\"wp-image-466394\" srcset=\"https:\/\/www.homewizard.com\/wp-content\/uploads\/2023\/10\/consumption-products-blue-300x300.png 300w, https:\/\/www.homewizard.com\/wp-content\/uploads\/2023\/10\/consumption-products-blue-124x124.png 124w, https:\/\/www.homewizard.com\/wp-content\/uploads\/2023\/10\/consumption-products-blue-150x150.png 150w\" sizes=\"auto, (max-width: 300px) 100vw, 300px\" \/><\/figure>\n<\/div><\/div>\n<\/div>\n\n<div class=\"wp-block-columns eplus-wrapper is-layout-flex wp-container-core-columns-is-layout-9d6595d7 wp-block-columns-is-layout-flex eplus-styles-uid-e756c7\">\n<div class=\"wp-block-column is-vertically-aligned-bottom eplus-wrapper is-layout-flow wp-block-column-is-layout-flow\" style=\"flex-basis:33.33%\"><div class=\"wp-block-image \">\n<figure class=\"aligncenter size-medium eplus-wrapper\"><img loading=\"lazy\" decoding=\"async\" width=\"300\" height=\"300\" src=\"https:\/\/www.homewizard.com\/wp-content\/uploads\/2023\/10\/transport-products-blue-300x300.png\" alt=\"\" class=\"wp-image-466363\" srcset=\"https:\/\/www.homewizard.com\/wp-content\/uploads\/2023\/10\/transport-products-blue-300x300.png 300w, https:\/\/www.homewizard.com\/wp-content\/uploads\/2023\/10\/transport-products-blue-124x124.png 124w, https:\/\/www.homewizard.com\/wp-content\/uploads\/2023\/10\/transport-products-blue-150x150.png 150w\" sizes=\"auto, (max-width: 300px) 100vw, 300px\" \/><\/figure>\n<\/div><\/div>\n\n\n\n<div class=\"wp-block-column is-vertically-aligned-top eplus-wrapper is-layout-flow wp-block-column-is-layout-flow\" style=\"flex-basis:66.66%\">\n<h2 class=\" wp-block-heading eplus-wrapper\"><strong>Pakkaaminen ja kuljetus<\/strong><\/h2>\n\n\n\n<p class=\" eplus-wrapper\">Vuoden 2022 lopussa lopetimme vaahtomuovit\u00e4ytteiden k\u00e4yt\u00f6n tuotepakkauksissa ja siirryimme k\u00e4ytt\u00e4m\u00e4\u00e4n paperia. Kaikki pakkauksemme on nyt valmistettu t\u00e4ysin kierr\u00e4tetyst\u00e4 ja stanssatusta paperista. Lis\u00e4ksi varmistamme, ett\u00e4 tuotteemme toimitetaan asiakkaillemme mahdollisimman lyhyill\u00e4 kuljetuksilla. Posti- ja pakettitoimittajamme toimittavat kuljetukset hiilineutraalisti. Valmistetut tuotteet tulevat Alankomaihin. Yleens\u00e4 ostamme merikontissa j\u00e4ljell\u00e4 olevan tilan, jotta rahtilaiva ei kuljeta tarpeettomasti pelkk\u00e4\u00e4 ilmaa.<\/p>\n<\/div>\n<\/div>\n\n<div class=\"flex-column-reverse wp-block-columns eplus-wrapper is-layout-flex wp-container-core-columns-is-layout-9d6595d7 wp-block-columns-is-layout-flex eplus-styles-uid-8eeced\">\n<div class=\"wp-block-column eplus-wrapper is-layout-flow wp-block-column-is-layout-flow\" style=\"flex-basis:66.66%\">\n<h2 class=\" wp-block-heading eplus-wrapper\"><strong>JustDiggit<\/strong><\/h2>\n\n\n\n<p class=\" eplus-wrapper\">JustDiggit on sitoutunut viilent\u00e4m\u00e4\u00e4n ja viherrytt\u00e4m\u00e4\u00e4n planeettaamme kaivamalla Tansaniaan kaivantoja ja istuttamalla niihin siemeni\u00e4. Kaivanto on maahan kaivettu puoliympyr\u00e4, joka pid\u00e4tt\u00e4\u00e4 sadevett\u00e4 sen sijaan, ett\u00e4 se huuhtoutuisi pois. N\u00e4in vesi p\u00e4\u00e4see hitaasti imeytym\u00e4\u00e4n kuivaan maaper\u00e4\u00e4n, jolloin maassa olevat siemenet voivat kasvaa viljelykasveiksi. T\u00e4m\u00e4n ansiosta elinymp\u00e4rist\u00f6 muuttuu v\u00e4hitellen vihre\u00e4mm\u00e4ksi. HomeWizard on vuonna 2023 lahjoittanut 500 kaivantoa auttaakseen JustDiggitia tekem\u00e4\u00e4n planeetastamme vihre\u00e4mm\u00e4n ja terveellisemm\u00e4n.<\/p>\n<\/div>\n\n\n\n<div class=\"wp-block-column is-vertically-aligned-bottom eplus-wrapper is-layout-flow wp-block-column-is-layout-flow\" style=\"flex-basis:33.33%\"><div class=\"wp-block-image \">\n<figure class=\"aligncenter size-medium eplus-wrapper\"><img loading=\"lazy\" decoding=\"async\" width=\"300\" height=\"300\" src=\"https:\/\/www.homewizard.com\/wp-content\/uploads\/2023\/10\/500-bunds-beige-300x300.png\" alt=\"\" class=\"wp-image-466378\" srcset=\"https:\/\/www.homewizard.com\/wp-content\/uploads\/2023\/10\/500-bunds-beige-300x300.png 300w, https:\/\/www.homewizard.com\/wp-content\/uploads\/2023\/10\/500-bunds-beige-124x124.png 124w, https:\/\/www.homewizard.com\/wp-content\/uploads\/2023\/10\/500-bunds-beige-150x150.png 150w\" sizes=\"auto, (max-width: 300px) 100vw, 300px\" \/><\/figure>\n<\/div><\/div>\n<\/div><\/div><\/div>","protected":false},"excerpt":{"rendered":"<p>Tietoinen maailma HomeWizard-tuotteiden avulla k\u00e4ytt\u00e4j\u00e4t tulevat tietoisiksi energiankulutuksestaan ja siihen liittyvist\u00e4 kustannuksista. Toimintatapoja muuttamalla s\u00e4\u00e4st\u00e4t energiakustannuksissa, ja lis\u00e4ksi voimme yhdess\u00e4 ty\u00f6skennell\u00e4 kest\u00e4v\u00e4mm\u00e4n maailman puolesta. Kuten tied\u00e4mme, energial\u00e4hteet eiv\u00e4t ole loputtomia, ja huomaamme yh\u00e4 suuremmassa m\u00e4\u00e4rin niiden k\u00e4yt\u00f6n vaikutukset. Me HomeWizardilla ymm\u00e4rr\u00e4mme, ett\u00e4 emme voi jatkaa edelleen ajattelematta vaikutuksia maailmaamme. Vaikka emme olekaan t\u00e4ydellisi\u00e4, pid\u00e4mme t\u00e4rke\u00e4n\u00e4&hellip;<\/p>\n","protected":false},"author":544392,"featured_media":0,"parent":0,"menu_order":0,"comment_status":"closed","ping_status":"closed","template":"","meta":{"_acf_changed":false,"editor_plus_copied_stylings":"{}","footnotes":""},"class_list":["post-498318","page","type-page","status-publish","hentry"],"acf":[],"yoast_head":"<!-- This site is optimized with the Yoast SEO plugin v27.0 - https:\/\/yoast.com\/product\/yoast-seo-wordpress\/ -->\n<title>Kest\u00e4vyys - HomeWizard<\/title>\n<meta name=\"description\" content=\"Me HomeWizardilla ymm\u00e4rr\u00e4mme, ett\u00e4 emme voi tehd\u00e4 kaikkea ajattelematta sen vaikutuksia maailmaan. On t\u00e4rke\u00e4\u00e4 k\u00e4ytt\u00e4\u00e4 ...\" \/>\n<meta name=\"robots\" content=\"index, follow, max-snippet:-1, max-image-preview:large, max-video-preview:-1\" \/>\n<link rel=\"canonical\" href=\"https:\/\/www.homewizard.com\/fi\/kestavyys\/\" \/>\n<meta property=\"og:locale\" content=\"fi_FI\" \/>\n<meta property=\"og:type\" content=\"article\" \/>\n<meta property=\"og:title\" content=\"Kest\u00e4vyys - HomeWizard\" \/>\n<meta property=\"og:description\" content=\"Me HomeWizardilla ymm\u00e4rr\u00e4mme, ett\u00e4 emme voi tehd\u00e4 kaikkea ajattelematta sen vaikutuksia maailmaan. On t\u00e4rke\u00e4\u00e4 k\u00e4ytt\u00e4\u00e4 ...\" \/>\n<meta property=\"og:url\" content=\"https:\/\/www.homewizard.com\/fi\/kestavyys\/\" \/>\n<meta property=\"og:site_name\" content=\"HomeWizard\" \/>\n<meta property=\"article:publisher\" content=\"https:\/\/www.facebook.com\/HomeWizardBV\/\" \/>\n<meta property=\"article:modified_time\" content=\"2023-11-23T09:50:05+00:00\" \/>\n<meta property=\"og:image\" content=\"https:\/\/www.homewizard.com\/wp-content\/uploads\/2023\/10\/conscious-world-dgreen.png\" \/>\n<meta name=\"twitter:card\" content=\"summary_large_image\" \/>\n<meta name=\"twitter:site\" content=\"@HomeWizard_NL\" \/>\n<meta name=\"twitter:label1\" content=\"Arvioitu lukuaika\" \/>\n\t<meta name=\"twitter:data1\" content=\"1 minuutti\" \/>\n<script type=\"application\/ld+json\" class=\"yoast-schema-graph\">{\"@context\":\"https:\/\/schema.org\",\"@graph\":[{\"@type\":\"WebPage\",\"@id\":\"https:\/\/www.homewizard.com\/fi\/kestavyys\/\",\"url\":\"https:\/\/www.homewizard.com\/fi\/kestavyys\/\",\"name\":\"Kest\u00e4vyys - HomeWizard\",\"isPartOf\":{\"@id\":\"https:\/\/www.homewizard.com\/fi\/#website\"},\"primaryImageOfPage\":{\"@id\":\"https:\/\/www.homewizard.com\/fi\/kestavyys\/#primaryimage\"},\"image\":{\"@id\":\"https:\/\/www.homewizard.com\/fi\/kestavyys\/#primaryimage\"},\"thumbnailUrl\":\"https:\/\/www.homewizard.com\/wp-content\/uploads\/2023\/10\/conscious-world-dgreen.png\",\"datePublished\":\"2023-11-23T08:40:54+00:00\",\"dateModified\":\"2023-11-23T09:50:05+00:00\",\"description\":\"Me HomeWizardilla ymm\u00e4rr\u00e4mme, ett\u00e4 emme voi tehd\u00e4 kaikkea ajattelematta sen vaikutuksia maailmaan. On t\u00e4rke\u00e4\u00e4 k\u00e4ytt\u00e4\u00e4 ...\",\"breadcrumb\":{\"@id\":\"https:\/\/www.homewizard.com\/fi\/kestavyys\/#breadcrumb\"},\"inLanguage\":\"fi\",\"potentialAction\":[{\"@type\":\"ReadAction\",\"target\":[\"https:\/\/www.homewizard.com\/fi\/kestavyys\/\"]}]},{\"@type\":\"ImageObject\",\"inLanguage\":\"fi\",\"@id\":\"https:\/\/www.homewizard.com\/fi\/kestavyys\/#primaryimage\",\"url\":\"https:\/\/www.homewizard.com\/wp-content\/uploads\/2023\/10\/conscious-world-dgreen.png\",\"contentUrl\":\"https:\/\/www.homewizard.com\/wp-content\/uploads\/2023\/10\/conscious-world-dgreen.png\"},{\"@type\":\"BreadcrumbList\",\"@id\":\"https:\/\/www.homewizard.com\/fi\/kestavyys\/#breadcrumb\",\"itemListElement\":[{\"@type\":\"ListItem\",\"position\":1,\"name\":\"Home\",\"item\":\"https:\/\/www.homewizard.com\/fi\/\"},{\"@type\":\"ListItem\",\"position\":2,\"name\":\"Kest\u00e4vyys\"}]},{\"@type\":\"WebSite\",\"@id\":\"https:\/\/www.homewizard.com\/fi\/#website\",\"url\":\"https:\/\/www.homewizard.com\/fi\/\",\"name\":\"HomeWizard\",\"description\":\"HomeWizard Energy\",\"publisher\":{\"@id\":\"https:\/\/www.homewizard.com\/fi\/#organization\"},\"potentialAction\":[{\"@type\":\"SearchAction\",\"target\":{\"@type\":\"EntryPoint\",\"urlTemplate\":\"https:\/\/www.homewizard.com\/fi\/?s={search_term_string}\"},\"query-input\":{\"@type\":\"PropertyValueSpecification\",\"valueRequired\":true,\"valueName\":\"search_term_string\"}}],\"inLanguage\":\"fi\"},{\"@type\":\"Organization\",\"@id\":\"https:\/\/www.homewizard.com\/fi\/#organization\",\"name\":\"HomeWizard\",\"url\":\"https:\/\/www.homewizard.com\/fi\/\",\"logo\":{\"@type\":\"ImageObject\",\"inLanguage\":\"fi\",\"@id\":\"https:\/\/www.homewizard.com\/fi\/#\/schema\/logo\/image\/\",\"url\":\"https:\/\/www.homewizard.com\/wp-content\/uploads\/2023\/06\/HomeWizard-icon-on-black.png\",\"contentUrl\":\"https:\/\/www.homewizard.com\/wp-content\/uploads\/2023\/06\/HomeWizard-icon-on-black.png\",\"width\":500,\"height\":500,\"caption\":\"HomeWizard\"},\"image\":{\"@id\":\"https:\/\/www.homewizard.com\/fi\/#\/schema\/logo\/image\/\"},\"sameAs\":[\"https:\/\/www.facebook.com\/HomeWizardBV\/\",\"https:\/\/x.com\/HomeWizard_NL\",\"https:\/\/www.youtube.com\/HomeWizardBV\",\"https:\/\/www.instagram.com\/homewizardenergy\/\"]}]}<\/script>\n<!-- \/ Yoast SEO plugin. -->","yoast_head_json":{"title":"Kest\u00e4vyys - HomeWizard","description":"Me HomeWizardilla ymm\u00e4rr\u00e4mme, ett\u00e4 emme voi tehd\u00e4 kaikkea ajattelematta sen vaikutuksia maailmaan. On t\u00e4rke\u00e4\u00e4 k\u00e4ytt\u00e4\u00e4 ...","robots":{"index":"index","follow":"follow","max-snippet":"max-snippet:-1","max-image-preview":"max-image-preview:large","max-video-preview":"max-video-preview:-1"},"canonical":"https:\/\/www.homewizard.com\/fi\/kestavyys\/","og_locale":"fi_FI","og_type":"article","og_title":"Kest\u00e4vyys - HomeWizard","og_description":"Me HomeWizardilla ymm\u00e4rr\u00e4mme, ett\u00e4 emme voi tehd\u00e4 kaikkea ajattelematta sen vaikutuksia maailmaan. On t\u00e4rke\u00e4\u00e4 k\u00e4ytt\u00e4\u00e4 ...","og_url":"https:\/\/www.homewizard.com\/fi\/kestavyys\/","og_site_name":"HomeWizard","article_publisher":"https:\/\/www.facebook.com\/HomeWizardBV\/","article_modified_time":"2023-11-23T09:50:05+00:00","og_image":[{"url":"https:\/\/www.homewizard.com\/wp-content\/uploads\/2023\/10\/conscious-world-dgreen.png","type":"","width":"","height":""}],"twitter_card":"summary_large_image","twitter_site":"@HomeWizard_NL","twitter_misc":{"Arvioitu lukuaika":"1 minuutti"},"schema":{"@context":"https:\/\/schema.org","@graph":[{"@type":"WebPage","@id":"https:\/\/www.homewizard.com\/fi\/kestavyys\/","url":"https:\/\/www.homewizard.com\/fi\/kestavyys\/","name":"Kest\u00e4vyys - HomeWizard","isPartOf":{"@id":"https:\/\/www.homewizard.com\/fi\/#website"},"primaryImageOfPage":{"@id":"https:\/\/www.homewizard.com\/fi\/kestavyys\/#primaryimage"},"image":{"@id":"https:\/\/www.homewizard.com\/fi\/kestavyys\/#primaryimage"},"thumbnailUrl":"https:\/\/www.homewizard.com\/wp-content\/uploads\/2023\/10\/conscious-world-dgreen.png","datePublished":"2023-11-23T08:40:54+00:00","dateModified":"2023-11-23T09:50:05+00:00","description":"Me HomeWizardilla ymm\u00e4rr\u00e4mme, ett\u00e4 emme voi tehd\u00e4 kaikkea ajattelematta sen vaikutuksia maailmaan. On t\u00e4rke\u00e4\u00e4 k\u00e4ytt\u00e4\u00e4 ...","breadcrumb":{"@id":"https:\/\/www.homewizard.com\/fi\/kestavyys\/#breadcrumb"},"inLanguage":"fi","potentialAction":[{"@type":"ReadAction","target":["https:\/\/www.homewizard.com\/fi\/kestavyys\/"]}]},{"@type":"ImageObject","inLanguage":"fi","@id":"https:\/\/www.homewizard.com\/fi\/kestavyys\/#primaryimage","url":"https:\/\/www.homewizard.com\/wp-content\/uploads\/2023\/10\/conscious-world-dgreen.png","contentUrl":"https:\/\/www.homewizard.com\/wp-content\/uploads\/2023\/10\/conscious-world-dgreen.png"},{"@type":"BreadcrumbList","@id":"https:\/\/www.homewizard.com\/fi\/kestavyys\/#breadcrumb","itemListElement":[{"@type":"ListItem","position":1,"name":"Home","item":"https:\/\/www.homewizard.com\/fi\/"},{"@type":"ListItem","position":2,"name":"Kest\u00e4vyys"}]},{"@type":"WebSite","@id":"https:\/\/www.homewizard.com\/fi\/#website","url":"https:\/\/www.homewizard.com\/fi\/","name":"HomeWizard","description":"HomeWizard Energy","publisher":{"@id":"https:\/\/www.homewizard.com\/fi\/#organization"},"potentialAction":[{"@type":"SearchAction","target":{"@type":"EntryPoint","urlTemplate":"https:\/\/www.homewizard.com\/fi\/?s={search_term_string}"},"query-input":{"@type":"PropertyValueSpecification","valueRequired":true,"valueName":"search_term_string"}}],"inLanguage":"fi"},{"@type":"Organization","@id":"https:\/\/www.homewizard.com\/fi\/#organization","name":"HomeWizard","url":"https:\/\/www.homewizard.com\/fi\/","logo":{"@type":"ImageObject","inLanguage":"fi","@id":"https:\/\/www.homewizard.com\/fi\/#\/schema\/logo\/image\/","url":"https:\/\/www.homewizard.com\/wp-content\/uploads\/2023\/06\/HomeWizard-icon-on-black.png","contentUrl":"https:\/\/www.homewizard.com\/wp-content\/uploads\/2023\/06\/HomeWizard-icon-on-black.png","width":500,"height":500,"caption":"HomeWizard"},"image":{"@id":"https:\/\/www.homewizard.com\/fi\/#\/schema\/logo\/image\/"},"sameAs":["https:\/\/www.facebook.com\/HomeWizardBV\/","https:\/\/x.com\/HomeWizard_NL","https:\/\/www.youtube.com\/HomeWizardBV","https:\/\/www.instagram.com\/homewizardenergy\/"]}]}},"_links":{"self":[{"href":"https:\/\/www.homewizard.com\/fi\/wp-json\/wp\/v2\/pages\/498318","targetHints":{"allow":["GET"]}}],"collection":[{"href":"https:\/\/www.homewizard.com\/fi\/wp-json\/wp\/v2\/pages"}],"about":[{"href":"https:\/\/www.homewizard.com\/fi\/wp-json\/wp\/v2\/types\/page"}],"author":[{"embeddable":true,"href":"https:\/\/www.homewizard.com\/fi\/wp-json\/wp\/v2\/users\/544392"}],"replies":[{"embeddable":true,"href":"https:\/\/www.homewizard.com\/fi\/wp-json\/wp\/v2\/comments?post=498318"}],"version-history":[{"count":3,"href":"https:\/\/www.homewizard.com\/fi\/wp-json\/wp\/v2\/pages\/498318\/revisions"}],"predecessor-version":[{"id":498513,"href":"https:\/\/www.homewizard.com\/fi\/wp-json\/wp\/v2\/pages\/498318\/revisions\/498513"}],"wp:attachment":[{"href":"https:\/\/www.homewizard.com\/fi\/wp-json\/wp\/v2\/media?parent=498318"}],"curies":[{"name":"wp","href":"https:\/\/api.w.org\/{rel}","templated":true}]}}