{"id":497525,"date":"2023-11-22T15:17:12","date_gmt":"2023-11-22T14:17:12","guid":{"rendered":"https:\/\/www.homewizard.com\/tietoa-meista\/"},"modified":"2023-11-23T10:37:09","modified_gmt":"2023-11-23T09:37:09","slug":"tietoa-meista","status":"publish","type":"page","link":"https:\/\/www.homewizard.com\/fi\/tietoa-meista\/","title":{"rendered":"Tietoa meist\u00e4"},"content":{"rendered":"<div class=\"contained_page wp-block-group eplus-wrapper eplus-styles-uid-b2c051\"><div class=\"wp-block-group__inner-container is-layout-constrained wp-block-group-is-layout-constrained\"><div class=\"wp-block-group eplus-wrapper eplus-styles-uid-c936c6\"><div class=\"wp-block-group__inner-container is-layout-constrained wp-block-group-is-layout-constrained\"><div class=\"wp-block-columns eplus-wrapper is-layout-flex wp-container-core-columns-is-layout-9d6595d7 wp-block-columns-is-layout-flex eplus-styles-uid-152cea\"><div class=\"wp-block-column is-vertically-aligned-center eplus-wrapper is-layout-flow wp-block-column-is-layout-flow eplus-styles-uid-d03e46\" style=\"flex-basis:66.66%\"><h1 class=\" wp-block-heading eplus-wrapper eplus-styles-uid-27fd98\">Tietoa meist\u00e4<\/h1>\n\n\n<p class=\" eplus-wrapper\">HomeWizard on yritys, joka antaa kotitalouksille tietoa s\u00e4hk\u00f6n-, veden- ja kaasunkulutuksesta. K\u00e4tevien WiFi-mittareidemme avulla k\u00e4ytt\u00e4j\u00e4t voivat seurata energiankulutustaan ja aurinkoenergian tuotantoaan. Haluamme lis\u00e4t\u00e4 ihmisten tietoisuutta energiankulutuksestaan ja auttaa heit\u00e4 s\u00e4\u00e4st\u00e4m\u00e4\u00e4n energiaa. T\u00e4m\u00e4 ei ole hyv\u00e4ksi vain omalle taloudelle, vaan my\u00f6s koko maailmalle.<\/p>\n<\/div>\n\n<div class=\"wp-block-column eplus-wrapper is-layout-flow wp-block-column-is-layout-flow eplus-styles-uid-27fd98\" style=\"flex-basis:33.33%\"><div class=\"wp-block-image \"><figure class=\"aligncenter size-full eplus-wrapper eplus-styles-uid-27fd98\"><img loading=\"lazy\" decoding=\"async\" width=\"425\" height=\"425\" src=\"https:\/\/www.homewizard.com\/wp-content\/uploads\/2023\/10\/about-us-green.png\" alt=\"\" class=\"wp-image-466523\" srcset=\"https:\/\/www.homewizard.com\/wp-content\/uploads\/2023\/10\/about-us-green.png 425w, https:\/\/www.homewizard.com\/wp-content\/uploads\/2023\/10\/about-us-green-124x124.png 124w, https:\/\/www.homewizard.com\/wp-content\/uploads\/2023\/10\/about-us-green-300x300.png 300w, https:\/\/www.homewizard.com\/wp-content\/uploads\/2023\/10\/about-us-green-150x150.png 150w, https:\/\/www.homewizard.com\/wp-content\/uploads\/2023\/10\/about-us-green-400x400.png 400w\" sizes=\"auto, (max-width: 425px) 100vw, 425px\" \/><\/figure><\/div><\/div><\/div>\n\n<h2 class=\" wp-block-heading eplus-wrapper eplus-styles-uid-27fd98\">Keskitymme energiaan<\/h2>\n\n\n<p class=\" eplus-wrapper\">Aloitimme Noordwijkissa, Alankomaissa, vuonna 2011 kotiautomaation ja \u00e4lykk\u00e4iden keitti\u00f6laitteiden toimittajana.\r\nVuoden 2021 alussa k\u00e4vimme l\u00e4pi suuren muutoksen, kun er\u00e4s ty\u00f6ntekij\u00f6ist\u00e4mme sanoi: &#8221;Eik\u00f6 meid\u00e4n pit\u00e4isi tehd\u00e4 jotain hy\u00f6dyllist\u00e4 sovelluksilla toimivien air fryereiden sijaan?&#8221; Silloin alkoi HomeWizard sellaisena kuin se nyky\u00e4\u00e4n tunnetaan: keskitymme energiaan.<\/p>\n\n\n<div class=\"wp-block-columns eplus-wrapper is-layout-flex wp-container-core-columns-is-layout-9d6595d7 wp-block-columns-is-layout-flex eplus-styles-uid-e8d474\">\n<div class=\"wp-block-column eplus-wrapper is-layout-flow wp-block-column-is-layout-flow\" style=\"flex-basis:33.33%\"><div class=\"wp-block-image \">\n<figure class=\"aligncenter size-medium eplus-wrapper\"><img loading=\"lazy\" decoding=\"async\" width=\"300\" height=\"300\" src=\"https:\/\/www.homewizard.com\/wp-content\/uploads\/2023\/10\/conscious-world-energy-purple-300x300.png\" alt=\"\" class=\"wp-image-466541\" srcset=\"https:\/\/www.homewizard.com\/wp-content\/uploads\/2023\/10\/conscious-world-energy-purple-300x300.png 300w, https:\/\/www.homewizard.com\/wp-content\/uploads\/2023\/10\/conscious-world-energy-purple-124x124.png 124w, https:\/\/www.homewizard.com\/wp-content\/uploads\/2023\/10\/conscious-world-energy-purple-150x150.png 150w\" sizes=\"auto, (max-width: 300px) 100vw, 300px\" \/><\/figure>\n<\/div><\/div>\n\n\n\n<div class=\"wp-block-column is-vertically-aligned-center eplus-wrapper is-layout-flow wp-block-column-is-layout-flow\" style=\"flex-basis:66.66%\">\n<h2 class=\" wp-block-heading eplus-wrapper\"><strong>Tietoinen maailma<\/strong><\/h2>\n\n\n\n<p class=\" eplus-wrapper\">HomeWizard-tuotteiden avulla saat tietoa energiankulutuksesta ja siihen liittyvist\u00e4 kustannuksista. Kun tulet tietoiseksi siit\u00e4, kuinka paljon kulutat, alat mietti\u00e4 k\u00e4ytt\u00e4m\u00e4si kaasun, s\u00e4hk\u00f6n ja veden m\u00e4\u00e4r\u00e4\u00e4. N\u00e4in teemme yhdess\u00e4 ty\u00f6t\u00e4 matkalla kohti <a href=\"https:\/\/www.homewizard.com\/fi\/kestavyys\/\">tietoista maailmaa<\/a>.<\/p>\n<\/div>\n<\/div>\n\n\n<h2 class=\" wp-block-heading eplus-wrapper\">Teemme kaiken itse<\/h2>\n\n\n<p class=\" eplus-wrapper eplus-styles-uid-2e1be5\">Valmistamme ohjelmistomme ja laitteistomme alusta alkaen, mik\u00e4 on ainutlaatuista Alankomaissa. Kaikki tuotteemme ideoidaan, suunnitellaan, testataan ja otetaan k\u00e4ytt\u00f6\u00f6n Noordwijkissa sijaitsevassa toimistossamme. Ja tietenkin teemme t\u00e4m\u00e4n parhaassa yhteisty\u00f6ss\u00e4. Tuotteemme ovat edullisia ja helppok\u00e4ytt\u00f6isi\u00e4 el\u00e4m\u00e4ntilanteesta tai i\u00e4st\u00e4 riippumatta. Ja ennen kaikkea olemme t\u00e4ysin riippumattomia. T\u00e4m\u00e4 tarkoittaa, ett\u00e4 voit k\u00e4ytt\u00e4\u00e4 tuotteitamme riippumatta siit\u00e4, mit\u00e4 energiantoimittajaa k\u00e4yt\u00e4t. Ty\u00f6skentelemme kaikkia varten.<\/p>\n\n<div class=\"flex-column-reverse wp-block-columns are-vertically-aligned-center eplus-wrapper is-layout-flex wp-container-core-columns-is-layout-9d6595d7 wp-block-columns-is-layout-flex eplus-styles-uid-8b0f2f\">\n<div class=\"wp-block-column is-vertically-aligned-center eplus-wrapper is-layout-flow wp-block-column-is-layout-flow\" style=\"flex-basis:66.66%\">\n<h2 class=\" wp-block-heading eplus-wrapper\"><strong>Wizard-klubi<\/strong><\/h2>\n\n\n\n<p class=\" eplus-wrapper\">HomeWizardissa yhdistyy intohimo ohjelmistoja, laitteistoja ja energiaa kohtaan. Jos liityt Wizard-klubiimme, pysyt mukana todenn\u00e4k\u00f6isesti pitk\u00e4n aikaa. Jos pid\u00e4t pelaamisesta ja p\u00f6yt\u00e4tenniksest\u00e4 tai elokuvista ja sarjoista, kanssamme ei tule olemaan tyls\u00e4\u00e4! \u00c4l\u00e4 vain v\u00e4lit\u00e4 siit\u00e4, jos kaikki mahtavat v\u00e4lipalat, joita v\u00e4lill\u00e4 sy\u00f6mme ja juomme saavat aikaan sen, ett\u00e4 sinussa on viel\u00e4kin enemm\u00e4n pidett\u00e4v\u00e4\u00e4.<\/p>\n\n\n\n<p class=\" eplus-wrapper\">Emme k\u00e4yt\u00e4 juurikaan s\u00e4hk\u00f6postia, vaan olemme yhteydess\u00e4 toisiimme chatin v\u00e4lityksell\u00e4 tai k\u00e4ymme toistemme ty\u00f6pisteiss\u00e4. Luotamme toisiimme ja vaikutamme. Olemme innovatiivisia ja rakennamme yhdess\u00e4 maailmaa, jossa k\u00e4yt\u00e4mme energiaamme tietoisesti.<\/p>\n<\/div>\n\n\n<div class=\"wp-block-column is-vertically-aligned-center eplus-wrapper is-layout-flow wp-block-column-is-layout-flow eplus-styles-uid-27fd98\" style=\"flex-basis:33.33%\"><div class=\"wp-block-image \">\n<figure class=\"aligncenter size-medium eplus-wrapper\"><img loading=\"lazy\" decoding=\"async\" width=\"300\" height=\"300\" src=\"https:\/\/www.homewizard.com\/wp-content\/uploads\/2023\/10\/wizard-club-blue-300x300.png\" alt=\"\" class=\"wp-image-466553\" srcset=\"https:\/\/www.homewizard.com\/wp-content\/uploads\/2023\/10\/wizard-club-blue-300x300.png 300w, https:\/\/www.homewizard.com\/wp-content\/uploads\/2023\/10\/wizard-club-blue-124x124.png 124w, https:\/\/www.homewizard.com\/wp-content\/uploads\/2023\/10\/wizard-club-blue-150x150.png 150w\" sizes=\"auto, (max-width: 300px) 100vw, 300px\" \/><\/figure>\n<\/div><\/div><\/div><\/div><\/div><\/div><\/div>","protected":false},"excerpt":{"rendered":"<p>Tietoa meist\u00e4 HomeWizard on yritys, joka antaa kotitalouksille tietoa s\u00e4hk\u00f6n-, veden- ja kaasunkulutuksesta. K\u00e4tevien WiFi-mittareidemme avulla k\u00e4ytt\u00e4j\u00e4t voivat seurata energiankulutustaan ja aurinkoenergian tuotantoaan. Haluamme lis\u00e4t\u00e4 ihmisten tietoisuutta energiankulutuksestaan ja auttaa heit\u00e4 s\u00e4\u00e4st\u00e4m\u00e4\u00e4n energiaa. T\u00e4m\u00e4 ei ole hyv\u00e4ksi vain omalle taloudelle, vaan my\u00f6s koko maailmalle. Keskitymme energiaan Aloitimme Noordwijkissa, Alankomaissa, vuonna 2011 kotiautomaation ja \u00e4lykk\u00e4iden keitti\u00f6laitteiden&hellip;<\/p>\n","protected":false},"author":544392,"featured_media":0,"parent":0,"menu_order":0,"comment_status":"closed","ping_status":"closed","template":"","meta":{"_acf_changed":false,"editor_plus_copied_stylings":"{}","footnotes":""},"class_list":["post-497525","page","type-page","status-publish","hentry"],"acf":[],"yoast_head":"<!-- This site is optimized with the Yoast SEO plugin v27.0 - https:\/\/yoast.com\/product\/yoast-seo-wordpress\/ -->\n<title>Tietoa meist\u00e4 - HomeWizard<\/title>\n<meta name=\"description\" content=\"HomeWizard aloitti toimintansa Alankomaissa kotiautomaatio- ja \u00e4lykeitti\u00f6laitteiden toimittajana. Nyt autamme ihmisi\u00e4 s\u00e4\u00e4st\u00e4m\u00e4\u00e4n energiaa ja kustannuksia.\" \/>\n<meta name=\"robots\" content=\"index, follow, max-snippet:-1, max-image-preview:large, max-video-preview:-1\" \/>\n<link rel=\"canonical\" href=\"https:\/\/www.homewizard.com\/fi\/tietoa-meista\/\" \/>\n<meta property=\"og:locale\" content=\"fi_FI\" \/>\n<meta property=\"og:type\" content=\"article\" \/>\n<meta property=\"og:title\" content=\"Tietoa meist\u00e4 - HomeWizard\" \/>\n<meta property=\"og:description\" content=\"HomeWizard aloitti toimintansa Alankomaissa kotiautomaatio- ja \u00e4lykeitti\u00f6laitteiden toimittajana. Nyt autamme ihmisi\u00e4 s\u00e4\u00e4st\u00e4m\u00e4\u00e4n energiaa ja kustannuksia.\" \/>\n<meta property=\"og:url\" content=\"https:\/\/www.homewizard.com\/fi\/tietoa-meista\/\" \/>\n<meta property=\"og:site_name\" content=\"HomeWizard\" \/>\n<meta property=\"article:publisher\" content=\"https:\/\/www.facebook.com\/HomeWizardBV\/\" \/>\n<meta property=\"article:modified_time\" content=\"2023-11-23T09:37:09+00:00\" \/>\n<meta property=\"og:image\" content=\"https:\/\/www.homewizard.com\/wp-content\/uploads\/2023\/10\/about-us-green.png\" \/>\n<meta name=\"twitter:card\" content=\"summary_large_image\" \/>\n<meta name=\"twitter:site\" content=\"@HomeWizard_NL\" \/>\n<meta name=\"twitter:label1\" content=\"Arvioitu lukuaika\" \/>\n\t<meta name=\"twitter:data1\" content=\"2 minuuttia\" \/>\n<script type=\"application\/ld+json\" class=\"yoast-schema-graph\">{\"@context\":\"https:\/\/schema.org\",\"@graph\":[{\"@type\":\"WebPage\",\"@id\":\"https:\/\/www.homewizard.com\/fi\/tietoa-meista\/\",\"url\":\"https:\/\/www.homewizard.com\/fi\/tietoa-meista\/\",\"name\":\"Tietoa meist\u00e4 - HomeWizard\",\"isPartOf\":{\"@id\":\"https:\/\/www.homewizard.com\/fi\/#website\"},\"primaryImageOfPage\":{\"@id\":\"https:\/\/www.homewizard.com\/fi\/tietoa-meista\/#primaryimage\"},\"image\":{\"@id\":\"https:\/\/www.homewizard.com\/fi\/tietoa-meista\/#primaryimage\"},\"thumbnailUrl\":\"https:\/\/www.homewizard.com\/wp-content\/uploads\/2023\/10\/about-us-green.png\",\"datePublished\":\"2023-11-22T14:17:12+00:00\",\"dateModified\":\"2023-11-23T09:37:09+00:00\",\"description\":\"HomeWizard aloitti toimintansa Alankomaissa kotiautomaatio- ja \u00e4lykeitti\u00f6laitteiden toimittajana. Nyt autamme ihmisi\u00e4 s\u00e4\u00e4st\u00e4m\u00e4\u00e4n energiaa ja kustannuksia.\",\"breadcrumb\":{\"@id\":\"https:\/\/www.homewizard.com\/fi\/tietoa-meista\/#breadcrumb\"},\"inLanguage\":\"fi\",\"potentialAction\":[{\"@type\":\"ReadAction\",\"target\":[\"https:\/\/www.homewizard.com\/fi\/tietoa-meista\/\"]}]},{\"@type\":\"ImageObject\",\"inLanguage\":\"fi\",\"@id\":\"https:\/\/www.homewizard.com\/fi\/tietoa-meista\/#primaryimage\",\"url\":\"https:\/\/www.homewizard.com\/wp-content\/uploads\/2023\/10\/about-us-green.png\",\"contentUrl\":\"https:\/\/www.homewizard.com\/wp-content\/uploads\/2023\/10\/about-us-green.png\"},{\"@type\":\"BreadcrumbList\",\"@id\":\"https:\/\/www.homewizard.com\/fi\/tietoa-meista\/#breadcrumb\",\"itemListElement\":[{\"@type\":\"ListItem\",\"position\":1,\"name\":\"Home\",\"item\":\"https:\/\/www.homewizard.com\/fi\/\"},{\"@type\":\"ListItem\",\"position\":2,\"name\":\"Tietoa meist\u00e4\"}]},{\"@type\":\"WebSite\",\"@id\":\"https:\/\/www.homewizard.com\/fi\/#website\",\"url\":\"https:\/\/www.homewizard.com\/fi\/\",\"name\":\"HomeWizard\",\"description\":\"HomeWizard Energy\",\"publisher\":{\"@id\":\"https:\/\/www.homewizard.com\/fi\/#organization\"},\"potentialAction\":[{\"@type\":\"SearchAction\",\"target\":{\"@type\":\"EntryPoint\",\"urlTemplate\":\"https:\/\/www.homewizard.com\/fi\/?s={search_term_string}\"},\"query-input\":{\"@type\":\"PropertyValueSpecification\",\"valueRequired\":true,\"valueName\":\"search_term_string\"}}],\"inLanguage\":\"fi\"},{\"@type\":\"Organization\",\"@id\":\"https:\/\/www.homewizard.com\/fi\/#organization\",\"name\":\"HomeWizard\",\"url\":\"https:\/\/www.homewizard.com\/fi\/\",\"logo\":{\"@type\":\"ImageObject\",\"inLanguage\":\"fi\",\"@id\":\"https:\/\/www.homewizard.com\/fi\/#\/schema\/logo\/image\/\",\"url\":\"https:\/\/www.homewizard.com\/wp-content\/uploads\/2023\/06\/HomeWizard-icon-on-black.png\",\"contentUrl\":\"https:\/\/www.homewizard.com\/wp-content\/uploads\/2023\/06\/HomeWizard-icon-on-black.png\",\"width\":500,\"height\":500,\"caption\":\"HomeWizard\"},\"image\":{\"@id\":\"https:\/\/www.homewizard.com\/fi\/#\/schema\/logo\/image\/\"},\"sameAs\":[\"https:\/\/www.facebook.com\/HomeWizardBV\/\",\"https:\/\/x.com\/HomeWizard_NL\",\"https:\/\/www.youtube.com\/HomeWizardBV\",\"https:\/\/www.instagram.com\/homewizardenergy\/\"]}]}<\/script>\n<!-- \/ Yoast SEO plugin. -->","yoast_head_json":{"title":"Tietoa meist\u00e4 - HomeWizard","description":"HomeWizard aloitti toimintansa Alankomaissa kotiautomaatio- ja \u00e4lykeitti\u00f6laitteiden toimittajana. Nyt autamme ihmisi\u00e4 s\u00e4\u00e4st\u00e4m\u00e4\u00e4n energiaa ja kustannuksia.","robots":{"index":"index","follow":"follow","max-snippet":"max-snippet:-1","max-image-preview":"max-image-preview:large","max-video-preview":"max-video-preview:-1"},"canonical":"https:\/\/www.homewizard.com\/fi\/tietoa-meista\/","og_locale":"fi_FI","og_type":"article","og_title":"Tietoa meist\u00e4 - HomeWizard","og_description":"HomeWizard aloitti toimintansa Alankomaissa kotiautomaatio- ja \u00e4lykeitti\u00f6laitteiden toimittajana. Nyt autamme ihmisi\u00e4 s\u00e4\u00e4st\u00e4m\u00e4\u00e4n energiaa ja kustannuksia.","og_url":"https:\/\/www.homewizard.com\/fi\/tietoa-meista\/","og_site_name":"HomeWizard","article_publisher":"https:\/\/www.facebook.com\/HomeWizardBV\/","article_modified_time":"2023-11-23T09:37:09+00:00","og_image":[{"url":"https:\/\/www.homewizard.com\/wp-content\/uploads\/2023\/10\/about-us-green.png","type":"","width":"","height":""}],"twitter_card":"summary_large_image","twitter_site":"@HomeWizard_NL","twitter_misc":{"Arvioitu lukuaika":"2 minuuttia"},"schema":{"@context":"https:\/\/schema.org","@graph":[{"@type":"WebPage","@id":"https:\/\/www.homewizard.com\/fi\/tietoa-meista\/","url":"https:\/\/www.homewizard.com\/fi\/tietoa-meista\/","name":"Tietoa meist\u00e4 - HomeWizard","isPartOf":{"@id":"https:\/\/www.homewizard.com\/fi\/#website"},"primaryImageOfPage":{"@id":"https:\/\/www.homewizard.com\/fi\/tietoa-meista\/#primaryimage"},"image":{"@id":"https:\/\/www.homewizard.com\/fi\/tietoa-meista\/#primaryimage"},"thumbnailUrl":"https:\/\/www.homewizard.com\/wp-content\/uploads\/2023\/10\/about-us-green.png","datePublished":"2023-11-22T14:17:12+00:00","dateModified":"2023-11-23T09:37:09+00:00","description":"HomeWizard aloitti toimintansa Alankomaissa kotiautomaatio- ja \u00e4lykeitti\u00f6laitteiden toimittajana. Nyt autamme ihmisi\u00e4 s\u00e4\u00e4st\u00e4m\u00e4\u00e4n energiaa ja kustannuksia.","breadcrumb":{"@id":"https:\/\/www.homewizard.com\/fi\/tietoa-meista\/#breadcrumb"},"inLanguage":"fi","potentialAction":[{"@type":"ReadAction","target":["https:\/\/www.homewizard.com\/fi\/tietoa-meista\/"]}]},{"@type":"ImageObject","inLanguage":"fi","@id":"https:\/\/www.homewizard.com\/fi\/tietoa-meista\/#primaryimage","url":"https:\/\/www.homewizard.com\/wp-content\/uploads\/2023\/10\/about-us-green.png","contentUrl":"https:\/\/www.homewizard.com\/wp-content\/uploads\/2023\/10\/about-us-green.png"},{"@type":"BreadcrumbList","@id":"https:\/\/www.homewizard.com\/fi\/tietoa-meista\/#breadcrumb","itemListElement":[{"@type":"ListItem","position":1,"name":"Home","item":"https:\/\/www.homewizard.com\/fi\/"},{"@type":"ListItem","position":2,"name":"Tietoa meist\u00e4"}]},{"@type":"WebSite","@id":"https:\/\/www.homewizard.com\/fi\/#website","url":"https:\/\/www.homewizard.com\/fi\/","name":"HomeWizard","description":"HomeWizard Energy","publisher":{"@id":"https:\/\/www.homewizard.com\/fi\/#organization"},"potentialAction":[{"@type":"SearchAction","target":{"@type":"EntryPoint","urlTemplate":"https:\/\/www.homewizard.com\/fi\/?s={search_term_string}"},"query-input":{"@type":"PropertyValueSpecification","valueRequired":true,"valueName":"search_term_string"}}],"inLanguage":"fi"},{"@type":"Organization","@id":"https:\/\/www.homewizard.com\/fi\/#organization","name":"HomeWizard","url":"https:\/\/www.homewizard.com\/fi\/","logo":{"@type":"ImageObject","inLanguage":"fi","@id":"https:\/\/www.homewizard.com\/fi\/#\/schema\/logo\/image\/","url":"https:\/\/www.homewizard.com\/wp-content\/uploads\/2023\/06\/HomeWizard-icon-on-black.png","contentUrl":"https:\/\/www.homewizard.com\/wp-content\/uploads\/2023\/06\/HomeWizard-icon-on-black.png","width":500,"height":500,"caption":"HomeWizard"},"image":{"@id":"https:\/\/www.homewizard.com\/fi\/#\/schema\/logo\/image\/"},"sameAs":["https:\/\/www.facebook.com\/HomeWizardBV\/","https:\/\/x.com\/HomeWizard_NL","https:\/\/www.youtube.com\/HomeWizardBV","https:\/\/www.instagram.com\/homewizardenergy\/"]}]}},"_links":{"self":[{"href":"https:\/\/www.homewizard.com\/fi\/wp-json\/wp\/v2\/pages\/497525","targetHints":{"allow":["GET"]}}],"collection":[{"href":"https:\/\/www.homewizard.com\/fi\/wp-json\/wp\/v2\/pages"}],"about":[{"href":"https:\/\/www.homewizard.com\/fi\/wp-json\/wp\/v2\/types\/page"}],"author":[{"embeddable":true,"href":"https:\/\/www.homewizard.com\/fi\/wp-json\/wp\/v2\/users\/544392"}],"replies":[{"embeddable":true,"href":"https:\/\/www.homewizard.com\/fi\/wp-json\/wp\/v2\/comments?post=497525"}],"version-history":[{"count":3,"href":"https:\/\/www.homewizard.com\/fi\/wp-json\/wp\/v2\/pages\/497525\/revisions"}],"predecessor-version":[{"id":498447,"href":"https:\/\/www.homewizard.com\/fi\/wp-json\/wp\/v2\/pages\/497525\/revisions\/498447"}],"wp:attachment":[{"href":"https:\/\/www.homewizard.com\/fi\/wp-json\/wp\/v2\/media?parent=497525"}],"curies":[{"name":"wp","href":"https:\/\/api.w.org\/{rel}","templated":true}]}}