{"id":497492,"date":"2023-11-22T14:56:39","date_gmt":"2023-11-22T13:56:39","guid":{"rendered":"https:\/\/www.homewizard.com\/oma-tili\/"},"modified":"2026-02-03T16:09:24","modified_gmt":"2026-02-03T15:09:24","slug":"oma-tili","status":"publish","type":"page","link":"https:\/\/www.homewizard.com\/fi\/oma-tili\/","title":{"rendered":"Oma tili"},"content":{"rendered":"\n<h1 class=\" wp-block-heading eplus-wrapper\" id=\"my-account\"><strong>Oma tili<\/strong><\/h1>\n\n\n<div class=\"woocommerce\"><\/div>\n","protected":false},"excerpt":{"rendered":"<p>Oma tili<\/p>\n","protected":false},"author":1,"featured_media":0,"parent":0,"menu_order":0,"comment_status":"closed","ping_status":"closed","template":"","meta":{"_acf_changed":false,"editor_plus_copied_stylings":"{}","footnotes":""},"class_list":["post-497492","page","type-page","status-publish","hentry"],"acf":[],"yoast_head":"<!-- This site is optimized with the Yoast SEO plugin v27.0 - https:\/\/yoast.com\/product\/yoast-seo-wordpress\/ -->\n<title>Oma tili: hallinnoi HomeWizard-tili\u00e4si, tilauksia &amp; Energy+<\/title>\n<meta name=\"description\" content=\"Kirjaudu sis\u00e4\u00e4n tarkastelemaan tilaushistoriaa, osoitetietoja ja hallitsemaan Energy+. Kaikki yhdess\u00e4 paikassa \u2014 kirjaudu nyt.\" \/>\n<meta name=\"robots\" content=\"index, follow, max-snippet:-1, max-image-preview:large, max-video-preview:-1\" \/>\n<link rel=\"canonical\" href=\"https:\/\/www.homewizard.com\/fi\/oma-tili\/\" \/>\n<meta property=\"og:locale\" content=\"fi_FI\" \/>\n<meta property=\"og:type\" content=\"article\" \/>\n<meta property=\"og:title\" content=\"Oma tili: hallinnoi HomeWizard-tili\u00e4si, tilauksia &amp; Energy+\" \/>\n<meta property=\"og:description\" content=\"Kirjaudu sis\u00e4\u00e4n tarkastelemaan tilaushistoriaa, osoitetietoja ja hallitsemaan Energy+. Kaikki yhdess\u00e4 paikassa \u2014 kirjaudu nyt.\" \/>\n<meta property=\"og:url\" content=\"https:\/\/www.homewizard.com\/fi\/oma-tili\/\" \/>\n<meta property=\"og:site_name\" content=\"HomeWizard\" \/>\n<meta property=\"article:publisher\" content=\"https:\/\/www.facebook.com\/HomeWizardBV\/\" \/>\n<meta property=\"article:modified_time\" content=\"2026-02-03T15:09:24+00:00\" \/>\n<meta name=\"twitter:card\" content=\"summary_large_image\" \/>\n<meta name=\"twitter:site\" content=\"@HomeWizard_NL\" \/>\n<meta name=\"twitter:label1\" content=\"Arvioitu lukuaika\" \/>\n\t<meta name=\"twitter:data1\" content=\"1 minuutti\" \/>\n<script type=\"application\/ld+json\" class=\"yoast-schema-graph\">{\"@context\":\"https:\/\/schema.org\",\"@graph\":[{\"@type\":\"WebPage\",\"@id\":\"https:\/\/www.homewizard.com\/fi\/oma-tili\/\",\"url\":\"https:\/\/www.homewizard.com\/fi\/oma-tili\/\",\"name\":\"Oma tili: hallinnoi HomeWizard-tili\u00e4si, tilauksia & Energy+\",\"isPartOf\":{\"@id\":\"https:\/\/www.homewizard.com\/fi\/#website\"},\"datePublished\":\"2023-11-22T13:56:39+00:00\",\"dateModified\":\"2026-02-03T15:09:24+00:00\",\"description\":\"Kirjaudu sis\u00e4\u00e4n tarkastelemaan tilaushistoriaa, osoitetietoja ja hallitsemaan Energy+. Kaikki yhdess\u00e4 paikassa \u2014 kirjaudu nyt.\",\"breadcrumb\":{\"@id\":\"https:\/\/www.homewizard.com\/fi\/oma-tili\/#breadcrumb\"},\"inLanguage\":\"fi\",\"potentialAction\":[{\"@type\":\"ReadAction\",\"target\":[\"https:\/\/www.homewizard.com\/fi\/oma-tili\/\"]}]},{\"@type\":\"BreadcrumbList\",\"@id\":\"https:\/\/www.homewizard.com\/fi\/oma-tili\/#breadcrumb\",\"itemListElement\":[{\"@type\":\"ListItem\",\"position\":1,\"name\":\"Home\",\"item\":\"https:\/\/www.homewizard.com\/fi\/\"},{\"@type\":\"ListItem\",\"position\":2,\"name\":\"Oma tili\"}]},{\"@type\":\"WebSite\",\"@id\":\"https:\/\/www.homewizard.com\/fi\/#website\",\"url\":\"https:\/\/www.homewizard.com\/fi\/\",\"name\":\"HomeWizard\",\"description\":\"HomeWizard Energy\",\"publisher\":{\"@id\":\"https:\/\/www.homewizard.com\/fi\/#organization\"},\"potentialAction\":[{\"@type\":\"SearchAction\",\"target\":{\"@type\":\"EntryPoint\",\"urlTemplate\":\"https:\/\/www.homewizard.com\/fi\/?s={search_term_string}\"},\"query-input\":{\"@type\":\"PropertyValueSpecification\",\"valueRequired\":true,\"valueName\":\"search_term_string\"}}],\"inLanguage\":\"fi\"},{\"@type\":\"Organization\",\"@id\":\"https:\/\/www.homewizard.com\/fi\/#organization\",\"name\":\"HomeWizard\",\"url\":\"https:\/\/www.homewizard.com\/fi\/\",\"logo\":{\"@type\":\"ImageObject\",\"inLanguage\":\"fi\",\"@id\":\"https:\/\/www.homewizard.com\/fi\/#\/schema\/logo\/image\/\",\"url\":\"https:\/\/www.homewizard.com\/wp-content\/uploads\/2023\/06\/HomeWizard-icon-on-black.png\",\"contentUrl\":\"https:\/\/www.homewizard.com\/wp-content\/uploads\/2023\/06\/HomeWizard-icon-on-black.png\",\"width\":500,\"height\":500,\"caption\":\"HomeWizard\"},\"image\":{\"@id\":\"https:\/\/www.homewizard.com\/fi\/#\/schema\/logo\/image\/\"},\"sameAs\":[\"https:\/\/www.facebook.com\/HomeWizardBV\/\",\"https:\/\/x.com\/HomeWizard_NL\",\"https:\/\/www.youtube.com\/HomeWizardBV\",\"https:\/\/www.instagram.com\/homewizardenergy\/\"]}]}<\/script>\n<!-- \/ Yoast SEO plugin. -->","yoast_head_json":{"title":"Oma tili: hallinnoi HomeWizard-tili\u00e4si, tilauksia & Energy+","description":"Kirjaudu sis\u00e4\u00e4n tarkastelemaan tilaushistoriaa, osoitetietoja ja hallitsemaan Energy+. Kaikki yhdess\u00e4 paikassa \u2014 kirjaudu nyt.","robots":{"index":"index","follow":"follow","max-snippet":"max-snippet:-1","max-image-preview":"max-image-preview:large","max-video-preview":"max-video-preview:-1"},"canonical":"https:\/\/www.homewizard.com\/fi\/oma-tili\/","og_locale":"fi_FI","og_type":"article","og_title":"Oma tili: hallinnoi HomeWizard-tili\u00e4si, tilauksia & Energy+","og_description":"Kirjaudu sis\u00e4\u00e4n tarkastelemaan tilaushistoriaa, osoitetietoja ja hallitsemaan Energy+. Kaikki yhdess\u00e4 paikassa \u2014 kirjaudu nyt.","og_url":"https:\/\/www.homewizard.com\/fi\/oma-tili\/","og_site_name":"HomeWizard","article_publisher":"https:\/\/www.facebook.com\/HomeWizardBV\/","article_modified_time":"2026-02-03T15:09:24+00:00","twitter_card":"summary_large_image","twitter_site":"@HomeWizard_NL","twitter_misc":{"Arvioitu lukuaika":"1 minuutti"},"schema":{"@context":"https:\/\/schema.org","@graph":[{"@type":"WebPage","@id":"https:\/\/www.homewizard.com\/fi\/oma-tili\/","url":"https:\/\/www.homewizard.com\/fi\/oma-tili\/","name":"Oma tili: hallinnoi HomeWizard-tili\u00e4si, tilauksia & Energy+","isPartOf":{"@id":"https:\/\/www.homewizard.com\/fi\/#website"},"datePublished":"2023-11-22T13:56:39+00:00","dateModified":"2026-02-03T15:09:24+00:00","description":"Kirjaudu sis\u00e4\u00e4n tarkastelemaan tilaushistoriaa, osoitetietoja ja hallitsemaan Energy+. Kaikki yhdess\u00e4 paikassa \u2014 kirjaudu nyt.","breadcrumb":{"@id":"https:\/\/www.homewizard.com\/fi\/oma-tili\/#breadcrumb"},"inLanguage":"fi","potentialAction":[{"@type":"ReadAction","target":["https:\/\/www.homewizard.com\/fi\/oma-tili\/"]}]},{"@type":"BreadcrumbList","@id":"https:\/\/www.homewizard.com\/fi\/oma-tili\/#breadcrumb","itemListElement":[{"@type":"ListItem","position":1,"name":"Home","item":"https:\/\/www.homewizard.com\/fi\/"},{"@type":"ListItem","position":2,"name":"Oma tili"}]},{"@type":"WebSite","@id":"https:\/\/www.homewizard.com\/fi\/#website","url":"https:\/\/www.homewizard.com\/fi\/","name":"HomeWizard","description":"HomeWizard Energy","publisher":{"@id":"https:\/\/www.homewizard.com\/fi\/#organization"},"potentialAction":[{"@type":"SearchAction","target":{"@type":"EntryPoint","urlTemplate":"https:\/\/www.homewizard.com\/fi\/?s={search_term_string}"},"query-input":{"@type":"PropertyValueSpecification","valueRequired":true,"valueName":"search_term_string"}}],"inLanguage":"fi"},{"@type":"Organization","@id":"https:\/\/www.homewizard.com\/fi\/#organization","name":"HomeWizard","url":"https:\/\/www.homewizard.com\/fi\/","logo":{"@type":"ImageObject","inLanguage":"fi","@id":"https:\/\/www.homewizard.com\/fi\/#\/schema\/logo\/image\/","url":"https:\/\/www.homewizard.com\/wp-content\/uploads\/2023\/06\/HomeWizard-icon-on-black.png","contentUrl":"https:\/\/www.homewizard.com\/wp-content\/uploads\/2023\/06\/HomeWizard-icon-on-black.png","width":500,"height":500,"caption":"HomeWizard"},"image":{"@id":"https:\/\/www.homewizard.com\/fi\/#\/schema\/logo\/image\/"},"sameAs":["https:\/\/www.facebook.com\/HomeWizardBV\/","https:\/\/x.com\/HomeWizard_NL","https:\/\/www.youtube.com\/HomeWizardBV","https:\/\/www.instagram.com\/homewizardenergy\/"]}]}},"_links":{"self":[{"href":"https:\/\/www.homewizard.com\/fi\/wp-json\/wp\/v2\/pages\/497492","targetHints":{"allow":["GET"]}}],"collection":[{"href":"https:\/\/www.homewizard.com\/fi\/wp-json\/wp\/v2\/pages"}],"about":[{"href":"https:\/\/www.homewizard.com\/fi\/wp-json\/wp\/v2\/types\/page"}],"author":[{"embeddable":true,"href":"https:\/\/www.homewizard.com\/fi\/wp-json\/wp\/v2\/users\/1"}],"replies":[{"embeddable":true,"href":"https:\/\/www.homewizard.com\/fi\/wp-json\/wp\/v2\/comments?post=497492"}],"version-history":[{"count":4,"href":"https:\/\/www.homewizard.com\/fi\/wp-json\/wp\/v2\/pages\/497492\/revisions"}],"predecessor-version":[{"id":2012898,"href":"https:\/\/www.homewizard.com\/fi\/wp-json\/wp\/v2\/pages\/497492\/revisions\/2012898"}],"wp:attachment":[{"href":"https:\/\/www.homewizard.com\/fi\/wp-json\/wp\/v2\/media?parent=497492"}],"curies":[{"name":"wp","href":"https:\/\/api.w.org\/{rel}","templated":true}]}}