{"id":489218,"date":"2023-11-16T12:07:04","date_gmt":"2023-11-16T11:07:04","guid":{"rendered":"https:\/\/www.homewizard.com\/sales-and-purchase-agreement-spa\/"},"modified":"2023-11-23T10:50:00","modified_gmt":"2023-11-23T09:50:00","slug":"sales-and-purchase-agreement-spa","status":"publish","type":"page","link":"https:\/\/www.homewizard.com\/fi\/sales-and-purchase-agreement-spa\/","title":{"rendered":"Osto- ja myyntisopimus (SPA)"},"content":{"rendered":"\n<div class=\"contained_page wp-block-group eplus-wrapper\"><div class=\"wp-block-group__inner-container is-layout-flow wp-block-group-is-layout-flow\">\n<h1 class=\"eplus-wrapper wp-block-heading\" id=\"sales-and-purchase-agreement-spa\"><strong>Osto- ja myyntisopimus (SPA)<\/strong><\/h1>\n\n\n\n<h2 class=\"eplus-wrapper wp-block-heading\" id=\"scope-and-definitions\"><strong>Soveltamisala ja m\u00e4\u00e4ritelm\u00e4t<\/strong><\/h2>\n\n\n\n<p class=\" eplus-wrapper\">Kun HomeWizardin verkkosivustolla tehd\u00e4\u00e4n tilauksia, myyntisopimus koskee versiota, joka oli sovellettavissa ostohetkell\u00e4.<\/p>\n\n\n\n<p class=\" eplus-wrapper\">T\u00e4m\u00e4 myyntisopimus koskee vain tuotteita tai palveluita, \u201dtuotteita\u201d, jotka ostetaan HomeWizardin verkkosivuston kautta. Jos tilaus tehd\u00e4\u00e4n toisen osapuolen kautta, myynnist\u00e4 vastaavan osapuolen myyntisopimusta sovelletaan.<\/p>\n\n\n\n<p class=\" eplus-wrapper\">Kun t\u00e4ss\u00e4 asiakirjassa viitataan \u201dkuluttajiin\u201d, termill\u00e4 tarkoitetaan luonnollisia henkil\u00f6it\u00e4, joiden tilaukset eiv\u00e4t liity kaupalliseen, yritys- tai freelance-toimintaan. \u201dYritt\u00e4jill\u00e4\u201d sen sijaan tarkoitetaan luonnollisia tai oikeushenkil\u00f6it\u00e4 tai valtuutettuja kumppanuuksia, joiden tilaukset liittyv\u00e4t kaupalliseen, yritys- tai freelance-toimintaan. \u201dAsiakas\u201d tarkoittaa t\u00e4ss\u00e4 myyntisopimuksessa sek\u00e4 kuluttajia ett\u00e4 yritt\u00e4ji\u00e4.<\/p>\n\n\n\n<p class=\" eplus-wrapper\">Jos aika ilmoitetaan arkip\u00e4ivin\u00e4, sill\u00e4 tarkoitetaan kaikkia muita p\u00e4ivi\u00e4 paitsi lauantaita, sunnuntaita ja virallisia juhlapyhi\u00e4.<\/p>\n\n\n\n<h2 class=\"eplus-wrapper wp-block-heading\" id=\"conclusion-of-the-agreement\"><strong>Sopimuksen p\u00e4\u00e4telm\u00e4<\/strong><\/h2>\n\n\n\n<p class=\" eplus-wrapper\">Kaikki HomeWizardin tarjoukset ovat sitomattomia.<\/p>\n\n\n\n<p class=\" eplus-wrapper\">Jos asiakas tekee tilauksen verkkosivuston kautta, puhelimitse tai muun kanavan kautta, asiakas hyv\u00e4ksyy ostosopimuksen heti, kun asiakas saa tilausvahvistuksen HomeWizardilta s\u00e4hk\u00f6postitse. Kun olet saanut tilausvahvistuksen, tilausta ei voi muuttaa tai peruuttaa. HomeWizard on hyv\u00e4ksynyt ostosopimuksen, kun asiakas saa toimitusvahvistuksen s\u00e4hk\u00f6postitse.<\/p>\n\n\n\n<p class=\" eplus-wrapper\">T\u00e4m\u00e4 ostosopimus ei koske kolmansien osapuolten kautta ostettuja HomeWizardin tuotteita.<\/p>\n\n\n\n<h2 class=\"eplus-wrapper wp-block-heading\" id=\"prices-and-payment-terms\"><strong>Hinnat ja maksuehdot<\/strong><\/h2>\n\n\n\n<p class=\" eplus-wrapper\">Hintoja, jotka n\u00e4kyv\u00e4t verkkosivustolla tilausaikana, sovelletaan. Jos toimituskustannukset veloitetaan, HomeWizard ilmoittaa t\u00e4st\u00e4 asiakkaalle tilausprosessin aikana. Kaikki verkkosivustolla esitetyt hinnat sis\u00e4lt\u00e4v\u00e4t lains\u00e4\u00e4d\u00e4nn\u00f6n mukaisen ALV:n. Hinnat ja tarjoukset voivat vaihdella maittain. HomeWizard tarjoaa maksuvaihtoehtoja ulkoisten maksupalveluntarjoajien kautta.<\/p>\n\n\n\n<p class=\" eplus-wrapper\">Ostosumma on maksettava 14 vuorokauden kuluessa ostosopimuksesta, ellei muuta ole ilmoitettu. Jos asiakkaalla on maksamattomia velkoja, HomeWizardilla on oikeus veloittaa kiinte\u00e4 summa muistutuskustannuksista.<\/p>\n\n\n\n<p class=\" eplus-wrapper\">HomeWizardilla on oikeus veloittaa kiinte\u00e4 summa kustannuksista tai vahingoista, jotka johtuvat maksamattomasta perinn\u00e4st\u00e4 tai luottokorttimaksusta, ellei asiakas voi osoittaa muun tahon olevan vastuussa vahingon aiheuttaneesta tapahtumasta. Asiakas pid\u00e4tt\u00e4\u00e4 oikeuden osoittaa, etteiv\u00e4t HomeWizardille aiheutuneet kulut olleet v\u00e4ltt\u00e4m\u00e4tt\u00f6mi\u00e4 tai ett\u00e4 kulut olivat merkitt\u00e4v\u00e4sti ilmoitettua kiinte\u00e4\u00e4 summa pienemm\u00e4t.<\/p>\n\n\n\n<p class=\" eplus-wrapper\">HomeWizard-sovellusten kautta tehtyihin ostoihin sovelletaan Googlen tai Applen yleisi\u00e4 k\u00e4ytt\u00f6ehtoja. Aiemmin mainitut osapuolet ovat myyjin\u00e4 toimivia yrityksi\u00e4 n\u00e4iss\u00e4 tapauksissa.<\/p>\n\n\n\n<h2 class=\"eplus-wrapper wp-block-heading\" id=\"delivery-and-product-property\"><strong>Toimitus ja tuotteen omistus<\/strong><\/h2>\n\n\n\n<p class=\" eplus-wrapper\">Tilausprosessin aikana tilauksessa ilmoitettu toimitusp\u00e4iv\u00e4, \u201darvioitu toimitusp\u00e4iv\u00e4\u201d, annetaan vain viitteeksi, eik\u00e4 sit\u00e4 voi k\u00e4ytt\u00e4\u00e4 oikeuksien perusteena. HomeWizard tekee arvion seuraavien perusteella: ulkoisen toimituskumppanin toimitusaika ja yleiset maksutavat ja -ehdot. HomeWizard pyrkii toimittamaan tilauksen ilmoitettuna toimitusp\u00e4iv\u00e4n\u00e4 ja viimeist\u00e4\u00e4n 14 vuorokautta tilausp\u00e4iv\u00e4m\u00e4\u00e4r\u00e4n j\u00e4lkeen.<\/p>\n\n\n\n<p class=\" eplus-wrapper\">Toimitukset tehd\u00e4\u00e4n sopimuksessa m\u00e4\u00e4ritettyjen maiden toimitusosoitteisiin. On asiakkaan vastuulla varmistaa, ett\u00e4 tilaus voidaan toimittaa kohtuullisesti ennakoitavina toimitusaikoina.<\/p>\n\n\n\n<p class=\" eplus-wrapper\">Ylivoimaisten esteiden tilanteissa toimitusaikaa pidennet\u00e4\u00e4n asianmukaisesti. Ylivoimainen este tarkoittaa h\u00e4iri\u00f6it\u00e4, jotka ovat ep\u00e4tavallisia tai joita ei voida ennakoida. Ylivoimaisten esteiden tilanteissa HomeWizard ilmoittaa asiakkaalle toimitusajan pident\u00e4misest\u00e4 viimeist\u00e4\u00e4n kaksi viikkoa maksun j\u00e4lkeen.<\/p>\n\n\n\n<p class=\" eplus-wrapper\">Jos toimitus viiv\u00e4styy yli kaksi viikkoa ilmoitetusta toimitusp\u00e4iv\u00e4m\u00e4\u00e4r\u00e4st\u00e4, asiakkaalla on oikeus peruuttaa sopimus. T\u00e4ss\u00e4 tapauksessa HomeWizardilla on oikeus purkaa sopimus. Molemmissa tapauksissa HomeWizard palauttaa maksut, jotka asiakas on jo tehnyt, viiden arkip\u00e4iv\u00e4n kuluessa. Asiakas ei voi vaatia korvauksia viiv\u00e4styneist\u00e4 toimituksista.<\/p>\n\n\n\n<p class=\" eplus-wrapper\">Yritt\u00e4jien liiketoimintaan liittyviss\u00e4 tilauksissa sovelletaan laskussa ilmoitettuja toimituslausekkeita (Incoterms).<\/p>\n\n\n\n<p class=\" eplus-wrapper\">HomeWizard pid\u00e4tt\u00e4\u00e4 oikeuden purkaa sopimus, jos toimitus on ep\u00e4onnistunut kaksi kertaa asiakkaan vuoksi. T\u00e4ss\u00e4 tapauksessa maksut, jotka asiakas on jo tehnyt, palautetaan viiden vuorokauden kuluessa.<\/p>\n\n\n\n<p class=\" eplus-wrapper\">Jos toimitettu pakkaus tai sen sis\u00e4lt\u00f6 on selv\u00e4sti vaurioitunut, asiakkaan on ilmoitettava t\u00e4st\u00e4 \u2013 takuuoikeuksia rajoittamatta \u2013 viimeist\u00e4\u00e4n seitsem\u00e4n vuorokauden kuluessa tuotteiden vastaanottamisesta tavanomaisia viestint\u00e4kanavia k\u00e4ytt\u00e4en, jotta HomeWizard voi pyyt\u00e4\u00e4 logistiikkapalveluntarjoajalta korvausta kuljetuksen aikana aiheutuneista vaurioista.<\/p>\n\n\n\n<p class=\" eplus-wrapper\">Yleisesti ottaen asiakas vastaa palautuksen toimituskustannuksista. T\u00e4m\u00e4 ei kuitenkaan koske palautuksia, jotka johtuvat markkinoilta poistamisesta.<\/p>\n\n\n\n<p class=\" eplus-wrapper\">Tilatuista tuotteista tulee asiakkaan omaisuutta, kun asiakas on maksanut tuotteet t\u00e4ysin ja t\u00e4ytt\u00e4nyt kaikki velvoitteensa.<\/p>\n\n\n\n<h2 class=\"eplus-wrapper wp-block-heading\" id=\"reflection-period-and-returns\"><strong>Palautusaika ja palautukset<\/strong><\/h2>\n\n\n\n<p class=\" eplus-wrapper\">Jos teet kuluttajana tilauksen HomeWizardin verkkosivuston kautta, voit hy\u00f6dynt\u00e4\u00e4 30 p\u00e4iv\u00e4n palautusaikaamme.<\/p>\n\n\n\n<p class=\" eplus-wrapper\">Palautusaika aikaa vuorokaudesta, jolloin kuluttaja vastaanottaa tilaukseen sis\u00e4ltyv\u00e4t tuotteet (kokonaisuudessaan). Kuluttaja voi t\u00e4n\u00e4 palautusaikana peruuttaa oston ja palauttaa ostetut tuotteet HomeWizardille. Todistustaakka palautusajan noudattamisesta on kuluttajalla.<\/p>\n\n\n\n<p class=\" eplus-wrapper\">Jos kuluttaja hy\u00f6dynt\u00e4\u00e4 palautusaikaa ja palauttaa tuotteet, kuluttaja vastaa palautettavien tuotteiden toimituskustannuksista. Tuotteiden koko ostohinta, mukaan lukien toimituskulut, hyvitet\u00e4\u00e4n mahdollisimman pian mutta viimeist\u00e4\u00e4n 14 arkip\u00e4iv\u00e4n kuluttua siit\u00e4, kun HomeWizard on vastaanottanut palauksen. Palautus tehd\u00e4\u00e4n samalla maksutavalla, jota kuluttaja k\u00e4ytti alkuper\u00e4iseen maksutapahtumaan.<\/p>\n\n\n\n<p class=\" eplus-wrapper\">Tuotteet on palautettava vahingoittumattomina ja kohtuullisesti alkuper\u00e4ispakkauksessa 14 vuorokauden kuluttua siit\u00e4, kun palautusajan mukainen palautusprosessi on aloitettu. Tuotetta on voitu k\u00e4ytt\u00e4\u00e4 vain sen mukaan kuin on tarpeen tuotteen ominaisuuksien ja toiminnan m\u00e4\u00e4ritt\u00e4miseen. Jos palautettavat tuotteet ovat vaurioituneita tai ep\u00e4t\u00e4ydellisi\u00e4, HomeWizard voi kielt\u00e4yty\u00e4 ostosumman palauttamisesta tai v\u00e4hent\u00e4\u00e4 palautettavaa summaa.<\/p>\n\n\n\n<p class=\" eplus-wrapper\">Tiettyjen tuotteiden 30 p\u00e4iv\u00e4n palautusaika p\u00e4\u00e4ttyy heti, kun tuote otetaan k\u00e4ytt\u00f6\u00f6n, jos sit\u00e4 ei voida en\u00e4\u00e4 palauttaa sertifioitujen mittarilukemien (kuten kWh-mittarit) uudenveroiseen kuntoon.<\/p>\n\n\n\n<p class=\" eplus-wrapper\">Jos toimitus tehd\u00e4\u00e4n yritt\u00e4j\u00e4lle, yritt\u00e4j\u00e4n on tarkastettava, ett\u00e4 vastaanotetut tuotteet vastaavat ostosopimusta. Yritt\u00e4j\u00e4n on ilmoitettava HomeWizardille kirjallisesti, jos tuotteet eiv\u00e4t vastaa ostosopimusta, viimeist\u00e4\u00e4n 24 tuntia toimituksen j\u00e4lkeen ja annettava HomeWizardille mahdollisuus todeta ilmoituksen oikeellisuus k\u00e4ytt\u00f6paikassa. Oikeus korvaaviin tuotteisiin tai hyvitykseen raukeaa, jos tuotteita on jo k\u00e4ytetty. Yritt\u00e4j\u00e4 vastaa palautustoimitusten kuluista, ja palautukset hyv\u00e4ksyt\u00e4\u00e4n vain, kun niist\u00e4 sovitaan etuk\u00e4teen.<\/p>\n\n\n\n<h2 class=\"eplus-wrapper wp-block-heading\" id=\"warranty\"><strong>Takuu<\/strong><\/h2>\n\n\n\n<p class=\" eplus-wrapper\">Kuluttajan ostamien laitteiden tuotetakuu on voimassa 24 kuukautta tilausp\u00e4iv\u00e4m\u00e4\u00e4r\u00e4st\u00e4. Yritt\u00e4jien ostamien laitteiden takuu on voimassa 12 kuukautta tilausp\u00e4iv\u00e4m\u00e4\u00e4r\u00e4st\u00e4, ellei ostosopimuksessa ole toisin ilmoitettu. HomeWizard voi koska tahansa p\u00e4\u00e4tt\u00e4\u00e4 takuuajan ennenaikaisesti, jos asiakas rikkoo yleisi\u00e4 k\u00e4ytt\u00f6ehtoja, joihin sis\u00e4ltyy loppuk\u00e4ytt\u00e4j\u00e4n lisenssisopimus.<\/p>\n\n\n\n<h2 class=\"eplus-wrapper wp-block-heading\" id=\"final-provisions\"><strong>Loppum\u00e4\u00e4r\u00e4ykset<\/strong><\/h2>\n\n\n\n<p class=\" eplus-wrapper\">Jos jokin t\u00e4m\u00e4n asiakirjan ehto mit\u00e4t\u00f6ityy, muut ehdot pysyv\u00e4t yh\u00e4 voimassa.<\/p>\n\n\n\n<p class=\" eplus-wrapper\">Jos asiakkaalla ei ole toimivaltaista tuomioistuinta Euroopan unionin alueella tai asiakas on kauppias tai julkisoikeuden alainen oikeushenkil\u00f6 tai erityisten hy\u00f6dykkeiden luokituksen mukainen taho, HomeWizardin kotipaikan tuomioistuin on toimivaltainen tuomioistuin kaikissa sopimussuhteeseen liittyviss\u00e4 riita-asioissa. HomeWizardilla on kuitenkin my\u00f6s oikeus vied\u00e4 oikeudellinen toimi asiakkaan toimipaikan toimivaltaiseen tuomioistuimeen.<\/p>\n\n\n\n<p class=\" eplus-wrapper\">Vain Alankomaiden lains\u00e4\u00e4d\u00e4nt\u00f6\u00e4 sovelletaan, pois lukien YK:n kansainv\u00e4list\u00e4 tavaran kauppaa koskeva yleissopimus eli Convention on Contracts for the International Sale of Goods (CISG), my\u00f6s rajat ylitt\u00e4viin toimituksiin. Lis\u00e4ksi kuluttajia koskevat kuluttajansuojalait, joita sovelletaan asiakkaan asuinmaassa, jos ne tarjoavat asiakkaalle kattavampaa suojaa.<\/p>\n\n\n\n<p class=\" eplus-wrapper\">HomeWizardilla on oikeus muuttaa t\u00e4t\u00e4 asiakirjaa yksipuolisesti \u2013 siin\u00e4 m\u00e4\u00e4rin kuin t\u00e4m\u00e4 on ilmoitettu sovellettavaksi asiakkaan sopimussuhteessa \u2013 jos muutos on tarpeen sopimukseen liittyvien h\u00e4iri\u00f6iden korjaamiseksi tai sopimuksen oikaisemiseksi muuttuneiden lakien tai teknisten ennakkovaatimusten vuoksi.<\/p>\n\n\n\n<p class=\" eplus-wrapper\">Jos sinulla on kysytt\u00e4v\u00e4\u00e4 t\u00e4st\u00e4 asiakirjasta, ota yhteytt\u00e4 HomeWizardiin k\u00e4ytt\u00e4en osoitetta <a href=\"mailto:support@homewizard.com\">support@homewizard.com<\/a><\/p>\n\n\n\n<p class=\" eplus-wrapper\">HomeWizard BV Keyserswey 79, Noordwijk, Alankomaat<\/p>\n<\/div><\/div>\n","protected":false},"excerpt":{"rendered":"<p>Osto- ja myyntisopimus (SPA) Soveltamisala ja m\u00e4\u00e4ritelm\u00e4t Kun HomeWizardin verkkosivustolla tehd\u00e4\u00e4n tilauksia, myyntisopimus koskee versiota, joka oli sovellettavissa ostohetkell\u00e4. T\u00e4m\u00e4 myyntisopimus koskee vain tuotteita tai palveluita, \u201dtuotteita\u201d, jotka ostetaan HomeWizardin verkkosivuston kautta. Jos tilaus tehd\u00e4\u00e4n toisen osapuolen kautta, myynnist\u00e4 vastaavan osapuolen myyntisopimusta sovelletaan. Kun t\u00e4ss\u00e4 asiakirjassa viitataan \u201dkuluttajiin\u201d, termill\u00e4 tarkoitetaan luonnollisia henkil\u00f6it\u00e4, joiden tilaukset eiv\u00e4t&hellip;<\/p>\n","protected":false},"author":1,"featured_media":0,"parent":0,"menu_order":0,"comment_status":"closed","ping_status":"closed","template":"","meta":{"_acf_changed":false,"editor_plus_copied_stylings":"{}","footnotes":""},"class_list":["post-489218","page","type-page","status-publish","hentry"],"acf":[],"yoast_head":"<!-- This site is optimized with the Yoast SEO plugin v27.0 - https:\/\/yoast.com\/product\/yoast-seo-wordpress\/ -->\n<title>Tutustu ostoehtoihimme t\u00e4\u00e4ll\u00e4 \u2013 HomeWizard<\/title>\n<meta name=\"description\" content=\"Tutustu HomeWizardin ostoehtoihin t\u00e4\u00e4ll\u00e4. N\u00e4in tied\u00e4t, mihin sitoudut, kun ostat tuotteitamme!\" \/>\n<meta name=\"robots\" content=\"index, follow, max-snippet:-1, max-image-preview:large, max-video-preview:-1\" \/>\n<link rel=\"canonical\" href=\"https:\/\/www.homewizard.com\/fi\/sales-and-purchase-agreement-spa\/\" \/>\n<meta property=\"og:locale\" content=\"fi_FI\" \/>\n<meta property=\"og:type\" content=\"article\" \/>\n<meta property=\"og:title\" content=\"Tutustu ostoehtoihimme t\u00e4\u00e4ll\u00e4 \u2013 HomeWizard\" \/>\n<meta property=\"og:description\" content=\"Tutustu HomeWizardin ostoehtoihin t\u00e4\u00e4ll\u00e4. N\u00e4in tied\u00e4t, mihin sitoudut, kun ostat tuotteitamme!\" \/>\n<meta property=\"og:url\" content=\"https:\/\/www.homewizard.com\/fi\/sales-and-purchase-agreement-spa\/\" \/>\n<meta property=\"og:site_name\" content=\"HomeWizard\" \/>\n<meta property=\"article:publisher\" content=\"https:\/\/www.facebook.com\/HomeWizardBV\/\" \/>\n<meta property=\"article:modified_time\" content=\"2023-11-23T09:50:00+00:00\" \/>\n<meta name=\"twitter:card\" content=\"summary_large_image\" \/>\n<meta name=\"twitter:site\" content=\"@HomeWizard_NL\" \/>\n<meta name=\"twitter:label1\" content=\"Arvioitu lukuaika\" \/>\n\t<meta name=\"twitter:data1\" content=\"5 minuuttia\" \/>\n<script type=\"application\/ld+json\" class=\"yoast-schema-graph\">{\"@context\":\"https:\/\/schema.org\",\"@graph\":[{\"@type\":\"WebPage\",\"@id\":\"https:\/\/www.homewizard.com\/fi\/sales-and-purchase-agreement-spa\/\",\"url\":\"https:\/\/www.homewizard.com\/fi\/sales-and-purchase-agreement-spa\/\",\"name\":\"Tutustu ostoehtoihimme t\u00e4\u00e4ll\u00e4 \u2013 HomeWizard\",\"isPartOf\":{\"@id\":\"https:\/\/www.homewizard.com\/fi\/#website\"},\"datePublished\":\"2023-11-16T11:07:04+00:00\",\"dateModified\":\"2023-11-23T09:50:00+00:00\",\"description\":\"Tutustu HomeWizardin ostoehtoihin t\u00e4\u00e4ll\u00e4. N\u00e4in tied\u00e4t, mihin sitoudut, kun ostat tuotteitamme!\",\"breadcrumb\":{\"@id\":\"https:\/\/www.homewizard.com\/fi\/sales-and-purchase-agreement-spa\/#breadcrumb\"},\"inLanguage\":\"fi\",\"potentialAction\":[{\"@type\":\"ReadAction\",\"target\":[\"https:\/\/www.homewizard.com\/fi\/sales-and-purchase-agreement-spa\/\"]}]},{\"@type\":\"BreadcrumbList\",\"@id\":\"https:\/\/www.homewizard.com\/fi\/sales-and-purchase-agreement-spa\/#breadcrumb\",\"itemListElement\":[{\"@type\":\"ListItem\",\"position\":1,\"name\":\"Home\",\"item\":\"https:\/\/www.homewizard.com\/fi\/\"},{\"@type\":\"ListItem\",\"position\":2,\"name\":\"Osto- ja myyntisopimus (SPA)\"}]},{\"@type\":\"WebSite\",\"@id\":\"https:\/\/www.homewizard.com\/fi\/#website\",\"url\":\"https:\/\/www.homewizard.com\/fi\/\",\"name\":\"HomeWizard\",\"description\":\"HomeWizard Energy\",\"publisher\":{\"@id\":\"https:\/\/www.homewizard.com\/fi\/#organization\"},\"potentialAction\":[{\"@type\":\"SearchAction\",\"target\":{\"@type\":\"EntryPoint\",\"urlTemplate\":\"https:\/\/www.homewizard.com\/fi\/?s={search_term_string}\"},\"query-input\":{\"@type\":\"PropertyValueSpecification\",\"valueRequired\":true,\"valueName\":\"search_term_string\"}}],\"inLanguage\":\"fi\"},{\"@type\":\"Organization\",\"@id\":\"https:\/\/www.homewizard.com\/fi\/#organization\",\"name\":\"HomeWizard\",\"url\":\"https:\/\/www.homewizard.com\/fi\/\",\"logo\":{\"@type\":\"ImageObject\",\"inLanguage\":\"fi\",\"@id\":\"https:\/\/www.homewizard.com\/fi\/#\/schema\/logo\/image\/\",\"url\":\"https:\/\/www.homewizard.com\/wp-content\/uploads\/2023\/06\/HomeWizard-icon-on-black.png\",\"contentUrl\":\"https:\/\/www.homewizard.com\/wp-content\/uploads\/2023\/06\/HomeWizard-icon-on-black.png\",\"width\":500,\"height\":500,\"caption\":\"HomeWizard\"},\"image\":{\"@id\":\"https:\/\/www.homewizard.com\/fi\/#\/schema\/logo\/image\/\"},\"sameAs\":[\"https:\/\/www.facebook.com\/HomeWizardBV\/\",\"https:\/\/x.com\/HomeWizard_NL\",\"https:\/\/www.youtube.com\/HomeWizardBV\",\"https:\/\/www.instagram.com\/homewizardenergy\/\"]}]}<\/script>\n<!-- \/ Yoast SEO plugin. -->","yoast_head_json":{"title":"Tutustu ostoehtoihimme t\u00e4\u00e4ll\u00e4 \u2013 HomeWizard","description":"Tutustu HomeWizardin ostoehtoihin t\u00e4\u00e4ll\u00e4. N\u00e4in tied\u00e4t, mihin sitoudut, kun ostat tuotteitamme!","robots":{"index":"index","follow":"follow","max-snippet":"max-snippet:-1","max-image-preview":"max-image-preview:large","max-video-preview":"max-video-preview:-1"},"canonical":"https:\/\/www.homewizard.com\/fi\/sales-and-purchase-agreement-spa\/","og_locale":"fi_FI","og_type":"article","og_title":"Tutustu ostoehtoihimme t\u00e4\u00e4ll\u00e4 \u2013 HomeWizard","og_description":"Tutustu HomeWizardin ostoehtoihin t\u00e4\u00e4ll\u00e4. N\u00e4in tied\u00e4t, mihin sitoudut, kun ostat tuotteitamme!","og_url":"https:\/\/www.homewizard.com\/fi\/sales-and-purchase-agreement-spa\/","og_site_name":"HomeWizard","article_publisher":"https:\/\/www.facebook.com\/HomeWizardBV\/","article_modified_time":"2023-11-23T09:50:00+00:00","twitter_card":"summary_large_image","twitter_site":"@HomeWizard_NL","twitter_misc":{"Arvioitu lukuaika":"5 minuuttia"},"schema":{"@context":"https:\/\/schema.org","@graph":[{"@type":"WebPage","@id":"https:\/\/www.homewizard.com\/fi\/sales-and-purchase-agreement-spa\/","url":"https:\/\/www.homewizard.com\/fi\/sales-and-purchase-agreement-spa\/","name":"Tutustu ostoehtoihimme t\u00e4\u00e4ll\u00e4 \u2013 HomeWizard","isPartOf":{"@id":"https:\/\/www.homewizard.com\/fi\/#website"},"datePublished":"2023-11-16T11:07:04+00:00","dateModified":"2023-11-23T09:50:00+00:00","description":"Tutustu HomeWizardin ostoehtoihin t\u00e4\u00e4ll\u00e4. N\u00e4in tied\u00e4t, mihin sitoudut, kun ostat tuotteitamme!","breadcrumb":{"@id":"https:\/\/www.homewizard.com\/fi\/sales-and-purchase-agreement-spa\/#breadcrumb"},"inLanguage":"fi","potentialAction":[{"@type":"ReadAction","target":["https:\/\/www.homewizard.com\/fi\/sales-and-purchase-agreement-spa\/"]}]},{"@type":"BreadcrumbList","@id":"https:\/\/www.homewizard.com\/fi\/sales-and-purchase-agreement-spa\/#breadcrumb","itemListElement":[{"@type":"ListItem","position":1,"name":"Home","item":"https:\/\/www.homewizard.com\/fi\/"},{"@type":"ListItem","position":2,"name":"Osto- ja myyntisopimus (SPA)"}]},{"@type":"WebSite","@id":"https:\/\/www.homewizard.com\/fi\/#website","url":"https:\/\/www.homewizard.com\/fi\/","name":"HomeWizard","description":"HomeWizard Energy","publisher":{"@id":"https:\/\/www.homewizard.com\/fi\/#organization"},"potentialAction":[{"@type":"SearchAction","target":{"@type":"EntryPoint","urlTemplate":"https:\/\/www.homewizard.com\/fi\/?s={search_term_string}"},"query-input":{"@type":"PropertyValueSpecification","valueRequired":true,"valueName":"search_term_string"}}],"inLanguage":"fi"},{"@type":"Organization","@id":"https:\/\/www.homewizard.com\/fi\/#organization","name":"HomeWizard","url":"https:\/\/www.homewizard.com\/fi\/","logo":{"@type":"ImageObject","inLanguage":"fi","@id":"https:\/\/www.homewizard.com\/fi\/#\/schema\/logo\/image\/","url":"https:\/\/www.homewizard.com\/wp-content\/uploads\/2023\/06\/HomeWizard-icon-on-black.png","contentUrl":"https:\/\/www.homewizard.com\/wp-content\/uploads\/2023\/06\/HomeWizard-icon-on-black.png","width":500,"height":500,"caption":"HomeWizard"},"image":{"@id":"https:\/\/www.homewizard.com\/fi\/#\/schema\/logo\/image\/"},"sameAs":["https:\/\/www.facebook.com\/HomeWizardBV\/","https:\/\/x.com\/HomeWizard_NL","https:\/\/www.youtube.com\/HomeWizardBV","https:\/\/www.instagram.com\/homewizardenergy\/"]}]}},"_links":{"self":[{"href":"https:\/\/www.homewizard.com\/fi\/wp-json\/wp\/v2\/pages\/489218","targetHints":{"allow":["GET"]}}],"collection":[{"href":"https:\/\/www.homewizard.com\/fi\/wp-json\/wp\/v2\/pages"}],"about":[{"href":"https:\/\/www.homewizard.com\/fi\/wp-json\/wp\/v2\/types\/page"}],"author":[{"embeddable":true,"href":"https:\/\/www.homewizard.com\/fi\/wp-json\/wp\/v2\/users\/1"}],"replies":[{"embeddable":true,"href":"https:\/\/www.homewizard.com\/fi\/wp-json\/wp\/v2\/comments?post=489218"}],"version-history":[{"count":3,"href":"https:\/\/www.homewizard.com\/fi\/wp-json\/wp\/v2\/pages\/489218\/revisions"}],"predecessor-version":[{"id":498509,"href":"https:\/\/www.homewizard.com\/fi\/wp-json\/wp\/v2\/pages\/489218\/revisions\/498509"}],"wp:attachment":[{"href":"https:\/\/www.homewizard.com\/fi\/wp-json\/wp\/v2\/media?parent=489218"}],"curies":[{"name":"wp","href":"https:\/\/api.w.org\/{rel}","templated":true}]}}