{"id":489194,"date":"2023-11-16T12:06:48","date_gmt":"2023-11-16T11:06:48","guid":{"rendered":"https:\/\/www.homewizard.com\/kwh-meter-selector\/"},"modified":"2023-11-23T10:49:49","modified_gmt":"2023-11-23T09:49:49","slug":"kwh-meter-selector","status":"publish","type":"page","link":"https:\/\/www.homewizard.com\/fi\/kwh-meter-selector\/","title":{"rendered":"kWh Meter -mittarin valinta"},"content":{"rendered":"<p class=\"before_arrow eplus-wrapper eplus-styles-uid-2ee8e5\"><a href=\"https:\/\/www.homewizard.com\/fi\/kwh-meter\/\">kWh Meter<\/a><\/p><div class=\"wp-block-group eplus-wrapper eplus-styles-uid-f69c24\"><div class=\"wp-block-group__inner-container is-layout-flow wp-block-group-is-layout-flow\">\n<h2 class=\"eplus-wrapper wp-block-heading\">Valitse kwh Meter -mittari.<\/h2>\n\n\n<div class=\"woocommerce columns-2 \"><ul class=\"products columns-2\">\n<li class=\"product type-product post-489214 status-publish first instock product_cat-kaikki product_cat-tuotteet has-post-thumbnail taxable shipping-taxable purchasable product-type-simple small-12 large-6 columns thb-listing-index-1\">\n\t\t<div class=\"thb-product-inner-wrapper\">\n\t\t<figure class=\"product-thumbnail\">\n\t<a href=\"https:\/\/www.homewizard.com\/fi\/kauppa\/wi-fi-kwh-meter-1-phase\/\" class=\"woocommerce-LoopProduct-link woocommerce-loop-product__link\"><img loading=\"lazy\" decoding=\"async\" width=\"500\" height=\"500\" src=\"https:\/\/www.homewizard.com\/wp-content\/uploads\/2021\/12\/kWh-Meter-1-phase-HW-shop-500x500.png\" class=\"attachment-woocommerce_thumbnail size-woocommerce_thumbnail\" alt=\"Wi-Fi kWh meter 1-phase MID\" srcset=\"https:\/\/www.homewizard.com\/wp-content\/uploads\/2021\/12\/kWh-Meter-1-phase-HW-shop-500x500.png 500w, https:\/\/www.homewizard.com\/wp-content\/uploads\/2021\/12\/kWh-Meter-1-phase-HW-shop-300x300.png 300w, https:\/\/www.homewizard.com\/wp-content\/uploads\/2021\/12\/kWh-Meter-1-phase-HW-shop-150x150.png 150w, https:\/\/www.homewizard.com\/wp-content\/uploads\/2021\/12\/kWh-Meter-1-phase-HW-shop-124x124.png 124w\" sizes=\"auto, (max-width: 500px) 100vw, 500px\" \/><\/a>\t\t<\/figure>\n\t<div class=\"thb-product-inner-content\">\n\t\t<h2 class=\"woocommerce-loop-product__title\"><a href=\"https:\/\/www.homewizard.com\/fi\/kauppa\/wi-fi-kwh-meter-1-phase\/\" title=\"Wi-Fi kWh meter 1-phase MID\">Wi-Fi kWh meter 1-phase MID<\/a><\/h2>\n\t\n\t<span class=\"price\"><span class=\"woocommerce-Price-amount amount\"><bdi><span class=\"woocommerce-Price-currencySymbol\">&euro;<\/span>59.95<\/bdi><\/span><\/span>\n<p>Mittaa aurinkopaneeleita, autojen latausasemia ja paljon muuta.<\/p>\n<a href=\"\/fi\/wp-json\/wp\/v2\/pages\/489194?add-to-cart=489214\" aria-describedby=\"woocommerce_loop_add_to_cart_link_describedby_489214\" data-quantity=\"1\" class=\"button product_type_simple add_to_cart_button ajax_add_to_cart\" data-product_id=\"489214\" data-product_sku=\"HWE-KWH1\" aria-label=\"Lis\u00e4\u00e4 ostoskoriin: &ldquo;Wi-Fi kWh meter 1-phase MID&rdquo;\" rel=\"nofollow\" data-success_message=\"&ldquo;Wi-Fi kWh meter 1-phase MID&rdquo; on lis\u00e4tty ostoskoriin\">Lis\u00e4\u00e4 ostoskoriin<\/a>\t<span id=\"woocommerce_loop_add_to_cart_link_describedby_489214\" class=\"screen-reader-text\">\n\t\t\t<\/span>\n<span class=\"gtm4wp_productdata\" style=\"display:none; visibility:hidden;\" data-gtm4wp_product_data=\"{&quot;internal_id&quot;:489214,&quot;item_id&quot;:489214,&quot;item_name&quot;:&quot;Wi-Fi kWh meter 1-phase MID&quot;,&quot;sku&quot;:&quot;HWE-KWH1&quot;,&quot;price&quot;:59.95,&quot;stocklevel&quot;:2393,&quot;stockstatus&quot;:&quot;instock&quot;,&quot;google_business_vertical&quot;:&quot;retail&quot;,&quot;item_category&quot;:&quot;Kaikki&quot;,&quot;id&quot;:&quot;woocommerce_gpf489214&quot;,&quot;productlink&quot;:&quot;https:\\\/\\\/www.homewizard.com\\\/fi\\\/kauppa\\\/wi-fi-kwh-meter-1-phase\\\/&quot;,&quot;item_list_name&quot;:&quot;General Product List&quot;,&quot;index&quot;:1,&quot;product_type&quot;:&quot;simple&quot;,&quot;item_brand&quot;:&quot;&quot;}\"><\/span>\t\t<\/div>\n\t<\/div>\n\t<\/li>\n<li class=\"product type-product post-489221 status-publish last instock product_cat-kaikki product_cat-tuotteet has-post-thumbnail taxable shipping-taxable purchasable product-type-simple small-12 large-6 columns thb-listing-index-2\">\n\t\t<div class=\"thb-product-inner-wrapper\">\n\t\t<figure class=\"product-thumbnail\">\n\t<a href=\"https:\/\/www.homewizard.com\/fi\/kauppa\/wi-fi-kwh-meter-3-phase\/\" class=\"woocommerce-LoopProduct-link woocommerce-loop-product__link\"><img loading=\"lazy\" decoding=\"async\" width=\"500\" height=\"500\" src=\"https:\/\/www.homewizard.com\/wp-content\/uploads\/2021\/12\/kWh-Meter-3-phase-HW-shop-500x500.png\" class=\"attachment-woocommerce_thumbnail size-woocommerce_thumbnail\" alt=\"kWh Meter 3-Phase edess\u00e4\" srcset=\"https:\/\/www.homewizard.com\/wp-content\/uploads\/2021\/12\/kWh-Meter-3-phase-HW-shop-500x500.png 500w, https:\/\/www.homewizard.com\/wp-content\/uploads\/2021\/12\/kWh-Meter-3-phase-HW-shop-300x300.png 300w, https:\/\/www.homewizard.com\/wp-content\/uploads\/2021\/12\/kWh-Meter-3-phase-HW-shop-150x150.png 150w, https:\/\/www.homewizard.com\/wp-content\/uploads\/2021\/12\/kWh-Meter-3-phase-HW-shop-124x124.png 124w\" sizes=\"auto, (max-width: 500px) 100vw, 500px\" \/><\/a>\t\t<\/figure>\n\t<div class=\"thb-product-inner-content\">\n\t\t<h2 class=\"woocommerce-loop-product__title\"><a href=\"https:\/\/www.homewizard.com\/fi\/kauppa\/wi-fi-kwh-meter-3-phase\/\" title=\"kWh Meter 3-Phase\">kWh Meter 3-Phase<\/a><\/h2>\n\t\n\t<span class=\"price\"><span class=\"woocommerce-Price-amount amount\"><bdi><span class=\"woocommerce-Price-currencySymbol\">&euro;<\/span>129.95<\/bdi><\/span><\/span>\n<p>Mittaa aurinkopaneeleita, autojen latausasemia ja paljon muuta.<\/p>\n<a href=\"\/fi\/wp-json\/wp\/v2\/pages\/489194?add-to-cart=489221\" aria-describedby=\"woocommerce_loop_add_to_cart_link_describedby_489221\" data-quantity=\"1\" class=\"button product_type_simple add_to_cart_button ajax_add_to_cart\" data-product_id=\"489221\" data-product_sku=\"HWE-KWH3\" aria-label=\"Lis\u00e4\u00e4 ostoskoriin: &ldquo;kWh Meter 3-Phase&rdquo;\" rel=\"nofollow\" data-success_message=\"&ldquo;kWh Meter 3-Phase&rdquo; on lis\u00e4tty ostoskoriin\">Lis\u00e4\u00e4 ostoskoriin<\/a>\t<span id=\"woocommerce_loop_add_to_cart_link_describedby_489221\" class=\"screen-reader-text\">\n\t\t\t<\/span>\n<span class=\"gtm4wp_productdata\" style=\"display:none; visibility:hidden;\" data-gtm4wp_product_data=\"{&quot;internal_id&quot;:489221,&quot;item_id&quot;:489221,&quot;item_name&quot;:&quot;kWh Meter 3-Phase&quot;,&quot;sku&quot;:&quot;HWE-KWH3&quot;,&quot;price&quot;:129.95,&quot;stocklevel&quot;:616,&quot;stockstatus&quot;:&quot;instock&quot;,&quot;google_business_vertical&quot;:&quot;retail&quot;,&quot;item_category&quot;:&quot;Tuotteet&quot;,&quot;id&quot;:&quot;woocommerce_gpf489221&quot;,&quot;productlink&quot;:&quot;https:\\\/\\\/www.homewizard.com\\\/fi\\\/kauppa\\\/wi-fi-kwh-meter-3-phase\\\/&quot;,&quot;item_list_name&quot;:&quot;General Product List&quot;,&quot;index&quot;:2,&quot;product_type&quot;:&quot;simple&quot;,&quot;item_brand&quot;:&quot;&quot;}\"><\/span>\t\t<\/div>\n\t<\/div>\n\t<\/li>\n<\/ul>\n<\/div>\n<\/div><\/div>","protected":false},"excerpt":{"rendered":"<p>kWh Meter Valitse kwh Meter -mittari.<\/p>\n","protected":false},"author":1,"featured_media":0,"parent":0,"menu_order":0,"comment_status":"closed","ping_status":"closed","template":"","meta":{"_acf_changed":false,"editor_plus_copied_stylings":"{}","footnotes":""},"class_list":["post-489194","page","type-page","status-publish","hentry"],"acf":[],"yoast_head":"<!-- This site is optimized with the Yoast SEO plugin v27.0 - https:\/\/yoast.com\/product\/yoast-seo-wordpress\/ -->\n<title>Valitse kWh Meter t\u00e4\u00e4lt\u00e4 \u2013 HomeWizard<\/title>\n<meta name=\"description\" content=\"Etk\u00f6 ole varma, mink\u00e4 kWh Meter -mittarin tarvitset? Tutustu eri tyyppeihin t\u00e4\u00e4ll\u00e4 ja tilaa sinulle sopiva kWh Meter saman tien!\" \/>\n<meta name=\"robots\" content=\"index, follow, max-snippet:-1, max-image-preview:large, max-video-preview:-1\" \/>\n<link rel=\"canonical\" href=\"https:\/\/www.homewizard.com\/fi\/kwh-meter-selector\/\" \/>\n<meta property=\"og:locale\" content=\"fi_FI\" \/>\n<meta property=\"og:type\" content=\"article\" \/>\n<meta property=\"og:title\" content=\"Valitse kWh Meter t\u00e4\u00e4lt\u00e4 \u2013 HomeWizard\" \/>\n<meta property=\"og:description\" content=\"Etk\u00f6 ole varma, mink\u00e4 kWh Meter -mittarin tarvitset? Tutustu eri tyyppeihin t\u00e4\u00e4ll\u00e4 ja tilaa sinulle sopiva kWh Meter saman tien!\" \/>\n<meta property=\"og:url\" content=\"https:\/\/www.homewizard.com\/fi\/kwh-meter-selector\/\" \/>\n<meta property=\"og:site_name\" content=\"HomeWizard\" \/>\n<meta property=\"article:publisher\" content=\"https:\/\/www.facebook.com\/HomeWizardBV\/\" \/>\n<meta property=\"article:modified_time\" content=\"2023-11-23T09:49:49+00:00\" \/>\n<meta name=\"twitter:card\" content=\"summary_large_image\" \/>\n<meta name=\"twitter:site\" content=\"@HomeWizard_NL\" \/>\n<script type=\"application\/ld+json\" class=\"yoast-schema-graph\">{\"@context\":\"https:\/\/schema.org\",\"@graph\":[{\"@type\":\"WebPage\",\"@id\":\"https:\/\/www.homewizard.com\/fi\/kwh-meter-selector\/\",\"url\":\"https:\/\/www.homewizard.com\/fi\/kwh-meter-selector\/\",\"name\":\"Valitse kWh Meter t\u00e4\u00e4lt\u00e4 \u2013 HomeWizard\",\"isPartOf\":{\"@id\":\"https:\/\/www.homewizard.com\/fi\/#website\"},\"datePublished\":\"2023-11-16T11:06:48+00:00\",\"dateModified\":\"2023-11-23T09:49:49+00:00\",\"description\":\"Etk\u00f6 ole varma, mink\u00e4 kWh Meter -mittarin tarvitset? Tutustu eri tyyppeihin t\u00e4\u00e4ll\u00e4 ja tilaa sinulle sopiva kWh Meter saman tien!\",\"breadcrumb\":{\"@id\":\"https:\/\/www.homewizard.com\/fi\/kwh-meter-selector\/#breadcrumb\"},\"inLanguage\":\"fi\",\"potentialAction\":[{\"@type\":\"ReadAction\",\"target\":[\"https:\/\/www.homewizard.com\/fi\/kwh-meter-selector\/\"]}]},{\"@type\":\"BreadcrumbList\",\"@id\":\"https:\/\/www.homewizard.com\/fi\/kwh-meter-selector\/#breadcrumb\",\"itemListElement\":[{\"@type\":\"ListItem\",\"position\":1,\"name\":\"Home\",\"item\":\"https:\/\/www.homewizard.com\/fi\/\"},{\"@type\":\"ListItem\",\"position\":2,\"name\":\"kWh Meter -mittarin valinta\"}]},{\"@type\":\"WebSite\",\"@id\":\"https:\/\/www.homewizard.com\/fi\/#website\",\"url\":\"https:\/\/www.homewizard.com\/fi\/\",\"name\":\"HomeWizard\",\"description\":\"HomeWizard Energy\",\"publisher\":{\"@id\":\"https:\/\/www.homewizard.com\/fi\/#organization\"},\"potentialAction\":[{\"@type\":\"SearchAction\",\"target\":{\"@type\":\"EntryPoint\",\"urlTemplate\":\"https:\/\/www.homewizard.com\/fi\/?s={search_term_string}\"},\"query-input\":{\"@type\":\"PropertyValueSpecification\",\"valueRequired\":true,\"valueName\":\"search_term_string\"}}],\"inLanguage\":\"fi\"},{\"@type\":\"Organization\",\"@id\":\"https:\/\/www.homewizard.com\/fi\/#organization\",\"name\":\"HomeWizard\",\"url\":\"https:\/\/www.homewizard.com\/fi\/\",\"logo\":{\"@type\":\"ImageObject\",\"inLanguage\":\"fi\",\"@id\":\"https:\/\/www.homewizard.com\/fi\/#\/schema\/logo\/image\/\",\"url\":\"https:\/\/www.homewizard.com\/wp-content\/uploads\/2023\/06\/HomeWizard-icon-on-black.png\",\"contentUrl\":\"https:\/\/www.homewizard.com\/wp-content\/uploads\/2023\/06\/HomeWizard-icon-on-black.png\",\"width\":500,\"height\":500,\"caption\":\"HomeWizard\"},\"image\":{\"@id\":\"https:\/\/www.homewizard.com\/fi\/#\/schema\/logo\/image\/\"},\"sameAs\":[\"https:\/\/www.facebook.com\/HomeWizardBV\/\",\"https:\/\/x.com\/HomeWizard_NL\",\"https:\/\/www.youtube.com\/HomeWizardBV\",\"https:\/\/www.instagram.com\/homewizardenergy\/\"]}]}<\/script>\n<!-- \/ Yoast SEO plugin. -->","yoast_head_json":{"title":"Valitse kWh Meter t\u00e4\u00e4lt\u00e4 \u2013 HomeWizard","description":"Etk\u00f6 ole varma, mink\u00e4 kWh Meter -mittarin tarvitset? Tutustu eri tyyppeihin t\u00e4\u00e4ll\u00e4 ja tilaa sinulle sopiva kWh Meter saman tien!","robots":{"index":"index","follow":"follow","max-snippet":"max-snippet:-1","max-image-preview":"max-image-preview:large","max-video-preview":"max-video-preview:-1"},"canonical":"https:\/\/www.homewizard.com\/fi\/kwh-meter-selector\/","og_locale":"fi_FI","og_type":"article","og_title":"Valitse kWh Meter t\u00e4\u00e4lt\u00e4 \u2013 HomeWizard","og_description":"Etk\u00f6 ole varma, mink\u00e4 kWh Meter -mittarin tarvitset? Tutustu eri tyyppeihin t\u00e4\u00e4ll\u00e4 ja tilaa sinulle sopiva kWh Meter saman tien!","og_url":"https:\/\/www.homewizard.com\/fi\/kwh-meter-selector\/","og_site_name":"HomeWizard","article_publisher":"https:\/\/www.facebook.com\/HomeWizardBV\/","article_modified_time":"2023-11-23T09:49:49+00:00","twitter_card":"summary_large_image","twitter_site":"@HomeWizard_NL","schema":{"@context":"https:\/\/schema.org","@graph":[{"@type":"WebPage","@id":"https:\/\/www.homewizard.com\/fi\/kwh-meter-selector\/","url":"https:\/\/www.homewizard.com\/fi\/kwh-meter-selector\/","name":"Valitse kWh Meter t\u00e4\u00e4lt\u00e4 \u2013 HomeWizard","isPartOf":{"@id":"https:\/\/www.homewizard.com\/fi\/#website"},"datePublished":"2023-11-16T11:06:48+00:00","dateModified":"2023-11-23T09:49:49+00:00","description":"Etk\u00f6 ole varma, mink\u00e4 kWh Meter -mittarin tarvitset? Tutustu eri tyyppeihin t\u00e4\u00e4ll\u00e4 ja tilaa sinulle sopiva kWh Meter saman tien!","breadcrumb":{"@id":"https:\/\/www.homewizard.com\/fi\/kwh-meter-selector\/#breadcrumb"},"inLanguage":"fi","potentialAction":[{"@type":"ReadAction","target":["https:\/\/www.homewizard.com\/fi\/kwh-meter-selector\/"]}]},{"@type":"BreadcrumbList","@id":"https:\/\/www.homewizard.com\/fi\/kwh-meter-selector\/#breadcrumb","itemListElement":[{"@type":"ListItem","position":1,"name":"Home","item":"https:\/\/www.homewizard.com\/fi\/"},{"@type":"ListItem","position":2,"name":"kWh Meter -mittarin valinta"}]},{"@type":"WebSite","@id":"https:\/\/www.homewizard.com\/fi\/#website","url":"https:\/\/www.homewizard.com\/fi\/","name":"HomeWizard","description":"HomeWizard Energy","publisher":{"@id":"https:\/\/www.homewizard.com\/fi\/#organization"},"potentialAction":[{"@type":"SearchAction","target":{"@type":"EntryPoint","urlTemplate":"https:\/\/www.homewizard.com\/fi\/?s={search_term_string}"},"query-input":{"@type":"PropertyValueSpecification","valueRequired":true,"valueName":"search_term_string"}}],"inLanguage":"fi"},{"@type":"Organization","@id":"https:\/\/www.homewizard.com\/fi\/#organization","name":"HomeWizard","url":"https:\/\/www.homewizard.com\/fi\/","logo":{"@type":"ImageObject","inLanguage":"fi","@id":"https:\/\/www.homewizard.com\/fi\/#\/schema\/logo\/image\/","url":"https:\/\/www.homewizard.com\/wp-content\/uploads\/2023\/06\/HomeWizard-icon-on-black.png","contentUrl":"https:\/\/www.homewizard.com\/wp-content\/uploads\/2023\/06\/HomeWizard-icon-on-black.png","width":500,"height":500,"caption":"HomeWizard"},"image":{"@id":"https:\/\/www.homewizard.com\/fi\/#\/schema\/logo\/image\/"},"sameAs":["https:\/\/www.facebook.com\/HomeWizardBV\/","https:\/\/x.com\/HomeWizard_NL","https:\/\/www.youtube.com\/HomeWizardBV","https:\/\/www.instagram.com\/homewizardenergy\/"]}]}},"_links":{"self":[{"href":"https:\/\/www.homewizard.com\/fi\/wp-json\/wp\/v2\/pages\/489194","targetHints":{"allow":["GET"]}}],"collection":[{"href":"https:\/\/www.homewizard.com\/fi\/wp-json\/wp\/v2\/pages"}],"about":[{"href":"https:\/\/www.homewizard.com\/fi\/wp-json\/wp\/v2\/types\/page"}],"author":[{"embeddable":true,"href":"https:\/\/www.homewizard.com\/fi\/wp-json\/wp\/v2\/users\/1"}],"replies":[{"embeddable":true,"href":"https:\/\/www.homewizard.com\/fi\/wp-json\/wp\/v2\/comments?post=489194"}],"version-history":[{"count":3,"href":"https:\/\/www.homewizard.com\/fi\/wp-json\/wp\/v2\/pages\/489194\/revisions"}],"predecessor-version":[{"id":498503,"href":"https:\/\/www.homewizard.com\/fi\/wp-json\/wp\/v2\/pages\/489194\/revisions\/498503"}],"wp:attachment":[{"href":"https:\/\/www.homewizard.com\/fi\/wp-json\/wp\/v2\/media?parent=489194"}],"curies":[{"name":"wp","href":"https:\/\/api.w.org\/{rel}","templated":true}]}}