{"id":1840829,"date":"2025-11-24T14:54:34","date_gmt":"2025-11-24T13:54:34","guid":{"rendered":"https:\/\/www.homewizard.com\/?page_id=1840829"},"modified":"2025-12-04T16:33:24","modified_gmt":"2025-12-04T15:33:24","slug":"green-friday","status":"publish","type":"page","link":"https:\/\/www.homewizard.com\/fi\/green-friday\/","title":{"rendered":"Green Friday"},"content":{"rendered":"<div class=\"contained_page wp-block-group eplus-wrapper eplus-styles-uid-ec1651\"><div class=\"wp-block-group__inner-container is-layout-constrained wp-block-group-is-layout-constrained\">\n<style>\n.green-friday-gradient {\n  font-family: 'Poppins', sans-serif;\n  font-weight: 600;\n  font-size: 56px;\n  line-height: 1.1;\n  margin: 0;\n\n  background: linear-gradient(135deg, #20F29B 0%, #02DACE 100%);\n  -webkit-background-clip: text;\n  -webkit-text-fill-color: transparent;\n  background-clip: text;\n  color: transparent;\n}\n<\/style>\n\n<h1 class=\"green-friday-gradient\">Green Friday.<\/h1>\n\n\n<div class=\"flex-column wp-block-columns eplus-wrapper is-layout-flex wp-container-core-columns-is-layout-9d6595d7 wp-block-columns-is-layout-flex eplus-styles-uid-4225cc\">\n<div class=\"wp-block-column is-vertically-aligned-top eplus-wrapper is-layout-flow wp-block-column-is-layout-flow\" style=\"flex-basis:66.66%\">\n<p class=\" eplus-wrapper\">Kampanja on p\u00e4\u00e4ttynyt, mutta energian fiksu k\u00e4ytt\u00f6 kannattaa ymp\u00e4ri vuoden. Tutustu helppok\u00e4ytt\u00f6isiin ja edullisiin tuotteisiimme ja saa enemm\u00e4n irti energiastasi.<\/p>\n\n\n\n<h3 class=\" wp-block-heading eplus-wrapper\">S\u00e4\u00e4st\u00e4 fiksusti ja kest\u00e4v\u00e4sti.<\/h3>\n\n\n\n<p class=\" eplus-wrapper\">HomeWizardilla kyse ei ole suurista alennuksista, vaan fiksuista ja kest\u00e4vist\u00e4 valinnoista, joilla on oikeasti merkityst\u00e4. Me uskomme, ett\u00e4 energians\u00e4\u00e4st\u00f6n pit\u00e4\u00e4 olla yksinkertaista ja kaikkien ulottuvilla. Siksi emme viet\u00e4 Black Fridayta vaan Green Fridayta. Selaa alas ja katso, miten voit s\u00e4\u00e4st\u00e4\u00e4 energiaa vihre\u00e4mm\u00e4ll\u00e4 tavalla.<\/p>\n<\/div>\n\n\n<div class=\"wp-block-column is-vertically-aligned-center eplus-wrapper is-layout-flow wp-block-column-is-layout-flow eplus-styles-uid-9462ad\" style=\"flex-basis:33.33%\"><div class=\"wp-block-image \">\n<figure class=\"aligncenter size-full is-resized eplus-wrapper\"><img loading=\"lazy\" decoding=\"async\" width=\"800\" height=\"548\" src=\"https:\/\/cdn.homewizard.com\/wp-content\/uploads\/2025\/11\/Green-Friday-icon.webp\" alt=\"\" class=\"wp-image-1839417\" style=\"width:283px;height:auto\" srcset=\"https:\/\/www.homewizard.com\/wp-content\/uploads\/2025\/11\/Green-Friday-icon.webp 800w, https:\/\/www.homewizard.com\/wp-content\/uploads\/2025\/11\/Green-Friday-icon-300x206.webp 300w, https:\/\/www.homewizard.com\/wp-content\/uploads\/2025\/11\/Green-Friday-icon-768x526.webp 768w\" sizes=\"auto, (max-width: 800px) 100vw, 800px\" \/><\/figure>\n<\/div><\/div><\/div>\n\n<div class=\"flex-column wp-block-columns eplus-wrapper is-layout-flex wp-container-core-columns-is-layout-9d6595d7 wp-block-columns-is-layout-flex eplus-styles-uid-ba3cb5\"><div class=\"wp-block-column is-vertically-aligned-center eplus-wrapper is-layout-flow wp-block-column-is-layout-flow eplus-styles-uid-9462ad\" style=\"flex-basis:50%\"><div class=\"wp-block-image \">\n<figure class=\"aligncenter size-full eplus-wrapper\"><img loading=\"lazy\" decoding=\"async\" width=\"800\" height=\"548\" src=\"https:\/\/cdn.homewizard.com\/wp-content\/uploads\/2025\/11\/Green-Friday-product-family-no-gass.webp\" alt=\"\" class=\"wp-image-1843075\" srcset=\"https:\/\/www.homewizard.com\/wp-content\/uploads\/2025\/11\/Green-Friday-product-family-no-gass.webp 800w, https:\/\/www.homewizard.com\/wp-content\/uploads\/2025\/11\/Green-Friday-product-family-no-gass-300x206.webp 300w, https:\/\/www.homewizard.com\/wp-content\/uploads\/2025\/11\/Green-Friday-product-family-no-gass-768x526.webp 768w\" sizes=\"auto, (max-width: 800px) 100vw, 800px\" \/><\/figure>\n<\/div><\/div>\n\n\n<div class=\"wp-block-column is-vertically-aligned-top eplus-wrapper is-layout-flow wp-block-column-is-layout-flow\" style=\"flex-basis:50%\">\n<h2 class=\" wp-block-heading eplus-wrapper\"><strong><strong>Ilmainen toimitus<\/strong><\/strong>.<\/h2>\n\n\n\n<p class=\" eplus-wrapper\">Teemme energians\u00e4\u00e4st\u00f6st\u00e4 helpompaa kaikille t\u00e4n\u00e4 Green Fridayna. Nauti ilmaisesta toimituksesta verkkokaupassamme maanantaihin 1. joulukuuta asti. L\u00f6yd\u00e4 piilossa olevat s\u00e4hk\u00f6nsy\u00f6p\u00f6t <a href=\"https:\/\/www.homewizard.com\/fi\/energy-socket\/\">Energy Socketin<\/a> avulla tai hanki <a href=\"https:\/\/www.homewizard.com\/fi\/energy-display\/\">Energy Display<\/a> n\u00e4hd\u00e4ksesi, mit\u00e4 kodissasi tapahtuu ilman puhelinta.<\/p>\n\n\n<div class=\"wp-block-buttons eplus-wrapper is-layout-flex wp-block-buttons-is-layout-flex eplus-styles-uid-2da7fd\"><div class=\"button_outline is-style-fill wp-block-button eplus-wrapper eplus-styles-uid-d4d546\"><a class=\"wp-block-button__link wp-element-button\" href=\"https:\/\/www.homewizard.com\/fi\/kauppa\/\" style=\"border-radius:10px\">Osta Green Friday<\/a><\/div><\/div><\/div>\n<\/div>\n\n<div class=\"flex-column-reverse wp-block-columns eplus-wrapper is-layout-flex wp-container-core-columns-is-layout-9d6595d7 wp-block-columns-is-layout-flex eplus-styles-uid-0517b6\">\n<div class=\"wp-block-column eplus-wrapper is-layout-flow wp-block-column-is-layout-flow\" style=\"flex-basis:50%\">\n<h2 class=\" wp-block-heading eplus-wrapper\"><strong>J\u00e4t\u00e4 jotain vihre\u00e4\u00e4 j\u00e4lkeesi.<\/strong><\/h2>\n\n\n\n<p class=\" eplus-wrapper\">T\u00e4n\u00e4 Green Fridayna annamme takaisin luonnolle. Jokaisesta ostoksesta lahjoitamme <em>Trees for All<\/em> &#8211; j\u00e4rjest\u00f6lle, joka tukee trooppisten metsien ennallistamista Borneossa. N\u00e4in teet kodistasi ja maailmasta hieman vihre\u00e4mm\u00e4n.<\/p>\n\n\n<div class=\"wp-block-buttons eplus-wrapper is-layout-flex wp-block-buttons-is-layout-flex eplus-styles-uid-2da7fd\"><div class=\"button_outline is-style-fill wp-block-button eplus-wrapper eplus-styles-uid-438576\"><a class=\"wp-block-button__link wp-element-button\" href=\"https:\/\/www.homewizard.com\/fi\/kauppa\/\" style=\"border-radius:10px\">Osta nyt<\/a><\/div><\/div><\/div>\n\n\n<div class=\"wp-block-column is-vertically-aligned-center eplus-wrapper is-layout-flow wp-block-column-is-layout-flow eplus-styles-uid-9462ad\" style=\"flex-basis:50%\"><div class=\"wp-block-image \">\n<figure class=\"aligncenter size-full eplus-wrapper\"><img loading=\"lazy\" decoding=\"async\" width=\"800\" height=\"548\" src=\"https:\/\/cdn.homewizard.com\/wp-content\/uploads\/2025\/11\/Green-Friday-Trees-in-Borneo-1.webp\" alt=\"\" class=\"wp-image-1838174\" srcset=\"https:\/\/www.homewizard.com\/wp-content\/uploads\/2025\/11\/Green-Friday-Trees-in-Borneo-1.webp 800w, https:\/\/www.homewizard.com\/wp-content\/uploads\/2025\/11\/Green-Friday-Trees-in-Borneo-1-300x206.webp 300w, https:\/\/www.homewizard.com\/wp-content\/uploads\/2025\/11\/Green-Friday-Trees-in-Borneo-1-768x526.webp 768w\" sizes=\"auto, (max-width: 800px) 100vw, 800px\" \/><\/figure>\n<\/div><\/div><\/div>\n\n<div class=\"wp-block-group eplus-wrapper eplus-styles-uid-5dfa20\"><div class=\"wp-block-group__inner-container is-layout-flow wp-block-group-is-layout-flow\">\n<h2 class=\" wp-block-heading eplus-wrapper\">Usein kysytyt kysymykset.<\/h2>\n\n\n\n<h3 class=\" wp-block-heading eplus-wrapper\"><strong><strong>Kuinka kauan Green Friday -kampanja kest\u00e4\u00e4?<\/strong><\/strong><\/h3>\n\n\n\n<p class=\" eplus-wrapper\">Green Friday HomeWizardilla <strong>kest\u00e4\u00e4 maanantaihin 1. joulukuuta 2025 <\/strong>(Cyber Monday)<strong> asti<\/strong>. Tiistaista 2. joulukuuta alkaen ilmainen toimitus koskee vain tilauksia, jotka ylitt\u00e4v\u00e4t \u20ac75.<\/p>\n\n\n\n<h3 class=\" wp-block-heading eplus-wrapper\"><strong><strong>Mik\u00e4 on toimitusaika?<\/strong><\/strong><\/h3>\n\n\n\n<p class=\" eplus-wrapper\">Aloitamme tilauksesi k\u00e4sittelyn heti. Useimmat paketit l\u00e4hetet\u00e4\u00e4n saman p\u00e4iv\u00e4n aikana. Black Fridayn ruuhkan vuoksi toimitus voi kest\u00e4\u00e4 hieman pidemp\u00e4\u00e4n. Saat seurantalinkin, kun tilauksesi on matkalla. Toimitus kest\u00e4\u00e4 1\u20133 p\u00e4iv\u00e4\u00e4 Alankomaissa ja Belgiassa ja 2\u20137 arkip\u00e4iv\u00e4\u00e4 muissa EU-maissa.<\/p>\n\n\n\n<h3 class=\" wp-block-heading eplus-wrapper\">Miksi ei vain Black Fridayta?<\/h3>\n\n\n\n<p class=\" eplus-wrapper\">HomeWizardilla kyse ei ole ostamisesta, vaan \u00e4lykk\u00e4\u00e4mm\u00e4st\u00e4 energian k\u00e4yt\u00f6st\u00e4. Siksi valitsemme Green Fridayn: hetken, jolloin kest\u00e4v\u00e4t valinnat ovat helpommin saavutettavia. V\u00e4hemm\u00e4n hukkaa, enemm\u00e4n hallintaa.<\/p>\n\n\n\n<h3 class=\" wp-block-heading eplus-wrapper\"><strong><strong>Mit\u00e4 yhteisty\u00f6 Trees for Allin kanssa tarkoittaa?<\/strong><\/strong><\/h3>\n\n\n\n<p class=\" eplus-wrapper\">Jokaisesta ostoksesta Green Fridayn aikana lahjoitamme <a href=\"https:\/\/treesforall.nl\/\" target=\"_blank\" rel=\"noreferrer noopener\">Trees for All<\/a> -j\u00e4rjest\u00f6lle tukeaksemme Borneon metsien ennallistamista. Kampanjan p\u00e4\u00e4tytty\u00e4 lahjoitamme jopa 500 puuta.<\/p>\n<\/div><\/div><\/div><\/div>","protected":false},"excerpt":{"rendered":"<p>Green Friday. Kampanja on p\u00e4\u00e4ttynyt, mutta energian fiksu k\u00e4ytt\u00f6 kannattaa ymp\u00e4ri vuoden. Tutustu helppok\u00e4ytt\u00f6isiin ja edullisiin tuotteisiimme ja saa enemm\u00e4n irti energiastasi. S\u00e4\u00e4st\u00e4 fiksusti ja kest\u00e4v\u00e4sti. HomeWizardilla kyse ei ole suurista alennuksista, vaan fiksuista ja kest\u00e4vist\u00e4 valinnoista, joilla on oikeasti merkityst\u00e4. Me uskomme, ett\u00e4 energians\u00e4\u00e4st\u00f6n pit\u00e4\u00e4 olla yksinkertaista ja kaikkien ulottuvilla. Siksi emme viet\u00e4 Black&hellip;<\/p>\n","protected":false},"author":702268,"featured_media":0,"parent":0,"menu_order":0,"comment_status":"closed","ping_status":"closed","template":"","meta":{"_acf_changed":false,"editor_plus_copied_stylings":"{}","footnotes":""},"class_list":["post-1840829","page","type-page","status-publish","hentry"],"acf":[],"yoast_head":"<!-- This site is optimized with the Yoast SEO plugin v27.0 - https:\/\/yoast.com\/product\/yoast-seo-wordpress\/ -->\n<title>Black Friday 2025 HomeWizardilla<\/title>\n<meta name=\"description\" content=\"Valitse Green Friday Black Fridayn sijaan HomeWizardilla. Nauti ilmaisesta toimituksesta kaikille tuotteille ja auta j\u00e4lleenrakentamaan trooppisia metsi\u00e4 jokaisella ostoksella.\" \/>\n<meta name=\"robots\" content=\"index, follow, max-snippet:-1, max-image-preview:large, max-video-preview:-1\" \/>\n<link rel=\"canonical\" href=\"https:\/\/www.homewizard.com\/fi\/green-friday\/\" \/>\n<meta property=\"og:locale\" content=\"fi_FI\" \/>\n<meta property=\"og:type\" content=\"article\" \/>\n<meta property=\"og:title\" content=\"Black Friday 2025 HomeWizardilla\" \/>\n<meta property=\"og:description\" content=\"Valitse Green Friday Black Fridayn sijaan HomeWizardilla. Nauti ilmaisesta toimituksesta kaikille tuotteille ja auta j\u00e4lleenrakentamaan trooppisia metsi\u00e4 jokaisella ostoksella.\" \/>\n<meta property=\"og:url\" content=\"https:\/\/www.homewizard.com\/fi\/green-friday\/\" \/>\n<meta property=\"og:site_name\" content=\"HomeWizard\" \/>\n<meta property=\"article:publisher\" content=\"https:\/\/www.facebook.com\/HomeWizardBV\/\" \/>\n<meta property=\"article:modified_time\" content=\"2025-12-04T15:33:24+00:00\" \/>\n<meta property=\"og:image\" content=\"https:\/\/www.homewizard.com\/wp-content\/uploads\/2025\/11\/Green-Friday-icon.webp\" \/>\n\t<meta property=\"og:image:width\" content=\"800\" \/>\n\t<meta property=\"og:image:height\" content=\"548\" \/>\n\t<meta property=\"og:image:type\" content=\"image\/webp\" \/>\n<meta name=\"twitter:card\" content=\"summary_large_image\" \/>\n<meta name=\"twitter:site\" content=\"@HomeWizard_NL\" \/>\n<meta name=\"twitter:label1\" content=\"Arvioitu lukuaika\" \/>\n\t<meta name=\"twitter:data1\" content=\"2 minuuttia\" \/>\n<script type=\"application\/ld+json\" class=\"yoast-schema-graph\">{\"@context\":\"https:\/\/schema.org\",\"@graph\":[{\"@type\":\"WebPage\",\"@id\":\"https:\/\/www.homewizard.com\/fi\/green-friday\/\",\"url\":\"https:\/\/www.homewizard.com\/fi\/green-friday\/\",\"name\":\"Black Friday 2025 HomeWizardilla\",\"isPartOf\":{\"@id\":\"https:\/\/www.homewizard.com\/fi\/#website\"},\"primaryImageOfPage\":{\"@id\":\"https:\/\/www.homewizard.com\/fi\/green-friday\/#primaryimage\"},\"image\":{\"@id\":\"https:\/\/www.homewizard.com\/fi\/green-friday\/#primaryimage\"},\"thumbnailUrl\":\"https:\/\/cdn.homewizard.com\/wp-content\/uploads\/2025\/11\/Green-Friday-icon.webp\",\"datePublished\":\"2025-11-24T13:54:34+00:00\",\"dateModified\":\"2025-12-04T15:33:24+00:00\",\"description\":\"Valitse Green Friday Black Fridayn sijaan HomeWizardilla. Nauti ilmaisesta toimituksesta kaikille tuotteille ja auta j\u00e4lleenrakentamaan trooppisia metsi\u00e4 jokaisella ostoksella.\",\"breadcrumb\":{\"@id\":\"https:\/\/www.homewizard.com\/fi\/green-friday\/#breadcrumb\"},\"inLanguage\":\"fi\",\"potentialAction\":[{\"@type\":\"ReadAction\",\"target\":[\"https:\/\/www.homewizard.com\/fi\/green-friday\/\"]}]},{\"@type\":\"ImageObject\",\"inLanguage\":\"fi\",\"@id\":\"https:\/\/www.homewizard.com\/fi\/green-friday\/#primaryimage\",\"url\":\"https:\/\/cdn.homewizard.com\/wp-content\/uploads\/2025\/11\/Green-Friday-icon.webp\",\"contentUrl\":\"https:\/\/cdn.homewizard.com\/wp-content\/uploads\/2025\/11\/Green-Friday-icon.webp\"},{\"@type\":\"BreadcrumbList\",\"@id\":\"https:\/\/www.homewizard.com\/fi\/green-friday\/#breadcrumb\",\"itemListElement\":[{\"@type\":\"ListItem\",\"position\":1,\"name\":\"Home\",\"item\":\"https:\/\/www.homewizard.com\/fi\/\"},{\"@type\":\"ListItem\",\"position\":2,\"name\":\"Green Friday\"}]},{\"@type\":\"WebSite\",\"@id\":\"https:\/\/www.homewizard.com\/fi\/#website\",\"url\":\"https:\/\/www.homewizard.com\/fi\/\",\"name\":\"HomeWizard\",\"description\":\"HomeWizard Energy\",\"publisher\":{\"@id\":\"https:\/\/www.homewizard.com\/fi\/#organization\"},\"potentialAction\":[{\"@type\":\"SearchAction\",\"target\":{\"@type\":\"EntryPoint\",\"urlTemplate\":\"https:\/\/www.homewizard.com\/fi\/?s={search_term_string}\"},\"query-input\":{\"@type\":\"PropertyValueSpecification\",\"valueRequired\":true,\"valueName\":\"search_term_string\"}}],\"inLanguage\":\"fi\"},{\"@type\":\"Organization\",\"@id\":\"https:\/\/www.homewizard.com\/fi\/#organization\",\"name\":\"HomeWizard\",\"url\":\"https:\/\/www.homewizard.com\/fi\/\",\"logo\":{\"@type\":\"ImageObject\",\"inLanguage\":\"fi\",\"@id\":\"https:\/\/www.homewizard.com\/fi\/#\/schema\/logo\/image\/\",\"url\":\"https:\/\/www.homewizard.com\/wp-content\/uploads\/2023\/06\/HomeWizard-icon-on-black.png\",\"contentUrl\":\"https:\/\/www.homewizard.com\/wp-content\/uploads\/2023\/06\/HomeWizard-icon-on-black.png\",\"width\":500,\"height\":500,\"caption\":\"HomeWizard\"},\"image\":{\"@id\":\"https:\/\/www.homewizard.com\/fi\/#\/schema\/logo\/image\/\"},\"sameAs\":[\"https:\/\/www.facebook.com\/HomeWizardBV\/\",\"https:\/\/x.com\/HomeWizard_NL\",\"https:\/\/www.youtube.com\/HomeWizardBV\",\"https:\/\/www.instagram.com\/homewizardenergy\/\"]}]}<\/script>\n<!-- \/ Yoast SEO plugin. -->","yoast_head_json":{"title":"Black Friday 2025 HomeWizardilla","description":"Valitse Green Friday Black Fridayn sijaan HomeWizardilla. Nauti ilmaisesta toimituksesta kaikille tuotteille ja auta j\u00e4lleenrakentamaan trooppisia metsi\u00e4 jokaisella ostoksella.","robots":{"index":"index","follow":"follow","max-snippet":"max-snippet:-1","max-image-preview":"max-image-preview:large","max-video-preview":"max-video-preview:-1"},"canonical":"https:\/\/www.homewizard.com\/fi\/green-friday\/","og_locale":"fi_FI","og_type":"article","og_title":"Black Friday 2025 HomeWizardilla","og_description":"Valitse Green Friday Black Fridayn sijaan HomeWizardilla. Nauti ilmaisesta toimituksesta kaikille tuotteille ja auta j\u00e4lleenrakentamaan trooppisia metsi\u00e4 jokaisella ostoksella.","og_url":"https:\/\/www.homewizard.com\/fi\/green-friday\/","og_site_name":"HomeWizard","article_publisher":"https:\/\/www.facebook.com\/HomeWizardBV\/","article_modified_time":"2025-12-04T15:33:24+00:00","og_image":[{"width":800,"height":548,"url":"https:\/\/www.homewizard.com\/wp-content\/uploads\/2025\/11\/Green-Friday-icon.webp","type":"image\/webp"}],"twitter_card":"summary_large_image","twitter_site":"@HomeWizard_NL","twitter_misc":{"Arvioitu lukuaika":"2 minuuttia"},"schema":{"@context":"https:\/\/schema.org","@graph":[{"@type":"WebPage","@id":"https:\/\/www.homewizard.com\/fi\/green-friday\/","url":"https:\/\/www.homewizard.com\/fi\/green-friday\/","name":"Black Friday 2025 HomeWizardilla","isPartOf":{"@id":"https:\/\/www.homewizard.com\/fi\/#website"},"primaryImageOfPage":{"@id":"https:\/\/www.homewizard.com\/fi\/green-friday\/#primaryimage"},"image":{"@id":"https:\/\/www.homewizard.com\/fi\/green-friday\/#primaryimage"},"thumbnailUrl":"https:\/\/cdn.homewizard.com\/wp-content\/uploads\/2025\/11\/Green-Friday-icon.webp","datePublished":"2025-11-24T13:54:34+00:00","dateModified":"2025-12-04T15:33:24+00:00","description":"Valitse Green Friday Black Fridayn sijaan HomeWizardilla. Nauti ilmaisesta toimituksesta kaikille tuotteille ja auta j\u00e4lleenrakentamaan trooppisia metsi\u00e4 jokaisella ostoksella.","breadcrumb":{"@id":"https:\/\/www.homewizard.com\/fi\/green-friday\/#breadcrumb"},"inLanguage":"fi","potentialAction":[{"@type":"ReadAction","target":["https:\/\/www.homewizard.com\/fi\/green-friday\/"]}]},{"@type":"ImageObject","inLanguage":"fi","@id":"https:\/\/www.homewizard.com\/fi\/green-friday\/#primaryimage","url":"https:\/\/cdn.homewizard.com\/wp-content\/uploads\/2025\/11\/Green-Friday-icon.webp","contentUrl":"https:\/\/cdn.homewizard.com\/wp-content\/uploads\/2025\/11\/Green-Friday-icon.webp"},{"@type":"BreadcrumbList","@id":"https:\/\/www.homewizard.com\/fi\/green-friday\/#breadcrumb","itemListElement":[{"@type":"ListItem","position":1,"name":"Home","item":"https:\/\/www.homewizard.com\/fi\/"},{"@type":"ListItem","position":2,"name":"Green Friday"}]},{"@type":"WebSite","@id":"https:\/\/www.homewizard.com\/fi\/#website","url":"https:\/\/www.homewizard.com\/fi\/","name":"HomeWizard","description":"HomeWizard Energy","publisher":{"@id":"https:\/\/www.homewizard.com\/fi\/#organization"},"potentialAction":[{"@type":"SearchAction","target":{"@type":"EntryPoint","urlTemplate":"https:\/\/www.homewizard.com\/fi\/?s={search_term_string}"},"query-input":{"@type":"PropertyValueSpecification","valueRequired":true,"valueName":"search_term_string"}}],"inLanguage":"fi"},{"@type":"Organization","@id":"https:\/\/www.homewizard.com\/fi\/#organization","name":"HomeWizard","url":"https:\/\/www.homewizard.com\/fi\/","logo":{"@type":"ImageObject","inLanguage":"fi","@id":"https:\/\/www.homewizard.com\/fi\/#\/schema\/logo\/image\/","url":"https:\/\/www.homewizard.com\/wp-content\/uploads\/2023\/06\/HomeWizard-icon-on-black.png","contentUrl":"https:\/\/www.homewizard.com\/wp-content\/uploads\/2023\/06\/HomeWizard-icon-on-black.png","width":500,"height":500,"caption":"HomeWizard"},"image":{"@id":"https:\/\/www.homewizard.com\/fi\/#\/schema\/logo\/image\/"},"sameAs":["https:\/\/www.facebook.com\/HomeWizardBV\/","https:\/\/x.com\/HomeWizard_NL","https:\/\/www.youtube.com\/HomeWizardBV","https:\/\/www.instagram.com\/homewizardenergy\/"]}]}},"_links":{"self":[{"href":"https:\/\/www.homewizard.com\/fi\/wp-json\/wp\/v2\/pages\/1840829","targetHints":{"allow":["GET"]}}],"collection":[{"href":"https:\/\/www.homewizard.com\/fi\/wp-json\/wp\/v2\/pages"}],"about":[{"href":"https:\/\/www.homewizard.com\/fi\/wp-json\/wp\/v2\/types\/page"}],"author":[{"embeddable":true,"href":"https:\/\/www.homewizard.com\/fi\/wp-json\/wp\/v2\/users\/702268"}],"replies":[{"embeddable":true,"href":"https:\/\/www.homewizard.com\/fi\/wp-json\/wp\/v2\/comments?post=1840829"}],"version-history":[{"count":13,"href":"https:\/\/www.homewizard.com\/fi\/wp-json\/wp\/v2\/pages\/1840829\/revisions"}],"predecessor-version":[{"id":1907111,"href":"https:\/\/www.homewizard.com\/fi\/wp-json\/wp\/v2\/pages\/1840829\/revisions\/1907111"}],"wp:attachment":[{"href":"https:\/\/www.homewizard.com\/fi\/wp-json\/wp\/v2\/media?parent=1840829"}],"curies":[{"name":"wp","href":"https:\/\/api.w.org\/{rel}","templated":true}]}}