{"id":771941,"date":"2024-06-13T13:59:13","date_gmt":"2024-06-13T11:59:13","guid":{"rendered":"https:\/\/www.homewizard.com\/shop\/p1-meter\/"},"modified":"2026-05-03T08:26:06","modified_gmt":"2026-05-03T06:26:06","slug":"p1-meter-wlan","status":"publish","type":"product","link":"https:\/\/www.homewizard.com\/de-at\/shop\/p1-meter-wlan\/","title":{"rendered":"P1 Meter"},"content":{"rendered":"\n<p class=\" eplus-wrapper\"><i data-stringify-type=\"italic\">Achtung! Vor der Bestellung bitte pr\u00fcfen, ob Ihr Smart Meter auf der <\/i><i data-stringify-type=\"italic\"><a class=\"c-link\" href=\"https:\/\/helpdesk.homewizard.com\/de\/articles\/5935311-ist-mein-smart-meter-kompatibel\" target=\"_blank\" rel=\"noopener noreferrer\" data-stringify-link=\"https:\/\/helpdesk.homewizard.com\/de\/articles\/5935311-ist-mein-smart-meter-kompatibel\" data-sk=\"tooltip_parent\">Kompatibilit\u00e4tsliste<\/a><\/i><i data-stringify-type=\"italic\"> als kompatibel eingetragen ist, und ob Sie einen USB-C-Adapter ben\u00f6tigen. <\/i>\n<i data-stringify-type=\"italic\">Bei intelligenten Z\u00e4hlern mit SMR-Version 5.0 oder h\u00f6her funktioniert der P1 Meter direkt \u00fcber den P1- oder MBUS-Anschluss. F\u00fcr Smart Meter mit einer niedrigeren SMR-Version ist ein USB-C-Adapter erforderlich.<\/i><\/p>\n\n\n\n<h2 class=\" wp-block-heading eplus-wrapper\">Einblicke in Ihren Stromverbrauch<\/h2>\n\n\n\n<p class=\" eplus-wrapper\">Wissen Sie, wie viel Ihre Ger\u00e4te verbrauchen, wenn Sie sie einschalten? Oder wie hoch der Standby-Verbrauch Ihrer Ger\u00e4te w\u00e4hrend der Nacht ist? Der P1 Meter von HomeWizard verschafft Ihnen einen detaillierten Einblick in Ihren Stromverbrauch sowie Ihren Solar\u00fcberschuss.<\/p>\n\n\n\n<p class=\" eplus-wrapper\"><\/p>\n\n\n\n<h2 class=\" wp-block-heading eplus-wrapper\">Funktioniert mit den meisten Smart Metern<\/h2>\n\n\n\n<p class=\" eplus-wrapper\"><p class=\" eplus-wrapper\">Der P1 Meter wird mit dem P1- oder MBUS-Zugang Ihres Smart Meters verbunden und zeigt Ihnen den Stromverbrauch Ihres Haushalts an. Der P1 Meter ist mit den meisten modernen Z\u00e4hlern in Europa kompatibel. Einstecken, mit dem WLAN verbinden und fertig. Pr\u00fcfen Sie auf der <a class=\"c-link\" href=\"https:\/\/helpdesk.homewizard.com\/de\/articles\/5935311-ist-mein-smart-meter-kompatibel\" target=\"_blank\" rel=\"noopener noreferrer\" data-stringify-link=\"https:\/\/helpdesk.homewizard.com\/de\/articles\/5935311-ist-mein-smart-meter-kompatibel\" data-sk=\"tooltip_parent\">Kompatibilit\u00e4tsliste<\/a>, ob Ihr Smart Meter kompatibel ist. In \u00d6sterreich kommt es auf den Netzbetreiber an, \u00fcber welchen Zugang Ihr Smart Meter verf\u00fcgt. Standardm\u00e4\u00dfig ist der Zugang verschl\u00fcsselt.<\/p><\/p>\n\n\n<div class=\"wp-block-image round_corners\">\n<figure class=\"aligncenter size-large eplus-wrapper\"><img loading=\"lazy\" decoding=\"async\" width=\"1024\" height=\"536\" src=\"https:\/\/www.homewizard.com\/wp-content\/uploads\/2023\/07\/P1-plugged-in@1x-1024x536.webp\" alt=\"\" class=\"wp-image-389610\" srcset=\"https:\/\/www.homewizard.com\/wp-content\/uploads\/2023\/07\/P1-plugged-in@1x-1024x536.webp 1024w, https:\/\/www.homewizard.com\/wp-content\/uploads\/2023\/07\/P1-plugged-in@1x-800x419.webp 800w, https:\/\/www.homewizard.com\/wp-content\/uploads\/2023\/07\/P1-plugged-in@1x-300x157.webp 300w, https:\/\/www.homewizard.com\/wp-content\/uploads\/2023\/07\/P1-plugged-in@1x-768x402.webp 768w\" sizes=\"auto, (max-width: 1024px) 100vw, 1024px\" \/><\/figure>\n<\/div>\n\n\n<h2 class=\" wp-block-heading eplus-wrapper\">Freischaltung der Kundenschnittstelle und Schl\u00fcsselcode<\/h2>\n\n\n\n<p class=\" eplus-wrapper\">Intelligente Z\u00e4hler in \u00d6sterreich bieten eine Kundenschnittstelle, die es den Kunden erm\u00f6glicht, ihren Stromverbrauch in Echtzeit zu verfolgen. Die Freischaltung dieser Schnittstelle muss beim jeweiligen Netzbetreiber \u00fcber dessen Website oder Kundenportal beantragt werden. Links zu den verschiedenen Netzbetreibern finden Sie in unserem <a class=\"c-link\" href=\"https:\/\/helpdesk.homewizard.com\/de\/articles\/5935311-ist-mein-smart-meter-kompatibel\" target=\"_blank\" rel=\"noopener noreferrer\" data-stringify-link=\"https:\/\/helpdesk.homewizard.com\/de\/articles\/5935311-ist-mein-smart-meter-kompatibel\" data-sk=\"tooltip_parent\">Artikel<\/a>.\n\nDa die Daten auf \u00f6sterreichischen Z\u00e4hlern verschl\u00fcsselt sind, ben\u00f6tigen Sie einen Schl\u00fcsselcode. Nach der Freischaltung der Kundenschnittstelle k\u00f6nnen Sie diesen von Ihrem Netzbetreiber erhalten. Wenden Sie sich unter Angabe Ihres Namens, Ihrer Adresse und Ihrer Z\u00e4hlernummer an Ihren Netzbetreiber. Dieser Schl\u00fcssel ist einmalig f\u00fcr jeden Z\u00e4hler und besteht aus einer Folge von 32 Zahlen und Buchstaben, die Sie in der HomeWizard Energy App eingeben m\u00fcssen.<\/p>\n\n\n\n<h2 class=\" wp-block-heading eplus-wrapper\">Live ansehen oder in der Zeit zur\u00fcckgehen<\/h2>\n\n\n\n<p class=\" eplus-wrapper\">Mit der <a href=\"https:\/\/apps.apple.com\/app\/homewizard-energy\/id1492427207\">HomeWizard Energy App<\/a> wissen Sie genau, was gerade vor sich geht, oder Sie k\u00f6nnen sich Daten aus der Vergangenheit anzeigen lassen. Die Energy App von HomeWizard ist f\u00fcr <a href=\"https:\/\/play.google.com\/store\/apps\/details?id=nl.homewizard.android.energy\">Android<\/a> und <a href=\"https:\/\/apps.apple.com\/nl\/app\/homewizard-energy\/id1492427207\">iOS<\/a> erh\u00e4ltlich.<\/p>\n\n\n<div class=\"wp-block-image is-resized\">\n<figure class=\"aligncenter size-full eplus-wrapper\"><img loading=\"lazy\" decoding=\"async\" width=\"800\" height=\"800\" src=\"https:\/\/www.homewizard.com\/wp-content\/uploads\/2024\/06\/p1meterwithapp.png\" alt=\"\" class=\"wp-image-1930644\" style=\"width:550px\" srcset=\"https:\/\/www.homewizard.com\/wp-content\/uploads\/2024\/06\/p1meterwithapp.png 800w, https:\/\/www.homewizard.com\/wp-content\/uploads\/2024\/06\/p1meterwithapp-300x300.png 300w, https:\/\/www.homewizard.com\/wp-content\/uploads\/2024\/06\/p1meterwithapp-150x150.png 150w, https:\/\/www.homewizard.com\/wp-content\/uploads\/2024\/06\/p1meterwithapp-768x768.png 768w, https:\/\/www.homewizard.com\/wp-content\/uploads\/2024\/06\/p1meterwithapp-500x500.png 500w, https:\/\/www.homewizard.com\/wp-content\/uploads\/2024\/06\/p1meterwithapp-124x124.png 124w\" sizes=\"auto, (max-width: 800px) 100vw, 800px\" \/><\/figure>\n<\/div>\n\n\n<h2 class=\" wp-block-heading eplus-wrapper\">In der Box<\/h2>\n\n\n<ul class=\" wp-block-list eplus-wrapper eplus-styles-uid-045ccf\">\n<li class=\" eplus-wrapper\">P1 Meter<\/li>\n\n\n\n<li class=\" eplus-wrapper\">Schnellstart-Anleitung<\/li>\n<\/ul>\n\n\n<div style=\"height:32px\" aria-hidden=\"true\" class=\" wp-block-spacer eplus-wrapper\"><\/div>\n\n\n\n<p class=\" eplus-wrapper\"><a href=\"https:\/\/www.homewizard.com\/de-at\/p1-meter\/\">Mehr Informationen \u00fcber P1 Meter<\/a><\/p>\n","protected":false},"excerpt":{"rendered":"<p>Live-Einblick in Ihren Strom- und Gasverbrauch und Ihren Solar\u00fcberschuss.<\/p>\n","protected":false},"featured_media":430794,"template":"","meta":{"_acf_changed":false,"editor_plus_copied_stylings":"{}"},"product_brand":[],"product_cat":[253,254],"product_tag":[],"class_list":{"0":"post-771941","1":"product","2":"type-product","3":"status-publish","4":"has-post-thumbnail","6":"product_cat-alle-de-at","7":"product_cat-produkte","9":"first","10":"instock","11":"taxable","12":"shipping-taxable","13":"purchasable","14":"product-type-simple"},"acf":[],"yoast_head":"<!-- This site is optimized with the Yoast SEO plugin v27.0 - https:\/\/yoast.com\/product\/yoast-seo-wordpress\/ -->\n<title>P1 Meter - HomeWizard<\/title>\n<meta name=\"description\" content=\"Mit dem WLAN P1 Meter von HomeWizard erhalten Sie einen Einblick in Echtzeit in Ihren Energieverbrauch. Sehen Sie detaillierte und historische Diagramme direkt in der Energy App an.\" \/>\n<meta name=\"robots\" content=\"index, follow, max-snippet:-1, max-image-preview:large, max-video-preview:-1\" \/>\n<link rel=\"canonical\" href=\"https:\/\/www.homewizard.com\/de-at\/shop\/p1-meter-wlan\/\" \/>\n<meta property=\"og:locale\" content=\"de_DE\" \/>\n<meta property=\"og:type\" content=\"article\" \/>\n<meta property=\"og:title\" content=\"P1 Meter - HomeWizard\" \/>\n<meta property=\"og:description\" content=\"Mit dem WLAN P1 Meter von HomeWizard erhalten Sie einen Einblick in Echtzeit in Ihren Energieverbrauch. Sehen Sie detaillierte und historische Diagramme direkt in der Energy App an.\" \/>\n<meta property=\"og:url\" content=\"https:\/\/www.homewizard.com\/de-at\/shop\/p1-meter-wlan\/\" \/>\n<meta property=\"og:site_name\" content=\"HomeWizard\" \/>\n<meta property=\"article:publisher\" content=\"https:\/\/www.facebook.com\/HomeWizardBV\/\" \/>\n<meta property=\"article:modified_time\" content=\"2026-05-03T06:26:06+00:00\" \/>\n<meta property=\"og:image\" content=\"https:\/\/www.homewizard.com\/wp-content\/uploads\/2021\/11\/P1_meter_front.png\" \/>\n\t<meta property=\"og:image:width\" content=\"800\" \/>\n\t<meta property=\"og:image:height\" content=\"800\" \/>\n\t<meta property=\"og:image:type\" content=\"image\/png\" \/>\n<meta name=\"twitter:card\" content=\"summary_large_image\" \/>\n<meta name=\"twitter:site\" content=\"@HomeWizard_NL\" \/>\n<meta name=\"twitter:label1\" content=\"Gesch\u00e4tzte Lesezeit\" \/>\n\t<meta name=\"twitter:data1\" content=\"3 Minuten\" \/>\n<script type=\"application\/ld+json\" class=\"yoast-schema-graph\">{\"@context\":\"https:\/\/schema.org\",\"@graph\":[{\"@type\":\"WebPage\",\"@id\":\"https:\/\/www.homewizard.com\/de-at\/shop\/p1-meter-wlan\/\",\"url\":\"https:\/\/www.homewizard.com\/de-at\/shop\/p1-meter-wlan\/\",\"name\":\"P1 Meter - HomeWizard\",\"isPartOf\":{\"@id\":\"https:\/\/www.homewizard.com\/de-at\/#website\"},\"primaryImageOfPage\":{\"@id\":\"https:\/\/www.homewizard.com\/de-at\/shop\/p1-meter-wlan\/#primaryimage\"},\"image\":{\"@id\":\"https:\/\/www.homewizard.com\/de-at\/shop\/p1-meter-wlan\/#primaryimage\"},\"thumbnailUrl\":\"https:\/\/www.homewizard.com\/wp-content\/uploads\/2021\/11\/P1_meter_front.png\",\"datePublished\":\"2024-06-13T11:59:13+00:00\",\"dateModified\":\"2026-05-03T06:26:06+00:00\",\"description\":\"Mit dem WLAN P1 Meter von HomeWizard erhalten Sie einen Einblick in Echtzeit in Ihren Energieverbrauch. Sehen Sie detaillierte und historische Diagramme direkt in der Energy App an.\",\"breadcrumb\":{\"@id\":\"https:\/\/www.homewizard.com\/de-at\/shop\/p1-meter-wlan\/#breadcrumb\"},\"inLanguage\":\"de-AT\",\"potentialAction\":[{\"@type\":\"ReadAction\",\"target\":[\"https:\/\/www.homewizard.com\/de-at\/shop\/p1-meter-wlan\/\"]}]},{\"@type\":\"ImageObject\",\"inLanguage\":\"de-AT\",\"@id\":\"https:\/\/www.homewizard.com\/de-at\/shop\/p1-meter-wlan\/#primaryimage\",\"url\":\"https:\/\/www.homewizard.com\/wp-content\/uploads\/2021\/11\/P1_meter_front.png\",\"contentUrl\":\"https:\/\/www.homewizard.com\/wp-content\/uploads\/2021\/11\/P1_meter_front.png\",\"width\":800,\"height\":800,\"caption\":\"Front von HomeWizard P1 Meter\"},{\"@type\":\"BreadcrumbList\",\"@id\":\"https:\/\/www.homewizard.com\/de-at\/shop\/p1-meter-wlan\/#breadcrumb\",\"itemListElement\":[{\"@type\":\"ListItem\",\"position\":1,\"name\":\"Home\",\"item\":\"https:\/\/www.homewizard.com\/de-at\/\"},{\"@type\":\"ListItem\",\"position\":2,\"name\":\"Shop\",\"item\":\"https:\/\/www.homewizard.com\/de-at\/shop\/\"},{\"@type\":\"ListItem\",\"position\":3,\"name\":\"P1 Meter\"}]},{\"@type\":\"WebSite\",\"@id\":\"https:\/\/www.homewizard.com\/de-at\/#website\",\"url\":\"https:\/\/www.homewizard.com\/de-at\/\",\"name\":\"HomeWizard\",\"description\":\"HomeWizard Energy\",\"publisher\":{\"@id\":\"https:\/\/www.homewizard.com\/de-at\/#organization\"},\"potentialAction\":[{\"@type\":\"SearchAction\",\"target\":{\"@type\":\"EntryPoint\",\"urlTemplate\":\"https:\/\/www.homewizard.com\/de-at\/?s={search_term_string}\"},\"query-input\":{\"@type\":\"PropertyValueSpecification\",\"valueRequired\":true,\"valueName\":\"search_term_string\"}}],\"inLanguage\":\"de-AT\"},{\"@type\":\"Organization\",\"@id\":\"https:\/\/www.homewizard.com\/de-at\/#organization\",\"name\":\"HomeWizard\",\"url\":\"https:\/\/www.homewizard.com\/de-at\/\",\"logo\":{\"@type\":\"ImageObject\",\"inLanguage\":\"de-AT\",\"@id\":\"https:\/\/www.homewizard.com\/de-at\/#\/schema\/logo\/image\/\",\"url\":\"https:\/\/www.homewizard.com\/wp-content\/uploads\/2023\/06\/HomeWizard-icon-on-black.png\",\"contentUrl\":\"https:\/\/www.homewizard.com\/wp-content\/uploads\/2023\/06\/HomeWizard-icon-on-black.png\",\"width\":500,\"height\":500,\"caption\":\"HomeWizard\"},\"image\":{\"@id\":\"https:\/\/www.homewizard.com\/de-at\/#\/schema\/logo\/image\/\"},\"sameAs\":[\"https:\/\/www.facebook.com\/HomeWizardBV\/\",\"https:\/\/x.com\/HomeWizard_NL\",\"https:\/\/www.youtube.com\/HomeWizardBV\",\"https:\/\/www.instagram.com\/homewizardenergy\/\"]}]}<\/script>\n<!-- \/ Yoast SEO plugin. -->","yoast_head_json":{"title":"P1 Meter - HomeWizard","description":"Mit dem WLAN P1 Meter von HomeWizard erhalten Sie einen Einblick in Echtzeit in Ihren Energieverbrauch. Sehen Sie detaillierte und historische Diagramme direkt in der Energy App an.","robots":{"index":"index","follow":"follow","max-snippet":"max-snippet:-1","max-image-preview":"max-image-preview:large","max-video-preview":"max-video-preview:-1"},"canonical":"https:\/\/www.homewizard.com\/de-at\/shop\/p1-meter-wlan\/","og_locale":"de_DE","og_type":"article","og_title":"P1 Meter - HomeWizard","og_description":"Mit dem WLAN P1 Meter von HomeWizard erhalten Sie einen Einblick in Echtzeit in Ihren Energieverbrauch. Sehen Sie detaillierte und historische Diagramme direkt in der Energy App an.","og_url":"https:\/\/www.homewizard.com\/de-at\/shop\/p1-meter-wlan\/","og_site_name":"HomeWizard","article_publisher":"https:\/\/www.facebook.com\/HomeWizardBV\/","article_modified_time":"2026-05-03T06:26:06+00:00","og_image":[{"width":800,"height":800,"url":"https:\/\/www.homewizard.com\/wp-content\/uploads\/2021\/11\/P1_meter_front.png","type":"image\/png"}],"twitter_card":"summary_large_image","twitter_site":"@HomeWizard_NL","twitter_misc":{"Gesch\u00e4tzte Lesezeit":"3 Minuten"},"schema":{"@context":"https:\/\/schema.org","@graph":[{"@type":"WebPage","@id":"https:\/\/www.homewizard.com\/de-at\/shop\/p1-meter-wlan\/","url":"https:\/\/www.homewizard.com\/de-at\/shop\/p1-meter-wlan\/","name":"P1 Meter - HomeWizard","isPartOf":{"@id":"https:\/\/www.homewizard.com\/de-at\/#website"},"primaryImageOfPage":{"@id":"https:\/\/www.homewizard.com\/de-at\/shop\/p1-meter-wlan\/#primaryimage"},"image":{"@id":"https:\/\/www.homewizard.com\/de-at\/shop\/p1-meter-wlan\/#primaryimage"},"thumbnailUrl":"https:\/\/www.homewizard.com\/wp-content\/uploads\/2021\/11\/P1_meter_front.png","datePublished":"2024-06-13T11:59:13+00:00","dateModified":"2026-05-03T06:26:06+00:00","description":"Mit dem WLAN P1 Meter von HomeWizard erhalten Sie einen Einblick in Echtzeit in Ihren Energieverbrauch. Sehen Sie detaillierte und historische Diagramme direkt in der Energy App an.","breadcrumb":{"@id":"https:\/\/www.homewizard.com\/de-at\/shop\/p1-meter-wlan\/#breadcrumb"},"inLanguage":"de-AT","potentialAction":[{"@type":"ReadAction","target":["https:\/\/www.homewizard.com\/de-at\/shop\/p1-meter-wlan\/"]}]},{"@type":"ImageObject","inLanguage":"de-AT","@id":"https:\/\/www.homewizard.com\/de-at\/shop\/p1-meter-wlan\/#primaryimage","url":"https:\/\/www.homewizard.com\/wp-content\/uploads\/2021\/11\/P1_meter_front.png","contentUrl":"https:\/\/www.homewizard.com\/wp-content\/uploads\/2021\/11\/P1_meter_front.png","width":800,"height":800,"caption":"Front von HomeWizard P1 Meter"},{"@type":"BreadcrumbList","@id":"https:\/\/www.homewizard.com\/de-at\/shop\/p1-meter-wlan\/#breadcrumb","itemListElement":[{"@type":"ListItem","position":1,"name":"Home","item":"https:\/\/www.homewizard.com\/de-at\/"},{"@type":"ListItem","position":2,"name":"Shop","item":"https:\/\/www.homewizard.com\/de-at\/shop\/"},{"@type":"ListItem","position":3,"name":"P1 Meter"}]},{"@type":"WebSite","@id":"https:\/\/www.homewizard.com\/de-at\/#website","url":"https:\/\/www.homewizard.com\/de-at\/","name":"HomeWizard","description":"HomeWizard Energy","publisher":{"@id":"https:\/\/www.homewizard.com\/de-at\/#organization"},"potentialAction":[{"@type":"SearchAction","target":{"@type":"EntryPoint","urlTemplate":"https:\/\/www.homewizard.com\/de-at\/?s={search_term_string}"},"query-input":{"@type":"PropertyValueSpecification","valueRequired":true,"valueName":"search_term_string"}}],"inLanguage":"de-AT"},{"@type":"Organization","@id":"https:\/\/www.homewizard.com\/de-at\/#organization","name":"HomeWizard","url":"https:\/\/www.homewizard.com\/de-at\/","logo":{"@type":"ImageObject","inLanguage":"de-AT","@id":"https:\/\/www.homewizard.com\/de-at\/#\/schema\/logo\/image\/","url":"https:\/\/www.homewizard.com\/wp-content\/uploads\/2023\/06\/HomeWizard-icon-on-black.png","contentUrl":"https:\/\/www.homewizard.com\/wp-content\/uploads\/2023\/06\/HomeWizard-icon-on-black.png","width":500,"height":500,"caption":"HomeWizard"},"image":{"@id":"https:\/\/www.homewizard.com\/de-at\/#\/schema\/logo\/image\/"},"sameAs":["https:\/\/www.facebook.com\/HomeWizardBV\/","https:\/\/x.com\/HomeWizard_NL","https:\/\/www.youtube.com\/HomeWizardBV","https:\/\/www.instagram.com\/homewizardenergy\/"]}]}},"_links":{"self":[{"href":"https:\/\/www.homewizard.com\/de-at\/wp-json\/wp\/v2\/product\/771941","targetHints":{"allow":["GET"]}}],"collection":[{"href":"https:\/\/www.homewizard.com\/de-at\/wp-json\/wp\/v2\/product"}],"about":[{"href":"https:\/\/www.homewizard.com\/de-at\/wp-json\/wp\/v2\/types\/product"}],"wp:featuredmedia":[{"embeddable":true,"href":"https:\/\/www.homewizard.com\/de-at\/wp-json\/wp\/v2\/media\/430794"}],"wp:attachment":[{"href":"https:\/\/www.homewizard.com\/de-at\/wp-json\/wp\/v2\/media?parent=771941"}],"wp:term":[{"taxonomy":"product_brand","embeddable":true,"href":"https:\/\/www.homewizard.com\/de-at\/wp-json\/wp\/v2\/product_brand?post=771941"},{"taxonomy":"product_cat","embeddable":true,"href":"https:\/\/www.homewizard.com\/de-at\/wp-json\/wp\/v2\/product_cat?post=771941"},{"taxonomy":"product_tag","embeddable":true,"href":"https:\/\/www.homewizard.com\/de-at\/wp-json\/wp\/v2\/product_tag?post=771941"}],"curies":[{"name":"wp","href":"https:\/\/api.w.org\/{rel}","templated":true}]}}