{"id":543283,"date":"2023-08-21T10:27:37","date_gmt":"2023-08-21T08:27:37","guid":{"rendered":"https:\/\/www.homewizard.com\/shop\/energy-display\/"},"modified":"2026-05-03T08:26:07","modified_gmt":"2026-05-03T06:26:07","slug":"energy-display","status":"publish","type":"product","link":"https:\/\/www.homewizard.com\/de-at\/shop\/energy-display\/","title":{"rendered":"Energy Display"},"content":{"rendered":"\n<h2 class=\" wp-block-heading eplus-wrapper\">Einblicke in Sicht<\/h2>\n\n\n\n<p class=\" eplus-wrapper\">Mit dem Energy Display haben Sie Ihren Stromverbrauch, die Solarstromproduktion und die Energiekosten immer im Blick, so dass Sie den Energieverbrauch in Ihrem Haushalt im Blick behalten k\u00f6nnen. Stellen Sie das Energy Display in Ihrem Wohnzimmer, in der K\u00fcche oder an einem Ort auf, an dem Sie h\u00e4ufig vorbeikommen, z.\u00a0B. im Flur. Um nicht unn\u00f6tig Strom zu verbrauchen, schaltet sich der Bildschirm aus, wenn das Display einige Zeit lang keine Bewegung erkannt hat.<\/p>\n\n\n\n<h2 class=\" wp-block-heading eplus-wrapper\">Erreichen Sie Ihre Energieverbrauchsziele.<\/h2>\n\n\n\n<p class=\" eplus-wrapper\">Sie k\u00f6nnen das Energy Display \u00fcber die <a href=\"https:\/\/helpdesk.homewizard.com\/collections\/3319573\">HomeWizard App<\/a> nach Ihren W\u00fcnschen konfigurieren. Ordnen Sie einem der drei Kreise ein Verbrauchsziel zu. Je voller der Kreis ist, desto n\u00e4her sind Sie Ihrem Ziel. Auf der rechten Seite des Displays k\u00f6nnen Sie die Gas-, Wasser-, Strom-, Gesamtkosten und\/oder die Umgebungstemperatur anzeigen lassen. W\u00e4hlen Sie zwischen Einblicken in den Verbrauch oder die Kosten und sehen Sie sich alles in Echtzeit oder pro Tag an.<\/p>\n\n\n\n<p class=\" eplus-wrapper\">Sie ben\u00f6tigen kein <a href=\"https:\/\/www.homewizard.com\/de-at\/energy-plus\/\">Energy+ -Abonnement<\/a> um das Display zu nutzen. Mit einem Energy+ -Abonnement erhalten Sie jedoch zus\u00e4tzliche Funktionen, wie z. B. die Anzeige des Bruttostromverbrauchs und des Solarstromverbrauchs.<\/p>\n\n\n\n<div class=\" wp-block-media-text has-media-on-the-right is-stacked-on-mobile eplus-wrapper\" style=\"grid-template-columns:auto 49%\"><div class=\"wp-block-media-text__content\">\n<h2 class=\" wp-block-heading eplus-wrapper\">Sparen Sie mehr als \u20ac172 pro Jahr ein.<\/h2>\n\n\n\n<p class=\" eplus-wrapper\">Mit einem Energy Display in Ihrem Haushalt sparen Sie im Durchschnitt 6,9 % beim Gas und 2,2 % beim Strom. Ein durchschnittlicher Haushalt spart mehr als \u20ac172 pro Jahr an Energiekosten.* Das bedeutet, dass sich die Kosten f\u00fcr das Energy Display im Handumdrehen selbst bezahlt machen. Bei den Energiekosten zu sparen war noch nie so einfach.<\/p>\n\n\n<p class=\" eplus-wrapper eplus-styles-uid-e7c803\">* Beruhend auf einem durchschnittlichen Haushalt und den Energiepreisen in den Niederlanden: 1.500 m\u00b3 Gas (1,45 \u20ac) und 2.500 kWh Strom (0,40 \u20ac).<\/p><\/div><figure class=\"wp-block-media-text__media\"><img loading=\"lazy\" decoding=\"async\" width=\"1024\" height=\"763\" src=\"https:\/\/www.homewizard.com\/wp-content\/uploads\/2023\/08\/image-2-1024x763.png\" alt=\"\" class=\"wp-image-408990 size-full\" srcset=\"https:\/\/www.homewizard.com\/wp-content\/uploads\/2023\/08\/image-2-1024x763.png 1024w, https:\/\/www.homewizard.com\/wp-content\/uploads\/2023\/08\/image-2-800x596.png 800w, https:\/\/www.homewizard.com\/wp-content\/uploads\/2023\/08\/image-2-300x223.png 300w, https:\/\/www.homewizard.com\/wp-content\/uploads\/2023\/08\/image-2-768x572.png 768w\" sizes=\"auto, (max-width: 1024px) 100vw, 1024px\" \/><\/figure><\/div>\n\n\n\n<h2 class=\" wp-block-heading eplus-wrapper\">In der Box<\/h2>\n\n\n<ul class=\" wp-block-list eplus-wrapper eplus-styles-uid-f8832f\">\n<li class=\" eplus-wrapper\">HomeWizard Energy Display<\/li>\n\n\n\n<li class=\" eplus-wrapper\">Stromadapter<\/li>\n\n\n\n<li class=\" eplus-wrapper\">USB-C-Kabel, 1,5 Meter<\/li>\n\n\n\n<li class=\" eplus-wrapper\">Schnellstart-Anleitung<\/li>\n<\/ul>\n\n\n<h2 class=\" wp-block-heading eplus-wrapper\">Anforderungen<\/h2>\n\n\n\n<p class=\" eplus-wrapper\">An iOS 13, Android 8 or newer operating system<br>A secure Wi-Fi network with an internet connection<\/p>\n","protected":false},"excerpt":{"rendered":"<p>Setzen Sie Energieziele, erstellen Sie Ihr eigenes Dashboard und sparen Sie Geld.<\/p>\n","protected":false},"featured_media":1012136,"template":"","meta":{"_acf_changed":false,"editor_plus_copied_stylings":"{}"},"product_brand":[],"product_cat":[253,254],"product_tag":[],"class_list":{"0":"post-543283","1":"product","2":"type-product","3":"status-publish","4":"has-post-thumbnail","6":"product_cat-alle-de-at","7":"product_cat-produkte","9":"first","10":"instock","11":"taxable","12":"shipping-taxable","13":"purchasable","14":"product-type-simple"},"acf":[],"yoast_head":"<!-- This site is optimized with the Yoast SEO plugin v27.0 - https:\/\/yoast.com\/product\/yoast-seo-wordpress\/ -->\n<title>Bestellen Sie hier Ihr Energy Display - HomeWizard<\/title>\n<meta name=\"description\" content=\"\u00dcbernehmen Sie mit dem Energy Display von HomeWizard die Kontrolle \u00fcber Ihren Energieverbrauch. Erstellen Sie Ihr eigenes Dashboard, erreichen Sie Ihre Ziele und sparen Sie Energiekosten.\" \/>\n<meta name=\"robots\" content=\"index, follow, max-snippet:-1, max-image-preview:large, max-video-preview:-1\" \/>\n<link rel=\"canonical\" href=\"https:\/\/www.homewizard.com\/de-at\/shop\/energy-display\/\" \/>\n<meta property=\"og:locale\" content=\"de_DE\" \/>\n<meta property=\"og:type\" content=\"article\" \/>\n<meta property=\"og:title\" content=\"Bestellen Sie hier Ihr Energy Display - HomeWizard\" \/>\n<meta property=\"og:description\" content=\"\u00dcbernehmen Sie mit dem Energy Display von HomeWizard die Kontrolle \u00fcber Ihren Energieverbrauch. Erstellen Sie Ihr eigenes Dashboard, erreichen Sie Ihre Ziele und sparen Sie Energiekosten.\" \/>\n<meta property=\"og:url\" content=\"https:\/\/www.homewizard.com\/de-at\/shop\/energy-display\/\" \/>\n<meta property=\"og:site_name\" content=\"HomeWizard\" \/>\n<meta property=\"article:publisher\" content=\"https:\/\/www.facebook.com\/HomeWizardBV\/\" \/>\n<meta property=\"article:modified_time\" content=\"2026-05-03T06:26:07+00:00\" \/>\n<meta property=\"og:image\" content=\"https:\/\/www.homewizard.com\/wp-content\/uploads\/2023\/08\/Energy-Display-front-view.png\" \/>\n\t<meta property=\"og:image:width\" content=\"1900\" \/>\n\t<meta property=\"og:image:height\" content=\"1900\" \/>\n\t<meta property=\"og:image:type\" content=\"image\/png\" \/>\n<meta name=\"twitter:card\" content=\"summary_large_image\" \/>\n<meta name=\"twitter:site\" content=\"@HomeWizard_NL\" \/>\n<meta name=\"twitter:label1\" content=\"Gesch\u00e4tzte Lesezeit\" \/>\n\t<meta name=\"twitter:data1\" content=\"3 Minuten\" \/>\n<script type=\"application\/ld+json\" class=\"yoast-schema-graph\">{\"@context\":\"https:\/\/schema.org\",\"@graph\":[{\"@type\":\"WebPage\",\"@id\":\"https:\/\/www.homewizard.com\/de-at\/shop\/energy-display\/\",\"url\":\"https:\/\/www.homewizard.com\/de-at\/shop\/energy-display\/\",\"name\":\"Bestellen Sie hier Ihr Energy Display - HomeWizard\",\"isPartOf\":{\"@id\":\"https:\/\/www.homewizard.com\/de-at\/#website\"},\"primaryImageOfPage\":{\"@id\":\"https:\/\/www.homewizard.com\/de-at\/shop\/energy-display\/#primaryimage\"},\"image\":{\"@id\":\"https:\/\/www.homewizard.com\/de-at\/shop\/energy-display\/#primaryimage\"},\"thumbnailUrl\":\"https:\/\/www.homewizard.com\/wp-content\/uploads\/2023\/08\/Energy-Display-front-view.png\",\"datePublished\":\"2023-08-21T08:27:37+00:00\",\"dateModified\":\"2026-05-03T06:26:07+00:00\",\"description\":\"\u00dcbernehmen Sie mit dem Energy Display von HomeWizard die Kontrolle \u00fcber Ihren Energieverbrauch. Erstellen Sie Ihr eigenes Dashboard, erreichen Sie Ihre Ziele und sparen Sie Energiekosten.\",\"breadcrumb\":{\"@id\":\"https:\/\/www.homewizard.com\/de-at\/shop\/energy-display\/#breadcrumb\"},\"inLanguage\":\"de-AT\",\"potentialAction\":[{\"@type\":\"ReadAction\",\"target\":[\"https:\/\/www.homewizard.com\/de-at\/shop\/energy-display\/\"]}]},{\"@type\":\"ImageObject\",\"inLanguage\":\"de-AT\",\"@id\":\"https:\/\/www.homewizard.com\/de-at\/shop\/energy-display\/#primaryimage\",\"url\":\"https:\/\/www.homewizard.com\/wp-content\/uploads\/2023\/08\/Energy-Display-front-view.png\",\"contentUrl\":\"https:\/\/www.homewizard.com\/wp-content\/uploads\/2023\/08\/Energy-Display-front-view.png\",\"width\":1900,\"height\":1900,\"caption\":\"Front view of the Energy Display\"},{\"@type\":\"BreadcrumbList\",\"@id\":\"https:\/\/www.homewizard.com\/de-at\/shop\/energy-display\/#breadcrumb\",\"itemListElement\":[{\"@type\":\"ListItem\",\"position\":1,\"name\":\"Home\",\"item\":\"https:\/\/www.homewizard.com\/de-at\/\"},{\"@type\":\"ListItem\",\"position\":2,\"name\":\"Shop\",\"item\":\"https:\/\/www.homewizard.com\/de-at\/shop\/\"},{\"@type\":\"ListItem\",\"position\":3,\"name\":\"Energy Display\"}]},{\"@type\":\"WebSite\",\"@id\":\"https:\/\/www.homewizard.com\/de-at\/#website\",\"url\":\"https:\/\/www.homewizard.com\/de-at\/\",\"name\":\"HomeWizard\",\"description\":\"HomeWizard Energy\",\"publisher\":{\"@id\":\"https:\/\/www.homewizard.com\/de-at\/#organization\"},\"potentialAction\":[{\"@type\":\"SearchAction\",\"target\":{\"@type\":\"EntryPoint\",\"urlTemplate\":\"https:\/\/www.homewizard.com\/de-at\/?s={search_term_string}\"},\"query-input\":{\"@type\":\"PropertyValueSpecification\",\"valueRequired\":true,\"valueName\":\"search_term_string\"}}],\"inLanguage\":\"de-AT\"},{\"@type\":\"Organization\",\"@id\":\"https:\/\/www.homewizard.com\/de-at\/#organization\",\"name\":\"HomeWizard\",\"url\":\"https:\/\/www.homewizard.com\/de-at\/\",\"logo\":{\"@type\":\"ImageObject\",\"inLanguage\":\"de-AT\",\"@id\":\"https:\/\/www.homewizard.com\/de-at\/#\/schema\/logo\/image\/\",\"url\":\"https:\/\/www.homewizard.com\/wp-content\/uploads\/2023\/06\/HomeWizard-icon-on-black.png\",\"contentUrl\":\"https:\/\/www.homewizard.com\/wp-content\/uploads\/2023\/06\/HomeWizard-icon-on-black.png\",\"width\":500,\"height\":500,\"caption\":\"HomeWizard\"},\"image\":{\"@id\":\"https:\/\/www.homewizard.com\/de-at\/#\/schema\/logo\/image\/\"},\"sameAs\":[\"https:\/\/www.facebook.com\/HomeWizardBV\/\",\"https:\/\/x.com\/HomeWizard_NL\",\"https:\/\/www.youtube.com\/HomeWizardBV\",\"https:\/\/www.instagram.com\/homewizardenergy\/\"]}]}<\/script>\n<!-- \/ Yoast SEO plugin. -->","yoast_head_json":{"title":"Bestellen Sie hier Ihr Energy Display - HomeWizard","description":"\u00dcbernehmen Sie mit dem Energy Display von HomeWizard die Kontrolle \u00fcber Ihren Energieverbrauch. Erstellen Sie Ihr eigenes Dashboard, erreichen Sie Ihre Ziele und sparen Sie Energiekosten.","robots":{"index":"index","follow":"follow","max-snippet":"max-snippet:-1","max-image-preview":"max-image-preview:large","max-video-preview":"max-video-preview:-1"},"canonical":"https:\/\/www.homewizard.com\/de-at\/shop\/energy-display\/","og_locale":"de_DE","og_type":"article","og_title":"Bestellen Sie hier Ihr Energy Display - HomeWizard","og_description":"\u00dcbernehmen Sie mit dem Energy Display von HomeWizard die Kontrolle \u00fcber Ihren Energieverbrauch. Erstellen Sie Ihr eigenes Dashboard, erreichen Sie Ihre Ziele und sparen Sie Energiekosten.","og_url":"https:\/\/www.homewizard.com\/de-at\/shop\/energy-display\/","og_site_name":"HomeWizard","article_publisher":"https:\/\/www.facebook.com\/HomeWizardBV\/","article_modified_time":"2026-05-03T06:26:07+00:00","og_image":[{"width":1900,"height":1900,"url":"https:\/\/www.homewizard.com\/wp-content\/uploads\/2023\/08\/Energy-Display-front-view.png","type":"image\/png"}],"twitter_card":"summary_large_image","twitter_site":"@HomeWizard_NL","twitter_misc":{"Gesch\u00e4tzte Lesezeit":"3 Minuten"},"schema":{"@context":"https:\/\/schema.org","@graph":[{"@type":"WebPage","@id":"https:\/\/www.homewizard.com\/de-at\/shop\/energy-display\/","url":"https:\/\/www.homewizard.com\/de-at\/shop\/energy-display\/","name":"Bestellen Sie hier Ihr Energy Display - HomeWizard","isPartOf":{"@id":"https:\/\/www.homewizard.com\/de-at\/#website"},"primaryImageOfPage":{"@id":"https:\/\/www.homewizard.com\/de-at\/shop\/energy-display\/#primaryimage"},"image":{"@id":"https:\/\/www.homewizard.com\/de-at\/shop\/energy-display\/#primaryimage"},"thumbnailUrl":"https:\/\/www.homewizard.com\/wp-content\/uploads\/2023\/08\/Energy-Display-front-view.png","datePublished":"2023-08-21T08:27:37+00:00","dateModified":"2026-05-03T06:26:07+00:00","description":"\u00dcbernehmen Sie mit dem Energy Display von HomeWizard die Kontrolle \u00fcber Ihren Energieverbrauch. Erstellen Sie Ihr eigenes Dashboard, erreichen Sie Ihre Ziele und sparen Sie Energiekosten.","breadcrumb":{"@id":"https:\/\/www.homewizard.com\/de-at\/shop\/energy-display\/#breadcrumb"},"inLanguage":"de-AT","potentialAction":[{"@type":"ReadAction","target":["https:\/\/www.homewizard.com\/de-at\/shop\/energy-display\/"]}]},{"@type":"ImageObject","inLanguage":"de-AT","@id":"https:\/\/www.homewizard.com\/de-at\/shop\/energy-display\/#primaryimage","url":"https:\/\/www.homewizard.com\/wp-content\/uploads\/2023\/08\/Energy-Display-front-view.png","contentUrl":"https:\/\/www.homewizard.com\/wp-content\/uploads\/2023\/08\/Energy-Display-front-view.png","width":1900,"height":1900,"caption":"Front view of the Energy Display"},{"@type":"BreadcrumbList","@id":"https:\/\/www.homewizard.com\/de-at\/shop\/energy-display\/#breadcrumb","itemListElement":[{"@type":"ListItem","position":1,"name":"Home","item":"https:\/\/www.homewizard.com\/de-at\/"},{"@type":"ListItem","position":2,"name":"Shop","item":"https:\/\/www.homewizard.com\/de-at\/shop\/"},{"@type":"ListItem","position":3,"name":"Energy Display"}]},{"@type":"WebSite","@id":"https:\/\/www.homewizard.com\/de-at\/#website","url":"https:\/\/www.homewizard.com\/de-at\/","name":"HomeWizard","description":"HomeWizard Energy","publisher":{"@id":"https:\/\/www.homewizard.com\/de-at\/#organization"},"potentialAction":[{"@type":"SearchAction","target":{"@type":"EntryPoint","urlTemplate":"https:\/\/www.homewizard.com\/de-at\/?s={search_term_string}"},"query-input":{"@type":"PropertyValueSpecification","valueRequired":true,"valueName":"search_term_string"}}],"inLanguage":"de-AT"},{"@type":"Organization","@id":"https:\/\/www.homewizard.com\/de-at\/#organization","name":"HomeWizard","url":"https:\/\/www.homewizard.com\/de-at\/","logo":{"@type":"ImageObject","inLanguage":"de-AT","@id":"https:\/\/www.homewizard.com\/de-at\/#\/schema\/logo\/image\/","url":"https:\/\/www.homewizard.com\/wp-content\/uploads\/2023\/06\/HomeWizard-icon-on-black.png","contentUrl":"https:\/\/www.homewizard.com\/wp-content\/uploads\/2023\/06\/HomeWizard-icon-on-black.png","width":500,"height":500,"caption":"HomeWizard"},"image":{"@id":"https:\/\/www.homewizard.com\/de-at\/#\/schema\/logo\/image\/"},"sameAs":["https:\/\/www.facebook.com\/HomeWizardBV\/","https:\/\/x.com\/HomeWizard_NL","https:\/\/www.youtube.com\/HomeWizardBV","https:\/\/www.instagram.com\/homewizardenergy\/"]}]}},"_links":{"self":[{"href":"https:\/\/www.homewizard.com\/de-at\/wp-json\/wp\/v2\/product\/543283","targetHints":{"allow":["GET"]}}],"collection":[{"href":"https:\/\/www.homewizard.com\/de-at\/wp-json\/wp\/v2\/product"}],"about":[{"href":"https:\/\/www.homewizard.com\/de-at\/wp-json\/wp\/v2\/types\/product"}],"wp:featuredmedia":[{"embeddable":true,"href":"https:\/\/www.homewizard.com\/de-at\/wp-json\/wp\/v2\/media\/1012136"}],"wp:attachment":[{"href":"https:\/\/www.homewizard.com\/de-at\/wp-json\/wp\/v2\/media?parent=543283"}],"wp:term":[{"taxonomy":"product_brand","embeddable":true,"href":"https:\/\/www.homewizard.com\/de-at\/wp-json\/wp\/v2\/product_brand?post=543283"},{"taxonomy":"product_cat","embeddable":true,"href":"https:\/\/www.homewizard.com\/de-at\/wp-json\/wp\/v2\/product_cat?post=543283"},{"taxonomy":"product_tag","embeddable":true,"href":"https:\/\/www.homewizard.com\/de-at\/wp-json\/wp\/v2\/product_tag?post=543283"}],"curies":[{"name":"wp","href":"https:\/\/api.w.org\/{rel}","templated":true}]}}