{"id":543259,"date":"2023-03-21T11:12:08","date_gmt":"2023-03-21T10:12:08","guid":{"rendered":"https:\/\/www.homewizard.com\/shop\/energie-plus\/"},"modified":"2026-03-25T10:33:29","modified_gmt":"2026-03-25T09:33:29","slug":"energy-plus","status":"publish","type":"product","link":"https:\/\/www.homewizard.com\/de-at\/shop\/energy-plus\/","title":{"rendered":"Energy+ -Abonnement"},"content":{"rendered":"\n<h2 class=\" wp-block-heading eplus-wrapper\">Energy+ -Jahresabonnement<\/h2>\n\n\n\n<p class=\" eplus-wrapper\">Energy+ ist ein HomeWizard Abonnement, mit dem Sie zus\u00e4tzliche Funktionen in Ihrer HomeWizard App freischalten k\u00f6nnen:<\/p>\n\n\n<ul class=\" wp-block-list eplus-wrapper eplus-styles-uid-e7b976\">\n<li class=\" eplus-wrapper\">Sehen Sie Ihren Standby-Verbrauch<\/li>\n\n\n\n<li class=\" eplus-wrapper\">Speicherung von mehreren Jahren<\/li>\n\n\n\n<li class=\" eplus-wrapper\">Erhalten Sie Benachrichtigungen, wenn ein ungew\u00f6hnlicher Energieverbrauch festgestellt wird<\/li>\n\n\n\n<li class=\" eplus-wrapper\">Wechselrichteranschluss: schalten Sie ein Diagramm mit Ihrer Solarstromproduktion frei<\/li>\n\n\n\n<li class=\" eplus-wrapper\"><p class=\"text-node\" data-pm-slice='1 1 [\"bullet_list\",{},\"list_item\",{}]'>Eigenversorgungsgrafik: Sehen Sie, wie viel des von Ihnen erzeugten Solarstroms direkt von Ihnen verbraucht wird<\/p><\/li>\n\n\n\n<li class=\" eplus-wrapper\">3-Phasen-Einblick (Nutzung pro Phase)<\/li>\n\n\n\n<li class=\" eplus-wrapper\">Intelligentes Schalten f\u00fcr <a href=\"https:\/\/www.homewizard.com\/de-at\/energy-socket\/\">Energy Socket<\/a><\/li>\n\n\n\n<li class=\" eplus-wrapper\">Daten nach Excel exportieren (CSV)<\/li>\n<\/ul>\n\n\n<p class=\" eplus-wrapper\"><a href=\"https:\/\/www.homewizard.com\/de-at\/energy-plus\/\">Mehr Informationen \u00fcber Energy+<\/a><\/p>\n\n\n\n<p class=\" eplus-wrapper\">Das Abonnement kostet nur \u20ac11.95 pro Jahr, wenn Sie es \u00fcber die Webseite abonnieren. Sie k\u00f6nnen jederzeit k\u00fcndigen, und es wird automatisch j\u00e4hrlich in Rechnung gestellt. Bezahlen Sie bequem mit Ihrer bevorzugten Zahlungsmethode: iDEAL, Bancontact und Kreditkarte (d. h. Visa, Mastercard und American Express).<\/p>\n\n\n\n<figure class=\" wp-block-image size-large is-resized eplus-wrapper\"><img loading=\"lazy\" decoding=\"async\" width=\"1024\" height=\"145\" src=\"https:\/\/www.homewizard.com\/wp-content\/uploads\/2023\/04\/Payment-options-Energy-HomeWizard-subscription-1024x145.png\" alt=\"\" class=\"wp-image-298953\" style=\"width:557px;height:79px\" srcset=\"https:\/\/www.homewizard.com\/wp-content\/uploads\/2023\/04\/Payment-options-Energy-HomeWizard-subscription-1024x145.png 1024w, https:\/\/www.homewizard.com\/wp-content\/uploads\/2023\/04\/Payment-options-Energy-HomeWizard-subscription-800x113.png 800w, https:\/\/www.homewizard.com\/wp-content\/uploads\/2023\/04\/Payment-options-Energy-HomeWizard-subscription-300x42.png 300w, https:\/\/www.homewizard.com\/wp-content\/uploads\/2023\/04\/Payment-options-Energy-HomeWizard-subscription-768x109.png 768w\" sizes=\"auto, (max-width: 1024px) 100vw, 1024px\" \/><\/figure>\n\n\n\n<p class=\" eplus-wrapper\"><\/p>\n\n\n\n<div class=\" wp-block-media-text has-media-on-the-right is-stacked-on-mobile eplus-wrapper\" style=\"grid-template-columns:auto 34%\"><div class=\"wp-block-media-text__content\">\n<h2 class=\" wp-block-heading eplus-wrapper\">Verbinden Sie Ihre Sonnenkollektoren<\/h2>\n\n\n\n<p class=\" eplus-wrapper\">Sie k\u00f6nnen jetzt ganz einfach ein Diagramm mit Ihrer Solarproduktion in der HomeWizard App hinzuf\u00fcgen, ohne zus\u00e4tzliche Hardware installieren zu m\u00fcssen! Auf diese Weise erhalten Sie ein vollst\u00e4ndiges Verst\u00e4ndnis Ihrer Energiefl\u00fcsse und haben alles in einer App parat. Der Anschluss unterst\u00fctzt Wechselrichter von SolarEdge, Growatt, GoodWe, SMA, Enphase, Huawei und Solax. Wenn Sie Ihre Sonnenkollektoren anschlie\u00dfen, schalten Sie drei neue Diagramme frei:<\/p>\n\n\n<ul class=\" wp-block-list eplus-wrapper eplus-styles-uid-ea78da\">\n<li class=\" eplus-wrapper\">Solarproduktion<\/li>\n\n\n\n<li class=\" eplus-wrapper\">Brutto-Stromverbrauch<\/li>\n\n\n\n<li class=\" eplus-wrapper\"><p class=\"text-node\" data-pm-slice='1 1 [\"bullet_list\",{},\"list_item\",{}]'>Eigenversorgung<\/p><\/li>\n<\/ul><\/div><figure class=\"wp-block-media-text__media\"><img loading=\"lazy\" decoding=\"async\" width=\"799\" height=\"800\" src=\"https:\/\/www.homewizard.com\/wp-content\/uploads\/2023\/04\/production_gross-power-consumption.webp\" alt=\"\" class=\"wp-image-300894 size-full\" srcset=\"https:\/\/www.homewizard.com\/wp-content\/uploads\/2023\/04\/production_gross-power-consumption.webp 799w, https:\/\/www.homewizard.com\/wp-content\/uploads\/2023\/04\/production_gross-power-consumption-500x500.webp 500w, https:\/\/www.homewizard.com\/wp-content\/uploads\/2023\/04\/production_gross-power-consumption-124x124.webp 124w, https:\/\/www.homewizard.com\/wp-content\/uploads\/2023\/04\/production_gross-power-consumption-300x300.webp 300w, https:\/\/www.homewizard.com\/wp-content\/uploads\/2023\/04\/production_gross-power-consumption-150x150.webp 150w, https:\/\/www.homewizard.com\/wp-content\/uploads\/2023\/04\/production_gross-power-consumption-768x769.webp 768w, https:\/\/www.homewizard.com\/wp-content\/uploads\/2023\/04\/production_gross-power-consumption-600x601.webp 600w\" sizes=\"auto, (max-width: 799px) 100vw, 799px\" \/><\/figure><\/div>\n\n\n\n<h2 class=\" wp-block-heading eplus-wrapper\">Energy+ k\u00fcndigen<\/h2>\n\n\n\n<p class=\" eplus-wrapper\">Sie k\u00f6nnen Energy+ jederzeit k\u00fcndigen. Nach der K\u00fcndigung behalten Sie den Zugang zu den Energy+ Funktionen bis zum K\u00fcndigungsdatum. Danach werden Sie automatisch auf die kostenlose Basisfunktionalit\u00e4t zur\u00fcckgestuft, die Energy+ -Funktionen sind nicht mehr verf\u00fcgbar und Diagrammdaten, die \u00e4lter als 12 Monate sind, werden gel\u00f6scht.<\/p>\n\n\n\n<p class=\" eplus-wrapper\">If you bought Energy+ via the&nbsp;<strong>website<\/strong>&nbsp;you can cancel at&nbsp;<strong><a href=\"https:\/\/www.homewizard.com\/my-account\/homes\/\">Account &gt; Homes<\/a><\/strong>.<\/p>\n\n\n\n<p class=\" eplus-wrapper\">If you bought Energy+ via the&nbsp;<strong>app<\/strong>&nbsp;you can cancel in the<strong>&nbsp;<a href=\"https:\/\/support.apple.com\/en-gb\/guide\/iphone\/iph3dfd91de\/ios\" target=\"_blank\" rel=\"noreferrer noopener\">Apple Subscription settings<\/a><\/strong>&nbsp;or&nbsp;<strong><a href=\"https:\/\/support.google.com\/googleplay\/answer\/7018481\" target=\"_blank\" rel=\"noreferrer noopener\">Google subscription settings<\/a><\/strong>&nbsp;on your phone.<\/p>\n\n\n\n<div style=\"height:32px\" aria-hidden=\"true\" class=\" wp-block-spacer eplus-wrapper\"><\/div>\n","protected":false},"excerpt":{"rendered":"<p>Ein Jahresabonnement mit dem Sie zus\u00e4tzlich zu den kostenlosen Funktionen der HomeWizard App noch mehr Einblicke und Funktionen erhalten. Alle <a href=\"https:\/\/www.homewizard.com\/de-at\/energy-plus\/\">Energy+ -Funktionalit\u00e4ten<\/a> ansehen.<\/p>\n","protected":false},"featured_media":455502,"template":"","meta":{"_acf_changed":false,"editor_plus_copied_stylings":"{}"},"product_brand":[],"product_cat":[253,254],"product_tag":[],"class_list":{"0":"post-543259","1":"product","2":"type-product","3":"status-publish","4":"has-post-thumbnail","6":"product_cat-alle-de-at","7":"product_cat-produkte","9":"first","10":"instock","11":"virtual","12":"sold-individually","13":"taxable","14":"purchasable","15":"product-type-subscription"},"acf":[],"yoast_head":"<!-- This site is optimized with the Yoast SEO plugin v27.0 - https:\/\/yoast.com\/product\/yoast-seo-wordpress\/ -->\n<title>Energy+ -Abonnement (12 Monate) - HomeWizard<\/title>\n<meta name=\"description\" content=\"Ein Jahresabonnement f\u00fcr nur \u20ac11.95, um noch mehr Einblicke in den Energieverbrauch zu erhalten. \u2713 Standby-Verbrauch. \u2713 Benachrichtigungen bei ungew\u00f6hnlichem Energieverbrauch. \u2713 Intelligentes Schalten.\" \/>\n<meta name=\"robots\" content=\"index, follow, max-snippet:-1, max-image-preview:large, max-video-preview:-1\" \/>\n<link rel=\"canonical\" href=\"https:\/\/www.homewizard.com\/de-at\/shop\/energy-plus\/\" \/>\n<meta property=\"og:locale\" content=\"de_DE\" \/>\n<meta property=\"og:type\" content=\"article\" \/>\n<meta property=\"og:title\" content=\"Energy+ -Abonnement (12 Monate) - HomeWizard\" \/>\n<meta property=\"og:description\" content=\"Ein Jahresabonnement f\u00fcr nur \u20ac11.95, um noch mehr Einblicke in den Energieverbrauch zu erhalten. \u2713 Standby-Verbrauch. \u2713 Benachrichtigungen bei ungew\u00f6hnlichem Energieverbrauch. \u2713 Intelligentes Schalten.\" \/>\n<meta property=\"og:url\" content=\"https:\/\/www.homewizard.com\/de-at\/shop\/energy-plus\/\" \/>\n<meta property=\"og:site_name\" content=\"HomeWizard\" \/>\n<meta property=\"article:publisher\" content=\"https:\/\/www.facebook.com\/HomeWizardBV\/\" \/>\n<meta property=\"article:modified_time\" content=\"2026-03-25T09:33:29+00:00\" \/>\n<meta property=\"og:image\" content=\"https:\/\/www.homewizard.com\/wp-content\/uploads\/2023\/03\/HomeWizard-Energy-logo-png-2023.png\" \/>\n\t<meta property=\"og:image:width\" content=\"600\" \/>\n\t<meta property=\"og:image:height\" content=\"600\" \/>\n\t<meta property=\"og:image:type\" content=\"image\/png\" \/>\n<meta name=\"twitter:card\" content=\"summary_large_image\" \/>\n<meta name=\"twitter:site\" content=\"@HomeWizard_NL\" \/>\n<meta name=\"twitter:label1\" content=\"Gesch\u00e4tzte Lesezeit\" \/>\n\t<meta name=\"twitter:data1\" content=\"2 Minuten\" \/>\n<script type=\"application\/ld+json\" class=\"yoast-schema-graph\">{\"@context\":\"https:\/\/schema.org\",\"@graph\":[{\"@type\":\"WebPage\",\"@id\":\"https:\/\/www.homewizard.com\/de-at\/shop\/energy-plus\/\",\"url\":\"https:\/\/www.homewizard.com\/de-at\/shop\/energy-plus\/\",\"name\":\"Energy+ -Abonnement (12 Monate) - HomeWizard\",\"isPartOf\":{\"@id\":\"https:\/\/www.homewizard.com\/de-at\/#website\"},\"primaryImageOfPage\":{\"@id\":\"https:\/\/www.homewizard.com\/de-at\/shop\/energy-plus\/#primaryimage\"},\"image\":{\"@id\":\"https:\/\/www.homewizard.com\/de-at\/shop\/energy-plus\/#primaryimage\"},\"thumbnailUrl\":\"https:\/\/www.homewizard.com\/wp-content\/uploads\/2023\/03\/HomeWizard-Energy-logo-png-2023.png\",\"datePublished\":\"2023-03-21T10:12:08+00:00\",\"dateModified\":\"2026-03-25T09:33:29+00:00\",\"description\":\"Ein Jahresabonnement f\u00fcr nur \u20ac11.95, um noch mehr Einblicke in den Energieverbrauch zu erhalten. \u2713 Standby-Verbrauch. \u2713 Benachrichtigungen bei ungew\u00f6hnlichem Energieverbrauch. \u2713 Intelligentes Schalten.\",\"breadcrumb\":{\"@id\":\"https:\/\/www.homewizard.com\/de-at\/shop\/energy-plus\/#breadcrumb\"},\"inLanguage\":\"de-AT\",\"potentialAction\":[{\"@type\":\"ReadAction\",\"target\":[\"https:\/\/www.homewizard.com\/de-at\/shop\/energy-plus\/\"]}]},{\"@type\":\"ImageObject\",\"inLanguage\":\"de-AT\",\"@id\":\"https:\/\/www.homewizard.com\/de-at\/shop\/energy-plus\/#primaryimage\",\"url\":\"https:\/\/www.homewizard.com\/wp-content\/uploads\/2023\/03\/HomeWizard-Energy-logo-png-2023.png\",\"contentUrl\":\"https:\/\/www.homewizard.com\/wp-content\/uploads\/2023\/03\/HomeWizard-Energy-logo-png-2023.png\",\"width\":600,\"height\":600},{\"@type\":\"BreadcrumbList\",\"@id\":\"https:\/\/www.homewizard.com\/de-at\/shop\/energy-plus\/#breadcrumb\",\"itemListElement\":[{\"@type\":\"ListItem\",\"position\":1,\"name\":\"Home\",\"item\":\"https:\/\/www.homewizard.com\/de-at\/\"},{\"@type\":\"ListItem\",\"position\":2,\"name\":\"Shop\",\"item\":\"https:\/\/www.homewizard.com\/de-at\/shop\/\"},{\"@type\":\"ListItem\",\"position\":3,\"name\":\"Energy+ -Abonnement\"}]},{\"@type\":\"WebSite\",\"@id\":\"https:\/\/www.homewizard.com\/de-at\/#website\",\"url\":\"https:\/\/www.homewizard.com\/de-at\/\",\"name\":\"HomeWizard\",\"description\":\"HomeWizard Energy\",\"publisher\":{\"@id\":\"https:\/\/www.homewizard.com\/de-at\/#organization\"},\"potentialAction\":[{\"@type\":\"SearchAction\",\"target\":{\"@type\":\"EntryPoint\",\"urlTemplate\":\"https:\/\/www.homewizard.com\/de-at\/?s={search_term_string}\"},\"query-input\":{\"@type\":\"PropertyValueSpecification\",\"valueRequired\":true,\"valueName\":\"search_term_string\"}}],\"inLanguage\":\"de-AT\"},{\"@type\":\"Organization\",\"@id\":\"https:\/\/www.homewizard.com\/de-at\/#organization\",\"name\":\"HomeWizard\",\"url\":\"https:\/\/www.homewizard.com\/de-at\/\",\"logo\":{\"@type\":\"ImageObject\",\"inLanguage\":\"de-AT\",\"@id\":\"https:\/\/www.homewizard.com\/de-at\/#\/schema\/logo\/image\/\",\"url\":\"https:\/\/www.homewizard.com\/wp-content\/uploads\/2023\/06\/HomeWizard-icon-on-black.png\",\"contentUrl\":\"https:\/\/www.homewizard.com\/wp-content\/uploads\/2023\/06\/HomeWizard-icon-on-black.png\",\"width\":500,\"height\":500,\"caption\":\"HomeWizard\"},\"image\":{\"@id\":\"https:\/\/www.homewizard.com\/de-at\/#\/schema\/logo\/image\/\"},\"sameAs\":[\"https:\/\/www.facebook.com\/HomeWizardBV\/\",\"https:\/\/x.com\/HomeWizard_NL\",\"https:\/\/www.youtube.com\/HomeWizardBV\",\"https:\/\/www.instagram.com\/homewizardenergy\/\"]}]}<\/script>\n<!-- \/ Yoast SEO plugin. -->","yoast_head_json":{"title":"Energy+ -Abonnement (12 Monate) - HomeWizard","description":"Ein Jahresabonnement f\u00fcr nur \u20ac11.95, um noch mehr Einblicke in den Energieverbrauch zu erhalten. \u2713 Standby-Verbrauch. \u2713 Benachrichtigungen bei ungew\u00f6hnlichem Energieverbrauch. \u2713 Intelligentes Schalten.","robots":{"index":"index","follow":"follow","max-snippet":"max-snippet:-1","max-image-preview":"max-image-preview:large","max-video-preview":"max-video-preview:-1"},"canonical":"https:\/\/www.homewizard.com\/de-at\/shop\/energy-plus\/","og_locale":"de_DE","og_type":"article","og_title":"Energy+ -Abonnement (12 Monate) - HomeWizard","og_description":"Ein Jahresabonnement f\u00fcr nur \u20ac11.95, um noch mehr Einblicke in den Energieverbrauch zu erhalten. \u2713 Standby-Verbrauch. \u2713 Benachrichtigungen bei ungew\u00f6hnlichem Energieverbrauch. \u2713 Intelligentes Schalten.","og_url":"https:\/\/www.homewizard.com\/de-at\/shop\/energy-plus\/","og_site_name":"HomeWizard","article_publisher":"https:\/\/www.facebook.com\/HomeWizardBV\/","article_modified_time":"2026-03-25T09:33:29+00:00","og_image":[{"width":600,"height":600,"url":"https:\/\/www.homewizard.com\/wp-content\/uploads\/2023\/03\/HomeWizard-Energy-logo-png-2023.png","type":"image\/png"}],"twitter_card":"summary_large_image","twitter_site":"@HomeWizard_NL","twitter_misc":{"Gesch\u00e4tzte Lesezeit":"2 Minuten"},"schema":{"@context":"https:\/\/schema.org","@graph":[{"@type":"WebPage","@id":"https:\/\/www.homewizard.com\/de-at\/shop\/energy-plus\/","url":"https:\/\/www.homewizard.com\/de-at\/shop\/energy-plus\/","name":"Energy+ -Abonnement (12 Monate) - HomeWizard","isPartOf":{"@id":"https:\/\/www.homewizard.com\/de-at\/#website"},"primaryImageOfPage":{"@id":"https:\/\/www.homewizard.com\/de-at\/shop\/energy-plus\/#primaryimage"},"image":{"@id":"https:\/\/www.homewizard.com\/de-at\/shop\/energy-plus\/#primaryimage"},"thumbnailUrl":"https:\/\/www.homewizard.com\/wp-content\/uploads\/2023\/03\/HomeWizard-Energy-logo-png-2023.png","datePublished":"2023-03-21T10:12:08+00:00","dateModified":"2026-03-25T09:33:29+00:00","description":"Ein Jahresabonnement f\u00fcr nur \u20ac11.95, um noch mehr Einblicke in den Energieverbrauch zu erhalten. \u2713 Standby-Verbrauch. \u2713 Benachrichtigungen bei ungew\u00f6hnlichem Energieverbrauch. \u2713 Intelligentes Schalten.","breadcrumb":{"@id":"https:\/\/www.homewizard.com\/de-at\/shop\/energy-plus\/#breadcrumb"},"inLanguage":"de-AT","potentialAction":[{"@type":"ReadAction","target":["https:\/\/www.homewizard.com\/de-at\/shop\/energy-plus\/"]}]},{"@type":"ImageObject","inLanguage":"de-AT","@id":"https:\/\/www.homewizard.com\/de-at\/shop\/energy-plus\/#primaryimage","url":"https:\/\/www.homewizard.com\/wp-content\/uploads\/2023\/03\/HomeWizard-Energy-logo-png-2023.png","contentUrl":"https:\/\/www.homewizard.com\/wp-content\/uploads\/2023\/03\/HomeWizard-Energy-logo-png-2023.png","width":600,"height":600},{"@type":"BreadcrumbList","@id":"https:\/\/www.homewizard.com\/de-at\/shop\/energy-plus\/#breadcrumb","itemListElement":[{"@type":"ListItem","position":1,"name":"Home","item":"https:\/\/www.homewizard.com\/de-at\/"},{"@type":"ListItem","position":2,"name":"Shop","item":"https:\/\/www.homewizard.com\/de-at\/shop\/"},{"@type":"ListItem","position":3,"name":"Energy+ -Abonnement"}]},{"@type":"WebSite","@id":"https:\/\/www.homewizard.com\/de-at\/#website","url":"https:\/\/www.homewizard.com\/de-at\/","name":"HomeWizard","description":"HomeWizard Energy","publisher":{"@id":"https:\/\/www.homewizard.com\/de-at\/#organization"},"potentialAction":[{"@type":"SearchAction","target":{"@type":"EntryPoint","urlTemplate":"https:\/\/www.homewizard.com\/de-at\/?s={search_term_string}"},"query-input":{"@type":"PropertyValueSpecification","valueRequired":true,"valueName":"search_term_string"}}],"inLanguage":"de-AT"},{"@type":"Organization","@id":"https:\/\/www.homewizard.com\/de-at\/#organization","name":"HomeWizard","url":"https:\/\/www.homewizard.com\/de-at\/","logo":{"@type":"ImageObject","inLanguage":"de-AT","@id":"https:\/\/www.homewizard.com\/de-at\/#\/schema\/logo\/image\/","url":"https:\/\/www.homewizard.com\/wp-content\/uploads\/2023\/06\/HomeWizard-icon-on-black.png","contentUrl":"https:\/\/www.homewizard.com\/wp-content\/uploads\/2023\/06\/HomeWizard-icon-on-black.png","width":500,"height":500,"caption":"HomeWizard"},"image":{"@id":"https:\/\/www.homewizard.com\/de-at\/#\/schema\/logo\/image\/"},"sameAs":["https:\/\/www.facebook.com\/HomeWizardBV\/","https:\/\/x.com\/HomeWizard_NL","https:\/\/www.youtube.com\/HomeWizardBV","https:\/\/www.instagram.com\/homewizardenergy\/"]}]}},"_links":{"self":[{"href":"https:\/\/www.homewizard.com\/de-at\/wp-json\/wp\/v2\/product\/543259","targetHints":{"allow":["GET"]}}],"collection":[{"href":"https:\/\/www.homewizard.com\/de-at\/wp-json\/wp\/v2\/product"}],"about":[{"href":"https:\/\/www.homewizard.com\/de-at\/wp-json\/wp\/v2\/types\/product"}],"wp:featuredmedia":[{"embeddable":true,"href":"https:\/\/www.homewizard.com\/de-at\/wp-json\/wp\/v2\/media\/455502"}],"wp:attachment":[{"href":"https:\/\/www.homewizard.com\/de-at\/wp-json\/wp\/v2\/media?parent=543259"}],"wp:term":[{"taxonomy":"product_brand","embeddable":true,"href":"https:\/\/www.homewizard.com\/de-at\/wp-json\/wp\/v2\/product_brand?post=543259"},{"taxonomy":"product_cat","embeddable":true,"href":"https:\/\/www.homewizard.com\/de-at\/wp-json\/wp\/v2\/product_cat?post=543259"},{"taxonomy":"product_tag","embeddable":true,"href":"https:\/\/www.homewizard.com\/de-at\/wp-json\/wp\/v2\/product_tag?post=543259"}],"curies":[{"name":"wp","href":"https:\/\/api.w.org\/{rel}","templated":true}]}}