{"id":543241,"date":"2021-12-06T17:16:49","date_gmt":"2021-12-06T16:16:49","guid":{"rendered":"https:\/\/www.homewizard.com\/shop\/wlan-kwh-zaehler-1-phase\/"},"modified":"2026-05-02T21:15:44","modified_gmt":"2026-05-02T19:15:44","slug":"kwh-meter-wlan-1-phasen","status":"publish","type":"product","link":"https:\/\/www.homewizard.com\/de-at\/shop\/kwh-meter-wlan-1-phasen\/","title":{"rendered":"kWh Meter WLAN 1-Phasen"},"content":{"rendered":"\n<p class=\" eplus-wrapper\">F\u00fcr den modernen Sicherungskasten! HomeWizard hat in Zusammenarbeit mit Eastron den ersten MID-zugelassenen WLAN kWh Meter der Welt hergestellt. Verschaffen Sie sich einen \u00dcberblick \u00fcber Ihre Solaranlage, Ihre W\u00e4rmepumpe, Ihr Elektroauto und mehr.<\/p>\n\n<p class=\" eplus-wrapper\"><\/p>\n\n<h2 class=\" wp-block-heading eplus-wrapper\">Mehrere Anwendungsf\u00e4lle<\/h2>\n<ul class=\"eplus-wrapper wp-block-list eplus-styles-uid-302f43\">\n<li class=\" eplus-wrapper\"><strong>Solaranlage<\/strong>: Sehen Sie genau, wie viel Strom Ihre Solaranlage produzieren.<\/li>\n\n\n\n<li class=\" eplus-wrapper\"><strong>Haushalt<\/strong>: Messen Sie, wie viel Energie verbraucht wird und sehen Sie Ihren Solar\u00fcberschuss, indem Sie den kWh Meter an Ihrem Hauptanschluss anbringen.<\/li>\n\n\n\n<li class=\" eplus-wrapper\"><strong>Elektroauto<\/strong>: Behalten Sie die Kosten f\u00fcr das Aufladen Ihres Elektroautos im Auge. Haben Sie einen Mietvertrag? Der kWh Z\u00e4hler kann zur Abrechnung verwendet werden. (MID-zertifiziert)<\/li>\n\n\n\n<li class=\" eplus-wrapper\"><strong>W\u00e4rmepumpe<\/strong>: Messen Sie den Energieverbrauch f\u00fcr das Heizen Ihres Haushalts.<\/li>\n\n\n\n<li class=\" eplus-wrapper\"><strong>F\u00fcr den Installateur<\/strong>: Einsicht aus der Distanz in den Betrieb und die Leistung Ihrer Anlagen.<\/li>\n<\/ul><div class=\"wp-block-image is-resized\">\n<figure class=\"aligncenter size-large eplus-wrapper\"><img loading=\"lazy\" decoding=\"async\" width=\"1024\" height=\"1024\" src=\"https:\/\/cdn.homewizard.com\/wp-content\/uploads\/2024\/04\/kWh_Meter_3-phase_HW_app_EN-1024x1024.png\" alt=\"\" class=\"wp-image-621149\" srcset=\"https:\/\/www.homewizard.com\/wp-content\/uploads\/2024\/04\/kWh_Meter_3-phase_HW_app_EN-1024x1024.png 1024w, https:\/\/www.homewizard.com\/wp-content\/uploads\/2024\/04\/kWh_Meter_3-phase_HW_app_EN-300x300.png 300w, https:\/\/www.homewizard.com\/wp-content\/uploads\/2024\/04\/kWh_Meter_3-phase_HW_app_EN-150x150.png 150w, https:\/\/www.homewizard.com\/wp-content\/uploads\/2024\/04\/kWh_Meter_3-phase_HW_app_EN-768x768.png 768w, https:\/\/www.homewizard.com\/wp-content\/uploads\/2024\/04\/kWh_Meter_3-phase_HW_app_EN-500x500.png 500w, https:\/\/www.homewizard.com\/wp-content\/uploads\/2024\/04\/kWh_Meter_3-phase_HW_app_EN-800x800.png 800w, https:\/\/www.homewizard.com\/wp-content\/uploads\/2024\/04\/kWh_Meter_3-phase_HW_app_EN-124x124.png 124w\" sizes=\"auto, (max-width: 1024px) 100vw, 1024px\" \/><\/figure>\n<\/div>\n<h2 class=\" wp-block-heading eplus-wrapper\">Flexible Installation \u00fcber WLAN<\/h2>\n\n<p class=\" eplus-wrapper\">Der kWh Z\u00e4hler verf\u00fcgt \u00fcber integriertes WLAN und kann direkt neben Ihrer Gruppe im Sicherungskasten installiert werden. Kein Platz? Er kann auch einfach neben Ihrem Konverter auf dem Dachboden, Ihrer Ladestation oder in Ihrer eigenen Anschlussdose platziert werden.<\/p>\n\n<h2 class=\" wp-block-heading eplus-wrapper\">In der Box<\/h2>\n<ul class=\"eplus-wrapper wp-block-list eplus-styles-uid-969f1e\">\n<li class=\" eplus-wrapper\">kWh Meter<\/li>\n\n\n\n<li class=\" eplus-wrapper\">Schnellstart-Anleitung<\/li>\n<\/ul>\n<p class=\" eplus-wrapper\"><a href=\"https:\/\/www.homewizard.com\/de-at\/kwh-meter\/\">Mehr Informationen \u00fcber den kWh Meter<\/a><\/p>\n\n<p class=\" eplus-wrapper\"><\/p>\n","protected":false},"excerpt":{"rendered":"<p>Messen Sie Solaranlage, Autoladeger\u00e4te und mehr.<\/p>\n","protected":false},"featured_media":621190,"template":"","meta":{"_acf_changed":false,"editor_plus_copied_stylings":"{}"},"product_brand":[],"product_cat":[253,254],"product_tag":[],"class_list":{"0":"post-543241","1":"product","2":"type-product","3":"status-publish","4":"has-post-thumbnail","6":"product_cat-alle-de-at","7":"product_cat-produkte","9":"first","10":"instock","11":"taxable","12":"shipping-taxable","13":"purchasable","14":"product-type-simple"},"acf":[],"yoast_head":"<!-- This site is optimized with the Yoast SEO plugin v27.0 - https:\/\/yoast.com\/product\/yoast-seo-wordpress\/ -->\n<title>kWh Meter WLAN 1-Phasen - HomeWizard<\/title>\n<meta name=\"description\" content=\"Messen Sie den Energieverbrauch jedes Ger\u00e4ts mit dem kWh Meter WLAN 1-Phasen von HomeWizard. Sehen Sie sich den Verbrauch in Echtzeit oder in sch\u00f6nen historischen Diagrammen in der Energy App an.\" \/>\n<meta name=\"robots\" content=\"index, follow, max-snippet:-1, max-image-preview:large, max-video-preview:-1\" \/>\n<link rel=\"canonical\" href=\"https:\/\/www.homewizard.com\/de-at\/shop\/kwh-meter-wlan-1-phasen\/\" \/>\n<meta property=\"og:locale\" content=\"de_DE\" \/>\n<meta property=\"og:type\" content=\"article\" \/>\n<meta property=\"og:title\" content=\"kWh Meter WLAN 1-Phasen - HomeWizard\" \/>\n<meta property=\"og:description\" content=\"Messen Sie den Energieverbrauch jedes Ger\u00e4ts mit dem kWh Meter WLAN 1-Phasen von HomeWizard. Sehen Sie sich den Verbrauch in Echtzeit oder in sch\u00f6nen historischen Diagrammen in der Energy App an.\" \/>\n<meta property=\"og:url\" content=\"https:\/\/www.homewizard.com\/de-at\/shop\/kwh-meter-wlan-1-phasen\/\" \/>\n<meta property=\"og:site_name\" content=\"HomeWizard\" \/>\n<meta property=\"article:publisher\" content=\"https:\/\/www.facebook.com\/HomeWizardBV\/\" \/>\n<meta property=\"article:modified_time\" content=\"2026-05-02T19:15:44+00:00\" \/>\n<meta property=\"og:image\" content=\"https:\/\/www.homewizard.com\/wp-content\/uploads\/2021\/12\/kWh-Meter-1-phase-HW-shop.png\" \/>\n\t<meta property=\"og:image:width\" content=\"800\" \/>\n\t<meta property=\"og:image:height\" content=\"800\" \/>\n\t<meta property=\"og:image:type\" content=\"image\/png\" \/>\n<meta name=\"twitter:card\" content=\"summary_large_image\" \/>\n<meta name=\"twitter:site\" content=\"@HomeWizard_NL\" \/>\n<meta name=\"twitter:label1\" content=\"Gesch\u00e4tzte Lesezeit\" \/>\n\t<meta name=\"twitter:data1\" content=\"1 Minute\" \/>\n<script type=\"application\/ld+json\" class=\"yoast-schema-graph\">{\"@context\":\"https:\/\/schema.org\",\"@graph\":[{\"@type\":\"WebPage\",\"@id\":\"https:\/\/www.homewizard.com\/de-at\/shop\/kwh-meter-wlan-1-phasen\/\",\"url\":\"https:\/\/www.homewizard.com\/de-at\/shop\/kwh-meter-wlan-1-phasen\/\",\"name\":\"kWh Meter WLAN 1-Phasen - HomeWizard\",\"isPartOf\":{\"@id\":\"https:\/\/www.homewizard.com\/de-at\/#website\"},\"primaryImageOfPage\":{\"@id\":\"https:\/\/www.homewizard.com\/de-at\/shop\/kwh-meter-wlan-1-phasen\/#primaryimage\"},\"image\":{\"@id\":\"https:\/\/www.homewizard.com\/de-at\/shop\/kwh-meter-wlan-1-phasen\/#primaryimage\"},\"thumbnailUrl\":\"https:\/\/www.homewizard.com\/wp-content\/uploads\/2021\/12\/kWh-Meter-1-phase-HW-shop.png\",\"datePublished\":\"2021-12-06T16:16:49+00:00\",\"dateModified\":\"2026-05-02T19:15:44+00:00\",\"description\":\"Messen Sie den Energieverbrauch jedes Ger\u00e4ts mit dem kWh Meter WLAN 1-Phasen von HomeWizard. Sehen Sie sich den Verbrauch in Echtzeit oder in sch\u00f6nen historischen Diagrammen in der Energy App an.\",\"breadcrumb\":{\"@id\":\"https:\/\/www.homewizard.com\/de-at\/shop\/kwh-meter-wlan-1-phasen\/#breadcrumb\"},\"inLanguage\":\"de-AT\",\"potentialAction\":[{\"@type\":\"ReadAction\",\"target\":[\"https:\/\/www.homewizard.com\/de-at\/shop\/kwh-meter-wlan-1-phasen\/\"]}]},{\"@type\":\"ImageObject\",\"inLanguage\":\"de-AT\",\"@id\":\"https:\/\/www.homewizard.com\/de-at\/shop\/kwh-meter-wlan-1-phasen\/#primaryimage\",\"url\":\"https:\/\/www.homewizard.com\/wp-content\/uploads\/2021\/12\/kWh-Meter-1-phase-HW-shop.png\",\"contentUrl\":\"https:\/\/www.homewizard.com\/wp-content\/uploads\/2021\/12\/kWh-Meter-1-phase-HW-shop.png\",\"width\":800,\"height\":800},{\"@type\":\"BreadcrumbList\",\"@id\":\"https:\/\/www.homewizard.com\/de-at\/shop\/kwh-meter-wlan-1-phasen\/#breadcrumb\",\"itemListElement\":[{\"@type\":\"ListItem\",\"position\":1,\"name\":\"Home\",\"item\":\"https:\/\/www.homewizard.com\/de-at\/\"},{\"@type\":\"ListItem\",\"position\":2,\"name\":\"Shop\",\"item\":\"https:\/\/www.homewizard.com\/de-at\/shop\/\"},{\"@type\":\"ListItem\",\"position\":3,\"name\":\"kWh Meter WLAN 1-Phasen\"}]},{\"@type\":\"WebSite\",\"@id\":\"https:\/\/www.homewizard.com\/de-at\/#website\",\"url\":\"https:\/\/www.homewizard.com\/de-at\/\",\"name\":\"HomeWizard\",\"description\":\"HomeWizard Energy\",\"publisher\":{\"@id\":\"https:\/\/www.homewizard.com\/de-at\/#organization\"},\"potentialAction\":[{\"@type\":\"SearchAction\",\"target\":{\"@type\":\"EntryPoint\",\"urlTemplate\":\"https:\/\/www.homewizard.com\/de-at\/?s={search_term_string}\"},\"query-input\":{\"@type\":\"PropertyValueSpecification\",\"valueRequired\":true,\"valueName\":\"search_term_string\"}}],\"inLanguage\":\"de-AT\"},{\"@type\":\"Organization\",\"@id\":\"https:\/\/www.homewizard.com\/de-at\/#organization\",\"name\":\"HomeWizard\",\"url\":\"https:\/\/www.homewizard.com\/de-at\/\",\"logo\":{\"@type\":\"ImageObject\",\"inLanguage\":\"de-AT\",\"@id\":\"https:\/\/www.homewizard.com\/de-at\/#\/schema\/logo\/image\/\",\"url\":\"https:\/\/www.homewizard.com\/wp-content\/uploads\/2023\/06\/HomeWizard-icon-on-black.png\",\"contentUrl\":\"https:\/\/www.homewizard.com\/wp-content\/uploads\/2023\/06\/HomeWizard-icon-on-black.png\",\"width\":500,\"height\":500,\"caption\":\"HomeWizard\"},\"image\":{\"@id\":\"https:\/\/www.homewizard.com\/de-at\/#\/schema\/logo\/image\/\"},\"sameAs\":[\"https:\/\/www.facebook.com\/HomeWizardBV\/\",\"https:\/\/x.com\/HomeWizard_NL\",\"https:\/\/www.youtube.com\/HomeWizardBV\",\"https:\/\/www.instagram.com\/homewizardenergy\/\"]}]}<\/script>\n<!-- \/ Yoast SEO plugin. -->","yoast_head_json":{"title":"kWh Meter WLAN 1-Phasen - HomeWizard","description":"Messen Sie den Energieverbrauch jedes Ger\u00e4ts mit dem kWh Meter WLAN 1-Phasen von HomeWizard. Sehen Sie sich den Verbrauch in Echtzeit oder in sch\u00f6nen historischen Diagrammen in der Energy App an.","robots":{"index":"index","follow":"follow","max-snippet":"max-snippet:-1","max-image-preview":"max-image-preview:large","max-video-preview":"max-video-preview:-1"},"canonical":"https:\/\/www.homewizard.com\/de-at\/shop\/kwh-meter-wlan-1-phasen\/","og_locale":"de_DE","og_type":"article","og_title":"kWh Meter WLAN 1-Phasen - HomeWizard","og_description":"Messen Sie den Energieverbrauch jedes Ger\u00e4ts mit dem kWh Meter WLAN 1-Phasen von HomeWizard. Sehen Sie sich den Verbrauch in Echtzeit oder in sch\u00f6nen historischen Diagrammen in der Energy App an.","og_url":"https:\/\/www.homewizard.com\/de-at\/shop\/kwh-meter-wlan-1-phasen\/","og_site_name":"HomeWizard","article_publisher":"https:\/\/www.facebook.com\/HomeWizardBV\/","article_modified_time":"2026-05-02T19:15:44+00:00","og_image":[{"width":800,"height":800,"url":"https:\/\/www.homewizard.com\/wp-content\/uploads\/2021\/12\/kWh-Meter-1-phase-HW-shop.png","type":"image\/png"}],"twitter_card":"summary_large_image","twitter_site":"@HomeWizard_NL","twitter_misc":{"Gesch\u00e4tzte Lesezeit":"1 Minute"},"schema":{"@context":"https:\/\/schema.org","@graph":[{"@type":"WebPage","@id":"https:\/\/www.homewizard.com\/de-at\/shop\/kwh-meter-wlan-1-phasen\/","url":"https:\/\/www.homewizard.com\/de-at\/shop\/kwh-meter-wlan-1-phasen\/","name":"kWh Meter WLAN 1-Phasen - HomeWizard","isPartOf":{"@id":"https:\/\/www.homewizard.com\/de-at\/#website"},"primaryImageOfPage":{"@id":"https:\/\/www.homewizard.com\/de-at\/shop\/kwh-meter-wlan-1-phasen\/#primaryimage"},"image":{"@id":"https:\/\/www.homewizard.com\/de-at\/shop\/kwh-meter-wlan-1-phasen\/#primaryimage"},"thumbnailUrl":"https:\/\/www.homewizard.com\/wp-content\/uploads\/2021\/12\/kWh-Meter-1-phase-HW-shop.png","datePublished":"2021-12-06T16:16:49+00:00","dateModified":"2026-05-02T19:15:44+00:00","description":"Messen Sie den Energieverbrauch jedes Ger\u00e4ts mit dem kWh Meter WLAN 1-Phasen von HomeWizard. Sehen Sie sich den Verbrauch in Echtzeit oder in sch\u00f6nen historischen Diagrammen in der Energy App an.","breadcrumb":{"@id":"https:\/\/www.homewizard.com\/de-at\/shop\/kwh-meter-wlan-1-phasen\/#breadcrumb"},"inLanguage":"de-AT","potentialAction":[{"@type":"ReadAction","target":["https:\/\/www.homewizard.com\/de-at\/shop\/kwh-meter-wlan-1-phasen\/"]}]},{"@type":"ImageObject","inLanguage":"de-AT","@id":"https:\/\/www.homewizard.com\/de-at\/shop\/kwh-meter-wlan-1-phasen\/#primaryimage","url":"https:\/\/www.homewizard.com\/wp-content\/uploads\/2021\/12\/kWh-Meter-1-phase-HW-shop.png","contentUrl":"https:\/\/www.homewizard.com\/wp-content\/uploads\/2021\/12\/kWh-Meter-1-phase-HW-shop.png","width":800,"height":800},{"@type":"BreadcrumbList","@id":"https:\/\/www.homewizard.com\/de-at\/shop\/kwh-meter-wlan-1-phasen\/#breadcrumb","itemListElement":[{"@type":"ListItem","position":1,"name":"Home","item":"https:\/\/www.homewizard.com\/de-at\/"},{"@type":"ListItem","position":2,"name":"Shop","item":"https:\/\/www.homewizard.com\/de-at\/shop\/"},{"@type":"ListItem","position":3,"name":"kWh Meter WLAN 1-Phasen"}]},{"@type":"WebSite","@id":"https:\/\/www.homewizard.com\/de-at\/#website","url":"https:\/\/www.homewizard.com\/de-at\/","name":"HomeWizard","description":"HomeWizard Energy","publisher":{"@id":"https:\/\/www.homewizard.com\/de-at\/#organization"},"potentialAction":[{"@type":"SearchAction","target":{"@type":"EntryPoint","urlTemplate":"https:\/\/www.homewizard.com\/de-at\/?s={search_term_string}"},"query-input":{"@type":"PropertyValueSpecification","valueRequired":true,"valueName":"search_term_string"}}],"inLanguage":"de-AT"},{"@type":"Organization","@id":"https:\/\/www.homewizard.com\/de-at\/#organization","name":"HomeWizard","url":"https:\/\/www.homewizard.com\/de-at\/","logo":{"@type":"ImageObject","inLanguage":"de-AT","@id":"https:\/\/www.homewizard.com\/de-at\/#\/schema\/logo\/image\/","url":"https:\/\/www.homewizard.com\/wp-content\/uploads\/2023\/06\/HomeWizard-icon-on-black.png","contentUrl":"https:\/\/www.homewizard.com\/wp-content\/uploads\/2023\/06\/HomeWizard-icon-on-black.png","width":500,"height":500,"caption":"HomeWizard"},"image":{"@id":"https:\/\/www.homewizard.com\/de-at\/#\/schema\/logo\/image\/"},"sameAs":["https:\/\/www.facebook.com\/HomeWizardBV\/","https:\/\/x.com\/HomeWizard_NL","https:\/\/www.youtube.com\/HomeWizardBV","https:\/\/www.instagram.com\/homewizardenergy\/"]}]}},"_links":{"self":[{"href":"https:\/\/www.homewizard.com\/de-at\/wp-json\/wp\/v2\/product\/543241","targetHints":{"allow":["GET"]}}],"collection":[{"href":"https:\/\/www.homewizard.com\/de-at\/wp-json\/wp\/v2\/product"}],"about":[{"href":"https:\/\/www.homewizard.com\/de-at\/wp-json\/wp\/v2\/types\/product"}],"wp:featuredmedia":[{"embeddable":true,"href":"https:\/\/www.homewizard.com\/de-at\/wp-json\/wp\/v2\/media\/621190"}],"wp:attachment":[{"href":"https:\/\/www.homewizard.com\/de-at\/wp-json\/wp\/v2\/media?parent=543241"}],"wp:term":[{"taxonomy":"product_brand","embeddable":true,"href":"https:\/\/www.homewizard.com\/de-at\/wp-json\/wp\/v2\/product_brand?post=543241"},{"taxonomy":"product_cat","embeddable":true,"href":"https:\/\/www.homewizard.com\/de-at\/wp-json\/wp\/v2\/product_cat?post=543241"},{"taxonomy":"product_tag","embeddable":true,"href":"https:\/\/www.homewizard.com\/de-at\/wp-json\/wp\/v2\/product_tag?post=543241"}],"curies":[{"name":"wp","href":"https:\/\/api.w.org\/{rel}","templated":true}]}}