{"id":1101967,"date":"2024-07-30T13:37:25","date_gmt":"2024-07-30T11:37:25","guid":{"rendered":"https:\/\/www.homewizard.com\/shop\/usb-c-adaptersatz-2\/"},"modified":"2026-05-03T16:50:09","modified_gmt":"2026-05-03T14:50:09","slug":"usb-c-adaptersatz","status":"publish","type":"product","link":"https:\/\/www.homewizard.com\/de-at\/shop\/usb-c-adaptersatz\/","title":{"rendered":"USB-C-Adaptersatz"},"content":{"rendered":"\n<p class=\" eplus-wrapper\">Bei \u00e4lteren intelligenten Z\u00e4hlern (niedriger als SMR5) ist ein USB-C-Adapter erforderlich, damit der P1-Z\u00e4hler funktioniert. Er kann auch verwendet werden, um den aktiven P1-Splitter mit \u00e4lteren intelligenten Z\u00e4hlern zu betreiben, ohne dass ein P1-Z\u00e4hler von HomeWizard an den Splitter angeschlossen ist. Dies ist ein optionales Zubeh\u00f6r und wird nicht mit dem P1-Z\u00e4hler und dem P1-Splitter mitgeliefert.<\/p>\n","protected":false},"excerpt":{"rendered":"<p>Stromversorgung des P1 Meter bei \u00e4lteren intelligenten Z\u00e4hlern (SMR4 und niedriger)<\/p>\n","protected":false},"featured_media":653866,"template":"","meta":{"_acf_changed":false,"editor_plus_copied_stylings":"{}"},"product_brand":[],"product_cat":[253,257],"product_tag":[],"class_list":{"0":"post-1101967","1":"product","2":"type-product","3":"status-publish","4":"has-post-thumbnail","6":"product_cat-alle-de-at","7":"product_cat-zubehor","9":"first","10":"instock","11":"taxable","12":"shipping-taxable","13":"purchasable","14":"product-type-simple"},"acf":[],"yoast_head":"<!-- This site is optimized with the Yoast SEO plugin v27.0 - https:\/\/yoast.com\/product\/yoast-seo-wordpress\/ -->\n<title>Ben\u00f6tigen Sie einen Adaptersatz f\u00fcr den WLAN P1 Meter? Bestellen Sie hier Ihren USB-Adaptersatz von HomeWizard!<\/title>\n<meta name=\"description\" content=\"Bestellen Sie hier Ihren USB-C-Adapter f\u00fcr den P1 Meter - HomeWizard\" \/>\n<meta name=\"robots\" content=\"index, follow, max-snippet:-1, max-image-preview:large, max-video-preview:-1\" \/>\n<link rel=\"canonical\" href=\"https:\/\/www.homewizard.com\/de-at\/shop\/usb-c-adaptersatz\/\" \/>\n<meta property=\"og:locale\" content=\"de_DE\" \/>\n<meta property=\"og:type\" content=\"article\" \/>\n<meta property=\"og:title\" content=\"Ben\u00f6tigen Sie einen Adaptersatz f\u00fcr den WLAN P1 Meter? Bestellen Sie hier Ihren USB-Adaptersatz von HomeWizard!\" \/>\n<meta property=\"og:description\" content=\"Bestellen Sie hier Ihren USB-C-Adapter f\u00fcr den P1 Meter - HomeWizard\" \/>\n<meta property=\"og:url\" content=\"https:\/\/www.homewizard.com\/de-at\/shop\/usb-c-adaptersatz\/\" \/>\n<meta property=\"og:site_name\" content=\"HomeWizard\" \/>\n<meta property=\"article:publisher\" content=\"https:\/\/www.facebook.com\/HomeWizardBV\/\" \/>\n<meta property=\"article:modified_time\" content=\"2026-05-03T14:50:09+00:00\" \/>\n<meta property=\"og:image\" content=\"https:\/\/www.homewizard.com\/wp-content\/uploads\/2022\/08\/USB-C-Adapter-HomeWizard.png\" \/>\n\t<meta property=\"og:image:width\" content=\"800\" \/>\n\t<meta property=\"og:image:height\" content=\"800\" \/>\n\t<meta property=\"og:image:type\" content=\"image\/png\" \/>\n<meta name=\"twitter:card\" content=\"summary_large_image\" \/>\n<meta name=\"twitter:site\" content=\"@HomeWizard_NL\" \/>\n<meta name=\"twitter:label1\" content=\"Gesch\u00e4tzte Lesezeit\" \/>\n\t<meta name=\"twitter:data1\" content=\"1 Minute\" \/>\n<script type=\"application\/ld+json\" class=\"yoast-schema-graph\">{\"@context\":\"https:\/\/schema.org\",\"@graph\":[{\"@type\":\"WebPage\",\"@id\":\"https:\/\/www.homewizard.com\/de-at\/shop\/usb-c-adaptersatz\/\",\"url\":\"https:\/\/www.homewizard.com\/de-at\/shop\/usb-c-adaptersatz\/\",\"name\":\"Ben\u00f6tigen Sie einen Adaptersatz f\u00fcr den WLAN P1 Meter? Bestellen Sie hier Ihren USB-Adaptersatz von HomeWizard!\",\"isPartOf\":{\"@id\":\"https:\/\/www.homewizard.com\/de-at\/#website\"},\"primaryImageOfPage\":{\"@id\":\"https:\/\/www.homewizard.com\/de-at\/shop\/usb-c-adaptersatz\/#primaryimage\"},\"image\":{\"@id\":\"https:\/\/www.homewizard.com\/de-at\/shop\/usb-c-adaptersatz\/#primaryimage\"},\"thumbnailUrl\":\"https:\/\/www.homewizard.com\/wp-content\/uploads\/2022\/08\/USB-C-Adapter-HomeWizard.png\",\"datePublished\":\"2024-07-30T11:37:25+00:00\",\"dateModified\":\"2026-05-03T14:50:09+00:00\",\"description\":\"Bestellen Sie hier Ihren USB-C-Adapter f\u00fcr den P1 Meter - HomeWizard\",\"breadcrumb\":{\"@id\":\"https:\/\/www.homewizard.com\/de-at\/shop\/usb-c-adaptersatz\/#breadcrumb\"},\"inLanguage\":\"de-AT\",\"potentialAction\":[{\"@type\":\"ReadAction\",\"target\":[\"https:\/\/www.homewizard.com\/de-at\/shop\/usb-c-adaptersatz\/\"]}]},{\"@type\":\"ImageObject\",\"inLanguage\":\"de-AT\",\"@id\":\"https:\/\/www.homewizard.com\/de-at\/shop\/usb-c-adaptersatz\/#primaryimage\",\"url\":\"https:\/\/www.homewizard.com\/wp-content\/uploads\/2022\/08\/USB-C-Adapter-HomeWizard.png\",\"contentUrl\":\"https:\/\/www.homewizard.com\/wp-content\/uploads\/2022\/08\/USB-C-Adapter-HomeWizard.png\",\"width\":800,\"height\":800},{\"@type\":\"BreadcrumbList\",\"@id\":\"https:\/\/www.homewizard.com\/de-at\/shop\/usb-c-adaptersatz\/#breadcrumb\",\"itemListElement\":[{\"@type\":\"ListItem\",\"position\":1,\"name\":\"Home\",\"item\":\"https:\/\/www.homewizard.com\/de-at\/\"},{\"@type\":\"ListItem\",\"position\":2,\"name\":\"Shop\",\"item\":\"https:\/\/www.homewizard.com\/de-at\/shop\/\"},{\"@type\":\"ListItem\",\"position\":3,\"name\":\"USB-C-Adaptersatz\"}]},{\"@type\":\"WebSite\",\"@id\":\"https:\/\/www.homewizard.com\/de-at\/#website\",\"url\":\"https:\/\/www.homewizard.com\/de-at\/\",\"name\":\"HomeWizard\",\"description\":\"HomeWizard Energy\",\"publisher\":{\"@id\":\"https:\/\/www.homewizard.com\/de-at\/#organization\"},\"potentialAction\":[{\"@type\":\"SearchAction\",\"target\":{\"@type\":\"EntryPoint\",\"urlTemplate\":\"https:\/\/www.homewizard.com\/de-at\/?s={search_term_string}\"},\"query-input\":{\"@type\":\"PropertyValueSpecification\",\"valueRequired\":true,\"valueName\":\"search_term_string\"}}],\"inLanguage\":\"de-AT\"},{\"@type\":\"Organization\",\"@id\":\"https:\/\/www.homewizard.com\/de-at\/#organization\",\"name\":\"HomeWizard\",\"url\":\"https:\/\/www.homewizard.com\/de-at\/\",\"logo\":{\"@type\":\"ImageObject\",\"inLanguage\":\"de-AT\",\"@id\":\"https:\/\/www.homewizard.com\/de-at\/#\/schema\/logo\/image\/\",\"url\":\"https:\/\/www.homewizard.com\/wp-content\/uploads\/2023\/06\/HomeWizard-icon-on-black.png\",\"contentUrl\":\"https:\/\/www.homewizard.com\/wp-content\/uploads\/2023\/06\/HomeWizard-icon-on-black.png\",\"width\":500,\"height\":500,\"caption\":\"HomeWizard\"},\"image\":{\"@id\":\"https:\/\/www.homewizard.com\/de-at\/#\/schema\/logo\/image\/\"},\"sameAs\":[\"https:\/\/www.facebook.com\/HomeWizardBV\/\",\"https:\/\/x.com\/HomeWizard_NL\",\"https:\/\/www.youtube.com\/HomeWizardBV\",\"https:\/\/www.instagram.com\/homewizardenergy\/\"]}]}<\/script>\n<!-- \/ Yoast SEO plugin. -->","yoast_head_json":{"title":"Ben\u00f6tigen Sie einen Adaptersatz f\u00fcr den WLAN P1 Meter? Bestellen Sie hier Ihren USB-Adaptersatz von HomeWizard!","description":"Bestellen Sie hier Ihren USB-C-Adapter f\u00fcr den P1 Meter - HomeWizard","robots":{"index":"index","follow":"follow","max-snippet":"max-snippet:-1","max-image-preview":"max-image-preview:large","max-video-preview":"max-video-preview:-1"},"canonical":"https:\/\/www.homewizard.com\/de-at\/shop\/usb-c-adaptersatz\/","og_locale":"de_DE","og_type":"article","og_title":"Ben\u00f6tigen Sie einen Adaptersatz f\u00fcr den WLAN P1 Meter? Bestellen Sie hier Ihren USB-Adaptersatz von HomeWizard!","og_description":"Bestellen Sie hier Ihren USB-C-Adapter f\u00fcr den P1 Meter - HomeWizard","og_url":"https:\/\/www.homewizard.com\/de-at\/shop\/usb-c-adaptersatz\/","og_site_name":"HomeWizard","article_publisher":"https:\/\/www.facebook.com\/HomeWizardBV\/","article_modified_time":"2026-05-03T14:50:09+00:00","og_image":[{"width":800,"height":800,"url":"https:\/\/www.homewizard.com\/wp-content\/uploads\/2022\/08\/USB-C-Adapter-HomeWizard.png","type":"image\/png"}],"twitter_card":"summary_large_image","twitter_site":"@HomeWizard_NL","twitter_misc":{"Gesch\u00e4tzte Lesezeit":"1 Minute"},"schema":{"@context":"https:\/\/schema.org","@graph":[{"@type":"WebPage","@id":"https:\/\/www.homewizard.com\/de-at\/shop\/usb-c-adaptersatz\/","url":"https:\/\/www.homewizard.com\/de-at\/shop\/usb-c-adaptersatz\/","name":"Ben\u00f6tigen Sie einen Adaptersatz f\u00fcr den WLAN P1 Meter? Bestellen Sie hier Ihren USB-Adaptersatz von HomeWizard!","isPartOf":{"@id":"https:\/\/www.homewizard.com\/de-at\/#website"},"primaryImageOfPage":{"@id":"https:\/\/www.homewizard.com\/de-at\/shop\/usb-c-adaptersatz\/#primaryimage"},"image":{"@id":"https:\/\/www.homewizard.com\/de-at\/shop\/usb-c-adaptersatz\/#primaryimage"},"thumbnailUrl":"https:\/\/www.homewizard.com\/wp-content\/uploads\/2022\/08\/USB-C-Adapter-HomeWizard.png","datePublished":"2024-07-30T11:37:25+00:00","dateModified":"2026-05-03T14:50:09+00:00","description":"Bestellen Sie hier Ihren USB-C-Adapter f\u00fcr den P1 Meter - HomeWizard","breadcrumb":{"@id":"https:\/\/www.homewizard.com\/de-at\/shop\/usb-c-adaptersatz\/#breadcrumb"},"inLanguage":"de-AT","potentialAction":[{"@type":"ReadAction","target":["https:\/\/www.homewizard.com\/de-at\/shop\/usb-c-adaptersatz\/"]}]},{"@type":"ImageObject","inLanguage":"de-AT","@id":"https:\/\/www.homewizard.com\/de-at\/shop\/usb-c-adaptersatz\/#primaryimage","url":"https:\/\/www.homewizard.com\/wp-content\/uploads\/2022\/08\/USB-C-Adapter-HomeWizard.png","contentUrl":"https:\/\/www.homewizard.com\/wp-content\/uploads\/2022\/08\/USB-C-Adapter-HomeWizard.png","width":800,"height":800},{"@type":"BreadcrumbList","@id":"https:\/\/www.homewizard.com\/de-at\/shop\/usb-c-adaptersatz\/#breadcrumb","itemListElement":[{"@type":"ListItem","position":1,"name":"Home","item":"https:\/\/www.homewizard.com\/de-at\/"},{"@type":"ListItem","position":2,"name":"Shop","item":"https:\/\/www.homewizard.com\/de-at\/shop\/"},{"@type":"ListItem","position":3,"name":"USB-C-Adaptersatz"}]},{"@type":"WebSite","@id":"https:\/\/www.homewizard.com\/de-at\/#website","url":"https:\/\/www.homewizard.com\/de-at\/","name":"HomeWizard","description":"HomeWizard Energy","publisher":{"@id":"https:\/\/www.homewizard.com\/de-at\/#organization"},"potentialAction":[{"@type":"SearchAction","target":{"@type":"EntryPoint","urlTemplate":"https:\/\/www.homewizard.com\/de-at\/?s={search_term_string}"},"query-input":{"@type":"PropertyValueSpecification","valueRequired":true,"valueName":"search_term_string"}}],"inLanguage":"de-AT"},{"@type":"Organization","@id":"https:\/\/www.homewizard.com\/de-at\/#organization","name":"HomeWizard","url":"https:\/\/www.homewizard.com\/de-at\/","logo":{"@type":"ImageObject","inLanguage":"de-AT","@id":"https:\/\/www.homewizard.com\/de-at\/#\/schema\/logo\/image\/","url":"https:\/\/www.homewizard.com\/wp-content\/uploads\/2023\/06\/HomeWizard-icon-on-black.png","contentUrl":"https:\/\/www.homewizard.com\/wp-content\/uploads\/2023\/06\/HomeWizard-icon-on-black.png","width":500,"height":500,"caption":"HomeWizard"},"image":{"@id":"https:\/\/www.homewizard.com\/de-at\/#\/schema\/logo\/image\/"},"sameAs":["https:\/\/www.facebook.com\/HomeWizardBV\/","https:\/\/x.com\/HomeWizard_NL","https:\/\/www.youtube.com\/HomeWizardBV","https:\/\/www.instagram.com\/homewizardenergy\/"]}]}},"_links":{"self":[{"href":"https:\/\/www.homewizard.com\/de-at\/wp-json\/wp\/v2\/product\/1101967","targetHints":{"allow":["GET"]}}],"collection":[{"href":"https:\/\/www.homewizard.com\/de-at\/wp-json\/wp\/v2\/product"}],"about":[{"href":"https:\/\/www.homewizard.com\/de-at\/wp-json\/wp\/v2\/types\/product"}],"wp:featuredmedia":[{"embeddable":true,"href":"https:\/\/www.homewizard.com\/de-at\/wp-json\/wp\/v2\/media\/653866"}],"wp:attachment":[{"href":"https:\/\/www.homewizard.com\/de-at\/wp-json\/wp\/v2\/media?parent=1101967"}],"wp:term":[{"taxonomy":"product_brand","embeddable":true,"href":"https:\/\/www.homewizard.com\/de-at\/wp-json\/wp\/v2\/product_brand?post=1101967"},{"taxonomy":"product_cat","embeddable":true,"href":"https:\/\/www.homewizard.com\/de-at\/wp-json\/wp\/v2\/product_cat?post=1101967"},{"taxonomy":"product_tag","embeddable":true,"href":"https:\/\/www.homewizard.com\/de-at\/wp-json\/wp\/v2\/product_tag?post=1101967"}],"curies":[{"name":"wp","href":"https:\/\/api.w.org\/{rel}","templated":true}]}}