{"id":543275,"date":"2024-01-08T16:51:55","date_gmt":"2024-01-08T15:51:55","guid":{"rendered":"https:\/\/www.homewizard.com\/nachhaltigkeit\/"},"modified":"2024-01-08T16:52:41","modified_gmt":"2024-01-08T15:52:41","slug":"nachhaltigkeit","status":"publish","type":"page","link":"https:\/\/www.homewizard.com\/de-at\/nachhaltigkeit\/","title":{"rendered":"Nachhaltigkeit"},"content":{"rendered":"<div class=\"contained_page wp-block-group eplus-wrapper eplus-styles-uid-107fe9\"><div class=\"wp-block-group__inner-container is-layout-constrained wp-block-group-is-layout-constrained\"><div class=\"column_reverse wp-block-columns eplus-wrapper is-layout-flex wp-container-core-columns-is-layout-9d6595d7 wp-block-columns-is-layout-flex eplus-styles-uid-3ea3c8\">\n<div class=\"wp-block-column eplus-wrapper is-layout-flow wp-block-column-is-layout-flow\" style=\"flex-basis:33.33%\"><div class=\"wp-block-image \">\n<figure class=\"aligncenter size-full eplus-wrapper\"><img loading=\"lazy\" decoding=\"async\" width=\"425\" height=\"425\" src=\"https:\/\/www.homewizard.com\/wp-content\/uploads\/2023\/10\/conscious-world-dgreen.png\" alt=\"\" class=\"wp-image-466467\" srcset=\"https:\/\/www.homewizard.com\/wp-content\/uploads\/2023\/10\/conscious-world-dgreen.png 425w, https:\/\/www.homewizard.com\/wp-content\/uploads\/2023\/10\/conscious-world-dgreen-124x124.png 124w, https:\/\/www.homewizard.com\/wp-content\/uploads\/2023\/10\/conscious-world-dgreen-300x300.png 300w, https:\/\/www.homewizard.com\/wp-content\/uploads\/2023\/10\/conscious-world-dgreen-150x150.png 150w, https:\/\/www.homewizard.com\/wp-content\/uploads\/2023\/10\/conscious-world-dgreen-400x400.png 400w\" sizes=\"auto, (max-width: 425px) 100vw, 425px\" \/><\/figure>\n<\/div><\/div>\n\n\n\n<div class=\"wp-block-column is-vertically-aligned-center eplus-wrapper is-layout-flow wp-block-column-is-layout-flow\" style=\"flex-basis:66.66%\">\n<h1 class=\" wp-block-heading eplus-wrapper\"><strong>Eine bewusste Welt<\/strong><\/h1>\n\n\n\n<p class=\" eplus-wrapper\">Mit den Produkten von HomeWizard werden sich unsere Nutzer ihres Energieverbrauchs und der damit verbundenen Kosten bewusst. Mit Verhaltens\u00e4nderungen werden nicht nur Energiekosten gespart, sondern wir arbeiten auch gemeinsam auf eine bewusste Welt hin. <\/p>\n\n\n\n<p class=\" eplus-wrapper\">Wir alle wissen, dass unsere Energiequellen nicht unersch\u00f6pflich sind, und bekommen zunehmend die Auswirkungen ihrer Nutzung zu sp\u00fcren. Bei HomeWizard sind wir uns bewusst, dass wir nicht weitermachen k\u00f6nnen, ohne \u00fcber unsere Auswirkungen auf die Welt nachzudenken. Obwohl wir nicht perfekt sind, glauben wir, dass es wichtig ist, dass wir alle sparsam mit unseren Energiequellen umgehen. Das wird durch die Nutzung unserer Produkte m\u00f6glich. Und so schaffen wir gemeinsam eine bessere Welt. Ein Haushalt nach dem anderen.<\/p>\n<\/div>\n<\/div>\n\n<div class=\"flex-column-reverse wp-block-columns eplus-wrapper is-layout-flex wp-container-core-columns-is-layout-9d6595d7 wp-block-columns-is-layout-flex eplus-styles-uid-6729f9\">\n<div class=\"wp-block-column is-vertically-aligned-center eplus-wrapper is-layout-flow wp-block-column-is-layout-flow\" style=\"flex-basis:66.66%\">\n<h2 class=\" wp-block-heading eplus-wrapper\"><strong>Der Verbrauch unserer Produkte<\/strong><\/h2>\n\n\n\n<p class=\" eplus-wrapper\">Da unsere Produkte Ihnen helfen, Energie zu sparen, halten wir es f\u00fcr wichtig, dass sie selbst keine unn\u00f6tige Energie verbrauchen. Deshalb verbrauchen unsere Produkte nur 1 Watt. Selbst unser Energy Display verbraucht 1 Watt im Standby-Modus und schaltet sich nur dann ein, wenn der Bewegungssensor eine Bewegung erkennt. <\/p>\n<\/div>\n\n\n\n<div class=\"wp-block-column eplus-wrapper is-layout-flow wp-block-column-is-layout-flow\" style=\"flex-basis:33.33%\"><div class=\"wp-block-image \">\n<figure class=\"aligncenter size-medium eplus-wrapper\"><img loading=\"lazy\" decoding=\"async\" width=\"300\" height=\"300\" src=\"https:\/\/www.homewizard.com\/wp-content\/uploads\/2023\/10\/consumption-products-blue-300x300.png\" alt=\"\" class=\"wp-image-466394\" srcset=\"https:\/\/www.homewizard.com\/wp-content\/uploads\/2023\/10\/consumption-products-blue-300x300.png 300w, https:\/\/www.homewizard.com\/wp-content\/uploads\/2023\/10\/consumption-products-blue-124x124.png 124w, https:\/\/www.homewizard.com\/wp-content\/uploads\/2023\/10\/consumption-products-blue-150x150.png 150w\" sizes=\"auto, (max-width: 300px) 100vw, 300px\" \/><\/figure>\n<\/div><\/div>\n<\/div>\n\n<div class=\"wp-block-columns eplus-wrapper is-layout-flex wp-container-core-columns-is-layout-9d6595d7 wp-block-columns-is-layout-flex eplus-styles-uid-e756c7\">\n<div class=\"wp-block-column is-vertically-aligned-bottom eplus-wrapper is-layout-flow wp-block-column-is-layout-flow\" style=\"flex-basis:33.33%\"><div class=\"wp-block-image \">\n<figure class=\"aligncenter size-medium eplus-wrapper\"><img loading=\"lazy\" decoding=\"async\" width=\"300\" height=\"300\" src=\"https:\/\/www.homewizard.com\/wp-content\/uploads\/2023\/10\/transport-products-blue-300x300.png\" alt=\"\" class=\"wp-image-466363\" srcset=\"https:\/\/www.homewizard.com\/wp-content\/uploads\/2023\/10\/transport-products-blue-300x300.png 300w, https:\/\/www.homewizard.com\/wp-content\/uploads\/2023\/10\/transport-products-blue-124x124.png 124w, https:\/\/www.homewizard.com\/wp-content\/uploads\/2023\/10\/transport-products-blue-150x150.png 150w\" sizes=\"auto, (max-width: 300px) 100vw, 300px\" \/><\/figure>\n<\/div><\/div>\n\n\n\n<div class=\"wp-block-column is-vertically-aligned-top eplus-wrapper is-layout-flow wp-block-column-is-layout-flow\" style=\"flex-basis:66.66%\">\n<h2 class=\" wp-block-heading eplus-wrapper\"><strong>Verpackung und Transport<\/strong><\/h2>\n\n\n\n<p class=\" eplus-wrapper\">Ende 2022 haben wir uns von den Schaumstofff\u00fcllungen in unseren Produktverpackungen verabschiedet und sie durch Papier ersetzt. Das bedeutet, dass alle unsere Verpackungen aus vollst\u00e4ndig recyceltem und gestanztem Papier hergestellt werden. Au\u00dferdem sorgen wir daf\u00fcr, dass unsere Produkte auf dem so kurz wie m\u00f6glichen Weg zu unseren Kunden gelangen. Unsere Post- und Paketzusteller transportieren CO2-neutral. Nach der Produktion kommen die Produkte in die Niederlande. In den meisten F\u00e4llen kaufen wir den verbleibenden Platz in einem Seecontainer, so dass ein Frachtschiff nicht unn\u00f6tig Luft transportiert.<\/p>\n<\/div>\n<\/div>\n\n<div class=\"flex-column-reverse wp-block-columns eplus-wrapper is-layout-flex wp-container-core-columns-is-layout-9d6595d7 wp-block-columns-is-layout-flex eplus-styles-uid-8eeced\">\n<div class=\"wp-block-column eplus-wrapper is-layout-flow wp-block-column-is-layout-flow\" style=\"flex-basis:66.66%\">\n<h2 class=\" wp-block-heading eplus-wrapper\"><strong>JustDiggit<\/strong><\/h2>\n\n\n\n<p class=\" eplus-wrapper\">JustDiggit setzt sich f\u00fcr die Abk\u00fchlung und Begr\u00fcnung des Planeten ein, indem es in Tansania \u201eBunde\u201c schafft und darin Samen pflanzt. Dabei handelt es sich um einen halbkreisf\u00f6rmigen Wall, der in den Boden gegraben wird, damit Regenwasser zur\u00fcckgehalten werden kann, anstatt abzuflie\u00dfen. Auf diese Weise kann das Wasser langsam in den trockenen Boden sickern, damit die Samen im Boden zu Pflanzen heranwachsen k\u00f6nnen. Dadurch wird die Umgebung langsam gr\u00fcner und k\u00fchler. Um JustDiggit dabei zu helfen, den Planeten gr\u00fcner und ges\u00fcnder zu machen, hat HomeWizard 500 Bunde im Jahr 2023 gespendet.<\/p>\n<\/div>\n\n\n\n<div class=\"wp-block-column is-vertically-aligned-bottom eplus-wrapper is-layout-flow wp-block-column-is-layout-flow\" style=\"flex-basis:33.33%\"><div class=\"wp-block-image \">\n<figure class=\"aligncenter size-medium eplus-wrapper\"><img loading=\"lazy\" decoding=\"async\" width=\"300\" height=\"300\" src=\"https:\/\/www.homewizard.com\/wp-content\/uploads\/2023\/10\/500-bunds-beige-300x300.png\" alt=\"\" class=\"wp-image-466378\" srcset=\"https:\/\/www.homewizard.com\/wp-content\/uploads\/2023\/10\/500-bunds-beige-300x300.png 300w, https:\/\/www.homewizard.com\/wp-content\/uploads\/2023\/10\/500-bunds-beige-124x124.png 124w, https:\/\/www.homewizard.com\/wp-content\/uploads\/2023\/10\/500-bunds-beige-150x150.png 150w\" sizes=\"auto, (max-width: 300px) 100vw, 300px\" \/><\/figure>\n<\/div><\/div>\n<\/div><\/div><\/div>","protected":false},"excerpt":{"rendered":"<p>Eine bewusste Welt Mit den Produkten von HomeWizard werden sich unsere Nutzer ihres Energieverbrauchs und der damit verbundenen Kosten bewusst. Mit Verhaltens\u00e4nderungen werden nicht nur Energiekosten gespart, sondern wir arbeiten auch gemeinsam auf eine bewusste Welt hin. Wir alle wissen, dass unsere Energiequellen nicht unersch\u00f6pflich sind, und bekommen zunehmend die Auswirkungen ihrer Nutzung zu sp\u00fcren.&hellip;<\/p>\n","protected":false},"author":544392,"featured_media":0,"parent":0,"menu_order":0,"comment_status":"closed","ping_status":"closed","template":"","meta":{"_acf_changed":false,"editor_plus_copied_stylings":"{}","footnotes":""},"class_list":["post-543275","page","type-page","status-publish","hentry"],"acf":[],"yoast_head":"<!-- This site is optimized with the Yoast SEO plugin v27.0 - https:\/\/yoast.com\/product\/yoast-seo-wordpress\/ -->\n<title>Nachhaltigkeit - HomeWizard<\/title>\n<meta name=\"description\" content=\"Bei HomeWizard sind wir uns bewusst, dass wir nicht weitermachen k\u00f6nnen, ohne \u00fcber die Auswirkungen auf die Welt nachzudenken. Sie ist uns wichtig\u2026\" \/>\n<meta name=\"robots\" content=\"index, follow, max-snippet:-1, max-image-preview:large, max-video-preview:-1\" \/>\n<link rel=\"canonical\" href=\"https:\/\/www.homewizard.com\/de-at\/nachhaltigkeit\/\" \/>\n<meta property=\"og:locale\" content=\"de_DE\" \/>\n<meta property=\"og:type\" content=\"article\" \/>\n<meta property=\"og:title\" content=\"Nachhaltigkeit - HomeWizard\" \/>\n<meta property=\"og:description\" content=\"Bei HomeWizard sind wir uns bewusst, dass wir nicht weitermachen k\u00f6nnen, ohne \u00fcber die Auswirkungen auf die Welt nachzudenken. Sie ist uns wichtig\u2026\" \/>\n<meta property=\"og:url\" content=\"https:\/\/www.homewizard.com\/de-at\/nachhaltigkeit\/\" \/>\n<meta property=\"og:site_name\" content=\"HomeWizard\" \/>\n<meta property=\"article:publisher\" content=\"https:\/\/www.facebook.com\/HomeWizardBV\/\" \/>\n<meta property=\"article:modified_time\" content=\"2024-01-08T15:52:41+00:00\" \/>\n<meta property=\"og:image\" content=\"https:\/\/www.homewizard.com\/wp-content\/uploads\/2023\/10\/conscious-world-dgreen.png\" \/>\n<meta name=\"twitter:card\" content=\"summary_large_image\" \/>\n<meta name=\"twitter:site\" content=\"@HomeWizard_NL\" \/>\n<meta name=\"twitter:label1\" content=\"Gesch\u00e4tzte Lesezeit\" \/>\n\t<meta name=\"twitter:data1\" content=\"2 Minuten\" \/>\n<script type=\"application\/ld+json\" class=\"yoast-schema-graph\">{\"@context\":\"https:\/\/schema.org\",\"@graph\":[{\"@type\":\"WebPage\",\"@id\":\"https:\/\/www.homewizard.com\/de-at\/nachhaltigkeit\/\",\"url\":\"https:\/\/www.homewizard.com\/de-at\/nachhaltigkeit\/\",\"name\":\"Nachhaltigkeit - HomeWizard\",\"isPartOf\":{\"@id\":\"https:\/\/www.homewizard.com\/de-at\/#website\"},\"primaryImageOfPage\":{\"@id\":\"https:\/\/www.homewizard.com\/de-at\/nachhaltigkeit\/#primaryimage\"},\"image\":{\"@id\":\"https:\/\/www.homewizard.com\/de-at\/nachhaltigkeit\/#primaryimage\"},\"thumbnailUrl\":\"https:\/\/www.homewizard.com\/wp-content\/uploads\/2023\/10\/conscious-world-dgreen.png\",\"datePublished\":\"2024-01-08T15:51:55+00:00\",\"dateModified\":\"2024-01-08T15:52:41+00:00\",\"description\":\"Bei HomeWizard sind wir uns bewusst, dass wir nicht weitermachen k\u00f6nnen, ohne \u00fcber die Auswirkungen auf die Welt nachzudenken. Sie ist uns wichtig\u2026\",\"breadcrumb\":{\"@id\":\"https:\/\/www.homewizard.com\/de-at\/nachhaltigkeit\/#breadcrumb\"},\"inLanguage\":\"de-AT\",\"potentialAction\":[{\"@type\":\"ReadAction\",\"target\":[\"https:\/\/www.homewizard.com\/de-at\/nachhaltigkeit\/\"]}]},{\"@type\":\"ImageObject\",\"inLanguage\":\"de-AT\",\"@id\":\"https:\/\/www.homewizard.com\/de-at\/nachhaltigkeit\/#primaryimage\",\"url\":\"https:\/\/www.homewizard.com\/wp-content\/uploads\/2023\/10\/conscious-world-dgreen.png\",\"contentUrl\":\"https:\/\/www.homewizard.com\/wp-content\/uploads\/2023\/10\/conscious-world-dgreen.png\"},{\"@type\":\"BreadcrumbList\",\"@id\":\"https:\/\/www.homewizard.com\/de-at\/nachhaltigkeit\/#breadcrumb\",\"itemListElement\":[{\"@type\":\"ListItem\",\"position\":1,\"name\":\"Home\",\"item\":\"https:\/\/www.homewizard.com\/de-at\/\"},{\"@type\":\"ListItem\",\"position\":2,\"name\":\"Nachhaltigkeit\"}]},{\"@type\":\"WebSite\",\"@id\":\"https:\/\/www.homewizard.com\/de-at\/#website\",\"url\":\"https:\/\/www.homewizard.com\/de-at\/\",\"name\":\"HomeWizard\",\"description\":\"HomeWizard Energy\",\"publisher\":{\"@id\":\"https:\/\/www.homewizard.com\/de-at\/#organization\"},\"potentialAction\":[{\"@type\":\"SearchAction\",\"target\":{\"@type\":\"EntryPoint\",\"urlTemplate\":\"https:\/\/www.homewizard.com\/de-at\/?s={search_term_string}\"},\"query-input\":{\"@type\":\"PropertyValueSpecification\",\"valueRequired\":true,\"valueName\":\"search_term_string\"}}],\"inLanguage\":\"de-AT\"},{\"@type\":\"Organization\",\"@id\":\"https:\/\/www.homewizard.com\/de-at\/#organization\",\"name\":\"HomeWizard\",\"url\":\"https:\/\/www.homewizard.com\/de-at\/\",\"logo\":{\"@type\":\"ImageObject\",\"inLanguage\":\"de-AT\",\"@id\":\"https:\/\/www.homewizard.com\/de-at\/#\/schema\/logo\/image\/\",\"url\":\"https:\/\/www.homewizard.com\/wp-content\/uploads\/2023\/06\/HomeWizard-icon-on-black.png\",\"contentUrl\":\"https:\/\/www.homewizard.com\/wp-content\/uploads\/2023\/06\/HomeWizard-icon-on-black.png\",\"width\":500,\"height\":500,\"caption\":\"HomeWizard\"},\"image\":{\"@id\":\"https:\/\/www.homewizard.com\/de-at\/#\/schema\/logo\/image\/\"},\"sameAs\":[\"https:\/\/www.facebook.com\/HomeWizardBV\/\",\"https:\/\/x.com\/HomeWizard_NL\",\"https:\/\/www.youtube.com\/HomeWizardBV\",\"https:\/\/www.instagram.com\/homewizardenergy\/\"]}]}<\/script>\n<!-- \/ Yoast SEO plugin. -->","yoast_head_json":{"title":"Nachhaltigkeit - HomeWizard","description":"Bei HomeWizard sind wir uns bewusst, dass wir nicht weitermachen k\u00f6nnen, ohne \u00fcber die Auswirkungen auf die Welt nachzudenken. Sie ist uns wichtig\u2026","robots":{"index":"index","follow":"follow","max-snippet":"max-snippet:-1","max-image-preview":"max-image-preview:large","max-video-preview":"max-video-preview:-1"},"canonical":"https:\/\/www.homewizard.com\/de-at\/nachhaltigkeit\/","og_locale":"de_DE","og_type":"article","og_title":"Nachhaltigkeit - HomeWizard","og_description":"Bei HomeWizard sind wir uns bewusst, dass wir nicht weitermachen k\u00f6nnen, ohne \u00fcber die Auswirkungen auf die Welt nachzudenken. Sie ist uns wichtig\u2026","og_url":"https:\/\/www.homewizard.com\/de-at\/nachhaltigkeit\/","og_site_name":"HomeWizard","article_publisher":"https:\/\/www.facebook.com\/HomeWizardBV\/","article_modified_time":"2024-01-08T15:52:41+00:00","og_image":[{"url":"https:\/\/www.homewizard.com\/wp-content\/uploads\/2023\/10\/conscious-world-dgreen.png","type":"","width":"","height":""}],"twitter_card":"summary_large_image","twitter_site":"@HomeWizard_NL","twitter_misc":{"Gesch\u00e4tzte Lesezeit":"2 Minuten"},"schema":{"@context":"https:\/\/schema.org","@graph":[{"@type":"WebPage","@id":"https:\/\/www.homewizard.com\/de-at\/nachhaltigkeit\/","url":"https:\/\/www.homewizard.com\/de-at\/nachhaltigkeit\/","name":"Nachhaltigkeit - HomeWizard","isPartOf":{"@id":"https:\/\/www.homewizard.com\/de-at\/#website"},"primaryImageOfPage":{"@id":"https:\/\/www.homewizard.com\/de-at\/nachhaltigkeit\/#primaryimage"},"image":{"@id":"https:\/\/www.homewizard.com\/de-at\/nachhaltigkeit\/#primaryimage"},"thumbnailUrl":"https:\/\/www.homewizard.com\/wp-content\/uploads\/2023\/10\/conscious-world-dgreen.png","datePublished":"2024-01-08T15:51:55+00:00","dateModified":"2024-01-08T15:52:41+00:00","description":"Bei HomeWizard sind wir uns bewusst, dass wir nicht weitermachen k\u00f6nnen, ohne \u00fcber die Auswirkungen auf die Welt nachzudenken. Sie ist uns wichtig\u2026","breadcrumb":{"@id":"https:\/\/www.homewizard.com\/de-at\/nachhaltigkeit\/#breadcrumb"},"inLanguage":"de-AT","potentialAction":[{"@type":"ReadAction","target":["https:\/\/www.homewizard.com\/de-at\/nachhaltigkeit\/"]}]},{"@type":"ImageObject","inLanguage":"de-AT","@id":"https:\/\/www.homewizard.com\/de-at\/nachhaltigkeit\/#primaryimage","url":"https:\/\/www.homewizard.com\/wp-content\/uploads\/2023\/10\/conscious-world-dgreen.png","contentUrl":"https:\/\/www.homewizard.com\/wp-content\/uploads\/2023\/10\/conscious-world-dgreen.png"},{"@type":"BreadcrumbList","@id":"https:\/\/www.homewizard.com\/de-at\/nachhaltigkeit\/#breadcrumb","itemListElement":[{"@type":"ListItem","position":1,"name":"Home","item":"https:\/\/www.homewizard.com\/de-at\/"},{"@type":"ListItem","position":2,"name":"Nachhaltigkeit"}]},{"@type":"WebSite","@id":"https:\/\/www.homewizard.com\/de-at\/#website","url":"https:\/\/www.homewizard.com\/de-at\/","name":"HomeWizard","description":"HomeWizard Energy","publisher":{"@id":"https:\/\/www.homewizard.com\/de-at\/#organization"},"potentialAction":[{"@type":"SearchAction","target":{"@type":"EntryPoint","urlTemplate":"https:\/\/www.homewizard.com\/de-at\/?s={search_term_string}"},"query-input":{"@type":"PropertyValueSpecification","valueRequired":true,"valueName":"search_term_string"}}],"inLanguage":"de-AT"},{"@type":"Organization","@id":"https:\/\/www.homewizard.com\/de-at\/#organization","name":"HomeWizard","url":"https:\/\/www.homewizard.com\/de-at\/","logo":{"@type":"ImageObject","inLanguage":"de-AT","@id":"https:\/\/www.homewizard.com\/de-at\/#\/schema\/logo\/image\/","url":"https:\/\/www.homewizard.com\/wp-content\/uploads\/2023\/06\/HomeWizard-icon-on-black.png","contentUrl":"https:\/\/www.homewizard.com\/wp-content\/uploads\/2023\/06\/HomeWizard-icon-on-black.png","width":500,"height":500,"caption":"HomeWizard"},"image":{"@id":"https:\/\/www.homewizard.com\/de-at\/#\/schema\/logo\/image\/"},"sameAs":["https:\/\/www.facebook.com\/HomeWizardBV\/","https:\/\/x.com\/HomeWizard_NL","https:\/\/www.youtube.com\/HomeWizardBV","https:\/\/www.instagram.com\/homewizardenergy\/"]}]}},"_links":{"self":[{"href":"https:\/\/www.homewizard.com\/de-at\/wp-json\/wp\/v2\/pages\/543275","targetHints":{"allow":["GET"]}}],"collection":[{"href":"https:\/\/www.homewizard.com\/de-at\/wp-json\/wp\/v2\/pages"}],"about":[{"href":"https:\/\/www.homewizard.com\/de-at\/wp-json\/wp\/v2\/types\/page"}],"author":[{"embeddable":true,"href":"https:\/\/www.homewizard.com\/de-at\/wp-json\/wp\/v2\/users\/544392"}],"replies":[{"embeddable":true,"href":"https:\/\/www.homewizard.com\/de-at\/wp-json\/wp\/v2\/comments?post=543275"}],"version-history":[{"count":1,"href":"https:\/\/www.homewizard.com\/de-at\/wp-json\/wp\/v2\/pages\/543275\/revisions"}],"predecessor-version":[{"id":543277,"href":"https:\/\/www.homewizard.com\/de-at\/wp-json\/wp\/v2\/pages\/543275\/revisions\/543277"}],"wp:attachment":[{"href":"https:\/\/www.homewizard.com\/de-at\/wp-json\/wp\/v2\/media?parent=543275"}],"curies":[{"name":"wp","href":"https:\/\/api.w.org\/{rel}","templated":true}]}}