{"id":543270,"date":"2024-01-08T16:51:52","date_gmt":"2024-01-08T15:51:52","guid":{"rendered":"https:\/\/www.homewizard.com\/ueber\/"},"modified":"2024-03-13T09:50:22","modified_gmt":"2024-03-13T08:50:22","slug":"ueber","status":"publish","type":"page","link":"https:\/\/www.homewizard.com\/de-at\/ueber\/","title":{"rendered":"\u00dcber uns"},"content":{"rendered":"<div class=\"contained_page wp-block-group eplus-wrapper eplus-styles-uid-b2c051\"><div class=\"wp-block-group__inner-container is-layout-constrained wp-block-group-is-layout-constrained\"><div class=\"wp-block-group eplus-wrapper eplus-styles-uid-c936c6\"><div class=\"wp-block-group__inner-container is-layout-constrained wp-block-group-is-layout-constrained\"><div class=\"wp-block-columns eplus-wrapper is-layout-flex wp-container-core-columns-is-layout-9d6595d7 wp-block-columns-is-layout-flex eplus-styles-uid-90ad7e\"><div class=\"wp-block-column is-vertically-aligned-center eplus-wrapper is-layout-flow wp-block-column-is-layout-flow eplus-styles-uid-d03e46\" style=\"flex-basis:66.66%\">\n<h1 class=\" wp-block-heading eplus-wrapper\">\u00dcber uns<\/h1>\n\n\n\n<p class=\" eplus-wrapper\">HomeWizard ist <em>das<\/em> Unternehmen, das Haushalten Einblick in ihren Strom-, Wasser- und Gasverbrauch verschafft. Mit unseren praktischen WLAN-Z\u00e4hlern k\u00f6nnen die Nutzer ihren Energieverbrauch und ihre Solarstromproduktion \u00fcberwachen. Wir m\u00f6chten die Menschen f\u00fcr ihren Energieverbrauch sensibilisieren und ihnen helfen, Energie zu sparen. Das ist nicht nur gut f\u00fcr Ihren Geldbeutel, sondern auch f\u00fcr die Umwelt.<\/p>\n<\/div>\n\n\n<div class=\"wp-block-column eplus-wrapper is-layout-flow wp-block-column-is-layout-flow\" style=\"flex-basis:33.33%\"><div class=\"wp-block-image \">\n<figure class=\"aligncenter size-full eplus-wrapper\"><img loading=\"lazy\" decoding=\"async\" width=\"425\" height=\"425\" src=\"https:\/\/www.homewizard.com\/wp-content\/uploads\/2023\/10\/about-us-green.png\" alt=\"\" class=\"wp-image-466523\" srcset=\"https:\/\/www.homewizard.com\/wp-content\/uploads\/2023\/10\/about-us-green.png 425w, https:\/\/www.homewizard.com\/wp-content\/uploads\/2023\/10\/about-us-green-124x124.png 124w, https:\/\/www.homewizard.com\/wp-content\/uploads\/2023\/10\/about-us-green-300x300.png 300w, https:\/\/www.homewizard.com\/wp-content\/uploads\/2023\/10\/about-us-green-150x150.png 150w, https:\/\/www.homewizard.com\/wp-content\/uploads\/2023\/10\/about-us-green-400x400.png 400w\" sizes=\"auto, (max-width: 425px) 100vw, 425px\" \/><\/figure>\n<\/div><\/div>\n<\/div>\n\n\n<h2 class=\" wp-block-heading eplus-wrapper\">Fokus auf Energie<\/h2>\n\n\n\n<p class=\" eplus-wrapper\">Wir begannen 2011 in Noordwijk, Niederlande, als Anbieter von Haushaltsautomationen und intelligenten K\u00fcchenger\u00e4ten. Anfang 2021 gab es bei uns eine gro\u00dfe Ver\u00e4nderung, als ein Kollege sagte: \u201eSollten wir nicht etwas N\u00fctzliches statt einer Fritteuse mit einer App machen?\u201c Das war der Beginn von HomeWizard, wie Sie uns heute kennen: mit einem Fokus auf Energie.<\/p>\n\n\n<div class=\"wp-block-columns eplus-wrapper is-layout-flex wp-container-core-columns-is-layout-9d6595d7 wp-block-columns-is-layout-flex eplus-styles-uid-3ebb34\">\n<div class=\"wp-block-column eplus-wrapper is-layout-flow wp-block-column-is-layout-flow\" style=\"flex-basis:33.33%\"><div class=\"wp-block-image \">\n<figure class=\"aligncenter size-medium eplus-wrapper\"><img loading=\"lazy\" decoding=\"async\" width=\"300\" height=\"300\" src=\"https:\/\/www.homewizard.com\/wp-content\/uploads\/2023\/10\/conscious-world-energy-purple-300x300.png\" alt=\"\" class=\"wp-image-466541\" srcset=\"https:\/\/www.homewizard.com\/wp-content\/uploads\/2023\/10\/conscious-world-energy-purple-300x300.png 300w, https:\/\/www.homewizard.com\/wp-content\/uploads\/2023\/10\/conscious-world-energy-purple-124x124.png 124w, https:\/\/www.homewizard.com\/wp-content\/uploads\/2023\/10\/conscious-world-energy-purple-150x150.png 150w\" sizes=\"auto, (max-width: 300px) 100vw, 300px\" \/><\/figure>\n<\/div><\/div>\n\n\n\n<div class=\"wp-block-column is-vertically-aligned-center eplus-wrapper is-layout-flow wp-block-column-is-layout-flow\" style=\"flex-basis:66.66%\">\n<h2 class=\" wp-block-heading eplus-wrapper\"><strong>Eine bewusste Welt<\/strong><\/h2>\n\n\n\n<p class=\" eplus-wrapper\">Mit den Produkten von HomeWizard erhalten Sie Einblicke in Ihren Energieverbrauch und die damit verbundenen Kosten. Da Sie sich der verbrauchten Menge bewusst werden, werden Sie \u00fcber Ihren Verbrauch von Gas, Strom und Wasser nachdenken. Auf diese Weise arbeiten wir gemeinsam auf eine <a href=\"https:\/\/www.homewizard.com\/de-at\/nachhaltigkeit\/\">bewusste Welt<\/a> hin.<\/p>\n<\/div>\n<\/div>\n\n\n<h2 class=\" wp-block-heading eplus-wrapper\"><strong>Wir stellen alles selbst her<\/strong><\/h2>\n\n\n<p class=\" eplus-wrapper eplus-styles-uid-2e1be5\">Wir entwickeln unsere Software und stellen Hardware von Grund auf selbst her. Das ist in den Niederlanden einzigartig. Alle unsere Produkte werden von in unserem B\u00fcro in Noordwijk konzipiert, entworfen, getestet und auf den Markt gebracht. Und nat\u00fcrlich tun wir dies mit den besten Kollegen. Unsere Produkte sind erschwinglich und einfach in der Anwendung, unabh\u00e4ngig von Ihrer Lebenssituation oder Ihrem Alter. Selbst Ihre Oma oder Ihr Opa k\u00f6nnen sie installieren und benutzen. Vor allem aber: Wir sind vollkommen unabh\u00e4ngig. Das bedeutet, dass Sie unsere Produkte nutzen k\u00f6nnen, unabh\u00e4ngig davon, welchen Energieversorger Sie nutzen. Wir sind f\u00fcr alle da.<\/p>\n\n<div class=\"flex-column-reverse wp-block-columns are-vertically-aligned-center eplus-wrapper is-layout-flex wp-container-core-columns-is-layout-9d6595d7 wp-block-columns-is-layout-flex eplus-styles-uid-dd3b8e\">\n<div class=\"wp-block-column is-vertically-aligned-center eplus-wrapper is-layout-flow wp-block-column-is-layout-flow\" style=\"flex-basis:66.66%\">\n<h2 class=\" wp-block-heading eplus-wrapper\"><strong>Der Wizard-Club<\/strong><\/h2>\n\n\n\n<p class=\" eplus-wrapper\">HomeWizard ist der Ort, an dem eine Leidenschaft f\u00fcr Software, Hardware und Energie zusammenkommt. Es ist ein Ort, an dem jeder respektiert und an dem gelacht wird. Wenn Sie Teil unseres Wizard-Clubs werden, bleiben Sie wahrscheinlich f\u00fcr Jahre. Wenn Sie Gaming, Tischtennis oder Filme und Serien m\u00f6gen, werden Sie sich an unserem Mittagstisch nicht langweilen! Sie sollten nur nichts dagegen haben, wenn Sie mit all den gro\u00dfartigen Snacks, die wir zwischendurch essen und trinken k\u00f6nnen, ein wenig mehr \u201eSie\u201c zum Liebhaben bekommen.<\/p>\n\n\n\n<p class=\" eplus-wrapper\">Wir erhalten kaum E-Mails. Wir kommunizieren per Chat oder sprechen direkt an unseren Schreibtischen miteinander. Wir vertrauen einander und erzielen so Wirkung. Wir sind innovativ und arbeiten <em>gemeinsam<\/em> an einer Welt, in der wir unsere Energie bewusst nutzen.<\/p>\n<\/div>\n\n\n\n<div class=\"wp-block-column is-vertically-aligned-center eplus-wrapper is-layout-flow wp-block-column-is-layout-flow\" style=\"flex-basis:33.33%\"><div class=\"wp-block-image \">\n<figure class=\"aligncenter size-medium eplus-wrapper\"><img loading=\"lazy\" decoding=\"async\" width=\"300\" height=\"300\" src=\"https:\/\/www.homewizard.com\/wp-content\/uploads\/2023\/10\/wizard-club-blue-300x300.png\" alt=\"\" class=\"wp-image-466553\" srcset=\"https:\/\/www.homewizard.com\/wp-content\/uploads\/2023\/10\/wizard-club-blue-300x300.png 300w, https:\/\/www.homewizard.com\/wp-content\/uploads\/2023\/10\/wizard-club-blue-124x124.png 124w, https:\/\/www.homewizard.com\/wp-content\/uploads\/2023\/10\/wizard-club-blue-150x150.png 150w\" sizes=\"auto, (max-width: 300px) 100vw, 300px\" \/><\/figure>\n<\/div><\/div>\n<\/div>\n\n\n<h2 class=\" wp-block-heading eplus-wrapper\"><strong>Kontakt<\/strong><\/h2>\n\n\n\n<p class=\" eplus-wrapper\">HomeWizard hat seinen Sitz in Noordwijk in den Niederlanden. Wir helfen Ihnen gerne montags bis freitags von 09:00 bis 17:30 Uhr. Wenn Sie Fragen zu unseren Produkten haben, k\u00f6nnen Sie uns jederzeit <a href=\"https:\/\/www.homewizard.com\/de-at\/kontakt\/\">kontaktieren<\/a>. Sie erhalten in der Regel innerhalb <strong>eines Arbeitstages<\/strong> eine Antwort in Ihrem Postfach.<\/p>\n<\/div><\/div><\/div><\/div>","protected":false},"excerpt":{"rendered":"<p>\u00dcber uns HomeWizard ist das Unternehmen, das Haushalten Einblick in ihren Strom-, Wasser- und Gasverbrauch verschafft. Mit unseren praktischen WLAN-Z\u00e4hlern k\u00f6nnen die Nutzer ihren Energieverbrauch und ihre Solarstromproduktion \u00fcberwachen. Wir m\u00f6chten die Menschen f\u00fcr ihren Energieverbrauch sensibilisieren und ihnen helfen, Energie zu sparen. Das ist nicht nur gut f\u00fcr Ihren Geldbeutel, sondern auch f\u00fcr die&hellip;<\/p>\n","protected":false},"author":544392,"featured_media":0,"parent":0,"menu_order":0,"comment_status":"closed","ping_status":"closed","template":"","meta":{"_acf_changed":false,"editor_plus_copied_stylings":"{}","footnotes":""},"class_list":["post-543270","page","type-page","status-publish","hentry"],"acf":[],"yoast_head":"<!-- This site is optimized with the Yoast SEO plugin v27.0 - https:\/\/yoast.com\/product\/yoast-seo-wordpress\/ -->\n<title>\u00dcber uns - HomeWizard<\/title>\n<meta name=\"description\" content=\"HomeWizard hatte seine Anf\u00e4nge in den Niederlanden als Anbieter von Haushaltsautomation &amp; intelligenten K\u00fcchenger\u00e4ten. Jetzt helfen wir Menschen, Energie &amp; Kosten zu sparen.\" \/>\n<meta name=\"robots\" content=\"index, follow, max-snippet:-1, max-image-preview:large, max-video-preview:-1\" \/>\n<link rel=\"canonical\" href=\"https:\/\/www.homewizard.com\/de-at\/ueber\/\" \/>\n<meta property=\"og:locale\" content=\"de_DE\" \/>\n<meta property=\"og:type\" content=\"article\" \/>\n<meta property=\"og:title\" content=\"\u00dcber uns - HomeWizard\" \/>\n<meta property=\"og:description\" content=\"HomeWizard hatte seine Anf\u00e4nge in den Niederlanden als Anbieter von Haushaltsautomation &amp; intelligenten K\u00fcchenger\u00e4ten. Jetzt helfen wir Menschen, Energie &amp; Kosten zu sparen.\" \/>\n<meta property=\"og:url\" content=\"https:\/\/www.homewizard.com\/de-at\/ueber\/\" \/>\n<meta property=\"og:site_name\" content=\"HomeWizard\" \/>\n<meta property=\"article:publisher\" content=\"https:\/\/www.facebook.com\/HomeWizardBV\/\" \/>\n<meta property=\"article:modified_time\" content=\"2024-03-13T08:50:22+00:00\" \/>\n<meta property=\"og:image\" content=\"https:\/\/www.homewizard.com\/wp-content\/uploads\/2023\/10\/about-us-green.png\" \/>\n<meta name=\"twitter:card\" content=\"summary_large_image\" \/>\n<meta name=\"twitter:site\" content=\"@HomeWizard_NL\" \/>\n<meta name=\"twitter:label1\" content=\"Gesch\u00e4tzte Lesezeit\" \/>\n\t<meta name=\"twitter:data1\" content=\"3 Minuten\" \/>\n<script type=\"application\/ld+json\" class=\"yoast-schema-graph\">{\"@context\":\"https:\/\/schema.org\",\"@graph\":[{\"@type\":\"WebPage\",\"@id\":\"https:\/\/www.homewizard.com\/de-at\/ueber\/\",\"url\":\"https:\/\/www.homewizard.com\/de-at\/ueber\/\",\"name\":\"\u00dcber uns - HomeWizard\",\"isPartOf\":{\"@id\":\"https:\/\/www.homewizard.com\/de-at\/#website\"},\"primaryImageOfPage\":{\"@id\":\"https:\/\/www.homewizard.com\/de-at\/ueber\/#primaryimage\"},\"image\":{\"@id\":\"https:\/\/www.homewizard.com\/de-at\/ueber\/#primaryimage\"},\"thumbnailUrl\":\"https:\/\/www.homewizard.com\/wp-content\/uploads\/2023\/10\/about-us-green.png\",\"datePublished\":\"2024-01-08T15:51:52+00:00\",\"dateModified\":\"2024-03-13T08:50:22+00:00\",\"description\":\"HomeWizard hatte seine Anf\u00e4nge in den Niederlanden als Anbieter von Haushaltsautomation & intelligenten K\u00fcchenger\u00e4ten. Jetzt helfen wir Menschen, Energie & Kosten zu sparen.\",\"breadcrumb\":{\"@id\":\"https:\/\/www.homewizard.com\/de-at\/ueber\/#breadcrumb\"},\"inLanguage\":\"de-AT\",\"potentialAction\":[{\"@type\":\"ReadAction\",\"target\":[\"https:\/\/www.homewizard.com\/de-at\/ueber\/\"]}]},{\"@type\":\"ImageObject\",\"inLanguage\":\"de-AT\",\"@id\":\"https:\/\/www.homewizard.com\/de-at\/ueber\/#primaryimage\",\"url\":\"https:\/\/www.homewizard.com\/wp-content\/uploads\/2023\/10\/about-us-green.png\",\"contentUrl\":\"https:\/\/www.homewizard.com\/wp-content\/uploads\/2023\/10\/about-us-green.png\"},{\"@type\":\"BreadcrumbList\",\"@id\":\"https:\/\/www.homewizard.com\/de-at\/ueber\/#breadcrumb\",\"itemListElement\":[{\"@type\":\"ListItem\",\"position\":1,\"name\":\"Home\",\"item\":\"https:\/\/www.homewizard.com\/de-at\/\"},{\"@type\":\"ListItem\",\"position\":2,\"name\":\"\u00dcber uns\"}]},{\"@type\":\"WebSite\",\"@id\":\"https:\/\/www.homewizard.com\/de-at\/#website\",\"url\":\"https:\/\/www.homewizard.com\/de-at\/\",\"name\":\"HomeWizard\",\"description\":\"HomeWizard Energy\",\"publisher\":{\"@id\":\"https:\/\/www.homewizard.com\/de-at\/#organization\"},\"potentialAction\":[{\"@type\":\"SearchAction\",\"target\":{\"@type\":\"EntryPoint\",\"urlTemplate\":\"https:\/\/www.homewizard.com\/de-at\/?s={search_term_string}\"},\"query-input\":{\"@type\":\"PropertyValueSpecification\",\"valueRequired\":true,\"valueName\":\"search_term_string\"}}],\"inLanguage\":\"de-AT\"},{\"@type\":\"Organization\",\"@id\":\"https:\/\/www.homewizard.com\/de-at\/#organization\",\"name\":\"HomeWizard\",\"url\":\"https:\/\/www.homewizard.com\/de-at\/\",\"logo\":{\"@type\":\"ImageObject\",\"inLanguage\":\"de-AT\",\"@id\":\"https:\/\/www.homewizard.com\/de-at\/#\/schema\/logo\/image\/\",\"url\":\"https:\/\/www.homewizard.com\/wp-content\/uploads\/2023\/06\/HomeWizard-icon-on-black.png\",\"contentUrl\":\"https:\/\/www.homewizard.com\/wp-content\/uploads\/2023\/06\/HomeWizard-icon-on-black.png\",\"width\":500,\"height\":500,\"caption\":\"HomeWizard\"},\"image\":{\"@id\":\"https:\/\/www.homewizard.com\/de-at\/#\/schema\/logo\/image\/\"},\"sameAs\":[\"https:\/\/www.facebook.com\/HomeWizardBV\/\",\"https:\/\/x.com\/HomeWizard_NL\",\"https:\/\/www.youtube.com\/HomeWizardBV\",\"https:\/\/www.instagram.com\/homewizardenergy\/\"]}]}<\/script>\n<!-- \/ Yoast SEO plugin. -->","yoast_head_json":{"title":"\u00dcber uns - HomeWizard","description":"HomeWizard hatte seine Anf\u00e4nge in den Niederlanden als Anbieter von Haushaltsautomation & intelligenten K\u00fcchenger\u00e4ten. Jetzt helfen wir Menschen, Energie & Kosten zu sparen.","robots":{"index":"index","follow":"follow","max-snippet":"max-snippet:-1","max-image-preview":"max-image-preview:large","max-video-preview":"max-video-preview:-1"},"canonical":"https:\/\/www.homewizard.com\/de-at\/ueber\/","og_locale":"de_DE","og_type":"article","og_title":"\u00dcber uns - HomeWizard","og_description":"HomeWizard hatte seine Anf\u00e4nge in den Niederlanden als Anbieter von Haushaltsautomation & intelligenten K\u00fcchenger\u00e4ten. Jetzt helfen wir Menschen, Energie & Kosten zu sparen.","og_url":"https:\/\/www.homewizard.com\/de-at\/ueber\/","og_site_name":"HomeWizard","article_publisher":"https:\/\/www.facebook.com\/HomeWizardBV\/","article_modified_time":"2024-03-13T08:50:22+00:00","og_image":[{"url":"https:\/\/www.homewizard.com\/wp-content\/uploads\/2023\/10\/about-us-green.png","type":"","width":"","height":""}],"twitter_card":"summary_large_image","twitter_site":"@HomeWizard_NL","twitter_misc":{"Gesch\u00e4tzte Lesezeit":"3 Minuten"},"schema":{"@context":"https:\/\/schema.org","@graph":[{"@type":"WebPage","@id":"https:\/\/www.homewizard.com\/de-at\/ueber\/","url":"https:\/\/www.homewizard.com\/de-at\/ueber\/","name":"\u00dcber uns - HomeWizard","isPartOf":{"@id":"https:\/\/www.homewizard.com\/de-at\/#website"},"primaryImageOfPage":{"@id":"https:\/\/www.homewizard.com\/de-at\/ueber\/#primaryimage"},"image":{"@id":"https:\/\/www.homewizard.com\/de-at\/ueber\/#primaryimage"},"thumbnailUrl":"https:\/\/www.homewizard.com\/wp-content\/uploads\/2023\/10\/about-us-green.png","datePublished":"2024-01-08T15:51:52+00:00","dateModified":"2024-03-13T08:50:22+00:00","description":"HomeWizard hatte seine Anf\u00e4nge in den Niederlanden als Anbieter von Haushaltsautomation & intelligenten K\u00fcchenger\u00e4ten. Jetzt helfen wir Menschen, Energie & Kosten zu sparen.","breadcrumb":{"@id":"https:\/\/www.homewizard.com\/de-at\/ueber\/#breadcrumb"},"inLanguage":"de-AT","potentialAction":[{"@type":"ReadAction","target":["https:\/\/www.homewizard.com\/de-at\/ueber\/"]}]},{"@type":"ImageObject","inLanguage":"de-AT","@id":"https:\/\/www.homewizard.com\/de-at\/ueber\/#primaryimage","url":"https:\/\/www.homewizard.com\/wp-content\/uploads\/2023\/10\/about-us-green.png","contentUrl":"https:\/\/www.homewizard.com\/wp-content\/uploads\/2023\/10\/about-us-green.png"},{"@type":"BreadcrumbList","@id":"https:\/\/www.homewizard.com\/de-at\/ueber\/#breadcrumb","itemListElement":[{"@type":"ListItem","position":1,"name":"Home","item":"https:\/\/www.homewizard.com\/de-at\/"},{"@type":"ListItem","position":2,"name":"\u00dcber uns"}]},{"@type":"WebSite","@id":"https:\/\/www.homewizard.com\/de-at\/#website","url":"https:\/\/www.homewizard.com\/de-at\/","name":"HomeWizard","description":"HomeWizard Energy","publisher":{"@id":"https:\/\/www.homewizard.com\/de-at\/#organization"},"potentialAction":[{"@type":"SearchAction","target":{"@type":"EntryPoint","urlTemplate":"https:\/\/www.homewizard.com\/de-at\/?s={search_term_string}"},"query-input":{"@type":"PropertyValueSpecification","valueRequired":true,"valueName":"search_term_string"}}],"inLanguage":"de-AT"},{"@type":"Organization","@id":"https:\/\/www.homewizard.com\/de-at\/#organization","name":"HomeWizard","url":"https:\/\/www.homewizard.com\/de-at\/","logo":{"@type":"ImageObject","inLanguage":"de-AT","@id":"https:\/\/www.homewizard.com\/de-at\/#\/schema\/logo\/image\/","url":"https:\/\/www.homewizard.com\/wp-content\/uploads\/2023\/06\/HomeWizard-icon-on-black.png","contentUrl":"https:\/\/www.homewizard.com\/wp-content\/uploads\/2023\/06\/HomeWizard-icon-on-black.png","width":500,"height":500,"caption":"HomeWizard"},"image":{"@id":"https:\/\/www.homewizard.com\/de-at\/#\/schema\/logo\/image\/"},"sameAs":["https:\/\/www.facebook.com\/HomeWizardBV\/","https:\/\/x.com\/HomeWizard_NL","https:\/\/www.youtube.com\/HomeWizardBV","https:\/\/www.instagram.com\/homewizardenergy\/"]}]}},"_links":{"self":[{"href":"https:\/\/www.homewizard.com\/de-at\/wp-json\/wp\/v2\/pages\/543270","targetHints":{"allow":["GET"]}}],"collection":[{"href":"https:\/\/www.homewizard.com\/de-at\/wp-json\/wp\/v2\/pages"}],"about":[{"href":"https:\/\/www.homewizard.com\/de-at\/wp-json\/wp\/v2\/types\/page"}],"author":[{"embeddable":true,"href":"https:\/\/www.homewizard.com\/de-at\/wp-json\/wp\/v2\/users\/544392"}],"replies":[{"embeddable":true,"href":"https:\/\/www.homewizard.com\/de-at\/wp-json\/wp\/v2\/comments?post=543270"}],"version-history":[{"count":2,"href":"https:\/\/www.homewizard.com\/de-at\/wp-json\/wp\/v2\/pages\/543270\/revisions"}],"predecessor-version":[{"id":597828,"href":"https:\/\/www.homewizard.com\/de-at\/wp-json\/wp\/v2\/pages\/543270\/revisions\/597828"}],"wp:attachment":[{"href":"https:\/\/www.homewizard.com\/de-at\/wp-json\/wp\/v2\/media?parent=543270"}],"curies":[{"name":"wp","href":"https:\/\/api.w.org\/{rel}","templated":true}]}}