{"id":1840837,"date":"2025-11-24T14:58:04","date_gmt":"2025-11-24T13:58:04","guid":{"rendered":"https:\/\/www.homewizard.com\/?page_id=1840837"},"modified":"2025-12-04T16:35:23","modified_gmt":"2025-12-04T15:35:23","slug":"green-friday","status":"publish","type":"page","link":"https:\/\/www.homewizard.com\/de-at\/green-friday\/","title":{"rendered":"Green Friday"},"content":{"rendered":"<div class=\"contained_page wp-block-group eplus-wrapper eplus-styles-uid-ec1651\"><div class=\"wp-block-group__inner-container is-layout-constrained wp-block-group-is-layout-constrained\">\n<style>\n.green-friday-gradient {\n  font-family: 'Poppins', sans-serif;\n  font-weight: 600;\n  font-size: 56px;\n  line-height: 1.1;\n  margin: 0;\n\n  background: linear-gradient(135deg, #20F29B 0%, #02DACE 100%);\n  -webkit-background-clip: text;\n  -webkit-text-fill-color: transparent;\n  background-clip: text;\n  color: transparent;\n}\n<\/style>\n\n<h1 class=\"green-friday-gradient\">Green Friday.<\/h1>\n\n\n<div class=\"flex-column wp-block-columns eplus-wrapper is-layout-flex wp-container-core-columns-is-layout-9d6595d7 wp-block-columns-is-layout-flex eplus-styles-uid-8e5b2d\">\n<div class=\"wp-block-column is-vertically-aligned-top eplus-wrapper is-layout-flow wp-block-column-is-layout-flow\" style=\"flex-basis:66.66%\">\n<p class=\" eplus-wrapper\">Die Aktion ist vorbei, aber ein cleverer Umgang mit Energie lohnt sich das ganze Jahr \u00fcber. Entdecken Sie unsere benutzerfreundlichen und erschwinglichen Produkte und holen Sie mehr aus Ihrer Energie heraus.<\/p>\n\n\n\n<h3 class=\" wp-block-heading eplus-wrapper\">Clever und nachhaltig sparen.<\/h3>\n\n\n\n<p class=\" eplus-wrapper\">Bei HomeWizard geht es nicht um gro\u00dfe Rabatte, sondern um kluge, nachhaltige Entscheidungen, die wirklich etwas bewirken. Wir glauben, dass Energiesparen einfach und f\u00fcr alle erschwinglich sein sollte. Deshalb machen wir keinen Black Friday, sondern Green Friday. Scrolle nach unten und entdecke, wie du auf gr\u00fcnere Weise Energie sparen kannst.<\/p>\n<\/div>\n\n\n<div class=\"wp-block-column is-vertically-aligned-center eplus-wrapper is-layout-flow wp-block-column-is-layout-flow eplus-styles-uid-9462ad\" style=\"flex-basis:33.33%\"><div class=\"wp-block-image \">\n<figure class=\"aligncenter size-full is-resized eplus-wrapper\"><img loading=\"lazy\" decoding=\"async\" width=\"800\" height=\"548\" src=\"https:\/\/cdn.homewizard.com\/wp-content\/uploads\/2025\/11\/Green-Friday-icon.webp\" alt=\"\" class=\"wp-image-1839417\" style=\"width:283px;height:auto\" srcset=\"https:\/\/www.homewizard.com\/wp-content\/uploads\/2025\/11\/Green-Friday-icon.webp 800w, https:\/\/www.homewizard.com\/wp-content\/uploads\/2025\/11\/Green-Friday-icon-300x206.webp 300w, https:\/\/www.homewizard.com\/wp-content\/uploads\/2025\/11\/Green-Friday-icon-768x526.webp 768w\" sizes=\"auto, (max-width: 800px) 100vw, 800px\" \/><\/figure>\n<\/div><\/div><\/div>\n\n<div class=\"flex-column wp-block-columns eplus-wrapper is-layout-flex wp-container-core-columns-is-layout-9d6595d7 wp-block-columns-is-layout-flex eplus-styles-uid-373e48\"><div class=\"wp-block-column is-vertically-aligned-center eplus-wrapper is-layout-flow wp-block-column-is-layout-flow eplus-styles-uid-9462ad\" style=\"flex-basis:50%\"><div class=\"wp-block-image \">\n<figure class=\"aligncenter size-full eplus-wrapper\"><img loading=\"lazy\" decoding=\"async\" width=\"800\" height=\"548\" src=\"https:\/\/cdn.homewizard.com\/wp-content\/uploads\/2025\/11\/Green-Friday-product-family-no-gass.webp\" alt=\"\" class=\"wp-image-1843075\" srcset=\"https:\/\/www.homewizard.com\/wp-content\/uploads\/2025\/11\/Green-Friday-product-family-no-gass.webp 800w, https:\/\/www.homewizard.com\/wp-content\/uploads\/2025\/11\/Green-Friday-product-family-no-gass-300x206.webp 300w, https:\/\/www.homewizard.com\/wp-content\/uploads\/2025\/11\/Green-Friday-product-family-no-gass-768x526.webp 768w\" sizes=\"auto, (max-width: 800px) 100vw, 800px\" \/><\/figure>\n<\/div><\/div>\n\n\n<div class=\"wp-block-column is-vertically-aligned-top eplus-wrapper is-layout-flow wp-block-column-is-layout-flow\" style=\"flex-basis:50%\">\n<h2 class=\" wp-block-heading eplus-wrapper\"><strong><strong><strong>Kostenloser Versand<\/strong><\/strong><\/strong>.<\/h2>\n\n\n\n<p class=\" eplus-wrapper\">Wir machen Energiesparen in diesem Green Friday f\u00fcr alle einfacher. Genie\u00dfe kostenlosen Versand in unserem Webshop bis Montag, den 1. Dezember. Finde versteckte Stromfresser mit der <a href=\"https:\/\/www.homewizard.com\/de-at\/energy-socket\/\">Energy Socket<\/a> oder hol dir ein <a href=\"https:\/\/www.homewizard.com\/de-at\/energy-display\/\">Energy Display<\/a>, um zu sehen, was in deinem Zuhause passiert \u2013 ganz ohne Handy.<\/p>\n\n\n<div class=\"wp-block-buttons eplus-wrapper is-layout-flex wp-block-buttons-is-layout-flex eplus-styles-uid-2da7fd\"><div class=\"button_outline is-style-fill wp-block-button eplus-wrapper eplus-styles-uid-6cf7ed\"><a class=\"wp-block-button__link wp-element-button\" href=\"https:\/\/www.homewizard.com\/de-at\/shop\/\" style=\"border-radius:10px\"><strong>Jetzt Green Friday shoppen<\/strong><\/a><\/div><\/div><\/div>\n<\/div>\n\n<div class=\"flex-column-reverse wp-block-columns eplus-wrapper is-layout-flex wp-container-core-columns-is-layout-9d6595d7 wp-block-columns-is-layout-flex eplus-styles-uid-958820\">\n<div class=\"wp-block-column eplus-wrapper is-layout-flow wp-block-column-is-layout-flow\" style=\"flex-basis:50%\">\n<h2 class=\" wp-block-heading eplus-wrapper\"><strong><strong>Etwas Gr\u00fcnes hinterlassen<\/strong><\/strong>.<\/h2>\n\n\n\n<p class=\" eplus-wrapper\">An diesem Green Friday geben wir der Natur etwas zur\u00fcck. F\u00fcr jeden Einkauf w\u00e4hrend Green Friday spenden wir an <em>Trees for All<\/em>, um die Wiederaufforstung von Regenwald in Borneo zu unterst\u00fctzen. So machst du nicht nur dein Zuhause, sondern auch die Welt ein St\u00fcck gr\u00fcner.<\/p>\n\n\n<div class=\"wp-block-buttons eplus-wrapper is-layout-flex wp-block-buttons-is-layout-flex eplus-styles-uid-2da7fd\"><div class=\"button_outline is-style-fill wp-block-button eplus-wrapper eplus-styles-uid-f6b0a0\"><a class=\"wp-block-button__link wp-element-button\" href=\"https:\/\/www.homewizard.com\/de-at\/shop\/\" style=\"border-radius:10px\"><strong>Jetzt einkaufen<\/strong><\/a><\/div><\/div><\/div>\n\n\n<div class=\"wp-block-column is-vertically-aligned-center eplus-wrapper is-layout-flow wp-block-column-is-layout-flow eplus-styles-uid-9462ad\" style=\"flex-basis:50%\"><div class=\"wp-block-image \">\n<figure class=\"aligncenter size-full eplus-wrapper\"><img loading=\"lazy\" decoding=\"async\" width=\"800\" height=\"548\" src=\"https:\/\/cdn.homewizard.com\/wp-content\/uploads\/2025\/11\/Green-Friday-Trees-in-Borneo-1.webp\" alt=\"\" class=\"wp-image-1838174\" srcset=\"https:\/\/www.homewizard.com\/wp-content\/uploads\/2025\/11\/Green-Friday-Trees-in-Borneo-1.webp 800w, https:\/\/www.homewizard.com\/wp-content\/uploads\/2025\/11\/Green-Friday-Trees-in-Borneo-1-300x206.webp 300w, https:\/\/www.homewizard.com\/wp-content\/uploads\/2025\/11\/Green-Friday-Trees-in-Borneo-1-768x526.webp 768w\" sizes=\"auto, (max-width: 800px) 100vw, 800px\" \/><\/figure>\n<\/div><\/div><\/div>\n\n<div class=\"wp-block-group eplus-wrapper eplus-styles-uid-5dfa20\"><div class=\"wp-block-group__inner-container is-layout-flow wp-block-group-is-layout-flow\">\n<h2 class=\" wp-block-heading eplus-wrapper\"><strong>H\u00e4ufig gestellte Fragen<\/strong>.<\/h2>\n\n\n\n<h3 class=\" wp-block-heading eplus-wrapper\"><strong><strong>Wie lange dauert die Green Friday-Aktion?<\/strong><\/strong><\/h3>\n\n\n\n<p class=\" eplus-wrapper\">Green Friday bei HomeWizard <strong>l\u00e4uft<\/strong> <strong>bis Montag, den 1. Dezember 2025 <\/strong>(Cyber Monday). Ab Dienstag, den 2. Dezember, gilt kostenloser Versand wie gewohnt nur f\u00fcr Bestellungen \u00fcber 75 \u20ac.<\/p>\n\n\n\n<h3 class=\" wp-block-heading eplus-wrapper\"><strong><strong>Wie lange ist die Lieferzeit?<\/strong><\/strong><\/h3>\n\n\n\n<p class=\" eplus-wrapper\">Wir beginnen sofort mit der Bearbeitung deiner Bestellung. In den meisten F\u00e4llen wird sie innerhalb weniger Minuten verpackt und noch am selben Tag versendet. Aufgrund der hohen Nachfrage an Black Friday kann es beim Versanddienstleister zu Verz\u00f6gerungen kommen. Du erh\u00e4ltst einen Tracking-Link, sobald dein Paket unterwegs ist. Die Lieferzeit betr\u00e4gt 1\u20133 Tage in den Niederlanden und Belgien sowie 2\u20137 Werktage in anderen EU-L\u00e4ndern. Lieferungen au\u00dferhalb der EU k\u00f6nnen je nach Zollbestimmungen ein paar Tage l\u00e4nger dauern.<\/p>\n\n\n\n<h3 class=\" wp-block-heading eplus-wrapper\"><strong>Warum nicht einfach Black Friday?<\/strong><\/h3>\n\n\n\n<p class=\" eplus-wrapper\">Bei HomeWizard geht es nicht darum, mehr zu kaufen, sondern Energie smarter zu nutzen. Deshalb entscheiden wir uns f\u00fcr Green Friday \u2013 einen Moment, um nachhaltige Entscheidungen leichter zug\u00e4nglich zu machen. Weniger Verschwendung, mehr Kontrolle \u00fcber deine Energie.<\/p>\n\n\n\n<h3 class=\" wp-block-heading eplus-wrapper\"><strong><strong><strong>Was beinhaltet die Zusammenarbeit mit Trees for All?<\/strong><\/strong><\/strong><\/h3>\n\n\n\n<p class=\" eplus-wrapper\">F\u00fcr jeden Einkauf w\u00e4hrend Green Friday spenden wir an <a href=\"https:\/\/treesforall.nl\/en\/\" target=\"_blank\" rel=\"noreferrer noopener\">Trees for All<\/a>, um Wiederaufforstungsprojekte in Borneo zu unterst\u00fctzen. Das bedeutet, dein Kauf tr\u00e4gt direkt zu einer gr\u00fcneren Welt bei. Nach Ende der Aktion spenden wir bis zu 500 B\u00e4ume.<\/p>\n<\/div><\/div><\/div><\/div>","protected":false},"excerpt":{"rendered":"<p>Green Friday. Die Aktion ist vorbei, aber ein cleverer Umgang mit Energie lohnt sich das ganze Jahr \u00fcber. Entdecken Sie unsere benutzerfreundlichen und erschwinglichen Produkte und holen Sie mehr aus Ihrer Energie heraus. Clever und nachhaltig sparen. Bei HomeWizard geht es nicht um gro\u00dfe Rabatte, sondern um kluge, nachhaltige Entscheidungen, die wirklich etwas bewirken. Wir&hellip;<\/p>\n","protected":false},"author":702268,"featured_media":0,"parent":0,"menu_order":0,"comment_status":"closed","ping_status":"closed","template":"","meta":{"_acf_changed":false,"editor_plus_copied_stylings":"{}","footnotes":""},"class_list":["post-1840837","page","type-page","status-publish","hentry"],"acf":[],"yoast_head":"<!-- This site is optimized with the Yoast SEO plugin v27.0 - https:\/\/yoast.com\/product\/yoast-seo-wordpress\/ -->\n<title>Green Friday 2025 bei HomeWizard<\/title>\n<meta name=\"description\" content=\"Entscheide dich bei HomeWizard f\u00fcr Green Friday statt Black Friday. Genie\u00dfe kostenlosen Versand auf alle Produkte und hilf dabei, tropische W\u00e4lder mit jedem Einkauf wiederaufzuforsten.\" \/>\n<meta name=\"robots\" content=\"index, follow, max-snippet:-1, max-image-preview:large, max-video-preview:-1\" \/>\n<link rel=\"canonical\" href=\"https:\/\/www.homewizard.com\/de-at\/green-friday\/\" \/>\n<meta property=\"og:locale\" content=\"de_DE\" \/>\n<meta property=\"og:type\" content=\"article\" \/>\n<meta property=\"og:title\" content=\"Green Friday 2025 bei HomeWizard\" \/>\n<meta property=\"og:description\" content=\"Entscheide dich bei HomeWizard f\u00fcr Green Friday statt Black Friday. Genie\u00dfe kostenlosen Versand auf alle Produkte und hilf dabei, tropische W\u00e4lder mit jedem Einkauf wiederaufzuforsten.\" \/>\n<meta property=\"og:url\" content=\"https:\/\/www.homewizard.com\/de-at\/green-friday\/\" \/>\n<meta property=\"og:site_name\" content=\"HomeWizard\" \/>\n<meta property=\"article:publisher\" content=\"https:\/\/www.facebook.com\/HomeWizardBV\/\" \/>\n<meta property=\"article:modified_time\" content=\"2025-12-04T15:35:23+00:00\" \/>\n<meta property=\"og:image\" content=\"https:\/\/www.homewizard.com\/wp-content\/uploads\/2025\/11\/Green-Friday-icon.webp\" \/>\n\t<meta property=\"og:image:width\" content=\"800\" \/>\n\t<meta property=\"og:image:height\" content=\"548\" \/>\n\t<meta property=\"og:image:type\" content=\"image\/webp\" \/>\n<meta name=\"twitter:card\" content=\"summary_large_image\" \/>\n<meta name=\"twitter:site\" content=\"@HomeWizard_NL\" \/>\n<meta name=\"twitter:label1\" content=\"Gesch\u00e4tzte Lesezeit\" \/>\n\t<meta name=\"twitter:data1\" content=\"3 Minuten\" \/>\n<script type=\"application\/ld+json\" class=\"yoast-schema-graph\">{\"@context\":\"https:\/\/schema.org\",\"@graph\":[{\"@type\":\"WebPage\",\"@id\":\"https:\/\/www.homewizard.com\/de-at\/green-friday\/\",\"url\":\"https:\/\/www.homewizard.com\/de-at\/green-friday\/\",\"name\":\"Green Friday 2025 bei HomeWizard\",\"isPartOf\":{\"@id\":\"https:\/\/www.homewizard.com\/de-at\/#website\"},\"primaryImageOfPage\":{\"@id\":\"https:\/\/www.homewizard.com\/de-at\/green-friday\/#primaryimage\"},\"image\":{\"@id\":\"https:\/\/www.homewizard.com\/de-at\/green-friday\/#primaryimage\"},\"thumbnailUrl\":\"https:\/\/cdn.homewizard.com\/wp-content\/uploads\/2025\/11\/Green-Friday-icon.webp\",\"datePublished\":\"2025-11-24T13:58:04+00:00\",\"dateModified\":\"2025-12-04T15:35:23+00:00\",\"description\":\"Entscheide dich bei HomeWizard f\u00fcr Green Friday statt Black Friday. Genie\u00dfe kostenlosen Versand auf alle Produkte und hilf dabei, tropische W\u00e4lder mit jedem Einkauf wiederaufzuforsten.\",\"breadcrumb\":{\"@id\":\"https:\/\/www.homewizard.com\/de-at\/green-friday\/#breadcrumb\"},\"inLanguage\":\"de-AT\",\"potentialAction\":[{\"@type\":\"ReadAction\",\"target\":[\"https:\/\/www.homewizard.com\/de-at\/green-friday\/\"]}]},{\"@type\":\"ImageObject\",\"inLanguage\":\"de-AT\",\"@id\":\"https:\/\/www.homewizard.com\/de-at\/green-friday\/#primaryimage\",\"url\":\"https:\/\/cdn.homewizard.com\/wp-content\/uploads\/2025\/11\/Green-Friday-icon.webp\",\"contentUrl\":\"https:\/\/cdn.homewizard.com\/wp-content\/uploads\/2025\/11\/Green-Friday-icon.webp\"},{\"@type\":\"BreadcrumbList\",\"@id\":\"https:\/\/www.homewizard.com\/de-at\/green-friday\/#breadcrumb\",\"itemListElement\":[{\"@type\":\"ListItem\",\"position\":1,\"name\":\"Home\",\"item\":\"https:\/\/www.homewizard.com\/de-at\/\"},{\"@type\":\"ListItem\",\"position\":2,\"name\":\"Green Friday\"}]},{\"@type\":\"WebSite\",\"@id\":\"https:\/\/www.homewizard.com\/de-at\/#website\",\"url\":\"https:\/\/www.homewizard.com\/de-at\/\",\"name\":\"HomeWizard\",\"description\":\"HomeWizard Energy\",\"publisher\":{\"@id\":\"https:\/\/www.homewizard.com\/de-at\/#organization\"},\"potentialAction\":[{\"@type\":\"SearchAction\",\"target\":{\"@type\":\"EntryPoint\",\"urlTemplate\":\"https:\/\/www.homewizard.com\/de-at\/?s={search_term_string}\"},\"query-input\":{\"@type\":\"PropertyValueSpecification\",\"valueRequired\":true,\"valueName\":\"search_term_string\"}}],\"inLanguage\":\"de-AT\"},{\"@type\":\"Organization\",\"@id\":\"https:\/\/www.homewizard.com\/de-at\/#organization\",\"name\":\"HomeWizard\",\"url\":\"https:\/\/www.homewizard.com\/de-at\/\",\"logo\":{\"@type\":\"ImageObject\",\"inLanguage\":\"de-AT\",\"@id\":\"https:\/\/www.homewizard.com\/de-at\/#\/schema\/logo\/image\/\",\"url\":\"https:\/\/www.homewizard.com\/wp-content\/uploads\/2023\/06\/HomeWizard-icon-on-black.png\",\"contentUrl\":\"https:\/\/www.homewizard.com\/wp-content\/uploads\/2023\/06\/HomeWizard-icon-on-black.png\",\"width\":500,\"height\":500,\"caption\":\"HomeWizard\"},\"image\":{\"@id\":\"https:\/\/www.homewizard.com\/de-at\/#\/schema\/logo\/image\/\"},\"sameAs\":[\"https:\/\/www.facebook.com\/HomeWizardBV\/\",\"https:\/\/x.com\/HomeWizard_NL\",\"https:\/\/www.youtube.com\/HomeWizardBV\",\"https:\/\/www.instagram.com\/homewizardenergy\/\"]}]}<\/script>\n<!-- \/ Yoast SEO plugin. -->","yoast_head_json":{"title":"Green Friday 2025 bei HomeWizard","description":"Entscheide dich bei HomeWizard f\u00fcr Green Friday statt Black Friday. Genie\u00dfe kostenlosen Versand auf alle Produkte und hilf dabei, tropische W\u00e4lder mit jedem Einkauf wiederaufzuforsten.","robots":{"index":"index","follow":"follow","max-snippet":"max-snippet:-1","max-image-preview":"max-image-preview:large","max-video-preview":"max-video-preview:-1"},"canonical":"https:\/\/www.homewizard.com\/de-at\/green-friday\/","og_locale":"de_DE","og_type":"article","og_title":"Green Friday 2025 bei HomeWizard","og_description":"Entscheide dich bei HomeWizard f\u00fcr Green Friday statt Black Friday. Genie\u00dfe kostenlosen Versand auf alle Produkte und hilf dabei, tropische W\u00e4lder mit jedem Einkauf wiederaufzuforsten.","og_url":"https:\/\/www.homewizard.com\/de-at\/green-friday\/","og_site_name":"HomeWizard","article_publisher":"https:\/\/www.facebook.com\/HomeWizardBV\/","article_modified_time":"2025-12-04T15:35:23+00:00","og_image":[{"width":800,"height":548,"url":"https:\/\/www.homewizard.com\/wp-content\/uploads\/2025\/11\/Green-Friday-icon.webp","type":"image\/webp"}],"twitter_card":"summary_large_image","twitter_site":"@HomeWizard_NL","twitter_misc":{"Gesch\u00e4tzte Lesezeit":"3 Minuten"},"schema":{"@context":"https:\/\/schema.org","@graph":[{"@type":"WebPage","@id":"https:\/\/www.homewizard.com\/de-at\/green-friday\/","url":"https:\/\/www.homewizard.com\/de-at\/green-friday\/","name":"Green Friday 2025 bei HomeWizard","isPartOf":{"@id":"https:\/\/www.homewizard.com\/de-at\/#website"},"primaryImageOfPage":{"@id":"https:\/\/www.homewizard.com\/de-at\/green-friday\/#primaryimage"},"image":{"@id":"https:\/\/www.homewizard.com\/de-at\/green-friday\/#primaryimage"},"thumbnailUrl":"https:\/\/cdn.homewizard.com\/wp-content\/uploads\/2025\/11\/Green-Friday-icon.webp","datePublished":"2025-11-24T13:58:04+00:00","dateModified":"2025-12-04T15:35:23+00:00","description":"Entscheide dich bei HomeWizard f\u00fcr Green Friday statt Black Friday. Genie\u00dfe kostenlosen Versand auf alle Produkte und hilf dabei, tropische W\u00e4lder mit jedem Einkauf wiederaufzuforsten.","breadcrumb":{"@id":"https:\/\/www.homewizard.com\/de-at\/green-friday\/#breadcrumb"},"inLanguage":"de-AT","potentialAction":[{"@type":"ReadAction","target":["https:\/\/www.homewizard.com\/de-at\/green-friday\/"]}]},{"@type":"ImageObject","inLanguage":"de-AT","@id":"https:\/\/www.homewizard.com\/de-at\/green-friday\/#primaryimage","url":"https:\/\/cdn.homewizard.com\/wp-content\/uploads\/2025\/11\/Green-Friday-icon.webp","contentUrl":"https:\/\/cdn.homewizard.com\/wp-content\/uploads\/2025\/11\/Green-Friday-icon.webp"},{"@type":"BreadcrumbList","@id":"https:\/\/www.homewizard.com\/de-at\/green-friday\/#breadcrumb","itemListElement":[{"@type":"ListItem","position":1,"name":"Home","item":"https:\/\/www.homewizard.com\/de-at\/"},{"@type":"ListItem","position":2,"name":"Green Friday"}]},{"@type":"WebSite","@id":"https:\/\/www.homewizard.com\/de-at\/#website","url":"https:\/\/www.homewizard.com\/de-at\/","name":"HomeWizard","description":"HomeWizard Energy","publisher":{"@id":"https:\/\/www.homewizard.com\/de-at\/#organization"},"potentialAction":[{"@type":"SearchAction","target":{"@type":"EntryPoint","urlTemplate":"https:\/\/www.homewizard.com\/de-at\/?s={search_term_string}"},"query-input":{"@type":"PropertyValueSpecification","valueRequired":true,"valueName":"search_term_string"}}],"inLanguage":"de-AT"},{"@type":"Organization","@id":"https:\/\/www.homewizard.com\/de-at\/#organization","name":"HomeWizard","url":"https:\/\/www.homewizard.com\/de-at\/","logo":{"@type":"ImageObject","inLanguage":"de-AT","@id":"https:\/\/www.homewizard.com\/de-at\/#\/schema\/logo\/image\/","url":"https:\/\/www.homewizard.com\/wp-content\/uploads\/2023\/06\/HomeWizard-icon-on-black.png","contentUrl":"https:\/\/www.homewizard.com\/wp-content\/uploads\/2023\/06\/HomeWizard-icon-on-black.png","width":500,"height":500,"caption":"HomeWizard"},"image":{"@id":"https:\/\/www.homewizard.com\/de-at\/#\/schema\/logo\/image\/"},"sameAs":["https:\/\/www.facebook.com\/HomeWizardBV\/","https:\/\/x.com\/HomeWizard_NL","https:\/\/www.youtube.com\/HomeWizardBV","https:\/\/www.instagram.com\/homewizardenergy\/"]}]}},"_links":{"self":[{"href":"https:\/\/www.homewizard.com\/de-at\/wp-json\/wp\/v2\/pages\/1840837","targetHints":{"allow":["GET"]}}],"collection":[{"href":"https:\/\/www.homewizard.com\/de-at\/wp-json\/wp\/v2\/pages"}],"about":[{"href":"https:\/\/www.homewizard.com\/de-at\/wp-json\/wp\/v2\/types\/page"}],"author":[{"embeddable":true,"href":"https:\/\/www.homewizard.com\/de-at\/wp-json\/wp\/v2\/users\/702268"}],"replies":[{"embeddable":true,"href":"https:\/\/www.homewizard.com\/de-at\/wp-json\/wp\/v2\/comments?post=1840837"}],"version-history":[{"count":10,"href":"https:\/\/www.homewizard.com\/de-at\/wp-json\/wp\/v2\/pages\/1840837\/revisions"}],"predecessor-version":[{"id":1907118,"href":"https:\/\/www.homewizard.com\/de-at\/wp-json\/wp\/v2\/pages\/1840837\/revisions\/1907118"}],"wp:attachment":[{"href":"https:\/\/www.homewizard.com\/de-at\/wp-json\/wp\/v2\/media?parent=1840837"}],"curies":[{"name":"wp","href":"https:\/\/api.w.org\/{rel}","templated":true}]}}