{"id":543034,"date":"2023-08-21T10:27:37","date_gmt":"2023-08-21T08:27:37","guid":{"rendered":"https:\/\/www.homewizard.com\/shop\/energy-display\/"},"modified":"2026-04-26T13:59:53","modified_gmt":"2026-04-26T11:59:53","slug":"energy-display","status":"publish","type":"product","link":"https:\/\/www.homewizard.com\/da\/butik\/energy-display\/","title":{"rendered":"Energy Display"},"content":{"rendered":"\n<h2 class=\" wp-block-heading eplus-wrapper\">Indsigt i sigte.<\/h2>\n\n\n\n<p class=\" eplus-wrapper\">Med Energy Display er dit str\u00f8mforbrug, din solproduktion og dine energiomkostninger altid i syne, s\u00e5 du kan holde \u00f8je med energiforbruget i dit hjem. Plac\u00e9r Energy Display i din dagligstue, i k\u00f8kkenet eller et sted, du ofte g\u00e5r forbi, s\u00e5som i gangen. For at undg\u00e5 un\u00f8dig brug af str\u00f8m slukker sk\u00e6rmen, hvis Display ikke har registreret nogen bev\u00e6gelse i et stykke tid.<\/p>\n\n\n\n<h2 class=\" wp-block-heading eplus-wrapper\">N\u00e5 dine energiforbrugsm\u00e5l.<\/h2>\n\n\n\n<p class=\" eplus-wrapper\">You can configure the Energy Display to your liking through the <a href=\"https:\/\/helpdesk.homewizard.com\/collections\/3319573\">HomeWizard Energy app<\/a>. Assign a consumption target to one of the three circles. The fuller the circle, the closer you are to exceeding your target. The right side of the screen can be used to display gas, water, electricity, total costs and\/or temperature. Choose from insight into consumption or costs and view live or on a daily basis.&nbsp;<\/p>\n\n\n\n<p class=\" eplus-wrapper\">Du beh\u00f8ver ikke et <a href=\"https:\/\/www.homewizard.com\/da\/energy-plus\/\">Energy+ abonnement<\/a> for at bruge displayet, men med et Energy+ abonnement f\u00e5r du yderligere funktioner, som at kunne vise bruttostr\u00f8mforbruget og selvforsynende\r\n\r\n.<\/p>\n\n\n\n<div class=\" wp-block-media-text has-media-on-the-right is-stacked-on-mobile eplus-wrapper\" style=\"grid-template-columns:auto 49%\"><div class=\"wp-block-media-text__content\">\n<h2 class=\" wp-block-heading eplus-wrapper\">Spar mere end 1283 kr om \u00e5ret.<\/h2>\n\n\n\n<p class=\" eplus-wrapper\">Med et energidisplay i hjemmet kan du spare gennemsnitligt 6,9 % p\u00e5 gas og 2,2 % p\u00e5 el. En gennemsnitlig husholdning sparer mere end 1283 kr om \u00e5ret p\u00e5 energiomkostningerne* Dette indeb\u00e6rer, at du har tjent dit Energy Display hjem p\u00e5 ingen tid. Det har aldrig v\u00e6ret nemmere at spare p\u00e5 energiomkostningerne.<\/p>\n\n\n<p class=\" eplus-wrapper eplus-styles-uid-e7c803\">* Baseret p\u00e5 de gennemsnitlige husholdnings- og energipriser i Holland: 1.500 m\u00b3 gas (10.80 kr) og 2.500 kWh (2.98 kr).<\/p><\/div><figure class=\"wp-block-media-text__media\"><img decoding=\"async\" src=\"https:\/\/www.homewizard.com\/wp-content\/uploads\/2024\/01\/electricity-norway-2.png\" alt=\"\" class=\"wp-image-408990 size-full\"\/><\/figure><\/div>\n\n\n\n<h2 class=\" wp-block-heading eplus-wrapper\">I \u00e6sken<\/h2>\n\n\n<ul class=\" wp-block-list eplus-wrapper eplus-styles-uid-ec78d2\">\n<li class=\" eplus-wrapper\">HomeWizard Energy Display<\/li>\n\n\n\n<li class=\" eplus-wrapper\">Str\u00f8madapter<\/li>\n\n\n\n<li class=\" eplus-wrapper\">1,5 m USB-C-kabel<\/li>\n\n\n\n<li class=\" eplus-wrapper\">Hurtig start vejledning<\/li>\n<\/ul>\n\n\n<h2 class=\" wp-block-heading eplus-wrapper\">Krav<\/h2>\n\n\n\n<p class=\" eplus-wrapper\">An iOS 13, Android 8 or newer operating system<br>A secure Wi-Fi network with an internet connection<\/p>\n","protected":false},"excerpt":{"rendered":"<p><span style=\"font-weight: 400;\">F\u00e5 indsigt i str\u00f8mforbrug, solproduktion og energiomkostninger med HomeWizard Energy Display. S\u00e6t dit eget dashboard op og bestem, hvad du vil se. <\/span><\/p>\n","protected":false},"featured_media":1012130,"template":"","meta":{"_acf_changed":false,"editor_plus_copied_stylings":"{}"},"product_brand":[],"product_cat":[238,242],"product_tag":[],"class_list":{"0":"post-543034","1":"product","2":"type-product","3":"status-publish","4":"has-post-thumbnail","6":"product_cat-alle","7":"product_cat-produkter-da","9":"first","10":"instock","11":"taxable","12":"shipping-taxable","13":"purchasable","14":"product-type-simple"},"acf":[],"yoast_head":"<!-- This site is optimized with the Yoast SEO plugin v27.0 - https:\/\/yoast.com\/product\/yoast-seo-wordpress\/ -->\n<title>Bestil dit Energy Display her - HomeWizard<\/title>\n<meta name=\"description\" content=\"Tag kontrol over dit energiforbrug med Energy Display fra HomeWizard. Opret dit eget dashboard, n\u00e5 dine m\u00e5l og spar p\u00e5 energiomkostningerne.\" \/>\n<meta name=\"robots\" content=\"index, follow, max-snippet:-1, max-image-preview:large, max-video-preview:-1\" \/>\n<link rel=\"canonical\" href=\"https:\/\/www.homewizard.com\/da\/butik\/energy-display\/\" \/>\n<meta property=\"og:locale\" content=\"da_DK\" \/>\n<meta property=\"og:type\" content=\"article\" \/>\n<meta property=\"og:title\" content=\"Bestil dit Energy Display her - HomeWizard\" \/>\n<meta property=\"og:description\" content=\"Tag kontrol over dit energiforbrug med Energy Display fra HomeWizard. Opret dit eget dashboard, n\u00e5 dine m\u00e5l og spar p\u00e5 energiomkostningerne.\" \/>\n<meta property=\"og:url\" content=\"https:\/\/www.homewizard.com\/da\/butik\/energy-display\/\" \/>\n<meta property=\"og:site_name\" content=\"HomeWizard\" \/>\n<meta property=\"article:publisher\" content=\"https:\/\/www.facebook.com\/HomeWizardBV\/\" \/>\n<meta property=\"article:modified_time\" content=\"2026-04-26T11:59:53+00:00\" \/>\n<meta property=\"og:image\" content=\"https:\/\/www.homewizard.com\/wp-content\/uploads\/2023\/08\/Energy-Display-front-view.png\" \/>\n\t<meta property=\"og:image:width\" content=\"1900\" \/>\n\t<meta property=\"og:image:height\" content=\"1900\" \/>\n\t<meta property=\"og:image:type\" content=\"image\/png\" \/>\n<meta name=\"twitter:card\" content=\"summary_large_image\" \/>\n<meta name=\"twitter:site\" content=\"@HomeWizard_NL\" \/>\n<meta name=\"twitter:label1\" content=\"Estimeret l\u00e6setid\" \/>\n\t<meta name=\"twitter:data1\" content=\"2 minutter\" \/>\n<script type=\"application\/ld+json\" class=\"yoast-schema-graph\">{\"@context\":\"https:\/\/schema.org\",\"@graph\":[{\"@type\":\"WebPage\",\"@id\":\"https:\/\/www.homewizard.com\/da\/butik\/energy-display\/\",\"url\":\"https:\/\/www.homewizard.com\/da\/butik\/energy-display\/\",\"name\":\"Bestil dit Energy Display her - HomeWizard\",\"isPartOf\":{\"@id\":\"https:\/\/www.homewizard.com\/da\/#website\"},\"primaryImageOfPage\":{\"@id\":\"https:\/\/www.homewizard.com\/da\/butik\/energy-display\/#primaryimage\"},\"image\":{\"@id\":\"https:\/\/www.homewizard.com\/da\/butik\/energy-display\/#primaryimage\"},\"thumbnailUrl\":\"https:\/\/www.homewizard.com\/wp-content\/uploads\/2023\/08\/Energy-Display-front-view.png\",\"datePublished\":\"2023-08-21T08:27:37+00:00\",\"dateModified\":\"2026-04-26T11:59:53+00:00\",\"description\":\"Tag kontrol over dit energiforbrug med Energy Display fra HomeWizard. Opret dit eget dashboard, n\u00e5 dine m\u00e5l og spar p\u00e5 energiomkostningerne.\",\"breadcrumb\":{\"@id\":\"https:\/\/www.homewizard.com\/da\/butik\/energy-display\/#breadcrumb\"},\"inLanguage\":\"da-DK\",\"potentialAction\":[{\"@type\":\"ReadAction\",\"target\":[\"https:\/\/www.homewizard.com\/da\/butik\/energy-display\/\"]}]},{\"@type\":\"ImageObject\",\"inLanguage\":\"da-DK\",\"@id\":\"https:\/\/www.homewizard.com\/da\/butik\/energy-display\/#primaryimage\",\"url\":\"https:\/\/www.homewizard.com\/wp-content\/uploads\/2023\/08\/Energy-Display-front-view.png\",\"contentUrl\":\"https:\/\/www.homewizard.com\/wp-content\/uploads\/2023\/08\/Energy-Display-front-view.png\",\"width\":1900,\"height\":1900,\"caption\":\"Front view of the Energy Display\"},{\"@type\":\"BreadcrumbList\",\"@id\":\"https:\/\/www.homewizard.com\/da\/butik\/energy-display\/#breadcrumb\",\"itemListElement\":[{\"@type\":\"ListItem\",\"position\":1,\"name\":\"Home\",\"item\":\"https:\/\/www.homewizard.com\/da\/\"},{\"@type\":\"ListItem\",\"position\":2,\"name\":\"Butik\",\"item\":\"https:\/\/www.homewizard.com\/da\/butik\/\"},{\"@type\":\"ListItem\",\"position\":3,\"name\":\"Energy Display\"}]},{\"@type\":\"WebSite\",\"@id\":\"https:\/\/www.homewizard.com\/da\/#website\",\"url\":\"https:\/\/www.homewizard.com\/da\/\",\"name\":\"HomeWizard\",\"description\":\"HomeWizard Energy\",\"publisher\":{\"@id\":\"https:\/\/www.homewizard.com\/da\/#organization\"},\"potentialAction\":[{\"@type\":\"SearchAction\",\"target\":{\"@type\":\"EntryPoint\",\"urlTemplate\":\"https:\/\/www.homewizard.com\/da\/?s={search_term_string}\"},\"query-input\":{\"@type\":\"PropertyValueSpecification\",\"valueRequired\":true,\"valueName\":\"search_term_string\"}}],\"inLanguage\":\"da-DK\"},{\"@type\":\"Organization\",\"@id\":\"https:\/\/www.homewizard.com\/da\/#organization\",\"name\":\"HomeWizard\",\"url\":\"https:\/\/www.homewizard.com\/da\/\",\"logo\":{\"@type\":\"ImageObject\",\"inLanguage\":\"da-DK\",\"@id\":\"https:\/\/www.homewizard.com\/da\/#\/schema\/logo\/image\/\",\"url\":\"https:\/\/www.homewizard.com\/wp-content\/uploads\/2023\/06\/HomeWizard-icon-on-black.png\",\"contentUrl\":\"https:\/\/www.homewizard.com\/wp-content\/uploads\/2023\/06\/HomeWizard-icon-on-black.png\",\"width\":500,\"height\":500,\"caption\":\"HomeWizard\"},\"image\":{\"@id\":\"https:\/\/www.homewizard.com\/da\/#\/schema\/logo\/image\/\"},\"sameAs\":[\"https:\/\/www.facebook.com\/HomeWizardBV\/\",\"https:\/\/x.com\/HomeWizard_NL\",\"https:\/\/www.youtube.com\/HomeWizardBV\",\"https:\/\/www.instagram.com\/homewizardenergy\/\"]}]}<\/script>\n<!-- \/ Yoast SEO plugin. -->","yoast_head_json":{"title":"Bestil dit Energy Display her - HomeWizard","description":"Tag kontrol over dit energiforbrug med Energy Display fra HomeWizard. Opret dit eget dashboard, n\u00e5 dine m\u00e5l og spar p\u00e5 energiomkostningerne.","robots":{"index":"index","follow":"follow","max-snippet":"max-snippet:-1","max-image-preview":"max-image-preview:large","max-video-preview":"max-video-preview:-1"},"canonical":"https:\/\/www.homewizard.com\/da\/butik\/energy-display\/","og_locale":"da_DK","og_type":"article","og_title":"Bestil dit Energy Display her - HomeWizard","og_description":"Tag kontrol over dit energiforbrug med Energy Display fra HomeWizard. Opret dit eget dashboard, n\u00e5 dine m\u00e5l og spar p\u00e5 energiomkostningerne.","og_url":"https:\/\/www.homewizard.com\/da\/butik\/energy-display\/","og_site_name":"HomeWizard","article_publisher":"https:\/\/www.facebook.com\/HomeWizardBV\/","article_modified_time":"2026-04-26T11:59:53+00:00","og_image":[{"width":1900,"height":1900,"url":"https:\/\/www.homewizard.com\/wp-content\/uploads\/2023\/08\/Energy-Display-front-view.png","type":"image\/png"}],"twitter_card":"summary_large_image","twitter_site":"@HomeWizard_NL","twitter_misc":{"Estimeret l\u00e6setid":"2 minutter"},"schema":{"@context":"https:\/\/schema.org","@graph":[{"@type":"WebPage","@id":"https:\/\/www.homewizard.com\/da\/butik\/energy-display\/","url":"https:\/\/www.homewizard.com\/da\/butik\/energy-display\/","name":"Bestil dit Energy Display her - HomeWizard","isPartOf":{"@id":"https:\/\/www.homewizard.com\/da\/#website"},"primaryImageOfPage":{"@id":"https:\/\/www.homewizard.com\/da\/butik\/energy-display\/#primaryimage"},"image":{"@id":"https:\/\/www.homewizard.com\/da\/butik\/energy-display\/#primaryimage"},"thumbnailUrl":"https:\/\/www.homewizard.com\/wp-content\/uploads\/2023\/08\/Energy-Display-front-view.png","datePublished":"2023-08-21T08:27:37+00:00","dateModified":"2026-04-26T11:59:53+00:00","description":"Tag kontrol over dit energiforbrug med Energy Display fra HomeWizard. Opret dit eget dashboard, n\u00e5 dine m\u00e5l og spar p\u00e5 energiomkostningerne.","breadcrumb":{"@id":"https:\/\/www.homewizard.com\/da\/butik\/energy-display\/#breadcrumb"},"inLanguage":"da-DK","potentialAction":[{"@type":"ReadAction","target":["https:\/\/www.homewizard.com\/da\/butik\/energy-display\/"]}]},{"@type":"ImageObject","inLanguage":"da-DK","@id":"https:\/\/www.homewizard.com\/da\/butik\/energy-display\/#primaryimage","url":"https:\/\/www.homewizard.com\/wp-content\/uploads\/2023\/08\/Energy-Display-front-view.png","contentUrl":"https:\/\/www.homewizard.com\/wp-content\/uploads\/2023\/08\/Energy-Display-front-view.png","width":1900,"height":1900,"caption":"Front view of the Energy Display"},{"@type":"BreadcrumbList","@id":"https:\/\/www.homewizard.com\/da\/butik\/energy-display\/#breadcrumb","itemListElement":[{"@type":"ListItem","position":1,"name":"Home","item":"https:\/\/www.homewizard.com\/da\/"},{"@type":"ListItem","position":2,"name":"Butik","item":"https:\/\/www.homewizard.com\/da\/butik\/"},{"@type":"ListItem","position":3,"name":"Energy Display"}]},{"@type":"WebSite","@id":"https:\/\/www.homewizard.com\/da\/#website","url":"https:\/\/www.homewizard.com\/da\/","name":"HomeWizard","description":"HomeWizard Energy","publisher":{"@id":"https:\/\/www.homewizard.com\/da\/#organization"},"potentialAction":[{"@type":"SearchAction","target":{"@type":"EntryPoint","urlTemplate":"https:\/\/www.homewizard.com\/da\/?s={search_term_string}"},"query-input":{"@type":"PropertyValueSpecification","valueRequired":true,"valueName":"search_term_string"}}],"inLanguage":"da-DK"},{"@type":"Organization","@id":"https:\/\/www.homewizard.com\/da\/#organization","name":"HomeWizard","url":"https:\/\/www.homewizard.com\/da\/","logo":{"@type":"ImageObject","inLanguage":"da-DK","@id":"https:\/\/www.homewizard.com\/da\/#\/schema\/logo\/image\/","url":"https:\/\/www.homewizard.com\/wp-content\/uploads\/2023\/06\/HomeWizard-icon-on-black.png","contentUrl":"https:\/\/www.homewizard.com\/wp-content\/uploads\/2023\/06\/HomeWizard-icon-on-black.png","width":500,"height":500,"caption":"HomeWizard"},"image":{"@id":"https:\/\/www.homewizard.com\/da\/#\/schema\/logo\/image\/"},"sameAs":["https:\/\/www.facebook.com\/HomeWizardBV\/","https:\/\/x.com\/HomeWizard_NL","https:\/\/www.youtube.com\/HomeWizardBV","https:\/\/www.instagram.com\/homewizardenergy\/"]}]}},"_links":{"self":[{"href":"https:\/\/www.homewizard.com\/da\/wp-json\/wp\/v2\/product\/543034","targetHints":{"allow":["GET"]}}],"collection":[{"href":"https:\/\/www.homewizard.com\/da\/wp-json\/wp\/v2\/product"}],"about":[{"href":"https:\/\/www.homewizard.com\/da\/wp-json\/wp\/v2\/types\/product"}],"wp:featuredmedia":[{"embeddable":true,"href":"https:\/\/www.homewizard.com\/da\/wp-json\/wp\/v2\/media\/1012130"}],"wp:attachment":[{"href":"https:\/\/www.homewizard.com\/da\/wp-json\/wp\/v2\/media?parent=543034"}],"wp:term":[{"taxonomy":"product_brand","embeddable":true,"href":"https:\/\/www.homewizard.com\/da\/wp-json\/wp\/v2\/product_brand?post=543034"},{"taxonomy":"product_cat","embeddable":true,"href":"https:\/\/www.homewizard.com\/da\/wp-json\/wp\/v2\/product_cat?post=543034"},{"taxonomy":"product_tag","embeddable":true,"href":"https:\/\/www.homewizard.com\/da\/wp-json\/wp\/v2\/product_tag?post=543034"}],"curies":[{"name":"wp","href":"https:\/\/api.w.org\/{rel}","templated":true}]}}