{"id":542980,"date":"2023-03-21T11:12:08","date_gmt":"2023-03-21T10:12:08","guid":{"rendered":"https:\/\/www.homewizard.com\/shop\/energy-plus\/"},"modified":"2026-03-25T10:30:28","modified_gmt":"2026-03-25T09:30:28","slug":"energy-plus","status":"publish","type":"product","link":"https:\/\/www.homewizard.com\/da\/butik\/energy-plus\/","title":{"rendered":"Energy+ abonnement"},"content":{"rendered":"\n<h2 class=\" wp-block-heading eplus-wrapper\">\u00c5rligt abonnement Energy+<\/h2>\n\n<p class=\" eplus-wrapper\">Energy+ er et HomeWizard abonnement, som opl\u00e5ser yderligere funktioner i din HomeWizard-app:<\/p>\n<ul class=\" wp-block-list eplus-wrapper eplus-styles-uid-a172a7\">\n<li class=\" eplus-wrapper\">Se dit standby-forbrug<\/li>\n\n\n\n<li class=\" eplus-wrapper\">Flere \u00e5rs lagring<\/li>\n\n\n\n<li class=\" eplus-wrapper\">F\u00e5 meddelelser, n\u00e5r us\u00e6dvanligt energiforbrug opdages<\/li>\n\n\n\n<li class=\" eplus-wrapper\">Inverter-forbindelse: l\u00e5s op for en graf med din solproduktion<\/li>\n\n\n\n<li class=\" eplus-wrapper\"><p class=\"text-node\" data-pm-slice='1 1 [\"bullet_list\",{},\"list_item\",{}]'>Graf for selvforsyning: se, hvor megen af din genererede solenergi, du forbruger direkte<\/p><\/li>\n\n\n\n<li class=\" eplus-wrapper\">3-faset indsigt (brug pr. fase)<\/li>\n\n\n\n<li class=\" eplus-wrapper\">Smart t\u00e6nd og sluk for <a href=\"https:\/\/www.homewizard.com\/da\/energy-socket\/\">Energy Sockets<\/a><\/li>\n\n\n\n<li class=\" eplus-wrapper\">Eksport\u00e9r data til Excel (CSV)<\/li>\n<\/ul>\n<p class=\" eplus-wrapper\"><a href=\"https:\/\/www.homewizard.com\/energy-plus\/\">More information about Energy+<\/a><\/p>\n\n<p class=\" eplus-wrapper\">Abonnementet koster kun 11,95 \u20ac om \u00e5ret, hvis du abonnerer gennem websitet. Du kan afbryde n\u00e5r som helst, og det vil automatisk blive faktureret \u00e5rligt. Betal enkelt med din foretrukne betalingsmulighed: iDEAL, Bancontact og kreditkort (dvs. Visa, Mastercard og American Express).<\/p>\n\n<figure class=\" wp-block-image size-large is-resized eplus-wrapper\"><img loading=\"lazy\" decoding=\"async\" width=\"1024\" height=\"145\" src=\"https:\/\/www.homewizard.com\/wp-content\/uploads\/2023\/04\/Payment-options-Energy-HomeWizard-subscription-1024x145.png\" alt=\"\" class=\"wp-image-298953\" style=\"width:557px;height:79px\" srcset=\"https:\/\/www.homewizard.com\/wp-content\/uploads\/2023\/04\/Payment-options-Energy-HomeWizard-subscription-1024x145.png 1024w, https:\/\/www.homewizard.com\/wp-content\/uploads\/2023\/04\/Payment-options-Energy-HomeWizard-subscription-800x113.png 800w, https:\/\/www.homewizard.com\/wp-content\/uploads\/2023\/04\/Payment-options-Energy-HomeWizard-subscription-300x42.png 300w, https:\/\/www.homewizard.com\/wp-content\/uploads\/2023\/04\/Payment-options-Energy-HomeWizard-subscription-768x109.png 768w\" sizes=\"auto, (max-width: 1024px) 100vw, 1024px\" \/><\/figure>\n\n<p class=\" eplus-wrapper\"><\/p>\n\n<div class=\" wp-block-media-text has-media-on-the-right is-stacked-on-mobile eplus-wrapper\" style=\"grid-template-columns:auto 34%\"><div class=\"wp-block-media-text__content\">\n<h2 class=\" wp-block-heading eplus-wrapper\">Tilslut dine solpaneler<\/h2>\n\n\n\n<p class=\" eplus-wrapper\">Du kan nu enkelt tilf\u00f8je en graf med din solproduktion i HomeWizard-appen uden at installere yderligere hardware! Ved at g\u00f8re dette f\u00e5r du en komplet forst\u00e5else af dit energiflow og har alting sat op i en enkelt app. Forbindelsen underst\u00f8tter invertere fra SolarEdge, Growatt, GoodWe, SMA, Enphase, Huawei og Solax. Ved at forbinde dine solpaneler l\u00e5ser du op for tre nye grafer:<\/p>\n\n\n<ul class=\" wp-block-list eplus-wrapper eplus-styles-uid-edf9cc\">\n<li class=\" eplus-wrapper\">Solproduktion<\/li>\n\n\n\n<li class=\" eplus-wrapper\">Brutto energiforbrug<\/li>\n\n\n\n<li class=\" eplus-wrapper\"><p class=\"text-node\" data-pm-slice='1 1 [\"bullet_list\",{},\"list_item\",{}]'>Selvforsynende<\/p><\/li>\n<\/ul><\/div><figure class=\"wp-block-media-text__media\"><img loading=\"lazy\" decoding=\"async\" width=\"799\" height=\"800\" src=\"https:\/\/www.homewizard.com\/wp-content\/uploads\/2023\/04\/production_gross-power-consumption.webp\" alt=\"\" class=\"wp-image-300894 size-full\" srcset=\"https:\/\/www.homewizard.com\/wp-content\/uploads\/2023\/04\/production_gross-power-consumption.webp 799w, https:\/\/www.homewizard.com\/wp-content\/uploads\/2023\/04\/production_gross-power-consumption-500x500.webp 500w, https:\/\/www.homewizard.com\/wp-content\/uploads\/2023\/04\/production_gross-power-consumption-124x124.webp 124w, https:\/\/www.homewizard.com\/wp-content\/uploads\/2023\/04\/production_gross-power-consumption-300x300.webp 300w, https:\/\/www.homewizard.com\/wp-content\/uploads\/2023\/04\/production_gross-power-consumption-150x150.webp 150w, https:\/\/www.homewizard.com\/wp-content\/uploads\/2023\/04\/production_gross-power-consumption-768x769.webp 768w, https:\/\/www.homewizard.com\/wp-content\/uploads\/2023\/04\/production_gross-power-consumption-600x601.webp 600w\" sizes=\"auto, (max-width: 799px) 100vw, 799px\" \/><\/figure><\/div>\n\n<h2 class=\" wp-block-heading eplus-wrapper\">Afbryde Energy+<\/h2>\n\n<p class=\" eplus-wrapper\">Du kan afbryde Energy+ n\u00e5r som helst. Efter afbrydelsen vil du fortsat have adgang til Energy+ funktionerne indtil oph\u00f8rsdatoen. Derefter vil du automatisk blive nedgraderet til de grundl\u00e6ggende gratis funktioner, Energy+ funktionerne vil forsvinde og grafdata \u00e6ldre end 12 m\u00e5neder vil blive slettet.<\/p>\n\n<p class=\" eplus-wrapper\">Hvis du k\u00f8bte Energy+ via <strong>websitet<\/strong>, kan du afbryde p\u00e5 <strong><a href=\"https:\/\/www.homewizard.com\/da\/min-konto\/\">Konto &gt; Mine hjem<\/a><\/strong>.<\/p>\n\n<p class=\" eplus-wrapper\">Hvis du k\u00f8bte Energy+ via <strong>appen<\/strong>, kan du afbryde i<strong> <a href=\"https:\/\/support.apple.com\/en-gb\/guide\/iphone\/iph3dfd91de\/ios\" target=\"_blank\" rel=\"noreferrer noopener\">Apple abonnementsindstillinger<\/a><\/strong> eller <strong><a href=\"https:\/\/support.google.com\/googleplay\/answer\/7018481\" target=\"_blank\" rel=\"noreferrer noopener\">Google abonnementsindstillinger<\/a><\/strong> p\u00e5 din telefon.<\/p>\n\n<div style=\"height:32px\" aria-hidden=\"true\" class=\" wp-block-spacer eplus-wrapper\"><\/div>\n","protected":false},"excerpt":{"rendered":"<p>Et \u00e5rligt abonnement, som giver dig endnu mere indsigt og flere funktioner oveni de gratis HomeWizard-app-funktioner. Se <a href=\"https:\/\/www.homewizard.com\/da\/energy-plus\/\">alle Energy+ funktioner<\/a>.<\/p>\n","protected":false},"featured_media":542989,"template":"","meta":{"_acf_changed":false,"editor_plus_copied_stylings":"{}"},"product_brand":[],"product_cat":[238,242],"product_tag":[],"class_list":{"0":"post-542980","1":"product","2":"type-product","3":"status-publish","4":"has-post-thumbnail","6":"product_cat-alle","7":"product_cat-produkter-da","9":"first","10":"instock","11":"virtual","12":"sold-individually","13":"taxable","14":"purchasable","15":"product-type-subscription"},"acf":[],"yoast_head":"<!-- This site is optimized with the Yoast SEO plugin v27.0 - https:\/\/yoast.com\/product\/yoast-seo-wordpress\/ -->\n<title>Energy+ abonnement (12 m\u00e5neder) - HomeWizard<\/title>\n<meta name=\"description\" content=\"Et \u00e5rligt abonnement til bare 89 kr or at f\u00e5 endnu flere energiforbrugsindsigter. \u2713 Standby-anvendelse. \u2713 Us\u00e6dvanlig energianvendelse meddelelser. \u2713 Smart t\u00e6nd og sluk.\" \/>\n<meta name=\"robots\" content=\"index, follow, max-snippet:-1, max-image-preview:large, max-video-preview:-1\" \/>\n<link rel=\"canonical\" href=\"https:\/\/www.homewizard.com\/da\/butik\/energy-plus\/\" \/>\n<meta property=\"og:locale\" content=\"da_DK\" \/>\n<meta property=\"og:type\" content=\"article\" \/>\n<meta property=\"og:title\" content=\"Energy+ abonnement (12 m\u00e5neder) - HomeWizard\" \/>\n<meta property=\"og:description\" content=\"Et \u00e5rligt abonnement til bare 89 kr or at f\u00e5 endnu flere energiforbrugsindsigter. \u2713 Standby-anvendelse. \u2713 Us\u00e6dvanlig energianvendelse meddelelser. \u2713 Smart t\u00e6nd og sluk.\" \/>\n<meta property=\"og:url\" content=\"https:\/\/www.homewizard.com\/da\/butik\/energy-plus\/\" \/>\n<meta property=\"og:site_name\" content=\"HomeWizard\" \/>\n<meta property=\"article:publisher\" content=\"https:\/\/www.facebook.com\/HomeWizardBV\/\" \/>\n<meta property=\"article:modified_time\" content=\"2026-03-25T09:30:28+00:00\" \/>\n<meta property=\"og:image\" content=\"https:\/\/www.homewizard.com\/wp-content\/uploads\/2023\/03\/HomeWizard-Energy-logo-png-2023.png\" \/>\n\t<meta property=\"og:image:width\" content=\"600\" \/>\n\t<meta property=\"og:image:height\" content=\"600\" \/>\n\t<meta property=\"og:image:type\" content=\"image\/png\" \/>\n<meta name=\"twitter:card\" content=\"summary_large_image\" \/>\n<meta name=\"twitter:site\" content=\"@HomeWizard_NL\" \/>\n<meta name=\"twitter:label1\" content=\"Estimeret l\u00e6setid\" \/>\n\t<meta name=\"twitter:data1\" content=\"1 minut\" \/>\n<script type=\"application\/ld+json\" class=\"yoast-schema-graph\">{\"@context\":\"https:\/\/schema.org\",\"@graph\":[{\"@type\":\"WebPage\",\"@id\":\"https:\/\/www.homewizard.com\/da\/butik\/energy-plus\/\",\"url\":\"https:\/\/www.homewizard.com\/da\/butik\/energy-plus\/\",\"name\":\"Energy+ abonnement (12 m\u00e5neder) - HomeWizard\",\"isPartOf\":{\"@id\":\"https:\/\/www.homewizard.com\/da\/#website\"},\"primaryImageOfPage\":{\"@id\":\"https:\/\/www.homewizard.com\/da\/butik\/energy-plus\/#primaryimage\"},\"image\":{\"@id\":\"https:\/\/www.homewizard.com\/da\/butik\/energy-plus\/#primaryimage\"},\"thumbnailUrl\":\"https:\/\/www.homewizard.com\/wp-content\/uploads\/2023\/03\/HomeWizard-Energy-logo-png-2023.png\",\"datePublished\":\"2023-03-21T10:12:08+00:00\",\"dateModified\":\"2026-03-25T09:30:28+00:00\",\"description\":\"Et \u00e5rligt abonnement til bare 89 kr or at f\u00e5 endnu flere energiforbrugsindsigter. \u2713 Standby-anvendelse. \u2713 Us\u00e6dvanlig energianvendelse meddelelser. \u2713 Smart t\u00e6nd og sluk.\",\"breadcrumb\":{\"@id\":\"https:\/\/www.homewizard.com\/da\/butik\/energy-plus\/#breadcrumb\"},\"inLanguage\":\"da-DK\",\"potentialAction\":[{\"@type\":\"ReadAction\",\"target\":[\"https:\/\/www.homewizard.com\/da\/butik\/energy-plus\/\"]}]},{\"@type\":\"ImageObject\",\"inLanguage\":\"da-DK\",\"@id\":\"https:\/\/www.homewizard.com\/da\/butik\/energy-plus\/#primaryimage\",\"url\":\"https:\/\/www.homewizard.com\/wp-content\/uploads\/2023\/03\/HomeWizard-Energy-logo-png-2023.png\",\"contentUrl\":\"https:\/\/www.homewizard.com\/wp-content\/uploads\/2023\/03\/HomeWizard-Energy-logo-png-2023.png\",\"width\":600,\"height\":600},{\"@type\":\"BreadcrumbList\",\"@id\":\"https:\/\/www.homewizard.com\/da\/butik\/energy-plus\/#breadcrumb\",\"itemListElement\":[{\"@type\":\"ListItem\",\"position\":1,\"name\":\"Home\",\"item\":\"https:\/\/www.homewizard.com\/da\/\"},{\"@type\":\"ListItem\",\"position\":2,\"name\":\"Butik\",\"item\":\"https:\/\/www.homewizard.com\/da\/butik\/\"},{\"@type\":\"ListItem\",\"position\":3,\"name\":\"Energy+ abonnement\"}]},{\"@type\":\"WebSite\",\"@id\":\"https:\/\/www.homewizard.com\/da\/#website\",\"url\":\"https:\/\/www.homewizard.com\/da\/\",\"name\":\"HomeWizard\",\"description\":\"HomeWizard Energy\",\"publisher\":{\"@id\":\"https:\/\/www.homewizard.com\/da\/#organization\"},\"potentialAction\":[{\"@type\":\"SearchAction\",\"target\":{\"@type\":\"EntryPoint\",\"urlTemplate\":\"https:\/\/www.homewizard.com\/da\/?s={search_term_string}\"},\"query-input\":{\"@type\":\"PropertyValueSpecification\",\"valueRequired\":true,\"valueName\":\"search_term_string\"}}],\"inLanguage\":\"da-DK\"},{\"@type\":\"Organization\",\"@id\":\"https:\/\/www.homewizard.com\/da\/#organization\",\"name\":\"HomeWizard\",\"url\":\"https:\/\/www.homewizard.com\/da\/\",\"logo\":{\"@type\":\"ImageObject\",\"inLanguage\":\"da-DK\",\"@id\":\"https:\/\/www.homewizard.com\/da\/#\/schema\/logo\/image\/\",\"url\":\"https:\/\/www.homewizard.com\/wp-content\/uploads\/2023\/06\/HomeWizard-icon-on-black.png\",\"contentUrl\":\"https:\/\/www.homewizard.com\/wp-content\/uploads\/2023\/06\/HomeWizard-icon-on-black.png\",\"width\":500,\"height\":500,\"caption\":\"HomeWizard\"},\"image\":{\"@id\":\"https:\/\/www.homewizard.com\/da\/#\/schema\/logo\/image\/\"},\"sameAs\":[\"https:\/\/www.facebook.com\/HomeWizardBV\/\",\"https:\/\/x.com\/HomeWizard_NL\",\"https:\/\/www.youtube.com\/HomeWizardBV\",\"https:\/\/www.instagram.com\/homewizardenergy\/\"]}]}<\/script>\n<!-- \/ Yoast SEO plugin. -->","yoast_head_json":{"title":"Energy+ abonnement (12 m\u00e5neder) - HomeWizard","description":"Et \u00e5rligt abonnement til bare 89 kr or at f\u00e5 endnu flere energiforbrugsindsigter. \u2713 Standby-anvendelse. \u2713 Us\u00e6dvanlig energianvendelse meddelelser. \u2713 Smart t\u00e6nd og sluk.","robots":{"index":"index","follow":"follow","max-snippet":"max-snippet:-1","max-image-preview":"max-image-preview:large","max-video-preview":"max-video-preview:-1"},"canonical":"https:\/\/www.homewizard.com\/da\/butik\/energy-plus\/","og_locale":"da_DK","og_type":"article","og_title":"Energy+ abonnement (12 m\u00e5neder) - HomeWizard","og_description":"Et \u00e5rligt abonnement til bare 89 kr or at f\u00e5 endnu flere energiforbrugsindsigter. \u2713 Standby-anvendelse. \u2713 Us\u00e6dvanlig energianvendelse meddelelser. \u2713 Smart t\u00e6nd og sluk.","og_url":"https:\/\/www.homewizard.com\/da\/butik\/energy-plus\/","og_site_name":"HomeWizard","article_publisher":"https:\/\/www.facebook.com\/HomeWizardBV\/","article_modified_time":"2026-03-25T09:30:28+00:00","og_image":[{"width":600,"height":600,"url":"https:\/\/www.homewizard.com\/wp-content\/uploads\/2023\/03\/HomeWizard-Energy-logo-png-2023.png","type":"image\/png"}],"twitter_card":"summary_large_image","twitter_site":"@HomeWizard_NL","twitter_misc":{"Estimeret l\u00e6setid":"1 minut"},"schema":{"@context":"https:\/\/schema.org","@graph":[{"@type":"WebPage","@id":"https:\/\/www.homewizard.com\/da\/butik\/energy-plus\/","url":"https:\/\/www.homewizard.com\/da\/butik\/energy-plus\/","name":"Energy+ abonnement (12 m\u00e5neder) - HomeWizard","isPartOf":{"@id":"https:\/\/www.homewizard.com\/da\/#website"},"primaryImageOfPage":{"@id":"https:\/\/www.homewizard.com\/da\/butik\/energy-plus\/#primaryimage"},"image":{"@id":"https:\/\/www.homewizard.com\/da\/butik\/energy-plus\/#primaryimage"},"thumbnailUrl":"https:\/\/www.homewizard.com\/wp-content\/uploads\/2023\/03\/HomeWizard-Energy-logo-png-2023.png","datePublished":"2023-03-21T10:12:08+00:00","dateModified":"2026-03-25T09:30:28+00:00","description":"Et \u00e5rligt abonnement til bare 89 kr or at f\u00e5 endnu flere energiforbrugsindsigter. \u2713 Standby-anvendelse. \u2713 Us\u00e6dvanlig energianvendelse meddelelser. \u2713 Smart t\u00e6nd og sluk.","breadcrumb":{"@id":"https:\/\/www.homewizard.com\/da\/butik\/energy-plus\/#breadcrumb"},"inLanguage":"da-DK","potentialAction":[{"@type":"ReadAction","target":["https:\/\/www.homewizard.com\/da\/butik\/energy-plus\/"]}]},{"@type":"ImageObject","inLanguage":"da-DK","@id":"https:\/\/www.homewizard.com\/da\/butik\/energy-plus\/#primaryimage","url":"https:\/\/www.homewizard.com\/wp-content\/uploads\/2023\/03\/HomeWizard-Energy-logo-png-2023.png","contentUrl":"https:\/\/www.homewizard.com\/wp-content\/uploads\/2023\/03\/HomeWizard-Energy-logo-png-2023.png","width":600,"height":600},{"@type":"BreadcrumbList","@id":"https:\/\/www.homewizard.com\/da\/butik\/energy-plus\/#breadcrumb","itemListElement":[{"@type":"ListItem","position":1,"name":"Home","item":"https:\/\/www.homewizard.com\/da\/"},{"@type":"ListItem","position":2,"name":"Butik","item":"https:\/\/www.homewizard.com\/da\/butik\/"},{"@type":"ListItem","position":3,"name":"Energy+ abonnement"}]},{"@type":"WebSite","@id":"https:\/\/www.homewizard.com\/da\/#website","url":"https:\/\/www.homewizard.com\/da\/","name":"HomeWizard","description":"HomeWizard Energy","publisher":{"@id":"https:\/\/www.homewizard.com\/da\/#organization"},"potentialAction":[{"@type":"SearchAction","target":{"@type":"EntryPoint","urlTemplate":"https:\/\/www.homewizard.com\/da\/?s={search_term_string}"},"query-input":{"@type":"PropertyValueSpecification","valueRequired":true,"valueName":"search_term_string"}}],"inLanguage":"da-DK"},{"@type":"Organization","@id":"https:\/\/www.homewizard.com\/da\/#organization","name":"HomeWizard","url":"https:\/\/www.homewizard.com\/da\/","logo":{"@type":"ImageObject","inLanguage":"da-DK","@id":"https:\/\/www.homewizard.com\/da\/#\/schema\/logo\/image\/","url":"https:\/\/www.homewizard.com\/wp-content\/uploads\/2023\/06\/HomeWizard-icon-on-black.png","contentUrl":"https:\/\/www.homewizard.com\/wp-content\/uploads\/2023\/06\/HomeWizard-icon-on-black.png","width":500,"height":500,"caption":"HomeWizard"},"image":{"@id":"https:\/\/www.homewizard.com\/da\/#\/schema\/logo\/image\/"},"sameAs":["https:\/\/www.facebook.com\/HomeWizardBV\/","https:\/\/x.com\/HomeWizard_NL","https:\/\/www.youtube.com\/HomeWizardBV","https:\/\/www.instagram.com\/homewizardenergy\/"]}]}},"_links":{"self":[{"href":"https:\/\/www.homewizard.com\/da\/wp-json\/wp\/v2\/product\/542980","targetHints":{"allow":["GET"]}}],"collection":[{"href":"https:\/\/www.homewizard.com\/da\/wp-json\/wp\/v2\/product"}],"about":[{"href":"https:\/\/www.homewizard.com\/da\/wp-json\/wp\/v2\/types\/product"}],"wp:featuredmedia":[{"embeddable":true,"href":"https:\/\/www.homewizard.com\/da\/wp-json\/wp\/v2\/media\/542989"}],"wp:attachment":[{"href":"https:\/\/www.homewizard.com\/da\/wp-json\/wp\/v2\/media?parent=542980"}],"wp:term":[{"taxonomy":"product_brand","embeddable":true,"href":"https:\/\/www.homewizard.com\/da\/wp-json\/wp\/v2\/product_brand?post=542980"},{"taxonomy":"product_cat","embeddable":true,"href":"https:\/\/www.homewizard.com\/da\/wp-json\/wp\/v2\/product_cat?post=542980"},{"taxonomy":"product_tag","embeddable":true,"href":"https:\/\/www.homewizard.com\/da\/wp-json\/wp\/v2\/product_tag?post=542980"}],"curies":[{"name":"wp","href":"https:\/\/api.w.org\/{rel}","templated":true}]}}