{"id":542906,"date":"2022-06-03T11:02:27","date_gmt":"2022-06-03T09:02:27","guid":{"rendered":"https:\/\/www.homewizard.com\/shop\/wi-fi-vandmaaler\/"},"modified":"2026-04-13T09:06:53","modified_gmt":"2026-04-13T07:06:53","slug":"wi-fi-vandmaaler","status":"publish","type":"product","link":"https:\/\/www.homewizard.com\/da\/butik\/wi-fi-vandmaaler\/","title":{"rendered":"Wi-Fi Watermeter"},"content":{"rendered":"\n<p class=\" eplus-wrapper\">Spar p\u00e5 vandregningen med vores smarte Watermeter! HomeWizard Watermeter giver dig direkte indsigt i dit vandforbrug. Dette lader dig vide, pr\u00e6cist hvor meget vand du bruger, n\u00e5r du fylder badekaret, vasker dine h\u00e6nder eller mens du tager brusebad.<\/p>\n\n\n\n<p class=\" eplus-wrapper\">Du kan tilslutte m\u00e5leren selv: ingen professionel hj\u00e6lp beh\u00f8ves. I l\u00f8bet af minutter vil du v\u00e6re klar til at brug og begynde at spare p\u00e5 vandregningen.<\/p>\n\n\n\n<div class=\" wp-block-media-text has-media-on-the-right is-stacked-on-mobile eplus-wrapper\" style=\"grid-template-columns:auto 33%\"><div class=\"wp-block-media-text__content\">\n<h2 class=\" wp-block-heading eplus-wrapper\">Fleksibel anvendelse.<\/h2>\n\n\n\n<p class=\" eplus-wrapper\">Du kan tilslutte HomeWizards smarte Watermeter til dit wi-fi og din vandm\u00e5ler. Fra det \u00f8jeblik vil vores smarte Watermeter afl\u00e6se din analoge vandm\u00e5ler. Specifikationerne for vores Watermeter er som f\u00f8lger.<\/p>\n\n\n\n<h3 class=\" wp-block-heading eplus-wrapper\"><strong>Afl\u00e6ser din analoge vandm\u00e5ler<\/strong>.<\/h3>\n\n\n\n<p class=\" eplus-wrapper\">Med det medf\u00f8lgende beslags\u00e6t kan du inden for 2 minutter placere Watermeter p\u00e5 de fleste eksisterende analoge vandm\u00e5lere fra Zenner, Sensus, Itron, Actaris, Hidroconta, Schlumberger, Elster, Honeywell, Maddalena MVM, DH Metering og Diehl Metering. Bare klik vandm\u00e5leren ind i beslaget, opret forbindelse til Wi-Fi, og s\u00e5 er du f\u00e6rdig. Se vores helpdesk-artikel: <a href=\"https:\/\/helpdesk.homewizard.com\/articles\/6287701\">Fungerer Watermeter med min analoge vandm\u00e5ler?<\/a> for at sikre, at den er kompatibel, og for at l\u00e6re, hvordan du installerer Watermeter.<\/p>\n<\/div><figure class=\"wp-block-media-text__media\"><img loading=\"lazy\" decoding=\"async\" width=\"700\" height=\"746\" src=\"https:\/\/www.homewizard.com\/wp-content\/uploads\/2023\/02\/homewizard-watermeter-mounting.png\" alt=\"\" class=\"wp-image-261356 size-full\" srcset=\"https:\/\/www.homewizard.com\/wp-content\/uploads\/2023\/02\/homewizard-watermeter-mounting.png 700w, https:\/\/www.homewizard.com\/wp-content\/uploads\/2023\/02\/homewizard-watermeter-mounting-282x300.png 282w, https:\/\/www.homewizard.com\/wp-content\/uploads\/2023\/02\/homewizard-watermeter-mounting-600x639.png 600w\" sizes=\"auto, (max-width: 700px) 100vw, 700px\" \/><\/figure><\/div>\n\n\n\n<h3 class=\" wp-block-heading eplus-wrapper\"><strong>Kan tilsluttes med kabel eller batteri<\/strong>.<\/h3>\n\n\n\n<p class=\" eplus-wrapper\">Den smarte Watermeter kan str\u00f8mforsynes med et kabel. Denne enhed kan m\u00e5le s\u00e5 meget som 200 liter i minuttet &#8211; mere end nok til enhver normal husholdning! M\u00e5leren sender disse data direkte til vores gratis-at-bruge app. Dette giver dig indsigt i dit vandforbrug og lader dig spare p\u00e5 det.<\/p>\n\n\n\n<p class=\" eplus-wrapper\">Har du ikke nogen stikkontakt i n\u00e6rheden af din vandm\u00e5ler? Ikke noget problem! Vores wi-fi Watermeter fungerer ogs\u00e5 p\u00e5 batterier, som du kan bestille sammen med m\u00e5leren. Med \u00e9t batteris\u00e6t holder m\u00e5leren s\u00e5 l\u00e6nge som et \u00e5r, og du kan m\u00e5le op til 30 liter i minuttet. I dette tilf\u00e6lde sendes data til appen fire gange om dagen.<\/p>\n\n\n\n<div style=\"height:15px\" aria-hidden=\"true\" class=\" wp-block-spacer eplus-wrapper\"><\/div>\n\n\n\n<h3 class=\" wp-block-heading eplus-wrapper\"><strong>Nem og pr\u00e6cis m\u00e5ling af dit vandforbrug<\/strong>.<\/h3>\n\n\n\n<p class=\" eplus-wrapper\">Som n\u00e6vnt ovenfor kan vores Watermeter m\u00e5le op til 30 liter i minuttet p\u00e5 batteri og op til 200 liter i minuttet med en kabelforbindelse. I henhold til <a href=\"https:\/\/www.energysavingtrust.org.uk\/sites\/default\/files\/reports\/AtHomewithWater%287%29.pdf\">en rapport af Energy Saving Trust fra 2013<\/a> bruger den gennemsnitlige husholdning cirka 349 liter vand om dagen. Rapporten n\u00e6vner, at et gennemsnitligt brusebad bruger omkring 8 liter vand i minuttet. Det betyder, at vores Watermeter kan m\u00e5le mere en nok!<\/p>\n\n\n\n<h2 class=\" wp-block-heading eplus-wrapper\">Umiddelbar indsigt gennem vores gratis app.<\/h2>\n\n\n\n<p class=\" eplus-wrapper\">Med vores vandm\u00e5ler er det utroligt nemt at forst\u00e5 dit vandforbrug! Tilf\u00f8j vandm\u00e5leren til <a href=\"https:\/\/helpdesk.homewizard.com\/collections\/3319573\">HomeWizard-appen<\/a>, og f\u00e5 \u00f8jeblikkelig indsigt i dit vandforbrug. Det giver dig mulighed for at foretage justeringer i tide, hvis det er n\u00f8dvendigt. HomeWizard-appen er tilg\u00e6ngelig p\u00e5 <a href=\"https:\/\/play.google.com\/store\/apps\/details?id=nl.homewizard.android.energy\">Android<\/a> og <a href=\"https:\/\/apps.apple.com\/app\/homewizard-energy\/id1492427207\">iOS<\/a>.<\/p>\n\n\n<div class=\"wp-block-image is-resized\">\n<figure class=\"aligncenter size-full eplus-wrapper\"><img loading=\"lazy\" decoding=\"async\" width=\"1236\" height=\"2560\" src=\"https:\/\/www.homewizard.com\/wp-content\/uploads\/2025\/12\/Iphone-staand-front-all-ebike-gescrolld-water-boven-EN-1-scaled.png\" alt=\"\" class=\"wp-image-1930284\" style=\"width:250px\" srcset=\"https:\/\/www.homewizard.com\/wp-content\/uploads\/2025\/12\/Iphone-staand-front-all-ebike-gescrolld-water-boven-EN-1-scaled.png 1236w, https:\/\/www.homewizard.com\/wp-content\/uploads\/2025\/12\/Iphone-staand-front-all-ebike-gescrolld-water-boven-EN-1-145x300.png 145w, https:\/\/www.homewizard.com\/wp-content\/uploads\/2025\/12\/Iphone-staand-front-all-ebike-gescrolld-water-boven-EN-1-494x1024.png 494w, https:\/\/www.homewizard.com\/wp-content\/uploads\/2025\/12\/Iphone-staand-front-all-ebike-gescrolld-water-boven-EN-1-768x1591.png 768w, https:\/\/www.homewizard.com\/wp-content\/uploads\/2025\/12\/Iphone-staand-front-all-ebike-gescrolld-water-boven-EN-1-741x1536.png 741w, https:\/\/www.homewizard.com\/wp-content\/uploads\/2025\/12\/Iphone-staand-front-all-ebike-gescrolld-water-boven-EN-1-989x2048.png 989w, https:\/\/www.homewizard.com\/wp-content\/uploads\/2025\/12\/Iphone-staand-front-all-ebike-gescrolld-water-boven-EN-1-800x1657.png 800w\" sizes=\"auto, (max-width: 1236px) 100vw, 1236px\" \/><\/figure>\n<\/div>\n\n\n<p class=\" eplus-wrapper\"><\/p>\n\n\n\n<h2 class=\" wp-block-heading eplus-wrapper\">Hvad er der i \u00e6sken?<\/h2>\n\n\n\n<p class=\" eplus-wrapper\">\u00c6sken indeholder alt, du beh\u00f8ver. for at komme i gang med vores Watermeter. I pakken finder du:<\/p>\n\n\n<ul class=\" wp-block-list eplus-wrapper eplus-styles-uid-3ca42d\">\n<li class=\" eplus-wrapper\">Den smarte Watermeter<\/li>\n\n\n\n<li class=\" eplus-wrapper\">En adapter til den smarte Watermeter<\/li>\n\n\n\n<li class=\" eplus-wrapper\">5 V USB-str\u00f8mforsyning<\/li>\n\n\n\n<li class=\" eplus-wrapper\">3 meter USB-C-kabel<\/li>\n\n\n\n<li class=\" eplus-wrapper\">Hurtig start vejledning<\/li>\n<\/ul>","protected":false},"excerpt":{"rendered":"<p>Realtids indsigt i vandforbruget<\/p>\n","protected":false},"featured_media":542926,"template":"","meta":{"_acf_changed":false,"editor_plus_copied_stylings":"{}"},"product_brand":[],"product_cat":[238,242],"product_tag":[],"class_list":{"0":"post-542906","1":"product","2":"type-product","3":"status-publish","4":"has-post-thumbnail","6":"product_cat-alle","7":"product_cat-produkter-da","9":"first","10":"instock","11":"taxable","12":"shipping-taxable","13":"purchasable","14":"product-type-simple"},"acf":[],"yoast_head":"<!-- This site is optimized with the Yoast SEO plugin v27.0 - https:\/\/yoast.com\/product\/yoast-seo-wordpress\/ -->\n<title>Bestil din smarte wi-fi vandm\u00e5ler! - HomeWizard<\/title>\n<meta name=\"description\" content=\"Bestil din HomeWizard smarte vandm\u00e5ler og afd\u00e6k dit vandforbrug! \u2713 Hurtig levering \u2713 2 \u00e5rs garanti \u2713 gratis forsendelse fra 75 \u20ac\" \/>\n<meta name=\"robots\" content=\"index, follow, max-snippet:-1, max-image-preview:large, max-video-preview:-1\" \/>\n<link rel=\"canonical\" href=\"https:\/\/www.homewizard.com\/da\/butik\/wi-fi-vandmaaler\/\" \/>\n<meta property=\"og:locale\" content=\"da_DK\" \/>\n<meta property=\"og:type\" content=\"article\" \/>\n<meta property=\"og:title\" content=\"Bestil din smarte wi-fi vandm\u00e5ler! - HomeWizard\" \/>\n<meta property=\"og:description\" content=\"Bestil din HomeWizard smarte vandm\u00e5ler og afd\u00e6k dit vandforbrug! \u2713 Hurtig levering \u2713 2 \u00e5rs garanti \u2713 gratis forsendelse fra 75 \u20ac\" \/>\n<meta property=\"og:url\" content=\"https:\/\/www.homewizard.com\/da\/butik\/wi-fi-vandmaaler\/\" \/>\n<meta property=\"og:site_name\" content=\"HomeWizard\" \/>\n<meta property=\"article:publisher\" content=\"https:\/\/www.facebook.com\/HomeWizardBV\/\" \/>\n<meta property=\"article:modified_time\" content=\"2026-04-13T07:06:53+00:00\" \/>\n<meta property=\"og:image\" content=\"https:\/\/www.homewizard.com\/wp-content\/uploads\/2022\/06\/Watermeter_side.png\" \/>\n\t<meta property=\"og:image:width\" content=\"1900\" \/>\n\t<meta property=\"og:image:height\" content=\"1900\" \/>\n\t<meta property=\"og:image:type\" content=\"image\/png\" \/>\n<meta name=\"twitter:card\" content=\"summary_large_image\" \/>\n<meta name=\"twitter:site\" content=\"@HomeWizard_NL\" \/>\n<meta name=\"twitter:label1\" content=\"Estimeret l\u00e6setid\" \/>\n\t<meta name=\"twitter:data1\" content=\"3 minutter\" \/>\n<script type=\"application\/ld+json\" class=\"yoast-schema-graph\">{\"@context\":\"https:\/\/schema.org\",\"@graph\":[{\"@type\":\"WebPage\",\"@id\":\"https:\/\/www.homewizard.com\/da\/butik\/wi-fi-vandmaaler\/\",\"url\":\"https:\/\/www.homewizard.com\/da\/butik\/wi-fi-vandmaaler\/\",\"name\":\"Bestil din smarte wi-fi vandm\u00e5ler! - HomeWizard\",\"isPartOf\":{\"@id\":\"https:\/\/www.homewizard.com\/da\/#website\"},\"primaryImageOfPage\":{\"@id\":\"https:\/\/www.homewizard.com\/da\/butik\/wi-fi-vandmaaler\/#primaryimage\"},\"image\":{\"@id\":\"https:\/\/www.homewizard.com\/da\/butik\/wi-fi-vandmaaler\/#primaryimage\"},\"thumbnailUrl\":\"https:\/\/www.homewizard.com\/wp-content\/uploads\/2022\/06\/Watermeter_side.png\",\"datePublished\":\"2022-06-03T09:02:27+00:00\",\"dateModified\":\"2026-04-13T07:06:53+00:00\",\"description\":\"Bestil din HomeWizard smarte vandm\u00e5ler og afd\u00e6k dit vandforbrug! \u2713 Hurtig levering \u2713 2 \u00e5rs garanti \u2713 gratis forsendelse fra 75 \u20ac\",\"breadcrumb\":{\"@id\":\"https:\/\/www.homewizard.com\/da\/butik\/wi-fi-vandmaaler\/#breadcrumb\"},\"inLanguage\":\"da-DK\",\"potentialAction\":[{\"@type\":\"ReadAction\",\"target\":[\"https:\/\/www.homewizard.com\/da\/butik\/wi-fi-vandmaaler\/\"]}]},{\"@type\":\"ImageObject\",\"inLanguage\":\"da-DK\",\"@id\":\"https:\/\/www.homewizard.com\/da\/butik\/wi-fi-vandmaaler\/#primaryimage\",\"url\":\"https:\/\/www.homewizard.com\/wp-content\/uploads\/2022\/06\/Watermeter_side.png\",\"contentUrl\":\"https:\/\/www.homewizard.com\/wp-content\/uploads\/2022\/06\/Watermeter_side.png\",\"width\":1900,\"height\":1900},{\"@type\":\"BreadcrumbList\",\"@id\":\"https:\/\/www.homewizard.com\/da\/butik\/wi-fi-vandmaaler\/#breadcrumb\",\"itemListElement\":[{\"@type\":\"ListItem\",\"position\":1,\"name\":\"Home\",\"item\":\"https:\/\/www.homewizard.com\/da\/\"},{\"@type\":\"ListItem\",\"position\":2,\"name\":\"Butik\",\"item\":\"https:\/\/www.homewizard.com\/da\/butik\/\"},{\"@type\":\"ListItem\",\"position\":3,\"name\":\"Wi-Fi Watermeter\"}]},{\"@type\":\"WebSite\",\"@id\":\"https:\/\/www.homewizard.com\/da\/#website\",\"url\":\"https:\/\/www.homewizard.com\/da\/\",\"name\":\"HomeWizard\",\"description\":\"HomeWizard Energy\",\"publisher\":{\"@id\":\"https:\/\/www.homewizard.com\/da\/#organization\"},\"potentialAction\":[{\"@type\":\"SearchAction\",\"target\":{\"@type\":\"EntryPoint\",\"urlTemplate\":\"https:\/\/www.homewizard.com\/da\/?s={search_term_string}\"},\"query-input\":{\"@type\":\"PropertyValueSpecification\",\"valueRequired\":true,\"valueName\":\"search_term_string\"}}],\"inLanguage\":\"da-DK\"},{\"@type\":\"Organization\",\"@id\":\"https:\/\/www.homewizard.com\/da\/#organization\",\"name\":\"HomeWizard\",\"url\":\"https:\/\/www.homewizard.com\/da\/\",\"logo\":{\"@type\":\"ImageObject\",\"inLanguage\":\"da-DK\",\"@id\":\"https:\/\/www.homewizard.com\/da\/#\/schema\/logo\/image\/\",\"url\":\"https:\/\/www.homewizard.com\/wp-content\/uploads\/2023\/06\/HomeWizard-icon-on-black.png\",\"contentUrl\":\"https:\/\/www.homewizard.com\/wp-content\/uploads\/2023\/06\/HomeWizard-icon-on-black.png\",\"width\":500,\"height\":500,\"caption\":\"HomeWizard\"},\"image\":{\"@id\":\"https:\/\/www.homewizard.com\/da\/#\/schema\/logo\/image\/\"},\"sameAs\":[\"https:\/\/www.facebook.com\/HomeWizardBV\/\",\"https:\/\/x.com\/HomeWizard_NL\",\"https:\/\/www.youtube.com\/HomeWizardBV\",\"https:\/\/www.instagram.com\/homewizardenergy\/\"]}]}<\/script>\n<!-- \/ Yoast SEO plugin. -->","yoast_head_json":{"title":"Bestil din smarte wi-fi vandm\u00e5ler! - HomeWizard","description":"Bestil din HomeWizard smarte vandm\u00e5ler og afd\u00e6k dit vandforbrug! \u2713 Hurtig levering \u2713 2 \u00e5rs garanti \u2713 gratis forsendelse fra 75 \u20ac","robots":{"index":"index","follow":"follow","max-snippet":"max-snippet:-1","max-image-preview":"max-image-preview:large","max-video-preview":"max-video-preview:-1"},"canonical":"https:\/\/www.homewizard.com\/da\/butik\/wi-fi-vandmaaler\/","og_locale":"da_DK","og_type":"article","og_title":"Bestil din smarte wi-fi vandm\u00e5ler! - HomeWizard","og_description":"Bestil din HomeWizard smarte vandm\u00e5ler og afd\u00e6k dit vandforbrug! \u2713 Hurtig levering \u2713 2 \u00e5rs garanti \u2713 gratis forsendelse fra 75 \u20ac","og_url":"https:\/\/www.homewizard.com\/da\/butik\/wi-fi-vandmaaler\/","og_site_name":"HomeWizard","article_publisher":"https:\/\/www.facebook.com\/HomeWizardBV\/","article_modified_time":"2026-04-13T07:06:53+00:00","og_image":[{"width":1900,"height":1900,"url":"https:\/\/www.homewizard.com\/wp-content\/uploads\/2022\/06\/Watermeter_side.png","type":"image\/png"}],"twitter_card":"summary_large_image","twitter_site":"@HomeWizard_NL","twitter_misc":{"Estimeret l\u00e6setid":"3 minutter"},"schema":{"@context":"https:\/\/schema.org","@graph":[{"@type":"WebPage","@id":"https:\/\/www.homewizard.com\/da\/butik\/wi-fi-vandmaaler\/","url":"https:\/\/www.homewizard.com\/da\/butik\/wi-fi-vandmaaler\/","name":"Bestil din smarte wi-fi vandm\u00e5ler! - HomeWizard","isPartOf":{"@id":"https:\/\/www.homewizard.com\/da\/#website"},"primaryImageOfPage":{"@id":"https:\/\/www.homewizard.com\/da\/butik\/wi-fi-vandmaaler\/#primaryimage"},"image":{"@id":"https:\/\/www.homewizard.com\/da\/butik\/wi-fi-vandmaaler\/#primaryimage"},"thumbnailUrl":"https:\/\/www.homewizard.com\/wp-content\/uploads\/2022\/06\/Watermeter_side.png","datePublished":"2022-06-03T09:02:27+00:00","dateModified":"2026-04-13T07:06:53+00:00","description":"Bestil din HomeWizard smarte vandm\u00e5ler og afd\u00e6k dit vandforbrug! \u2713 Hurtig levering \u2713 2 \u00e5rs garanti \u2713 gratis forsendelse fra 75 \u20ac","breadcrumb":{"@id":"https:\/\/www.homewizard.com\/da\/butik\/wi-fi-vandmaaler\/#breadcrumb"},"inLanguage":"da-DK","potentialAction":[{"@type":"ReadAction","target":["https:\/\/www.homewizard.com\/da\/butik\/wi-fi-vandmaaler\/"]}]},{"@type":"ImageObject","inLanguage":"da-DK","@id":"https:\/\/www.homewizard.com\/da\/butik\/wi-fi-vandmaaler\/#primaryimage","url":"https:\/\/www.homewizard.com\/wp-content\/uploads\/2022\/06\/Watermeter_side.png","contentUrl":"https:\/\/www.homewizard.com\/wp-content\/uploads\/2022\/06\/Watermeter_side.png","width":1900,"height":1900},{"@type":"BreadcrumbList","@id":"https:\/\/www.homewizard.com\/da\/butik\/wi-fi-vandmaaler\/#breadcrumb","itemListElement":[{"@type":"ListItem","position":1,"name":"Home","item":"https:\/\/www.homewizard.com\/da\/"},{"@type":"ListItem","position":2,"name":"Butik","item":"https:\/\/www.homewizard.com\/da\/butik\/"},{"@type":"ListItem","position":3,"name":"Wi-Fi Watermeter"}]},{"@type":"WebSite","@id":"https:\/\/www.homewizard.com\/da\/#website","url":"https:\/\/www.homewizard.com\/da\/","name":"HomeWizard","description":"HomeWizard Energy","publisher":{"@id":"https:\/\/www.homewizard.com\/da\/#organization"},"potentialAction":[{"@type":"SearchAction","target":{"@type":"EntryPoint","urlTemplate":"https:\/\/www.homewizard.com\/da\/?s={search_term_string}"},"query-input":{"@type":"PropertyValueSpecification","valueRequired":true,"valueName":"search_term_string"}}],"inLanguage":"da-DK"},{"@type":"Organization","@id":"https:\/\/www.homewizard.com\/da\/#organization","name":"HomeWizard","url":"https:\/\/www.homewizard.com\/da\/","logo":{"@type":"ImageObject","inLanguage":"da-DK","@id":"https:\/\/www.homewizard.com\/da\/#\/schema\/logo\/image\/","url":"https:\/\/www.homewizard.com\/wp-content\/uploads\/2023\/06\/HomeWizard-icon-on-black.png","contentUrl":"https:\/\/www.homewizard.com\/wp-content\/uploads\/2023\/06\/HomeWizard-icon-on-black.png","width":500,"height":500,"caption":"HomeWizard"},"image":{"@id":"https:\/\/www.homewizard.com\/da\/#\/schema\/logo\/image\/"},"sameAs":["https:\/\/www.facebook.com\/HomeWizardBV\/","https:\/\/x.com\/HomeWizard_NL","https:\/\/www.youtube.com\/HomeWizardBV","https:\/\/www.instagram.com\/homewizardenergy\/"]}]}},"_links":{"self":[{"href":"https:\/\/www.homewizard.com\/da\/wp-json\/wp\/v2\/product\/542906","targetHints":{"allow":["GET"]}}],"collection":[{"href":"https:\/\/www.homewizard.com\/da\/wp-json\/wp\/v2\/product"}],"about":[{"href":"https:\/\/www.homewizard.com\/da\/wp-json\/wp\/v2\/types\/product"}],"wp:featuredmedia":[{"embeddable":true,"href":"https:\/\/www.homewizard.com\/da\/wp-json\/wp\/v2\/media\/542926"}],"wp:attachment":[{"href":"https:\/\/www.homewizard.com\/da\/wp-json\/wp\/v2\/media?parent=542906"}],"wp:term":[{"taxonomy":"product_brand","embeddable":true,"href":"https:\/\/www.homewizard.com\/da\/wp-json\/wp\/v2\/product_brand?post=542906"},{"taxonomy":"product_cat","embeddable":true,"href":"https:\/\/www.homewizard.com\/da\/wp-json\/wp\/v2\/product_cat?post=542906"},{"taxonomy":"product_tag","embeddable":true,"href":"https:\/\/www.homewizard.com\/da\/wp-json\/wp\/v2\/product_tag?post=542906"}],"curies":[{"name":"wp","href":"https:\/\/api.w.org\/{rel}","templated":true}]}}