{"id":542887,"date":"2021-12-07T15:32:03","date_gmt":"2021-12-07T14:32:03","guid":{"rendered":"https:\/\/www.homewizard.com\/shop\/aktiv-p1-splitter\/"},"modified":"2026-05-01T16:33:25","modified_gmt":"2026-05-01T14:33:25","slug":"aktiv-p1-splitter","status":"publish","type":"product","link":"https:\/\/www.homewizard.com\/da\/butik\/aktiv-p1-splitter\/","title":{"rendered":"Aktiv P1 Splitter"},"content":{"rendered":"\n<p class=\" eplus-wrapper\">Med den aktive P1 Splitter kan to lave \u00e9n P1-port om til tre P1-porte. For eksempel kan du bruge HomeWizard P1 Meter sammen med en ladestation eller andre P1-enheder.<\/p>\n\n<h2 class=\" wp-block-heading eplus-wrapper\">Fungerer med alle smarte m\u00e5lere og P1-enheder.<\/h2>\n\n<p class=\" eplus-wrapper\">HomeWizard P1 Splitter skaber 3 isolerede P1-datasignaler. Det resulterer i, at P1 Meter fungerer problemfrit og p\u00e5lideligt med alle billadestationer eller andre P1-enheder, i mods\u00e6tning til almindelige splittere.<\/p>\n\n<h2 class=\" wp-block-heading eplus-wrapper\">Indbyggede signalforst\u00e6rkere.<\/h2>\n\n<p class=\" eplus-wrapper\">Splitteren kan forst\u00e6rke indkommende signaler op til 500 % for en p\u00e5lidelig forbindelse. Forst\u00e6rkerne g\u00f8r det ogs\u00e5 muligt at tilslutte P1-enheder p\u00e5 lang afstand.<\/p>\n\n<div class=\" wp-block-media-text has-media-on-the-right is-stacked-on-mobile eplus-wrapper\" style=\"grid-template-columns:auto 40%\"><div class=\"wp-block-media-text__content\">\n<h2 class=\" wp-block-heading eplus-wrapper\">Fleksibel str\u00f8mforsyning.<\/h2>\n\n\n\n<p class=\" eplus-wrapper\">P1 Splitter kan forsynes med str\u00f8m p\u00e5 flere m\u00e5der.<\/p>\n\n\n<ul class=\"eplus-wrapper wp-block-list eplus-styles-uid-ff602d\">\n<li class=\" eplus-wrapper\"><strong>Den smarte m\u00e5ler: <\/strong>Via en smart m\u00e5lers P1-kabel (SMR 5 eller h\u00f8jere). Ingen ekstern str\u00f8m beh\u00f8ves.<\/li>\n\n\n\n<li class=\" eplus-wrapper\"><strong>USB-C<\/strong>: En ekstern str\u00f8madapter (5 V, 1 A).<\/li>\n\n\n\n<li class=\" eplus-wrapper\"><strong>P1-m\u00e5ler<\/strong>: P\u00e5 en af portene via HomeWizard P1 Meter med en USB-forbindelse.<\/li>\n<\/ul><\/div><figure class=\"wp-block-media-text__media\"><img loading=\"lazy\" decoding=\"async\" width=\"1024\" height=\"1024\" src=\"https:\/\/www.homewizard.com\/wp-content\/uploads\/2021\/12\/P1_splitter_angle-1024x1024.png\" alt=\"HomeWizard aktiv P1 Splitter\" class=\"wp-image-4654 size-full\" srcset=\"https:\/\/www.homewizard.com\/wp-content\/uploads\/2021\/12\/P1_splitter_angle-1024x1024.png 1024w, https:\/\/www.homewizard.com\/wp-content\/uploads\/2021\/12\/P1_splitter_angle-500x500.png 500w, https:\/\/www.homewizard.com\/wp-content\/uploads\/2021\/12\/P1_splitter_angle-124x124.png 124w, https:\/\/www.homewizard.com\/wp-content\/uploads\/2021\/12\/P1_splitter_angle-800x800.png 800w, https:\/\/www.homewizard.com\/wp-content\/uploads\/2021\/12\/P1_splitter_angle-300x300.png 300w, https:\/\/www.homewizard.com\/wp-content\/uploads\/2021\/12\/P1_splitter_angle-150x150.png 150w, https:\/\/www.homewizard.com\/wp-content\/uploads\/2021\/12\/P1_splitter_angle-768x768.png 768w, https:\/\/www.homewizard.com\/wp-content\/uploads\/2021\/12\/P1_splitter_angle-400x400.png 400w, https:\/\/www.homewizard.com\/wp-content\/uploads\/2021\/12\/P1_splitter_angle-600x600.png 600w\" sizes=\"auto, (max-width: 1024px) 100vw, 1024px\" \/><\/figure><\/div>\n\n<h2 class=\" wp-block-heading eplus-wrapper\">Se straks om alt fungerer.<\/h2>\n\n<p class=\" eplus-wrapper\">Kontroll\u00e9r enkelt, om din P1-port eller dine P1-enheder fungerer. PWR LED&#8217;en viser, at splitteren fungerer (orange) og om splitter-forst\u00e6rkerne er t\u00e6ndt (gr\u00f8n). Du kan se, n\u00e5r tilsluttede enheder beder om data og hvad datafrekvensen er for P1-porten (P1 IN). S\u00e5ledes kan du se direkte p\u00e5 splitteren, om dine tilsluttede enheder og kabler fungerer korrekt.<\/p>\n\n<h2 class=\" wp-block-heading eplus-wrapper\">I \u00e6sken.<\/h2>\n<ul class=\"eplus-wrapper wp-block-list eplus-styles-uid-386c19\">\n<li class=\" eplus-wrapper\">Aktiv P1 Splitter<\/li>\n\n\n\n<li class=\" eplus-wrapper\">RJ12-kabel<\/li>\n<\/ul>","protected":false},"excerpt":{"rendered":"<p>Tilslut flere enheder til din P1-port.<\/p>\n","protected":false},"featured_media":542893,"template":"","meta":{"_acf_changed":false,"editor_plus_copied_stylings":"{}"},"product_brand":[],"product_cat":[238,242],"product_tag":[],"class_list":{"0":"post-542887","1":"product","2":"type-product","3":"status-publish","4":"has-post-thumbnail","6":"product_cat-alle","7":"product_cat-produkter-da","9":"first","10":"onbackorder","11":"taxable","12":"shipping-taxable","13":"purchasable","14":"product-type-simple"},"acf":[],"yoast_head":"<!-- This site is optimized with the Yoast SEO plugin v27.0 - https:\/\/yoast.com\/product\/yoast-seo-wordpress\/ -->\n<title>Bestil din aktive P1 Splitter her - HomeWizard<\/title>\n<meta name=\"description\" content=\"Udvid P1-porten p\u00e5 din smarte m\u00e5ler med den aktive P1 Splitter. Tilslut op til 3 P1-enheder p\u00e5 samme tid.\" \/>\n<meta name=\"robots\" content=\"index, follow, max-snippet:-1, max-image-preview:large, max-video-preview:-1\" \/>\n<link rel=\"canonical\" href=\"https:\/\/www.homewizard.com\/da\/butik\/aktiv-p1-splitter\/\" \/>\n<meta property=\"og:locale\" content=\"da_DK\" \/>\n<meta property=\"og:type\" content=\"article\" \/>\n<meta property=\"og:title\" content=\"Bestil din aktive P1 Splitter her - HomeWizard\" \/>\n<meta property=\"og:description\" content=\"Udvid P1-porten p\u00e5 din smarte m\u00e5ler med den aktive P1 Splitter. Tilslut op til 3 P1-enheder p\u00e5 samme tid.\" \/>\n<meta property=\"og:url\" content=\"https:\/\/www.homewizard.com\/da\/butik\/aktiv-p1-splitter\/\" \/>\n<meta property=\"og:site_name\" content=\"HomeWizard\" \/>\n<meta property=\"article:publisher\" content=\"https:\/\/www.facebook.com\/HomeWizardBV\/\" \/>\n<meta property=\"article:modified_time\" content=\"2026-05-01T14:33:25+00:00\" \/>\n<meta property=\"og:image\" content=\"https:\/\/www.homewizard.com\/wp-content\/uploads\/2021\/12\/Artboard.png\" \/>\n\t<meta property=\"og:image:width\" content=\"2400\" \/>\n\t<meta property=\"og:image:height\" content=\"2400\" \/>\n\t<meta property=\"og:image:type\" content=\"image\/png\" \/>\n<meta name=\"twitter:card\" content=\"summary_large_image\" \/>\n<meta name=\"twitter:site\" content=\"@HomeWizard_NL\" \/>\n<meta name=\"twitter:label1\" content=\"Estimeret l\u00e6setid\" \/>\n\t<meta name=\"twitter:data1\" content=\"1 minut\" \/>\n<script type=\"application\/ld+json\" class=\"yoast-schema-graph\">{\"@context\":\"https:\/\/schema.org\",\"@graph\":[{\"@type\":\"WebPage\",\"@id\":\"https:\/\/www.homewizard.com\/da\/butik\/aktiv-p1-splitter\/\",\"url\":\"https:\/\/www.homewizard.com\/da\/butik\/aktiv-p1-splitter\/\",\"name\":\"Bestil din aktive P1 Splitter her - HomeWizard\",\"isPartOf\":{\"@id\":\"https:\/\/www.homewizard.com\/da\/#website\"},\"primaryImageOfPage\":{\"@id\":\"https:\/\/www.homewizard.com\/da\/butik\/aktiv-p1-splitter\/#primaryimage\"},\"image\":{\"@id\":\"https:\/\/www.homewizard.com\/da\/butik\/aktiv-p1-splitter\/#primaryimage\"},\"thumbnailUrl\":\"https:\/\/www.homewizard.com\/wp-content\/uploads\/2021\/12\/Artboard.png\",\"datePublished\":\"2021-12-07T14:32:03+00:00\",\"dateModified\":\"2026-05-01T14:33:25+00:00\",\"description\":\"Udvid P1-porten p\u00e5 din smarte m\u00e5ler med den aktive P1 Splitter. Tilslut op til 3 P1-enheder p\u00e5 samme tid.\",\"breadcrumb\":{\"@id\":\"https:\/\/www.homewizard.com\/da\/butik\/aktiv-p1-splitter\/#breadcrumb\"},\"inLanguage\":\"da-DK\",\"potentialAction\":[{\"@type\":\"ReadAction\",\"target\":[\"https:\/\/www.homewizard.com\/da\/butik\/aktiv-p1-splitter\/\"]}]},{\"@type\":\"ImageObject\",\"inLanguage\":\"da-DK\",\"@id\":\"https:\/\/www.homewizard.com\/da\/butik\/aktiv-p1-splitter\/#primaryimage\",\"url\":\"https:\/\/www.homewizard.com\/wp-content\/uploads\/2021\/12\/Artboard.png\",\"contentUrl\":\"https:\/\/www.homewizard.com\/wp-content\/uploads\/2021\/12\/Artboard.png\",\"width\":2400,\"height\":2400},{\"@type\":\"BreadcrumbList\",\"@id\":\"https:\/\/www.homewizard.com\/da\/butik\/aktiv-p1-splitter\/#breadcrumb\",\"itemListElement\":[{\"@type\":\"ListItem\",\"position\":1,\"name\":\"Home\",\"item\":\"https:\/\/www.homewizard.com\/da\/\"},{\"@type\":\"ListItem\",\"position\":2,\"name\":\"Butik\",\"item\":\"https:\/\/www.homewizard.com\/da\/butik\/\"},{\"@type\":\"ListItem\",\"position\":3,\"name\":\"Aktiv P1 Splitter\"}]},{\"@type\":\"WebSite\",\"@id\":\"https:\/\/www.homewizard.com\/da\/#website\",\"url\":\"https:\/\/www.homewizard.com\/da\/\",\"name\":\"HomeWizard\",\"description\":\"HomeWizard Energy\",\"publisher\":{\"@id\":\"https:\/\/www.homewizard.com\/da\/#organization\"},\"potentialAction\":[{\"@type\":\"SearchAction\",\"target\":{\"@type\":\"EntryPoint\",\"urlTemplate\":\"https:\/\/www.homewizard.com\/da\/?s={search_term_string}\"},\"query-input\":{\"@type\":\"PropertyValueSpecification\",\"valueRequired\":true,\"valueName\":\"search_term_string\"}}],\"inLanguage\":\"da-DK\"},{\"@type\":\"Organization\",\"@id\":\"https:\/\/www.homewizard.com\/da\/#organization\",\"name\":\"HomeWizard\",\"url\":\"https:\/\/www.homewizard.com\/da\/\",\"logo\":{\"@type\":\"ImageObject\",\"inLanguage\":\"da-DK\",\"@id\":\"https:\/\/www.homewizard.com\/da\/#\/schema\/logo\/image\/\",\"url\":\"https:\/\/www.homewizard.com\/wp-content\/uploads\/2023\/06\/HomeWizard-icon-on-black.png\",\"contentUrl\":\"https:\/\/www.homewizard.com\/wp-content\/uploads\/2023\/06\/HomeWizard-icon-on-black.png\",\"width\":500,\"height\":500,\"caption\":\"HomeWizard\"},\"image\":{\"@id\":\"https:\/\/www.homewizard.com\/da\/#\/schema\/logo\/image\/\"},\"sameAs\":[\"https:\/\/www.facebook.com\/HomeWizardBV\/\",\"https:\/\/x.com\/HomeWizard_NL\",\"https:\/\/www.youtube.com\/HomeWizardBV\",\"https:\/\/www.instagram.com\/homewizardenergy\/\"]}]}<\/script>\n<!-- \/ Yoast SEO plugin. -->","yoast_head_json":{"title":"Bestil din aktive P1 Splitter her - HomeWizard","description":"Udvid P1-porten p\u00e5 din smarte m\u00e5ler med den aktive P1 Splitter. Tilslut op til 3 P1-enheder p\u00e5 samme tid.","robots":{"index":"index","follow":"follow","max-snippet":"max-snippet:-1","max-image-preview":"max-image-preview:large","max-video-preview":"max-video-preview:-1"},"canonical":"https:\/\/www.homewizard.com\/da\/butik\/aktiv-p1-splitter\/","og_locale":"da_DK","og_type":"article","og_title":"Bestil din aktive P1 Splitter her - HomeWizard","og_description":"Udvid P1-porten p\u00e5 din smarte m\u00e5ler med den aktive P1 Splitter. Tilslut op til 3 P1-enheder p\u00e5 samme tid.","og_url":"https:\/\/www.homewizard.com\/da\/butik\/aktiv-p1-splitter\/","og_site_name":"HomeWizard","article_publisher":"https:\/\/www.facebook.com\/HomeWizardBV\/","article_modified_time":"2026-05-01T14:33:25+00:00","og_image":[{"width":2400,"height":2400,"url":"https:\/\/www.homewizard.com\/wp-content\/uploads\/2021\/12\/Artboard.png","type":"image\/png"}],"twitter_card":"summary_large_image","twitter_site":"@HomeWizard_NL","twitter_misc":{"Estimeret l\u00e6setid":"1 minut"},"schema":{"@context":"https:\/\/schema.org","@graph":[{"@type":"WebPage","@id":"https:\/\/www.homewizard.com\/da\/butik\/aktiv-p1-splitter\/","url":"https:\/\/www.homewizard.com\/da\/butik\/aktiv-p1-splitter\/","name":"Bestil din aktive P1 Splitter her - HomeWizard","isPartOf":{"@id":"https:\/\/www.homewizard.com\/da\/#website"},"primaryImageOfPage":{"@id":"https:\/\/www.homewizard.com\/da\/butik\/aktiv-p1-splitter\/#primaryimage"},"image":{"@id":"https:\/\/www.homewizard.com\/da\/butik\/aktiv-p1-splitter\/#primaryimage"},"thumbnailUrl":"https:\/\/www.homewizard.com\/wp-content\/uploads\/2021\/12\/Artboard.png","datePublished":"2021-12-07T14:32:03+00:00","dateModified":"2026-05-01T14:33:25+00:00","description":"Udvid P1-porten p\u00e5 din smarte m\u00e5ler med den aktive P1 Splitter. Tilslut op til 3 P1-enheder p\u00e5 samme tid.","breadcrumb":{"@id":"https:\/\/www.homewizard.com\/da\/butik\/aktiv-p1-splitter\/#breadcrumb"},"inLanguage":"da-DK","potentialAction":[{"@type":"ReadAction","target":["https:\/\/www.homewizard.com\/da\/butik\/aktiv-p1-splitter\/"]}]},{"@type":"ImageObject","inLanguage":"da-DK","@id":"https:\/\/www.homewizard.com\/da\/butik\/aktiv-p1-splitter\/#primaryimage","url":"https:\/\/www.homewizard.com\/wp-content\/uploads\/2021\/12\/Artboard.png","contentUrl":"https:\/\/www.homewizard.com\/wp-content\/uploads\/2021\/12\/Artboard.png","width":2400,"height":2400},{"@type":"BreadcrumbList","@id":"https:\/\/www.homewizard.com\/da\/butik\/aktiv-p1-splitter\/#breadcrumb","itemListElement":[{"@type":"ListItem","position":1,"name":"Home","item":"https:\/\/www.homewizard.com\/da\/"},{"@type":"ListItem","position":2,"name":"Butik","item":"https:\/\/www.homewizard.com\/da\/butik\/"},{"@type":"ListItem","position":3,"name":"Aktiv P1 Splitter"}]},{"@type":"WebSite","@id":"https:\/\/www.homewizard.com\/da\/#website","url":"https:\/\/www.homewizard.com\/da\/","name":"HomeWizard","description":"HomeWizard Energy","publisher":{"@id":"https:\/\/www.homewizard.com\/da\/#organization"},"potentialAction":[{"@type":"SearchAction","target":{"@type":"EntryPoint","urlTemplate":"https:\/\/www.homewizard.com\/da\/?s={search_term_string}"},"query-input":{"@type":"PropertyValueSpecification","valueRequired":true,"valueName":"search_term_string"}}],"inLanguage":"da-DK"},{"@type":"Organization","@id":"https:\/\/www.homewizard.com\/da\/#organization","name":"HomeWizard","url":"https:\/\/www.homewizard.com\/da\/","logo":{"@type":"ImageObject","inLanguage":"da-DK","@id":"https:\/\/www.homewizard.com\/da\/#\/schema\/logo\/image\/","url":"https:\/\/www.homewizard.com\/wp-content\/uploads\/2023\/06\/HomeWizard-icon-on-black.png","contentUrl":"https:\/\/www.homewizard.com\/wp-content\/uploads\/2023\/06\/HomeWizard-icon-on-black.png","width":500,"height":500,"caption":"HomeWizard"},"image":{"@id":"https:\/\/www.homewizard.com\/da\/#\/schema\/logo\/image\/"},"sameAs":["https:\/\/www.facebook.com\/HomeWizardBV\/","https:\/\/x.com\/HomeWizard_NL","https:\/\/www.youtube.com\/HomeWizardBV","https:\/\/www.instagram.com\/homewizardenergy\/"]}]}},"_links":{"self":[{"href":"https:\/\/www.homewizard.com\/da\/wp-json\/wp\/v2\/product\/542887","targetHints":{"allow":["GET"]}}],"collection":[{"href":"https:\/\/www.homewizard.com\/da\/wp-json\/wp\/v2\/product"}],"about":[{"href":"https:\/\/www.homewizard.com\/da\/wp-json\/wp\/v2\/types\/product"}],"wp:featuredmedia":[{"embeddable":true,"href":"https:\/\/www.homewizard.com\/da\/wp-json\/wp\/v2\/media\/542893"}],"wp:attachment":[{"href":"https:\/\/www.homewizard.com\/da\/wp-json\/wp\/v2\/media?parent=542887"}],"wp:term":[{"taxonomy":"product_brand","embeddable":true,"href":"https:\/\/www.homewizard.com\/da\/wp-json\/wp\/v2\/product_brand?post=542887"},{"taxonomy":"product_cat","embeddable":true,"href":"https:\/\/www.homewizard.com\/da\/wp-json\/wp\/v2\/product_cat?post=542887"},{"taxonomy":"product_tag","embeddable":true,"href":"https:\/\/www.homewizard.com\/da\/wp-json\/wp\/v2\/product_tag?post=542887"}],"curies":[{"name":"wp","href":"https:\/\/api.w.org\/{rel}","templated":true}]}}