{"id":542856,"date":"2021-12-07T13:03:26","date_gmt":"2021-12-07T12:03:26","guid":{"rendered":"https:\/\/www.homewizard.com\/shop\/wi-fi-energy-socket\/"},"modified":"2026-04-25T11:11:30","modified_gmt":"2026-04-25T09:11:30","slug":"wi-fi-energy-socket","status":"publish","type":"product","link":"https:\/\/www.homewizard.com\/da\/butik\/wi-fi-energy-socket\/","title":{"rendered":"Wi-Fi Energy Socket"},"content":{"rendered":"\n<p class=\" eplus-wrapper\">Energy Socket hj\u00e6lper dig til at forst\u00e5 energiforbruget for dine enheder. S\u00e6t den i v\u00e6gstikket, s\u00e6t enheden i, og begynd at m\u00e5le.<\/p>\n\n<h2 class=\" wp-block-heading eplus-wrapper\">Standby-brugere? Sl\u00e5et fra<\/h2>\n\n<p class=\" eplus-wrapper\">Energy Socket sl\u00e5r dine enheder fra p\u00e5 tidspunkter, hvor du ikke beh\u00f8ver dem, s\u00e5som dit TV og tilbeh\u00f8r om natten eller k\u00f8kkenets vandvarmer. F\u00e5 kontrol over, hvilke enheder er sl\u00e5et til eller fra, med timere. Hver 1 watt reduceret p\u00e5 dit standby-forbrug sparer dig for mere end 22 kr om \u00e5ret!<\/p>\n\n<figure class=\"round_corners wp-block-image size-large eplus-wrapper\"><img loading=\"lazy\" decoding=\"async\" width=\"1024\" height=\"640\" src=\"https:\/\/www.homewizard.com\/wp-content\/uploads\/2024\/03\/HomeWizard_Socket_Header_ON-1024x640.jpg\" alt=\"\" class=\"wp-image-590516\" srcset=\"https:\/\/www.homewizard.com\/wp-content\/uploads\/2024\/03\/HomeWizard_Socket_Header_ON-1024x640.jpg 1024w, https:\/\/www.homewizard.com\/wp-content\/uploads\/2024\/03\/HomeWizard_Socket_Header_ON-scaled-800x500.jpg 800w, https:\/\/www.homewizard.com\/wp-content\/uploads\/2024\/03\/HomeWizard_Socket_Header_ON-300x188.jpg 300w, https:\/\/www.homewizard.com\/wp-content\/uploads\/2024\/03\/HomeWizard_Socket_Header_ON-768x480.jpg 768w\" sizes=\"auto, (max-width: 1024px) 100vw, 1024px\" \/><\/figure>\n\n<h2 class=\" wp-block-heading eplus-wrapper\">Optimeret til ethvert scenarie<\/h2>\n<ul class=\" wp-block-list eplus-wrapper eplus-styles-uid-e62d66\">\n<li class=\" eplus-wrapper\"><strong>Stort omr\u00e5de<\/strong>: Velegnet til sm\u00e5 og store apparater med et omr\u00e5de p\u00e5 1 W til 3.680 W.<\/li>\n\n\n\n<li class=\" eplus-wrapper\"><strong>Pr\u00e6cis<\/strong>: Individuelt kalibreret for pr\u00e6cise m\u00e5linger (\u00b1 99,5 %).<\/li>\n\n\n\n<li class=\" eplus-wrapper\"><strong>Energieffektiv<\/strong>: Optimeret til et lavt egetforbrug p\u00e5 mindre end 1 Watt.<\/li>\n\n\n\n<li class=\" eplus-wrapper\"><strong>Maksimal belastning:<\/strong> Maks. 3680W (16A), Kontinuerlig belastning: 2760W (12A).<\/li>\n\n\n\n<li class=\" eplus-wrapper\"><strong>Beskyttelse mod overophedning:<\/strong> Energy Socket slukker automatisk, n\u00e5r enhedens stik- eller udgangskontakt genererer en usikker m\u00e6ngde varme, hvilket indikerer d\u00e5rlig kontakt eller vedvarende maksimal belastning.<\/li>\n<\/ul>\n<h2 class=\" wp-block-heading eplus-wrapper\">I \u00e6sken<\/h2>\n<ul class=\" wp-block-list eplus-wrapper eplus-styles-uid-43ba98\">\n<li class=\" eplus-wrapper\">Energy Socket<\/li>\n\n\n\n<li class=\" eplus-wrapper\">Hurtig start vejledning<\/li>\n<\/ul>\n<div style=\"height:32px\" aria-hidden=\"true\" class=\" wp-block-spacer eplus-wrapper\"><\/div>\n\n<p class=\" eplus-wrapper\"><a href=\"https:\/\/www.homewizard.com\/da\/energy-socket\/\">Flere oplysninger om Energy Socket<\/a><\/p>\n","protected":false},"excerpt":{"rendered":"<p>M\u00e5l og t\u00e6nd\/sluk individuelle enheder.<\/p>\n","protected":false},"featured_media":1012266,"template":"","meta":{"_acf_changed":false,"editor_plus_copied_stylings":"{}"},"product_brand":[],"product_cat":[238,242],"product_tag":[],"class_list":{"0":"post-542856","1":"product","2":"type-product","3":"status-publish","4":"has-post-thumbnail","6":"product_cat-alle","7":"product_cat-produkter-da","9":"first","10":"instock","11":"taxable","12":"shipping-taxable","13":"purchasable","14":"product-type-simple"},"acf":[],"yoast_head":"<!-- This site is optimized with the Yoast SEO plugin v27.0 - https:\/\/yoast.com\/product\/yoast-seo-wordpress\/ -->\n<title>Bestil din Wi-Fi Energy Socket her - HomeWizard<\/title>\n<meta name=\"description\" content=\"Indsigt i forbruget for hver enhed med grafer med HomeWizard Energy Socket. Bestil din Energy Socket her!\" \/>\n<meta name=\"robots\" content=\"index, follow, max-snippet:-1, max-image-preview:large, max-video-preview:-1\" \/>\n<link rel=\"canonical\" href=\"https:\/\/www.homewizard.com\/da\/butik\/wi-fi-energy-socket\/\" \/>\n<meta property=\"og:locale\" content=\"da_DK\" \/>\n<meta property=\"og:type\" content=\"article\" \/>\n<meta property=\"og:title\" content=\"Bestil din Wi-Fi Energy Socket her - HomeWizard\" \/>\n<meta property=\"og:description\" content=\"Indsigt i forbruget for hver enhed med grafer med HomeWizard Energy Socket. Bestil din Energy Socket her!\" \/>\n<meta property=\"og:url\" content=\"https:\/\/www.homewizard.com\/da\/butik\/wi-fi-energy-socket\/\" \/>\n<meta property=\"og:site_name\" content=\"HomeWizard\" \/>\n<meta property=\"article:publisher\" content=\"https:\/\/www.facebook.com\/HomeWizardBV\/\" \/>\n<meta property=\"article:modified_time\" content=\"2026-04-25T09:11:30+00:00\" \/>\n<meta property=\"og:image\" content=\"https:\/\/www.homewizard.com\/wp-content\/uploads\/2021\/12\/Energy-Socket-switched-on.png\" \/>\n\t<meta property=\"og:image:width\" content=\"1000\" \/>\n\t<meta property=\"og:image:height\" content=\"1000\" \/>\n\t<meta property=\"og:image:type\" content=\"image\/png\" \/>\n<meta name=\"twitter:card\" content=\"summary_large_image\" \/>\n<meta name=\"twitter:site\" content=\"@HomeWizard_NL\" \/>\n<meta name=\"twitter:label1\" content=\"Estimeret l\u00e6setid\" \/>\n\t<meta name=\"twitter:data1\" content=\"1 minut\" \/>\n<script type=\"application\/ld+json\" class=\"yoast-schema-graph\">{\"@context\":\"https:\/\/schema.org\",\"@graph\":[{\"@type\":\"WebPage\",\"@id\":\"https:\/\/www.homewizard.com\/da\/butik\/wi-fi-energy-socket\/\",\"url\":\"https:\/\/www.homewizard.com\/da\/butik\/wi-fi-energy-socket\/\",\"name\":\"Bestil din Wi-Fi Energy Socket her - HomeWizard\",\"isPartOf\":{\"@id\":\"https:\/\/www.homewizard.com\/da\/#website\"},\"primaryImageOfPage\":{\"@id\":\"https:\/\/www.homewizard.com\/da\/butik\/wi-fi-energy-socket\/#primaryimage\"},\"image\":{\"@id\":\"https:\/\/www.homewizard.com\/da\/butik\/wi-fi-energy-socket\/#primaryimage\"},\"thumbnailUrl\":\"https:\/\/www.homewizard.com\/wp-content\/uploads\/2021\/12\/Energy-Socket-switched-on.png\",\"datePublished\":\"2021-12-07T12:03:26+00:00\",\"dateModified\":\"2026-04-25T09:11:30+00:00\",\"description\":\"Indsigt i forbruget for hver enhed med grafer med HomeWizard Energy Socket. Bestil din Energy Socket her!\",\"breadcrumb\":{\"@id\":\"https:\/\/www.homewizard.com\/da\/butik\/wi-fi-energy-socket\/#breadcrumb\"},\"inLanguage\":\"da-DK\",\"potentialAction\":[{\"@type\":\"ReadAction\",\"target\":[\"https:\/\/www.homewizard.com\/da\/butik\/wi-fi-energy-socket\/\"]}]},{\"@type\":\"ImageObject\",\"inLanguage\":\"da-DK\",\"@id\":\"https:\/\/www.homewizard.com\/da\/butik\/wi-fi-energy-socket\/#primaryimage\",\"url\":\"https:\/\/www.homewizard.com\/wp-content\/uploads\/2021\/12\/Energy-Socket-switched-on.png\",\"contentUrl\":\"https:\/\/www.homewizard.com\/wp-content\/uploads\/2021\/12\/Energy-Socket-switched-on.png\",\"width\":1000,\"height\":1000},{\"@type\":\"BreadcrumbList\",\"@id\":\"https:\/\/www.homewizard.com\/da\/butik\/wi-fi-energy-socket\/#breadcrumb\",\"itemListElement\":[{\"@type\":\"ListItem\",\"position\":1,\"name\":\"Home\",\"item\":\"https:\/\/www.homewizard.com\/da\/\"},{\"@type\":\"ListItem\",\"position\":2,\"name\":\"Butik\",\"item\":\"https:\/\/www.homewizard.com\/da\/butik\/\"},{\"@type\":\"ListItem\",\"position\":3,\"name\":\"Wi-Fi Energy Socket\"}]},{\"@type\":\"WebSite\",\"@id\":\"https:\/\/www.homewizard.com\/da\/#website\",\"url\":\"https:\/\/www.homewizard.com\/da\/\",\"name\":\"HomeWizard\",\"description\":\"HomeWizard Energy\",\"publisher\":{\"@id\":\"https:\/\/www.homewizard.com\/da\/#organization\"},\"potentialAction\":[{\"@type\":\"SearchAction\",\"target\":{\"@type\":\"EntryPoint\",\"urlTemplate\":\"https:\/\/www.homewizard.com\/da\/?s={search_term_string}\"},\"query-input\":{\"@type\":\"PropertyValueSpecification\",\"valueRequired\":true,\"valueName\":\"search_term_string\"}}],\"inLanguage\":\"da-DK\"},{\"@type\":\"Organization\",\"@id\":\"https:\/\/www.homewizard.com\/da\/#organization\",\"name\":\"HomeWizard\",\"url\":\"https:\/\/www.homewizard.com\/da\/\",\"logo\":{\"@type\":\"ImageObject\",\"inLanguage\":\"da-DK\",\"@id\":\"https:\/\/www.homewizard.com\/da\/#\/schema\/logo\/image\/\",\"url\":\"https:\/\/www.homewizard.com\/wp-content\/uploads\/2023\/06\/HomeWizard-icon-on-black.png\",\"contentUrl\":\"https:\/\/www.homewizard.com\/wp-content\/uploads\/2023\/06\/HomeWizard-icon-on-black.png\",\"width\":500,\"height\":500,\"caption\":\"HomeWizard\"},\"image\":{\"@id\":\"https:\/\/www.homewizard.com\/da\/#\/schema\/logo\/image\/\"},\"sameAs\":[\"https:\/\/www.facebook.com\/HomeWizardBV\/\",\"https:\/\/x.com\/HomeWizard_NL\",\"https:\/\/www.youtube.com\/HomeWizardBV\",\"https:\/\/www.instagram.com\/homewizardenergy\/\"]}]}<\/script>\n<!-- \/ Yoast SEO plugin. -->","yoast_head_json":{"title":"Bestil din Wi-Fi Energy Socket her - HomeWizard","description":"Indsigt i forbruget for hver enhed med grafer med HomeWizard Energy Socket. Bestil din Energy Socket her!","robots":{"index":"index","follow":"follow","max-snippet":"max-snippet:-1","max-image-preview":"max-image-preview:large","max-video-preview":"max-video-preview:-1"},"canonical":"https:\/\/www.homewizard.com\/da\/butik\/wi-fi-energy-socket\/","og_locale":"da_DK","og_type":"article","og_title":"Bestil din Wi-Fi Energy Socket her - HomeWizard","og_description":"Indsigt i forbruget for hver enhed med grafer med HomeWizard Energy Socket. Bestil din Energy Socket her!","og_url":"https:\/\/www.homewizard.com\/da\/butik\/wi-fi-energy-socket\/","og_site_name":"HomeWizard","article_publisher":"https:\/\/www.facebook.com\/HomeWizardBV\/","article_modified_time":"2026-04-25T09:11:30+00:00","og_image":[{"width":1000,"height":1000,"url":"https:\/\/www.homewizard.com\/wp-content\/uploads\/2021\/12\/Energy-Socket-switched-on.png","type":"image\/png"}],"twitter_card":"summary_large_image","twitter_site":"@HomeWizard_NL","twitter_misc":{"Estimeret l\u00e6setid":"1 minut"},"schema":{"@context":"https:\/\/schema.org","@graph":[{"@type":"WebPage","@id":"https:\/\/www.homewizard.com\/da\/butik\/wi-fi-energy-socket\/","url":"https:\/\/www.homewizard.com\/da\/butik\/wi-fi-energy-socket\/","name":"Bestil din Wi-Fi Energy Socket her - HomeWizard","isPartOf":{"@id":"https:\/\/www.homewizard.com\/da\/#website"},"primaryImageOfPage":{"@id":"https:\/\/www.homewizard.com\/da\/butik\/wi-fi-energy-socket\/#primaryimage"},"image":{"@id":"https:\/\/www.homewizard.com\/da\/butik\/wi-fi-energy-socket\/#primaryimage"},"thumbnailUrl":"https:\/\/www.homewizard.com\/wp-content\/uploads\/2021\/12\/Energy-Socket-switched-on.png","datePublished":"2021-12-07T12:03:26+00:00","dateModified":"2026-04-25T09:11:30+00:00","description":"Indsigt i forbruget for hver enhed med grafer med HomeWizard Energy Socket. Bestil din Energy Socket her!","breadcrumb":{"@id":"https:\/\/www.homewizard.com\/da\/butik\/wi-fi-energy-socket\/#breadcrumb"},"inLanguage":"da-DK","potentialAction":[{"@type":"ReadAction","target":["https:\/\/www.homewizard.com\/da\/butik\/wi-fi-energy-socket\/"]}]},{"@type":"ImageObject","inLanguage":"da-DK","@id":"https:\/\/www.homewizard.com\/da\/butik\/wi-fi-energy-socket\/#primaryimage","url":"https:\/\/www.homewizard.com\/wp-content\/uploads\/2021\/12\/Energy-Socket-switched-on.png","contentUrl":"https:\/\/www.homewizard.com\/wp-content\/uploads\/2021\/12\/Energy-Socket-switched-on.png","width":1000,"height":1000},{"@type":"BreadcrumbList","@id":"https:\/\/www.homewizard.com\/da\/butik\/wi-fi-energy-socket\/#breadcrumb","itemListElement":[{"@type":"ListItem","position":1,"name":"Home","item":"https:\/\/www.homewizard.com\/da\/"},{"@type":"ListItem","position":2,"name":"Butik","item":"https:\/\/www.homewizard.com\/da\/butik\/"},{"@type":"ListItem","position":3,"name":"Wi-Fi Energy Socket"}]},{"@type":"WebSite","@id":"https:\/\/www.homewizard.com\/da\/#website","url":"https:\/\/www.homewizard.com\/da\/","name":"HomeWizard","description":"HomeWizard Energy","publisher":{"@id":"https:\/\/www.homewizard.com\/da\/#organization"},"potentialAction":[{"@type":"SearchAction","target":{"@type":"EntryPoint","urlTemplate":"https:\/\/www.homewizard.com\/da\/?s={search_term_string}"},"query-input":{"@type":"PropertyValueSpecification","valueRequired":true,"valueName":"search_term_string"}}],"inLanguage":"da-DK"},{"@type":"Organization","@id":"https:\/\/www.homewizard.com\/da\/#organization","name":"HomeWizard","url":"https:\/\/www.homewizard.com\/da\/","logo":{"@type":"ImageObject","inLanguage":"da-DK","@id":"https:\/\/www.homewizard.com\/da\/#\/schema\/logo\/image\/","url":"https:\/\/www.homewizard.com\/wp-content\/uploads\/2023\/06\/HomeWizard-icon-on-black.png","contentUrl":"https:\/\/www.homewizard.com\/wp-content\/uploads\/2023\/06\/HomeWizard-icon-on-black.png","width":500,"height":500,"caption":"HomeWizard"},"image":{"@id":"https:\/\/www.homewizard.com\/da\/#\/schema\/logo\/image\/"},"sameAs":["https:\/\/www.facebook.com\/HomeWizardBV\/","https:\/\/x.com\/HomeWizard_NL","https:\/\/www.youtube.com\/HomeWizardBV","https:\/\/www.instagram.com\/homewizardenergy\/"]}]}},"_links":{"self":[{"href":"https:\/\/www.homewizard.com\/da\/wp-json\/wp\/v2\/product\/542856","targetHints":{"allow":["GET"]}}],"collection":[{"href":"https:\/\/www.homewizard.com\/da\/wp-json\/wp\/v2\/product"}],"about":[{"href":"https:\/\/www.homewizard.com\/da\/wp-json\/wp\/v2\/types\/product"}],"wp:featuredmedia":[{"embeddable":true,"href":"https:\/\/www.homewizard.com\/da\/wp-json\/wp\/v2\/media\/1012266"}],"wp:attachment":[{"href":"https:\/\/www.homewizard.com\/da\/wp-json\/wp\/v2\/media?parent=542856"}],"wp:term":[{"taxonomy":"product_brand","embeddable":true,"href":"https:\/\/www.homewizard.com\/da\/wp-json\/wp\/v2\/product_brand?post=542856"},{"taxonomy":"product_cat","embeddable":true,"href":"https:\/\/www.homewizard.com\/da\/wp-json\/wp\/v2\/product_cat?post=542856"},{"taxonomy":"product_tag","embeddable":true,"href":"https:\/\/www.homewizard.com\/da\/wp-json\/wp\/v2\/product_tag?post=542856"}],"curies":[{"name":"wp","href":"https:\/\/api.w.org\/{rel}","templated":true}]}}