{"id":1273431,"date":"2024-06-13T13:59:13","date_gmt":"2024-06-13T11:59:13","guid":{"rendered":"https:\/\/www.homewizard.com\/shop\/wi-fi-p1-meter-2\/"},"modified":"2026-05-03T17:29:03","modified_gmt":"2026-05-03T15:29:03","slug":"wi-fi-p1-meter","status":"publish","type":"product","link":"https:\/\/www.homewizard.com\/da\/butik\/wi-fi-p1-meter\/","title":{"rendered":"Wi-Fi P1 Meter"},"content":{"rendered":"\n<h2 class=\" wp-block-heading eplus-wrapper\">Indsigt i dit elforbrug<\/h2>\n\n\n\n<p class=\" eplus-wrapper\"><p class=\" eplus-wrapper\">Hvor meget forbruger du, n\u00e5r du tager et brusebad? Hvad er standby-forbruget for dine enheder om natten? HomeWizard P1 Meter giver dig detaljeret indsigt i dit elsforbrug og soloverskud.<\/p><\/p>\n\n\n\n<p class=\" eplus-wrapper\"><\/p>\n\n\n\n<h2 class=\" wp-block-heading eplus-wrapper\">Fungerer med din smarte m\u00e5ler<\/h2>\n\n\n\n<p class=\" eplus-wrapper\"><p class=\" eplus-wrapper\">P1 Meter klikkes ind i P1-porten p\u00e5 din smarte m\u00e5ler og viser dig elforbruget for dit hjem. P1 Meter er kompatibel med de mest moderne m\u00e5lere i Europa, og med moderne smarte m\u00e5lere beh\u00f8ver du ikke engang en str\u00f8madapter! S\u00e6t den til, tilslut den til wi-fi, og du er klar. Se\u00a0<a href=\"https:\/\/helpdesk.homewizard.com\/articles\/5935311\">Er min smarte m\u00e5ler kompatibel?<\/a>\u00a0for at v\u00e6re sikker p\u00e5, at den er kompatibel.<\/p><\/p>\n\n\n<div class=\"wp-block-image round_corners\">\n<figure class=\"aligncenter size-large eplus-wrapper\"><img loading=\"lazy\" decoding=\"async\" width=\"1024\" height=\"536\" src=\"https:\/\/www.homewizard.com\/wp-content\/uploads\/2023\/07\/P1-plugged-in@1x-1024x536.webp\" alt=\"\" class=\"wp-image-389610\" srcset=\"https:\/\/www.homewizard.com\/wp-content\/uploads\/2023\/07\/P1-plugged-in@1x-1024x536.webp 1024w, https:\/\/www.homewizard.com\/wp-content\/uploads\/2023\/07\/P1-plugged-in@1x-800x419.webp 800w, https:\/\/www.homewizard.com\/wp-content\/uploads\/2023\/07\/P1-plugged-in@1x-300x157.webp 300w, https:\/\/www.homewizard.com\/wp-content\/uploads\/2023\/07\/P1-plugged-in@1x-768x402.webp 768w\" sizes=\"auto, (max-width: 1024px) 100vw, 1024px\" \/><\/figure>\n<\/div>\n\n\n<h2 class=\" wp-block-heading eplus-wrapper\">Se direkte eller g\u00e5 tilbage i tiden<\/h2>\n\n\n\n<p class=\" eplus-wrapper\">Med <a href=\"https:\/\/apps.apple.com\/app\/homewizard-energy\/id1492427207\">HomeWizard-appen<\/a> ved du pr\u00e6cis, hvad der sker, eller du kan g\u00e5 tilbage i tiden. HomeWizard-appen er tilg\u00e6ngelig til <a href=\"https:\/\/play.google.com\/store\/apps\/details?id=nl.homewizard.android.energy1\">Android<\/a> og <a href=\"https:\/\/apps.apple.com\/nl\/app\/homewizard-energy\/id1492427207\">iOS<\/a>.<\/p>\n\n\n<div class=\"wp-block-image is-resized\">\n<figure class=\"aligncenter size-full eplus-wrapper\"><img loading=\"lazy\" decoding=\"async\" width=\"800\" height=\"800\" src=\"https:\/\/www.homewizard.com\/wp-content\/uploads\/2024\/06\/p1meterwithapp.png\" alt=\"\" class=\"wp-image-1930638\" style=\"width:550px\" srcset=\"https:\/\/www.homewizard.com\/wp-content\/uploads\/2024\/06\/p1meterwithapp.png 800w, https:\/\/www.homewizard.com\/wp-content\/uploads\/2024\/06\/p1meterwithapp-300x300.png 300w, https:\/\/www.homewizard.com\/wp-content\/uploads\/2024\/06\/p1meterwithapp-150x150.png 150w, https:\/\/www.homewizard.com\/wp-content\/uploads\/2024\/06\/p1meterwithapp-768x768.png 768w, https:\/\/www.homewizard.com\/wp-content\/uploads\/2024\/06\/p1meterwithapp-500x500.png 500w, https:\/\/www.homewizard.com\/wp-content\/uploads\/2024\/06\/p1meterwithapp-124x124.png 124w\" sizes=\"auto, (max-width: 800px) 100vw, 800px\" \/><\/figure>\n<\/div>\n\n\n<h2 class=\" wp-block-heading eplus-wrapper\">I \u00e6sken<\/h2>\n\n\n<ul class=\" wp-block-list eplus-wrapper eplus-styles-uid-d29b7d\">\n<li class=\" eplus-wrapper\">P1 Meter<\/li>\n\n\n\n<li class=\" eplus-wrapper\">Hurtig start vejledning<\/li>\n<\/ul>\n\n\n<div style=\"height:32px\" aria-hidden=\"true\" class=\" wp-block-spacer eplus-wrapper\"><\/div>\n\n\n\n<p class=\" eplus-wrapper\"><a href=\"https:\/\/www.homewizard.com\/da\/p1-meter\/\">Flere oplysninger om P1 Meter<\/a><\/p>\n","protected":false},"excerpt":{"rendered":"<p>F\u00e5 detaljeret indsigt i dit elforbrug og soloverskud.<\/p>\n","protected":false},"featured_media":542780,"template":"","meta":{"_acf_changed":false,"editor_plus_copied_stylings":"{}"},"product_brand":[],"product_cat":[238,242],"product_tag":[],"class_list":{"0":"post-1273431","1":"product","2":"type-product","3":"status-publish","4":"has-post-thumbnail","6":"product_cat-alle","7":"product_cat-produkter-da","9":"first","10":"instock","11":"taxable","12":"shipping-taxable","13":"purchasable","14":"product-type-simple"},"acf":[],"yoast_head":"<!-- This site is optimized with the Yoast SEO plugin v27.0 - https:\/\/yoast.com\/product\/yoast-seo-wordpress\/ -->\n<title>Wi-Fi P1 Meter - HomeWizard<\/title>\n<meta name=\"description\" content=\"Direkte indsigt i dit energiforbrug med HomeWizard Wi-Fi P1 Meter. Se detaljerede og historiske grafer direkte i Energy-appen.\" \/>\n<meta name=\"robots\" content=\"index, follow, max-snippet:-1, max-image-preview:large, max-video-preview:-1\" \/>\n<link rel=\"canonical\" href=\"https:\/\/www.homewizard.com\/da\/butik\/wi-fi-p1-meter\/\" \/>\n<meta property=\"og:locale\" content=\"da_DK\" \/>\n<meta property=\"og:type\" content=\"article\" \/>\n<meta property=\"og:title\" content=\"Wi-Fi P1 Meter - HomeWizard\" \/>\n<meta property=\"og:description\" content=\"Direkte indsigt i dit energiforbrug med HomeWizard Wi-Fi P1 Meter. Se detaljerede og historiske grafer direkte i Energy-appen.\" \/>\n<meta property=\"og:url\" content=\"https:\/\/www.homewizard.com\/da\/butik\/wi-fi-p1-meter\/\" \/>\n<meta property=\"og:site_name\" content=\"HomeWizard\" \/>\n<meta property=\"article:publisher\" content=\"https:\/\/www.facebook.com\/HomeWizardBV\/\" \/>\n<meta property=\"article:modified_time\" content=\"2026-05-03T15:29:03+00:00\" \/>\n<meta property=\"og:image\" content=\"https:\/\/www.homewizard.com\/wp-content\/uploads\/2021\/11\/P1_meter_front.png\" \/>\n\t<meta property=\"og:image:width\" content=\"800\" \/>\n\t<meta property=\"og:image:height\" content=\"800\" \/>\n\t<meta property=\"og:image:type\" content=\"image\/png\" \/>\n<meta name=\"twitter:card\" content=\"summary_large_image\" \/>\n<meta name=\"twitter:site\" content=\"@HomeWizard_NL\" \/>\n<meta name=\"twitter:label1\" content=\"Estimeret l\u00e6setid\" \/>\n\t<meta name=\"twitter:data1\" content=\"2 minutter\" \/>\n<script type=\"application\/ld+json\" class=\"yoast-schema-graph\">{\"@context\":\"https:\/\/schema.org\",\"@graph\":[{\"@type\":\"WebPage\",\"@id\":\"https:\/\/www.homewizard.com\/da\/butik\/wi-fi-p1-meter\/\",\"url\":\"https:\/\/www.homewizard.com\/da\/butik\/wi-fi-p1-meter\/\",\"name\":\"Wi-Fi P1 Meter - HomeWizard\",\"isPartOf\":{\"@id\":\"https:\/\/www.homewizard.com\/da\/#website\"},\"primaryImageOfPage\":{\"@id\":\"https:\/\/www.homewizard.com\/da\/butik\/wi-fi-p1-meter\/#primaryimage\"},\"image\":{\"@id\":\"https:\/\/www.homewizard.com\/da\/butik\/wi-fi-p1-meter\/#primaryimage\"},\"thumbnailUrl\":\"https:\/\/www.homewizard.com\/wp-content\/uploads\/2021\/11\/P1_meter_front.png\",\"datePublished\":\"2024-06-13T11:59:13+00:00\",\"dateModified\":\"2026-05-03T15:29:03+00:00\",\"description\":\"Direkte indsigt i dit energiforbrug med HomeWizard Wi-Fi P1 Meter. Se detaljerede og historiske grafer direkte i Energy-appen.\",\"breadcrumb\":{\"@id\":\"https:\/\/www.homewizard.com\/da\/butik\/wi-fi-p1-meter\/#breadcrumb\"},\"inLanguage\":\"da-DK\",\"potentialAction\":[{\"@type\":\"ReadAction\",\"target\":[\"https:\/\/www.homewizard.com\/da\/butik\/wi-fi-p1-meter\/\"]}]},{\"@type\":\"ImageObject\",\"inLanguage\":\"da-DK\",\"@id\":\"https:\/\/www.homewizard.com\/da\/butik\/wi-fi-p1-meter\/#primaryimage\",\"url\":\"https:\/\/www.homewizard.com\/wp-content\/uploads\/2021\/11\/P1_meter_front.png\",\"contentUrl\":\"https:\/\/www.homewizard.com\/wp-content\/uploads\/2021\/11\/P1_meter_front.png\",\"width\":800,\"height\":800},{\"@type\":\"BreadcrumbList\",\"@id\":\"https:\/\/www.homewizard.com\/da\/butik\/wi-fi-p1-meter\/#breadcrumb\",\"itemListElement\":[{\"@type\":\"ListItem\",\"position\":1,\"name\":\"Home\",\"item\":\"https:\/\/www.homewizard.com\/da\/\"},{\"@type\":\"ListItem\",\"position\":2,\"name\":\"Butik\",\"item\":\"https:\/\/www.homewizard.com\/da\/butik\/\"},{\"@type\":\"ListItem\",\"position\":3,\"name\":\"Wi-Fi P1 Meter\"}]},{\"@type\":\"WebSite\",\"@id\":\"https:\/\/www.homewizard.com\/da\/#website\",\"url\":\"https:\/\/www.homewizard.com\/da\/\",\"name\":\"HomeWizard\",\"description\":\"HomeWizard Energy\",\"publisher\":{\"@id\":\"https:\/\/www.homewizard.com\/da\/#organization\"},\"potentialAction\":[{\"@type\":\"SearchAction\",\"target\":{\"@type\":\"EntryPoint\",\"urlTemplate\":\"https:\/\/www.homewizard.com\/da\/?s={search_term_string}\"},\"query-input\":{\"@type\":\"PropertyValueSpecification\",\"valueRequired\":true,\"valueName\":\"search_term_string\"}}],\"inLanguage\":\"da-DK\"},{\"@type\":\"Organization\",\"@id\":\"https:\/\/www.homewizard.com\/da\/#organization\",\"name\":\"HomeWizard\",\"url\":\"https:\/\/www.homewizard.com\/da\/\",\"logo\":{\"@type\":\"ImageObject\",\"inLanguage\":\"da-DK\",\"@id\":\"https:\/\/www.homewizard.com\/da\/#\/schema\/logo\/image\/\",\"url\":\"https:\/\/www.homewizard.com\/wp-content\/uploads\/2023\/06\/HomeWizard-icon-on-black.png\",\"contentUrl\":\"https:\/\/www.homewizard.com\/wp-content\/uploads\/2023\/06\/HomeWizard-icon-on-black.png\",\"width\":500,\"height\":500,\"caption\":\"HomeWizard\"},\"image\":{\"@id\":\"https:\/\/www.homewizard.com\/da\/#\/schema\/logo\/image\/\"},\"sameAs\":[\"https:\/\/www.facebook.com\/HomeWizardBV\/\",\"https:\/\/x.com\/HomeWizard_NL\",\"https:\/\/www.youtube.com\/HomeWizardBV\",\"https:\/\/www.instagram.com\/homewizardenergy\/\"]}]}<\/script>\n<!-- \/ Yoast SEO plugin. -->","yoast_head_json":{"title":"Wi-Fi P1 Meter - HomeWizard","description":"Direkte indsigt i dit energiforbrug med HomeWizard Wi-Fi P1 Meter. Se detaljerede og historiske grafer direkte i Energy-appen.","robots":{"index":"index","follow":"follow","max-snippet":"max-snippet:-1","max-image-preview":"max-image-preview:large","max-video-preview":"max-video-preview:-1"},"canonical":"https:\/\/www.homewizard.com\/da\/butik\/wi-fi-p1-meter\/","og_locale":"da_DK","og_type":"article","og_title":"Wi-Fi P1 Meter - HomeWizard","og_description":"Direkte indsigt i dit energiforbrug med HomeWizard Wi-Fi P1 Meter. Se detaljerede og historiske grafer direkte i Energy-appen.","og_url":"https:\/\/www.homewizard.com\/da\/butik\/wi-fi-p1-meter\/","og_site_name":"HomeWizard","article_publisher":"https:\/\/www.facebook.com\/HomeWizardBV\/","article_modified_time":"2026-05-03T15:29:03+00:00","og_image":[{"width":800,"height":800,"url":"https:\/\/www.homewizard.com\/wp-content\/uploads\/2021\/11\/P1_meter_front.png","type":"image\/png"}],"twitter_card":"summary_large_image","twitter_site":"@HomeWizard_NL","twitter_misc":{"Estimeret l\u00e6setid":"2 minutter"},"schema":{"@context":"https:\/\/schema.org","@graph":[{"@type":"WebPage","@id":"https:\/\/www.homewizard.com\/da\/butik\/wi-fi-p1-meter\/","url":"https:\/\/www.homewizard.com\/da\/butik\/wi-fi-p1-meter\/","name":"Wi-Fi P1 Meter - HomeWizard","isPartOf":{"@id":"https:\/\/www.homewizard.com\/da\/#website"},"primaryImageOfPage":{"@id":"https:\/\/www.homewizard.com\/da\/butik\/wi-fi-p1-meter\/#primaryimage"},"image":{"@id":"https:\/\/www.homewizard.com\/da\/butik\/wi-fi-p1-meter\/#primaryimage"},"thumbnailUrl":"https:\/\/www.homewizard.com\/wp-content\/uploads\/2021\/11\/P1_meter_front.png","datePublished":"2024-06-13T11:59:13+00:00","dateModified":"2026-05-03T15:29:03+00:00","description":"Direkte indsigt i dit energiforbrug med HomeWizard Wi-Fi P1 Meter. Se detaljerede og historiske grafer direkte i Energy-appen.","breadcrumb":{"@id":"https:\/\/www.homewizard.com\/da\/butik\/wi-fi-p1-meter\/#breadcrumb"},"inLanguage":"da-DK","potentialAction":[{"@type":"ReadAction","target":["https:\/\/www.homewizard.com\/da\/butik\/wi-fi-p1-meter\/"]}]},{"@type":"ImageObject","inLanguage":"da-DK","@id":"https:\/\/www.homewizard.com\/da\/butik\/wi-fi-p1-meter\/#primaryimage","url":"https:\/\/www.homewizard.com\/wp-content\/uploads\/2021\/11\/P1_meter_front.png","contentUrl":"https:\/\/www.homewizard.com\/wp-content\/uploads\/2021\/11\/P1_meter_front.png","width":800,"height":800},{"@type":"BreadcrumbList","@id":"https:\/\/www.homewizard.com\/da\/butik\/wi-fi-p1-meter\/#breadcrumb","itemListElement":[{"@type":"ListItem","position":1,"name":"Home","item":"https:\/\/www.homewizard.com\/da\/"},{"@type":"ListItem","position":2,"name":"Butik","item":"https:\/\/www.homewizard.com\/da\/butik\/"},{"@type":"ListItem","position":3,"name":"Wi-Fi P1 Meter"}]},{"@type":"WebSite","@id":"https:\/\/www.homewizard.com\/da\/#website","url":"https:\/\/www.homewizard.com\/da\/","name":"HomeWizard","description":"HomeWizard Energy","publisher":{"@id":"https:\/\/www.homewizard.com\/da\/#organization"},"potentialAction":[{"@type":"SearchAction","target":{"@type":"EntryPoint","urlTemplate":"https:\/\/www.homewizard.com\/da\/?s={search_term_string}"},"query-input":{"@type":"PropertyValueSpecification","valueRequired":true,"valueName":"search_term_string"}}],"inLanguage":"da-DK"},{"@type":"Organization","@id":"https:\/\/www.homewizard.com\/da\/#organization","name":"HomeWizard","url":"https:\/\/www.homewizard.com\/da\/","logo":{"@type":"ImageObject","inLanguage":"da-DK","@id":"https:\/\/www.homewizard.com\/da\/#\/schema\/logo\/image\/","url":"https:\/\/www.homewizard.com\/wp-content\/uploads\/2023\/06\/HomeWizard-icon-on-black.png","contentUrl":"https:\/\/www.homewizard.com\/wp-content\/uploads\/2023\/06\/HomeWizard-icon-on-black.png","width":500,"height":500,"caption":"HomeWizard"},"image":{"@id":"https:\/\/www.homewizard.com\/da\/#\/schema\/logo\/image\/"},"sameAs":["https:\/\/www.facebook.com\/HomeWizardBV\/","https:\/\/x.com\/HomeWizard_NL","https:\/\/www.youtube.com\/HomeWizardBV","https:\/\/www.instagram.com\/homewizardenergy\/"]}]}},"_links":{"self":[{"href":"https:\/\/www.homewizard.com\/da\/wp-json\/wp\/v2\/product\/1273431","targetHints":{"allow":["GET"]}}],"collection":[{"href":"https:\/\/www.homewizard.com\/da\/wp-json\/wp\/v2\/product"}],"about":[{"href":"https:\/\/www.homewizard.com\/da\/wp-json\/wp\/v2\/types\/product"}],"wp:featuredmedia":[{"embeddable":true,"href":"https:\/\/www.homewizard.com\/da\/wp-json\/wp\/v2\/media\/542780"}],"wp:attachment":[{"href":"https:\/\/www.homewizard.com\/da\/wp-json\/wp\/v2\/media?parent=1273431"}],"wp:term":[{"taxonomy":"product_brand","embeddable":true,"href":"https:\/\/www.homewizard.com\/da\/wp-json\/wp\/v2\/product_brand?post=1273431"},{"taxonomy":"product_cat","embeddable":true,"href":"https:\/\/www.homewizard.com\/da\/wp-json\/wp\/v2\/product_cat?post=1273431"},{"taxonomy":"product_tag","embeddable":true,"href":"https:\/\/www.homewizard.com\/da\/wp-json\/wp\/v2\/product_tag?post=1273431"}],"curies":[{"name":"wp","href":"https:\/\/api.w.org\/{rel}","templated":true}]}}