{"id":1101941,"date":"2024-07-30T13:37:25","date_gmt":"2024-07-30T11:37:25","guid":{"rendered":"https:\/\/www.homewizard.com\/shop\/usb-c-adaptersaet-2\/"},"modified":"2026-04-13T13:34:43","modified_gmt":"2026-04-13T11:34:43","slug":"usb-c-adaptersaet-2","status":"publish","type":"product","link":"https:\/\/www.homewizard.com\/da\/butik\/usb-c-adaptersaet-2\/","title":{"rendered":"USB-C adapters\u00e6t"},"content":{"rendered":"\n<p class=\" eplus-wrapper\">P\u00e5 \u00e6ldre smarte m\u00e5lere (lavere end SMR5) er en USB-C adapter p\u00e5kr\u00e6vet for at P1 Meter kan fungere. Den kan ogs\u00e5 bruges til at str\u00f8mforsyne den Aktive P1 Splitter p\u00e5 \u00e6ldre smarte m\u00e5lere uden en HomeWizard P1 Meter forbundet til splitteren. Dette er et valgfrit tilbeh\u00f8r og leveres ikke med P1 Meter og P1 Splitter.<\/p>\n","protected":false},"excerpt":{"rendered":"<p>Har du en intelligent m\u00e5ler med en HAN-port, eller er din intelligente m\u00e5ler SMR4 eller lavere? K\u00f8b dette USB-C-adapter-s\u00e6t for at f\u00e5 P1 Meter til at fungere.<\/p>\n","protected":false},"featured_media":653860,"template":"","meta":{"_acf_changed":false,"editor_plus_copied_stylings":"{}"},"product_brand":[],"product_cat":[238,239],"product_tag":[],"class_list":{"0":"post-1101941","1":"product","2":"type-product","3":"status-publish","4":"has-post-thumbnail","6":"product_cat-alle","7":"product_cat-tilbehor","9":"first","10":"instock","11":"taxable","12":"shipping-taxable","13":"purchasable","14":"product-type-simple"},"acf":[],"yoast_head":"<!-- This site is optimized with the Yoast SEO plugin v27.0 - https:\/\/yoast.com\/product\/yoast-seo-wordpress\/ -->\n<title>Brug for et adapters\u00e6t til wi-fi P1 Meter? Bestil dit USB-adapters\u00e6t fra HomeWizard her!<\/title>\n<meta name=\"description\" content=\"Bestil din USB-C adapter til P1 Meter her - HomeWizard\" \/>\n<meta name=\"robots\" content=\"index, follow, max-snippet:-1, max-image-preview:large, max-video-preview:-1\" \/>\n<link rel=\"canonical\" href=\"https:\/\/www.homewizard.com\/da\/butik\/usb-c-adaptersaet-2\/\" \/>\n<meta property=\"og:locale\" content=\"da_DK\" \/>\n<meta property=\"og:type\" content=\"article\" \/>\n<meta property=\"og:title\" content=\"Brug for et adapters\u00e6t til wi-fi P1 Meter? Bestil dit USB-adapters\u00e6t fra HomeWizard her!\" \/>\n<meta property=\"og:description\" content=\"Bestil din USB-C adapter til P1 Meter her - HomeWizard\" \/>\n<meta property=\"og:url\" content=\"https:\/\/www.homewizard.com\/da\/butik\/usb-c-adaptersaet-2\/\" \/>\n<meta property=\"og:site_name\" content=\"HomeWizard\" \/>\n<meta property=\"article:publisher\" content=\"https:\/\/www.facebook.com\/HomeWizardBV\/\" \/>\n<meta property=\"article:modified_time\" content=\"2026-04-13T11:34:43+00:00\" \/>\n<meta property=\"og:image\" content=\"https:\/\/www.homewizard.com\/wp-content\/uploads\/2022\/08\/USB-C-Adapter-HomeWizard.png\" \/>\n\t<meta property=\"og:image:width\" content=\"800\" \/>\n\t<meta property=\"og:image:height\" content=\"800\" \/>\n\t<meta property=\"og:image:type\" content=\"image\/png\" \/>\n<meta name=\"twitter:card\" content=\"summary_large_image\" \/>\n<meta name=\"twitter:site\" content=\"@HomeWizard_NL\" \/>\n<script type=\"application\/ld+json\" class=\"yoast-schema-graph\">{\"@context\":\"https:\/\/schema.org\",\"@graph\":[{\"@type\":\"WebPage\",\"@id\":\"https:\/\/www.homewizard.com\/da\/butik\/usb-c-adaptersaet-2\/\",\"url\":\"https:\/\/www.homewizard.com\/da\/butik\/usb-c-adaptersaet-2\/\",\"name\":\"Brug for et adapters\u00e6t til wi-fi P1 Meter? Bestil dit USB-adapters\u00e6t fra HomeWizard her!\",\"isPartOf\":{\"@id\":\"https:\/\/www.homewizard.com\/da\/#website\"},\"primaryImageOfPage\":{\"@id\":\"https:\/\/www.homewizard.com\/da\/butik\/usb-c-adaptersaet-2\/#primaryimage\"},\"image\":{\"@id\":\"https:\/\/www.homewizard.com\/da\/butik\/usb-c-adaptersaet-2\/#primaryimage\"},\"thumbnailUrl\":\"https:\/\/www.homewizard.com\/wp-content\/uploads\/2022\/08\/USB-C-Adapter-HomeWizard.png\",\"datePublished\":\"2024-07-30T11:37:25+00:00\",\"dateModified\":\"2026-04-13T11:34:43+00:00\",\"description\":\"Bestil din USB-C adapter til P1 Meter her - HomeWizard\",\"breadcrumb\":{\"@id\":\"https:\/\/www.homewizard.com\/da\/butik\/usb-c-adaptersaet-2\/#breadcrumb\"},\"inLanguage\":\"da-DK\",\"potentialAction\":[{\"@type\":\"ReadAction\",\"target\":[\"https:\/\/www.homewizard.com\/da\/butik\/usb-c-adaptersaet-2\/\"]}]},{\"@type\":\"ImageObject\",\"inLanguage\":\"da-DK\",\"@id\":\"https:\/\/www.homewizard.com\/da\/butik\/usb-c-adaptersaet-2\/#primaryimage\",\"url\":\"https:\/\/www.homewizard.com\/wp-content\/uploads\/2022\/08\/USB-C-Adapter-HomeWizard.png\",\"contentUrl\":\"https:\/\/www.homewizard.com\/wp-content\/uploads\/2022\/08\/USB-C-Adapter-HomeWizard.png\",\"width\":800,\"height\":800},{\"@type\":\"BreadcrumbList\",\"@id\":\"https:\/\/www.homewizard.com\/da\/butik\/usb-c-adaptersaet-2\/#breadcrumb\",\"itemListElement\":[{\"@type\":\"ListItem\",\"position\":1,\"name\":\"Home\",\"item\":\"https:\/\/www.homewizard.com\/da\/\"},{\"@type\":\"ListItem\",\"position\":2,\"name\":\"Butik\",\"item\":\"https:\/\/www.homewizard.com\/da\/butik\/\"},{\"@type\":\"ListItem\",\"position\":3,\"name\":\"USB-C adapters\u00e6t\"}]},{\"@type\":\"WebSite\",\"@id\":\"https:\/\/www.homewizard.com\/da\/#website\",\"url\":\"https:\/\/www.homewizard.com\/da\/\",\"name\":\"HomeWizard\",\"description\":\"HomeWizard Energy\",\"publisher\":{\"@id\":\"https:\/\/www.homewizard.com\/da\/#organization\"},\"potentialAction\":[{\"@type\":\"SearchAction\",\"target\":{\"@type\":\"EntryPoint\",\"urlTemplate\":\"https:\/\/www.homewizard.com\/da\/?s={search_term_string}\"},\"query-input\":{\"@type\":\"PropertyValueSpecification\",\"valueRequired\":true,\"valueName\":\"search_term_string\"}}],\"inLanguage\":\"da-DK\"},{\"@type\":\"Organization\",\"@id\":\"https:\/\/www.homewizard.com\/da\/#organization\",\"name\":\"HomeWizard\",\"url\":\"https:\/\/www.homewizard.com\/da\/\",\"logo\":{\"@type\":\"ImageObject\",\"inLanguage\":\"da-DK\",\"@id\":\"https:\/\/www.homewizard.com\/da\/#\/schema\/logo\/image\/\",\"url\":\"https:\/\/www.homewizard.com\/wp-content\/uploads\/2023\/06\/HomeWizard-icon-on-black.png\",\"contentUrl\":\"https:\/\/www.homewizard.com\/wp-content\/uploads\/2023\/06\/HomeWizard-icon-on-black.png\",\"width\":500,\"height\":500,\"caption\":\"HomeWizard\"},\"image\":{\"@id\":\"https:\/\/www.homewizard.com\/da\/#\/schema\/logo\/image\/\"},\"sameAs\":[\"https:\/\/www.facebook.com\/HomeWizardBV\/\",\"https:\/\/x.com\/HomeWizard_NL\",\"https:\/\/www.youtube.com\/HomeWizardBV\",\"https:\/\/www.instagram.com\/homewizardenergy\/\"]}]}<\/script>\n<!-- \/ Yoast SEO plugin. -->","yoast_head_json":{"title":"Brug for et adapters\u00e6t til wi-fi P1 Meter? Bestil dit USB-adapters\u00e6t fra HomeWizard her!","description":"Bestil din USB-C adapter til P1 Meter her - HomeWizard","robots":{"index":"index","follow":"follow","max-snippet":"max-snippet:-1","max-image-preview":"max-image-preview:large","max-video-preview":"max-video-preview:-1"},"canonical":"https:\/\/www.homewizard.com\/da\/butik\/usb-c-adaptersaet-2\/","og_locale":"da_DK","og_type":"article","og_title":"Brug for et adapters\u00e6t til wi-fi P1 Meter? Bestil dit USB-adapters\u00e6t fra HomeWizard her!","og_description":"Bestil din USB-C adapter til P1 Meter her - HomeWizard","og_url":"https:\/\/www.homewizard.com\/da\/butik\/usb-c-adaptersaet-2\/","og_site_name":"HomeWizard","article_publisher":"https:\/\/www.facebook.com\/HomeWizardBV\/","article_modified_time":"2026-04-13T11:34:43+00:00","og_image":[{"width":800,"height":800,"url":"https:\/\/www.homewizard.com\/wp-content\/uploads\/2022\/08\/USB-C-Adapter-HomeWizard.png","type":"image\/png"}],"twitter_card":"summary_large_image","twitter_site":"@HomeWizard_NL","schema":{"@context":"https:\/\/schema.org","@graph":[{"@type":"WebPage","@id":"https:\/\/www.homewizard.com\/da\/butik\/usb-c-adaptersaet-2\/","url":"https:\/\/www.homewizard.com\/da\/butik\/usb-c-adaptersaet-2\/","name":"Brug for et adapters\u00e6t til wi-fi P1 Meter? Bestil dit USB-adapters\u00e6t fra HomeWizard her!","isPartOf":{"@id":"https:\/\/www.homewizard.com\/da\/#website"},"primaryImageOfPage":{"@id":"https:\/\/www.homewizard.com\/da\/butik\/usb-c-adaptersaet-2\/#primaryimage"},"image":{"@id":"https:\/\/www.homewizard.com\/da\/butik\/usb-c-adaptersaet-2\/#primaryimage"},"thumbnailUrl":"https:\/\/www.homewizard.com\/wp-content\/uploads\/2022\/08\/USB-C-Adapter-HomeWizard.png","datePublished":"2024-07-30T11:37:25+00:00","dateModified":"2026-04-13T11:34:43+00:00","description":"Bestil din USB-C adapter til P1 Meter her - HomeWizard","breadcrumb":{"@id":"https:\/\/www.homewizard.com\/da\/butik\/usb-c-adaptersaet-2\/#breadcrumb"},"inLanguage":"da-DK","potentialAction":[{"@type":"ReadAction","target":["https:\/\/www.homewizard.com\/da\/butik\/usb-c-adaptersaet-2\/"]}]},{"@type":"ImageObject","inLanguage":"da-DK","@id":"https:\/\/www.homewizard.com\/da\/butik\/usb-c-adaptersaet-2\/#primaryimage","url":"https:\/\/www.homewizard.com\/wp-content\/uploads\/2022\/08\/USB-C-Adapter-HomeWizard.png","contentUrl":"https:\/\/www.homewizard.com\/wp-content\/uploads\/2022\/08\/USB-C-Adapter-HomeWizard.png","width":800,"height":800},{"@type":"BreadcrumbList","@id":"https:\/\/www.homewizard.com\/da\/butik\/usb-c-adaptersaet-2\/#breadcrumb","itemListElement":[{"@type":"ListItem","position":1,"name":"Home","item":"https:\/\/www.homewizard.com\/da\/"},{"@type":"ListItem","position":2,"name":"Butik","item":"https:\/\/www.homewizard.com\/da\/butik\/"},{"@type":"ListItem","position":3,"name":"USB-C adapters\u00e6t"}]},{"@type":"WebSite","@id":"https:\/\/www.homewizard.com\/da\/#website","url":"https:\/\/www.homewizard.com\/da\/","name":"HomeWizard","description":"HomeWizard Energy","publisher":{"@id":"https:\/\/www.homewizard.com\/da\/#organization"},"potentialAction":[{"@type":"SearchAction","target":{"@type":"EntryPoint","urlTemplate":"https:\/\/www.homewizard.com\/da\/?s={search_term_string}"},"query-input":{"@type":"PropertyValueSpecification","valueRequired":true,"valueName":"search_term_string"}}],"inLanguage":"da-DK"},{"@type":"Organization","@id":"https:\/\/www.homewizard.com\/da\/#organization","name":"HomeWizard","url":"https:\/\/www.homewizard.com\/da\/","logo":{"@type":"ImageObject","inLanguage":"da-DK","@id":"https:\/\/www.homewizard.com\/da\/#\/schema\/logo\/image\/","url":"https:\/\/www.homewizard.com\/wp-content\/uploads\/2023\/06\/HomeWizard-icon-on-black.png","contentUrl":"https:\/\/www.homewizard.com\/wp-content\/uploads\/2023\/06\/HomeWizard-icon-on-black.png","width":500,"height":500,"caption":"HomeWizard"},"image":{"@id":"https:\/\/www.homewizard.com\/da\/#\/schema\/logo\/image\/"},"sameAs":["https:\/\/www.facebook.com\/HomeWizardBV\/","https:\/\/x.com\/HomeWizard_NL","https:\/\/www.youtube.com\/HomeWizardBV","https:\/\/www.instagram.com\/homewizardenergy\/"]}]}},"_links":{"self":[{"href":"https:\/\/www.homewizard.com\/da\/wp-json\/wp\/v2\/product\/1101941","targetHints":{"allow":["GET"]}}],"collection":[{"href":"https:\/\/www.homewizard.com\/da\/wp-json\/wp\/v2\/product"}],"about":[{"href":"https:\/\/www.homewizard.com\/da\/wp-json\/wp\/v2\/types\/product"}],"wp:featuredmedia":[{"embeddable":true,"href":"https:\/\/www.homewizard.com\/da\/wp-json\/wp\/v2\/media\/653860"}],"wp:attachment":[{"href":"https:\/\/www.homewizard.com\/da\/wp-json\/wp\/v2\/media?parent=1101941"}],"wp:term":[{"taxonomy":"product_brand","embeddable":true,"href":"https:\/\/www.homewizard.com\/da\/wp-json\/wp\/v2\/product_brand?post=1101941"},{"taxonomy":"product_cat","embeddable":true,"href":"https:\/\/www.homewizard.com\/da\/wp-json\/wp\/v2\/product_cat?post=1101941"},{"taxonomy":"product_tag","embeddable":true,"href":"https:\/\/www.homewizard.com\/da\/wp-json\/wp\/v2\/product_tag?post=1101941"}],"curies":[{"name":"wp","href":"https:\/\/api.w.org\/{rel}","templated":true}]}}