{"id":543046,"date":"2024-01-08T16:50:27","date_gmt":"2024-01-08T15:50:27","guid":{"rendered":"https:\/\/www.homewizard.com\/om\/"},"modified":"2024-01-18T15:34:27","modified_gmt":"2024-01-18T14:34:27","slug":"om","status":"publish","type":"page","link":"https:\/\/www.homewizard.com\/da\/om\/","title":{"rendered":"Om os"},"content":{"rendered":"<div class=\"contained_page wp-block-group eplus-wrapper eplus-styles-uid-b2c051\"><div class=\"wp-block-group__inner-container is-layout-constrained wp-block-group-is-layout-constrained\"><div class=\"wp-block-group eplus-wrapper eplus-styles-uid-c936c6\"><div class=\"wp-block-group__inner-container is-layout-constrained wp-block-group-is-layout-constrained\"><div class=\"wp-block-columns eplus-wrapper is-layout-flex wp-container-core-columns-is-layout-9d6595d7 wp-block-columns-is-layout-flex eplus-styles-uid-323d14\"><div class=\"wp-block-column is-vertically-aligned-center eplus-wrapper is-layout-flow wp-block-column-is-layout-flow eplus-styles-uid-d03e46\" style=\"flex-basis:66.66%\">\n<h1 class=\" wp-block-heading eplus-wrapper\">Om os<\/h1>\n\n\n\n<p class=\" eplus-wrapper\">HomeWizard er <em>den<\/em> virksomhed, der giver husholdninger indsigt i deres el-, vand- og gasforbrug. Med vores praktiske wi-fi-m\u00e5lere kan brugere overv\u00e5ge deres energiforbrug og deres solproduktion. Vi vil g\u00f8re folk opm\u00e6rksomme p\u00e5 deres energiforbrug og hj\u00e6lpe dem til at spare p\u00e5 energien. Det er ikke bare godt for din tegnebog men ogs\u00e5 for verden.<\/p>\n<\/div>\n\n\n<div class=\"wp-block-column eplus-wrapper is-layout-flow wp-block-column-is-layout-flow\" style=\"flex-basis:33.33%\"><div class=\"wp-block-image \">\n<figure class=\"aligncenter size-full eplus-wrapper\"><img loading=\"lazy\" decoding=\"async\" width=\"425\" height=\"425\" src=\"https:\/\/www.homewizard.com\/wp-content\/uploads\/2023\/10\/about-us-green.png\" alt=\"\" class=\"wp-image-466523\" srcset=\"https:\/\/www.homewizard.com\/wp-content\/uploads\/2023\/10\/about-us-green.png 425w, https:\/\/www.homewizard.com\/wp-content\/uploads\/2023\/10\/about-us-green-124x124.png 124w, https:\/\/www.homewizard.com\/wp-content\/uploads\/2023\/10\/about-us-green-300x300.png 300w, https:\/\/www.homewizard.com\/wp-content\/uploads\/2023\/10\/about-us-green-150x150.png 150w, https:\/\/www.homewizard.com\/wp-content\/uploads\/2023\/10\/about-us-green-400x400.png 400w\" sizes=\"auto, (max-width: 425px) 100vw, 425px\" \/><\/figure>\n<\/div><\/div>\n<\/div>\n\n\n<h2 class=\" wp-block-heading eplus-wrapper\">Fokus p\u00e5 energi<\/h2>\n\n\n\n<p class=\" eplus-wrapper\">Vi startede i Noordwijk i Holland i 2011 som en leverand\u00f8r af hjemmeautomatisering og smart k\u00f8kkenudstyr. I starten af 2021 gennemgik vi en stor forandring, da en kollega sagde &#8220;Burde vi ikke lave noget nyttigt i stedet for en air fryer med en app?&#8221; Og det blev starten p\u00e5 HomeWizard, som du kender os nu; med fokus p\u00e5 energi.<\/p>\n\n\n<div class=\"wp-block-columns eplus-wrapper is-layout-flex wp-container-core-columns-is-layout-9d6595d7 wp-block-columns-is-layout-flex eplus-styles-uid-505d2a\">\n<div class=\"wp-block-column eplus-wrapper is-layout-flow wp-block-column-is-layout-flow\" style=\"flex-basis:33.33%\"><div class=\"wp-block-image \">\n<figure class=\"aligncenter size-medium eplus-wrapper\"><img loading=\"lazy\" decoding=\"async\" width=\"300\" height=\"300\" src=\"https:\/\/www.homewizard.com\/wp-content\/uploads\/2023\/10\/conscious-world-energy-purple-300x300.png\" alt=\"\" class=\"wp-image-466541\" srcset=\"https:\/\/www.homewizard.com\/wp-content\/uploads\/2023\/10\/conscious-world-energy-purple-300x300.png 300w, https:\/\/www.homewizard.com\/wp-content\/uploads\/2023\/10\/conscious-world-energy-purple-124x124.png 124w, https:\/\/www.homewizard.com\/wp-content\/uploads\/2023\/10\/conscious-world-energy-purple-150x150.png 150w\" sizes=\"auto, (max-width: 300px) 100vw, 300px\" \/><\/figure>\n<\/div><\/div>\n\n\n\n<div class=\"wp-block-column is-vertically-aligned-center eplus-wrapper is-layout-flow wp-block-column-is-layout-flow\" style=\"flex-basis:66.66%\">\n<h2 class=\" wp-block-heading eplus-wrapper\"><strong>En bevidst verden<\/strong><\/h2>\n\n\n\n<p class=\" eplus-wrapper\">Med HomeWizard-produkter f\u00e5r du indsigt i dit energiforbrug og de tilknyttede omkostninger. Fordi du bliver opm\u00e6rksom p\u00e5 m\u00e6ngden, du forbruger, vil du t\u00e6nke mere p\u00e5 m\u00e6ngden af gas, el og vand, du bruger. S\u00e5dan vil vi arbejde mod en <a href=\"https:\/\/www.homewizard.com\/da\/baeredygtighed\/\">bevidst verden<\/a> sammen.<\/p>\n<\/div>\n<\/div>\n\n\n<h2 class=\" wp-block-heading eplus-wrapper\"><strong>Vi g\u00f8r alting selv<\/strong><\/h2>\n\n\n<p class=\" eplus-wrapper eplus-styles-uid-2e1be5\">Vi udvikler vores software og hardware fra bunden, og det er unikt i Holland. Alle vores produkter er udt\u00e6nkt, designede, testede og lanceret fra vores kontor i Noordwijk. Og naturligvis g\u00f8r vi dette med de bedste kolleger. Vores produkter er til at betale og nemme at bruge, uanset din livssituation eller din alder. Selv din bedstemor eller bedstefar kan installere og bruge dem. Og frem for alt er vi fuldst\u00e6ndigt uafh\u00e6ngige. Det betyder, at du kan bruge vores produkter, uanset hvilken energileverand\u00f8r, du bruger. Vi er der for alle.<\/p>\n\n<div class=\"flex-column-reverse wp-block-columns are-vertically-aligned-center eplus-wrapper is-layout-flex wp-container-core-columns-is-layout-9d6595d7 wp-block-columns-is-layout-flex eplus-styles-uid-2d0a35\">\n<div class=\"wp-block-column is-vertically-aligned-center eplus-wrapper is-layout-flow wp-block-column-is-layout-flow\" style=\"flex-basis:66.66%\">\n<h2 class=\" wp-block-heading eplus-wrapper\"><strong>Wizard-klubben<\/strong><\/h2>\n\n\n\n<p class=\" eplus-wrapper\">HomeWizard er stedet, hvor passion for software, hardware og energi m\u00f8des. Det er et sted, hvor alle respekteres og hvor folk griner. Hvis du bliver en del af vores Wizard-klub, bliver du her sandsynligvis i \u00e5revis. Hvis du kan lide spil, bordtennis eller film og TV-serier, kommer du ikke til at kede dig ved vores frokostbord! Bare du ikke har noget imod, at du vinder lidt mere &#8220;dig&#8221; at holde af, med alle de fantastiske snacks, vi kan spise og drikke ind imellem.<\/p>\n\n\n\n<p class=\" eplus-wrapper\">Vi f\u00e5r n\u00e6sten ikke nogen e-mails. Vi kommunikerer via chat eller bes\u00f8ger hinandens skriveborde. Vi stoler p\u00e5 hinanden og g\u00f8r en forskel. Vi er innovative, og <em>sammen<\/em> bygger vi en verden i hvilken vi bruger vores energi bevidst.<\/p>\n<\/div>\n\n\n\n<div class=\"wp-block-column is-vertically-aligned-center eplus-wrapper is-layout-flow wp-block-column-is-layout-flow\" style=\"flex-basis:33.33%\"><div class=\"wp-block-image \">\n<figure class=\"aligncenter size-medium eplus-wrapper\"><img loading=\"lazy\" decoding=\"async\" width=\"300\" height=\"300\" src=\"https:\/\/www.homewizard.com\/wp-content\/uploads\/2023\/10\/wizard-club-blue-300x300.png\" alt=\"\" class=\"wp-image-466553\" srcset=\"https:\/\/www.homewizard.com\/wp-content\/uploads\/2023\/10\/wizard-club-blue-300x300.png 300w, https:\/\/www.homewizard.com\/wp-content\/uploads\/2023\/10\/wizard-club-blue-124x124.png 124w, https:\/\/www.homewizard.com\/wp-content\/uploads\/2023\/10\/wizard-club-blue-150x150.png 150w\" sizes=\"auto, (max-width: 300px) 100vw, 300px\" \/><\/figure>\n<\/div><\/div>\n<\/div>\n\n\n<h2 class=\" wp-block-heading eplus-wrapper\"><strong>Kontakte oss<\/strong><\/h2>\n\n\n<p class=\" eplus-wrapper eplus-styles-uid-2e1be5\">HomeWizard holder til i Noordwijk i Holland. Vi hjelper deg gjerne mandag til fredag fra kl. 09:00 til 17:30. Hvis du har sp\u00f8rsm\u00e5l om produktene v\u00e5re, kan du <a href=\"https:\/\/www.homewizard.com\/da\/kontakt\/\">kontakte oss<\/a> n\u00e5r som helst. Du f\u00e5r vanligvis svar i l\u00f8pet av <strong>\u00e9n virkedag<\/strong>.<\/p><\/div><\/div><\/div><\/div>","protected":false},"excerpt":{"rendered":"<p>Om os HomeWizard er den virksomhed, der giver husholdninger indsigt i deres el-, vand- og gasforbrug. Med vores praktiske wi-fi-m\u00e5lere kan brugere overv\u00e5ge deres energiforbrug og deres solproduktion. Vi vil g\u00f8re folk opm\u00e6rksomme p\u00e5 deres energiforbrug og hj\u00e6lpe dem til at spare p\u00e5 energien. Det er ikke bare godt for din tegnebog men ogs\u00e5 for&hellip;<\/p>\n","protected":false},"author":544392,"featured_media":0,"parent":0,"menu_order":0,"comment_status":"closed","ping_status":"closed","template":"","meta":{"_acf_changed":false,"editor_plus_copied_stylings":"{}","footnotes":""},"class_list":["post-543046","page","type-page","status-publish","hentry"],"acf":[],"yoast_head":"<!-- This site is optimized with the Yoast SEO plugin v27.0 - https:\/\/yoast.com\/product\/yoast-seo-wordpress\/ -->\n<title>Om os - HomeWizard<\/title>\n<meta name=\"description\" content=\"HomeWizard startede i Holland som en leverand\u00f8r af hjemmeautomatisering og smart k\u00f8kkenudstyr. Nu hj\u00e6lper vi folk med at spare energi og omkostninger.\" \/>\n<meta name=\"robots\" content=\"index, follow, max-snippet:-1, max-image-preview:large, max-video-preview:-1\" \/>\n<link rel=\"canonical\" href=\"https:\/\/www.homewizard.com\/da\/om\/\" \/>\n<meta property=\"og:locale\" content=\"da_DK\" \/>\n<meta property=\"og:type\" content=\"article\" \/>\n<meta property=\"og:title\" content=\"Om os - HomeWizard\" \/>\n<meta property=\"og:description\" content=\"HomeWizard startede i Holland som en leverand\u00f8r af hjemmeautomatisering og smart k\u00f8kkenudstyr. Nu hj\u00e6lper vi folk med at spare energi og omkostninger.\" \/>\n<meta property=\"og:url\" content=\"https:\/\/www.homewizard.com\/da\/om\/\" \/>\n<meta property=\"og:site_name\" content=\"HomeWizard\" \/>\n<meta property=\"article:publisher\" content=\"https:\/\/www.facebook.com\/HomeWizardBV\/\" \/>\n<meta property=\"article:modified_time\" content=\"2024-01-18T14:34:27+00:00\" \/>\n<meta property=\"og:image\" content=\"https:\/\/www.homewizard.com\/wp-content\/uploads\/2023\/10\/about-us-green.png\" \/>\n<meta name=\"twitter:card\" content=\"summary_large_image\" \/>\n<meta name=\"twitter:site\" content=\"@HomeWizard_NL\" \/>\n<meta name=\"twitter:label1\" content=\"Estimeret l\u00e6setid\" \/>\n\t<meta name=\"twitter:data1\" content=\"2 minutter\" \/>\n<script type=\"application\/ld+json\" class=\"yoast-schema-graph\">{\"@context\":\"https:\/\/schema.org\",\"@graph\":[{\"@type\":\"WebPage\",\"@id\":\"https:\/\/www.homewizard.com\/da\/om\/\",\"url\":\"https:\/\/www.homewizard.com\/da\/om\/\",\"name\":\"Om os - HomeWizard\",\"isPartOf\":{\"@id\":\"https:\/\/www.homewizard.com\/da\/#website\"},\"primaryImageOfPage\":{\"@id\":\"https:\/\/www.homewizard.com\/da\/om\/#primaryimage\"},\"image\":{\"@id\":\"https:\/\/www.homewizard.com\/da\/om\/#primaryimage\"},\"thumbnailUrl\":\"https:\/\/www.homewizard.com\/wp-content\/uploads\/2023\/10\/about-us-green.png\",\"datePublished\":\"2024-01-08T15:50:27+00:00\",\"dateModified\":\"2024-01-18T14:34:27+00:00\",\"description\":\"HomeWizard startede i Holland som en leverand\u00f8r af hjemmeautomatisering og smart k\u00f8kkenudstyr. Nu hj\u00e6lper vi folk med at spare energi og omkostninger.\",\"breadcrumb\":{\"@id\":\"https:\/\/www.homewizard.com\/da\/om\/#breadcrumb\"},\"inLanguage\":\"da-DK\",\"potentialAction\":[{\"@type\":\"ReadAction\",\"target\":[\"https:\/\/www.homewizard.com\/da\/om\/\"]}]},{\"@type\":\"ImageObject\",\"inLanguage\":\"da-DK\",\"@id\":\"https:\/\/www.homewizard.com\/da\/om\/#primaryimage\",\"url\":\"https:\/\/www.homewizard.com\/wp-content\/uploads\/2023\/10\/about-us-green.png\",\"contentUrl\":\"https:\/\/www.homewizard.com\/wp-content\/uploads\/2023\/10\/about-us-green.png\"},{\"@type\":\"BreadcrumbList\",\"@id\":\"https:\/\/www.homewizard.com\/da\/om\/#breadcrumb\",\"itemListElement\":[{\"@type\":\"ListItem\",\"position\":1,\"name\":\"Home\",\"item\":\"https:\/\/www.homewizard.com\/da\/\"},{\"@type\":\"ListItem\",\"position\":2,\"name\":\"Om os\"}]},{\"@type\":\"WebSite\",\"@id\":\"https:\/\/www.homewizard.com\/da\/#website\",\"url\":\"https:\/\/www.homewizard.com\/da\/\",\"name\":\"HomeWizard\",\"description\":\"HomeWizard Energy\",\"publisher\":{\"@id\":\"https:\/\/www.homewizard.com\/da\/#organization\"},\"potentialAction\":[{\"@type\":\"SearchAction\",\"target\":{\"@type\":\"EntryPoint\",\"urlTemplate\":\"https:\/\/www.homewizard.com\/da\/?s={search_term_string}\"},\"query-input\":{\"@type\":\"PropertyValueSpecification\",\"valueRequired\":true,\"valueName\":\"search_term_string\"}}],\"inLanguage\":\"da-DK\"},{\"@type\":\"Organization\",\"@id\":\"https:\/\/www.homewizard.com\/da\/#organization\",\"name\":\"HomeWizard\",\"url\":\"https:\/\/www.homewizard.com\/da\/\",\"logo\":{\"@type\":\"ImageObject\",\"inLanguage\":\"da-DK\",\"@id\":\"https:\/\/www.homewizard.com\/da\/#\/schema\/logo\/image\/\",\"url\":\"https:\/\/www.homewizard.com\/wp-content\/uploads\/2023\/06\/HomeWizard-icon-on-black.png\",\"contentUrl\":\"https:\/\/www.homewizard.com\/wp-content\/uploads\/2023\/06\/HomeWizard-icon-on-black.png\",\"width\":500,\"height\":500,\"caption\":\"HomeWizard\"},\"image\":{\"@id\":\"https:\/\/www.homewizard.com\/da\/#\/schema\/logo\/image\/\"},\"sameAs\":[\"https:\/\/www.facebook.com\/HomeWizardBV\/\",\"https:\/\/x.com\/HomeWizard_NL\",\"https:\/\/www.youtube.com\/HomeWizardBV\",\"https:\/\/www.instagram.com\/homewizardenergy\/\"]}]}<\/script>\n<!-- \/ Yoast SEO plugin. -->","yoast_head_json":{"title":"Om os - HomeWizard","description":"HomeWizard startede i Holland som en leverand\u00f8r af hjemmeautomatisering og smart k\u00f8kkenudstyr. Nu hj\u00e6lper vi folk med at spare energi og omkostninger.","robots":{"index":"index","follow":"follow","max-snippet":"max-snippet:-1","max-image-preview":"max-image-preview:large","max-video-preview":"max-video-preview:-1"},"canonical":"https:\/\/www.homewizard.com\/da\/om\/","og_locale":"da_DK","og_type":"article","og_title":"Om os - HomeWizard","og_description":"HomeWizard startede i Holland som en leverand\u00f8r af hjemmeautomatisering og smart k\u00f8kkenudstyr. Nu hj\u00e6lper vi folk med at spare energi og omkostninger.","og_url":"https:\/\/www.homewizard.com\/da\/om\/","og_site_name":"HomeWizard","article_publisher":"https:\/\/www.facebook.com\/HomeWizardBV\/","article_modified_time":"2024-01-18T14:34:27+00:00","og_image":[{"url":"https:\/\/www.homewizard.com\/wp-content\/uploads\/2023\/10\/about-us-green.png","type":"","width":"","height":""}],"twitter_card":"summary_large_image","twitter_site":"@HomeWizard_NL","twitter_misc":{"Estimeret l\u00e6setid":"2 minutter"},"schema":{"@context":"https:\/\/schema.org","@graph":[{"@type":"WebPage","@id":"https:\/\/www.homewizard.com\/da\/om\/","url":"https:\/\/www.homewizard.com\/da\/om\/","name":"Om os - HomeWizard","isPartOf":{"@id":"https:\/\/www.homewizard.com\/da\/#website"},"primaryImageOfPage":{"@id":"https:\/\/www.homewizard.com\/da\/om\/#primaryimage"},"image":{"@id":"https:\/\/www.homewizard.com\/da\/om\/#primaryimage"},"thumbnailUrl":"https:\/\/www.homewizard.com\/wp-content\/uploads\/2023\/10\/about-us-green.png","datePublished":"2024-01-08T15:50:27+00:00","dateModified":"2024-01-18T14:34:27+00:00","description":"HomeWizard startede i Holland som en leverand\u00f8r af hjemmeautomatisering og smart k\u00f8kkenudstyr. Nu hj\u00e6lper vi folk med at spare energi og omkostninger.","breadcrumb":{"@id":"https:\/\/www.homewizard.com\/da\/om\/#breadcrumb"},"inLanguage":"da-DK","potentialAction":[{"@type":"ReadAction","target":["https:\/\/www.homewizard.com\/da\/om\/"]}]},{"@type":"ImageObject","inLanguage":"da-DK","@id":"https:\/\/www.homewizard.com\/da\/om\/#primaryimage","url":"https:\/\/www.homewizard.com\/wp-content\/uploads\/2023\/10\/about-us-green.png","contentUrl":"https:\/\/www.homewizard.com\/wp-content\/uploads\/2023\/10\/about-us-green.png"},{"@type":"BreadcrumbList","@id":"https:\/\/www.homewizard.com\/da\/om\/#breadcrumb","itemListElement":[{"@type":"ListItem","position":1,"name":"Home","item":"https:\/\/www.homewizard.com\/da\/"},{"@type":"ListItem","position":2,"name":"Om os"}]},{"@type":"WebSite","@id":"https:\/\/www.homewizard.com\/da\/#website","url":"https:\/\/www.homewizard.com\/da\/","name":"HomeWizard","description":"HomeWizard Energy","publisher":{"@id":"https:\/\/www.homewizard.com\/da\/#organization"},"potentialAction":[{"@type":"SearchAction","target":{"@type":"EntryPoint","urlTemplate":"https:\/\/www.homewizard.com\/da\/?s={search_term_string}"},"query-input":{"@type":"PropertyValueSpecification","valueRequired":true,"valueName":"search_term_string"}}],"inLanguage":"da-DK"},{"@type":"Organization","@id":"https:\/\/www.homewizard.com\/da\/#organization","name":"HomeWizard","url":"https:\/\/www.homewizard.com\/da\/","logo":{"@type":"ImageObject","inLanguage":"da-DK","@id":"https:\/\/www.homewizard.com\/da\/#\/schema\/logo\/image\/","url":"https:\/\/www.homewizard.com\/wp-content\/uploads\/2023\/06\/HomeWizard-icon-on-black.png","contentUrl":"https:\/\/www.homewizard.com\/wp-content\/uploads\/2023\/06\/HomeWizard-icon-on-black.png","width":500,"height":500,"caption":"HomeWizard"},"image":{"@id":"https:\/\/www.homewizard.com\/da\/#\/schema\/logo\/image\/"},"sameAs":["https:\/\/www.facebook.com\/HomeWizardBV\/","https:\/\/x.com\/HomeWizard_NL","https:\/\/www.youtube.com\/HomeWizardBV","https:\/\/www.instagram.com\/homewizardenergy\/"]}]}},"_links":{"self":[{"href":"https:\/\/www.homewizard.com\/da\/wp-json\/wp\/v2\/pages\/543046","targetHints":{"allow":["GET"]}}],"collection":[{"href":"https:\/\/www.homewizard.com\/da\/wp-json\/wp\/v2\/pages"}],"about":[{"href":"https:\/\/www.homewizard.com\/da\/wp-json\/wp\/v2\/types\/page"}],"author":[{"embeddable":true,"href":"https:\/\/www.homewizard.com\/da\/wp-json\/wp\/v2\/users\/544392"}],"replies":[{"embeddable":true,"href":"https:\/\/www.homewizard.com\/da\/wp-json\/wp\/v2\/comments?post=543046"}],"version-history":[{"count":2,"href":"https:\/\/www.homewizard.com\/da\/wp-json\/wp\/v2\/pages\/543046\/revisions"}],"predecessor-version":[{"id":552908,"href":"https:\/\/www.homewizard.com\/da\/wp-json\/wp\/v2\/pages\/543046\/revisions\/552908"}],"wp:attachment":[{"href":"https:\/\/www.homewizard.com\/da\/wp-json\/wp\/v2\/media?parent=543046"}],"curies":[{"name":"wp","href":"https:\/\/api.w.org\/{rel}","templated":true}]}}