{"id":542982,"date":"2024-01-08T16:50:01","date_gmt":"2024-01-08T15:50:01","guid":{"rendered":"https:\/\/www.homewizard.com\/baeredygtighed\/"},"modified":"2024-01-08T16:50:17","modified_gmt":"2024-01-08T15:50:17","slug":"baeredygtighed","status":"publish","type":"page","link":"https:\/\/www.homewizard.com\/da\/baeredygtighed\/","title":{"rendered":"B\u00e6redygtighed"},"content":{"rendered":"<div class=\"contained_page wp-block-group eplus-wrapper eplus-styles-uid-107fe9\"><div class=\"wp-block-group__inner-container is-layout-constrained wp-block-group-is-layout-constrained\"><div class=\"column_reverse wp-block-columns eplus-wrapper is-layout-flex wp-container-core-columns-is-layout-9d6595d7 wp-block-columns-is-layout-flex eplus-styles-uid-3ea3c8\">\n<div class=\"wp-block-column eplus-wrapper is-layout-flow wp-block-column-is-layout-flow\" style=\"flex-basis:33.33%\"><div class=\"wp-block-image \">\n<figure class=\"aligncenter size-full eplus-wrapper\"><img loading=\"lazy\" decoding=\"async\" width=\"425\" height=\"425\" src=\"https:\/\/www.homewizard.com\/wp-content\/uploads\/2023\/10\/conscious-world-dgreen.png\" alt=\"\" class=\"wp-image-466467\" srcset=\"https:\/\/www.homewizard.com\/wp-content\/uploads\/2023\/10\/conscious-world-dgreen.png 425w, https:\/\/www.homewizard.com\/wp-content\/uploads\/2023\/10\/conscious-world-dgreen-124x124.png 124w, https:\/\/www.homewizard.com\/wp-content\/uploads\/2023\/10\/conscious-world-dgreen-300x300.png 300w, https:\/\/www.homewizard.com\/wp-content\/uploads\/2023\/10\/conscious-world-dgreen-150x150.png 150w, https:\/\/www.homewizard.com\/wp-content\/uploads\/2023\/10\/conscious-world-dgreen-400x400.png 400w\" sizes=\"auto, (max-width: 425px) 100vw, 425px\" \/><\/figure>\n<\/div><\/div>\n\n\n\n<div class=\"wp-block-column is-vertically-aligned-center eplus-wrapper is-layout-flow wp-block-column-is-layout-flow\" style=\"flex-basis:66.66%\">\n<h1 class=\" wp-block-heading eplus-wrapper\"><strong>En bevidst verden<\/strong><\/h1>\n\n\n\n<p class=\" eplus-wrapper\">Med HomeWizard-produkter bliver vores brugere opm\u00e6rksomme p\u00e5 deres energiforbrug og de tilknyttede omkostninger. Med adf\u00e6rdsdesign sparer du ikke bare p\u00e5 energiomkostningerne, men vi kan arbejde sammen mod en bevidst verden. <\/p>\n\n\n\n<p class=\" eplus-wrapper\">Vi ved allesammen, at vores energikilder ikke er uendelige, og vi bem\u00e6rker i stigende grad konsekvensen af deres brug. Hos HomeWizard forst\u00e5r vi, at vi ikke bare kan blive ved med at g\u00f8re alt uden at t\u00e6nke over konsekvenserne for vores verden. Og selvom vi ikke er perfekte, tror vi, det er vigtigt, at vi alle bruger vores energikilder sparsomt. Dette er muligt ved at bruge vores produkter. Og derfor skaber vi en bedre verden sammen. En husholdning ad gangen.<\/p>\n<\/div>\n<\/div>\n\n<div class=\"flex-column-reverse wp-block-columns eplus-wrapper is-layout-flex wp-container-core-columns-is-layout-9d6595d7 wp-block-columns-is-layout-flex eplus-styles-uid-6729f9\">\n<div class=\"wp-block-column is-vertically-aligned-center eplus-wrapper is-layout-flow wp-block-column-is-layout-flow\" style=\"flex-basis:66.66%\">\n<h2 class=\" wp-block-heading eplus-wrapper\"><strong>Forbruget af vores produkter<\/strong><\/h2>\n\n\n\n<p class=\" eplus-wrapper\">Eftersom vores produkter hj\u00e6lper dig til at spare energi, mener vi, at det er vigtigt, at de ikke selv forbruger un\u00f8dig energi. Derfor bruger vores produkter kun 1 watt. Selv vores Energy Display bruger 1 watt i standby-tilstand og t\u00e6nder kun, n\u00e5r bev\u00e6gelsessensoren registrerer bev\u00e6gelse. <\/p>\n<\/div>\n\n\n\n<div class=\"wp-block-column eplus-wrapper is-layout-flow wp-block-column-is-layout-flow\" style=\"flex-basis:33.33%\"><div class=\"wp-block-image \">\n<figure class=\"aligncenter size-medium eplus-wrapper\"><img loading=\"lazy\" decoding=\"async\" width=\"300\" height=\"300\" src=\"https:\/\/www.homewizard.com\/wp-content\/uploads\/2023\/10\/consumption-products-blue-300x300.png\" alt=\"\" class=\"wp-image-466394\" srcset=\"https:\/\/www.homewizard.com\/wp-content\/uploads\/2023\/10\/consumption-products-blue-300x300.png 300w, https:\/\/www.homewizard.com\/wp-content\/uploads\/2023\/10\/consumption-products-blue-124x124.png 124w, https:\/\/www.homewizard.com\/wp-content\/uploads\/2023\/10\/consumption-products-blue-150x150.png 150w\" sizes=\"auto, (max-width: 300px) 100vw, 300px\" \/><\/figure>\n<\/div><\/div>\n<\/div>\n\n<div class=\"wp-block-columns eplus-wrapper is-layout-flex wp-container-core-columns-is-layout-9d6595d7 wp-block-columns-is-layout-flex eplus-styles-uid-e756c7\">\n<div class=\"wp-block-column is-vertically-aligned-bottom eplus-wrapper is-layout-flow wp-block-column-is-layout-flow\" style=\"flex-basis:33.33%\"><div class=\"wp-block-image \">\n<figure class=\"aligncenter size-medium eplus-wrapper\"><img loading=\"lazy\" decoding=\"async\" width=\"300\" height=\"300\" src=\"https:\/\/www.homewizard.com\/wp-content\/uploads\/2023\/10\/transport-products-blue-300x300.png\" alt=\"\" class=\"wp-image-466363\" srcset=\"https:\/\/www.homewizard.com\/wp-content\/uploads\/2023\/10\/transport-products-blue-300x300.png 300w, https:\/\/www.homewizard.com\/wp-content\/uploads\/2023\/10\/transport-products-blue-124x124.png 124w, https:\/\/www.homewizard.com\/wp-content\/uploads\/2023\/10\/transport-products-blue-150x150.png 150w\" sizes=\"auto, (max-width: 300px) 100vw, 300px\" \/><\/figure>\n<\/div><\/div>\n\n\n\n<div class=\"wp-block-column is-vertically-aligned-top eplus-wrapper is-layout-flow wp-block-column-is-layout-flow\" style=\"flex-basis:66.66%\">\n<h2 class=\" wp-block-heading eplus-wrapper\"><strong>Emballage og transport<\/strong><\/h2>\n\n\n\n<p class=\" eplus-wrapper\">I slutningen af 2022 sagde vi farvel til vores skumfyld i produktemballage og erstattede det med papir. Det betyder, at al vores emballage er lavet af helt genbrugt og udstanset papir. Desuden s\u00f8rger vi for, at vi bringer vores produkter ud til vores kunder p\u00e5 s\u00e5 f\u00e5 kilometer som muligt. Vores post- og pakkeleverand\u00f8rer transporterer CO2-neutralt. Efter produktionen kommer produkterne til Holland. I de fleste tilf\u00e6lde k\u00f8ber vi den resterende plads i en skibscontainer, s\u00e5 fragtskibet ikke un\u00f8digt transporterer luft.<\/p>\n<\/div>\n<\/div>\n\n<div class=\"flex-column-reverse wp-block-columns eplus-wrapper is-layout-flex wp-container-core-columns-is-layout-9d6595d7 wp-block-columns-is-layout-flex eplus-styles-uid-8eeced\">\n<div class=\"wp-block-column eplus-wrapper is-layout-flow wp-block-column-is-layout-flow\" style=\"flex-basis:66.66%\">\n<h2 class=\" wp-block-heading eplus-wrapper\"><strong>JustDiggit<\/strong><\/h2>\n\n\n\n<p class=\" eplus-wrapper\">JustDiggit er engageret i at nedk\u00f8le planeten og g\u00f8re den gr\u00f8n igen ved at grave &#8220;bunds&#8221; i Tanzania og s\u00e5 fr\u00f8 i dem. En bund er en halvcirkel, som er gravet ud i jorden, s\u00e5dan at regnvand kan blive holdt tilbage i stedet for at skylle v\u00e6k. P\u00e5 den m\u00e5de kan vand langsomt synke ned i den t\u00f8rre jord, hvilket g\u00f8r det muligt for fr\u00f8 i jorden at gro og blive til afgr\u00f8der. Takket v\u00e6re dette, bliver det levende milj\u00f8 langsomt gr\u00f8nnere og k\u00f8ligere. For at hj\u00e6lpe JustDiggit med at g\u00f8re planeten gr\u00f8nnere og sundere, har HomeWizard doneret 500 bunds i 2023.<\/p>\n<\/div>\n\n\n\n<div class=\"wp-block-column is-vertically-aligned-bottom eplus-wrapper is-layout-flow wp-block-column-is-layout-flow\" style=\"flex-basis:33.33%\"><div class=\"wp-block-image \">\n<figure class=\"aligncenter size-medium eplus-wrapper\"><img loading=\"lazy\" decoding=\"async\" width=\"300\" height=\"300\" src=\"https:\/\/www.homewizard.com\/wp-content\/uploads\/2023\/10\/500-bunds-beige-300x300.png\" alt=\"\" class=\"wp-image-466378\" srcset=\"https:\/\/www.homewizard.com\/wp-content\/uploads\/2023\/10\/500-bunds-beige-300x300.png 300w, https:\/\/www.homewizard.com\/wp-content\/uploads\/2023\/10\/500-bunds-beige-124x124.png 124w, https:\/\/www.homewizard.com\/wp-content\/uploads\/2023\/10\/500-bunds-beige-150x150.png 150w\" sizes=\"auto, (max-width: 300px) 100vw, 300px\" \/><\/figure>\n<\/div><\/div>\n<\/div><\/div><\/div>","protected":false},"excerpt":{"rendered":"<p>En bevidst verden Med HomeWizard-produkter bliver vores brugere opm\u00e6rksomme p\u00e5 deres energiforbrug og de tilknyttede omkostninger. Med adf\u00e6rdsdesign sparer du ikke bare p\u00e5 energiomkostningerne, men vi kan arbejde sammen mod en bevidst verden. Vi ved allesammen, at vores energikilder ikke er uendelige, og vi bem\u00e6rker i stigende grad konsekvensen af deres brug. Hos HomeWizard forst\u00e5r&hellip;<\/p>\n","protected":false},"author":544392,"featured_media":0,"parent":0,"menu_order":0,"comment_status":"closed","ping_status":"closed","template":"","meta":{"_acf_changed":false,"editor_plus_copied_stylings":"{}","footnotes":""},"class_list":["post-542982","page","type-page","status-publish","hentry"],"acf":[],"yoast_head":"<!-- This site is optimized with the Yoast SEO plugin v27.0 - https:\/\/yoast.com\/product\/yoast-seo-wordpress\/ -->\n<title>B\u00e6redygtighed - HomeWizard<\/title>\n<meta name=\"description\" content=\"Hos HomeWizard forst\u00e5r vi, at vi ikke bare kan blive ved med at g\u00f8re alt uden at t\u00e6nke over konsekvenserne for verden. Det er vigtigt at bruge .\" \/>\n<meta name=\"robots\" content=\"index, follow, max-snippet:-1, max-image-preview:large, max-video-preview:-1\" \/>\n<link rel=\"canonical\" href=\"https:\/\/www.homewizard.com\/da\/baeredygtighed\/\" \/>\n<meta property=\"og:locale\" content=\"da_DK\" \/>\n<meta property=\"og:type\" content=\"article\" \/>\n<meta property=\"og:title\" content=\"B\u00e6redygtighed - HomeWizard\" \/>\n<meta property=\"og:description\" content=\"Hos HomeWizard forst\u00e5r vi, at vi ikke bare kan blive ved med at g\u00f8re alt uden at t\u00e6nke over konsekvenserne for verden. Det er vigtigt at bruge .\" \/>\n<meta property=\"og:url\" content=\"https:\/\/www.homewizard.com\/da\/baeredygtighed\/\" \/>\n<meta property=\"og:site_name\" content=\"HomeWizard\" \/>\n<meta property=\"article:publisher\" content=\"https:\/\/www.facebook.com\/HomeWizardBV\/\" \/>\n<meta property=\"article:modified_time\" content=\"2024-01-08T15:50:17+00:00\" \/>\n<meta property=\"og:image\" content=\"https:\/\/www.homewizard.com\/wp-content\/uploads\/2023\/10\/conscious-world-dgreen.png\" \/>\n<meta name=\"twitter:card\" content=\"summary_large_image\" \/>\n<meta name=\"twitter:site\" content=\"@HomeWizard_NL\" \/>\n<meta name=\"twitter:label1\" content=\"Estimeret l\u00e6setid\" \/>\n\t<meta name=\"twitter:data1\" content=\"2 minutter\" \/>\n<script type=\"application\/ld+json\" class=\"yoast-schema-graph\">{\"@context\":\"https:\/\/schema.org\",\"@graph\":[{\"@type\":\"WebPage\",\"@id\":\"https:\/\/www.homewizard.com\/da\/baeredygtighed\/\",\"url\":\"https:\/\/www.homewizard.com\/da\/baeredygtighed\/\",\"name\":\"B\u00e6redygtighed - HomeWizard\",\"isPartOf\":{\"@id\":\"https:\/\/www.homewizard.com\/da\/#website\"},\"primaryImageOfPage\":{\"@id\":\"https:\/\/www.homewizard.com\/da\/baeredygtighed\/#primaryimage\"},\"image\":{\"@id\":\"https:\/\/www.homewizard.com\/da\/baeredygtighed\/#primaryimage\"},\"thumbnailUrl\":\"https:\/\/www.homewizard.com\/wp-content\/uploads\/2023\/10\/conscious-world-dgreen.png\",\"datePublished\":\"2024-01-08T15:50:01+00:00\",\"dateModified\":\"2024-01-08T15:50:17+00:00\",\"description\":\"Hos HomeWizard forst\u00e5r vi, at vi ikke bare kan blive ved med at g\u00f8re alt uden at t\u00e6nke over konsekvenserne for verden. Det er vigtigt at bruge .\",\"breadcrumb\":{\"@id\":\"https:\/\/www.homewizard.com\/da\/baeredygtighed\/#breadcrumb\"},\"inLanguage\":\"da-DK\",\"potentialAction\":[{\"@type\":\"ReadAction\",\"target\":[\"https:\/\/www.homewizard.com\/da\/baeredygtighed\/\"]}]},{\"@type\":\"ImageObject\",\"inLanguage\":\"da-DK\",\"@id\":\"https:\/\/www.homewizard.com\/da\/baeredygtighed\/#primaryimage\",\"url\":\"https:\/\/www.homewizard.com\/wp-content\/uploads\/2023\/10\/conscious-world-dgreen.png\",\"contentUrl\":\"https:\/\/www.homewizard.com\/wp-content\/uploads\/2023\/10\/conscious-world-dgreen.png\"},{\"@type\":\"BreadcrumbList\",\"@id\":\"https:\/\/www.homewizard.com\/da\/baeredygtighed\/#breadcrumb\",\"itemListElement\":[{\"@type\":\"ListItem\",\"position\":1,\"name\":\"Home\",\"item\":\"https:\/\/www.homewizard.com\/da\/\"},{\"@type\":\"ListItem\",\"position\":2,\"name\":\"B\u00e6redygtighed\"}]},{\"@type\":\"WebSite\",\"@id\":\"https:\/\/www.homewizard.com\/da\/#website\",\"url\":\"https:\/\/www.homewizard.com\/da\/\",\"name\":\"HomeWizard\",\"description\":\"HomeWizard Energy\",\"publisher\":{\"@id\":\"https:\/\/www.homewizard.com\/da\/#organization\"},\"potentialAction\":[{\"@type\":\"SearchAction\",\"target\":{\"@type\":\"EntryPoint\",\"urlTemplate\":\"https:\/\/www.homewizard.com\/da\/?s={search_term_string}\"},\"query-input\":{\"@type\":\"PropertyValueSpecification\",\"valueRequired\":true,\"valueName\":\"search_term_string\"}}],\"inLanguage\":\"da-DK\"},{\"@type\":\"Organization\",\"@id\":\"https:\/\/www.homewizard.com\/da\/#organization\",\"name\":\"HomeWizard\",\"url\":\"https:\/\/www.homewizard.com\/da\/\",\"logo\":{\"@type\":\"ImageObject\",\"inLanguage\":\"da-DK\",\"@id\":\"https:\/\/www.homewizard.com\/da\/#\/schema\/logo\/image\/\",\"url\":\"https:\/\/www.homewizard.com\/wp-content\/uploads\/2023\/06\/HomeWizard-icon-on-black.png\",\"contentUrl\":\"https:\/\/www.homewizard.com\/wp-content\/uploads\/2023\/06\/HomeWizard-icon-on-black.png\",\"width\":500,\"height\":500,\"caption\":\"HomeWizard\"},\"image\":{\"@id\":\"https:\/\/www.homewizard.com\/da\/#\/schema\/logo\/image\/\"},\"sameAs\":[\"https:\/\/www.facebook.com\/HomeWizardBV\/\",\"https:\/\/x.com\/HomeWizard_NL\",\"https:\/\/www.youtube.com\/HomeWizardBV\",\"https:\/\/www.instagram.com\/homewizardenergy\/\"]}]}<\/script>\n<!-- \/ Yoast SEO plugin. -->","yoast_head_json":{"title":"B\u00e6redygtighed - HomeWizard","description":"Hos HomeWizard forst\u00e5r vi, at vi ikke bare kan blive ved med at g\u00f8re alt uden at t\u00e6nke over konsekvenserne for verden. Det er vigtigt at bruge .","robots":{"index":"index","follow":"follow","max-snippet":"max-snippet:-1","max-image-preview":"max-image-preview:large","max-video-preview":"max-video-preview:-1"},"canonical":"https:\/\/www.homewizard.com\/da\/baeredygtighed\/","og_locale":"da_DK","og_type":"article","og_title":"B\u00e6redygtighed - HomeWizard","og_description":"Hos HomeWizard forst\u00e5r vi, at vi ikke bare kan blive ved med at g\u00f8re alt uden at t\u00e6nke over konsekvenserne for verden. Det er vigtigt at bruge .","og_url":"https:\/\/www.homewizard.com\/da\/baeredygtighed\/","og_site_name":"HomeWizard","article_publisher":"https:\/\/www.facebook.com\/HomeWizardBV\/","article_modified_time":"2024-01-08T15:50:17+00:00","og_image":[{"url":"https:\/\/www.homewizard.com\/wp-content\/uploads\/2023\/10\/conscious-world-dgreen.png","type":"","width":"","height":""}],"twitter_card":"summary_large_image","twitter_site":"@HomeWizard_NL","twitter_misc":{"Estimeret l\u00e6setid":"2 minutter"},"schema":{"@context":"https:\/\/schema.org","@graph":[{"@type":"WebPage","@id":"https:\/\/www.homewizard.com\/da\/baeredygtighed\/","url":"https:\/\/www.homewizard.com\/da\/baeredygtighed\/","name":"B\u00e6redygtighed - HomeWizard","isPartOf":{"@id":"https:\/\/www.homewizard.com\/da\/#website"},"primaryImageOfPage":{"@id":"https:\/\/www.homewizard.com\/da\/baeredygtighed\/#primaryimage"},"image":{"@id":"https:\/\/www.homewizard.com\/da\/baeredygtighed\/#primaryimage"},"thumbnailUrl":"https:\/\/www.homewizard.com\/wp-content\/uploads\/2023\/10\/conscious-world-dgreen.png","datePublished":"2024-01-08T15:50:01+00:00","dateModified":"2024-01-08T15:50:17+00:00","description":"Hos HomeWizard forst\u00e5r vi, at vi ikke bare kan blive ved med at g\u00f8re alt uden at t\u00e6nke over konsekvenserne for verden. Det er vigtigt at bruge .","breadcrumb":{"@id":"https:\/\/www.homewizard.com\/da\/baeredygtighed\/#breadcrumb"},"inLanguage":"da-DK","potentialAction":[{"@type":"ReadAction","target":["https:\/\/www.homewizard.com\/da\/baeredygtighed\/"]}]},{"@type":"ImageObject","inLanguage":"da-DK","@id":"https:\/\/www.homewizard.com\/da\/baeredygtighed\/#primaryimage","url":"https:\/\/www.homewizard.com\/wp-content\/uploads\/2023\/10\/conscious-world-dgreen.png","contentUrl":"https:\/\/www.homewizard.com\/wp-content\/uploads\/2023\/10\/conscious-world-dgreen.png"},{"@type":"BreadcrumbList","@id":"https:\/\/www.homewizard.com\/da\/baeredygtighed\/#breadcrumb","itemListElement":[{"@type":"ListItem","position":1,"name":"Home","item":"https:\/\/www.homewizard.com\/da\/"},{"@type":"ListItem","position":2,"name":"B\u00e6redygtighed"}]},{"@type":"WebSite","@id":"https:\/\/www.homewizard.com\/da\/#website","url":"https:\/\/www.homewizard.com\/da\/","name":"HomeWizard","description":"HomeWizard Energy","publisher":{"@id":"https:\/\/www.homewizard.com\/da\/#organization"},"potentialAction":[{"@type":"SearchAction","target":{"@type":"EntryPoint","urlTemplate":"https:\/\/www.homewizard.com\/da\/?s={search_term_string}"},"query-input":{"@type":"PropertyValueSpecification","valueRequired":true,"valueName":"search_term_string"}}],"inLanguage":"da-DK"},{"@type":"Organization","@id":"https:\/\/www.homewizard.com\/da\/#organization","name":"HomeWizard","url":"https:\/\/www.homewizard.com\/da\/","logo":{"@type":"ImageObject","inLanguage":"da-DK","@id":"https:\/\/www.homewizard.com\/da\/#\/schema\/logo\/image\/","url":"https:\/\/www.homewizard.com\/wp-content\/uploads\/2023\/06\/HomeWizard-icon-on-black.png","contentUrl":"https:\/\/www.homewizard.com\/wp-content\/uploads\/2023\/06\/HomeWizard-icon-on-black.png","width":500,"height":500,"caption":"HomeWizard"},"image":{"@id":"https:\/\/www.homewizard.com\/da\/#\/schema\/logo\/image\/"},"sameAs":["https:\/\/www.facebook.com\/HomeWizardBV\/","https:\/\/x.com\/HomeWizard_NL","https:\/\/www.youtube.com\/HomeWizardBV","https:\/\/www.instagram.com\/homewizardenergy\/"]}]}},"_links":{"self":[{"href":"https:\/\/www.homewizard.com\/da\/wp-json\/wp\/v2\/pages\/542982","targetHints":{"allow":["GET"]}}],"collection":[{"href":"https:\/\/www.homewizard.com\/da\/wp-json\/wp\/v2\/pages"}],"about":[{"href":"https:\/\/www.homewizard.com\/da\/wp-json\/wp\/v2\/types\/page"}],"author":[{"embeddable":true,"href":"https:\/\/www.homewizard.com\/da\/wp-json\/wp\/v2\/users\/544392"}],"replies":[{"embeddable":true,"href":"https:\/\/www.homewizard.com\/da\/wp-json\/wp\/v2\/comments?post=542982"}],"version-history":[{"count":1,"href":"https:\/\/www.homewizard.com\/da\/wp-json\/wp\/v2\/pages\/542982\/revisions"}],"predecessor-version":[{"id":542987,"href":"https:\/\/www.homewizard.com\/da\/wp-json\/wp\/v2\/pages\/542982\/revisions\/542987"}],"wp:attachment":[{"href":"https:\/\/www.homewizard.com\/da\/wp-json\/wp\/v2\/media?parent=542982"}],"curies":[{"name":"wp","href":"https:\/\/api.w.org\/{rel}","templated":true}]}}