{"id":542974,"date":"2024-01-08T16:49:56","date_gmt":"2024-01-08T15:49:56","guid":{"rendered":"https:\/\/www.homewizard.com\/salgs-og-koebsaftale-spa\/"},"modified":"2024-01-08T16:49:59","modified_gmt":"2024-01-08T15:49:59","slug":"salgs-og-koebsaftale-spa","status":"publish","type":"page","link":"https:\/\/www.homewizard.com\/da\/salgs-og-koebsaftale-spa\/","title":{"rendered":"Salgs og k\u00f8bsaftale (SPA)"},"content":{"rendered":"\n<div class=\"contained_page wp-block-group eplus-wrapper\"><div class=\"wp-block-group__inner-container is-layout-flow wp-block-group-is-layout-flow\">\n<h1 class=\"eplus-wrapper wp-block-heading\" id=\"sales-and-purchase-agreement-spa\"><strong>Salgs og k\u00f8bsaftale (SPA)<\/strong><\/h1>\n\n\n\n<h2 class=\"eplus-wrapper wp-block-heading\" id=\"scope-and-definitions\"><strong>R\u00e6kkevidde og definitioner<\/strong><\/h2>\n\n\n\n<p class=\" eplus-wrapper\">Ved bestilling p\u00e5 HomeWizard-websitet, g\u00e6lder Salgsaftalen i den version, der var g\u00e6ldende p\u00e5 k\u00f8bstidspunktet.<\/p>\n\n\n\n<p class=\" eplus-wrapper\">Denne Salgsaftale g\u00e6lder kun for produkter eller tjenester &#8221; Produkter &#8221; k\u00f8bt gennem HomeWizard-websitet. Ved bestilling gennem en anden part, g\u00e6lder Salgsaftalen for den s\u00e6lgende part.<\/p>\n\n\n\n<p class=\" eplus-wrapper\">Hvis dette dokument henviser til &#8220;Forbrugere&#8221;, er disse naturlige personer, hvis ordrer ikke er foretaget i sammenh\u00e6ng med kommercielle, selvst\u00e6ndigt erhvervsdrivende eller freelance-aktiviteter. &#8220;Entrepren\u00f8rer&#8221;, derimod, er naturlige eller juridiske personer eller juridisk autoriserede partnerskaber, hvis ordrer afgives i sammenh\u00e6ng med kommercielle, selvst\u00e6ndigt erhvervsdrivende eller freelance-aktiviteter. &#8220;Kunde &#8221; som anvendt i denne Salgsaftale er b\u00e5de forbrugere og entrepren\u00f8rer.<\/p>\n\n\n\n<p class=\" eplus-wrapper\">Hvis en periode er udtrykt i arbejdsdage, betyder det alle ugedage med undtagelse af l\u00f8rdage, s\u00f8ndage og offentlige fridage.<\/p>\n\n\n\n<h2 class=\"eplus-wrapper wp-block-heading\" id=\"conclusion-of-the-agreement\"><strong>Indg\u00e5else af aftalen<\/strong><\/h2>\n\n\n\n<p class=\" eplus-wrapper\">Alle tilbud fra HomeWizard er uforpligtende og ikke bindende.<\/p>\n\n\n\n<p class=\" eplus-wrapper\">I tilf\u00e6lde af, at Kunden afgiver en ordre via webbutikken, telefonen eller en anden ordrekanal, er k\u00f8bsaftalen accepteret af Kunden s\u00e5 snart Kunden har modtaget en ordrebekr\u00e6ftelse fra HomeWizard via e-mail. N\u00e5r du har modtaget ordrebekr\u00e6ftelsen, kan ordren ikke \u00e6ndres eller annulleres. HomeWizard har accepteret k\u00f8bsaftalen s\u00e5 snart Kunden har modtaget en forsendelsesbekr\u00e6ftelse via e-mail.<\/p>\n\n\n\n<p class=\" eplus-wrapper\">Denne k\u00f8bsaftale g\u00e6lder ikke for k\u00f8b af HomeWizard-produkter gennem tredjeparter.<\/p>\n\n\n\n<h2 class=\"eplus-wrapper wp-block-heading\" id=\"prices-and-payment-terms\"><strong>Priser og betalingsbetingelser<\/strong><\/h2>\n\n\n\n<p class=\" eplus-wrapper\">Priserne vist p\u00e5 websitet p\u00e5 ordretidspunktet g\u00e6lder. Hvis der opkr\u00e6ves forsendelsesomkostninger vi HomeWizard oplyse Kunden om dette under bestillingsprocessen. Alle priser vist p\u00e5 websitet inkluderer momssatserne, der er g\u00e6ldende ved lov. Priser og tilbud kan variere efter land. HomeWizard tilbyder betalingsmuligheder gennem eksterne betalingsleverand\u00f8rer.<\/p>\n\n\n\n<p class=\" eplus-wrapper\">K\u00f8bsbel\u00f8bet skal betales indenfor 14 dage efter k\u00f8bsaftalen, med mindre andet er angivet. Hvis Kunden er i restance, har HomeWizard ret til at opkr\u00e6ve et fast bel\u00f8b for restomkostningerne pr. rykker.<\/p>\n\n\n\n<p class=\" eplus-wrapper\">HomeWizard har ret til at opkr\u00e6ve et fast bel\u00f8b for omkostninger eller lidt skade for enhver ubetalt, returneret inddrivelsesordre eller kreditkortbetaling, med mindre Kunden kan bevise, at denne ikke var ansvarlig for begivenheden, der for\u00e5rsagede skaden. Kunden forbeholder sig retten til at bevise, at HomeWizard ikke beh\u00f8vede at p\u00e5drage sig nogen omkostninger eller betydeligt lavere omkostninger end det angivne fast bel\u00f8b.<\/p>\n\n\n\n<p class=\" eplus-wrapper\">For k\u00f8b via HomeWizard apps g\u00e6lder de Generelle vilk\u00e5r og betingelser for Goggle eller Apple. De ovenfor n\u00e6vnte parter er de s\u00e6lgende entrepren\u00f8rer i dette tilf\u00e6lde.<\/p>\n\n\n\n<h2 class=\"eplus-wrapper wp-block-heading\" id=\"delivery-and-product-property\"><strong>Levering og produktejerskab<\/strong><\/h2>\n\n\n\n<p class=\" eplus-wrapper\">Leveringsdagen angivet i ordren &#8221; forventet levering &#8221; under bestillingsprocessen er vejledende, og ingen rettigheder kan afledes af den. HomeWizard laver et estimat p\u00e5 basis af; leveringstid hos den eksterne leveringspartner og almindelige betalingsmetoder og vilk\u00e5r. HomeWizard str\u00e6ber efter en levering p\u00e5 den angivne leveringsdag med en maksimal leveringstid p\u00e5 14 dage fra ordredatoen.<\/p>\n\n\n\n<p class=\" eplus-wrapper\">Leveringer g\u00f8res til leveringsadresser i de lande, der skal angives aftalen. Det er Kundens ansvar at sikre, at varerne kan leveres i l\u00f8bet af den med rimelighed forventede leveringstid.<\/p>\n\n\n\n<p class=\" eplus-wrapper\">I tilf\u00e6lde af force majeure vil leveringstiden blive forl\u00e6nget tilsvarende. Force majeure betyder hindringer, der er uforudsete eller us\u00e6dvanlige. I tilf\u00e6lde af force majeure vil HomeWizard oplyse Kunden om en forl\u00e6ngelse af leveringstiden indenfor 2 uger efter betaling.<\/p>\n\n\n\n<p class=\" eplus-wrapper\">I tilf\u00e6lde af en leveringsforsinkelse p\u00e5 mere end 2 uger efter den angivne leveringsdato har Kunden ret til at annullere aftalen. I det tilf\u00e6lde har HomeWizard ret til at opl\u00f8se aftalen. I begge tilf\u00e6lde vil HomeWizard refundere de betalinger, der allerede er foretaget af Kunden, indenfor 5 arbejdsdage. Kunden har ikke ret til at kr\u00e6ve kompensation for forsinkelser i leveringen.<\/p>\n\n\n\n<p class=\" eplus-wrapper\">For erhvervsordrer for entrepren\u00f8rer g\u00e6lder de Incoterms, som er angivet p\u00e5 fakturaen.<\/p>\n\n\n\n<p class=\" eplus-wrapper\">HomeWizard forbeholder sig retten til at opl\u00f8se aftalen efter at leveringen er mislykket to gange, hvor det er Kundens skyld. Betalinger, der allerede er foretaget af Kunden, vil i det tilf\u00e6lde blive refunderet indenfor 5 dage.<\/p>\n\n\n\n<p class=\" eplus-wrapper\">Hvis produkter leveres med synlige skader p\u00e5 emballagen eller indholdet, skal Kunden give besked om dette &#8211; uden at det hindrer vedkommendes garantirettigheder &#8211; senest 7 dage efter modtagelsen af produkterne via de s\u00e6dvanlige kontaktkanaler, s\u00e5ledes at HomeWizard kan anmode om kompensation for transportskaden fra logistik-tjenesteleverand\u00f8ren.<\/p>\n\n\n\n<p class=\" eplus-wrapper\">I princippet b\u00e6rer Kunden omkostningerne for en returforsendelse. Dette g\u00e6lder ikke for returneringer, der er en f\u00e6lge af en tilbagetr\u00e6kning.<\/p>\n\n\n\n<p class=\" eplus-wrapper\">Bestilte produkter bliver Kundens ejendom efter at vedkommende har betalt det fulde bel\u00f8b og opfyldt alle sine forpligtelser.<\/p>\n\n\n\n<h2 class=\"eplus-wrapper wp-block-heading\" id=\"reflection-period-and-returns\"><strong>Fortrydelsesperiode og returneringer<\/strong><\/h2>\n\n\n\n<p class=\" eplus-wrapper\">Hvis du som Forbruger afgiver en ordre hos HomeWizard via websitet, kan du g\u00f8re brug af en 30-dages fortrydelsesperiode.<\/p>\n\n\n\n<p class=\" eplus-wrapper\">Fortrydelsesperioden tr\u00e6der i kraft den dag, hvor Forbrugeren har modtaget ordrens udstyr (fuldst\u00e6ndigt). Indenfor fortrydelsesperioden kan Forbrugeren annullere k\u00f8bet og returnere de k\u00f8bte produkter til HomeWizard. Bevisbyrden for den rettidige brug af fortrydelsesperioden ligger hos Forbrugeren.<\/p>\n\n\n\n<p class=\" eplus-wrapper\">Hvis Forbrugeren g\u00f8r brug af fortrydelsesperioden, skal Forbrugeren betale forsendelsesomkostningerne for returneringen af produkterne. Det fulde k\u00f8bsbel\u00f8b for produkterne, inklusive forsendelse, vil blive refunderet s\u00e5 snart som muligt indenfor 14 arbejdsdage fra HomeWizards modtagelse. Denne refusion vil blive foretaget via den betalingsmetode, som Forbrugeren brugte i den oprindelige transaktion.<\/p>\n\n\n\n<p class=\" eplus-wrapper\">Produkter skal returneres uskadte i rimelig originalemballage indenfor 14 dage, efter at fortrydelsesperioden er taget i brug. Hvor produkter alene er brugt i det n\u00f8dvendige omfang for at afg\u00f8re produktets egenskaber og funktion. Hvis delvise eller skadede produkter returneres, kan HomeWizard n\u00e6gte en refusion af k\u00f8bsbel\u00f8bet eller reducere bel\u00f8bet til refusion.<\/p>\n\n\n\n<p class=\" eplus-wrapper\">For udvalgte produkter udl\u00f8ber 30-dages perioden n\u00e5r produktet tages i brug, hvor det ikke kan tilbagef\u00f8res til nytilstand ved hj\u00e6lp af certificerede m\u00e5lerafl\u00e6sninger (s\u00e5som med kWh-m\u00e5lere).<\/p>\n\n\n\n<p class=\" eplus-wrapper\">Ved levering til en Entrepren\u00f8r skal denne kontrollere de modtagne produkter for overholdelse af k\u00f8bsaftalen. Entrepren\u00f8ren er forpligtet til at indsende en skriftlig meddelelse om enhver afvigelse fra k\u00f8bsaftalen indenfor 24 timer efter leveringen og give HomeWizard muligheden for at afg\u00f8re gyldigheden af meddelelsen p\u00e5 stedet. Retten til erstatning eller kredit bortfalder, hvis produktet allerede er blevet brugt. Returforsendelser er for Entrepren\u00f8rens omkostning og accepteres kun, hvis aftalt p\u00e5 forh\u00e5nd.<\/p>\n\n\n\n<h2 class=\"eplus-wrapper wp-block-heading\" id=\"warranty\"><strong>Garanti<\/strong><\/h2>\n\n\n\n<p class=\" eplus-wrapper\">For udstyr k\u00f8bt af en Forbruger er produktgarantien gyldig i 24 m\u00e5neder fra ordredatoen. Hvis udstyret er k\u00f8bt af en Entrepren\u00f8r, udl\u00f8ber garantien efter 12 m\u00e5neder fra ordredatoen, med mindre andet er angivet i k\u00f8bsaftalen. HomeWizard kan til enhver tid afslutte garantiperioden tidligere, hvis Kunden overtr\u00e6der de Generelle vilk\u00e5r og betingelser, i hvilken Slutbruger-licensaftalen indg\u00e5r.<\/p>\n\n\n\n<h2 class=\"eplus-wrapper wp-block-heading\" id=\"final-provisions\"><strong>Afsluttende bestemmelser<\/strong><\/h2>\n\n\n\n<p class=\" eplus-wrapper\">Skulle en bestemmelse i dette dokument v\u00e6re ugyldig, skal de resterende bestemmelser forblive up\u00e5virkede.<\/p>\n\n\n\n<p class=\" eplus-wrapper\">Hvis Kunden ikke har en generelt kompetent domstol indenfor Den Europ\u00e6iske Union eller vedkommende er en forhandler, en juridisk person under offentlig ret eller et s\u00e6rligt aktiv under offentlig ret, er domstolen i HomeWizard hjemsted den kompetente domstol for alle tvister, der udg\u00e5r fra det kontraktuelle forhold. HomeWizard har dog ogs\u00e5 ret til at bringe sagsanl\u00e6g for en generelt kompetent domstol p\u00e5 Kundens forretningssted.<\/p>\n\n\n\n<p class=\" eplus-wrapper\">Kun lovene i den hollandske stat g\u00e6lder for udelukkelsen af FN&#8217;s konvention om internationale l\u00f8s\u00f8rek\u00f8b, ogs\u00e5 i tilf\u00e6lde af internationale leveringer. Desuden er Forbrugere omfattet af den bindende forbrugerbeskyttelseslovgivning, som g\u00e6lder i det land, hvor Kunden har sit s\u00e6dvanlige opholdssted i det omfang, den tilbyder Kunden more omfattende beskyttelse.<\/p>\n\n\n\n<p class=\" eplus-wrapper\">HomeWizard har ret til ensidigt at \u00e6ndre dette dokument &#8211; for s\u00e5 vidt at det er blevet erkl\u00e6ret g\u00e6ldende for det kontraktuelle forhold med Kunden &#8211; hvis det er n\u00f8dvendigt for at afhj\u00e6lpe en efterf\u00f8lgende forstyrrelse i aftalens balance eller for at \u00e6ndre aftalen. tilpasse til \u00e6ndrede juridiske eller tekniske foruds\u00e6tninger.<\/p>\n\n\n\n<p class=\" eplus-wrapper\">Hvis du har nogen sp\u00f8rgsm\u00e5l om dette dokument, kontakt venligst HomeWizard p\u00e5 <a href=\"mailto:support@homewizard.com\">support@homewizard.com<\/a><\/p>\n\n\n\n<p class=\" eplus-wrapper\">HomeWizard BV Keyserswey 79, Noordwijk, Holland<\/p>\n<\/div><\/div>\n","protected":false},"excerpt":{"rendered":"<p>Salgs og k\u00f8bsaftale (SPA) R\u00e6kkevidde og definitioner Ved bestilling p\u00e5 HomeWizard-websitet, g\u00e6lder Salgsaftalen i den version, der var g\u00e6ldende p\u00e5 k\u00f8bstidspunktet. Denne Salgsaftale g\u00e6lder kun for produkter eller tjenester &#8221; Produkter &#8221; k\u00f8bt gennem HomeWizard-websitet. Ved bestilling gennem en anden part, g\u00e6lder Salgsaftalen for den s\u00e6lgende part. Hvis dette dokument henviser til &#8220;Forbrugere&#8221;, er disse&hellip;<\/p>\n","protected":false},"author":1,"featured_media":0,"parent":0,"menu_order":0,"comment_status":"closed","ping_status":"closed","template":"","meta":{"_acf_changed":false,"editor_plus_copied_stylings":"{}","footnotes":""},"class_list":["post-542974","page","type-page","status-publish","hentry"],"acf":[],"yoast_head":"<!-- This site is optimized with the Yoast SEO plugin v27.0 - https:\/\/yoast.com\/product\/yoast-seo-wordpress\/ -->\n<title>L\u00e6s vores vilk\u00e5r og betingelser for k\u00f8b her - HomeWizard<\/title>\n<meta name=\"description\" content=\"L\u00e6s HomeWizards vilk\u00e5r og betingelser for k\u00f8b p\u00e5 denne side. S\u00e5 du ved pr\u00e6cist, hvor du st\u00e5r, n\u00e5r du k\u00f8ber et af vores produkter!\" \/>\n<meta name=\"robots\" content=\"index, follow, max-snippet:-1, max-image-preview:large, max-video-preview:-1\" \/>\n<link rel=\"canonical\" href=\"https:\/\/www.homewizard.com\/da\/salgs-og-koebsaftale-spa\/\" \/>\n<meta property=\"og:locale\" content=\"da_DK\" \/>\n<meta property=\"og:type\" content=\"article\" \/>\n<meta property=\"og:title\" content=\"L\u00e6s vores vilk\u00e5r og betingelser for k\u00f8b her - HomeWizard\" \/>\n<meta property=\"og:description\" content=\"L\u00e6s HomeWizards vilk\u00e5r og betingelser for k\u00f8b p\u00e5 denne side. S\u00e5 du ved pr\u00e6cist, hvor du st\u00e5r, n\u00e5r du k\u00f8ber et af vores produkter!\" \/>\n<meta property=\"og:url\" content=\"https:\/\/www.homewizard.com\/da\/salgs-og-koebsaftale-spa\/\" \/>\n<meta property=\"og:site_name\" content=\"HomeWizard\" \/>\n<meta property=\"article:publisher\" content=\"https:\/\/www.facebook.com\/HomeWizardBV\/\" \/>\n<meta property=\"article:modified_time\" content=\"2024-01-08T15:49:59+00:00\" \/>\n<meta name=\"twitter:card\" content=\"summary_large_image\" \/>\n<meta name=\"twitter:site\" content=\"@HomeWizard_NL\" \/>\n<meta name=\"twitter:label1\" content=\"Estimeret l\u00e6setid\" \/>\n\t<meta name=\"twitter:data1\" content=\"7 minutter\" \/>\n<script type=\"application\/ld+json\" class=\"yoast-schema-graph\">{\"@context\":\"https:\/\/schema.org\",\"@graph\":[{\"@type\":\"WebPage\",\"@id\":\"https:\/\/www.homewizard.com\/da\/salgs-og-koebsaftale-spa\/\",\"url\":\"https:\/\/www.homewizard.com\/da\/salgs-og-koebsaftale-spa\/\",\"name\":\"L\u00e6s vores vilk\u00e5r og betingelser for k\u00f8b her - HomeWizard\",\"isPartOf\":{\"@id\":\"https:\/\/www.homewizard.com\/da\/#website\"},\"datePublished\":\"2024-01-08T15:49:56+00:00\",\"dateModified\":\"2024-01-08T15:49:59+00:00\",\"description\":\"L\u00e6s HomeWizards vilk\u00e5r og betingelser for k\u00f8b p\u00e5 denne side. S\u00e5 du ved pr\u00e6cist, hvor du st\u00e5r, n\u00e5r du k\u00f8ber et af vores produkter!\",\"breadcrumb\":{\"@id\":\"https:\/\/www.homewizard.com\/da\/salgs-og-koebsaftale-spa\/#breadcrumb\"},\"inLanguage\":\"da-DK\",\"potentialAction\":[{\"@type\":\"ReadAction\",\"target\":[\"https:\/\/www.homewizard.com\/da\/salgs-og-koebsaftale-spa\/\"]}]},{\"@type\":\"BreadcrumbList\",\"@id\":\"https:\/\/www.homewizard.com\/da\/salgs-og-koebsaftale-spa\/#breadcrumb\",\"itemListElement\":[{\"@type\":\"ListItem\",\"position\":1,\"name\":\"Home\",\"item\":\"https:\/\/www.homewizard.com\/da\/\"},{\"@type\":\"ListItem\",\"position\":2,\"name\":\"Salgs og k\u00f8bsaftale (SPA)\"}]},{\"@type\":\"WebSite\",\"@id\":\"https:\/\/www.homewizard.com\/da\/#website\",\"url\":\"https:\/\/www.homewizard.com\/da\/\",\"name\":\"HomeWizard\",\"description\":\"HomeWizard Energy\",\"publisher\":{\"@id\":\"https:\/\/www.homewizard.com\/da\/#organization\"},\"potentialAction\":[{\"@type\":\"SearchAction\",\"target\":{\"@type\":\"EntryPoint\",\"urlTemplate\":\"https:\/\/www.homewizard.com\/da\/?s={search_term_string}\"},\"query-input\":{\"@type\":\"PropertyValueSpecification\",\"valueRequired\":true,\"valueName\":\"search_term_string\"}}],\"inLanguage\":\"da-DK\"},{\"@type\":\"Organization\",\"@id\":\"https:\/\/www.homewizard.com\/da\/#organization\",\"name\":\"HomeWizard\",\"url\":\"https:\/\/www.homewizard.com\/da\/\",\"logo\":{\"@type\":\"ImageObject\",\"inLanguage\":\"da-DK\",\"@id\":\"https:\/\/www.homewizard.com\/da\/#\/schema\/logo\/image\/\",\"url\":\"https:\/\/www.homewizard.com\/wp-content\/uploads\/2023\/06\/HomeWizard-icon-on-black.png\",\"contentUrl\":\"https:\/\/www.homewizard.com\/wp-content\/uploads\/2023\/06\/HomeWizard-icon-on-black.png\",\"width\":500,\"height\":500,\"caption\":\"HomeWizard\"},\"image\":{\"@id\":\"https:\/\/www.homewizard.com\/da\/#\/schema\/logo\/image\/\"},\"sameAs\":[\"https:\/\/www.facebook.com\/HomeWizardBV\/\",\"https:\/\/x.com\/HomeWizard_NL\",\"https:\/\/www.youtube.com\/HomeWizardBV\",\"https:\/\/www.instagram.com\/homewizardenergy\/\"]}]}<\/script>\n<!-- \/ Yoast SEO plugin. -->","yoast_head_json":{"title":"L\u00e6s vores vilk\u00e5r og betingelser for k\u00f8b her - HomeWizard","description":"L\u00e6s HomeWizards vilk\u00e5r og betingelser for k\u00f8b p\u00e5 denne side. S\u00e5 du ved pr\u00e6cist, hvor du st\u00e5r, n\u00e5r du k\u00f8ber et af vores produkter!","robots":{"index":"index","follow":"follow","max-snippet":"max-snippet:-1","max-image-preview":"max-image-preview:large","max-video-preview":"max-video-preview:-1"},"canonical":"https:\/\/www.homewizard.com\/da\/salgs-og-koebsaftale-spa\/","og_locale":"da_DK","og_type":"article","og_title":"L\u00e6s vores vilk\u00e5r og betingelser for k\u00f8b her - HomeWizard","og_description":"L\u00e6s HomeWizards vilk\u00e5r og betingelser for k\u00f8b p\u00e5 denne side. S\u00e5 du ved pr\u00e6cist, hvor du st\u00e5r, n\u00e5r du k\u00f8ber et af vores produkter!","og_url":"https:\/\/www.homewizard.com\/da\/salgs-og-koebsaftale-spa\/","og_site_name":"HomeWizard","article_publisher":"https:\/\/www.facebook.com\/HomeWizardBV\/","article_modified_time":"2024-01-08T15:49:59+00:00","twitter_card":"summary_large_image","twitter_site":"@HomeWizard_NL","twitter_misc":{"Estimeret l\u00e6setid":"7 minutter"},"schema":{"@context":"https:\/\/schema.org","@graph":[{"@type":"WebPage","@id":"https:\/\/www.homewizard.com\/da\/salgs-og-koebsaftale-spa\/","url":"https:\/\/www.homewizard.com\/da\/salgs-og-koebsaftale-spa\/","name":"L\u00e6s vores vilk\u00e5r og betingelser for k\u00f8b her - HomeWizard","isPartOf":{"@id":"https:\/\/www.homewizard.com\/da\/#website"},"datePublished":"2024-01-08T15:49:56+00:00","dateModified":"2024-01-08T15:49:59+00:00","description":"L\u00e6s HomeWizards vilk\u00e5r og betingelser for k\u00f8b p\u00e5 denne side. S\u00e5 du ved pr\u00e6cist, hvor du st\u00e5r, n\u00e5r du k\u00f8ber et af vores produkter!","breadcrumb":{"@id":"https:\/\/www.homewizard.com\/da\/salgs-og-koebsaftale-spa\/#breadcrumb"},"inLanguage":"da-DK","potentialAction":[{"@type":"ReadAction","target":["https:\/\/www.homewizard.com\/da\/salgs-og-koebsaftale-spa\/"]}]},{"@type":"BreadcrumbList","@id":"https:\/\/www.homewizard.com\/da\/salgs-og-koebsaftale-spa\/#breadcrumb","itemListElement":[{"@type":"ListItem","position":1,"name":"Home","item":"https:\/\/www.homewizard.com\/da\/"},{"@type":"ListItem","position":2,"name":"Salgs og k\u00f8bsaftale (SPA)"}]},{"@type":"WebSite","@id":"https:\/\/www.homewizard.com\/da\/#website","url":"https:\/\/www.homewizard.com\/da\/","name":"HomeWizard","description":"HomeWizard Energy","publisher":{"@id":"https:\/\/www.homewizard.com\/da\/#organization"},"potentialAction":[{"@type":"SearchAction","target":{"@type":"EntryPoint","urlTemplate":"https:\/\/www.homewizard.com\/da\/?s={search_term_string}"},"query-input":{"@type":"PropertyValueSpecification","valueRequired":true,"valueName":"search_term_string"}}],"inLanguage":"da-DK"},{"@type":"Organization","@id":"https:\/\/www.homewizard.com\/da\/#organization","name":"HomeWizard","url":"https:\/\/www.homewizard.com\/da\/","logo":{"@type":"ImageObject","inLanguage":"da-DK","@id":"https:\/\/www.homewizard.com\/da\/#\/schema\/logo\/image\/","url":"https:\/\/www.homewizard.com\/wp-content\/uploads\/2023\/06\/HomeWizard-icon-on-black.png","contentUrl":"https:\/\/www.homewizard.com\/wp-content\/uploads\/2023\/06\/HomeWizard-icon-on-black.png","width":500,"height":500,"caption":"HomeWizard"},"image":{"@id":"https:\/\/www.homewizard.com\/da\/#\/schema\/logo\/image\/"},"sameAs":["https:\/\/www.facebook.com\/HomeWizardBV\/","https:\/\/x.com\/HomeWizard_NL","https:\/\/www.youtube.com\/HomeWizardBV","https:\/\/www.instagram.com\/homewizardenergy\/"]}]}},"_links":{"self":[{"href":"https:\/\/www.homewizard.com\/da\/wp-json\/wp\/v2\/pages\/542974","targetHints":{"allow":["GET"]}}],"collection":[{"href":"https:\/\/www.homewizard.com\/da\/wp-json\/wp\/v2\/pages"}],"about":[{"href":"https:\/\/www.homewizard.com\/da\/wp-json\/wp\/v2\/types\/page"}],"author":[{"embeddable":true,"href":"https:\/\/www.homewizard.com\/da\/wp-json\/wp\/v2\/users\/1"}],"replies":[{"embeddable":true,"href":"https:\/\/www.homewizard.com\/da\/wp-json\/wp\/v2\/comments?post=542974"}],"version-history":[{"count":1,"href":"https:\/\/www.homewizard.com\/da\/wp-json\/wp\/v2\/pages\/542974\/revisions"}],"predecessor-version":[{"id":542978,"href":"https:\/\/www.homewizard.com\/da\/wp-json\/wp\/v2\/pages\/542974\/revisions\/542978"}],"wp:attachment":[{"href":"https:\/\/www.homewizard.com\/da\/wp-json\/wp\/v2\/media?parent=542974"}],"curies":[{"name":"wp","href":"https:\/\/api.w.org\/{rel}","templated":true}]}}