{"id":542939,"date":"2024-01-08T16:49:52","date_gmt":"2024-01-08T15:49:52","guid":{"rendered":"https:\/\/www.homewizard.com\/slutbruger-licensaftale-eula\/"},"modified":"2024-01-08T16:49:59","modified_gmt":"2024-01-08T15:49:59","slug":"slutbruger-licensaftale-eula","status":"publish","type":"page","link":"https:\/\/www.homewizard.com\/da\/slutbruger-licensaftale-eula\/","title":{"rendered":"Slutbruger-licensaftale (EULA)"},"content":{"rendered":"\n<div class=\"contained_page wp-block-group eplus-wrapper\"><div class=\"wp-block-group__inner-container is-layout-flow wp-block-group-is-layout-flow\">\n<h1 class=\"eplus-wrapper wp-block-heading\" id=\"end-user-license-agreement-eula\"><strong>Slutbruger-licensaftale (EULA)<\/strong><\/h1>\n\n\n\n<p class=\" eplus-wrapper\">HomeWizard Energy<\/p>\n\n\n\n<p class=\" eplus-wrapper\">Ved at bruge vores Produkter og Tjenester, accepterer du denne Brugeraftale. Du vil blive oplyst om dette i de HomeWizards Generelle vilk\u00e5r og betingelser. Hollandsk lov g\u00e6lder for denne Brugeraftale.<\/p>\n\n\n\n<p class=\" eplus-wrapper\">Hvis du ikke er enig i disse Vilk\u00e5r og betingelser, har du ikke ret til at bruge Produkterne og Tjenesterne. Du kan kun fravige Brugeraftalen, hvis du har modtaget skriftligt bevis for dette fra HomeWizard.<\/p>\n\n\n\n<h3 class=\"eplus-wrapper wp-block-heading\" id=\"definitions\"><strong>Definitioner<\/strong><\/h3>\n\n\n\n<p class=\" eplus-wrapper\"><strong>&#8216;Bruger&#8217;<\/strong> Hvis du bruger HomeWizard Tjenester eller Apps, skal du (&#8220;Brugeren&#8221;) overholde og anerkende betingelserne defineret af HomeWizard.<\/p>\n\n\n\n<p class=\" eplus-wrapper\"><strong>&#8216;Produkter&#8217;<\/strong> Alle HomeWizard Produkter, som HomeWizard tilbyder via dets eget website eller HomeWizard produkter tilbudt via tredjeparter i forbindelse med Energy-platformen.<\/p>\n\n\n\n<p class=\" eplus-wrapper\"><strong>&#8216;Tjenester&#8217;<\/strong> Al software og alle tjenester, som HomeWizard kan tilbyde for at supportere Produkter s\u00e5som websites, konti, iOS-Android browser apps, Energy+, kundeservice og tilknyttet funktionalitet.<\/p>\n\n\n\n<h2 class=\"eplus-wrapper wp-block-heading\" id=\"the-agreement\"><strong>Aftalen<\/strong><\/h2>\n\n\n\n<h3 class=\"eplus-wrapper wp-block-heading\" id=\"providing-the-services\"><strong>Levering af Tjenesterne<\/strong><\/h3>\n\n\n<ol class=\"eplus-wrapper wp-block-list eplus-styles-uid-f4723d\"><li>Brugeren garanterer, at de data, der g\u00f8res tilg\u00e6ngelige for HomeWizard ved bestilling, registrering og brug af Tjenesterne er korrekte og komplette.<\/li><li>Ikke alle Tjenester er tilg\u00e6ngelige og anvendelige til alle Produkter. Bruger accepterer, at HomeWizard ikke kan og ikke vil tilbyde alle Tjenester til alle Produkter.<\/li><li>HomeWizard forbeholder sig retten til at fjerne, \u00e6ndre eller midlertidigt utilg\u00e6ngeligg\u00f8re enhver af Tjenesterne til enhver tid uden at give besked til Brugeren.<\/li><li>Vores oplysninger og dokumentation kan indeholde oplysninger om landespecifikke restriktioner for Produkter og Tjenester. HomeWizard kan ikke garantere, at Tjenesterne og Produkterne er tilg\u00e6ngelige eller fungerende og\/eller overholder lovgivningen i Brugerens land.<\/li><\/ol>\n\n\n<h3 class=\"eplus-wrapper wp-block-heading\" id=\"compatibility-and-operation\"><strong>Kompatibilitet og drift<\/strong><\/h3>\n\n\n<ol class=\"eplus-wrapper wp-block-list eplus-styles-uid-da77f2\"><li>Brugeren tilkendegiver at installere de seneste softwareopdateringer til b\u00e5de sine mobile enheder og sine Produkter. Undladelse af at overholde denne betingelse kan p\u00e5virke Tjenesternes funktion. Brugeren forst\u00e5r, at tilbuddet om eller driften af Tjenester kan blive reduceret, n\u00e5r der bruges \u00e6ldre operativsystemer eller browsere.<\/li><li>Brug af den fulde funktion af HomeWizards Tjenester kr\u00e6ver en fungerende og konstant tilg\u00e6ngelig tr\u00e5dl\u00f8s internetforbindelse p\u00e5 installationsstedet. En mobil dataforbindelse kan v\u00e6re p\u00e5kr\u00e6vet for at bruge alle funktioner i mobilapplikationerne. Tilg\u00e6ngeligheden og funktionen af den tr\u00e5dl\u00f8se internetforbindelse er alene Brugerens ansvar.<\/li><li>Bruger skal overholde kravene for Tjenesterne og Produkterne. Herunder; korrekt installeret str\u00f8mforsyning og korrekt konfigureret netv\u00e6rk eller internetforbindelse, der er kompatible med Tjenesterne, enhedsindstillingerne og enhedsspecifikationerne. Undladelse af at overholde disse vilk\u00e5r kan resultere i begr\u00e6nsede eller ikke-fungerende Tjenester eller Produkter.<\/li><li>HomeWizard kan ikke garantere kompatibilitet, korrekt drift, stabilitet og sikkerhed med tredjeparts software\/hardware. Brugeren b\u00e6rer alt ansvar og al risiko for tilf\u00f8jelse af Produkter og Tjenester til tredjeparters tjenester.<\/li><\/ol>\n\n\n<h3 class=\"eplus-wrapper wp-block-heading\" id=\"usage-and-restrictions\"><strong>Brug og restriktioner<\/strong><\/h3>\n\n\n<ol class=\"eplus-wrapper wp-block-list eplus-styles-uid-a66f4f\"><li>HomeWizard Energy Tjenester licenseres, de s\u00e6lges ikke. HomeWizard bevilger Brugeren en ikke-eksklusiv licens (uden ret til at underlicensere) til Tjenesterne, der h\u00f8rer til Brugerens Produkter. Brugeren erkl\u00e6rer, at vedkommende ikke har nogen rettigheder overhovedet til Tjenesternes tilg\u00e6ngelighed, anvendelighed og funktioner. HomeWizard kan \u00e6ndre tilbuddet, funktionen eller tilg\u00e6ngeligheden af Tjenesterne til enhver tid, hvis HomeWizard anses som tvunget til at g\u00f8re dette.<\/li><li>Ved k\u00f8b af et Energy+ abonnement f\u00e5r Brugeren en licens til at bruge Energy+ funktionerne, som er gyldig til 1 husholdning, tilg\u00e6ngelig for alle enheder og Bruger(e) i det valgte hus i hele abonnementsperioden. Udl\u00f8bsdatoen og automatisk forl\u00e6ngelse af et Energy+ abonnement er angivet i k\u00f8bsaftalen. Brugeren kan afslutte sit abonnement op til 24 timer f\u00f8r udl\u00f8bsdatoen . Abonnementet kan sl\u00e5s fra til enhver tid via abonnementsindstillingerne i Apple-id, Google-konto, eller HomeWizard-konto (website), afh\u00e6ngigt af, hvor k\u00f8bsaftalen blev etableret.<\/li><li>HomeWizard Energy produkt-API&#8217;er licenseres, de s\u00e6lges ikke. HomeWizard bevilger Brugeren en ikke-eksklusiv licens (uden ret til at underlicensere) til HomeWizard Energy API til personligt, ikke-kommercielt brug. Brugeren tilkendegiver ikke at bruge HomeWizard Energy API direkte eller indirekte til at s\u00e6lge, udleje, udl\u00e5ne eller generere indkomst ved hj\u00e6lp af API&#8217;et. Under brugen af API&#8217;erne vil brugeren afst\u00e5 fra, bevidst eller ubevidst, at forstyrre og\/eller for\u00e5rsage skade p\u00e5 HomeWizard, Brugere, andre personer eller organer. I tilf\u00e6lde af en konkurserkl\u00e6ring har HomeWizard ret til at n\u00e6gte Brugeren direkte eller indirekte brug af API&#8217;er . Brugen af HomeWizard Energy API er officielt underst\u00f8ttet af HomeWizard, men HomeWizard kan ikke levere kundeservice vedr\u00f8rende implementeringen af selve API&#8217;et eller tredjepartsapplikationer.<\/li><li>Brugeren tilkendegiver udelukkende at bruge HomeWizard Tjenester og Produkter til lovlige og legitime form\u00e5l overholdende relevante juridiske bestemmelser, egenkontrol, de generelle relevante regler for anst\u00e6ndighed og opm\u00e6rksomhed. Brugeren vil afst\u00e5 fra at forstyrre og\/eller for\u00e5rsage skade p\u00e5 HomeWizard, Brugere, andre personer eller organer. Brugeren forbydes at bruge Tjenesterne til form\u00e5l, der med rimelighed kan forventes at for\u00e5rsage gene for og\/eller skade p\u00e5 HomeWizard brandet, Tjenesterne, konti, Brugere, agenturer eller generelle personer. S\u00e5som: spamming, opskr\u00e6mning, hacking, angreb med DDOS eller kr\u00e6nkning af privatlivet, ophavsret og\/eller menneskerettigheder.<\/li><li>Brugeren vil ikke udnytte Produkterne eller Tjenesterne kommercielt uden skriftligt samtykke fra HomeWizard. Herunder, for eksempel, salg, udlejning eller leasing.<\/li><li>Brugeren vil ikke fors\u00f8ge at afd\u00e6kke kildekoden eller driften af Tjenesterne gennem reverse engineering, dekompilering eller andre teknikker. Brugeren vil ikke bruge andre Produkter, end de, der tilbydes gennem Tjenesterne, underst\u00f8ttede funktioner eller oplysninger leveret af HomeWizard.<\/li><\/ol>\n\n\n<h3 class=\"eplus-wrapper wp-block-heading\" id=\"liability\"><strong>Ansvar<\/strong><\/h3>\n\n\n\n<p class=\" eplus-wrapper\">HomeWizard er ikke ansvarlig for skader eller omkostninger, der er et resultat af misbrug ag Tjenesterne eller manglende overholdelse af Brugeraftalen.<\/p>\n\n\n<ol class=\"eplus-wrapper wp-block-list eplus-styles-uid-140894\"><li>Selvom HomeWizard str\u00e6ber efter den h\u00f8jest mulige p\u00e5lidelighed og tilg\u00e6ngelighed, kan de ikke garanteres at v\u00e6re 100 % p\u00e5lidelige og tilg\u00e6ngelige. Produkterne og Tjenesterne er beregnet til adgang og brug for oplysninger og drift, der ikke er tidskritisk. Tjenesterne oplever sporadiske afbrydelser og udfald p\u00e5 grund af flere faktorer udenfor HomeWizards kontrol, herunder, men ikke begr\u00e6nset til, wi-fi-forbindelser, tjenesteleverand\u00f8r-tilg\u00e6ngelighed og p\u00e5lidelighed af mobilmeddelelser og -operat\u00f8rer.<\/li><li>Med mindre udtrykkeligt &#8220;garanteret&#8221; kan HomeWizard ikke garantere et bestemt niveau af energibesparelser eller andre monet\u00e6re fordele som f\u00f8lge af brugen af Produkterne og Tjenesterne. Faktiske energibesparelser og monet\u00e6r fordele afh\u00e6nger af faktorer, som alene er under Brugerens kontrol.<\/li><li>HomeWizard forbeholder sig retten til at suspendere adgangen til Tjenesterne og uhindret brug af Tjenesterne s\u00e5 l\u00e6nge det er n\u00f8dvendigt af tvingende \u00e5rsager &#8211; f.eks. under n\u00f8dvendig vedligeholdelse af vores servere, programmer eller den n\u00f8dvendige infrastruktur, i tilf\u00e6lde af uautoriserede angreb p\u00e5 data eller computere, eller ved elimineringen af uforudsete sikkerhedshuller eller andre alvorlige fejl. I disse tilf\u00e6lde aktiveres en autonom intelligent kontrol af enhederne s\u00e5 vidt, det er muligt. Disse midlertidige begr\u00e6nsninger begrunder ikke til noget ansvar eller garantikrav fra Brugeren<\/li><li>Produkter og Tjenester skal bruges som en oplysende ressource og ikke som et prim\u00e6rt varslingssystem, alarmsystem eller system til underretning i n\u00f8dsituationer. HomeWizard kan ikke holdes ansvarlig for, om de forhindrer, begr\u00e6nser eller for\u00e5rsager skade eller livstruende situationer. Du bekr\u00e6fter, at du ikke vil v\u00e6re afh\u00e6ngig af Tjenesterne og Produkterne i tilf\u00e6lde af livstruende situationer.<\/li><li>Hvis du \u00e6ndrer standardindstillingerne for Tjenesterne, virker Produkterne og Tjenesterne m\u00e5ske ikke l\u00e6ngere som forventet. De valg, du tr\u00e6ffer, kan skade Tjenester eller Produkter eller for\u00e5rsage, at de ikke virker som beskrevet eller anbefalet. Du accepterer det fulde ansvar for personlige pr\u00e6ferencer i indstillingerne af dine Produkter og Tjenester, hvis du beslutter at \u00e6ndre standardindstillingerne.<\/li><li>Tjenesterne giver dig oplysninger relateret til Produkterne i dit hjem og deres forbindelse til andre enheder og tjenester. Alle produktoplysninger gives &#8220;som de er&#8221; og &#8220;som tilg\u00e6ngelige&#8221;. HomeWizard kan ikke garantere, at oplysningerne er korrekte eller opdaterede. I kritiske situationer er adgang til produktoplysninger gennem Tjenesterne ikke en erstatning for direkte adgang til oplysningerne i hjemmet. HomeWizard garanterer under ingen omst\u00e6ndigheder at: Produkterne og Tjenesterne altid er til r\u00e5dighed, tilg\u00e6ngelige, uden afbrydelse, fri for fejl og defekter, aktuelle, opdaterede, komplette og\/eller pr\u00e6cise. Opfylder dine krav eller er kompatible med dine mobile enheder, din browser eller tilbeh\u00f8r. Brugeren accepterer disse begr\u00e6nsninger og bekr\u00e6fter, at HomeWizard ikke er ansvarlig for nogen skade, der kan blive for\u00e5rsaget fordi Produkter eller Tjenester ikke virker eller er forsinket. Bruger forst\u00e5r, at Apps ikke er certificerede til katastrofehj\u00e6lp.<\/li><li>HomeWizard str\u00e6ber efter at levere de mest komplette oplysninger og dokumentation til sikring af en sikker installation, men kan ikke garantere den. Det er Brugerens eget ansvar at installere eller bruge Produkterne korrekt eller at f\u00e5 dem installeret som beskrevet i dokumentationen eller Tjenesterne. I tilf\u00e6lde af skade eller omkostninger der hidr\u00f8rer fra ukorrekt installation eller manglende viden om installationen, hvilket er rimeligt anset som v\u00e6rende Brugerens viden, ligger ansvar og risikoen hos Brugeren. HomeWizard er ikke ansvarlig for skade, der hidr\u00f8rer fra ukorrekt installation, brug, h\u00e5ndtering, drift eller opbevaring.<\/li><li>For s\u00e5 vidt det ikke allerede er udelukket p\u00e5 baggrund af de foreg\u00e5ende bestemmelser, er HomeWizard ikke ansvarlig for skade p\u00e5 udstyr tilsluttet terminaludstyret, med mindre skaden bevisligt kan spores tilbage til brugen af et af HomeWizard Produkterne. Bevisbyrden ligger hos Brugeren. Hvis der ikke findes noget bevis p\u00e5 grund af Brugerens handling (f.eks. ved et fors\u00f8g p\u00e5 at reparere), s\u00e5 er ethvert ansvar for HomeWizard udelukket. Desuden p\u00e5tager HomeWizard sig intet ansvar for begr\u00e6nsningen af eller n\u00e6gtelse af frivillig garantid\u00e6kning af tredjeparter p\u00e5 grund af brugen af HomeWizards Produkter. Dette ber\u00f8rer ikke garantikrav mod tredjeparter. S\u00e5danne krav skal rettes mod den relevante tredjepart.<\/li><li>HomeWizard er kun ansvarlig for anden skade end skade p\u00e5 liv, personskade eller skade p\u00e5 helbred hvis den er resultatet af en bevidst handling, grov undladelse eller strafbart brud p\u00e5 grundl\u00e6ggende kontraktuelle forpligtelser (dvs. forpligtelser, som skal opfyldes for at etablere aftalen a priori, og som Brugeren kan forvente bliver opfyldt) af HomeWizard eller dets delegerede agenter. Yderligere ansvar er udelukket.<\/li><\/ol>\n\n\n<h3 class=\"eplus-wrapper wp-block-heading\" id=\"property\"><strong>Ejendom<\/strong><\/h3>\n\n\n<ol class=\"eplus-wrapper wp-block-list eplus-styles-uid-6f8dd8\"><li>Det er ikke tilladt p\u00e5 nogen m\u00e5de at reproducere, kopiere eller \u00e6ndre &#8211; de fysiske eller digitale brand-angivelser, logoer, navne og\/eller designet af HomeWizard Produkter eller Tjenester.<\/li><li>Alle forslag og alle tilbagemeldinger di giver til HomeWizard vedr\u00f8rende Produkterne, Apps og Tjenesterne er HomeWizards ejendom. HomeWizard kan bruge, kopiere, \u00e6ndre, udgive eller omfordele dit Bidrag og dets indhold til ethvert form\u00e5l og p\u00e5 enhver m\u00e5de uden kompensation til dig. Du accepterer, at HomeWizard ikke fraviger nogen rettigheder til lignende eller relaterede id\u00e9er, som allerede er kendt af HomeWizard, udviklet af dets medarbejdere eller indhentet fra andre kilder.<\/li><\/ol>\n\n\n<h3 class=\"eplus-wrapper wp-block-heading\" id=\"confidentiality\"><strong>Fortrolighed<\/strong><\/h3>\n\n\n\n<p class=\" eplus-wrapper\">&#8220;Fortrolige oplysninger&#8221; betyder de Apps og oplysninger, der leveres til Brugeren og g\u00f8res tilg\u00e6ngelige af HomeWizard gennem tjenesterne eller direkte til dig. Brugeren m\u00e5 ikke afsl\u00f8re, videregive eller p\u00e5 anden vis offentligg\u00f8re eller kommunikere de Fortrolige oplysninger til nogen person, noget firma eller anden tredjepart uden forudg\u00e5ende skriftligt samtykke fra HomeWizard.<\/p>\n\n\n\n<h3 class=\"eplus-wrapper wp-block-heading\" id=\"final-provisions\"><strong>Afsluttende bestemmelser<\/strong><\/h3>\n\n\n\n<p class=\" eplus-wrapper\">HomeWizard vil oplyse Kunden om alle betydelige \u00e6ndringer af dette dokument og derved kommunikere indholdet af de \u00e6ndrede bestemmelser. \u00c6ndringen vil blive en integreret del af aftalen, med mindre Kunden protesterer mod det indenfor seks uger fra modtagelse af meddelelsen ved skriftlig eller elektronisk kommunikation. Hvis HomeWizard ikke lever op til disse betingelser, skal brugeren give besked om dette skriftligt indenfor et \u00e5r.<\/p>\n\n\n\n<p class=\" eplus-wrapper\">Hvis du har nogen sp\u00f8rgsm\u00e5l om dette dokument, kontakt venligst HomeWizard p\u00e5 <a href=\"mailto:support@homewizard.com\">support@homewizard.com<\/a><\/p>\n\n\n\n<p class=\" eplus-wrapper\">HomeWizard BV Keyserswey 79, Noordwijk, Holland<\/p>\n<\/div><\/div>\n","protected":false},"excerpt":{"rendered":"<p>Slutbruger-licensaftale (EULA) HomeWizard Energy Ved at bruge vores Produkter og Tjenester, accepterer du denne Brugeraftale. Du vil blive oplyst om dette i de HomeWizards Generelle vilk\u00e5r og betingelser. Hollandsk lov g\u00e6lder for denne Brugeraftale. Hvis du ikke er enig i disse Vilk\u00e5r og betingelser, har du ikke ret til at bruge Produkterne og Tjenesterne. Du&hellip;<\/p>\n","protected":false},"author":1,"featured_media":0,"parent":0,"menu_order":0,"comment_status":"closed","ping_status":"closed","template":"","meta":{"_acf_changed":false,"editor_plus_copied_stylings":"{}","footnotes":""},"class_list":["post-542939","page","type-page","status-publish","hentry"],"acf":[],"yoast_head":"<!-- This site is optimized with the Yoast SEO plugin v27.0 - https:\/\/yoast.com\/product\/yoast-seo-wordpress\/ -->\n<title>Slutbruger-licensaftale (EULA) - HomeWizard<\/title>\n<meta name=\"robots\" content=\"index, follow, max-snippet:-1, max-image-preview:large, max-video-preview:-1\" \/>\n<link rel=\"canonical\" href=\"https:\/\/www.homewizard.com\/da\/slutbruger-licensaftale-eula\/\" \/>\n<meta property=\"og:locale\" content=\"da_DK\" \/>\n<meta property=\"og:type\" content=\"article\" \/>\n<meta property=\"og:title\" content=\"Slutbruger-licensaftale (EULA) - HomeWizard\" \/>\n<meta property=\"og:description\" content=\"Slutbruger-licensaftale (EULA) HomeWizard Energy Ved at bruge vores Produkter og Tjenester, accepterer du denne Brugeraftale. Du vil blive oplyst om dette i de HomeWizards Generelle vilk\u00e5r og betingelser. Hollandsk lov g\u00e6lder for denne Brugeraftale. Hvis du ikke er enig i disse Vilk\u00e5r og betingelser, har du ikke ret til at bruge Produkterne og Tjenesterne. Du&hellip;\" \/>\n<meta property=\"og:url\" content=\"https:\/\/www.homewizard.com\/da\/slutbruger-licensaftale-eula\/\" \/>\n<meta property=\"og:site_name\" content=\"HomeWizard\" \/>\n<meta property=\"article:publisher\" content=\"https:\/\/www.facebook.com\/HomeWizardBV\/\" \/>\n<meta property=\"article:modified_time\" content=\"2024-01-08T15:49:59+00:00\" \/>\n<meta name=\"twitter:card\" content=\"summary_large_image\" \/>\n<meta name=\"twitter:site\" content=\"@HomeWizard_NL\" \/>\n<meta name=\"twitter:label1\" content=\"Estimeret l\u00e6setid\" \/>\n\t<meta name=\"twitter:data1\" content=\"9 minutter\" \/>\n<script type=\"application\/ld+json\" class=\"yoast-schema-graph\">{\"@context\":\"https:\/\/schema.org\",\"@graph\":[{\"@type\":\"WebPage\",\"@id\":\"https:\/\/www.homewizard.com\/da\/slutbruger-licensaftale-eula\/\",\"url\":\"https:\/\/www.homewizard.com\/da\/slutbruger-licensaftale-eula\/\",\"name\":\"Slutbruger-licensaftale (EULA) - HomeWizard\",\"isPartOf\":{\"@id\":\"https:\/\/www.homewizard.com\/da\/#website\"},\"datePublished\":\"2024-01-08T15:49:52+00:00\",\"dateModified\":\"2024-01-08T15:49:59+00:00\",\"breadcrumb\":{\"@id\":\"https:\/\/www.homewizard.com\/da\/slutbruger-licensaftale-eula\/#breadcrumb\"},\"inLanguage\":\"da-DK\",\"potentialAction\":[{\"@type\":\"ReadAction\",\"target\":[\"https:\/\/www.homewizard.com\/da\/slutbruger-licensaftale-eula\/\"]}]},{\"@type\":\"BreadcrumbList\",\"@id\":\"https:\/\/www.homewizard.com\/da\/slutbruger-licensaftale-eula\/#breadcrumb\",\"itemListElement\":[{\"@type\":\"ListItem\",\"position\":1,\"name\":\"Home\",\"item\":\"https:\/\/www.homewizard.com\/da\/\"},{\"@type\":\"ListItem\",\"position\":2,\"name\":\"Slutbruger-licensaftale (EULA)\"}]},{\"@type\":\"WebSite\",\"@id\":\"https:\/\/www.homewizard.com\/da\/#website\",\"url\":\"https:\/\/www.homewizard.com\/da\/\",\"name\":\"HomeWizard\",\"description\":\"HomeWizard Energy\",\"publisher\":{\"@id\":\"https:\/\/www.homewizard.com\/da\/#organization\"},\"potentialAction\":[{\"@type\":\"SearchAction\",\"target\":{\"@type\":\"EntryPoint\",\"urlTemplate\":\"https:\/\/www.homewizard.com\/da\/?s={search_term_string}\"},\"query-input\":{\"@type\":\"PropertyValueSpecification\",\"valueRequired\":true,\"valueName\":\"search_term_string\"}}],\"inLanguage\":\"da-DK\"},{\"@type\":\"Organization\",\"@id\":\"https:\/\/www.homewizard.com\/da\/#organization\",\"name\":\"HomeWizard\",\"url\":\"https:\/\/www.homewizard.com\/da\/\",\"logo\":{\"@type\":\"ImageObject\",\"inLanguage\":\"da-DK\",\"@id\":\"https:\/\/www.homewizard.com\/da\/#\/schema\/logo\/image\/\",\"url\":\"https:\/\/www.homewizard.com\/wp-content\/uploads\/2023\/06\/HomeWizard-icon-on-black.png\",\"contentUrl\":\"https:\/\/www.homewizard.com\/wp-content\/uploads\/2023\/06\/HomeWizard-icon-on-black.png\",\"width\":500,\"height\":500,\"caption\":\"HomeWizard\"},\"image\":{\"@id\":\"https:\/\/www.homewizard.com\/da\/#\/schema\/logo\/image\/\"},\"sameAs\":[\"https:\/\/www.facebook.com\/HomeWizardBV\/\",\"https:\/\/x.com\/HomeWizard_NL\",\"https:\/\/www.youtube.com\/HomeWizardBV\",\"https:\/\/www.instagram.com\/homewizardenergy\/\"]}]}<\/script>\n<!-- \/ Yoast SEO plugin. -->","yoast_head_json":{"title":"Slutbruger-licensaftale (EULA) - HomeWizard","robots":{"index":"index","follow":"follow","max-snippet":"max-snippet:-1","max-image-preview":"max-image-preview:large","max-video-preview":"max-video-preview:-1"},"canonical":"https:\/\/www.homewizard.com\/da\/slutbruger-licensaftale-eula\/","og_locale":"da_DK","og_type":"article","og_title":"Slutbruger-licensaftale (EULA) - HomeWizard","og_description":"Slutbruger-licensaftale (EULA) HomeWizard Energy Ved at bruge vores Produkter og Tjenester, accepterer du denne Brugeraftale. Du vil blive oplyst om dette i de HomeWizards Generelle vilk\u00e5r og betingelser. Hollandsk lov g\u00e6lder for denne Brugeraftale. Hvis du ikke er enig i disse Vilk\u00e5r og betingelser, har du ikke ret til at bruge Produkterne og Tjenesterne. Du&hellip;","og_url":"https:\/\/www.homewizard.com\/da\/slutbruger-licensaftale-eula\/","og_site_name":"HomeWizard","article_publisher":"https:\/\/www.facebook.com\/HomeWizardBV\/","article_modified_time":"2024-01-08T15:49:59+00:00","twitter_card":"summary_large_image","twitter_site":"@HomeWizard_NL","twitter_misc":{"Estimeret l\u00e6setid":"9 minutter"},"schema":{"@context":"https:\/\/schema.org","@graph":[{"@type":"WebPage","@id":"https:\/\/www.homewizard.com\/da\/slutbruger-licensaftale-eula\/","url":"https:\/\/www.homewizard.com\/da\/slutbruger-licensaftale-eula\/","name":"Slutbruger-licensaftale (EULA) - HomeWizard","isPartOf":{"@id":"https:\/\/www.homewizard.com\/da\/#website"},"datePublished":"2024-01-08T15:49:52+00:00","dateModified":"2024-01-08T15:49:59+00:00","breadcrumb":{"@id":"https:\/\/www.homewizard.com\/da\/slutbruger-licensaftale-eula\/#breadcrumb"},"inLanguage":"da-DK","potentialAction":[{"@type":"ReadAction","target":["https:\/\/www.homewizard.com\/da\/slutbruger-licensaftale-eula\/"]}]},{"@type":"BreadcrumbList","@id":"https:\/\/www.homewizard.com\/da\/slutbruger-licensaftale-eula\/#breadcrumb","itemListElement":[{"@type":"ListItem","position":1,"name":"Home","item":"https:\/\/www.homewizard.com\/da\/"},{"@type":"ListItem","position":2,"name":"Slutbruger-licensaftale (EULA)"}]},{"@type":"WebSite","@id":"https:\/\/www.homewizard.com\/da\/#website","url":"https:\/\/www.homewizard.com\/da\/","name":"HomeWizard","description":"HomeWizard Energy","publisher":{"@id":"https:\/\/www.homewizard.com\/da\/#organization"},"potentialAction":[{"@type":"SearchAction","target":{"@type":"EntryPoint","urlTemplate":"https:\/\/www.homewizard.com\/da\/?s={search_term_string}"},"query-input":{"@type":"PropertyValueSpecification","valueRequired":true,"valueName":"search_term_string"}}],"inLanguage":"da-DK"},{"@type":"Organization","@id":"https:\/\/www.homewizard.com\/da\/#organization","name":"HomeWizard","url":"https:\/\/www.homewizard.com\/da\/","logo":{"@type":"ImageObject","inLanguage":"da-DK","@id":"https:\/\/www.homewizard.com\/da\/#\/schema\/logo\/image\/","url":"https:\/\/www.homewizard.com\/wp-content\/uploads\/2023\/06\/HomeWizard-icon-on-black.png","contentUrl":"https:\/\/www.homewizard.com\/wp-content\/uploads\/2023\/06\/HomeWizard-icon-on-black.png","width":500,"height":500,"caption":"HomeWizard"},"image":{"@id":"https:\/\/www.homewizard.com\/da\/#\/schema\/logo\/image\/"},"sameAs":["https:\/\/www.facebook.com\/HomeWizardBV\/","https:\/\/x.com\/HomeWizard_NL","https:\/\/www.youtube.com\/HomeWizardBV","https:\/\/www.instagram.com\/homewizardenergy\/"]}]}},"_links":{"self":[{"href":"https:\/\/www.homewizard.com\/da\/wp-json\/wp\/v2\/pages\/542939","targetHints":{"allow":["GET"]}}],"collection":[{"href":"https:\/\/www.homewizard.com\/da\/wp-json\/wp\/v2\/pages"}],"about":[{"href":"https:\/\/www.homewizard.com\/da\/wp-json\/wp\/v2\/types\/page"}],"author":[{"embeddable":true,"href":"https:\/\/www.homewizard.com\/da\/wp-json\/wp\/v2\/users\/1"}],"replies":[{"embeddable":true,"href":"https:\/\/www.homewizard.com\/da\/wp-json\/wp\/v2\/comments?post=542939"}],"version-history":[{"count":1,"href":"https:\/\/www.homewizard.com\/da\/wp-json\/wp\/v2\/pages\/542939\/revisions"}],"predecessor-version":[{"id":542953,"href":"https:\/\/www.homewizard.com\/da\/wp-json\/wp\/v2\/pages\/542939\/revisions\/542953"}],"wp:attachment":[{"href":"https:\/\/www.homewizard.com\/da\/wp-json\/wp\/v2\/media?parent=542939"}],"curies":[{"name":"wp","href":"https:\/\/api.w.org\/{rel}","templated":true}]}}