{"id":542886,"date":"2024-01-08T16:49:40","date_gmt":"2024-01-08T15:49:40","guid":{"rendered":"https:\/\/www.homewizard.com\/kwh-meter-vaelger\/"},"modified":"2024-01-08T16:49:55","modified_gmt":"2024-01-08T15:49:55","slug":"kwh-meter-vaelger","status":"publish","type":"page","link":"https:\/\/www.homewizard.com\/da\/kwh-meter-vaelger\/","title":{"rendered":"kWh Meter v\u00e6lger"},"content":{"rendered":"<p class=\"before_arrow eplus-wrapper eplus-styles-uid-2ee8e5\"><a href=\"https:\/\/www.homewizard.com\/kwh-meter\/\">kWh-m\u00e5ler<\/a><\/p><div class=\"wp-block-group eplus-wrapper eplus-styles-uid-f69c24\"><div class=\"wp-block-group__inner-container is-layout-flow wp-block-group-is-layout-flow\">\n<h2 class=\"eplus-wrapper wp-block-heading\">V\u00e6lg din kWh-m\u00e5ler.<\/h2>\n\n\n<div class=\"woocommerce columns-2 \"><ul class=\"products columns-2\">\n<li class=\"product type-product post-542949 status-publish first instock product_cat-alle product_cat-produkter-da has-post-thumbnail taxable shipping-taxable purchasable product-type-simple small-12 large-6 columns thb-listing-index-1\">\n\t\t<div class=\"thb-product-inner-wrapper\">\n\t\t<figure class=\"product-thumbnail\">\n\t<a href=\"https:\/\/www.homewizard.com\/da\/butik\/wi-fi-kwh-meter-1-phase\/\" class=\"woocommerce-LoopProduct-link woocommerce-loop-product__link\"><img loading=\"lazy\" decoding=\"async\" width=\"500\" height=\"500\" src=\"https:\/\/www.homewizard.com\/wp-content\/uploads\/2021\/12\/kWh-Meter-1-phase-HW-shop-500x500.png\" class=\"attachment-woocommerce_thumbnail size-woocommerce_thumbnail\" alt=\"Wi-Fi kWh Meter 1-phase MID\" srcset=\"https:\/\/www.homewizard.com\/wp-content\/uploads\/2021\/12\/kWh-Meter-1-phase-HW-shop-500x500.png 500w, https:\/\/www.homewizard.com\/wp-content\/uploads\/2021\/12\/kWh-Meter-1-phase-HW-shop-300x300.png 300w, https:\/\/www.homewizard.com\/wp-content\/uploads\/2021\/12\/kWh-Meter-1-phase-HW-shop-150x150.png 150w, https:\/\/www.homewizard.com\/wp-content\/uploads\/2021\/12\/kWh-Meter-1-phase-HW-shop-124x124.png 124w\" sizes=\"auto, (max-width: 500px) 100vw, 500px\" \/><\/a>\t\t<\/figure>\n\t<div class=\"thb-product-inner-content\">\n\t\t<h2 class=\"woocommerce-loop-product__title\"><a href=\"https:\/\/www.homewizard.com\/da\/butik\/wi-fi-kwh-meter-1-phase\/\" title=\"Wi-Fi kWh Meter 1-phase MID\">Wi-Fi kWh Meter 1-phase MID<\/a><\/h2>\n\t\n\t<span class=\"price\"><span class=\"woocommerce-Price-amount amount\"><bdi>449&nbsp;<span class=\"woocommerce-Price-currencySymbol\">kr.<\/span><\/bdi><\/span><\/span>\n<p>M\u00e5l solpaneler, billadere med mere.<\/p>\n<a href=\"\/da\/wp-json\/wp\/v2\/pages\/542886?add-to-cart=542949\" aria-describedby=\"woocommerce_loop_add_to_cart_link_describedby_542949\" data-quantity=\"1\" class=\"button product_type_simple add_to_cart_button ajax_add_to_cart\" data-product_id=\"542949\" data-product_sku=\"HWE-KWH1\" aria-label=\"L\u00e6g i kurv: &ldquo;Wi-Fi kWh Meter 1-phase MID&rdquo;\" rel=\"nofollow\" data-success_message=\"&ldquo;Wi-Fi kWh Meter 1-phase MID&rdquo; er blevet tilf\u00f8jet til din kurv\">Tilf\u00f8j til indk\u00f8bsvogn<\/a>\t<span id=\"woocommerce_loop_add_to_cart_link_describedby_542949\" class=\"screen-reader-text\">\n\t\t\t<\/span>\n<span class=\"gtm4wp_productdata\" style=\"display:none; visibility:hidden;\" data-gtm4wp_product_data=\"{&quot;internal_id&quot;:542949,&quot;item_id&quot;:542949,&quot;item_name&quot;:&quot;Wi-Fi kWh Meter 1-phase MID&quot;,&quot;sku&quot;:&quot;HWE-KWH1&quot;,&quot;price&quot;:449,&quot;stocklevel&quot;:2393,&quot;stockstatus&quot;:&quot;instock&quot;,&quot;google_business_vertical&quot;:&quot;retail&quot;,&quot;item_category&quot;:&quot;Alle&quot;,&quot;id&quot;:&quot;woocommerce_gpf542949&quot;,&quot;productlink&quot;:&quot;https:\\\/\\\/www.homewizard.com\\\/da\\\/butik\\\/wi-fi-kwh-meter-1-phase\\\/&quot;,&quot;item_list_name&quot;:&quot;General Product List&quot;,&quot;index&quot;:1,&quot;product_type&quot;:&quot;simple&quot;,&quot;item_brand&quot;:&quot;&quot;}\"><\/span>\t\t<\/div>\n\t<\/div>\n\t<\/li>\n<li class=\"product type-product post-542979 status-publish last instock product_cat-alle product_cat-produkter-da has-post-thumbnail taxable shipping-taxable purchasable product-type-simple small-12 large-6 columns thb-listing-index-2\">\n\t\t<div class=\"thb-product-inner-wrapper\">\n\t\t<figure class=\"product-thumbnail\">\n\t<a href=\"https:\/\/www.homewizard.com\/da\/butik\/wi-fi-kwh-meter-3-phase\/\" class=\"woocommerce-LoopProduct-link woocommerce-loop-product__link\"><img loading=\"lazy\" decoding=\"async\" width=\"500\" height=\"500\" src=\"https:\/\/www.homewizard.com\/wp-content\/uploads\/2021\/12\/kWh-Meter-3-phase-HW-shop-500x500.png\" class=\"attachment-woocommerce_thumbnail size-woocommerce_thumbnail\" alt=\"Wi-Fi kWh Meter 3-phase MID\" srcset=\"https:\/\/www.homewizard.com\/wp-content\/uploads\/2021\/12\/kWh-Meter-3-phase-HW-shop-500x500.png 500w, https:\/\/www.homewizard.com\/wp-content\/uploads\/2021\/12\/kWh-Meter-3-phase-HW-shop-300x300.png 300w, https:\/\/www.homewizard.com\/wp-content\/uploads\/2021\/12\/kWh-Meter-3-phase-HW-shop-150x150.png 150w, https:\/\/www.homewizard.com\/wp-content\/uploads\/2021\/12\/kWh-Meter-3-phase-HW-shop-124x124.png 124w\" sizes=\"auto, (max-width: 500px) 100vw, 500px\" \/><\/a>\t\t<\/figure>\n\t<div class=\"thb-product-inner-content\">\n\t\t<h2 class=\"woocommerce-loop-product__title\"><a href=\"https:\/\/www.homewizard.com\/da\/butik\/wi-fi-kwh-meter-3-phase\/\" title=\"Wi-Fi kWh Meter 3-phase MID\">Wi-Fi kWh Meter 3-phase MID<\/a><\/h2>\n\t\n\t<span class=\"price\"><span class=\"woocommerce-Price-amount amount\"><bdi>969&nbsp;<span class=\"woocommerce-Price-currencySymbol\">kr.<\/span><\/bdi><\/span><\/span>\n<p>M\u00e5l solpaneler, billadere med mere.<\/p>\n<a href=\"\/da\/wp-json\/wp\/v2\/pages\/542886?add-to-cart=542979\" aria-describedby=\"woocommerce_loop_add_to_cart_link_describedby_542979\" data-quantity=\"1\" class=\"button product_type_simple add_to_cart_button ajax_add_to_cart\" data-product_id=\"542979\" data-product_sku=\"HWE-KWH3\" aria-label=\"L\u00e6g i kurv: &ldquo;Wi-Fi kWh Meter 3-phase MID&rdquo;\" rel=\"nofollow\" data-success_message=\"&ldquo;Wi-Fi kWh Meter 3-phase MID&rdquo; er blevet tilf\u00f8jet til din kurv\">Tilf\u00f8j til indk\u00f8bsvogn<\/a>\t<span id=\"woocommerce_loop_add_to_cart_link_describedby_542979\" class=\"screen-reader-text\">\n\t\t\t<\/span>\n<span class=\"gtm4wp_productdata\" style=\"display:none; visibility:hidden;\" data-gtm4wp_product_data=\"{&quot;internal_id&quot;:542979,&quot;item_id&quot;:542979,&quot;item_name&quot;:&quot;Wi-Fi kWh Meter 3-phase MID&quot;,&quot;sku&quot;:&quot;HWE-KWH3&quot;,&quot;price&quot;:969,&quot;stocklevel&quot;:616,&quot;stockstatus&quot;:&quot;instock&quot;,&quot;google_business_vertical&quot;:&quot;retail&quot;,&quot;item_category&quot;:&quot;Produkter&quot;,&quot;id&quot;:&quot;woocommerce_gpf542979&quot;,&quot;productlink&quot;:&quot;https:\\\/\\\/www.homewizard.com\\\/da\\\/butik\\\/wi-fi-kwh-meter-3-phase\\\/&quot;,&quot;item_list_name&quot;:&quot;General Product List&quot;,&quot;index&quot;:2,&quot;product_type&quot;:&quot;simple&quot;,&quot;item_brand&quot;:&quot;&quot;}\"><\/span>\t\t<\/div>\n\t<\/div>\n\t<\/li>\n<\/ul>\n<\/div>\n<\/div><\/div>","protected":false},"excerpt":{"rendered":"<p>kWh-m\u00e5ler V\u00e6lg din kWh-m\u00e5ler.<\/p>\n","protected":false},"author":1,"featured_media":0,"parent":0,"menu_order":0,"comment_status":"closed","ping_status":"closed","template":"","meta":{"_acf_changed":false,"editor_plus_copied_stylings":"{}","footnotes":""},"class_list":["post-542886","page","type-page","status-publish","hentry"],"acf":[],"yoast_head":"<!-- This site is optimized with the Yoast SEO plugin v27.0 - https:\/\/yoast.com\/product\/yoast-seo-wordpress\/ -->\n<title>V\u00e6lg din kWh Meter her - HomeWizard<\/title>\n<meta name=\"description\" content=\"Ikke sikker p\u00e5, hvilken kWh Meter du har brug for? Se vores forskellige typer her og bestil den rigtigt kWh Meter med det samme!\" \/>\n<meta name=\"robots\" content=\"index, follow, max-snippet:-1, max-image-preview:large, max-video-preview:-1\" \/>\n<link rel=\"canonical\" href=\"https:\/\/www.homewizard.com\/da\/kwh-meter-vaelger\/\" \/>\n<meta property=\"og:locale\" content=\"da_DK\" \/>\n<meta property=\"og:type\" content=\"article\" \/>\n<meta property=\"og:title\" content=\"V\u00e6lg din kWh Meter her - HomeWizard\" \/>\n<meta property=\"og:description\" content=\"Ikke sikker p\u00e5, hvilken kWh Meter du har brug for? Se vores forskellige typer her og bestil den rigtigt kWh Meter med det samme!\" \/>\n<meta property=\"og:url\" content=\"https:\/\/www.homewizard.com\/da\/kwh-meter-vaelger\/\" \/>\n<meta property=\"og:site_name\" content=\"HomeWizard\" \/>\n<meta property=\"article:publisher\" content=\"https:\/\/www.facebook.com\/HomeWizardBV\/\" \/>\n<meta property=\"article:modified_time\" content=\"2024-01-08T15:49:55+00:00\" \/>\n<meta name=\"twitter:card\" content=\"summary_large_image\" \/>\n<meta name=\"twitter:site\" content=\"@HomeWizard_NL\" \/>\n<script type=\"application\/ld+json\" class=\"yoast-schema-graph\">{\"@context\":\"https:\/\/schema.org\",\"@graph\":[{\"@type\":\"WebPage\",\"@id\":\"https:\/\/www.homewizard.com\/da\/kwh-meter-vaelger\/\",\"url\":\"https:\/\/www.homewizard.com\/da\/kwh-meter-vaelger\/\",\"name\":\"V\u00e6lg din kWh Meter her - HomeWizard\",\"isPartOf\":{\"@id\":\"https:\/\/www.homewizard.com\/da\/#website\"},\"datePublished\":\"2024-01-08T15:49:40+00:00\",\"dateModified\":\"2024-01-08T15:49:55+00:00\",\"description\":\"Ikke sikker p\u00e5, hvilken kWh Meter du har brug for? Se vores forskellige typer her og bestil den rigtigt kWh Meter med det samme!\",\"breadcrumb\":{\"@id\":\"https:\/\/www.homewizard.com\/da\/kwh-meter-vaelger\/#breadcrumb\"},\"inLanguage\":\"da-DK\",\"potentialAction\":[{\"@type\":\"ReadAction\",\"target\":[\"https:\/\/www.homewizard.com\/da\/kwh-meter-vaelger\/\"]}]},{\"@type\":\"BreadcrumbList\",\"@id\":\"https:\/\/www.homewizard.com\/da\/kwh-meter-vaelger\/#breadcrumb\",\"itemListElement\":[{\"@type\":\"ListItem\",\"position\":1,\"name\":\"Home\",\"item\":\"https:\/\/www.homewizard.com\/da\/\"},{\"@type\":\"ListItem\",\"position\":2,\"name\":\"kWh Meter v\u00e6lger\"}]},{\"@type\":\"WebSite\",\"@id\":\"https:\/\/www.homewizard.com\/da\/#website\",\"url\":\"https:\/\/www.homewizard.com\/da\/\",\"name\":\"HomeWizard\",\"description\":\"HomeWizard Energy\",\"publisher\":{\"@id\":\"https:\/\/www.homewizard.com\/da\/#organization\"},\"potentialAction\":[{\"@type\":\"SearchAction\",\"target\":{\"@type\":\"EntryPoint\",\"urlTemplate\":\"https:\/\/www.homewizard.com\/da\/?s={search_term_string}\"},\"query-input\":{\"@type\":\"PropertyValueSpecification\",\"valueRequired\":true,\"valueName\":\"search_term_string\"}}],\"inLanguage\":\"da-DK\"},{\"@type\":\"Organization\",\"@id\":\"https:\/\/www.homewizard.com\/da\/#organization\",\"name\":\"HomeWizard\",\"url\":\"https:\/\/www.homewizard.com\/da\/\",\"logo\":{\"@type\":\"ImageObject\",\"inLanguage\":\"da-DK\",\"@id\":\"https:\/\/www.homewizard.com\/da\/#\/schema\/logo\/image\/\",\"url\":\"https:\/\/www.homewizard.com\/wp-content\/uploads\/2023\/06\/HomeWizard-icon-on-black.png\",\"contentUrl\":\"https:\/\/www.homewizard.com\/wp-content\/uploads\/2023\/06\/HomeWizard-icon-on-black.png\",\"width\":500,\"height\":500,\"caption\":\"HomeWizard\"},\"image\":{\"@id\":\"https:\/\/www.homewizard.com\/da\/#\/schema\/logo\/image\/\"},\"sameAs\":[\"https:\/\/www.facebook.com\/HomeWizardBV\/\",\"https:\/\/x.com\/HomeWizard_NL\",\"https:\/\/www.youtube.com\/HomeWizardBV\",\"https:\/\/www.instagram.com\/homewizardenergy\/\"]}]}<\/script>\n<!-- \/ Yoast SEO plugin. -->","yoast_head_json":{"title":"V\u00e6lg din kWh Meter her - HomeWizard","description":"Ikke sikker p\u00e5, hvilken kWh Meter du har brug for? Se vores forskellige typer her og bestil den rigtigt kWh Meter med det samme!","robots":{"index":"index","follow":"follow","max-snippet":"max-snippet:-1","max-image-preview":"max-image-preview:large","max-video-preview":"max-video-preview:-1"},"canonical":"https:\/\/www.homewizard.com\/da\/kwh-meter-vaelger\/","og_locale":"da_DK","og_type":"article","og_title":"V\u00e6lg din kWh Meter her - HomeWizard","og_description":"Ikke sikker p\u00e5, hvilken kWh Meter du har brug for? Se vores forskellige typer her og bestil den rigtigt kWh Meter med det samme!","og_url":"https:\/\/www.homewizard.com\/da\/kwh-meter-vaelger\/","og_site_name":"HomeWizard","article_publisher":"https:\/\/www.facebook.com\/HomeWizardBV\/","article_modified_time":"2024-01-08T15:49:55+00:00","twitter_card":"summary_large_image","twitter_site":"@HomeWizard_NL","schema":{"@context":"https:\/\/schema.org","@graph":[{"@type":"WebPage","@id":"https:\/\/www.homewizard.com\/da\/kwh-meter-vaelger\/","url":"https:\/\/www.homewizard.com\/da\/kwh-meter-vaelger\/","name":"V\u00e6lg din kWh Meter her - HomeWizard","isPartOf":{"@id":"https:\/\/www.homewizard.com\/da\/#website"},"datePublished":"2024-01-08T15:49:40+00:00","dateModified":"2024-01-08T15:49:55+00:00","description":"Ikke sikker p\u00e5, hvilken kWh Meter du har brug for? Se vores forskellige typer her og bestil den rigtigt kWh Meter med det samme!","breadcrumb":{"@id":"https:\/\/www.homewizard.com\/da\/kwh-meter-vaelger\/#breadcrumb"},"inLanguage":"da-DK","potentialAction":[{"@type":"ReadAction","target":["https:\/\/www.homewizard.com\/da\/kwh-meter-vaelger\/"]}]},{"@type":"BreadcrumbList","@id":"https:\/\/www.homewizard.com\/da\/kwh-meter-vaelger\/#breadcrumb","itemListElement":[{"@type":"ListItem","position":1,"name":"Home","item":"https:\/\/www.homewizard.com\/da\/"},{"@type":"ListItem","position":2,"name":"kWh Meter v\u00e6lger"}]},{"@type":"WebSite","@id":"https:\/\/www.homewizard.com\/da\/#website","url":"https:\/\/www.homewizard.com\/da\/","name":"HomeWizard","description":"HomeWizard Energy","publisher":{"@id":"https:\/\/www.homewizard.com\/da\/#organization"},"potentialAction":[{"@type":"SearchAction","target":{"@type":"EntryPoint","urlTemplate":"https:\/\/www.homewizard.com\/da\/?s={search_term_string}"},"query-input":{"@type":"PropertyValueSpecification","valueRequired":true,"valueName":"search_term_string"}}],"inLanguage":"da-DK"},{"@type":"Organization","@id":"https:\/\/www.homewizard.com\/da\/#organization","name":"HomeWizard","url":"https:\/\/www.homewizard.com\/da\/","logo":{"@type":"ImageObject","inLanguage":"da-DK","@id":"https:\/\/www.homewizard.com\/da\/#\/schema\/logo\/image\/","url":"https:\/\/www.homewizard.com\/wp-content\/uploads\/2023\/06\/HomeWizard-icon-on-black.png","contentUrl":"https:\/\/www.homewizard.com\/wp-content\/uploads\/2023\/06\/HomeWizard-icon-on-black.png","width":500,"height":500,"caption":"HomeWizard"},"image":{"@id":"https:\/\/www.homewizard.com\/da\/#\/schema\/logo\/image\/"},"sameAs":["https:\/\/www.facebook.com\/HomeWizardBV\/","https:\/\/x.com\/HomeWizard_NL","https:\/\/www.youtube.com\/HomeWizardBV","https:\/\/www.instagram.com\/homewizardenergy\/"]}]}},"_links":{"self":[{"href":"https:\/\/www.homewizard.com\/da\/wp-json\/wp\/v2\/pages\/542886","targetHints":{"allow":["GET"]}}],"collection":[{"href":"https:\/\/www.homewizard.com\/da\/wp-json\/wp\/v2\/pages"}],"about":[{"href":"https:\/\/www.homewizard.com\/da\/wp-json\/wp\/v2\/types\/page"}],"author":[{"embeddable":true,"href":"https:\/\/www.homewizard.com\/da\/wp-json\/wp\/v2\/users\/1"}],"replies":[{"embeddable":true,"href":"https:\/\/www.homewizard.com\/da\/wp-json\/wp\/v2\/comments?post=542886"}],"version-history":[{"count":1,"href":"https:\/\/www.homewizard.com\/da\/wp-json\/wp\/v2\/pages\/542886\/revisions"}],"predecessor-version":[{"id":542888,"href":"https:\/\/www.homewizard.com\/da\/wp-json\/wp\/v2\/pages\/542886\/revisions\/542888"}],"wp:attachment":[{"href":"https:\/\/www.homewizard.com\/da\/wp-json\/wp\/v2\/media?parent=542886"}],"curies":[{"name":"wp","href":"https:\/\/api.w.org\/{rel}","templated":true}]}}