{"id":1840781,"date":"2025-11-24T14:52:40","date_gmt":"2025-11-24T13:52:40","guid":{"rendered":"https:\/\/www.homewizard.com\/?page_id=1840781"},"modified":"2025-12-04T16:33:09","modified_gmt":"2025-12-04T15:33:09","slug":"green-friday","status":"publish","type":"page","link":"https:\/\/www.homewizard.com\/da\/green-friday\/","title":{"rendered":"Green Friday"},"content":{"rendered":"\n<p class=\" eplus-wrapper\"><\/p>\n\n\n<div class=\"contained_page wp-block-group eplus-wrapper eplus-styles-uid-ec1651\"><div class=\"wp-block-group__inner-container is-layout-constrained wp-block-group-is-layout-constrained\">\n<style>\n.green-friday-gradient {\n  font-family: 'Poppins', sans-serif;\n  font-weight: 600;\n  font-size: 56px;\n  line-height: 1.1;\n  margin: 0;\n\n  background: linear-gradient(135deg, #20F29B 0%, #02DACE 100%);\n  -webkit-background-clip: text;\n  -webkit-text-fill-color: transparent;\n  background-clip: text;\n  color: transparent;\n}\n<\/style>\n\n<h1 class=\"green-friday-gradient\">Green Friday.<\/h1>\n\n\n<div class=\"flex-column wp-block-columns eplus-wrapper is-layout-flex wp-container-core-columns-is-layout-9d6595d7 wp-block-columns-is-layout-flex eplus-styles-uid-392798\">\n<div class=\"wp-block-column is-vertically-aligned-top eplus-wrapper is-layout-flow wp-block-column-is-layout-flow\" style=\"flex-basis:66.66%\">\n<p class=\" eplus-wrapper\">Kampagnen er slut, men det er selvf\u00f8lgelig smart at h\u00e5ndtere energi hele \u00e5ret. Opdag vores brugervenlige og prisvenlige produkter, og f\u00e5 mere ud af din energi.<br><\/p>\n\n\n\n<h3 class=\" wp-block-heading eplus-wrapper\">Spar smart og b\u00e6redygtigt.<\/h3>\n\n\n\n<p class=\" eplus-wrapper\">Hos HomeWizard handler det ikke om store rabatter, men om smarte og b\u00e6redygtige valg, der g\u00f8r en reel forskel. Energisparing skal v\u00e6re enkelt og til at betale. Derfor laver vi ikke Black Friday, men Green Friday. Scroll ned og se, hvordan du kan spare energi p\u00e5 en gr\u00f8nnere m\u00e5de.<br><br><\/p>\n<\/div>\n\n\n<div class=\"wp-block-column is-vertically-aligned-center eplus-wrapper is-layout-flow wp-block-column-is-layout-flow eplus-styles-uid-9462ad\" style=\"flex-basis:33.33%\"><div class=\"wp-block-image \">\n<figure class=\"aligncenter size-full is-resized eplus-wrapper\"><img loading=\"lazy\" decoding=\"async\" width=\"800\" height=\"548\" src=\"https:\/\/cdn.homewizard.com\/wp-content\/uploads\/2025\/11\/Green-Friday-icon.webp\" alt=\"\" class=\"wp-image-1839417\" style=\"width:283px;height:auto\" srcset=\"https:\/\/www.homewizard.com\/wp-content\/uploads\/2025\/11\/Green-Friday-icon.webp 800w, https:\/\/www.homewizard.com\/wp-content\/uploads\/2025\/11\/Green-Friday-icon-300x206.webp 300w, https:\/\/www.homewizard.com\/wp-content\/uploads\/2025\/11\/Green-Friday-icon-768x526.webp 768w\" sizes=\"auto, (max-width: 800px) 100vw, 800px\" \/><\/figure>\n<\/div><\/div><\/div>\n\n<div class=\"flex-column wp-block-columns eplus-wrapper is-layout-flex wp-container-core-columns-is-layout-9d6595d7 wp-block-columns-is-layout-flex eplus-styles-uid-66822c\"><div class=\"wp-block-column is-vertically-aligned-center eplus-wrapper is-layout-flow wp-block-column-is-layout-flow eplus-styles-uid-9462ad\" style=\"flex-basis:50%\"><div class=\"wp-block-image \">\n<figure class=\"aligncenter size-full eplus-wrapper\"><img loading=\"lazy\" decoding=\"async\" width=\"800\" height=\"548\" src=\"https:\/\/cdn.homewizard.com\/wp-content\/uploads\/2025\/11\/Green-Friday-product-family-no-gass.webp\" alt=\"\" class=\"wp-image-1843075\" srcset=\"https:\/\/www.homewizard.com\/wp-content\/uploads\/2025\/11\/Green-Friday-product-family-no-gass.webp 800w, https:\/\/www.homewizard.com\/wp-content\/uploads\/2025\/11\/Green-Friday-product-family-no-gass-300x206.webp 300w, https:\/\/www.homewizard.com\/wp-content\/uploads\/2025\/11\/Green-Friday-product-family-no-gass-768x526.webp 768w\" sizes=\"auto, (max-width: 800px) 100vw, 800px\" \/><\/figure>\n<\/div><\/div>\n\n\n<div class=\"wp-block-column is-vertically-aligned-top eplus-wrapper is-layout-flow wp-block-column-is-layout-flow\" style=\"flex-basis:50%\">\n<h2 class=\" wp-block-heading eplus-wrapper\"><strong><strong>Gratis Levering<\/strong><\/strong>.<\/h2>\n\n\n\n<p class=\" eplus-wrapper\">Vi g\u00f8r det nemmere for alle at spare energi denne Green Friday. Nyd gratis levering i webshoppen frem til mandag den 1. december. Find skjulte str\u00f8mslugere med <a href=\"https:\/\/www.homewizard.com\/da\/energy-socket\/\">Energy Socket<\/a>, eller f\u00e5 et <a href=\"https:\/\/www.homewizard.com\/da\/energy-display\/\">Energy Display<\/a> og se, hvad der sker i hjemmet \u2013 uden at tage telefonen frem.<\/p>\n\n\n<div class=\"wp-block-buttons eplus-wrapper is-layout-flex wp-block-buttons-is-layout-flex eplus-styles-uid-2da7fd\"><div class=\"button_outline is-style-fill wp-block-button eplus-wrapper eplus-styles-uid-6b6c0f\"><a class=\"wp-block-button__link wp-element-button\" href=\"https:\/\/www.homewizard.com\/da\/butik\/\" style=\"border-radius:10px\">Shop Green Friday<\/a><\/div><\/div><\/div>\n<\/div>\n\n<div class=\"flex-column-reverse wp-block-columns eplus-wrapper is-layout-flex wp-container-core-columns-is-layout-9d6595d7 wp-block-columns-is-layout-flex eplus-styles-uid-2d9aae\">\n<div class=\"wp-block-column eplus-wrapper is-layout-flow wp-block-column-is-layout-flow\" style=\"flex-basis:50%\">\n<h2 class=\" wp-block-heading eplus-wrapper\"><strong>Efterlad noget gr\u00f8nt<\/strong>.<\/h2>\n\n\n\n<p class=\" eplus-wrapper\">Denne Green Friday giver vi noget tilbage til naturen. For hvert k\u00f8b investerer vi i genopbygning af tropisk skov og levesteder p\u00e5 Borneo gennem <em>Trees for All<\/em>. Du g\u00f8r ikke kun dit eget hjem gr\u00f8nnere, men ogs\u00e5 verden.<\/p>\n\n\n<div class=\"wp-block-buttons eplus-wrapper is-layout-flex wp-block-buttons-is-layout-flex eplus-styles-uid-2da7fd\"><div class=\"button_outline is-style-fill wp-block-button eplus-wrapper eplus-styles-uid-5f18bd\"><a class=\"wp-block-button__link wp-element-button\" href=\"https:\/\/www.homewizard.com\/da\/butik\/\" style=\"border-radius:10px\">Shop nu<\/a><\/div><\/div><\/div>\n\n\n<div class=\"wp-block-column is-vertically-aligned-center eplus-wrapper is-layout-flow wp-block-column-is-layout-flow eplus-styles-uid-9462ad\" style=\"flex-basis:50%\"><div class=\"wp-block-image \">\n<figure class=\"aligncenter size-full eplus-wrapper\"><img loading=\"lazy\" decoding=\"async\" width=\"800\" height=\"548\" src=\"https:\/\/cdn.homewizard.com\/wp-content\/uploads\/2025\/11\/Green-Friday-Trees-in-Borneo-1.webp\" alt=\"\" class=\"wp-image-1838174\" srcset=\"https:\/\/www.homewizard.com\/wp-content\/uploads\/2025\/11\/Green-Friday-Trees-in-Borneo-1.webp 800w, https:\/\/www.homewizard.com\/wp-content\/uploads\/2025\/11\/Green-Friday-Trees-in-Borneo-1-300x206.webp 300w, https:\/\/www.homewizard.com\/wp-content\/uploads\/2025\/11\/Green-Friday-Trees-in-Borneo-1-768x526.webp 768w\" sizes=\"auto, (max-width: 800px) 100vw, 800px\" \/><\/figure>\n<\/div><\/div><\/div>\n\n<div class=\"wp-block-group eplus-wrapper eplus-styles-uid-5dfa20\"><div class=\"wp-block-group__inner-container is-layout-flow wp-block-group-is-layout-flow\">\n<h2 class=\" wp-block-heading eplus-wrapper\">Ofte stillede sp\u00f8rgsm\u00e5l.<\/h2>\n\n\n\n<h3 class=\" wp-block-heading eplus-wrapper\"><strong><strong>Hvor l\u00e6nge varer Green Friday-kampagnen?<\/strong><\/strong><\/h3>\n\n\n\n<p class=\" eplus-wrapper\">Green Friday hos HomeWizard varer <strong>til og med mandag den 1. december 2025<\/strong> (Cyber Monday). Fra tirsdag den 2. december g\u00e6lder gratis levering kun for ordrer over <strong>777 kr.<\/strong>, som s\u00e6dvanligt.<\/p>\n\n\n\n<h3 class=\" wp-block-heading eplus-wrapper\"><strong><strong>Hvad er leveringstiden?<\/strong><\/strong><\/h3>\n\n\n\n<p class=\" eplus-wrapper\">Vi behandler din ordre med det samme. Normalt bliver den pakket inden f\u00e5 minutter og sendt samme dag. Det kan tage lidt l\u00e6ngere hos fragtfirmaet p\u00e5 grund af Black Friday-travlhed. Du f\u00e5r et track-and-trace-link, n\u00e5r pakken er sendt. Leveringstiden er 1\u20133 dage i Nederlandene og Belgien og 2\u20137 hverdage i andre EU-lande. Forsendelser uden for EU kan tage lidt l\u00e6ngere p\u00e5 grund af regler og toldkontrol.<\/p>\n\n\n\n<h3 class=\" wp-block-heading eplus-wrapper\">Hvorfor ikke bare Black Friday?<\/h3>\n\n\n\n<p class=\" eplus-wrapper\">Hos HomeWizard handler det ikke om at k\u00f8be mere, men om at bruge energien smartere. Derfor v\u00e6lger vi Green Friday: en mulighed for at g\u00f8re b\u00e6redygtige valg lettere. Mindre spild, mere kontrol over energiforbruget. Det passer til vores mission om at bruge energi smartere sammen og blive mindre afh\u00e6ngige af fossile kilder.<\/p>\n\n\n\n<h3 class=\" wp-block-heading eplus-wrapper\"><strong><strong>Hvad indeb\u00e6rer samarbejdet med Trees for All?<\/strong><\/strong><\/h3>\n\n\n\n<p class=\" eplus-wrapper\">For hvert k\u00f8b under Green Friday donerer vi til <a href=\"https:\/\/treesforall.nl\/en\/\" target=\"_blank\" rel=\"noreferrer noopener\">Trees for All<\/a> og st\u00f8tter genplantning i Borneo. Dit k\u00f8b g\u00f8r verden gr\u00f8nnere\u2014b\u00e5de i hjemmet og ude i naturen. N\u00e5r kampagnen er slut, donerer vi op til 500 tr\u00e6er.<\/p>\n<\/div><\/div><\/div><\/div>","protected":false},"excerpt":{"rendered":"<p>Green Friday. Kampagnen er slut, men det er selvf\u00f8lgelig smart at h\u00e5ndtere energi hele \u00e5ret. Opdag vores brugervenlige og prisvenlige produkter, og f\u00e5 mere ud af din energi. Spar smart og b\u00e6redygtigt. Hos HomeWizard handler det ikke om store rabatter, men om smarte og b\u00e6redygtige valg, der g\u00f8r en reel forskel. Energisparing skal v\u00e6re enkelt&hellip;<\/p>\n","protected":false},"author":702268,"featured_media":0,"parent":0,"menu_order":0,"comment_status":"closed","ping_status":"closed","template":"","meta":{"_acf_changed":false,"editor_plus_copied_stylings":"{}","footnotes":""},"class_list":["post-1840781","page","type-page","status-publish","hentry"],"acf":[],"yoast_head":"<!-- This site is optimized with the Yoast SEO plugin v27.0 - https:\/\/yoast.com\/product\/yoast-seo-wordpress\/ -->\n<title>Black Friday 2025 hos HomeWizard<\/title>\n<meta name=\"description\" content=\"V\u00e6lg Green Friday i stedet for Black Friday hos HomeWizard. F\u00e5 gratis levering p\u00e5 alle produkter og v\u00e6r med til at genopbygge tropiske skove med hvert k\u00f8b.\" \/>\n<meta name=\"robots\" content=\"index, follow, max-snippet:-1, max-image-preview:large, max-video-preview:-1\" \/>\n<link rel=\"canonical\" href=\"https:\/\/www.homewizard.com\/da\/green-friday\/\" \/>\n<meta property=\"og:locale\" content=\"da_DK\" \/>\n<meta property=\"og:type\" content=\"article\" \/>\n<meta property=\"og:title\" content=\"Black Friday 2025 hos HomeWizard\" \/>\n<meta property=\"og:description\" content=\"V\u00e6lg Green Friday i stedet for Black Friday hos HomeWizard. F\u00e5 gratis levering p\u00e5 alle produkter og v\u00e6r med til at genopbygge tropiske skove med hvert k\u00f8b.\" \/>\n<meta property=\"og:url\" content=\"https:\/\/www.homewizard.com\/da\/green-friday\/\" \/>\n<meta property=\"og:site_name\" content=\"HomeWizard\" \/>\n<meta property=\"article:publisher\" content=\"https:\/\/www.facebook.com\/HomeWizardBV\/\" \/>\n<meta property=\"article:modified_time\" content=\"2025-12-04T15:33:09+00:00\" \/>\n<meta property=\"og:image\" content=\"https:\/\/www.homewizard.com\/wp-content\/uploads\/2025\/11\/Green-Friday-icon.webp\" \/>\n\t<meta property=\"og:image:width\" content=\"800\" \/>\n\t<meta property=\"og:image:height\" content=\"548\" \/>\n\t<meta property=\"og:image:type\" content=\"image\/webp\" \/>\n<meta name=\"twitter:card\" content=\"summary_large_image\" \/>\n<meta name=\"twitter:site\" content=\"@HomeWizard_NL\" \/>\n<meta name=\"twitter:label1\" content=\"Estimeret l\u00e6setid\" \/>\n\t<meta name=\"twitter:data1\" content=\"3 minutter\" \/>\n<script type=\"application\/ld+json\" class=\"yoast-schema-graph\">{\"@context\":\"https:\/\/schema.org\",\"@graph\":[{\"@type\":\"WebPage\",\"@id\":\"https:\/\/www.homewizard.com\/da\/green-friday\/\",\"url\":\"https:\/\/www.homewizard.com\/da\/green-friday\/\",\"name\":\"Black Friday 2025 hos HomeWizard\",\"isPartOf\":{\"@id\":\"https:\/\/www.homewizard.com\/da\/#website\"},\"primaryImageOfPage\":{\"@id\":\"https:\/\/www.homewizard.com\/da\/green-friday\/#primaryimage\"},\"image\":{\"@id\":\"https:\/\/www.homewizard.com\/da\/green-friday\/#primaryimage\"},\"thumbnailUrl\":\"https:\/\/cdn.homewizard.com\/wp-content\/uploads\/2025\/11\/Green-Friday-icon.webp\",\"datePublished\":\"2025-11-24T13:52:40+00:00\",\"dateModified\":\"2025-12-04T15:33:09+00:00\",\"description\":\"V\u00e6lg Green Friday i stedet for Black Friday hos HomeWizard. F\u00e5 gratis levering p\u00e5 alle produkter og v\u00e6r med til at genopbygge tropiske skove med hvert k\u00f8b.\",\"breadcrumb\":{\"@id\":\"https:\/\/www.homewizard.com\/da\/green-friday\/#breadcrumb\"},\"inLanguage\":\"da-DK\",\"potentialAction\":[{\"@type\":\"ReadAction\",\"target\":[\"https:\/\/www.homewizard.com\/da\/green-friday\/\"]}]},{\"@type\":\"ImageObject\",\"inLanguage\":\"da-DK\",\"@id\":\"https:\/\/www.homewizard.com\/da\/green-friday\/#primaryimage\",\"url\":\"https:\/\/cdn.homewizard.com\/wp-content\/uploads\/2025\/11\/Green-Friday-icon.webp\",\"contentUrl\":\"https:\/\/cdn.homewizard.com\/wp-content\/uploads\/2025\/11\/Green-Friday-icon.webp\"},{\"@type\":\"BreadcrumbList\",\"@id\":\"https:\/\/www.homewizard.com\/da\/green-friday\/#breadcrumb\",\"itemListElement\":[{\"@type\":\"ListItem\",\"position\":1,\"name\":\"Home\",\"item\":\"https:\/\/www.homewizard.com\/da\/\"},{\"@type\":\"ListItem\",\"position\":2,\"name\":\"Green Friday\"}]},{\"@type\":\"WebSite\",\"@id\":\"https:\/\/www.homewizard.com\/da\/#website\",\"url\":\"https:\/\/www.homewizard.com\/da\/\",\"name\":\"HomeWizard\",\"description\":\"HomeWizard Energy\",\"publisher\":{\"@id\":\"https:\/\/www.homewizard.com\/da\/#organization\"},\"potentialAction\":[{\"@type\":\"SearchAction\",\"target\":{\"@type\":\"EntryPoint\",\"urlTemplate\":\"https:\/\/www.homewizard.com\/da\/?s={search_term_string}\"},\"query-input\":{\"@type\":\"PropertyValueSpecification\",\"valueRequired\":true,\"valueName\":\"search_term_string\"}}],\"inLanguage\":\"da-DK\"},{\"@type\":\"Organization\",\"@id\":\"https:\/\/www.homewizard.com\/da\/#organization\",\"name\":\"HomeWizard\",\"url\":\"https:\/\/www.homewizard.com\/da\/\",\"logo\":{\"@type\":\"ImageObject\",\"inLanguage\":\"da-DK\",\"@id\":\"https:\/\/www.homewizard.com\/da\/#\/schema\/logo\/image\/\",\"url\":\"https:\/\/www.homewizard.com\/wp-content\/uploads\/2023\/06\/HomeWizard-icon-on-black.png\",\"contentUrl\":\"https:\/\/www.homewizard.com\/wp-content\/uploads\/2023\/06\/HomeWizard-icon-on-black.png\",\"width\":500,\"height\":500,\"caption\":\"HomeWizard\"},\"image\":{\"@id\":\"https:\/\/www.homewizard.com\/da\/#\/schema\/logo\/image\/\"},\"sameAs\":[\"https:\/\/www.facebook.com\/HomeWizardBV\/\",\"https:\/\/x.com\/HomeWizard_NL\",\"https:\/\/www.youtube.com\/HomeWizardBV\",\"https:\/\/www.instagram.com\/homewizardenergy\/\"]}]}<\/script>\n<!-- \/ Yoast SEO plugin. -->","yoast_head_json":{"title":"Black Friday 2025 hos HomeWizard","description":"V\u00e6lg Green Friday i stedet for Black Friday hos HomeWizard. F\u00e5 gratis levering p\u00e5 alle produkter og v\u00e6r med til at genopbygge tropiske skove med hvert k\u00f8b.","robots":{"index":"index","follow":"follow","max-snippet":"max-snippet:-1","max-image-preview":"max-image-preview:large","max-video-preview":"max-video-preview:-1"},"canonical":"https:\/\/www.homewizard.com\/da\/green-friday\/","og_locale":"da_DK","og_type":"article","og_title":"Black Friday 2025 hos HomeWizard","og_description":"V\u00e6lg Green Friday i stedet for Black Friday hos HomeWizard. F\u00e5 gratis levering p\u00e5 alle produkter og v\u00e6r med til at genopbygge tropiske skove med hvert k\u00f8b.","og_url":"https:\/\/www.homewizard.com\/da\/green-friday\/","og_site_name":"HomeWizard","article_publisher":"https:\/\/www.facebook.com\/HomeWizardBV\/","article_modified_time":"2025-12-04T15:33:09+00:00","og_image":[{"width":800,"height":548,"url":"https:\/\/www.homewizard.com\/wp-content\/uploads\/2025\/11\/Green-Friday-icon.webp","type":"image\/webp"}],"twitter_card":"summary_large_image","twitter_site":"@HomeWizard_NL","twitter_misc":{"Estimeret l\u00e6setid":"3 minutter"},"schema":{"@context":"https:\/\/schema.org","@graph":[{"@type":"WebPage","@id":"https:\/\/www.homewizard.com\/da\/green-friday\/","url":"https:\/\/www.homewizard.com\/da\/green-friday\/","name":"Black Friday 2025 hos HomeWizard","isPartOf":{"@id":"https:\/\/www.homewizard.com\/da\/#website"},"primaryImageOfPage":{"@id":"https:\/\/www.homewizard.com\/da\/green-friday\/#primaryimage"},"image":{"@id":"https:\/\/www.homewizard.com\/da\/green-friday\/#primaryimage"},"thumbnailUrl":"https:\/\/cdn.homewizard.com\/wp-content\/uploads\/2025\/11\/Green-Friday-icon.webp","datePublished":"2025-11-24T13:52:40+00:00","dateModified":"2025-12-04T15:33:09+00:00","description":"V\u00e6lg Green Friday i stedet for Black Friday hos HomeWizard. F\u00e5 gratis levering p\u00e5 alle produkter og v\u00e6r med til at genopbygge tropiske skove med hvert k\u00f8b.","breadcrumb":{"@id":"https:\/\/www.homewizard.com\/da\/green-friday\/#breadcrumb"},"inLanguage":"da-DK","potentialAction":[{"@type":"ReadAction","target":["https:\/\/www.homewizard.com\/da\/green-friday\/"]}]},{"@type":"ImageObject","inLanguage":"da-DK","@id":"https:\/\/www.homewizard.com\/da\/green-friday\/#primaryimage","url":"https:\/\/cdn.homewizard.com\/wp-content\/uploads\/2025\/11\/Green-Friday-icon.webp","contentUrl":"https:\/\/cdn.homewizard.com\/wp-content\/uploads\/2025\/11\/Green-Friday-icon.webp"},{"@type":"BreadcrumbList","@id":"https:\/\/www.homewizard.com\/da\/green-friday\/#breadcrumb","itemListElement":[{"@type":"ListItem","position":1,"name":"Home","item":"https:\/\/www.homewizard.com\/da\/"},{"@type":"ListItem","position":2,"name":"Green Friday"}]},{"@type":"WebSite","@id":"https:\/\/www.homewizard.com\/da\/#website","url":"https:\/\/www.homewizard.com\/da\/","name":"HomeWizard","description":"HomeWizard Energy","publisher":{"@id":"https:\/\/www.homewizard.com\/da\/#organization"},"potentialAction":[{"@type":"SearchAction","target":{"@type":"EntryPoint","urlTemplate":"https:\/\/www.homewizard.com\/da\/?s={search_term_string}"},"query-input":{"@type":"PropertyValueSpecification","valueRequired":true,"valueName":"search_term_string"}}],"inLanguage":"da-DK"},{"@type":"Organization","@id":"https:\/\/www.homewizard.com\/da\/#organization","name":"HomeWizard","url":"https:\/\/www.homewizard.com\/da\/","logo":{"@type":"ImageObject","inLanguage":"da-DK","@id":"https:\/\/www.homewizard.com\/da\/#\/schema\/logo\/image\/","url":"https:\/\/www.homewizard.com\/wp-content\/uploads\/2023\/06\/HomeWizard-icon-on-black.png","contentUrl":"https:\/\/www.homewizard.com\/wp-content\/uploads\/2023\/06\/HomeWizard-icon-on-black.png","width":500,"height":500,"caption":"HomeWizard"},"image":{"@id":"https:\/\/www.homewizard.com\/da\/#\/schema\/logo\/image\/"},"sameAs":["https:\/\/www.facebook.com\/HomeWizardBV\/","https:\/\/x.com\/HomeWizard_NL","https:\/\/www.youtube.com\/HomeWizardBV","https:\/\/www.instagram.com\/homewizardenergy\/"]}]}},"_links":{"self":[{"href":"https:\/\/www.homewizard.com\/da\/wp-json\/wp\/v2\/pages\/1840781","targetHints":{"allow":["GET"]}}],"collection":[{"href":"https:\/\/www.homewizard.com\/da\/wp-json\/wp\/v2\/pages"}],"about":[{"href":"https:\/\/www.homewizard.com\/da\/wp-json\/wp\/v2\/types\/page"}],"author":[{"embeddable":true,"href":"https:\/\/www.homewizard.com\/da\/wp-json\/wp\/v2\/users\/702268"}],"replies":[{"embeddable":true,"href":"https:\/\/www.homewizard.com\/da\/wp-json\/wp\/v2\/comments?post=1840781"}],"version-history":[{"count":10,"href":"https:\/\/www.homewizard.com\/da\/wp-json\/wp\/v2\/pages\/1840781\/revisions"}],"predecessor-version":[{"id":1907110,"href":"https:\/\/www.homewizard.com\/da\/wp-json\/wp\/v2\/pages\/1840781\/revisions\/1907110"}],"wp:attachment":[{"href":"https:\/\/www.homewizard.com\/da\/wp-json\/wp\/v2\/media?parent=1840781"}],"curies":[{"name":"wp","href":"https:\/\/api.w.org\/{rel}","templated":true}]}}